{"id":1023,"date":"2019-06-11T04:26:09","date_gmt":"2019-06-11T04:26:09","guid":{"rendered":"https:\/\/www.aunarepresentacoes.com.br\/?post_type=product&#038;p=1023"},"modified":"2022-04-22T04:12:49","modified_gmt":"2022-04-22T07:12:49","slug":"infiniivision-4000x","status":"publish","type":"product","link":"https:\/\/auna.com.br\/auna\/produto\/infiniivision-4000x\/","title":{"rendered":"InfiniiVision 4000X"},"content":{"rendered":"<p><strong>InfiniiVision 4000X Oscilosc\u00f3pio de Bancada<\/strong><\/p>\n<p>16 vers\u00f5es &#8211; DSOX com 2 ou 4 canais anal\u00f3gicos ou MSOX adicionando 16 canais digitais<br \/>\nLargura de Banda 200, 350, 500 MHz, 1 GHz e 1,5 GHz<br \/>\nTaxa de Amostragem m\u00e1xima 5 Gsa\/s<br \/>\nProfundidade de Mem\u00f3ria 4MPts<br \/>\nTaxa de atualiza\u00e7\u00e3o &gt;1 milh\u00e3o de formas de onda por segundo<\/p>\n<p><strong>Experimente a velocidade:<\/strong><br \/>\n&#8211; taxa de atualiza\u00e7\u00e3o de um milh\u00e3o de formas de onda por segundo<br \/>\n&#8211; tecnologia de mem\u00f3ria inteligente MegaZoom IV<br \/>\nmem\u00f3ria segmentada padr\u00e3o<\/p>\n<p><strong>Experimente a usabilidade:<\/strong><br \/>\n&#8211; primeira tela de toque capacitiva da ind\u00fastria<br \/>\n&#8211; maior tela da ind\u00fastria, com 12 polegadas<br \/>\n&#8211; disparo de toque e por regi\u00e3o InfiniiScan<\/p>\n<p><strong>Experimente a integra\u00e7\u00e3o:<\/strong><br \/>\n&#8211; 1\u00ba instrumento 5 em 1 da ind\u00fastria<br \/>\n&#8211; 1\u00ba primeiro instrumento completamente atualiz\u00e1vel, incluindo largura de banda at\u00e9<br \/>\n1,5 GHz<\/p>\n<p>Com a maior tela de toque capacitiva da ind\u00fastria, com 12,1 polegadas, voc\u00ea se surpreender\u00e1 ao descobrir como \u00e9 f\u00e1cil utilizar a s\u00e9rie 4000X. Ela \u00e9 &#8220;projetada para o toque&#8221;, para que voc\u00ea passe menos tempo configurando seu oscilosc\u00f3pio e mais tempo projetando e testando. Proporciona ainda m\u00e1xima prote\u00e7\u00e3o de seu investimento, com o instrumento integr\u00e1vel 5 em 1 completamente atualiz\u00e1vel.<\/p>\n<p>Aproveite recursos como o inovador disparo por toque e regi\u00e3o InfiniiScan Zone. Simplesmente desenhe uma caixa ao redor dos sinais de interesse e a s\u00e9rie 4000X cria o disparo para voc\u00ea. Se voc\u00ea pode ver, pode disparar.<\/p>\n<p>Anomalias e eventos esquivos s\u00e3o os mais dif\u00edceis de depurar. Com a tecnologia de mem\u00f3ria inteligente MegaZoom IV, a s\u00e9rie 4000X redefine sua experi\u00eancia com uma taxa de atualiza\u00e7\u00e3o l\u00edder da ind\u00fastria, com 1 milh\u00e3o de formas de onda por segundo, para que voc\u00ea veja mais do comportamento de seu sinal. A s\u00e9rie 4000X proporciona maior confian\u00e7a para seus projetos.<\/p>\n","protected":false},"excerpt":{"rendered":"<p>InfiniiVision 4000X Oscilosc\u00f3pio de Bancada 16 vers\u00f5es &#8211; DSOX com 2 ou 4 canais anal\u00f3gicos ou MSOX adicionando 16 canais digitais Largura de Banda 200, 350, 500 MHz, 1 GHz e 1,5 GHz Taxa de Amostragem m\u00e1xima 5 Gsa\/s Profundidade de Mem\u00f3ria 4MPts Taxa de atualiza\u00e7\u00e3o &gt;1 milh\u00e3o de formas de onda por segundo Experimente [&hellip;]<\/p>\n","protected":false},"featured_media":1024,"comment_status":"closed","ping_status":"closed","template":"","meta":[],"product_brand":[],"product_cat":[79],"product_tag":[],"wpstream_actors":[],"wpstream_category":[],"wpstream_movie_rating":[],"class_list":{"0":"post-1023","1":"product","2":"type-product","3":"status-publish","4":"has-post-thumbnail","6":"product_cat-osciloscopio-de-bancada","8":"first","9":"onbackorder","10":"taxable","11":"shipping-taxable","12":"product-type-simple","13":"czr-hentry"},"yoast_head":"<!-- This site is optimized with the Yoast SEO plugin v27.5 - https:\/\/yoast.com\/product\/yoast-seo-wordpress\/ -->\n<title>InfiniiVision 4000X - AUNA Metrologia e Instrumenta\u00e7\u00e3o - Instrumentos de Medi\u00e7\u00e3o, Sensores para Monitoramento e Software para Calibra\u00e7\u00e3o, Ensaio e Inspe\u00e7\u00e3o<\/title>\n<meta name=\"robots\" content=\"index, follow, max-snippet:-1, max-image-preview:large, max-video-preview:-1\" \/>\n<link rel=\"canonical\" href=\"https:\/\/auna.com.br\/auna\/produto\/infiniivision-4000x\/\" \/>\n<meta property=\"og:locale\" content=\"pt_BR\" \/>\n<meta property=\"og:type\" content=\"article\" \/>\n<meta property=\"og:title\" content=\"InfiniiVision 4000X - AUNA Metrologia e Instrumenta\u00e7\u00e3o - Instrumentos de Medi\u00e7\u00e3o, Sensores para Monitoramento e Software para Calibra\u00e7\u00e3o, Ensaio e Inspe\u00e7\u00e3o\" \/>\n<meta property=\"og:description\" content=\"InfiniiVision 4000X Oscilosc\u00f3pio de Bancada 16 vers\u00f5es &#8211; DSOX com 2 ou 4 canais anal\u00f3gicos ou MSOX adicionando 16 canais digitais Largura de Banda 200, 350, 500 MHz, 1 GHz e 1,5 GHz Taxa de Amostragem m\u00e1xima 5 Gsa\/s Profundidade de Mem\u00f3ria 4MPts Taxa de atualiza\u00e7\u00e3o &gt;1 milh\u00e3o de formas de onda por segundo Experimente [&hellip;]\" \/>\n<meta property=\"og:url\" content=\"https:\/\/auna.com.br\/auna\/produto\/infiniivision-4000x\/\" \/>\n<meta property=\"og:site_name\" content=\"AUNA Metrologia e Instrumenta\u00e7\u00e3o - Instrumentos de Medi\u00e7\u00e3o, Sensores para Monitoramento e Software para Calibra\u00e7\u00e3o, Ensaio e Inspe\u00e7\u00e3o\" \/>\n<meta property=\"article:modified_time\" content=\"2022-04-22T07:12:49+00:00\" \/>\n<meta property=\"og:image\" content=\"https:\/\/auna.com.br\/auna\/wp-content\/uploads\/2019\/06\/msox4034a_1_20121008_k.jpg\" \/>\n\t<meta property=\"og:image:width\" content=\"400\" \/>\n\t<meta property=\"og:image:height\" content=\"400\" \/>\n\t<meta property=\"og:image:type\" content=\"image\/jpeg\" \/>\n<meta name=\"twitter:card\" content=\"summary_large_image\" \/>\n<meta name=\"twitter:label1\" content=\"Est. tempo de leitura\" \/>\n\t<meta name=\"twitter:data1\" content=\"2 minutos\" \/>\n<script type=\"application\/ld+json\" class=\"yoast-schema-graph\">{\"@context\":\"https:\\\/\\\/schema.org\",\"@graph\":[{\"@type\":\"WebPage\",\"@id\":\"https:\\\/\\\/auna.com.br\\\/auna\\\/produto\\\/infiniivision-4000x\\\/\",\"url\":\"https:\\\/\\\/auna.com.br\\\/auna\\\/produto\\\/infiniivision-4000x\\\/\",\"name\":\"InfiniiVision 4000X - AUNA Metrologia e Instrumenta\u00e7\u00e3o - Instrumentos de Medi\u00e7\u00e3o, Sensores para Monitoramento e Software para Calibra\u00e7\u00e3o, Ensaio e Inspe\u00e7\u00e3o\",\"isPartOf\":{\"@id\":\"https:\\\/\\\/auna.com.br\\\/auna\\\/#website\"},\"primaryImageOfPage\":{\"@id\":\"https:\\\/\\\/auna.com.br\\\/auna\\\/produto\\\/infiniivision-4000x\\\/#primaryimage\"},\"image\":{\"@id\":\"https:\\\/\\\/auna.com.br\\\/auna\\\/produto\\\/infiniivision-4000x\\\/#primaryimage\"},\"thumbnailUrl\":\"https:\\\/\\\/auna.com.br\\\/auna\\\/wp-content\\\/uploads\\\/2019\\\/06\\\/msox4034a_1_20121008_k.jpg\",\"datePublished\":\"2019-06-11T04:26:09+00:00\",\"dateModified\":\"2022-04-22T07:12:49+00:00\",\"breadcrumb\":{\"@id\":\"https:\\\/\\\/auna.com.br\\\/auna\\\/produto\\\/infiniivision-4000x\\\/#breadcrumb\"},\"inLanguage\":\"pt-BR\",\"potentialAction\":[{\"@type\":\"ReadAction\",\"target\":[\"https:\\\/\\\/auna.com.br\\\/auna\\\/produto\\\/infiniivision-4000x\\\/\"]}]},{\"@type\":\"ImageObject\",\"inLanguage\":\"pt-BR\",\"@id\":\"https:\\\/\\\/auna.com.br\\\/auna\\\/produto\\\/infiniivision-4000x\\\/#primaryimage\",\"url\":\"https:\\\/\\\/auna.com.br\\\/auna\\\/wp-content\\\/uploads\\\/2019\\\/06\\\/msox4034a_1_20121008_k.jpg\",\"contentUrl\":\"https:\\\/\\\/auna.com.br\\\/auna\\\/wp-content\\\/uploads\\\/2019\\\/06\\\/msox4034a_1_20121008_k.jpg\",\"width\":400,\"height\":400},{\"@type\":\"BreadcrumbList\",\"@id\":\"https:\\\/\\\/auna.com.br\\\/auna\\\/produto\\\/infiniivision-4000x\\\/#breadcrumb\",\"itemListElement\":[{\"@type\":\"ListItem\",\"position\":1,\"name\":\"In\u00edcio\",\"item\":\"https:\\\/\\\/auna.com.br\\\/auna\\\/\"},{\"@type\":\"ListItem\",\"position\":2,\"name\":\"Instrumentos\",\"item\":\"https:\\\/\\\/auna.com.br\\\/auna\\\/loja\\\/\"},{\"@type\":\"ListItem\",\"position\":3,\"name\":\"InfiniiVision 4000X\"}]},{\"@type\":\"WebSite\",\"@id\":\"https:\\\/\\\/auna.com.br\\\/auna\\\/#website\",\"url\":\"https:\\\/\\\/auna.com.br\\\/auna\\\/\",\"name\":\"AUNA Metrologia e Instrumenta\u00e7\u00e3o - Instrumentos de Medi\u00e7\u00e3o, Sensores para Monitoramento e Software para Calibra\u00e7\u00e3o, Ensaio e Inspe\u00e7\u00e3o\",\"description\":\"comercial@auna.com.br || +55 15 9 8129-4041\",\"publisher\":{\"@id\":\"https:\\\/\\\/auna.com.br\\\/auna\\\/#organization\"},\"potentialAction\":[{\"@type\":\"SearchAction\",\"target\":{\"@type\":\"EntryPoint\",\"urlTemplate\":\"https:\\\/\\\/auna.com.br\\\/auna\\\/?s={search_term_string}\"},\"query-input\":{\"@type\":\"PropertyValueSpecification\",\"valueRequired\":true,\"valueName\":\"search_term_string\"}}],\"inLanguage\":\"pt-BR\"},{\"@type\":\"Organization\",\"@id\":\"https:\\\/\\\/auna.com.br\\\/auna\\\/#organization\",\"name\":\"AUNA Metrologia e Instrumenta\u00e7\u00e3o - Instrumentos de Medi\u00e7\u00e3o, Sensores para Monitoramento e Software para Calibra\u00e7\u00e3o, Ensaio e Inspe\u00e7\u00e3o\",\"url\":\"https:\\\/\\\/auna.com.br\\\/auna\\\/\",\"logo\":{\"@type\":\"ImageObject\",\"inLanguage\":\"pt-BR\",\"@id\":\"https:\\\/\\\/auna.com.br\\\/auna\\\/#\\\/schema\\\/logo\\\/image\\\/\",\"url\":\"https:\\\/\\\/auna.com.br\\\/auna\\\/wp-content\\\/uploads\\\/2023\\\/03\\\/cropped-AUNA_Logo_Transparente.png\",\"contentUrl\":\"https:\\\/\\\/auna.com.br\\\/auna\\\/wp-content\\\/uploads\\\/2023\\\/03\\\/cropped-AUNA_Logo_Transparente.png\",\"width\":960,\"height\":430,\"caption\":\"AUNA Metrologia e Instrumenta\u00e7\u00e3o - Instrumentos de Medi\u00e7\u00e3o, Sensores para Monitoramento e Software para Calibra\u00e7\u00e3o, Ensaio e Inspe\u00e7\u00e3o\"},\"image\":{\"@id\":\"https:\\\/\\\/auna.com.br\\\/auna\\\/#\\\/schema\\\/logo\\\/image\\\/\"}}]}<\/script>\n<!-- \/ Yoast SEO plugin. -->","yoast_head_json":{"title":"InfiniiVision 4000X - AUNA Metrologia e Instrumenta\u00e7\u00e3o - Instrumentos de Medi\u00e7\u00e3o, Sensores para Monitoramento e Software para Calibra\u00e7\u00e3o, Ensaio e Inspe\u00e7\u00e3o","robots":{"index":"index","follow":"follow","max-snippet":"max-snippet:-1","max-image-preview":"max-image-preview:large","max-video-preview":"max-video-preview:-1"},"canonical":"https:\/\/auna.com.br\/auna\/produto\/infiniivision-4000x\/","og_locale":"pt_BR","og_type":"article","og_title":"InfiniiVision 4000X - AUNA Metrologia e Instrumenta\u00e7\u00e3o - Instrumentos de Medi\u00e7\u00e3o, Sensores para Monitoramento e Software para Calibra\u00e7\u00e3o, Ensaio e Inspe\u00e7\u00e3o","og_description":"InfiniiVision 4000X Oscilosc\u00f3pio de Bancada 16 vers\u00f5es &#8211; DSOX com 2 ou 4 canais anal\u00f3gicos ou MSOX adicionando 16 canais digitais Largura de Banda 200, 350, 500 MHz, 1 GHz e 1,5 GHz Taxa de Amostragem m\u00e1xima 5 Gsa\/s Profundidade de Mem\u00f3ria 4MPts Taxa de atualiza\u00e7\u00e3o &gt;1 milh\u00e3o de formas de onda por segundo Experimente [&hellip;]","og_url":"https:\/\/auna.com.br\/auna\/produto\/infiniivision-4000x\/","og_site_name":"AUNA Metrologia e Instrumenta\u00e7\u00e3o - Instrumentos de Medi\u00e7\u00e3o, Sensores para Monitoramento e Software para Calibra\u00e7\u00e3o, Ensaio e Inspe\u00e7\u00e3o","article_modified_time":"2022-04-22T07:12:49+00:00","og_image":[{"width":400,"height":400,"url":"https:\/\/auna.com.br\/auna\/wp-content\/uploads\/2019\/06\/msox4034a_1_20121008_k.jpg","type":"image\/jpeg"}],"twitter_card":"summary_large_image","twitter_misc":{"Est. tempo de leitura":"2 minutos"},"schema":{"@context":"https:\/\/schema.org","@graph":[{"@type":"WebPage","@id":"https:\/\/auna.com.br\/auna\/produto\/infiniivision-4000x\/","url":"https:\/\/auna.com.br\/auna\/produto\/infiniivision-4000x\/","name":"InfiniiVision 4000X - AUNA Metrologia e Instrumenta\u00e7\u00e3o - Instrumentos de Medi\u00e7\u00e3o, Sensores para Monitoramento e Software para Calibra\u00e7\u00e3o, Ensaio e Inspe\u00e7\u00e3o","isPartOf":{"@id":"https:\/\/auna.com.br\/auna\/#website"},"primaryImageOfPage":{"@id":"https:\/\/auna.com.br\/auna\/produto\/infiniivision-4000x\/#primaryimage"},"image":{"@id":"https:\/\/auna.com.br\/auna\/produto\/infiniivision-4000x\/#primaryimage"},"thumbnailUrl":"https:\/\/auna.com.br\/auna\/wp-content\/uploads\/2019\/06\/msox4034a_1_20121008_k.jpg","datePublished":"2019-06-11T04:26:09+00:00","dateModified":"2022-04-22T07:12:49+00:00","breadcrumb":{"@id":"https:\/\/auna.com.br\/auna\/produto\/infiniivision-4000x\/#breadcrumb"},"inLanguage":"pt-BR","potentialAction":[{"@type":"ReadAction","target":["https:\/\/auna.com.br\/auna\/produto\/infiniivision-4000x\/"]}]},{"@type":"ImageObject","inLanguage":"pt-BR","@id":"https:\/\/auna.com.br\/auna\/produto\/infiniivision-4000x\/#primaryimage","url":"https:\/\/auna.com.br\/auna\/wp-content\/uploads\/2019\/06\/msox4034a_1_20121008_k.jpg","contentUrl":"https:\/\/auna.com.br\/auna\/wp-content\/uploads\/2019\/06\/msox4034a_1_20121008_k.jpg","width":400,"height":400},{"@type":"BreadcrumbList","@id":"https:\/\/auna.com.br\/auna\/produto\/infiniivision-4000x\/#breadcrumb","itemListElement":[{"@type":"ListItem","position":1,"name":"In\u00edcio","item":"https:\/\/auna.com.br\/auna\/"},{"@type":"ListItem","position":2,"name":"Instrumentos","item":"https:\/\/auna.com.br\/auna\/loja\/"},{"@type":"ListItem","position":3,"name":"InfiniiVision 4000X"}]},{"@type":"WebSite","@id":"https:\/\/auna.com.br\/auna\/#website","url":"https:\/\/auna.com.br\/auna\/","name":"AUNA Metrologia e Instrumenta\u00e7\u00e3o - Instrumentos de Medi\u00e7\u00e3o, Sensores para Monitoramento e Software para Calibra\u00e7\u00e3o, Ensaio e Inspe\u00e7\u00e3o","description":"comercial@auna.com.br || +55 15 9 8129-4041","publisher":{"@id":"https:\/\/auna.com.br\/auna\/#organization"},"potentialAction":[{"@type":"SearchAction","target":{"@type":"EntryPoint","urlTemplate":"https:\/\/auna.com.br\/auna\/?s={search_term_string}"},"query-input":{"@type":"PropertyValueSpecification","valueRequired":true,"valueName":"search_term_string"}}],"inLanguage":"pt-BR"},{"@type":"Organization","@id":"https:\/\/auna.com.br\/auna\/#organization","name":"AUNA Metrologia e Instrumenta\u00e7\u00e3o - Instrumentos de Medi\u00e7\u00e3o, Sensores para Monitoramento e Software para Calibra\u00e7\u00e3o, Ensaio e Inspe\u00e7\u00e3o","url":"https:\/\/auna.com.br\/auna\/","logo":{"@type":"ImageObject","inLanguage":"pt-BR","@id":"https:\/\/auna.com.br\/auna\/#\/schema\/logo\/image\/","url":"https:\/\/auna.com.br\/auna\/wp-content\/uploads\/2023\/03\/cropped-AUNA_Logo_Transparente.png","contentUrl":"https:\/\/auna.com.br\/auna\/wp-content\/uploads\/2023\/03\/cropped-AUNA_Logo_Transparente.png","width":960,"height":430,"caption":"AUNA Metrologia e Instrumenta\u00e7\u00e3o - Instrumentos de Medi\u00e7\u00e3o, Sensores para Monitoramento e Software para Calibra\u00e7\u00e3o, Ensaio e Inspe\u00e7\u00e3o"},"image":{"@id":"https:\/\/auna.com.br\/auna\/#\/schema\/logo\/image\/"}}]}},"_links":{"self":[{"href":"https:\/\/auna.com.br\/auna\/wp-json\/wp\/v2\/product\/1023","targetHints":{"allow":["GET"]}}],"collection":[{"href":"https:\/\/auna.com.br\/auna\/wp-json\/wp\/v2\/product"}],"about":[{"href":"https:\/\/auna.com.br\/auna\/wp-json\/wp\/v2\/types\/product"}],"replies":[{"embeddable":true,"href":"https:\/\/auna.com.br\/auna\/wp-json\/wp\/v2\/comments?post=1023"}],"wp:featuredmedia":[{"embeddable":true,"href":"https:\/\/auna.com.br\/auna\/wp-json\/wp\/v2\/media\/1024"}],"wp:attachment":[{"href":"https:\/\/auna.com.br\/auna\/wp-json\/wp\/v2\/media?parent=1023"}],"wp:term":[{"taxonomy":"product_brand","embeddable":true,"href":"https:\/\/auna.com.br\/auna\/wp-json\/wp\/v2\/product_brand?post=1023"},{"taxonomy":"product_cat","embeddable":true,"href":"https:\/\/auna.com.br\/auna\/wp-json\/wp\/v2\/product_cat?post=1023"},{"taxonomy":"product_tag","embeddable":true,"href":"https:\/\/auna.com.br\/auna\/wp-json\/wp\/v2\/product_tag?post=1023"},{"taxonomy":"wpstream_actors","embeddable":true,"href":"https:\/\/auna.com.br\/auna\/wp-json\/wp\/v2\/wpstream_actors?post=1023"},{"taxonomy":"wpstream_category","embeddable":true,"href":"https:\/\/auna.com.br\/auna\/wp-json\/wp\/v2\/wpstream_category?post=1023"},{"taxonomy":"wpstream_movie_rating","embeddable":true,"href":"https:\/\/auna.com.br\/auna\/wp-json\/wp\/v2\/wpstream_movie_rating?post=1023"}],"curies":[{"name":"wp","href":"https:\/\/api.w.org\/{rel}","templated":true}]}}