{"id":12112,"date":"2023-12-25T00:50:33","date_gmt":"2023-12-25T03:50:33","guid":{"rendered":"https:\/\/auna.com.br\/auna\/?post_type=product&#038;p=12112"},"modified":"2025-12-20T09:58:00","modified_gmt":"2025-12-20T12:58:00","slug":"adt601ex","status":"publish","type":"product","link":"https:\/\/auna.com.br\/auna\/produto\/adt601ex\/","title":{"rendered":"ADT 601Ex"},"content":{"rendered":"<p><strong>Additel 601EX Man\u00f4metro Digital Intrinsecamente Seguro<\/strong><\/p>\n<p>Inovador Man\u00f4metro Digital Intrinsecamente Seguro IP67 comando atrav\u00e9s de acionamento por bot\u00f5es. Dispon\u00edvel em vers\u00f5es manom\u00e9tricas at\u00e9 15000 psi (1000 bar)..<\/p>\n<div>\u2022 Faixas de Press\u00e3o desde v\u00e1cuo at\u00e9 15000 psi (1000 bar)<\/div>\n<div>\u2022 Exatid\u00e3o 0,5% FE<\/div>\n<div>\u2022 Compatibilidade para opera\u00e7\u00e3o com l\u00edquidos ou gases<\/div>\n<div>\u2022 Temperatura totalmente compensada entre -20\u00b0C a 50\u00b0C<\/div>\n<div>\u2022 Alimentado por 3 pilhas alcalinas durabilidade de 1000 hs at\u00e9 18000 horas<\/div>\n<div>\u2022 Intrinsecamente Seguro EX ia IIC Ga T4<\/div>\n<div>\u2022 Caixa em A\u00e7o Inox 304 com prote\u00e7\u00e3o IP67<\/div>\n<div>\u2022 Partes molhadas em A\u00e7o Inox 316L<\/div>\n","protected":false},"excerpt":{"rendered":"<p>Additel 601EX Man\u00f4metro Digital Intrinsecamente Seguro Inovador Man\u00f4metro Digital Intrinsecamente Seguro IP67 comando atrav\u00e9s de acionamento por bot\u00f5es. Dispon\u00edvel em vers\u00f5es manom\u00e9tricas at\u00e9 15000 psi (1000 bar).. \u2022 Faixas de Press\u00e3o desde v\u00e1cuo at\u00e9 15000 psi (1000 bar) \u2022 Exatid\u00e3o 0,5% FE \u2022 Compatibilidade para opera\u00e7\u00e3o com l\u00edquidos ou gases \u2022 Temperatura totalmente compensada entre [&hellip;]<\/p>\n","protected":false},"featured_media":12113,"comment_status":"closed","ping_status":"closed","template":"","meta":[],"product_brand":[],"product_cat":[56],"product_tag":[],"wpstream_actors":[],"wpstream_category":[],"wpstream_movie_rating":[],"class_list":{"0":"post-12112","1":"product","2":"type-product","3":"status-publish","4":"has-post-thumbnail","6":"product_cat-manometro-digital","8":"first","9":"onbackorder","10":"taxable","11":"shipping-taxable","12":"product-type-simple","13":"czr-hentry"},"yoast_head":"<!-- This site is optimized with the Yoast SEO plugin v27.5 - https:\/\/yoast.com\/product\/yoast-seo-wordpress\/ -->\n<title>ADT 601Ex - AUNA Metrologia e Instrumenta\u00e7\u00e3o - Instrumentos de Medi\u00e7\u00e3o, Sensores para Monitoramento e Software para Calibra\u00e7\u00e3o, Ensaio e Inspe\u00e7\u00e3o<\/title>\n<meta name=\"robots\" content=\"index, follow, max-snippet:-1, max-image-preview:large, max-video-preview:-1\" \/>\n<link rel=\"canonical\" href=\"https:\/\/auna.com.br\/auna\/produto\/adt601ex\/\" \/>\n<meta property=\"og:locale\" content=\"pt_BR\" \/>\n<meta property=\"og:type\" content=\"article\" \/>\n<meta property=\"og:title\" content=\"ADT 601Ex - AUNA Metrologia e Instrumenta\u00e7\u00e3o - Instrumentos de Medi\u00e7\u00e3o, Sensores para Monitoramento e Software para Calibra\u00e7\u00e3o, Ensaio e Inspe\u00e7\u00e3o\" \/>\n<meta property=\"og:description\" content=\"Additel 601EX Man\u00f4metro Digital Intrinsecamente Seguro Inovador Man\u00f4metro Digital Intrinsecamente Seguro IP67 comando atrav\u00e9s de acionamento por bot\u00f5es. Dispon\u00edvel em vers\u00f5es manom\u00e9tricas at\u00e9 15000 psi (1000 bar).. \u2022 Faixas de Press\u00e3o desde v\u00e1cuo at\u00e9 15000 psi (1000 bar) \u2022 Exatid\u00e3o 0,5% FE \u2022 Compatibilidade para opera\u00e7\u00e3o com l\u00edquidos ou gases \u2022 Temperatura totalmente compensada entre [&hellip;]\" \/>\n<meta property=\"og:url\" content=\"https:\/\/auna.com.br\/auna\/produto\/adt601ex\/\" \/>\n<meta property=\"og:site_name\" content=\"AUNA Metrologia e Instrumenta\u00e7\u00e3o - Instrumentos de Medi\u00e7\u00e3o, Sensores para Monitoramento e Software para Calibra\u00e7\u00e3o, Ensaio e Inspe\u00e7\u00e3o\" \/>\n<meta property=\"article:modified_time\" content=\"2025-12-20T12:58:00+00:00\" \/>\n<meta property=\"og:image\" content=\"https:\/\/auna.com.br\/auna\/wp-content\/uploads\/2023\/12\/ADT601Ex-with-boot.webp\" \/>\n\t<meta property=\"og:image:width\" content=\"1000\" \/>\n\t<meta property=\"og:image:height\" content=\"1000\" \/>\n\t<meta property=\"og:image:type\" content=\"image\/webp\" \/>\n<meta name=\"twitter:card\" content=\"summary_large_image\" \/>\n<meta name=\"twitter:label1\" content=\"Est. tempo de leitura\" \/>\n\t<meta name=\"twitter:data1\" content=\"1 minuto\" \/>\n<script type=\"application\/ld+json\" class=\"yoast-schema-graph\">{\"@context\":\"https:\\\/\\\/schema.org\",\"@graph\":[{\"@type\":\"WebPage\",\"@id\":\"https:\\\/\\\/auna.com.br\\\/auna\\\/produto\\\/adt601ex\\\/\",\"url\":\"https:\\\/\\\/auna.com.br\\\/auna\\\/produto\\\/adt601ex\\\/\",\"name\":\"ADT 601Ex - AUNA Metrologia e Instrumenta\u00e7\u00e3o - Instrumentos de Medi\u00e7\u00e3o, Sensores para Monitoramento e Software para Calibra\u00e7\u00e3o, Ensaio e Inspe\u00e7\u00e3o\",\"isPartOf\":{\"@id\":\"https:\\\/\\\/auna.com.br\\\/auna\\\/#website\"},\"primaryImageOfPage\":{\"@id\":\"https:\\\/\\\/auna.com.br\\\/auna\\\/produto\\\/adt601ex\\\/#primaryimage\"},\"image\":{\"@id\":\"https:\\\/\\\/auna.com.br\\\/auna\\\/produto\\\/adt601ex\\\/#primaryimage\"},\"thumbnailUrl\":\"https:\\\/\\\/auna.com.br\\\/auna\\\/wp-content\\\/uploads\\\/2023\\\/12\\\/ADT601Ex-with-boot.webp\",\"datePublished\":\"2023-12-25T03:50:33+00:00\",\"dateModified\":\"2025-12-20T12:58:00+00:00\",\"breadcrumb\":{\"@id\":\"https:\\\/\\\/auna.com.br\\\/auna\\\/produto\\\/adt601ex\\\/#breadcrumb\"},\"inLanguage\":\"pt-BR\",\"potentialAction\":[{\"@type\":\"ReadAction\",\"target\":[\"https:\\\/\\\/auna.com.br\\\/auna\\\/produto\\\/adt601ex\\\/\"]}]},{\"@type\":\"ImageObject\",\"inLanguage\":\"pt-BR\",\"@id\":\"https:\\\/\\\/auna.com.br\\\/auna\\\/produto\\\/adt601ex\\\/#primaryimage\",\"url\":\"https:\\\/\\\/auna.com.br\\\/auna\\\/wp-content\\\/uploads\\\/2023\\\/12\\\/ADT601Ex-with-boot.webp\",\"contentUrl\":\"https:\\\/\\\/auna.com.br\\\/auna\\\/wp-content\\\/uploads\\\/2023\\\/12\\\/ADT601Ex-with-boot.webp\",\"width\":1000,\"height\":1000},{\"@type\":\"BreadcrumbList\",\"@id\":\"https:\\\/\\\/auna.com.br\\\/auna\\\/produto\\\/adt601ex\\\/#breadcrumb\",\"itemListElement\":[{\"@type\":\"ListItem\",\"position\":1,\"name\":\"In\u00edcio\",\"item\":\"https:\\\/\\\/auna.com.br\\\/auna\\\/\"},{\"@type\":\"ListItem\",\"position\":2,\"name\":\"Instrumentos\",\"item\":\"https:\\\/\\\/auna.com.br\\\/auna\\\/loja\\\/\"},{\"@type\":\"ListItem\",\"position\":3,\"name\":\"ADT 601Ex\"}]},{\"@type\":\"WebSite\",\"@id\":\"https:\\\/\\\/auna.com.br\\\/auna\\\/#website\",\"url\":\"https:\\\/\\\/auna.com.br\\\/auna\\\/\",\"name\":\"AUNA Metrologia e Instrumenta\u00e7\u00e3o - Instrumentos de Medi\u00e7\u00e3o, Sensores para Monitoramento e Software para Calibra\u00e7\u00e3o, Ensaio e Inspe\u00e7\u00e3o\",\"description\":\"comercial@auna.com.br || +55 15 9 8129-4041\",\"publisher\":{\"@id\":\"https:\\\/\\\/auna.com.br\\\/auna\\\/#organization\"},\"potentialAction\":[{\"@type\":\"SearchAction\",\"target\":{\"@type\":\"EntryPoint\",\"urlTemplate\":\"https:\\\/\\\/auna.com.br\\\/auna\\\/?s={search_term_string}\"},\"query-input\":{\"@type\":\"PropertyValueSpecification\",\"valueRequired\":true,\"valueName\":\"search_term_string\"}}],\"inLanguage\":\"pt-BR\"},{\"@type\":\"Organization\",\"@id\":\"https:\\\/\\\/auna.com.br\\\/auna\\\/#organization\",\"name\":\"AUNA Metrologia e Instrumenta\u00e7\u00e3o - Instrumentos de Medi\u00e7\u00e3o, Sensores para Monitoramento e Software para Calibra\u00e7\u00e3o, Ensaio e Inspe\u00e7\u00e3o\",\"url\":\"https:\\\/\\\/auna.com.br\\\/auna\\\/\",\"logo\":{\"@type\":\"ImageObject\",\"inLanguage\":\"pt-BR\",\"@id\":\"https:\\\/\\\/auna.com.br\\\/auna\\\/#\\\/schema\\\/logo\\\/image\\\/\",\"url\":\"https:\\\/\\\/auna.com.br\\\/auna\\\/wp-content\\\/uploads\\\/2023\\\/03\\\/cropped-AUNA_Logo_Transparente.png\",\"contentUrl\":\"https:\\\/\\\/auna.com.br\\\/auna\\\/wp-content\\\/uploads\\\/2023\\\/03\\\/cropped-AUNA_Logo_Transparente.png\",\"width\":960,\"height\":430,\"caption\":\"AUNA Metrologia e Instrumenta\u00e7\u00e3o - Instrumentos de Medi\u00e7\u00e3o, Sensores para Monitoramento e Software para Calibra\u00e7\u00e3o, Ensaio e Inspe\u00e7\u00e3o\"},\"image\":{\"@id\":\"https:\\\/\\\/auna.com.br\\\/auna\\\/#\\\/schema\\\/logo\\\/image\\\/\"}}]}<\/script>\n<!-- \/ Yoast SEO plugin. -->","yoast_head_json":{"title":"ADT 601Ex - AUNA Metrologia e Instrumenta\u00e7\u00e3o - Instrumentos de Medi\u00e7\u00e3o, Sensores para Monitoramento e Software para Calibra\u00e7\u00e3o, Ensaio e Inspe\u00e7\u00e3o","robots":{"index":"index","follow":"follow","max-snippet":"max-snippet:-1","max-image-preview":"max-image-preview:large","max-video-preview":"max-video-preview:-1"},"canonical":"https:\/\/auna.com.br\/auna\/produto\/adt601ex\/","og_locale":"pt_BR","og_type":"article","og_title":"ADT 601Ex - AUNA Metrologia e Instrumenta\u00e7\u00e3o - Instrumentos de Medi\u00e7\u00e3o, Sensores para Monitoramento e Software para Calibra\u00e7\u00e3o, Ensaio e Inspe\u00e7\u00e3o","og_description":"Additel 601EX Man\u00f4metro Digital Intrinsecamente Seguro Inovador Man\u00f4metro Digital Intrinsecamente Seguro IP67 comando atrav\u00e9s de acionamento por bot\u00f5es. Dispon\u00edvel em vers\u00f5es manom\u00e9tricas at\u00e9 15000 psi (1000 bar).. \u2022 Faixas de Press\u00e3o desde v\u00e1cuo at\u00e9 15000 psi (1000 bar) \u2022 Exatid\u00e3o 0,5% FE \u2022 Compatibilidade para opera\u00e7\u00e3o com l\u00edquidos ou gases \u2022 Temperatura totalmente compensada entre [&hellip;]","og_url":"https:\/\/auna.com.br\/auna\/produto\/adt601ex\/","og_site_name":"AUNA Metrologia e Instrumenta\u00e7\u00e3o - Instrumentos de Medi\u00e7\u00e3o, Sensores para Monitoramento e Software para Calibra\u00e7\u00e3o, Ensaio e Inspe\u00e7\u00e3o","article_modified_time":"2025-12-20T12:58:00+00:00","og_image":[{"width":1000,"height":1000,"url":"https:\/\/auna.com.br\/auna\/wp-content\/uploads\/2023\/12\/ADT601Ex-with-boot.webp","type":"image\/webp"}],"twitter_card":"summary_large_image","twitter_misc":{"Est. tempo de leitura":"1 minuto"},"schema":{"@context":"https:\/\/schema.org","@graph":[{"@type":"WebPage","@id":"https:\/\/auna.com.br\/auna\/produto\/adt601ex\/","url":"https:\/\/auna.com.br\/auna\/produto\/adt601ex\/","name":"ADT 601Ex - AUNA Metrologia e Instrumenta\u00e7\u00e3o - Instrumentos de Medi\u00e7\u00e3o, Sensores para Monitoramento e Software para Calibra\u00e7\u00e3o, Ensaio e Inspe\u00e7\u00e3o","isPartOf":{"@id":"https:\/\/auna.com.br\/auna\/#website"},"primaryImageOfPage":{"@id":"https:\/\/auna.com.br\/auna\/produto\/adt601ex\/#primaryimage"},"image":{"@id":"https:\/\/auna.com.br\/auna\/produto\/adt601ex\/#primaryimage"},"thumbnailUrl":"https:\/\/auna.com.br\/auna\/wp-content\/uploads\/2023\/12\/ADT601Ex-with-boot.webp","datePublished":"2023-12-25T03:50:33+00:00","dateModified":"2025-12-20T12:58:00+00:00","breadcrumb":{"@id":"https:\/\/auna.com.br\/auna\/produto\/adt601ex\/#breadcrumb"},"inLanguage":"pt-BR","potentialAction":[{"@type":"ReadAction","target":["https:\/\/auna.com.br\/auna\/produto\/adt601ex\/"]}]},{"@type":"ImageObject","inLanguage":"pt-BR","@id":"https:\/\/auna.com.br\/auna\/produto\/adt601ex\/#primaryimage","url":"https:\/\/auna.com.br\/auna\/wp-content\/uploads\/2023\/12\/ADT601Ex-with-boot.webp","contentUrl":"https:\/\/auna.com.br\/auna\/wp-content\/uploads\/2023\/12\/ADT601Ex-with-boot.webp","width":1000,"height":1000},{"@type":"BreadcrumbList","@id":"https:\/\/auna.com.br\/auna\/produto\/adt601ex\/#breadcrumb","itemListElement":[{"@type":"ListItem","position":1,"name":"In\u00edcio","item":"https:\/\/auna.com.br\/auna\/"},{"@type":"ListItem","position":2,"name":"Instrumentos","item":"https:\/\/auna.com.br\/auna\/loja\/"},{"@type":"ListItem","position":3,"name":"ADT 601Ex"}]},{"@type":"WebSite","@id":"https:\/\/auna.com.br\/auna\/#website","url":"https:\/\/auna.com.br\/auna\/","name":"AUNA Metrologia e Instrumenta\u00e7\u00e3o - Instrumentos de Medi\u00e7\u00e3o, Sensores para Monitoramento e Software para Calibra\u00e7\u00e3o, Ensaio e Inspe\u00e7\u00e3o","description":"comercial@auna.com.br || +55 15 9 8129-4041","publisher":{"@id":"https:\/\/auna.com.br\/auna\/#organization"},"potentialAction":[{"@type":"SearchAction","target":{"@type":"EntryPoint","urlTemplate":"https:\/\/auna.com.br\/auna\/?s={search_term_string}"},"query-input":{"@type":"PropertyValueSpecification","valueRequired":true,"valueName":"search_term_string"}}],"inLanguage":"pt-BR"},{"@type":"Organization","@id":"https:\/\/auna.com.br\/auna\/#organization","name":"AUNA Metrologia e Instrumenta\u00e7\u00e3o - Instrumentos de Medi\u00e7\u00e3o, Sensores para Monitoramento e Software para Calibra\u00e7\u00e3o, Ensaio e Inspe\u00e7\u00e3o","url":"https:\/\/auna.com.br\/auna\/","logo":{"@type":"ImageObject","inLanguage":"pt-BR","@id":"https:\/\/auna.com.br\/auna\/#\/schema\/logo\/image\/","url":"https:\/\/auna.com.br\/auna\/wp-content\/uploads\/2023\/03\/cropped-AUNA_Logo_Transparente.png","contentUrl":"https:\/\/auna.com.br\/auna\/wp-content\/uploads\/2023\/03\/cropped-AUNA_Logo_Transparente.png","width":960,"height":430,"caption":"AUNA Metrologia e Instrumenta\u00e7\u00e3o - Instrumentos de Medi\u00e7\u00e3o, Sensores para Monitoramento e Software para Calibra\u00e7\u00e3o, Ensaio e Inspe\u00e7\u00e3o"},"image":{"@id":"https:\/\/auna.com.br\/auna\/#\/schema\/logo\/image\/"}}]}},"_links":{"self":[{"href":"https:\/\/auna.com.br\/auna\/wp-json\/wp\/v2\/product\/12112","targetHints":{"allow":["GET"]}}],"collection":[{"href":"https:\/\/auna.com.br\/auna\/wp-json\/wp\/v2\/product"}],"about":[{"href":"https:\/\/auna.com.br\/auna\/wp-json\/wp\/v2\/types\/product"}],"replies":[{"embeddable":true,"href":"https:\/\/auna.com.br\/auna\/wp-json\/wp\/v2\/comments?post=12112"}],"wp:featuredmedia":[{"embeddable":true,"href":"https:\/\/auna.com.br\/auna\/wp-json\/wp\/v2\/media\/12113"}],"wp:attachment":[{"href":"https:\/\/auna.com.br\/auna\/wp-json\/wp\/v2\/media?parent=12112"}],"wp:term":[{"taxonomy":"product_brand","embeddable":true,"href":"https:\/\/auna.com.br\/auna\/wp-json\/wp\/v2\/product_brand?post=12112"},{"taxonomy":"product_cat","embeddable":true,"href":"https:\/\/auna.com.br\/auna\/wp-json\/wp\/v2\/product_cat?post=12112"},{"taxonomy":"product_tag","embeddable":true,"href":"https:\/\/auna.com.br\/auna\/wp-json\/wp\/v2\/product_tag?post=12112"},{"taxonomy":"wpstream_actors","embeddable":true,"href":"https:\/\/auna.com.br\/auna\/wp-json\/wp\/v2\/wpstream_actors?post=12112"},{"taxonomy":"wpstream_category","embeddable":true,"href":"https:\/\/auna.com.br\/auna\/wp-json\/wp\/v2\/wpstream_category?post=12112"},{"taxonomy":"wpstream_movie_rating","embeddable":true,"href":"https:\/\/auna.com.br\/auna\/wp-json\/wp\/v2\/wpstream_movie_rating?post=12112"}],"curies":[{"name":"wp","href":"https:\/\/api.w.org\/{rel}","templated":true}]}}