{"id":12261,"date":"2023-12-26T07:32:57","date_gmt":"2023-12-26T10:32:57","guid":{"rendered":"https:\/\/auna.com.br\/auna\/?post_type=product&#038;p=12261"},"modified":"2023-12-27T14:52:40","modified_gmt":"2023-12-27T17:52:40","slug":"mdi-5300","status":"publish","type":"product","link":"https:\/\/auna.com.br\/auna\/produto\/mdi-5300\/","title":{"rendered":"MDI-5300"},"content":{"rendered":"<h3><span>Liberando o futuro da digitaliza\u00e7\u00e3o<\/span><\/h3>\n<p><span>Experimente um desempenho de digitaliza\u00e7\u00e3o incompar\u00e1vel com o novo mecanismo de digitaliza\u00e7\u00e3o Opticon MDI-5300.\u00a0Situado no auge do portf\u00f3lio da Opticon, este mecanismo de digitaliza\u00e7\u00e3o de \u00faltima gera\u00e7\u00e3o possui uma infinidade de recursos inovadores que revolucionar\u00e3o sua experi\u00eancia de digitaliza\u00e7\u00e3o como nunca antes.<\/span><\/p>\n<h3><span>Pequeno em tamanho, poderoso em desempenho<\/span><\/h3>\n<p><span>Apesar de seu tamanho compacto, o mecanismo de digitaliza\u00e7\u00e3o MDI-5300 oferece um desempenho poderoso.\u00a0Sua lente de ilumina\u00e7\u00e3o altamente eficiente garante ilumina\u00e7\u00e3o ideal, enquanto a grande profundidade de campo expande o alcance de varredura de campos pr\u00f3ximos para campos distantes com a ajuda de uma nova lente de imagem e decodificador.\u00a0Diga adeus \u00e0s limita\u00e7\u00f5es e abrace um mundo de possibilidades de digitaliza\u00e7\u00e3o.<\/span><\/p>\n<h3><span>Digitaliza\u00e7\u00e3o r\u00e1pida com precis\u00e3o<\/span><\/h3>\n<p><span>Com um sensor CMOS de obturador global de 1 megapixel e 120fps, o MDI-5300 atinge velocidades de digitaliza\u00e7\u00e3o extremamente r\u00e1pidas e toler\u00e2ncia de movimento incompar\u00e1vel.\u00a0Capture dados com rapidez e precis\u00e3o, mesmo em ambientes com muito movimento.<\/span><\/p>\n<h3><span>Design elegante e discreto<\/span><\/h3>\n<p><span>Com apenas 10,8 mm de altura, o MDI-5300 foi projetado especificamente para se integrar perfeitamente em equipamentos compactos.\u00a0Diga ol\u00e1 a um mecanismo de verifica\u00e7\u00e3o que ocupa espa\u00e7o m\u00ednimo sem comprometer o desempenho.\u00a0Adote uma configura\u00e7\u00e3o simplificada sem sacrificar a funcionalidade.<\/span><\/p>\n<h3><span>Amplo \u00e2ngulo de digitaliza\u00e7\u00e3o, flexibilidade aprimorada<\/span><\/h3>\n<p><span>Equipado com um campo de vis\u00e3o horizontal de 50 graus, o MDI-5300 melhora o desempenho de leitura, especialmente para c\u00f3digos de grande largura e aplica\u00e7\u00f5es de curto alcance.\u00a0N\u00e3o h\u00e1 mais limita\u00e7\u00f5es devido aos \u00e2ngulos de digitaliza\u00e7\u00e3o \u2013 basta digitalizar com facilidade e precis\u00e3o.<\/span><\/p>\n<h3><span>Mira de precis\u00e3o em qualquer ambiente<\/span><\/h3>\n<p><span>Navegue em ambientes de digitaliza\u00e7\u00e3o desafiadores com facilidade, gra\u00e7as \u00e0 mira laser cruzada vermelha Classe 1 de alta visibilidade.\u00a0Mesmo sob luz solar direta ou ao lidar com materiais de baixa reflet\u00e2ncia, como papel\u00e3o, apontar c\u00f3digos de barras nunca foi t\u00e3o preciso e f\u00e1cil.<\/span><\/p>\n<h3><span>Eficiente em termos energ\u00e9ticos e ambientalmente consciente<\/span><\/h3>\n<p><span>Com seu design de baixo consumo de energia, o MDI-5300 se destaca na otimiza\u00e7\u00e3o do uso de energia e no prolongamento da vida \u00fatil da bateria.\u00a0Adote pr\u00e1ticas de digitaliza\u00e7\u00e3o sustent\u00e1veis \u200b\u200bsem comprometer o desempenho.\u00a0Fa\u00e7a parte do futuro da digitaliza\u00e7\u00e3o, onde a efici\u00eancia encontra a consci\u00eancia ambiental.<\/span><\/p>\n<h3><span>Dominando c\u00f3digos de barras impressos imperfeitos<\/span><\/h3>\n<p><span>Experimente uma leitura ininterrupta, mesmo com c\u00f3digos de barras impressos de maneira imperfeita ou danificados.\u00a0A tecnologia avan\u00e7ada do MDI-5300 garante uma decodifica\u00e7\u00e3o perfeita, resultando em um desempenho de leitura consistente e confi\u00e1vel, independentemente das condi\u00e7\u00f5es do c\u00f3digo de barras.<\/span><\/p>\n<h3><span>Abrace o futuro da digitaliza\u00e7\u00e3o com o MDI-5300<\/span><\/h3>\n<p><span>Desbloqueie uma nova era de tecnologia de digitaliza\u00e7\u00e3o com o mecanismo de digitaliza\u00e7\u00e3o Opticon MDI-5300.\u00a0Descubra velocidade, precis\u00e3o e adaptabilidade incompar\u00e1veis \u200b\u200bem um pacote compacto e com baixo consumo de energia.\u00a0Integre perfeitamente o MDI-5300 ao seu equipamento e eleve seus recursos de digitaliza\u00e7\u00e3o a novos patamares.<\/span><\/p>\n<p><span>Bem-vindo a um mundo de possibilidades de digitaliza\u00e7\u00e3o ilimitadas \u2014 bem-vindo ao MDI-5300.<\/span><\/p>\n<h3><span>Quadro de desenvolvimento<\/span><\/h3>\n<p><span>Para testar e avaliar este mecanismo de varredura contamos com uma placa de desenvolvimento, a\u00a0<\/span><span>MEK-3100<\/span><span>\u00a0.\u00a0Este kit de desenvolvimento vendido separadamente permite avaliar o mecanismo de varredura sem a necessidade de desenvolver quaisquer componentes eletr\u00f4nicos ou cabos.<\/span><\/p>\n","protected":false},"excerpt":{"rendered":"<p>Liberando o futuro da digitaliza\u00e7\u00e3o Experimente um desempenho de digitaliza\u00e7\u00e3o incompar\u00e1vel com o novo mecanismo de digitaliza\u00e7\u00e3o Opticon MDI-5300.\u00a0Situado no auge do portf\u00f3lio da Opticon, este mecanismo de digitaliza\u00e7\u00e3o de \u00faltima gera\u00e7\u00e3o possui uma infinidade de recursos inovadores que revolucionar\u00e3o sua experi\u00eancia de digitaliza\u00e7\u00e3o como nunca antes. Pequeno em tamanho, poderoso em desempenho Apesar de [&hellip;]<\/p>\n","protected":false},"featured_media":12262,"comment_status":"closed","ping_status":"closed","template":"","meta":[],"product_brand":[],"product_cat":[273],"product_tag":[],"wpstream_actors":[],"wpstream_category":[],"wpstream_movie_rating":[],"class_list":{"0":"post-12261","1":"product","2":"type-product","3":"status-publish","4":"has-post-thumbnail","6":"product_cat-oem-motagem-fixa","8":"first","9":"onbackorder","10":"taxable","11":"shipping-taxable","12":"product-type-simple","13":"czr-hentry"},"yoast_head":"<!-- This site is optimized with the Yoast SEO plugin v27.5 - https:\/\/yoast.com\/product\/yoast-seo-wordpress\/ -->\n<title>MDI-5300 - AUNA Metrologia e Instrumenta\u00e7\u00e3o - Instrumentos de Medi\u00e7\u00e3o, Sensores para Monitoramento e Software para Calibra\u00e7\u00e3o, Ensaio e Inspe\u00e7\u00e3o<\/title>\n<meta name=\"robots\" content=\"index, follow, max-snippet:-1, max-image-preview:large, max-video-preview:-1\" \/>\n<link rel=\"canonical\" href=\"https:\/\/auna.com.br\/auna\/produto\/mdi-5300\/\" \/>\n<meta property=\"og:locale\" content=\"pt_BR\" \/>\n<meta property=\"og:type\" content=\"article\" \/>\n<meta property=\"og:title\" content=\"MDI-5300 - AUNA Metrologia e Instrumenta\u00e7\u00e3o - Instrumentos de Medi\u00e7\u00e3o, Sensores para Monitoramento e Software para Calibra\u00e7\u00e3o, Ensaio e Inspe\u00e7\u00e3o\" \/>\n<meta property=\"og:description\" content=\"Liberando o futuro da digitaliza\u00e7\u00e3o Experimente um desempenho de digitaliza\u00e7\u00e3o incompar\u00e1vel com o novo mecanismo de digitaliza\u00e7\u00e3o Opticon MDI-5300.\u00a0Situado no auge do portf\u00f3lio da Opticon, este mecanismo de digitaliza\u00e7\u00e3o de \u00faltima gera\u00e7\u00e3o possui uma infinidade de recursos inovadores que revolucionar\u00e3o sua experi\u00eancia de digitaliza\u00e7\u00e3o como nunca antes. Pequeno em tamanho, poderoso em desempenho Apesar de [&hellip;]\" \/>\n<meta property=\"og:url\" content=\"https:\/\/auna.com.br\/auna\/produto\/mdi-5300\/\" \/>\n<meta property=\"og:site_name\" content=\"AUNA Metrologia e Instrumenta\u00e7\u00e3o - Instrumentos de Medi\u00e7\u00e3o, Sensores para Monitoramento e Software para Calibra\u00e7\u00e3o, Ensaio e Inspe\u00e7\u00e3o\" \/>\n<meta property=\"article:modified_time\" content=\"2023-12-27T17:52:40+00:00\" \/>\n<meta property=\"og:image\" content=\"https:\/\/auna.com.br\/auna\/wp-content\/uploads\/2023\/12\/MDI-5300-Angle-left-1.png\" \/>\n\t<meta property=\"og:image:width\" content=\"800\" \/>\n\t<meta property=\"og:image:height\" content=\"800\" \/>\n\t<meta property=\"og:image:type\" content=\"image\/png\" \/>\n<meta name=\"twitter:card\" content=\"summary_large_image\" \/>\n<meta name=\"twitter:label1\" content=\"Est. tempo de leitura\" \/>\n\t<meta name=\"twitter:data1\" content=\"4 minutos\" \/>\n<script type=\"application\/ld+json\" class=\"yoast-schema-graph\">{\"@context\":\"https:\\\/\\\/schema.org\",\"@graph\":[{\"@type\":\"WebPage\",\"@id\":\"https:\\\/\\\/auna.com.br\\\/auna\\\/produto\\\/mdi-5300\\\/\",\"url\":\"https:\\\/\\\/auna.com.br\\\/auna\\\/produto\\\/mdi-5300\\\/\",\"name\":\"MDI-5300 - AUNA Metrologia e Instrumenta\u00e7\u00e3o - Instrumentos de Medi\u00e7\u00e3o, Sensores para Monitoramento e Software para Calibra\u00e7\u00e3o, Ensaio e Inspe\u00e7\u00e3o\",\"isPartOf\":{\"@id\":\"https:\\\/\\\/auna.com.br\\\/auna\\\/#website\"},\"primaryImageOfPage\":{\"@id\":\"https:\\\/\\\/auna.com.br\\\/auna\\\/produto\\\/mdi-5300\\\/#primaryimage\"},\"image\":{\"@id\":\"https:\\\/\\\/auna.com.br\\\/auna\\\/produto\\\/mdi-5300\\\/#primaryimage\"},\"thumbnailUrl\":\"https:\\\/\\\/auna.com.br\\\/auna\\\/wp-content\\\/uploads\\\/2023\\\/12\\\/MDI-5300-Angle-left-1.png\",\"datePublished\":\"2023-12-26T10:32:57+00:00\",\"dateModified\":\"2023-12-27T17:52:40+00:00\",\"breadcrumb\":{\"@id\":\"https:\\\/\\\/auna.com.br\\\/auna\\\/produto\\\/mdi-5300\\\/#breadcrumb\"},\"inLanguage\":\"pt-BR\",\"potentialAction\":[{\"@type\":\"ReadAction\",\"target\":[\"https:\\\/\\\/auna.com.br\\\/auna\\\/produto\\\/mdi-5300\\\/\"]}]},{\"@type\":\"ImageObject\",\"inLanguage\":\"pt-BR\",\"@id\":\"https:\\\/\\\/auna.com.br\\\/auna\\\/produto\\\/mdi-5300\\\/#primaryimage\",\"url\":\"https:\\\/\\\/auna.com.br\\\/auna\\\/wp-content\\\/uploads\\\/2023\\\/12\\\/MDI-5300-Angle-left-1.png\",\"contentUrl\":\"https:\\\/\\\/auna.com.br\\\/auna\\\/wp-content\\\/uploads\\\/2023\\\/12\\\/MDI-5300-Angle-left-1.png\",\"width\":800,\"height\":800},{\"@type\":\"BreadcrumbList\",\"@id\":\"https:\\\/\\\/auna.com.br\\\/auna\\\/produto\\\/mdi-5300\\\/#breadcrumb\",\"itemListElement\":[{\"@type\":\"ListItem\",\"position\":1,\"name\":\"In\u00edcio\",\"item\":\"https:\\\/\\\/auna.com.br\\\/auna\\\/\"},{\"@type\":\"ListItem\",\"position\":2,\"name\":\"Instrumentos\",\"item\":\"https:\\\/\\\/auna.com.br\\\/auna\\\/loja\\\/\"},{\"@type\":\"ListItem\",\"position\":3,\"name\":\"MDI-5300\"}]},{\"@type\":\"WebSite\",\"@id\":\"https:\\\/\\\/auna.com.br\\\/auna\\\/#website\",\"url\":\"https:\\\/\\\/auna.com.br\\\/auna\\\/\",\"name\":\"AUNA Metrologia e Instrumenta\u00e7\u00e3o - Instrumentos de Medi\u00e7\u00e3o, Sensores para Monitoramento e Software para Calibra\u00e7\u00e3o, Ensaio e Inspe\u00e7\u00e3o\",\"description\":\"comercial@auna.com.br || +55 15 9 8129-4041\",\"publisher\":{\"@id\":\"https:\\\/\\\/auna.com.br\\\/auna\\\/#organization\"},\"potentialAction\":[{\"@type\":\"SearchAction\",\"target\":{\"@type\":\"EntryPoint\",\"urlTemplate\":\"https:\\\/\\\/auna.com.br\\\/auna\\\/?s={search_term_string}\"},\"query-input\":{\"@type\":\"PropertyValueSpecification\",\"valueRequired\":true,\"valueName\":\"search_term_string\"}}],\"inLanguage\":\"pt-BR\"},{\"@type\":\"Organization\",\"@id\":\"https:\\\/\\\/auna.com.br\\\/auna\\\/#organization\",\"name\":\"AUNA Metrologia e Instrumenta\u00e7\u00e3o - Instrumentos de Medi\u00e7\u00e3o, Sensores para Monitoramento e Software para Calibra\u00e7\u00e3o, Ensaio e Inspe\u00e7\u00e3o\",\"url\":\"https:\\\/\\\/auna.com.br\\\/auna\\\/\",\"logo\":{\"@type\":\"ImageObject\",\"inLanguage\":\"pt-BR\",\"@id\":\"https:\\\/\\\/auna.com.br\\\/auna\\\/#\\\/schema\\\/logo\\\/image\\\/\",\"url\":\"https:\\\/\\\/auna.com.br\\\/auna\\\/wp-content\\\/uploads\\\/2023\\\/03\\\/cropped-AUNA_Logo_Transparente.png\",\"contentUrl\":\"https:\\\/\\\/auna.com.br\\\/auna\\\/wp-content\\\/uploads\\\/2023\\\/03\\\/cropped-AUNA_Logo_Transparente.png\",\"width\":960,\"height\":430,\"caption\":\"AUNA Metrologia e Instrumenta\u00e7\u00e3o - Instrumentos de Medi\u00e7\u00e3o, Sensores para Monitoramento e Software para Calibra\u00e7\u00e3o, Ensaio e Inspe\u00e7\u00e3o\"},\"image\":{\"@id\":\"https:\\\/\\\/auna.com.br\\\/auna\\\/#\\\/schema\\\/logo\\\/image\\\/\"}}]}<\/script>\n<!-- \/ Yoast SEO plugin. -->","yoast_head_json":{"title":"MDI-5300 - AUNA Metrologia e Instrumenta\u00e7\u00e3o - Instrumentos de Medi\u00e7\u00e3o, Sensores para Monitoramento e Software para Calibra\u00e7\u00e3o, Ensaio e Inspe\u00e7\u00e3o","robots":{"index":"index","follow":"follow","max-snippet":"max-snippet:-1","max-image-preview":"max-image-preview:large","max-video-preview":"max-video-preview:-1"},"canonical":"https:\/\/auna.com.br\/auna\/produto\/mdi-5300\/","og_locale":"pt_BR","og_type":"article","og_title":"MDI-5300 - AUNA Metrologia e Instrumenta\u00e7\u00e3o - Instrumentos de Medi\u00e7\u00e3o, Sensores para Monitoramento e Software para Calibra\u00e7\u00e3o, Ensaio e Inspe\u00e7\u00e3o","og_description":"Liberando o futuro da digitaliza\u00e7\u00e3o Experimente um desempenho de digitaliza\u00e7\u00e3o incompar\u00e1vel com o novo mecanismo de digitaliza\u00e7\u00e3o Opticon MDI-5300.\u00a0Situado no auge do portf\u00f3lio da Opticon, este mecanismo de digitaliza\u00e7\u00e3o de \u00faltima gera\u00e7\u00e3o possui uma infinidade de recursos inovadores que revolucionar\u00e3o sua experi\u00eancia de digitaliza\u00e7\u00e3o como nunca antes. Pequeno em tamanho, poderoso em desempenho Apesar de [&hellip;]","og_url":"https:\/\/auna.com.br\/auna\/produto\/mdi-5300\/","og_site_name":"AUNA Metrologia e Instrumenta\u00e7\u00e3o - Instrumentos de Medi\u00e7\u00e3o, Sensores para Monitoramento e Software para Calibra\u00e7\u00e3o, Ensaio e Inspe\u00e7\u00e3o","article_modified_time":"2023-12-27T17:52:40+00:00","og_image":[{"width":800,"height":800,"url":"https:\/\/auna.com.br\/auna\/wp-content\/uploads\/2023\/12\/MDI-5300-Angle-left-1.png","type":"image\/png"}],"twitter_card":"summary_large_image","twitter_misc":{"Est. tempo de leitura":"4 minutos"},"schema":{"@context":"https:\/\/schema.org","@graph":[{"@type":"WebPage","@id":"https:\/\/auna.com.br\/auna\/produto\/mdi-5300\/","url":"https:\/\/auna.com.br\/auna\/produto\/mdi-5300\/","name":"MDI-5300 - AUNA Metrologia e Instrumenta\u00e7\u00e3o - Instrumentos de Medi\u00e7\u00e3o, Sensores para Monitoramento e Software para Calibra\u00e7\u00e3o, Ensaio e Inspe\u00e7\u00e3o","isPartOf":{"@id":"https:\/\/auna.com.br\/auna\/#website"},"primaryImageOfPage":{"@id":"https:\/\/auna.com.br\/auna\/produto\/mdi-5300\/#primaryimage"},"image":{"@id":"https:\/\/auna.com.br\/auna\/produto\/mdi-5300\/#primaryimage"},"thumbnailUrl":"https:\/\/auna.com.br\/auna\/wp-content\/uploads\/2023\/12\/MDI-5300-Angle-left-1.png","datePublished":"2023-12-26T10:32:57+00:00","dateModified":"2023-12-27T17:52:40+00:00","breadcrumb":{"@id":"https:\/\/auna.com.br\/auna\/produto\/mdi-5300\/#breadcrumb"},"inLanguage":"pt-BR","potentialAction":[{"@type":"ReadAction","target":["https:\/\/auna.com.br\/auna\/produto\/mdi-5300\/"]}]},{"@type":"ImageObject","inLanguage":"pt-BR","@id":"https:\/\/auna.com.br\/auna\/produto\/mdi-5300\/#primaryimage","url":"https:\/\/auna.com.br\/auna\/wp-content\/uploads\/2023\/12\/MDI-5300-Angle-left-1.png","contentUrl":"https:\/\/auna.com.br\/auna\/wp-content\/uploads\/2023\/12\/MDI-5300-Angle-left-1.png","width":800,"height":800},{"@type":"BreadcrumbList","@id":"https:\/\/auna.com.br\/auna\/produto\/mdi-5300\/#breadcrumb","itemListElement":[{"@type":"ListItem","position":1,"name":"In\u00edcio","item":"https:\/\/auna.com.br\/auna\/"},{"@type":"ListItem","position":2,"name":"Instrumentos","item":"https:\/\/auna.com.br\/auna\/loja\/"},{"@type":"ListItem","position":3,"name":"MDI-5300"}]},{"@type":"WebSite","@id":"https:\/\/auna.com.br\/auna\/#website","url":"https:\/\/auna.com.br\/auna\/","name":"AUNA Metrologia e Instrumenta\u00e7\u00e3o - Instrumentos de Medi\u00e7\u00e3o, Sensores para Monitoramento e Software para Calibra\u00e7\u00e3o, Ensaio e Inspe\u00e7\u00e3o","description":"comercial@auna.com.br || +55 15 9 8129-4041","publisher":{"@id":"https:\/\/auna.com.br\/auna\/#organization"},"potentialAction":[{"@type":"SearchAction","target":{"@type":"EntryPoint","urlTemplate":"https:\/\/auna.com.br\/auna\/?s={search_term_string}"},"query-input":{"@type":"PropertyValueSpecification","valueRequired":true,"valueName":"search_term_string"}}],"inLanguage":"pt-BR"},{"@type":"Organization","@id":"https:\/\/auna.com.br\/auna\/#organization","name":"AUNA Metrologia e Instrumenta\u00e7\u00e3o - Instrumentos de Medi\u00e7\u00e3o, Sensores para Monitoramento e Software para Calibra\u00e7\u00e3o, Ensaio e Inspe\u00e7\u00e3o","url":"https:\/\/auna.com.br\/auna\/","logo":{"@type":"ImageObject","inLanguage":"pt-BR","@id":"https:\/\/auna.com.br\/auna\/#\/schema\/logo\/image\/","url":"https:\/\/auna.com.br\/auna\/wp-content\/uploads\/2023\/03\/cropped-AUNA_Logo_Transparente.png","contentUrl":"https:\/\/auna.com.br\/auna\/wp-content\/uploads\/2023\/03\/cropped-AUNA_Logo_Transparente.png","width":960,"height":430,"caption":"AUNA Metrologia e Instrumenta\u00e7\u00e3o - Instrumentos de Medi\u00e7\u00e3o, Sensores para Monitoramento e Software para Calibra\u00e7\u00e3o, Ensaio e Inspe\u00e7\u00e3o"},"image":{"@id":"https:\/\/auna.com.br\/auna\/#\/schema\/logo\/image\/"}}]}},"_links":{"self":[{"href":"https:\/\/auna.com.br\/auna\/wp-json\/wp\/v2\/product\/12261","targetHints":{"allow":["GET"]}}],"collection":[{"href":"https:\/\/auna.com.br\/auna\/wp-json\/wp\/v2\/product"}],"about":[{"href":"https:\/\/auna.com.br\/auna\/wp-json\/wp\/v2\/types\/product"}],"replies":[{"embeddable":true,"href":"https:\/\/auna.com.br\/auna\/wp-json\/wp\/v2\/comments?post=12261"}],"wp:featuredmedia":[{"embeddable":true,"href":"https:\/\/auna.com.br\/auna\/wp-json\/wp\/v2\/media\/12262"}],"wp:attachment":[{"href":"https:\/\/auna.com.br\/auna\/wp-json\/wp\/v2\/media?parent=12261"}],"wp:term":[{"taxonomy":"product_brand","embeddable":true,"href":"https:\/\/auna.com.br\/auna\/wp-json\/wp\/v2\/product_brand?post=12261"},{"taxonomy":"product_cat","embeddable":true,"href":"https:\/\/auna.com.br\/auna\/wp-json\/wp\/v2\/product_cat?post=12261"},{"taxonomy":"product_tag","embeddable":true,"href":"https:\/\/auna.com.br\/auna\/wp-json\/wp\/v2\/product_tag?post=12261"},{"taxonomy":"wpstream_actors","embeddable":true,"href":"https:\/\/auna.com.br\/auna\/wp-json\/wp\/v2\/wpstream_actors?post=12261"},{"taxonomy":"wpstream_category","embeddable":true,"href":"https:\/\/auna.com.br\/auna\/wp-json\/wp\/v2\/wpstream_category?post=12261"},{"taxonomy":"wpstream_movie_rating","embeddable":true,"href":"https:\/\/auna.com.br\/auna\/wp-json\/wp\/v2\/wpstream_movie_rating?post=12261"}],"curies":[{"name":"wp","href":"https:\/\/api.w.org\/{rel}","templated":true}]}}