{"id":12281,"date":"2023-12-26T09:04:32","date_gmt":"2023-12-26T12:04:32","guid":{"rendered":"https:\/\/auna.com.br\/auna\/?post_type=product&#038;p=12281"},"modified":"2023-12-27T14:52:37","modified_gmt":"2023-12-27T17:52:37","slug":"nlv-1001","status":"publish","type":"product","link":"https:\/\/auna.com.br\/auna\/produto\/nlv-1001\/","title":{"rendered":"NLV-1001"},"content":{"rendered":"<p><span>Leitores de c\u00f3digo de barras estacion\u00e1rios s\u00e3o a maneira mais f\u00e1cil de integrar um componente de leitor ao seu produto ou processo comercial.\u00a0O NLV-1001 \u00e9 um desses leitores de c\u00f3digo de barras estacion\u00e1rios.\u00a0Com este leitor de c\u00f3digo de barras, voc\u00ea n\u00e3o precisa ficar puxando o gatilho ou apertando o bot\u00e3o para ler.\u00a0Na verdade, basta apertar o bot\u00e3o e o NLV-1001 far\u00e1 todo o trabalho de digitaliza\u00e7\u00e3o para voc\u00ea.<\/span><\/p>\n<p><span>O NLV-1001 \u00e9 um scanner robusto ideal para aplica\u00e7\u00f5es que exigem alto desempenho e boa durabilidade.\u00a0O NLV-1001 \u00e9 especial porque est\u00e1 equipado com um gatilho autom\u00e1tico que pode ser ligado e desligado.\u00a0Portanto, \u00e9 o scanner estacion\u00e1rio perfeito para otimizar seus processos de neg\u00f3cios.\u00a0Al\u00e9m disso, o laser realiza 100 varreduras por segundo e \u00e9 equipado com uma caixa compacta em ABS com diversas op\u00e7\u00f5es de montagem para f\u00e1cil integra\u00e7\u00e3o em seu produto.\u00a0Al\u00e9m disso, o NLV-1001 est\u00e1 dispon\u00edvel com interface RS-232 e USB para atender \u00e0s suas necessidades de projeto ou implementa\u00e7\u00e3o.\u00a0O tamanho, sem cabo, \u00e9 30 x 20 x 43,3 mm e pesa 18,5 g.\u00a0Concluindo, o NLV-1001 \u00e9 um scanner estacion\u00e1rio compacto e r\u00e1pido.<\/span><\/p>\n<p><span>Se desejar ler todas as especifica\u00e7\u00f5es em detalhe, consulte o folheto.<\/span><\/p>\n<h3><span>Recursos do NLV-1001<\/span><\/h3>\n<p><span>Os destaques porque o NLV-1001 \u00e9 o leitor de c\u00f3digo de barras perfeito para integra\u00e7\u00e3o:<\/span><\/p>\n<ul>\n<li><span>Digitaliza e decodifica rapidamente uma ampla variedade de c\u00f3digos de barras 1D<\/span><\/li>\n<li><span>Varredura bidirecional a 100 varreduras\/segundo<\/span><\/li>\n<li><span>Unidade completa com decodificador integrado<\/span><\/li>\n<li><span>Montagem flex\u00edvel<\/span><\/li>\n<li><span>Dur\u00e1vel \u2013 sobrevive a quedas de 0,75 m no concreto<\/span><\/li>\n<li><span>Classifica\u00e7\u00e3o IP42 contra poeira e umidade<\/span><\/li>\n<li><span>Tamanho e peso compactos<\/span><\/li>\n<li><span>Modos de disparo: bot\u00e3o de teste manual, leitura m\u00faltipla, disparo autom\u00e1tico, disparo de hardware e software<\/span><\/li>\n<li><span>Interface de comunica\u00e7\u00e3o: USB ou RS232<\/span><\/li>\n<li><span>Apoiado por uma garantia de dois anos<\/span><\/li>\n<\/ul>\n","protected":false},"excerpt":{"rendered":"<p>Leitores de c\u00f3digo de barras estacion\u00e1rios s\u00e3o a maneira mais f\u00e1cil de integrar um componente de leitor ao seu produto ou processo comercial.\u00a0O NLV-1001 \u00e9 um desses leitores de c\u00f3digo de barras estacion\u00e1rios.\u00a0Com este leitor de c\u00f3digo de barras, voc\u00ea n\u00e3o precisa ficar puxando o gatilho ou apertando o bot\u00e3o para ler.\u00a0Na verdade, basta apertar [&hellip;]<\/p>\n","protected":false},"featured_media":12282,"comment_status":"closed","ping_status":"closed","template":"","meta":[],"product_brand":[],"product_cat":[273],"product_tag":[],"wpstream_actors":[],"wpstream_category":[],"wpstream_movie_rating":[],"class_list":{"0":"post-12281","1":"product","2":"type-product","3":"status-publish","4":"has-post-thumbnail","6":"product_cat-oem-motagem-fixa","8":"first","9":"onbackorder","10":"taxable","11":"shipping-taxable","12":"product-type-simple","13":"czr-hentry"},"yoast_head":"<!-- This site is optimized with the Yoast SEO plugin v27.5 - https:\/\/yoast.com\/product\/yoast-seo-wordpress\/ -->\n<title>NLV-1001 - AUNA Metrologia e Instrumenta\u00e7\u00e3o - Instrumentos de Medi\u00e7\u00e3o, Sensores para Monitoramento e Software para Calibra\u00e7\u00e3o, Ensaio e Inspe\u00e7\u00e3o<\/title>\n<meta name=\"robots\" content=\"index, follow, max-snippet:-1, max-image-preview:large, max-video-preview:-1\" \/>\n<link rel=\"canonical\" href=\"https:\/\/auna.com.br\/auna\/produto\/nlv-1001\/\" \/>\n<meta property=\"og:locale\" content=\"pt_BR\" \/>\n<meta property=\"og:type\" content=\"article\" \/>\n<meta property=\"og:title\" content=\"NLV-1001 - AUNA Metrologia e Instrumenta\u00e7\u00e3o - Instrumentos de Medi\u00e7\u00e3o, Sensores para Monitoramento e Software para Calibra\u00e7\u00e3o, Ensaio e Inspe\u00e7\u00e3o\" \/>\n<meta property=\"og:description\" content=\"Leitores de c\u00f3digo de barras estacion\u00e1rios s\u00e3o a maneira mais f\u00e1cil de integrar um componente de leitor ao seu produto ou processo comercial.\u00a0O NLV-1001 \u00e9 um desses leitores de c\u00f3digo de barras estacion\u00e1rios.\u00a0Com este leitor de c\u00f3digo de barras, voc\u00ea n\u00e3o precisa ficar puxando o gatilho ou apertando o bot\u00e3o para ler.\u00a0Na verdade, basta apertar [&hellip;]\" \/>\n<meta property=\"og:url\" content=\"https:\/\/auna.com.br\/auna\/produto\/nlv-1001\/\" \/>\n<meta property=\"og:site_name\" content=\"AUNA Metrologia e Instrumenta\u00e7\u00e3o - Instrumentos de Medi\u00e7\u00e3o, Sensores para Monitoramento e Software para Calibra\u00e7\u00e3o, Ensaio e Inspe\u00e7\u00e3o\" \/>\n<meta property=\"article:modified_time\" content=\"2023-12-27T17:52:37+00:00\" \/>\n<meta property=\"og:image\" content=\"https:\/\/auna.com.br\/auna\/wp-content\/uploads\/2023\/12\/NLV-1001-Angle-600x600-1.png\" \/>\n\t<meta property=\"og:image:width\" content=\"600\" \/>\n\t<meta property=\"og:image:height\" content=\"600\" \/>\n\t<meta property=\"og:image:type\" content=\"image\/png\" \/>\n<meta name=\"twitter:card\" content=\"summary_large_image\" \/>\n<meta name=\"twitter:label1\" content=\"Est. tempo de leitura\" \/>\n\t<meta name=\"twitter:data1\" content=\"2 minutos\" \/>\n<script type=\"application\/ld+json\" class=\"yoast-schema-graph\">{\"@context\":\"https:\\\/\\\/schema.org\",\"@graph\":[{\"@type\":\"WebPage\",\"@id\":\"https:\\\/\\\/auna.com.br\\\/auna\\\/produto\\\/nlv-1001\\\/\",\"url\":\"https:\\\/\\\/auna.com.br\\\/auna\\\/produto\\\/nlv-1001\\\/\",\"name\":\"NLV-1001 - AUNA Metrologia e Instrumenta\u00e7\u00e3o - Instrumentos de Medi\u00e7\u00e3o, Sensores para Monitoramento e Software para Calibra\u00e7\u00e3o, Ensaio e Inspe\u00e7\u00e3o\",\"isPartOf\":{\"@id\":\"https:\\\/\\\/auna.com.br\\\/auna\\\/#website\"},\"primaryImageOfPage\":{\"@id\":\"https:\\\/\\\/auna.com.br\\\/auna\\\/produto\\\/nlv-1001\\\/#primaryimage\"},\"image\":{\"@id\":\"https:\\\/\\\/auna.com.br\\\/auna\\\/produto\\\/nlv-1001\\\/#primaryimage\"},\"thumbnailUrl\":\"https:\\\/\\\/auna.com.br\\\/auna\\\/wp-content\\\/uploads\\\/2023\\\/12\\\/NLV-1001-Angle-600x600-1.png\",\"datePublished\":\"2023-12-26T12:04:32+00:00\",\"dateModified\":\"2023-12-27T17:52:37+00:00\",\"breadcrumb\":{\"@id\":\"https:\\\/\\\/auna.com.br\\\/auna\\\/produto\\\/nlv-1001\\\/#breadcrumb\"},\"inLanguage\":\"pt-BR\",\"potentialAction\":[{\"@type\":\"ReadAction\",\"target\":[\"https:\\\/\\\/auna.com.br\\\/auna\\\/produto\\\/nlv-1001\\\/\"]}]},{\"@type\":\"ImageObject\",\"inLanguage\":\"pt-BR\",\"@id\":\"https:\\\/\\\/auna.com.br\\\/auna\\\/produto\\\/nlv-1001\\\/#primaryimage\",\"url\":\"https:\\\/\\\/auna.com.br\\\/auna\\\/wp-content\\\/uploads\\\/2023\\\/12\\\/NLV-1001-Angle-600x600-1.png\",\"contentUrl\":\"https:\\\/\\\/auna.com.br\\\/auna\\\/wp-content\\\/uploads\\\/2023\\\/12\\\/NLV-1001-Angle-600x600-1.png\",\"width\":600,\"height\":600},{\"@type\":\"BreadcrumbList\",\"@id\":\"https:\\\/\\\/auna.com.br\\\/auna\\\/produto\\\/nlv-1001\\\/#breadcrumb\",\"itemListElement\":[{\"@type\":\"ListItem\",\"position\":1,\"name\":\"In\u00edcio\",\"item\":\"https:\\\/\\\/auna.com.br\\\/auna\\\/\"},{\"@type\":\"ListItem\",\"position\":2,\"name\":\"Instrumentos\",\"item\":\"https:\\\/\\\/auna.com.br\\\/auna\\\/loja\\\/\"},{\"@type\":\"ListItem\",\"position\":3,\"name\":\"NLV-1001\"}]},{\"@type\":\"WebSite\",\"@id\":\"https:\\\/\\\/auna.com.br\\\/auna\\\/#website\",\"url\":\"https:\\\/\\\/auna.com.br\\\/auna\\\/\",\"name\":\"AUNA Metrologia e Instrumenta\u00e7\u00e3o - Instrumentos de Medi\u00e7\u00e3o, Sensores para Monitoramento e Software para Calibra\u00e7\u00e3o, Ensaio e Inspe\u00e7\u00e3o\",\"description\":\"comercial@auna.com.br || +55 15 9 8129-4041\",\"publisher\":{\"@id\":\"https:\\\/\\\/auna.com.br\\\/auna\\\/#organization\"},\"potentialAction\":[{\"@type\":\"SearchAction\",\"target\":{\"@type\":\"EntryPoint\",\"urlTemplate\":\"https:\\\/\\\/auna.com.br\\\/auna\\\/?s={search_term_string}\"},\"query-input\":{\"@type\":\"PropertyValueSpecification\",\"valueRequired\":true,\"valueName\":\"search_term_string\"}}],\"inLanguage\":\"pt-BR\"},{\"@type\":\"Organization\",\"@id\":\"https:\\\/\\\/auna.com.br\\\/auna\\\/#organization\",\"name\":\"AUNA Metrologia e Instrumenta\u00e7\u00e3o - Instrumentos de Medi\u00e7\u00e3o, Sensores para Monitoramento e Software para Calibra\u00e7\u00e3o, Ensaio e Inspe\u00e7\u00e3o\",\"url\":\"https:\\\/\\\/auna.com.br\\\/auna\\\/\",\"logo\":{\"@type\":\"ImageObject\",\"inLanguage\":\"pt-BR\",\"@id\":\"https:\\\/\\\/auna.com.br\\\/auna\\\/#\\\/schema\\\/logo\\\/image\\\/\",\"url\":\"https:\\\/\\\/auna.com.br\\\/auna\\\/wp-content\\\/uploads\\\/2023\\\/03\\\/cropped-AUNA_Logo_Transparente.png\",\"contentUrl\":\"https:\\\/\\\/auna.com.br\\\/auna\\\/wp-content\\\/uploads\\\/2023\\\/03\\\/cropped-AUNA_Logo_Transparente.png\",\"width\":960,\"height\":430,\"caption\":\"AUNA Metrologia e Instrumenta\u00e7\u00e3o - Instrumentos de Medi\u00e7\u00e3o, Sensores para Monitoramento e Software para Calibra\u00e7\u00e3o, Ensaio e Inspe\u00e7\u00e3o\"},\"image\":{\"@id\":\"https:\\\/\\\/auna.com.br\\\/auna\\\/#\\\/schema\\\/logo\\\/image\\\/\"}}]}<\/script>\n<!-- \/ Yoast SEO plugin. -->","yoast_head_json":{"title":"NLV-1001 - AUNA Metrologia e Instrumenta\u00e7\u00e3o - Instrumentos de Medi\u00e7\u00e3o, Sensores para Monitoramento e Software para Calibra\u00e7\u00e3o, Ensaio e Inspe\u00e7\u00e3o","robots":{"index":"index","follow":"follow","max-snippet":"max-snippet:-1","max-image-preview":"max-image-preview:large","max-video-preview":"max-video-preview:-1"},"canonical":"https:\/\/auna.com.br\/auna\/produto\/nlv-1001\/","og_locale":"pt_BR","og_type":"article","og_title":"NLV-1001 - AUNA Metrologia e Instrumenta\u00e7\u00e3o - Instrumentos de Medi\u00e7\u00e3o, Sensores para Monitoramento e Software para Calibra\u00e7\u00e3o, Ensaio e Inspe\u00e7\u00e3o","og_description":"Leitores de c\u00f3digo de barras estacion\u00e1rios s\u00e3o a maneira mais f\u00e1cil de integrar um componente de leitor ao seu produto ou processo comercial.\u00a0O NLV-1001 \u00e9 um desses leitores de c\u00f3digo de barras estacion\u00e1rios.\u00a0Com este leitor de c\u00f3digo de barras, voc\u00ea n\u00e3o precisa ficar puxando o gatilho ou apertando o bot\u00e3o para ler.\u00a0Na verdade, basta apertar [&hellip;]","og_url":"https:\/\/auna.com.br\/auna\/produto\/nlv-1001\/","og_site_name":"AUNA Metrologia e Instrumenta\u00e7\u00e3o - Instrumentos de Medi\u00e7\u00e3o, Sensores para Monitoramento e Software para Calibra\u00e7\u00e3o, Ensaio e Inspe\u00e7\u00e3o","article_modified_time":"2023-12-27T17:52:37+00:00","og_image":[{"width":600,"height":600,"url":"https:\/\/auna.com.br\/auna\/wp-content\/uploads\/2023\/12\/NLV-1001-Angle-600x600-1.png","type":"image\/png"}],"twitter_card":"summary_large_image","twitter_misc":{"Est. tempo de leitura":"2 minutos"},"schema":{"@context":"https:\/\/schema.org","@graph":[{"@type":"WebPage","@id":"https:\/\/auna.com.br\/auna\/produto\/nlv-1001\/","url":"https:\/\/auna.com.br\/auna\/produto\/nlv-1001\/","name":"NLV-1001 - AUNA Metrologia e Instrumenta\u00e7\u00e3o - Instrumentos de Medi\u00e7\u00e3o, Sensores para Monitoramento e Software para Calibra\u00e7\u00e3o, Ensaio e Inspe\u00e7\u00e3o","isPartOf":{"@id":"https:\/\/auna.com.br\/auna\/#website"},"primaryImageOfPage":{"@id":"https:\/\/auna.com.br\/auna\/produto\/nlv-1001\/#primaryimage"},"image":{"@id":"https:\/\/auna.com.br\/auna\/produto\/nlv-1001\/#primaryimage"},"thumbnailUrl":"https:\/\/auna.com.br\/auna\/wp-content\/uploads\/2023\/12\/NLV-1001-Angle-600x600-1.png","datePublished":"2023-12-26T12:04:32+00:00","dateModified":"2023-12-27T17:52:37+00:00","breadcrumb":{"@id":"https:\/\/auna.com.br\/auna\/produto\/nlv-1001\/#breadcrumb"},"inLanguage":"pt-BR","potentialAction":[{"@type":"ReadAction","target":["https:\/\/auna.com.br\/auna\/produto\/nlv-1001\/"]}]},{"@type":"ImageObject","inLanguage":"pt-BR","@id":"https:\/\/auna.com.br\/auna\/produto\/nlv-1001\/#primaryimage","url":"https:\/\/auna.com.br\/auna\/wp-content\/uploads\/2023\/12\/NLV-1001-Angle-600x600-1.png","contentUrl":"https:\/\/auna.com.br\/auna\/wp-content\/uploads\/2023\/12\/NLV-1001-Angle-600x600-1.png","width":600,"height":600},{"@type":"BreadcrumbList","@id":"https:\/\/auna.com.br\/auna\/produto\/nlv-1001\/#breadcrumb","itemListElement":[{"@type":"ListItem","position":1,"name":"In\u00edcio","item":"https:\/\/auna.com.br\/auna\/"},{"@type":"ListItem","position":2,"name":"Instrumentos","item":"https:\/\/auna.com.br\/auna\/loja\/"},{"@type":"ListItem","position":3,"name":"NLV-1001"}]},{"@type":"WebSite","@id":"https:\/\/auna.com.br\/auna\/#website","url":"https:\/\/auna.com.br\/auna\/","name":"AUNA Metrologia e Instrumenta\u00e7\u00e3o - Instrumentos de Medi\u00e7\u00e3o, Sensores para Monitoramento e Software para Calibra\u00e7\u00e3o, Ensaio e Inspe\u00e7\u00e3o","description":"comercial@auna.com.br || +55 15 9 8129-4041","publisher":{"@id":"https:\/\/auna.com.br\/auna\/#organization"},"potentialAction":[{"@type":"SearchAction","target":{"@type":"EntryPoint","urlTemplate":"https:\/\/auna.com.br\/auna\/?s={search_term_string}"},"query-input":{"@type":"PropertyValueSpecification","valueRequired":true,"valueName":"search_term_string"}}],"inLanguage":"pt-BR"},{"@type":"Organization","@id":"https:\/\/auna.com.br\/auna\/#organization","name":"AUNA Metrologia e Instrumenta\u00e7\u00e3o - Instrumentos de Medi\u00e7\u00e3o, Sensores para Monitoramento e Software para Calibra\u00e7\u00e3o, Ensaio e Inspe\u00e7\u00e3o","url":"https:\/\/auna.com.br\/auna\/","logo":{"@type":"ImageObject","inLanguage":"pt-BR","@id":"https:\/\/auna.com.br\/auna\/#\/schema\/logo\/image\/","url":"https:\/\/auna.com.br\/auna\/wp-content\/uploads\/2023\/03\/cropped-AUNA_Logo_Transparente.png","contentUrl":"https:\/\/auna.com.br\/auna\/wp-content\/uploads\/2023\/03\/cropped-AUNA_Logo_Transparente.png","width":960,"height":430,"caption":"AUNA Metrologia e Instrumenta\u00e7\u00e3o - Instrumentos de Medi\u00e7\u00e3o, Sensores para Monitoramento e Software para Calibra\u00e7\u00e3o, Ensaio e Inspe\u00e7\u00e3o"},"image":{"@id":"https:\/\/auna.com.br\/auna\/#\/schema\/logo\/image\/"}}]}},"_links":{"self":[{"href":"https:\/\/auna.com.br\/auna\/wp-json\/wp\/v2\/product\/12281","targetHints":{"allow":["GET"]}}],"collection":[{"href":"https:\/\/auna.com.br\/auna\/wp-json\/wp\/v2\/product"}],"about":[{"href":"https:\/\/auna.com.br\/auna\/wp-json\/wp\/v2\/types\/product"}],"replies":[{"embeddable":true,"href":"https:\/\/auna.com.br\/auna\/wp-json\/wp\/v2\/comments?post=12281"}],"wp:featuredmedia":[{"embeddable":true,"href":"https:\/\/auna.com.br\/auna\/wp-json\/wp\/v2\/media\/12282"}],"wp:attachment":[{"href":"https:\/\/auna.com.br\/auna\/wp-json\/wp\/v2\/media?parent=12281"}],"wp:term":[{"taxonomy":"product_brand","embeddable":true,"href":"https:\/\/auna.com.br\/auna\/wp-json\/wp\/v2\/product_brand?post=12281"},{"taxonomy":"product_cat","embeddable":true,"href":"https:\/\/auna.com.br\/auna\/wp-json\/wp\/v2\/product_cat?post=12281"},{"taxonomy":"product_tag","embeddable":true,"href":"https:\/\/auna.com.br\/auna\/wp-json\/wp\/v2\/product_tag?post=12281"},{"taxonomy":"wpstream_actors","embeddable":true,"href":"https:\/\/auna.com.br\/auna\/wp-json\/wp\/v2\/wpstream_actors?post=12281"},{"taxonomy":"wpstream_category","embeddable":true,"href":"https:\/\/auna.com.br\/auna\/wp-json\/wp\/v2\/wpstream_category?post=12281"},{"taxonomy":"wpstream_movie_rating","embeddable":true,"href":"https:\/\/auna.com.br\/auna\/wp-json\/wp\/v2\/wpstream_movie_rating?post=12281"}],"curies":[{"name":"wp","href":"https:\/\/api.w.org\/{rel}","templated":true}]}}