{"id":12287,"date":"2023-12-26T09:07:55","date_gmt":"2023-12-26T12:07:55","guid":{"rendered":"https:\/\/auna.com.br\/auna\/?post_type=product&#038;p=12287"},"modified":"2023-12-27T14:52:36","modified_gmt":"2023-12-27T17:52:36","slug":"nlv-4001","status":"publish","type":"product","link":"https:\/\/auna.com.br\/auna\/produto\/nlv-4001\/","title":{"rendered":"NLV-4001"},"content":{"rendered":"<p><span>O NLV-4001 \u00e9 o nosso mais recente desenvolvimento na s\u00e9rie NLV.\u00a0Este pequeno leitor de c\u00f3digo de barras CCD 1D \u00e9 facilmente integrado e l\u00ea em alta velocidade.\u00a0O scanner de posi\u00e7\u00e3o fixa \u00e9 perfeito para as aplica\u00e7\u00f5es mais exigentes e tamb\u00e9m \u00e9 muito resistente com classifica\u00e7\u00e3o IP-65.<\/span><\/p>\n<h3><span>Recursos do NLV-4001<\/span><\/h3>\n<p><span>Algumas caracter\u00edsticas pelas quais o NLV-4001 deve estar em seu pr\u00f3ximo projeto ODM ou OEM:<\/span><\/p>\n<ul>\n<li><span>Leitor de c\u00f3digo de barras CCD de montagem fixa que \u00e9 confi\u00e1vel, dur\u00e1vel e acess\u00edvel<\/span><\/li>\n<li><span>Algoritmos de decodifica\u00e7\u00e3o aprimorados para leitura de c\u00f3digo de barras ultrarr\u00e1pida (300 leituras\/segundo)<\/span><\/li>\n<li><span>A linha de mira LED vermelha \u00fanica ajuda a encontrar rapidamente a posi\u00e7\u00e3o de digitaliza\u00e7\u00e3o apropriada<\/span><\/li>\n<li><span>L\u00ea c\u00f3digos de barras 1D de telas LCD e telefones celulares<\/span><\/li>\n<li><span>Capaz de ler c\u00f3digos de barras negativos (barras brancas em espa\u00e7os pretos)<\/span><\/li>\n<li><span>Unidade completa com decodificador integrado<\/span><\/li>\n<li><span>Classifica\u00e7\u00e3o IP65 contra poeira e umidade<\/span><\/li>\n<li><span>Interface de comunica\u00e7\u00e3o: USB ou RS232 (sem conector)<\/span><\/li>\n<li><span>Apoiado por uma garantia de dois anos<\/span><\/li>\n<\/ul>\n","protected":false},"excerpt":{"rendered":"<p>O NLV-4001 \u00e9 o nosso mais recente desenvolvimento na s\u00e9rie NLV.\u00a0Este pequeno leitor de c\u00f3digo de barras CCD 1D \u00e9 facilmente integrado e l\u00ea em alta velocidade.\u00a0O scanner de posi\u00e7\u00e3o fixa \u00e9 perfeito para as aplica\u00e7\u00f5es mais exigentes e tamb\u00e9m \u00e9 muito resistente com classifica\u00e7\u00e3o IP-65. Recursos do NLV-4001 Algumas caracter\u00edsticas pelas quais o NLV-4001 [&hellip;]<\/p>\n","protected":false},"featured_media":12288,"comment_status":"closed","ping_status":"closed","template":"","meta":[],"product_brand":[],"product_cat":[273],"product_tag":[],"wpstream_actors":[],"wpstream_category":[],"wpstream_movie_rating":[],"class_list":{"0":"post-12287","1":"product","2":"type-product","3":"status-publish","4":"has-post-thumbnail","6":"product_cat-oem-motagem-fixa","8":"first","9":"onbackorder","10":"taxable","11":"shipping-taxable","12":"product-type-simple","13":"czr-hentry"},"yoast_head":"<!-- This site is optimized with the Yoast SEO plugin v27.5 - https:\/\/yoast.com\/product\/yoast-seo-wordpress\/ -->\n<title>NLV-4001 - AUNA Metrologia e Instrumenta\u00e7\u00e3o - Instrumentos de Medi\u00e7\u00e3o, Sensores para Monitoramento e Software para Calibra\u00e7\u00e3o, Ensaio e Inspe\u00e7\u00e3o<\/title>\n<meta name=\"robots\" content=\"index, follow, max-snippet:-1, max-image-preview:large, max-video-preview:-1\" \/>\n<link rel=\"canonical\" href=\"https:\/\/auna.com.br\/auna\/produto\/nlv-4001\/\" \/>\n<meta property=\"og:locale\" content=\"pt_BR\" \/>\n<meta property=\"og:type\" content=\"article\" \/>\n<meta property=\"og:title\" content=\"NLV-4001 - AUNA Metrologia e Instrumenta\u00e7\u00e3o - Instrumentos de Medi\u00e7\u00e3o, Sensores para Monitoramento e Software para Calibra\u00e7\u00e3o, Ensaio e Inspe\u00e7\u00e3o\" \/>\n<meta property=\"og:description\" content=\"O NLV-4001 \u00e9 o nosso mais recente desenvolvimento na s\u00e9rie NLV.\u00a0Este pequeno leitor de c\u00f3digo de barras CCD 1D \u00e9 facilmente integrado e l\u00ea em alta velocidade.\u00a0O scanner de posi\u00e7\u00e3o fixa \u00e9 perfeito para as aplica\u00e7\u00f5es mais exigentes e tamb\u00e9m \u00e9 muito resistente com classifica\u00e7\u00e3o IP-65. Recursos do NLV-4001 Algumas caracter\u00edsticas pelas quais o NLV-4001 [&hellip;]\" \/>\n<meta property=\"og:url\" content=\"https:\/\/auna.com.br\/auna\/produto\/nlv-4001\/\" \/>\n<meta property=\"og:site_name\" content=\"AUNA Metrologia e Instrumenta\u00e7\u00e3o - Instrumentos de Medi\u00e7\u00e3o, Sensores para Monitoramento e Software para Calibra\u00e7\u00e3o, Ensaio e Inspe\u00e7\u00e3o\" \/>\n<meta property=\"article:modified_time\" content=\"2023-12-27T17:52:36+00:00\" \/>\n<meta property=\"og:image\" content=\"https:\/\/auna.com.br\/auna\/wp-content\/uploads\/2023\/12\/NLV-4001-Angle-Top-600x600-1.png\" \/>\n\t<meta property=\"og:image:width\" content=\"600\" \/>\n\t<meta property=\"og:image:height\" content=\"600\" \/>\n\t<meta property=\"og:image:type\" content=\"image\/png\" \/>\n<meta name=\"twitter:card\" content=\"summary_large_image\" \/>\n<meta name=\"twitter:label1\" content=\"Est. tempo de leitura\" \/>\n\t<meta name=\"twitter:data1\" content=\"2 minutos\" \/>\n<script type=\"application\/ld+json\" class=\"yoast-schema-graph\">{\"@context\":\"https:\\\/\\\/schema.org\",\"@graph\":[{\"@type\":\"WebPage\",\"@id\":\"https:\\\/\\\/auna.com.br\\\/auna\\\/produto\\\/nlv-4001\\\/\",\"url\":\"https:\\\/\\\/auna.com.br\\\/auna\\\/produto\\\/nlv-4001\\\/\",\"name\":\"NLV-4001 - AUNA Metrologia e Instrumenta\u00e7\u00e3o - Instrumentos de Medi\u00e7\u00e3o, Sensores para Monitoramento e Software para Calibra\u00e7\u00e3o, Ensaio e Inspe\u00e7\u00e3o\",\"isPartOf\":{\"@id\":\"https:\\\/\\\/auna.com.br\\\/auna\\\/#website\"},\"primaryImageOfPage\":{\"@id\":\"https:\\\/\\\/auna.com.br\\\/auna\\\/produto\\\/nlv-4001\\\/#primaryimage\"},\"image\":{\"@id\":\"https:\\\/\\\/auna.com.br\\\/auna\\\/produto\\\/nlv-4001\\\/#primaryimage\"},\"thumbnailUrl\":\"https:\\\/\\\/auna.com.br\\\/auna\\\/wp-content\\\/uploads\\\/2023\\\/12\\\/NLV-4001-Angle-Top-600x600-1.png\",\"datePublished\":\"2023-12-26T12:07:55+00:00\",\"dateModified\":\"2023-12-27T17:52:36+00:00\",\"breadcrumb\":{\"@id\":\"https:\\\/\\\/auna.com.br\\\/auna\\\/produto\\\/nlv-4001\\\/#breadcrumb\"},\"inLanguage\":\"pt-BR\",\"potentialAction\":[{\"@type\":\"ReadAction\",\"target\":[\"https:\\\/\\\/auna.com.br\\\/auna\\\/produto\\\/nlv-4001\\\/\"]}]},{\"@type\":\"ImageObject\",\"inLanguage\":\"pt-BR\",\"@id\":\"https:\\\/\\\/auna.com.br\\\/auna\\\/produto\\\/nlv-4001\\\/#primaryimage\",\"url\":\"https:\\\/\\\/auna.com.br\\\/auna\\\/wp-content\\\/uploads\\\/2023\\\/12\\\/NLV-4001-Angle-Top-600x600-1.png\",\"contentUrl\":\"https:\\\/\\\/auna.com.br\\\/auna\\\/wp-content\\\/uploads\\\/2023\\\/12\\\/NLV-4001-Angle-Top-600x600-1.png\",\"width\":600,\"height\":600},{\"@type\":\"BreadcrumbList\",\"@id\":\"https:\\\/\\\/auna.com.br\\\/auna\\\/produto\\\/nlv-4001\\\/#breadcrumb\",\"itemListElement\":[{\"@type\":\"ListItem\",\"position\":1,\"name\":\"In\u00edcio\",\"item\":\"https:\\\/\\\/auna.com.br\\\/auna\\\/\"},{\"@type\":\"ListItem\",\"position\":2,\"name\":\"Instrumentos\",\"item\":\"https:\\\/\\\/auna.com.br\\\/auna\\\/loja\\\/\"},{\"@type\":\"ListItem\",\"position\":3,\"name\":\"NLV-4001\"}]},{\"@type\":\"WebSite\",\"@id\":\"https:\\\/\\\/auna.com.br\\\/auna\\\/#website\",\"url\":\"https:\\\/\\\/auna.com.br\\\/auna\\\/\",\"name\":\"AUNA Metrologia e Instrumenta\u00e7\u00e3o - Instrumentos de Medi\u00e7\u00e3o, Sensores para Monitoramento e Software para Calibra\u00e7\u00e3o, Ensaio e Inspe\u00e7\u00e3o\",\"description\":\"comercial@auna.com.br || +55 15 9 8129-4041\",\"publisher\":{\"@id\":\"https:\\\/\\\/auna.com.br\\\/auna\\\/#organization\"},\"potentialAction\":[{\"@type\":\"SearchAction\",\"target\":{\"@type\":\"EntryPoint\",\"urlTemplate\":\"https:\\\/\\\/auna.com.br\\\/auna\\\/?s={search_term_string}\"},\"query-input\":{\"@type\":\"PropertyValueSpecification\",\"valueRequired\":true,\"valueName\":\"search_term_string\"}}],\"inLanguage\":\"pt-BR\"},{\"@type\":\"Organization\",\"@id\":\"https:\\\/\\\/auna.com.br\\\/auna\\\/#organization\",\"name\":\"AUNA Metrologia e Instrumenta\u00e7\u00e3o - Instrumentos de Medi\u00e7\u00e3o, Sensores para Monitoramento e Software para Calibra\u00e7\u00e3o, Ensaio e Inspe\u00e7\u00e3o\",\"url\":\"https:\\\/\\\/auna.com.br\\\/auna\\\/\",\"logo\":{\"@type\":\"ImageObject\",\"inLanguage\":\"pt-BR\",\"@id\":\"https:\\\/\\\/auna.com.br\\\/auna\\\/#\\\/schema\\\/logo\\\/image\\\/\",\"url\":\"https:\\\/\\\/auna.com.br\\\/auna\\\/wp-content\\\/uploads\\\/2023\\\/03\\\/cropped-AUNA_Logo_Transparente.png\",\"contentUrl\":\"https:\\\/\\\/auna.com.br\\\/auna\\\/wp-content\\\/uploads\\\/2023\\\/03\\\/cropped-AUNA_Logo_Transparente.png\",\"width\":960,\"height\":430,\"caption\":\"AUNA Metrologia e Instrumenta\u00e7\u00e3o - Instrumentos de Medi\u00e7\u00e3o, Sensores para Monitoramento e Software para Calibra\u00e7\u00e3o, Ensaio e Inspe\u00e7\u00e3o\"},\"image\":{\"@id\":\"https:\\\/\\\/auna.com.br\\\/auna\\\/#\\\/schema\\\/logo\\\/image\\\/\"}}]}<\/script>\n<!-- \/ Yoast SEO plugin. -->","yoast_head_json":{"title":"NLV-4001 - AUNA Metrologia e Instrumenta\u00e7\u00e3o - Instrumentos de Medi\u00e7\u00e3o, Sensores para Monitoramento e Software para Calibra\u00e7\u00e3o, Ensaio e Inspe\u00e7\u00e3o","robots":{"index":"index","follow":"follow","max-snippet":"max-snippet:-1","max-image-preview":"max-image-preview:large","max-video-preview":"max-video-preview:-1"},"canonical":"https:\/\/auna.com.br\/auna\/produto\/nlv-4001\/","og_locale":"pt_BR","og_type":"article","og_title":"NLV-4001 - AUNA Metrologia e Instrumenta\u00e7\u00e3o - Instrumentos de Medi\u00e7\u00e3o, Sensores para Monitoramento e Software para Calibra\u00e7\u00e3o, Ensaio e Inspe\u00e7\u00e3o","og_description":"O NLV-4001 \u00e9 o nosso mais recente desenvolvimento na s\u00e9rie NLV.\u00a0Este pequeno leitor de c\u00f3digo de barras CCD 1D \u00e9 facilmente integrado e l\u00ea em alta velocidade.\u00a0O scanner de posi\u00e7\u00e3o fixa \u00e9 perfeito para as aplica\u00e7\u00f5es mais exigentes e tamb\u00e9m \u00e9 muito resistente com classifica\u00e7\u00e3o IP-65. Recursos do NLV-4001 Algumas caracter\u00edsticas pelas quais o NLV-4001 [&hellip;]","og_url":"https:\/\/auna.com.br\/auna\/produto\/nlv-4001\/","og_site_name":"AUNA Metrologia e Instrumenta\u00e7\u00e3o - Instrumentos de Medi\u00e7\u00e3o, Sensores para Monitoramento e Software para Calibra\u00e7\u00e3o, Ensaio e Inspe\u00e7\u00e3o","article_modified_time":"2023-12-27T17:52:36+00:00","og_image":[{"width":600,"height":600,"url":"https:\/\/auna.com.br\/auna\/wp-content\/uploads\/2023\/12\/NLV-4001-Angle-Top-600x600-1.png","type":"image\/png"}],"twitter_card":"summary_large_image","twitter_misc":{"Est. tempo de leitura":"2 minutos"},"schema":{"@context":"https:\/\/schema.org","@graph":[{"@type":"WebPage","@id":"https:\/\/auna.com.br\/auna\/produto\/nlv-4001\/","url":"https:\/\/auna.com.br\/auna\/produto\/nlv-4001\/","name":"NLV-4001 - AUNA Metrologia e Instrumenta\u00e7\u00e3o - Instrumentos de Medi\u00e7\u00e3o, Sensores para Monitoramento e Software para Calibra\u00e7\u00e3o, Ensaio e Inspe\u00e7\u00e3o","isPartOf":{"@id":"https:\/\/auna.com.br\/auna\/#website"},"primaryImageOfPage":{"@id":"https:\/\/auna.com.br\/auna\/produto\/nlv-4001\/#primaryimage"},"image":{"@id":"https:\/\/auna.com.br\/auna\/produto\/nlv-4001\/#primaryimage"},"thumbnailUrl":"https:\/\/auna.com.br\/auna\/wp-content\/uploads\/2023\/12\/NLV-4001-Angle-Top-600x600-1.png","datePublished":"2023-12-26T12:07:55+00:00","dateModified":"2023-12-27T17:52:36+00:00","breadcrumb":{"@id":"https:\/\/auna.com.br\/auna\/produto\/nlv-4001\/#breadcrumb"},"inLanguage":"pt-BR","potentialAction":[{"@type":"ReadAction","target":["https:\/\/auna.com.br\/auna\/produto\/nlv-4001\/"]}]},{"@type":"ImageObject","inLanguage":"pt-BR","@id":"https:\/\/auna.com.br\/auna\/produto\/nlv-4001\/#primaryimage","url":"https:\/\/auna.com.br\/auna\/wp-content\/uploads\/2023\/12\/NLV-4001-Angle-Top-600x600-1.png","contentUrl":"https:\/\/auna.com.br\/auna\/wp-content\/uploads\/2023\/12\/NLV-4001-Angle-Top-600x600-1.png","width":600,"height":600},{"@type":"BreadcrumbList","@id":"https:\/\/auna.com.br\/auna\/produto\/nlv-4001\/#breadcrumb","itemListElement":[{"@type":"ListItem","position":1,"name":"In\u00edcio","item":"https:\/\/auna.com.br\/auna\/"},{"@type":"ListItem","position":2,"name":"Instrumentos","item":"https:\/\/auna.com.br\/auna\/loja\/"},{"@type":"ListItem","position":3,"name":"NLV-4001"}]},{"@type":"WebSite","@id":"https:\/\/auna.com.br\/auna\/#website","url":"https:\/\/auna.com.br\/auna\/","name":"AUNA Metrologia e Instrumenta\u00e7\u00e3o - Instrumentos de Medi\u00e7\u00e3o, Sensores para Monitoramento e Software para Calibra\u00e7\u00e3o, Ensaio e Inspe\u00e7\u00e3o","description":"comercial@auna.com.br || +55 15 9 8129-4041","publisher":{"@id":"https:\/\/auna.com.br\/auna\/#organization"},"potentialAction":[{"@type":"SearchAction","target":{"@type":"EntryPoint","urlTemplate":"https:\/\/auna.com.br\/auna\/?s={search_term_string}"},"query-input":{"@type":"PropertyValueSpecification","valueRequired":true,"valueName":"search_term_string"}}],"inLanguage":"pt-BR"},{"@type":"Organization","@id":"https:\/\/auna.com.br\/auna\/#organization","name":"AUNA Metrologia e Instrumenta\u00e7\u00e3o - Instrumentos de Medi\u00e7\u00e3o, Sensores para Monitoramento e Software para Calibra\u00e7\u00e3o, Ensaio e Inspe\u00e7\u00e3o","url":"https:\/\/auna.com.br\/auna\/","logo":{"@type":"ImageObject","inLanguage":"pt-BR","@id":"https:\/\/auna.com.br\/auna\/#\/schema\/logo\/image\/","url":"https:\/\/auna.com.br\/auna\/wp-content\/uploads\/2023\/03\/cropped-AUNA_Logo_Transparente.png","contentUrl":"https:\/\/auna.com.br\/auna\/wp-content\/uploads\/2023\/03\/cropped-AUNA_Logo_Transparente.png","width":960,"height":430,"caption":"AUNA Metrologia e Instrumenta\u00e7\u00e3o - Instrumentos de Medi\u00e7\u00e3o, Sensores para Monitoramento e Software para Calibra\u00e7\u00e3o, Ensaio e Inspe\u00e7\u00e3o"},"image":{"@id":"https:\/\/auna.com.br\/auna\/#\/schema\/logo\/image\/"}}]}},"_links":{"self":[{"href":"https:\/\/auna.com.br\/auna\/wp-json\/wp\/v2\/product\/12287","targetHints":{"allow":["GET"]}}],"collection":[{"href":"https:\/\/auna.com.br\/auna\/wp-json\/wp\/v2\/product"}],"about":[{"href":"https:\/\/auna.com.br\/auna\/wp-json\/wp\/v2\/types\/product"}],"replies":[{"embeddable":true,"href":"https:\/\/auna.com.br\/auna\/wp-json\/wp\/v2\/comments?post=12287"}],"wp:featuredmedia":[{"embeddable":true,"href":"https:\/\/auna.com.br\/auna\/wp-json\/wp\/v2\/media\/12288"}],"wp:attachment":[{"href":"https:\/\/auna.com.br\/auna\/wp-json\/wp\/v2\/media?parent=12287"}],"wp:term":[{"taxonomy":"product_brand","embeddable":true,"href":"https:\/\/auna.com.br\/auna\/wp-json\/wp\/v2\/product_brand?post=12287"},{"taxonomy":"product_cat","embeddable":true,"href":"https:\/\/auna.com.br\/auna\/wp-json\/wp\/v2\/product_cat?post=12287"},{"taxonomy":"product_tag","embeddable":true,"href":"https:\/\/auna.com.br\/auna\/wp-json\/wp\/v2\/product_tag?post=12287"},{"taxonomy":"wpstream_actors","embeddable":true,"href":"https:\/\/auna.com.br\/auna\/wp-json\/wp\/v2\/wpstream_actors?post=12287"},{"taxonomy":"wpstream_category","embeddable":true,"href":"https:\/\/auna.com.br\/auna\/wp-json\/wp\/v2\/wpstream_category?post=12287"},{"taxonomy":"wpstream_movie_rating","embeddable":true,"href":"https:\/\/auna.com.br\/auna\/wp-json\/wp\/v2\/wpstream_movie_rating?post=12287"}],"curies":[{"name":"wp","href":"https:\/\/api.w.org\/{rel}","templated":true}]}}