{"id":12300,"date":"2023-12-26T09:29:00","date_gmt":"2023-12-26T12:29:00","guid":{"rendered":"https:\/\/auna.com.br\/auna\/?post_type=product&#038;p=12300"},"modified":"2023-12-27T14:52:35","modified_gmt":"2023-12-27T17:52:35","slug":"c-37","status":"publish","type":"product","link":"https:\/\/auna.com.br\/auna\/produto\/c-37\/","title":{"rendered":"C-37"},"content":{"rendered":"<p><span>O leitor CCD C-37 \u00e9 um leitor de c\u00f3digo de barras port\u00e1til dur\u00e1vel com uma ampla janela \u00f3ptica e um poderoso mecanismo de leitura.\u00a0O scanner pode operar a uma velocidade de at\u00e9 200 digitaliza\u00e7\u00f5es por segundo e cabe confortavelmente na m\u00e3o de qualquer pessoa.\u00a0O scanner est\u00e1 dispon\u00edvel em preto ou branco e \u00e9 o scanner perfeito para o seu balc\u00e3o.<\/span><\/p>\n<p><span>Este C-37 de formato ergon\u00f4mico \u00e9 um scanner CCD que funciona em qualquer balc\u00e3o, mesa ou superf\u00edcie.\u00a0Com 200 digitaliza\u00e7\u00f5es por segundo, \u00e9 tamb\u00e9m um scanner r\u00e1pido com op\u00e7\u00e3o de digitaliza\u00e7\u00e3o autom\u00e1tica.\u00a0Combine isso com o suporte opcional e voc\u00ea ter\u00e1 uma solu\u00e7\u00e3o de digitaliza\u00e7\u00e3o com as m\u00e3os livres.\u00a0Este scanner est\u00e1 dispon\u00edvel em preto e branco.\u00a0Com classifica\u00e7\u00e3o IP IP42, tamb\u00e9m \u00e9 resistente a quedas de at\u00e9 1,5 metros.<\/span><\/p>\n<p><span>Este scanner com cabo vem com RS-232, teclado ou interface USB.\u00a0Este dispositivo \u00e9 facilmente program\u00e1vel para se adequar \u00e0 sua aplica\u00e7\u00e3o.<\/span><\/p>\n<h3><span>Alguns destaques porque o C-37 \u00e9 o pr\u00f3ximo scanner que voc\u00ea deve comprar:<\/span><\/h3>\n<ul>\n<li><span>200 varreduras por segundo<\/span><\/li>\n<li><span>Leve e ergon\u00f4mico<\/span><\/li>\n<li><span>Design atraente<\/span><\/li>\n<li><span>Escolha preto e branco<\/span><\/li>\n<\/ul>\n","protected":false},"excerpt":{"rendered":"<p>O leitor CCD C-37 \u00e9 um leitor de c\u00f3digo de barras port\u00e1til dur\u00e1vel com uma ampla janela \u00f3ptica e um poderoso mecanismo de leitura.\u00a0O scanner pode operar a uma velocidade de at\u00e9 200 digitaliza\u00e7\u00f5es por segundo e cabe confortavelmente na m\u00e3o de qualquer pessoa.\u00a0O scanner est\u00e1 dispon\u00edvel em preto ou branco e \u00e9 o scanner [&hellip;]<\/p>\n","protected":false},"featured_media":12301,"comment_status":"closed","ping_status":"closed","template":"","meta":[],"product_brand":[],"product_cat":[275],"product_tag":[],"wpstream_actors":[],"wpstream_category":[],"wpstream_movie_rating":[],"class_list":{"0":"post-12300","1":"product","2":"type-product","3":"status-publish","4":"has-post-thumbnail","6":"product_cat-scanners-cabeados","8":"first","9":"onbackorder","10":"taxable","11":"shipping-taxable","12":"product-type-simple","13":"czr-hentry"},"yoast_head":"<!-- This site is optimized with the Yoast SEO plugin v27.5 - https:\/\/yoast.com\/product\/yoast-seo-wordpress\/ -->\n<title>C-37 - AUNA Metrologia e Instrumenta\u00e7\u00e3o - Instrumentos de Medi\u00e7\u00e3o, Sensores para Monitoramento e Software para Calibra\u00e7\u00e3o, Ensaio e Inspe\u00e7\u00e3o<\/title>\n<meta name=\"robots\" content=\"index, follow, max-snippet:-1, max-image-preview:large, max-video-preview:-1\" \/>\n<link rel=\"canonical\" href=\"https:\/\/auna.com.br\/auna\/produto\/c-37\/\" \/>\n<meta property=\"og:locale\" content=\"pt_BR\" \/>\n<meta property=\"og:type\" content=\"article\" \/>\n<meta property=\"og:title\" content=\"C-37 - AUNA Metrologia e Instrumenta\u00e7\u00e3o - Instrumentos de Medi\u00e7\u00e3o, Sensores para Monitoramento e Software para Calibra\u00e7\u00e3o, Ensaio e Inspe\u00e7\u00e3o\" \/>\n<meta property=\"og:description\" content=\"O leitor CCD C-37 \u00e9 um leitor de c\u00f3digo de barras port\u00e1til dur\u00e1vel com uma ampla janela \u00f3ptica e um poderoso mecanismo de leitura.\u00a0O scanner pode operar a uma velocidade de at\u00e9 200 digitaliza\u00e7\u00f5es por segundo e cabe confortavelmente na m\u00e3o de qualquer pessoa.\u00a0O scanner est\u00e1 dispon\u00edvel em preto ou branco e \u00e9 o scanner [&hellip;]\" \/>\n<meta property=\"og:url\" content=\"https:\/\/auna.com.br\/auna\/produto\/c-37\/\" \/>\n<meta property=\"og:site_name\" content=\"AUNA Metrologia e Instrumenta\u00e7\u00e3o - Instrumentos de Medi\u00e7\u00e3o, Sensores para Monitoramento e Software para Calibra\u00e7\u00e3o, Ensaio e Inspe\u00e7\u00e3o\" \/>\n<meta property=\"article:modified_time\" content=\"2023-12-27T17:52:35+00:00\" \/>\n<meta property=\"og:image\" content=\"https:\/\/auna.com.br\/auna\/wp-content\/uploads\/2023\/12\/C-37-Side-600x600-1.png\" \/>\n\t<meta property=\"og:image:width\" content=\"600\" \/>\n\t<meta property=\"og:image:height\" content=\"600\" \/>\n\t<meta property=\"og:image:type\" content=\"image\/png\" \/>\n<meta name=\"twitter:card\" content=\"summary_large_image\" \/>\n<meta name=\"twitter:label1\" content=\"Est. tempo de leitura\" \/>\n\t<meta name=\"twitter:data1\" content=\"2 minutos\" \/>\n<script type=\"application\/ld+json\" class=\"yoast-schema-graph\">{\"@context\":\"https:\\\/\\\/schema.org\",\"@graph\":[{\"@type\":\"WebPage\",\"@id\":\"https:\\\/\\\/auna.com.br\\\/auna\\\/produto\\\/c-37\\\/\",\"url\":\"https:\\\/\\\/auna.com.br\\\/auna\\\/produto\\\/c-37\\\/\",\"name\":\"C-37 - AUNA Metrologia e Instrumenta\u00e7\u00e3o - Instrumentos de Medi\u00e7\u00e3o, Sensores para Monitoramento e Software para Calibra\u00e7\u00e3o, Ensaio e Inspe\u00e7\u00e3o\",\"isPartOf\":{\"@id\":\"https:\\\/\\\/auna.com.br\\\/auna\\\/#website\"},\"primaryImageOfPage\":{\"@id\":\"https:\\\/\\\/auna.com.br\\\/auna\\\/produto\\\/c-37\\\/#primaryimage\"},\"image\":{\"@id\":\"https:\\\/\\\/auna.com.br\\\/auna\\\/produto\\\/c-37\\\/#primaryimage\"},\"thumbnailUrl\":\"https:\\\/\\\/auna.com.br\\\/auna\\\/wp-content\\\/uploads\\\/2023\\\/12\\\/C-37-Side-600x600-1.png\",\"datePublished\":\"2023-12-26T12:29:00+00:00\",\"dateModified\":\"2023-12-27T17:52:35+00:00\",\"breadcrumb\":{\"@id\":\"https:\\\/\\\/auna.com.br\\\/auna\\\/produto\\\/c-37\\\/#breadcrumb\"},\"inLanguage\":\"pt-BR\",\"potentialAction\":[{\"@type\":\"ReadAction\",\"target\":[\"https:\\\/\\\/auna.com.br\\\/auna\\\/produto\\\/c-37\\\/\"]}]},{\"@type\":\"ImageObject\",\"inLanguage\":\"pt-BR\",\"@id\":\"https:\\\/\\\/auna.com.br\\\/auna\\\/produto\\\/c-37\\\/#primaryimage\",\"url\":\"https:\\\/\\\/auna.com.br\\\/auna\\\/wp-content\\\/uploads\\\/2023\\\/12\\\/C-37-Side-600x600-1.png\",\"contentUrl\":\"https:\\\/\\\/auna.com.br\\\/auna\\\/wp-content\\\/uploads\\\/2023\\\/12\\\/C-37-Side-600x600-1.png\",\"width\":600,\"height\":600},{\"@type\":\"BreadcrumbList\",\"@id\":\"https:\\\/\\\/auna.com.br\\\/auna\\\/produto\\\/c-37\\\/#breadcrumb\",\"itemListElement\":[{\"@type\":\"ListItem\",\"position\":1,\"name\":\"In\u00edcio\",\"item\":\"https:\\\/\\\/auna.com.br\\\/auna\\\/\"},{\"@type\":\"ListItem\",\"position\":2,\"name\":\"Instrumentos\",\"item\":\"https:\\\/\\\/auna.com.br\\\/auna\\\/loja\\\/\"},{\"@type\":\"ListItem\",\"position\":3,\"name\":\"C-37\"}]},{\"@type\":\"WebSite\",\"@id\":\"https:\\\/\\\/auna.com.br\\\/auna\\\/#website\",\"url\":\"https:\\\/\\\/auna.com.br\\\/auna\\\/\",\"name\":\"AUNA Metrologia e Instrumenta\u00e7\u00e3o - Instrumentos de Medi\u00e7\u00e3o, Sensores para Monitoramento e Software para Calibra\u00e7\u00e3o, Ensaio e Inspe\u00e7\u00e3o\",\"description\":\"comercial@auna.com.br || +55 15 9 8129-4041\",\"publisher\":{\"@id\":\"https:\\\/\\\/auna.com.br\\\/auna\\\/#organization\"},\"potentialAction\":[{\"@type\":\"SearchAction\",\"target\":{\"@type\":\"EntryPoint\",\"urlTemplate\":\"https:\\\/\\\/auna.com.br\\\/auna\\\/?s={search_term_string}\"},\"query-input\":{\"@type\":\"PropertyValueSpecification\",\"valueRequired\":true,\"valueName\":\"search_term_string\"}}],\"inLanguage\":\"pt-BR\"},{\"@type\":\"Organization\",\"@id\":\"https:\\\/\\\/auna.com.br\\\/auna\\\/#organization\",\"name\":\"AUNA Metrologia e Instrumenta\u00e7\u00e3o - Instrumentos de Medi\u00e7\u00e3o, Sensores para Monitoramento e Software para Calibra\u00e7\u00e3o, Ensaio e Inspe\u00e7\u00e3o\",\"url\":\"https:\\\/\\\/auna.com.br\\\/auna\\\/\",\"logo\":{\"@type\":\"ImageObject\",\"inLanguage\":\"pt-BR\",\"@id\":\"https:\\\/\\\/auna.com.br\\\/auna\\\/#\\\/schema\\\/logo\\\/image\\\/\",\"url\":\"https:\\\/\\\/auna.com.br\\\/auna\\\/wp-content\\\/uploads\\\/2023\\\/03\\\/cropped-AUNA_Logo_Transparente.png\",\"contentUrl\":\"https:\\\/\\\/auna.com.br\\\/auna\\\/wp-content\\\/uploads\\\/2023\\\/03\\\/cropped-AUNA_Logo_Transparente.png\",\"width\":960,\"height\":430,\"caption\":\"AUNA Metrologia e Instrumenta\u00e7\u00e3o - Instrumentos de Medi\u00e7\u00e3o, Sensores para Monitoramento e Software para Calibra\u00e7\u00e3o, Ensaio e Inspe\u00e7\u00e3o\"},\"image\":{\"@id\":\"https:\\\/\\\/auna.com.br\\\/auna\\\/#\\\/schema\\\/logo\\\/image\\\/\"}}]}<\/script>\n<!-- \/ Yoast SEO plugin. -->","yoast_head_json":{"title":"C-37 - AUNA Metrologia e Instrumenta\u00e7\u00e3o - Instrumentos de Medi\u00e7\u00e3o, Sensores para Monitoramento e Software para Calibra\u00e7\u00e3o, Ensaio e Inspe\u00e7\u00e3o","robots":{"index":"index","follow":"follow","max-snippet":"max-snippet:-1","max-image-preview":"max-image-preview:large","max-video-preview":"max-video-preview:-1"},"canonical":"https:\/\/auna.com.br\/auna\/produto\/c-37\/","og_locale":"pt_BR","og_type":"article","og_title":"C-37 - AUNA Metrologia e Instrumenta\u00e7\u00e3o - Instrumentos de Medi\u00e7\u00e3o, Sensores para Monitoramento e Software para Calibra\u00e7\u00e3o, Ensaio e Inspe\u00e7\u00e3o","og_description":"O leitor CCD C-37 \u00e9 um leitor de c\u00f3digo de barras port\u00e1til dur\u00e1vel com uma ampla janela \u00f3ptica e um poderoso mecanismo de leitura.\u00a0O scanner pode operar a uma velocidade de at\u00e9 200 digitaliza\u00e7\u00f5es por segundo e cabe confortavelmente na m\u00e3o de qualquer pessoa.\u00a0O scanner est\u00e1 dispon\u00edvel em preto ou branco e \u00e9 o scanner [&hellip;]","og_url":"https:\/\/auna.com.br\/auna\/produto\/c-37\/","og_site_name":"AUNA Metrologia e Instrumenta\u00e7\u00e3o - Instrumentos de Medi\u00e7\u00e3o, Sensores para Monitoramento e Software para Calibra\u00e7\u00e3o, Ensaio e Inspe\u00e7\u00e3o","article_modified_time":"2023-12-27T17:52:35+00:00","og_image":[{"width":600,"height":600,"url":"https:\/\/auna.com.br\/auna\/wp-content\/uploads\/2023\/12\/C-37-Side-600x600-1.png","type":"image\/png"}],"twitter_card":"summary_large_image","twitter_misc":{"Est. tempo de leitura":"2 minutos"},"schema":{"@context":"https:\/\/schema.org","@graph":[{"@type":"WebPage","@id":"https:\/\/auna.com.br\/auna\/produto\/c-37\/","url":"https:\/\/auna.com.br\/auna\/produto\/c-37\/","name":"C-37 - AUNA Metrologia e Instrumenta\u00e7\u00e3o - Instrumentos de Medi\u00e7\u00e3o, Sensores para Monitoramento e Software para Calibra\u00e7\u00e3o, Ensaio e Inspe\u00e7\u00e3o","isPartOf":{"@id":"https:\/\/auna.com.br\/auna\/#website"},"primaryImageOfPage":{"@id":"https:\/\/auna.com.br\/auna\/produto\/c-37\/#primaryimage"},"image":{"@id":"https:\/\/auna.com.br\/auna\/produto\/c-37\/#primaryimage"},"thumbnailUrl":"https:\/\/auna.com.br\/auna\/wp-content\/uploads\/2023\/12\/C-37-Side-600x600-1.png","datePublished":"2023-12-26T12:29:00+00:00","dateModified":"2023-12-27T17:52:35+00:00","breadcrumb":{"@id":"https:\/\/auna.com.br\/auna\/produto\/c-37\/#breadcrumb"},"inLanguage":"pt-BR","potentialAction":[{"@type":"ReadAction","target":["https:\/\/auna.com.br\/auna\/produto\/c-37\/"]}]},{"@type":"ImageObject","inLanguage":"pt-BR","@id":"https:\/\/auna.com.br\/auna\/produto\/c-37\/#primaryimage","url":"https:\/\/auna.com.br\/auna\/wp-content\/uploads\/2023\/12\/C-37-Side-600x600-1.png","contentUrl":"https:\/\/auna.com.br\/auna\/wp-content\/uploads\/2023\/12\/C-37-Side-600x600-1.png","width":600,"height":600},{"@type":"BreadcrumbList","@id":"https:\/\/auna.com.br\/auna\/produto\/c-37\/#breadcrumb","itemListElement":[{"@type":"ListItem","position":1,"name":"In\u00edcio","item":"https:\/\/auna.com.br\/auna\/"},{"@type":"ListItem","position":2,"name":"Instrumentos","item":"https:\/\/auna.com.br\/auna\/loja\/"},{"@type":"ListItem","position":3,"name":"C-37"}]},{"@type":"WebSite","@id":"https:\/\/auna.com.br\/auna\/#website","url":"https:\/\/auna.com.br\/auna\/","name":"AUNA Metrologia e Instrumenta\u00e7\u00e3o - Instrumentos de Medi\u00e7\u00e3o, Sensores para Monitoramento e Software para Calibra\u00e7\u00e3o, Ensaio e Inspe\u00e7\u00e3o","description":"comercial@auna.com.br || +55 15 9 8129-4041","publisher":{"@id":"https:\/\/auna.com.br\/auna\/#organization"},"potentialAction":[{"@type":"SearchAction","target":{"@type":"EntryPoint","urlTemplate":"https:\/\/auna.com.br\/auna\/?s={search_term_string}"},"query-input":{"@type":"PropertyValueSpecification","valueRequired":true,"valueName":"search_term_string"}}],"inLanguage":"pt-BR"},{"@type":"Organization","@id":"https:\/\/auna.com.br\/auna\/#organization","name":"AUNA Metrologia e Instrumenta\u00e7\u00e3o - Instrumentos de Medi\u00e7\u00e3o, Sensores para Monitoramento e Software para Calibra\u00e7\u00e3o, Ensaio e Inspe\u00e7\u00e3o","url":"https:\/\/auna.com.br\/auna\/","logo":{"@type":"ImageObject","inLanguage":"pt-BR","@id":"https:\/\/auna.com.br\/auna\/#\/schema\/logo\/image\/","url":"https:\/\/auna.com.br\/auna\/wp-content\/uploads\/2023\/03\/cropped-AUNA_Logo_Transparente.png","contentUrl":"https:\/\/auna.com.br\/auna\/wp-content\/uploads\/2023\/03\/cropped-AUNA_Logo_Transparente.png","width":960,"height":430,"caption":"AUNA Metrologia e Instrumenta\u00e7\u00e3o - Instrumentos de Medi\u00e7\u00e3o, Sensores para Monitoramento e Software para Calibra\u00e7\u00e3o, Ensaio e Inspe\u00e7\u00e3o"},"image":{"@id":"https:\/\/auna.com.br\/auna\/#\/schema\/logo\/image\/"}}]}},"_links":{"self":[{"href":"https:\/\/auna.com.br\/auna\/wp-json\/wp\/v2\/product\/12300","targetHints":{"allow":["GET"]}}],"collection":[{"href":"https:\/\/auna.com.br\/auna\/wp-json\/wp\/v2\/product"}],"about":[{"href":"https:\/\/auna.com.br\/auna\/wp-json\/wp\/v2\/types\/product"}],"replies":[{"embeddable":true,"href":"https:\/\/auna.com.br\/auna\/wp-json\/wp\/v2\/comments?post=12300"}],"wp:featuredmedia":[{"embeddable":true,"href":"https:\/\/auna.com.br\/auna\/wp-json\/wp\/v2\/media\/12301"}],"wp:attachment":[{"href":"https:\/\/auna.com.br\/auna\/wp-json\/wp\/v2\/media?parent=12300"}],"wp:term":[{"taxonomy":"product_brand","embeddable":true,"href":"https:\/\/auna.com.br\/auna\/wp-json\/wp\/v2\/product_brand?post=12300"},{"taxonomy":"product_cat","embeddable":true,"href":"https:\/\/auna.com.br\/auna\/wp-json\/wp\/v2\/product_cat?post=12300"},{"taxonomy":"product_tag","embeddable":true,"href":"https:\/\/auna.com.br\/auna\/wp-json\/wp\/v2\/product_tag?post=12300"},{"taxonomy":"wpstream_actors","embeddable":true,"href":"https:\/\/auna.com.br\/auna\/wp-json\/wp\/v2\/wpstream_actors?post=12300"},{"taxonomy":"wpstream_category","embeddable":true,"href":"https:\/\/auna.com.br\/auna\/wp-json\/wp\/v2\/wpstream_category?post=12300"},{"taxonomy":"wpstream_movie_rating","embeddable":true,"href":"https:\/\/auna.com.br\/auna\/wp-json\/wp\/v2\/wpstream_movie_rating?post=12300"}],"curies":[{"name":"wp","href":"https:\/\/api.w.org\/{rel}","templated":true}]}}