{"id":12310,"date":"2023-12-26T09:53:59","date_gmt":"2023-12-26T12:53:59","guid":{"rendered":"https:\/\/auna.com.br\/auna\/?post_type=product&#038;p=12310"},"modified":"2023-12-27T14:52:33","modified_gmt":"2023-12-27T17:52:33","slug":"l-210","status":"publish","type":"product","link":"https:\/\/auna.com.br\/auna\/produto\/l-210\/","title":{"rendered":"L-210"},"content":{"rendered":"<h3><strong>Aumente a efici\u00eancia com nossos leitores de c\u00f3digo de barras port\u00e1teis<\/strong><\/h3>\n<p>Apresentando a S\u00e9rie 210: Alcan\u00e7ando uma fus\u00e3o perfeita entre os mais de 45 anos de experi\u00eancia japonesa da Opticon e a engenharia europeia de ponta.\u00a0Esta colabora\u00e7\u00e3o rendeu um design meticulosamente elaborado, \u00f3timas especifica\u00e7\u00f5es e desempenho incompar\u00e1vel.\u00a0Al\u00e9m disso, nosso processo de fabrica\u00e7\u00e3o e componentes foram cuidadosamente selecionados para atender aos desafios contempor\u00e2neos e superar as expectativas de qualidade.\u00a0O primeiro membro excepcional da S\u00e9rie 210 compreende um scanner port\u00e1til denominado L-210.<\/p>\n<h3><strong>Experi\u00eancia amig\u00e1vel<\/strong><\/h3>\n<p>O scanner port\u00e1til L-210 \u2013 sua porta de entrada para opera\u00e7\u00f5es simplificadas e maior produtividade.\u00a0Destaca-se como um scanner port\u00e1til r\u00e1pido e f\u00e1cil de usar.\u00a0Apresentando o gerador de imagens CMOS 2D Opticon integrado com impressionantes 100 quadros por segundo, juntamente com um dos obturadores globais mais r\u00e1pidos do setor, garante digitaliza\u00e7\u00f5es r\u00e1pidas e precisas.\u00a0Impulsionado por uma CPU de 1,2 GHz de alto desempenho e com baixo consumo de energia, o dispositivo mant\u00e9m uma capacidade de resposta perfeita, processando sem esfor\u00e7o o vasto fluxo de dados do sensor de imagem CMOS em um per\u00edodo de tempo incrivelmente curto.\u00a0Ao ler um c\u00f3digo de barras, os usu\u00e1rios recebem feedback imediato por meio de indicadores visuais de LED ou um alerta sonoro.<\/p>\n<h3><strong>Perfeitamente Equilibrado<\/strong><\/h3>\n<p>Pesando apenas 112 gramas, o L-210 possui uma constru\u00e7\u00e3o leve, enquanto seu design ergon\u00f4mico de punho tipo pistola garante equil\u00edbrio ideal durante o uso.\u00a0Incorporando um agente antimicrobiano, o L-210 inibe ativamente o crescimento de microrganismos, protegendo contra bact\u00e9rias e fungos potencialmente nocivos.<\/p>\n<p>Um suporte opcional tamb\u00e9m est\u00e1 dispon\u00edvel para maior comodidade e versatilidade.\u00a0Este suporte proporciona uma experi\u00eancia de digitaliza\u00e7\u00e3o est\u00e1vel e com as m\u00e3os livres, melhorando ainda mais a usabilidade do scanner port\u00e1til L-210.<\/p>\n<h3><strong>Por que escolher nossos scanners port\u00e1teis?<\/strong><\/h3>\n<ol>\n<li>Higiene: Em ambientes onde v\u00e1rias pessoas podem manusear o leitor de c\u00f3digo de barras, como em lojas de varejo, log\u00edstica ou ambientes de sa\u00fade, as propriedades antimicrobianas ajudam a reduzir o risco de contamina\u00e7\u00e3o cruzada e a propaga\u00e7\u00e3o de germes.\u00a0\u00c9 por isso que o L-210 vem com propriedades antimicrobianas.<\/li>\n<li>Captura de dados r\u00e1pida e de alta qualidade: com um sensor CMOS de obturador global de 100 qps, o L-210 atinge velocidades de digitaliza\u00e7\u00e3o r\u00e1pidas e toler\u00e2ncia de movimento incompar\u00e1vel.\u00a0Capture dados com rapidez e precis\u00e3o, mesmo em ambientes com muito movimento.\u00a0Isso leva a opera\u00e7\u00f5es aceleradas e tempos de espera minimizados.<\/li>\n<li>Precis\u00e3o incompar\u00e1vel: nossos leitores de c\u00f3digo de barras port\u00e1teis garantem precis\u00e3o exata na coleta de dados, reduzindo erros humanos que podem levar a erros dispendiosos.<\/li>\n<li>Insights em tempo real: fique por dentro de suas tend\u00eancias de vendas e n\u00edveis de estoque com insights de dados em tempo real.\u00a0Nossos leitores de c\u00f3digo de barras integram-se perfeitamente aos sistemas de gerenciamento de estoque e de ponto de venda, fornecendo informa\u00e7\u00f5es atualizadas.<\/li>\n<li>Design f\u00e1cil de usar: Ergonomicamente projetados para conforto e facilidade de uso, nossos scanners port\u00e1teis cabem confortavelmente em sua m\u00e3o, garantindo uso prolongado sem desconforto.<\/li>\n<li>Conectividade vers\u00e1til: O L-210 possui uma interface USB composta que suporta USB-HID e USB-COM.\u00a0Isso permite enviar comandos atrav\u00e9s da interface USB-COM mesmo quando o scanner est\u00e1 configurado no teclado (HID).<\/li>\n<li>Durabilidade para ambientes exigentes: Constru\u00eddo para suportar os rigores de v\u00e1rios ambientes de trabalho, nosso leitor de c\u00f3digo de barras port\u00e1til L-210 \u00e9 robusto e dur\u00e1vel.\u00a0Sobrevivendo a quedas de 1,5 metro no concreto, desde movimentados andares de varejo at\u00e9 armaz\u00e9ns movimentados.<\/li>\n<li>Solu\u00e7\u00e3o econ\u00f4mica: Investir em nossos leitores de c\u00f3digo de barras \u00e9 uma decis\u00e3o econ\u00f4mica no longo prazo.\u00a0Reduza o tempo e os recursos gastos em processos manuais, diminua os erros e melhore a efici\u00eancia geral, levando a um melhor ROI.<\/li>\n<\/ol>\n<h3><strong>O L-210 possui alguns recursos excepcionais:<\/strong><\/h3>\n<ul>\n<li>Antimicrobiano padr\u00e3o<\/li>\n<li>Alta toler\u00e2ncia ao movimento<\/li>\n<li>100 quadros por segundo<\/li>\n<li>Modo USB duplo (HID e COM ativos ao mesmo tempo)<\/li>\n<li>Configur\u00e1vel pelo usu\u00e1rio<\/li>\n<\/ul>\n","protected":false},"excerpt":{"rendered":"<p>Aumente a efici\u00eancia com nossos leitores de c\u00f3digo de barras port\u00e1teis Apresentando a S\u00e9rie 210: Alcan\u00e7ando uma fus\u00e3o perfeita entre os mais de 45 anos de experi\u00eancia japonesa da Opticon e a engenharia europeia de ponta.\u00a0Esta colabora\u00e7\u00e3o rendeu um design meticulosamente elaborado, \u00f3timas especifica\u00e7\u00f5es e desempenho incompar\u00e1vel.\u00a0Al\u00e9m disso, nosso processo de fabrica\u00e7\u00e3o e componentes foram [&hellip;]<\/p>\n","protected":false},"featured_media":12311,"comment_status":"closed","ping_status":"closed","template":"","meta":[],"product_brand":[],"product_cat":[275],"product_tag":[],"wpstream_actors":[],"wpstream_category":[],"wpstream_movie_rating":[],"class_list":{"0":"post-12310","1":"product","2":"type-product","3":"status-publish","4":"has-post-thumbnail","6":"product_cat-scanners-cabeados","8":"first","9":"onbackorder","10":"taxable","11":"shipping-taxable","12":"product-type-simple","13":"czr-hentry"},"yoast_head":"<!-- This site is optimized with the Yoast SEO plugin v27.5 - https:\/\/yoast.com\/product\/yoast-seo-wordpress\/ -->\n<title>L-210 - AUNA Metrologia e Instrumenta\u00e7\u00e3o - Instrumentos de Medi\u00e7\u00e3o, Sensores para Monitoramento e Software para Calibra\u00e7\u00e3o, Ensaio e Inspe\u00e7\u00e3o<\/title>\n<meta name=\"robots\" content=\"index, follow, max-snippet:-1, max-image-preview:large, max-video-preview:-1\" \/>\n<link rel=\"canonical\" href=\"https:\/\/auna.com.br\/auna\/produto\/l-210\/\" \/>\n<meta property=\"og:locale\" content=\"pt_BR\" \/>\n<meta property=\"og:type\" content=\"article\" \/>\n<meta property=\"og:title\" content=\"L-210 - AUNA Metrologia e Instrumenta\u00e7\u00e3o - Instrumentos de Medi\u00e7\u00e3o, Sensores para Monitoramento e Software para Calibra\u00e7\u00e3o, Ensaio e Inspe\u00e7\u00e3o\" \/>\n<meta property=\"og:description\" content=\"Aumente a efici\u00eancia com nossos leitores de c\u00f3digo de barras port\u00e1teis Apresentando a S\u00e9rie 210: Alcan\u00e7ando uma fus\u00e3o perfeita entre os mais de 45 anos de experi\u00eancia japonesa da Opticon e a engenharia europeia de ponta.\u00a0Esta colabora\u00e7\u00e3o rendeu um design meticulosamente elaborado, \u00f3timas especifica\u00e7\u00f5es e desempenho incompar\u00e1vel.\u00a0Al\u00e9m disso, nosso processo de fabrica\u00e7\u00e3o e componentes foram [&hellip;]\" \/>\n<meta property=\"og:url\" content=\"https:\/\/auna.com.br\/auna\/produto\/l-210\/\" \/>\n<meta property=\"og:site_name\" content=\"AUNA Metrologia e Instrumenta\u00e7\u00e3o - Instrumentos de Medi\u00e7\u00e3o, Sensores para Monitoramento e Software para Calibra\u00e7\u00e3o, Ensaio e Inspe\u00e7\u00e3o\" \/>\n<meta property=\"article:modified_time\" content=\"2023-12-27T17:52:33+00:00\" \/>\n<meta property=\"og:image\" content=\"https:\/\/auna.com.br\/auna\/wp-content\/uploads\/2023\/12\/L-210-Side-600x600-1.png\" \/>\n\t<meta property=\"og:image:width\" content=\"600\" \/>\n\t<meta property=\"og:image:height\" content=\"600\" \/>\n\t<meta property=\"og:image:type\" content=\"image\/png\" \/>\n<meta name=\"twitter:card\" content=\"summary_large_image\" \/>\n<meta name=\"twitter:label1\" content=\"Est. tempo de leitura\" \/>\n\t<meta name=\"twitter:data1\" content=\"4 minutos\" \/>\n<script type=\"application\/ld+json\" class=\"yoast-schema-graph\">{\"@context\":\"https:\\\/\\\/schema.org\",\"@graph\":[{\"@type\":\"WebPage\",\"@id\":\"https:\\\/\\\/auna.com.br\\\/auna\\\/produto\\\/l-210\\\/\",\"url\":\"https:\\\/\\\/auna.com.br\\\/auna\\\/produto\\\/l-210\\\/\",\"name\":\"L-210 - AUNA Metrologia e Instrumenta\u00e7\u00e3o - Instrumentos de Medi\u00e7\u00e3o, Sensores para Monitoramento e Software para Calibra\u00e7\u00e3o, Ensaio e Inspe\u00e7\u00e3o\",\"isPartOf\":{\"@id\":\"https:\\\/\\\/auna.com.br\\\/auna\\\/#website\"},\"primaryImageOfPage\":{\"@id\":\"https:\\\/\\\/auna.com.br\\\/auna\\\/produto\\\/l-210\\\/#primaryimage\"},\"image\":{\"@id\":\"https:\\\/\\\/auna.com.br\\\/auna\\\/produto\\\/l-210\\\/#primaryimage\"},\"thumbnailUrl\":\"https:\\\/\\\/auna.com.br\\\/auna\\\/wp-content\\\/uploads\\\/2023\\\/12\\\/L-210-Side-600x600-1.png\",\"datePublished\":\"2023-12-26T12:53:59+00:00\",\"dateModified\":\"2023-12-27T17:52:33+00:00\",\"breadcrumb\":{\"@id\":\"https:\\\/\\\/auna.com.br\\\/auna\\\/produto\\\/l-210\\\/#breadcrumb\"},\"inLanguage\":\"pt-BR\",\"potentialAction\":[{\"@type\":\"ReadAction\",\"target\":[\"https:\\\/\\\/auna.com.br\\\/auna\\\/produto\\\/l-210\\\/\"]}]},{\"@type\":\"ImageObject\",\"inLanguage\":\"pt-BR\",\"@id\":\"https:\\\/\\\/auna.com.br\\\/auna\\\/produto\\\/l-210\\\/#primaryimage\",\"url\":\"https:\\\/\\\/auna.com.br\\\/auna\\\/wp-content\\\/uploads\\\/2023\\\/12\\\/L-210-Side-600x600-1.png\",\"contentUrl\":\"https:\\\/\\\/auna.com.br\\\/auna\\\/wp-content\\\/uploads\\\/2023\\\/12\\\/L-210-Side-600x600-1.png\",\"width\":600,\"height\":600},{\"@type\":\"BreadcrumbList\",\"@id\":\"https:\\\/\\\/auna.com.br\\\/auna\\\/produto\\\/l-210\\\/#breadcrumb\",\"itemListElement\":[{\"@type\":\"ListItem\",\"position\":1,\"name\":\"In\u00edcio\",\"item\":\"https:\\\/\\\/auna.com.br\\\/auna\\\/\"},{\"@type\":\"ListItem\",\"position\":2,\"name\":\"Instrumentos\",\"item\":\"https:\\\/\\\/auna.com.br\\\/auna\\\/loja\\\/\"},{\"@type\":\"ListItem\",\"position\":3,\"name\":\"L-210\"}]},{\"@type\":\"WebSite\",\"@id\":\"https:\\\/\\\/auna.com.br\\\/auna\\\/#website\",\"url\":\"https:\\\/\\\/auna.com.br\\\/auna\\\/\",\"name\":\"AUNA Metrologia e Instrumenta\u00e7\u00e3o - Instrumentos de Medi\u00e7\u00e3o, Sensores para Monitoramento e Software para Calibra\u00e7\u00e3o, Ensaio e Inspe\u00e7\u00e3o\",\"description\":\"comercial@auna.com.br || +55 15 9 8129-4041\",\"publisher\":{\"@id\":\"https:\\\/\\\/auna.com.br\\\/auna\\\/#organization\"},\"potentialAction\":[{\"@type\":\"SearchAction\",\"target\":{\"@type\":\"EntryPoint\",\"urlTemplate\":\"https:\\\/\\\/auna.com.br\\\/auna\\\/?s={search_term_string}\"},\"query-input\":{\"@type\":\"PropertyValueSpecification\",\"valueRequired\":true,\"valueName\":\"search_term_string\"}}],\"inLanguage\":\"pt-BR\"},{\"@type\":\"Organization\",\"@id\":\"https:\\\/\\\/auna.com.br\\\/auna\\\/#organization\",\"name\":\"AUNA Metrologia e Instrumenta\u00e7\u00e3o - Instrumentos de Medi\u00e7\u00e3o, Sensores para Monitoramento e Software para Calibra\u00e7\u00e3o, Ensaio e Inspe\u00e7\u00e3o\",\"url\":\"https:\\\/\\\/auna.com.br\\\/auna\\\/\",\"logo\":{\"@type\":\"ImageObject\",\"inLanguage\":\"pt-BR\",\"@id\":\"https:\\\/\\\/auna.com.br\\\/auna\\\/#\\\/schema\\\/logo\\\/image\\\/\",\"url\":\"https:\\\/\\\/auna.com.br\\\/auna\\\/wp-content\\\/uploads\\\/2023\\\/03\\\/cropped-AUNA_Logo_Transparente.png\",\"contentUrl\":\"https:\\\/\\\/auna.com.br\\\/auna\\\/wp-content\\\/uploads\\\/2023\\\/03\\\/cropped-AUNA_Logo_Transparente.png\",\"width\":960,\"height\":430,\"caption\":\"AUNA Metrologia e Instrumenta\u00e7\u00e3o - Instrumentos de Medi\u00e7\u00e3o, Sensores para Monitoramento e Software para Calibra\u00e7\u00e3o, Ensaio e Inspe\u00e7\u00e3o\"},\"image\":{\"@id\":\"https:\\\/\\\/auna.com.br\\\/auna\\\/#\\\/schema\\\/logo\\\/image\\\/\"}}]}<\/script>\n<!-- \/ Yoast SEO plugin. -->","yoast_head_json":{"title":"L-210 - AUNA Metrologia e Instrumenta\u00e7\u00e3o - Instrumentos de Medi\u00e7\u00e3o, Sensores para Monitoramento e Software para Calibra\u00e7\u00e3o, Ensaio e Inspe\u00e7\u00e3o","robots":{"index":"index","follow":"follow","max-snippet":"max-snippet:-1","max-image-preview":"max-image-preview:large","max-video-preview":"max-video-preview:-1"},"canonical":"https:\/\/auna.com.br\/auna\/produto\/l-210\/","og_locale":"pt_BR","og_type":"article","og_title":"L-210 - AUNA Metrologia e Instrumenta\u00e7\u00e3o - Instrumentos de Medi\u00e7\u00e3o, Sensores para Monitoramento e Software para Calibra\u00e7\u00e3o, Ensaio e Inspe\u00e7\u00e3o","og_description":"Aumente a efici\u00eancia com nossos leitores de c\u00f3digo de barras port\u00e1teis Apresentando a S\u00e9rie 210: Alcan\u00e7ando uma fus\u00e3o perfeita entre os mais de 45 anos de experi\u00eancia japonesa da Opticon e a engenharia europeia de ponta.\u00a0Esta colabora\u00e7\u00e3o rendeu um design meticulosamente elaborado, \u00f3timas especifica\u00e7\u00f5es e desempenho incompar\u00e1vel.\u00a0Al\u00e9m disso, nosso processo de fabrica\u00e7\u00e3o e componentes foram [&hellip;]","og_url":"https:\/\/auna.com.br\/auna\/produto\/l-210\/","og_site_name":"AUNA Metrologia e Instrumenta\u00e7\u00e3o - Instrumentos de Medi\u00e7\u00e3o, Sensores para Monitoramento e Software para Calibra\u00e7\u00e3o, Ensaio e Inspe\u00e7\u00e3o","article_modified_time":"2023-12-27T17:52:33+00:00","og_image":[{"width":600,"height":600,"url":"https:\/\/auna.com.br\/auna\/wp-content\/uploads\/2023\/12\/L-210-Side-600x600-1.png","type":"image\/png"}],"twitter_card":"summary_large_image","twitter_misc":{"Est. tempo de leitura":"4 minutos"},"schema":{"@context":"https:\/\/schema.org","@graph":[{"@type":"WebPage","@id":"https:\/\/auna.com.br\/auna\/produto\/l-210\/","url":"https:\/\/auna.com.br\/auna\/produto\/l-210\/","name":"L-210 - AUNA Metrologia e Instrumenta\u00e7\u00e3o - Instrumentos de Medi\u00e7\u00e3o, Sensores para Monitoramento e Software para Calibra\u00e7\u00e3o, Ensaio e Inspe\u00e7\u00e3o","isPartOf":{"@id":"https:\/\/auna.com.br\/auna\/#website"},"primaryImageOfPage":{"@id":"https:\/\/auna.com.br\/auna\/produto\/l-210\/#primaryimage"},"image":{"@id":"https:\/\/auna.com.br\/auna\/produto\/l-210\/#primaryimage"},"thumbnailUrl":"https:\/\/auna.com.br\/auna\/wp-content\/uploads\/2023\/12\/L-210-Side-600x600-1.png","datePublished":"2023-12-26T12:53:59+00:00","dateModified":"2023-12-27T17:52:33+00:00","breadcrumb":{"@id":"https:\/\/auna.com.br\/auna\/produto\/l-210\/#breadcrumb"},"inLanguage":"pt-BR","potentialAction":[{"@type":"ReadAction","target":["https:\/\/auna.com.br\/auna\/produto\/l-210\/"]}]},{"@type":"ImageObject","inLanguage":"pt-BR","@id":"https:\/\/auna.com.br\/auna\/produto\/l-210\/#primaryimage","url":"https:\/\/auna.com.br\/auna\/wp-content\/uploads\/2023\/12\/L-210-Side-600x600-1.png","contentUrl":"https:\/\/auna.com.br\/auna\/wp-content\/uploads\/2023\/12\/L-210-Side-600x600-1.png","width":600,"height":600},{"@type":"BreadcrumbList","@id":"https:\/\/auna.com.br\/auna\/produto\/l-210\/#breadcrumb","itemListElement":[{"@type":"ListItem","position":1,"name":"In\u00edcio","item":"https:\/\/auna.com.br\/auna\/"},{"@type":"ListItem","position":2,"name":"Instrumentos","item":"https:\/\/auna.com.br\/auna\/loja\/"},{"@type":"ListItem","position":3,"name":"L-210"}]},{"@type":"WebSite","@id":"https:\/\/auna.com.br\/auna\/#website","url":"https:\/\/auna.com.br\/auna\/","name":"AUNA Metrologia e Instrumenta\u00e7\u00e3o - Instrumentos de Medi\u00e7\u00e3o, Sensores para Monitoramento e Software para Calibra\u00e7\u00e3o, Ensaio e Inspe\u00e7\u00e3o","description":"comercial@auna.com.br || +55 15 9 8129-4041","publisher":{"@id":"https:\/\/auna.com.br\/auna\/#organization"},"potentialAction":[{"@type":"SearchAction","target":{"@type":"EntryPoint","urlTemplate":"https:\/\/auna.com.br\/auna\/?s={search_term_string}"},"query-input":{"@type":"PropertyValueSpecification","valueRequired":true,"valueName":"search_term_string"}}],"inLanguage":"pt-BR"},{"@type":"Organization","@id":"https:\/\/auna.com.br\/auna\/#organization","name":"AUNA Metrologia e Instrumenta\u00e7\u00e3o - Instrumentos de Medi\u00e7\u00e3o, Sensores para Monitoramento e Software para Calibra\u00e7\u00e3o, Ensaio e Inspe\u00e7\u00e3o","url":"https:\/\/auna.com.br\/auna\/","logo":{"@type":"ImageObject","inLanguage":"pt-BR","@id":"https:\/\/auna.com.br\/auna\/#\/schema\/logo\/image\/","url":"https:\/\/auna.com.br\/auna\/wp-content\/uploads\/2023\/03\/cropped-AUNA_Logo_Transparente.png","contentUrl":"https:\/\/auna.com.br\/auna\/wp-content\/uploads\/2023\/03\/cropped-AUNA_Logo_Transparente.png","width":960,"height":430,"caption":"AUNA Metrologia e Instrumenta\u00e7\u00e3o - Instrumentos de Medi\u00e7\u00e3o, Sensores para Monitoramento e Software para Calibra\u00e7\u00e3o, Ensaio e Inspe\u00e7\u00e3o"},"image":{"@id":"https:\/\/auna.com.br\/auna\/#\/schema\/logo\/image\/"}}]}},"_links":{"self":[{"href":"https:\/\/auna.com.br\/auna\/wp-json\/wp\/v2\/product\/12310","targetHints":{"allow":["GET"]}}],"collection":[{"href":"https:\/\/auna.com.br\/auna\/wp-json\/wp\/v2\/product"}],"about":[{"href":"https:\/\/auna.com.br\/auna\/wp-json\/wp\/v2\/types\/product"}],"replies":[{"embeddable":true,"href":"https:\/\/auna.com.br\/auna\/wp-json\/wp\/v2\/comments?post=12310"}],"wp:featuredmedia":[{"embeddable":true,"href":"https:\/\/auna.com.br\/auna\/wp-json\/wp\/v2\/media\/12311"}],"wp:attachment":[{"href":"https:\/\/auna.com.br\/auna\/wp-json\/wp\/v2\/media?parent=12310"}],"wp:term":[{"taxonomy":"product_brand","embeddable":true,"href":"https:\/\/auna.com.br\/auna\/wp-json\/wp\/v2\/product_brand?post=12310"},{"taxonomy":"product_cat","embeddable":true,"href":"https:\/\/auna.com.br\/auna\/wp-json\/wp\/v2\/product_cat?post=12310"},{"taxonomy":"product_tag","embeddable":true,"href":"https:\/\/auna.com.br\/auna\/wp-json\/wp\/v2\/product_tag?post=12310"},{"taxonomy":"wpstream_actors","embeddable":true,"href":"https:\/\/auna.com.br\/auna\/wp-json\/wp\/v2\/wpstream_actors?post=12310"},{"taxonomy":"wpstream_category","embeddable":true,"href":"https:\/\/auna.com.br\/auna\/wp-json\/wp\/v2\/wpstream_category?post=12310"},{"taxonomy":"wpstream_movie_rating","embeddable":true,"href":"https:\/\/auna.com.br\/auna\/wp-json\/wp\/v2\/wpstream_movie_rating?post=12310"}],"curies":[{"name":"wp","href":"https:\/\/api.w.org\/{rel}","templated":true}]}}