{"id":12343,"date":"2023-12-26T21:00:19","date_gmt":"2023-12-27T00:00:19","guid":{"rendered":"https:\/\/auna.com.br\/auna\/?post_type=product&#038;p=12343"},"modified":"2023-12-27T14:51:57","modified_gmt":"2023-12-27T17:51:57","slug":"rs-3000","status":"publish","type":"product","link":"https:\/\/auna.com.br\/auna\/produto\/rs-3000\/","title":{"rendered":"RS-3000"},"content":{"rendered":"<p><span>Aumente a produtividade e a mobilidade dos seus funcion\u00e1rios usando o preciso scanner de anel 2D RS-3000.\u00a0N\u00e3o h\u00e1 necessidade de largar um scanner port\u00e1til, apenas continue pegando objetos, digitalize e prossiga.\u00a0Esta \u00e9 uma grande vit\u00f3ria em efici\u00eancia, pois permite trabalhar mais r\u00e1pido e resulta em melhor qualidade.\u00a0O RS-3000 \u00e9 um dos menores do setor e tamb\u00e9m \u00e9 leve e ergon\u00f4mico.\u00a0\u00c9 a solu\u00e7\u00e3o ideal e confi\u00e1vel para armaz\u00e9ns, log\u00edstica e lojas de varejo.<\/span><\/p>\n<p><span>O Ringscanner possui um mecanismo 2D comprovado e mais poderoso integrado, permitindo digitaliza\u00e7\u00e3o r\u00e1pida e precisa de at\u00e9 100 fps.\u00a0Ele l\u00ea c\u00f3digos de barras de forma r\u00e1pida e f\u00e1cil em telas de celulares, tablets e computadores e at\u00e9 mesmo l\u00ea c\u00f3digos de barras curvos, largos, mal impressos e danificados sem nenhum desafio.\u00a0A excepcional toler\u00e2ncia ao movimento \u00e9 ideal para qualquer aplica\u00e7\u00e3o, mesmo em uma ampla faixa ou \u00e2ngulo.<\/span><\/p>\n<h3><span>Suporte de anel<\/span><\/h3>\n<p><span>O RS-3000 pode ser usado como um scanner complementar \u00fanico e, ao encaix\u00e1-lo em um suporte de anel especial com um bot\u00e3o externo, ele se transforma em um wearable.\u00a0A al\u00e7a ajust\u00e1vel permite que seja confort\u00e1vel para qualquer tamanho de m\u00e3o para uso durante todo o dia e \u00e9 a solu\u00e7\u00e3o perfeita para trabalhadores destros e canhotos.\u00a0Outra vantagem \u00e9 a higiene, pois cada trabalhador pode ter seu pr\u00f3prio suporte de anel.\u00a0Se sua equipe trabalha em turnos, basta desconectar o scanner do suporte e encaix\u00e1-lo no suporte do pr\u00f3ximo trabalhador em quest\u00e3o de segundos.\u00a0Tudo isso faz do RS-3000 tamb\u00e9m uma solu\u00e7\u00e3o econ\u00f4mica.<\/span><\/p>\n<p><span>Como dito, o RS-3000 \u00e9 muito pequeno, mas possui uma longa lista de recursos:<\/span><\/p>\n<ul>\n<li><strong><span>Dur\u00e1vel<\/span><\/strong><span>\u00a0;\u00a0mesmo em um ambiente de armaz\u00e9m desafiador, o RS-3000 pode suportar uma queda de 1,5 m no concreto devido ao pl\u00e1stico de policarbonato dur\u00e1vel e de alta resist\u00eancia a impactos.<\/span><\/li>\n<li><strong><span>Carregamento sem fio<\/span><\/strong><span>\u00a0;\u00a0o RS-3000 pode ser carregado sem fio com qualquer base de carregamento compat\u00edvel com Qi.\u00a0Claro, tamb\u00e9m \u00e9 poss\u00edvel carreg\u00e1-lo atrav\u00e9s da porta USB-C.<\/span><\/li>\n<li><strong><span>Etiqueta NFC<\/span><\/strong><span>\u00a0;\u00a0a etiqueta integrada que pode ser usada pela maioria dos dispositivos modernos para facilitar o emparelhamento Bluetooth.<\/span><\/li>\n<li><strong><span>Bluetooth 4.2<\/span><\/strong><span>\u00a0;\u00a0o RS-300 possui um chip moderno compat\u00edvel com Bluetooth 4.2 que suporta tanto Bluetooth cl\u00e1ssico quanto Bluetooth de baixa energia (BLE).\u00a0Ele consome menos energia e \u00e9 mais r\u00e1pido, permitindo a transfer\u00eancia de dados at\u00e9 duas vezes e meia mais r\u00e1pida que as vers\u00f5es anteriores.<\/span><\/li>\n<li><strong><span>USB-C<\/span><\/strong><span>\u00a0;\u00a0o scanner complementar vem com uma porta de carregamento\/comunica\u00e7\u00e3o USB-C.\u00a0suporta USB-HID, USB-COM e USB-MSD.<\/span><\/li>\n<li><strong><span>Vida \u00fatil da bateria<\/span><\/strong><span>\u00a0: O ringcanner n\u00e3o consome muita energia durante a opera\u00e7\u00e3o, fazendo com que dure um dia inteiro de trabalho sem a necessidade de recarregar, at\u00e9 20 horas de opera\u00e7\u00e3o.\u00a0Com o sistema preciso de monitoramento da bateria, voc\u00ea sempre saber\u00e1 quando \u00e9 hora de recarregar.<\/span><\/li>\n<li><strong><span>SDK gr\u00e1tis<\/span><\/strong><span>\u00a0;\u00a0o RS-3000 \u00e9 configur\u00e1vel e program\u00e1vel com o Kit de Desenvolvimento de Software gratuito para personalizar o comportamento de digitaliza\u00e7\u00e3o.<\/span><\/li>\n<\/ul>\n<p><span>H\u00e1 tamb\u00e9m um scanner de anel 1D dispon\u00edvel, verifique esta\u00a0<\/span><a href=\"https:\/\/opticon.com\/product\/rs-2006\/\" target=\"_blank\" rel=\"noreferrer noopener\"><span>p\u00e1gina<\/span><\/a><span>\u00a0para mais detalhes.<\/span><\/p>\n<h3><span>OptiConnect<\/span><\/h3>\n<p><span>Use o aplicativo OptiConnect gratuito em seu celular para gerenciar seu leitor de c\u00f3digo de barras Opticon Bluetooth sem esfor\u00e7o.\u00a0Com seu design f\u00e1cil de usar e integra\u00e7\u00e3o com os scanners Opticon, aumente sua efici\u00eancia e produtividade.\u00a0Alguns recursos principais:<\/span><\/p>\n<ul>\n<li><strong><span>Instala\u00e7\u00e3o e configura\u00e7\u00e3o simplificadas do scanner<\/span><\/strong><span>\u00a0: ajuste as configura\u00e7\u00f5es, modifique os modos de digitaliza\u00e7\u00e3o e ajuste o comportamento do scanner com controles intuitivos.<\/span><\/li>\n<li><strong><span>Conex\u00e3o Bluetooth sem esfor\u00e7o<\/span><\/strong><span>\u00a0: Estabele\u00e7a uma conex\u00e3o Bluetooth perfeita.\u00a0OptiConnect garante uma liga\u00e7\u00e3o est\u00e1vel com o seu smartphone.<\/span><\/li>\n<li><strong><span>Leitura cont\u00ednua de c\u00f3digos de barras e gerenciamento de dados<\/span><\/strong><span>\u00a0: o OptiConnect oferece uma interface amig\u00e1vel para gerenciamento de dados, aumentando sua produtividade.<\/span><\/li>\n<li><strong><span>Importa\u00e7\u00e3o de arquivo CSV<\/span><\/strong><span>\u00a0: integre dados CSV existentes diretamente no aplicativo, agilizando suas opera\u00e7\u00f5es de digitaliza\u00e7\u00e3o.<\/span><\/li>\n<li><strong><span>Armazenamento e exporta\u00e7\u00e3o de dados<\/span><\/strong><span>\u00a0: armazene com seguran\u00e7a e exporte facilmente seus dados digitalizados.\u00a0Suas informa\u00e7\u00f5es valiosas est\u00e3o sempre acess\u00edveis.<\/span><\/li>\n<\/ul>\n","protected":false},"excerpt":{"rendered":"<p>Aumente a produtividade e a mobilidade dos seus funcion\u00e1rios usando o preciso scanner de anel 2D RS-3000.\u00a0N\u00e3o h\u00e1 necessidade de largar um scanner port\u00e1til, apenas continue pegando objetos, digitalize e prossiga.\u00a0Esta \u00e9 uma grande vit\u00f3ria em efici\u00eancia, pois permite trabalhar mais r\u00e1pido e resulta em melhor qualidade.\u00a0O RS-3000 \u00e9 um dos menores do setor e [&hellip;]<\/p>\n","protected":false},"featured_media":12335,"comment_status":"closed","ping_status":"closed","template":"","meta":[],"product_brand":[],"product_cat":[277],"product_tag":[],"wpstream_actors":[],"wpstream_category":[],"wpstream_movie_rating":[],"class_list":{"0":"post-12343","1":"product","2":"type-product","3":"status-publish","4":"has-post-thumbnail","6":"product_cat-scanners-complementar-anel","8":"first","9":"onbackorder","10":"taxable","11":"shipping-taxable","12":"product-type-simple","13":"czr-hentry"},"yoast_head":"<!-- This site is optimized with the Yoast SEO plugin v27.5 - https:\/\/yoast.com\/product\/yoast-seo-wordpress\/ -->\n<title>RS-3000 - AUNA Metrologia e Instrumenta\u00e7\u00e3o - Instrumentos de Medi\u00e7\u00e3o, Sensores para Monitoramento e Software para Calibra\u00e7\u00e3o, Ensaio e Inspe\u00e7\u00e3o<\/title>\n<meta name=\"robots\" content=\"index, follow, max-snippet:-1, max-image-preview:large, max-video-preview:-1\" \/>\n<link rel=\"canonical\" href=\"https:\/\/auna.com.br\/auna\/produto\/rs-3000\/\" \/>\n<meta property=\"og:locale\" content=\"pt_BR\" \/>\n<meta property=\"og:type\" content=\"article\" \/>\n<meta property=\"og:title\" content=\"RS-3000 - AUNA Metrologia e Instrumenta\u00e7\u00e3o - Instrumentos de Medi\u00e7\u00e3o, Sensores para Monitoramento e Software para Calibra\u00e7\u00e3o, Ensaio e Inspe\u00e7\u00e3o\" \/>\n<meta property=\"og:description\" content=\"Aumente a produtividade e a mobilidade dos seus funcion\u00e1rios usando o preciso scanner de anel 2D RS-3000.\u00a0N\u00e3o h\u00e1 necessidade de largar um scanner port\u00e1til, apenas continue pegando objetos, digitalize e prossiga.\u00a0Esta \u00e9 uma grande vit\u00f3ria em efici\u00eancia, pois permite trabalhar mais r\u00e1pido e resulta em melhor qualidade.\u00a0O RS-3000 \u00e9 um dos menores do setor e [&hellip;]\" \/>\n<meta property=\"og:url\" content=\"https:\/\/auna.com.br\/auna\/produto\/rs-3000\/\" \/>\n<meta property=\"og:site_name\" content=\"AUNA Metrologia e Instrumenta\u00e7\u00e3o - Instrumentos de Medi\u00e7\u00e3o, Sensores para Monitoramento e Software para Calibra\u00e7\u00e3o, Ensaio e Inspe\u00e7\u00e3o\" \/>\n<meta property=\"article:modified_time\" content=\"2023-12-27T17:51:57+00:00\" \/>\n<meta property=\"og:image\" content=\"https:\/\/auna.com.br\/auna\/wp-content\/uploads\/2023\/12\/RS-3000-Angle-Left-Top-Website.png\" \/>\n\t<meta property=\"og:image:width\" content=\"1200\" \/>\n\t<meta property=\"og:image:height\" content=\"1200\" \/>\n\t<meta property=\"og:image:type\" content=\"image\/png\" \/>\n<meta name=\"twitter:card\" content=\"summary_large_image\" \/>\n<meta name=\"twitter:label1\" content=\"Est. tempo de leitura\" \/>\n\t<meta name=\"twitter:data1\" content=\"4 minutos\" \/>\n<script type=\"application\/ld+json\" class=\"yoast-schema-graph\">{\"@context\":\"https:\\\/\\\/schema.org\",\"@graph\":[{\"@type\":\"WebPage\",\"@id\":\"https:\\\/\\\/auna.com.br\\\/auna\\\/produto\\\/rs-3000\\\/\",\"url\":\"https:\\\/\\\/auna.com.br\\\/auna\\\/produto\\\/rs-3000\\\/\",\"name\":\"RS-3000 - AUNA Metrologia e Instrumenta\u00e7\u00e3o - Instrumentos de Medi\u00e7\u00e3o, Sensores para Monitoramento e Software para Calibra\u00e7\u00e3o, Ensaio e Inspe\u00e7\u00e3o\",\"isPartOf\":{\"@id\":\"https:\\\/\\\/auna.com.br\\\/auna\\\/#website\"},\"primaryImageOfPage\":{\"@id\":\"https:\\\/\\\/auna.com.br\\\/auna\\\/produto\\\/rs-3000\\\/#primaryimage\"},\"image\":{\"@id\":\"https:\\\/\\\/auna.com.br\\\/auna\\\/produto\\\/rs-3000\\\/#primaryimage\"},\"thumbnailUrl\":\"https:\\\/\\\/auna.com.br\\\/auna\\\/wp-content\\\/uploads\\\/2023\\\/12\\\/RS-3000-Angle-Left-Top-Website.png\",\"datePublished\":\"2023-12-27T00:00:19+00:00\",\"dateModified\":\"2023-12-27T17:51:57+00:00\",\"breadcrumb\":{\"@id\":\"https:\\\/\\\/auna.com.br\\\/auna\\\/produto\\\/rs-3000\\\/#breadcrumb\"},\"inLanguage\":\"pt-BR\",\"potentialAction\":[{\"@type\":\"ReadAction\",\"target\":[\"https:\\\/\\\/auna.com.br\\\/auna\\\/produto\\\/rs-3000\\\/\"]}]},{\"@type\":\"ImageObject\",\"inLanguage\":\"pt-BR\",\"@id\":\"https:\\\/\\\/auna.com.br\\\/auna\\\/produto\\\/rs-3000\\\/#primaryimage\",\"url\":\"https:\\\/\\\/auna.com.br\\\/auna\\\/wp-content\\\/uploads\\\/2023\\\/12\\\/RS-3000-Angle-Left-Top-Website.png\",\"contentUrl\":\"https:\\\/\\\/auna.com.br\\\/auna\\\/wp-content\\\/uploads\\\/2023\\\/12\\\/RS-3000-Angle-Left-Top-Website.png\",\"width\":1200,\"height\":1200},{\"@type\":\"BreadcrumbList\",\"@id\":\"https:\\\/\\\/auna.com.br\\\/auna\\\/produto\\\/rs-3000\\\/#breadcrumb\",\"itemListElement\":[{\"@type\":\"ListItem\",\"position\":1,\"name\":\"In\u00edcio\",\"item\":\"https:\\\/\\\/auna.com.br\\\/auna\\\/\"},{\"@type\":\"ListItem\",\"position\":2,\"name\":\"Instrumentos\",\"item\":\"https:\\\/\\\/auna.com.br\\\/auna\\\/loja\\\/\"},{\"@type\":\"ListItem\",\"position\":3,\"name\":\"RS-3000\"}]},{\"@type\":\"WebSite\",\"@id\":\"https:\\\/\\\/auna.com.br\\\/auna\\\/#website\",\"url\":\"https:\\\/\\\/auna.com.br\\\/auna\\\/\",\"name\":\"AUNA Metrologia e Instrumenta\u00e7\u00e3o - Instrumentos de Medi\u00e7\u00e3o, Sensores para Monitoramento e Software para Calibra\u00e7\u00e3o, Ensaio e Inspe\u00e7\u00e3o\",\"description\":\"comercial@auna.com.br || +55 15 9 8129-4041\",\"publisher\":{\"@id\":\"https:\\\/\\\/auna.com.br\\\/auna\\\/#organization\"},\"potentialAction\":[{\"@type\":\"SearchAction\",\"target\":{\"@type\":\"EntryPoint\",\"urlTemplate\":\"https:\\\/\\\/auna.com.br\\\/auna\\\/?s={search_term_string}\"},\"query-input\":{\"@type\":\"PropertyValueSpecification\",\"valueRequired\":true,\"valueName\":\"search_term_string\"}}],\"inLanguage\":\"pt-BR\"},{\"@type\":\"Organization\",\"@id\":\"https:\\\/\\\/auna.com.br\\\/auna\\\/#organization\",\"name\":\"AUNA Metrologia e Instrumenta\u00e7\u00e3o - Instrumentos de Medi\u00e7\u00e3o, Sensores para Monitoramento e Software para Calibra\u00e7\u00e3o, Ensaio e Inspe\u00e7\u00e3o\",\"url\":\"https:\\\/\\\/auna.com.br\\\/auna\\\/\",\"logo\":{\"@type\":\"ImageObject\",\"inLanguage\":\"pt-BR\",\"@id\":\"https:\\\/\\\/auna.com.br\\\/auna\\\/#\\\/schema\\\/logo\\\/image\\\/\",\"url\":\"https:\\\/\\\/auna.com.br\\\/auna\\\/wp-content\\\/uploads\\\/2023\\\/03\\\/cropped-AUNA_Logo_Transparente.png\",\"contentUrl\":\"https:\\\/\\\/auna.com.br\\\/auna\\\/wp-content\\\/uploads\\\/2023\\\/03\\\/cropped-AUNA_Logo_Transparente.png\",\"width\":960,\"height\":430,\"caption\":\"AUNA Metrologia e Instrumenta\u00e7\u00e3o - Instrumentos de Medi\u00e7\u00e3o, Sensores para Monitoramento e Software para Calibra\u00e7\u00e3o, Ensaio e Inspe\u00e7\u00e3o\"},\"image\":{\"@id\":\"https:\\\/\\\/auna.com.br\\\/auna\\\/#\\\/schema\\\/logo\\\/image\\\/\"}}]}<\/script>\n<!-- \/ Yoast SEO plugin. -->","yoast_head_json":{"title":"RS-3000 - AUNA Metrologia e Instrumenta\u00e7\u00e3o - Instrumentos de Medi\u00e7\u00e3o, Sensores para Monitoramento e Software para Calibra\u00e7\u00e3o, Ensaio e Inspe\u00e7\u00e3o","robots":{"index":"index","follow":"follow","max-snippet":"max-snippet:-1","max-image-preview":"max-image-preview:large","max-video-preview":"max-video-preview:-1"},"canonical":"https:\/\/auna.com.br\/auna\/produto\/rs-3000\/","og_locale":"pt_BR","og_type":"article","og_title":"RS-3000 - AUNA Metrologia e Instrumenta\u00e7\u00e3o - Instrumentos de Medi\u00e7\u00e3o, Sensores para Monitoramento e Software para Calibra\u00e7\u00e3o, Ensaio e Inspe\u00e7\u00e3o","og_description":"Aumente a produtividade e a mobilidade dos seus funcion\u00e1rios usando o preciso scanner de anel 2D RS-3000.\u00a0N\u00e3o h\u00e1 necessidade de largar um scanner port\u00e1til, apenas continue pegando objetos, digitalize e prossiga.\u00a0Esta \u00e9 uma grande vit\u00f3ria em efici\u00eancia, pois permite trabalhar mais r\u00e1pido e resulta em melhor qualidade.\u00a0O RS-3000 \u00e9 um dos menores do setor e [&hellip;]","og_url":"https:\/\/auna.com.br\/auna\/produto\/rs-3000\/","og_site_name":"AUNA Metrologia e Instrumenta\u00e7\u00e3o - Instrumentos de Medi\u00e7\u00e3o, Sensores para Monitoramento e Software para Calibra\u00e7\u00e3o, Ensaio e Inspe\u00e7\u00e3o","article_modified_time":"2023-12-27T17:51:57+00:00","og_image":[{"width":1200,"height":1200,"url":"https:\/\/auna.com.br\/auna\/wp-content\/uploads\/2023\/12\/RS-3000-Angle-Left-Top-Website.png","type":"image\/png"}],"twitter_card":"summary_large_image","twitter_misc":{"Est. tempo de leitura":"4 minutos"},"schema":{"@context":"https:\/\/schema.org","@graph":[{"@type":"WebPage","@id":"https:\/\/auna.com.br\/auna\/produto\/rs-3000\/","url":"https:\/\/auna.com.br\/auna\/produto\/rs-3000\/","name":"RS-3000 - AUNA Metrologia e Instrumenta\u00e7\u00e3o - Instrumentos de Medi\u00e7\u00e3o, Sensores para Monitoramento e Software para Calibra\u00e7\u00e3o, Ensaio e Inspe\u00e7\u00e3o","isPartOf":{"@id":"https:\/\/auna.com.br\/auna\/#website"},"primaryImageOfPage":{"@id":"https:\/\/auna.com.br\/auna\/produto\/rs-3000\/#primaryimage"},"image":{"@id":"https:\/\/auna.com.br\/auna\/produto\/rs-3000\/#primaryimage"},"thumbnailUrl":"https:\/\/auna.com.br\/auna\/wp-content\/uploads\/2023\/12\/RS-3000-Angle-Left-Top-Website.png","datePublished":"2023-12-27T00:00:19+00:00","dateModified":"2023-12-27T17:51:57+00:00","breadcrumb":{"@id":"https:\/\/auna.com.br\/auna\/produto\/rs-3000\/#breadcrumb"},"inLanguage":"pt-BR","potentialAction":[{"@type":"ReadAction","target":["https:\/\/auna.com.br\/auna\/produto\/rs-3000\/"]}]},{"@type":"ImageObject","inLanguage":"pt-BR","@id":"https:\/\/auna.com.br\/auna\/produto\/rs-3000\/#primaryimage","url":"https:\/\/auna.com.br\/auna\/wp-content\/uploads\/2023\/12\/RS-3000-Angle-Left-Top-Website.png","contentUrl":"https:\/\/auna.com.br\/auna\/wp-content\/uploads\/2023\/12\/RS-3000-Angle-Left-Top-Website.png","width":1200,"height":1200},{"@type":"BreadcrumbList","@id":"https:\/\/auna.com.br\/auna\/produto\/rs-3000\/#breadcrumb","itemListElement":[{"@type":"ListItem","position":1,"name":"In\u00edcio","item":"https:\/\/auna.com.br\/auna\/"},{"@type":"ListItem","position":2,"name":"Instrumentos","item":"https:\/\/auna.com.br\/auna\/loja\/"},{"@type":"ListItem","position":3,"name":"RS-3000"}]},{"@type":"WebSite","@id":"https:\/\/auna.com.br\/auna\/#website","url":"https:\/\/auna.com.br\/auna\/","name":"AUNA Metrologia e Instrumenta\u00e7\u00e3o - Instrumentos de Medi\u00e7\u00e3o, Sensores para Monitoramento e Software para Calibra\u00e7\u00e3o, Ensaio e Inspe\u00e7\u00e3o","description":"comercial@auna.com.br || +55 15 9 8129-4041","publisher":{"@id":"https:\/\/auna.com.br\/auna\/#organization"},"potentialAction":[{"@type":"SearchAction","target":{"@type":"EntryPoint","urlTemplate":"https:\/\/auna.com.br\/auna\/?s={search_term_string}"},"query-input":{"@type":"PropertyValueSpecification","valueRequired":true,"valueName":"search_term_string"}}],"inLanguage":"pt-BR"},{"@type":"Organization","@id":"https:\/\/auna.com.br\/auna\/#organization","name":"AUNA Metrologia e Instrumenta\u00e7\u00e3o - Instrumentos de Medi\u00e7\u00e3o, Sensores para Monitoramento e Software para Calibra\u00e7\u00e3o, Ensaio e Inspe\u00e7\u00e3o","url":"https:\/\/auna.com.br\/auna\/","logo":{"@type":"ImageObject","inLanguage":"pt-BR","@id":"https:\/\/auna.com.br\/auna\/#\/schema\/logo\/image\/","url":"https:\/\/auna.com.br\/auna\/wp-content\/uploads\/2023\/03\/cropped-AUNA_Logo_Transparente.png","contentUrl":"https:\/\/auna.com.br\/auna\/wp-content\/uploads\/2023\/03\/cropped-AUNA_Logo_Transparente.png","width":960,"height":430,"caption":"AUNA Metrologia e Instrumenta\u00e7\u00e3o - Instrumentos de Medi\u00e7\u00e3o, Sensores para Monitoramento e Software para Calibra\u00e7\u00e3o, Ensaio e Inspe\u00e7\u00e3o"},"image":{"@id":"https:\/\/auna.com.br\/auna\/#\/schema\/logo\/image\/"}}]}},"_links":{"self":[{"href":"https:\/\/auna.com.br\/auna\/wp-json\/wp\/v2\/product\/12343","targetHints":{"allow":["GET"]}}],"collection":[{"href":"https:\/\/auna.com.br\/auna\/wp-json\/wp\/v2\/product"}],"about":[{"href":"https:\/\/auna.com.br\/auna\/wp-json\/wp\/v2\/types\/product"}],"replies":[{"embeddable":true,"href":"https:\/\/auna.com.br\/auna\/wp-json\/wp\/v2\/comments?post=12343"}],"wp:featuredmedia":[{"embeddable":true,"href":"https:\/\/auna.com.br\/auna\/wp-json\/wp\/v2\/media\/12335"}],"wp:attachment":[{"href":"https:\/\/auna.com.br\/auna\/wp-json\/wp\/v2\/media?parent=12343"}],"wp:term":[{"taxonomy":"product_brand","embeddable":true,"href":"https:\/\/auna.com.br\/auna\/wp-json\/wp\/v2\/product_brand?post=12343"},{"taxonomy":"product_cat","embeddable":true,"href":"https:\/\/auna.com.br\/auna\/wp-json\/wp\/v2\/product_cat?post=12343"},{"taxonomy":"product_tag","embeddable":true,"href":"https:\/\/auna.com.br\/auna\/wp-json\/wp\/v2\/product_tag?post=12343"},{"taxonomy":"wpstream_actors","embeddable":true,"href":"https:\/\/auna.com.br\/auna\/wp-json\/wp\/v2\/wpstream_actors?post=12343"},{"taxonomy":"wpstream_category","embeddable":true,"href":"https:\/\/auna.com.br\/auna\/wp-json\/wp\/v2\/wpstream_category?post=12343"},{"taxonomy":"wpstream_movie_rating","embeddable":true,"href":"https:\/\/auna.com.br\/auna\/wp-json\/wp\/v2\/wpstream_movie_rating?post=12343"}],"curies":[{"name":"wp","href":"https:\/\/api.w.org\/{rel}","templated":true}]}}