{"id":12389,"date":"2023-12-26T23:02:01","date_gmt":"2023-12-27T02:02:01","guid":{"rendered":"https:\/\/auna.com.br\/auna\/?post_type=product&#038;p=12389"},"modified":"2023-12-27T14:51:50","modified_gmt":"2023-12-27T17:51:50","slug":"ee-420r","status":"publish","type":"product","link":"https:\/\/auna.com.br\/auna\/produto\/ee-420r\/","title":{"rendered":"EE-420R"},"content":{"rendered":"<p><span>Etiquetas Eletr\u00f4nicas de Prateleira, tamb\u00e9m conhecidas pela sigla ESL, \u00e9 um sistema utilizado principalmente por varejistas para exibir os pre\u00e7os dos produtos nas prateleiras.\u00a0A exibi\u00e7\u00e3o totalmente gr\u00e1fica \u00e9 atualizada remotamente usando uma rede de comunica\u00e7\u00e3o baseada em RF.\u00a0Os sistemas ESL automatizados permitem que voc\u00ea administre um neg\u00f3cio mais eficiente.\u00a0O software de servidor Opticon ESL permite a precis\u00e3o dos pre\u00e7os, pois permite atualizar os pre\u00e7os com mais frequ\u00eancia.<\/span><\/p>\n<p><span>O EE-420R \u00e9 o ESL de papel eletr\u00f4nico de 4,2 polegadas vendido pela Opticon.\u00a0Com suas cores preto, branco e vermelho chama a aten\u00e7\u00e3o e adiciona uma vis\u00e3o clara e clara ao seu neg\u00f3cio.\u00a0O EE-420R \u00e9 um display de papel eletr\u00f4nico totalmente gr\u00e1fico de alta resolu\u00e7\u00e3o.\u00a0Gra\u00e7as ao alto contraste do display, \u00e9 ainda poss\u00edvel ler c\u00f3digos de barras no display usando um leitor de c\u00f3digo de barras a laser normal.\u00a0O display s\u00f3 consome energia durante a transmiss\u00e3o de r\u00e1dio, \u00e0 medida que o display \u00e9 atualizado.\u00a0Portanto, o Opticon garante uma grande longevidade com apenas duas baterias pequenas.<\/span><br \/>\n<span>A Opticon projetou suportes personalizados para se adequarem \u00e0s solu\u00e7\u00f5es de prateleira fornecidas pelos nossos parceiros HL, Meto e Oechsle.<\/span><\/p>\n<h3><span>Comunica\u00e7\u00e3o<\/span><\/h3>\n<p><span>Utilize o recurso de exibi\u00e7\u00e3o de c\u00f3digo de barras e a comunica\u00e7\u00e3o bidirecional para atualizar as informa\u00e7\u00f5es de pre\u00e7os de produtos espec\u00edficos.\u00a0Voc\u00ea pode usar um dispositivo de leitura Opticon e escanear o c\u00f3digo de barras na etiqueta ESL e atualizar as informa\u00e7\u00f5es de pre\u00e7o no dispositivo de leitura.\u00a0Em seguida, voc\u00ea envia as informa\u00e7\u00f5es atualizadas de pre\u00e7o ao servidor usando a tecnologia de comunica\u00e7\u00e3o sem fio do dispositivo de digitaliza\u00e7\u00e3o.<\/span><\/p>\n<h3><span>Caracter\u00edsticas<\/span><\/h3>\n<p><span>\u00c9 por isso que o EE-420R deve estar no seu neg\u00f3cio:<\/span><\/p>\n<ul>\n<li><span>Grande display de alta resolu\u00e7\u00e3o<\/span><\/li>\n<li><span>Colori;\u00a0vermelho, preto e branco<\/span><\/li>\n<li><span>Controlado remotamente<\/span><\/li>\n<li><span>Bateria de longa dura\u00e7\u00e3o<\/span><\/li>\n<li><span>Mais espa\u00e7o para adicionar qualquer conte\u00fado que desejar<\/span><\/li>\n<li><span>Aten\u00e7\u00e3o extra na prateleira<\/span><\/li>\n<\/ul>\n<p><span>Podemos imaginar que voc\u00ea deseja saber mais sobre nosso design ESL mais recente.\u00a0Entre em contato com o escrit\u00f3rio local e nossos gerentes de conta ter\u00e3o prazer em fornecer todas as informa\u00e7\u00f5es que voc\u00ea precisa.<\/span><\/p>\n","protected":false},"excerpt":{"rendered":"<p>Etiquetas Eletr\u00f4nicas de Prateleira, tamb\u00e9m conhecidas pela sigla ESL, \u00e9 um sistema utilizado principalmente por varejistas para exibir os pre\u00e7os dos produtos nas prateleiras.\u00a0A exibi\u00e7\u00e3o totalmente gr\u00e1fica \u00e9 atualizada remotamente usando uma rede de comunica\u00e7\u00e3o baseada em RF.\u00a0Os sistemas ESL automatizados permitem que voc\u00ea administre um neg\u00f3cio mais eficiente.\u00a0O software de servidor Opticon ESL permite [&hellip;]<\/p>\n","protected":false},"featured_media":12390,"comment_status":"closed","ping_status":"closed","template":"","meta":[],"product_brand":[],"product_cat":[280],"product_tag":[],"wpstream_actors":[],"wpstream_category":[],"wpstream_movie_rating":[],"class_list":{"0":"post-12389","1":"product","2":"type-product","3":"status-publish","4":"has-post-thumbnail","6":"product_cat-produtos-para-exibicao","8":"first","9":"onbackorder","10":"taxable","11":"shipping-taxable","12":"product-type-simple","13":"czr-hentry"},"yoast_head":"<!-- This site is optimized with the Yoast SEO plugin v27.5 - https:\/\/yoast.com\/product\/yoast-seo-wordpress\/ -->\n<title>EE-420R - AUNA Metrologia e Instrumenta\u00e7\u00e3o - Instrumentos de Medi\u00e7\u00e3o, Sensores para Monitoramento e Software para Calibra\u00e7\u00e3o, Ensaio e Inspe\u00e7\u00e3o<\/title>\n<meta name=\"robots\" content=\"index, follow, max-snippet:-1, max-image-preview:large, max-video-preview:-1\" \/>\n<link rel=\"canonical\" href=\"https:\/\/auna.com.br\/auna\/produto\/ee-420r\/\" \/>\n<meta property=\"og:locale\" content=\"pt_BR\" \/>\n<meta property=\"og:type\" content=\"article\" \/>\n<meta property=\"og:title\" content=\"EE-420R - AUNA Metrologia e Instrumenta\u00e7\u00e3o - Instrumentos de Medi\u00e7\u00e3o, Sensores para Monitoramento e Software para Calibra\u00e7\u00e3o, Ensaio e Inspe\u00e7\u00e3o\" \/>\n<meta property=\"og:description\" content=\"Etiquetas Eletr\u00f4nicas de Prateleira, tamb\u00e9m conhecidas pela sigla ESL, \u00e9 um sistema utilizado principalmente por varejistas para exibir os pre\u00e7os dos produtos nas prateleiras.\u00a0A exibi\u00e7\u00e3o totalmente gr\u00e1fica \u00e9 atualizada remotamente usando uma rede de comunica\u00e7\u00e3o baseada em RF.\u00a0Os sistemas ESL automatizados permitem que voc\u00ea administre um neg\u00f3cio mais eficiente.\u00a0O software de servidor Opticon ESL permite [&hellip;]\" \/>\n<meta property=\"og:url\" content=\"https:\/\/auna.com.br\/auna\/produto\/ee-420r\/\" \/>\n<meta property=\"og:site_name\" content=\"AUNA Metrologia e Instrumenta\u00e7\u00e3o - Instrumentos de Medi\u00e7\u00e3o, Sensores para Monitoramento e Software para Calibra\u00e7\u00e3o, Ensaio e Inspe\u00e7\u00e3o\" \/>\n<meta property=\"article:modified_time\" content=\"2023-12-27T17:51:50+00:00\" \/>\n<meta property=\"og:image\" content=\"https:\/\/auna.com.br\/auna\/wp-content\/uploads\/2023\/12\/EE-420R-Front-600x600-1.png\" \/>\n\t<meta property=\"og:image:width\" content=\"600\" \/>\n\t<meta property=\"og:image:height\" content=\"600\" \/>\n\t<meta property=\"og:image:type\" content=\"image\/png\" \/>\n<meta name=\"twitter:card\" content=\"summary_large_image\" \/>\n<meta name=\"twitter:label1\" content=\"Est. tempo de leitura\" \/>\n\t<meta name=\"twitter:data1\" content=\"3 minutos\" \/>\n<script type=\"application\/ld+json\" class=\"yoast-schema-graph\">{\"@context\":\"https:\\\/\\\/schema.org\",\"@graph\":[{\"@type\":\"WebPage\",\"@id\":\"https:\\\/\\\/auna.com.br\\\/auna\\\/produto\\\/ee-420r\\\/\",\"url\":\"https:\\\/\\\/auna.com.br\\\/auna\\\/produto\\\/ee-420r\\\/\",\"name\":\"EE-420R - AUNA Metrologia e Instrumenta\u00e7\u00e3o - Instrumentos de Medi\u00e7\u00e3o, Sensores para Monitoramento e Software para Calibra\u00e7\u00e3o, Ensaio e Inspe\u00e7\u00e3o\",\"isPartOf\":{\"@id\":\"https:\\\/\\\/auna.com.br\\\/auna\\\/#website\"},\"primaryImageOfPage\":{\"@id\":\"https:\\\/\\\/auna.com.br\\\/auna\\\/produto\\\/ee-420r\\\/#primaryimage\"},\"image\":{\"@id\":\"https:\\\/\\\/auna.com.br\\\/auna\\\/produto\\\/ee-420r\\\/#primaryimage\"},\"thumbnailUrl\":\"https:\\\/\\\/auna.com.br\\\/auna\\\/wp-content\\\/uploads\\\/2023\\\/12\\\/EE-420R-Front-600x600-1.png\",\"datePublished\":\"2023-12-27T02:02:01+00:00\",\"dateModified\":\"2023-12-27T17:51:50+00:00\",\"breadcrumb\":{\"@id\":\"https:\\\/\\\/auna.com.br\\\/auna\\\/produto\\\/ee-420r\\\/#breadcrumb\"},\"inLanguage\":\"pt-BR\",\"potentialAction\":[{\"@type\":\"ReadAction\",\"target\":[\"https:\\\/\\\/auna.com.br\\\/auna\\\/produto\\\/ee-420r\\\/\"]}]},{\"@type\":\"ImageObject\",\"inLanguage\":\"pt-BR\",\"@id\":\"https:\\\/\\\/auna.com.br\\\/auna\\\/produto\\\/ee-420r\\\/#primaryimage\",\"url\":\"https:\\\/\\\/auna.com.br\\\/auna\\\/wp-content\\\/uploads\\\/2023\\\/12\\\/EE-420R-Front-600x600-1.png\",\"contentUrl\":\"https:\\\/\\\/auna.com.br\\\/auna\\\/wp-content\\\/uploads\\\/2023\\\/12\\\/EE-420R-Front-600x600-1.png\",\"width\":600,\"height\":600},{\"@type\":\"BreadcrumbList\",\"@id\":\"https:\\\/\\\/auna.com.br\\\/auna\\\/produto\\\/ee-420r\\\/#breadcrumb\",\"itemListElement\":[{\"@type\":\"ListItem\",\"position\":1,\"name\":\"In\u00edcio\",\"item\":\"https:\\\/\\\/auna.com.br\\\/auna\\\/\"},{\"@type\":\"ListItem\",\"position\":2,\"name\":\"Instrumentos\",\"item\":\"https:\\\/\\\/auna.com.br\\\/auna\\\/loja\\\/\"},{\"@type\":\"ListItem\",\"position\":3,\"name\":\"EE-420R\"}]},{\"@type\":\"WebSite\",\"@id\":\"https:\\\/\\\/auna.com.br\\\/auna\\\/#website\",\"url\":\"https:\\\/\\\/auna.com.br\\\/auna\\\/\",\"name\":\"AUNA Metrologia e Instrumenta\u00e7\u00e3o - Instrumentos de Medi\u00e7\u00e3o, Sensores para Monitoramento e Software para Calibra\u00e7\u00e3o, Ensaio e Inspe\u00e7\u00e3o\",\"description\":\"comercial@auna.com.br || +55 15 9 8129-4041\",\"publisher\":{\"@id\":\"https:\\\/\\\/auna.com.br\\\/auna\\\/#organization\"},\"potentialAction\":[{\"@type\":\"SearchAction\",\"target\":{\"@type\":\"EntryPoint\",\"urlTemplate\":\"https:\\\/\\\/auna.com.br\\\/auna\\\/?s={search_term_string}\"},\"query-input\":{\"@type\":\"PropertyValueSpecification\",\"valueRequired\":true,\"valueName\":\"search_term_string\"}}],\"inLanguage\":\"pt-BR\"},{\"@type\":\"Organization\",\"@id\":\"https:\\\/\\\/auna.com.br\\\/auna\\\/#organization\",\"name\":\"AUNA Metrologia e Instrumenta\u00e7\u00e3o - Instrumentos de Medi\u00e7\u00e3o, Sensores para Monitoramento e Software para Calibra\u00e7\u00e3o, Ensaio e Inspe\u00e7\u00e3o\",\"url\":\"https:\\\/\\\/auna.com.br\\\/auna\\\/\",\"logo\":{\"@type\":\"ImageObject\",\"inLanguage\":\"pt-BR\",\"@id\":\"https:\\\/\\\/auna.com.br\\\/auna\\\/#\\\/schema\\\/logo\\\/image\\\/\",\"url\":\"https:\\\/\\\/auna.com.br\\\/auna\\\/wp-content\\\/uploads\\\/2023\\\/03\\\/cropped-AUNA_Logo_Transparente.png\",\"contentUrl\":\"https:\\\/\\\/auna.com.br\\\/auna\\\/wp-content\\\/uploads\\\/2023\\\/03\\\/cropped-AUNA_Logo_Transparente.png\",\"width\":960,\"height\":430,\"caption\":\"AUNA Metrologia e Instrumenta\u00e7\u00e3o - Instrumentos de Medi\u00e7\u00e3o, Sensores para Monitoramento e Software para Calibra\u00e7\u00e3o, Ensaio e Inspe\u00e7\u00e3o\"},\"image\":{\"@id\":\"https:\\\/\\\/auna.com.br\\\/auna\\\/#\\\/schema\\\/logo\\\/image\\\/\"}}]}<\/script>\n<!-- \/ Yoast SEO plugin. -->","yoast_head_json":{"title":"EE-420R - AUNA Metrologia e Instrumenta\u00e7\u00e3o - Instrumentos de Medi\u00e7\u00e3o, Sensores para Monitoramento e Software para Calibra\u00e7\u00e3o, Ensaio e Inspe\u00e7\u00e3o","robots":{"index":"index","follow":"follow","max-snippet":"max-snippet:-1","max-image-preview":"max-image-preview:large","max-video-preview":"max-video-preview:-1"},"canonical":"https:\/\/auna.com.br\/auna\/produto\/ee-420r\/","og_locale":"pt_BR","og_type":"article","og_title":"EE-420R - AUNA Metrologia e Instrumenta\u00e7\u00e3o - Instrumentos de Medi\u00e7\u00e3o, Sensores para Monitoramento e Software para Calibra\u00e7\u00e3o, Ensaio e Inspe\u00e7\u00e3o","og_description":"Etiquetas Eletr\u00f4nicas de Prateleira, tamb\u00e9m conhecidas pela sigla ESL, \u00e9 um sistema utilizado principalmente por varejistas para exibir os pre\u00e7os dos produtos nas prateleiras.\u00a0A exibi\u00e7\u00e3o totalmente gr\u00e1fica \u00e9 atualizada remotamente usando uma rede de comunica\u00e7\u00e3o baseada em RF.\u00a0Os sistemas ESL automatizados permitem que voc\u00ea administre um neg\u00f3cio mais eficiente.\u00a0O software de servidor Opticon ESL permite [&hellip;]","og_url":"https:\/\/auna.com.br\/auna\/produto\/ee-420r\/","og_site_name":"AUNA Metrologia e Instrumenta\u00e7\u00e3o - Instrumentos de Medi\u00e7\u00e3o, Sensores para Monitoramento e Software para Calibra\u00e7\u00e3o, Ensaio e Inspe\u00e7\u00e3o","article_modified_time":"2023-12-27T17:51:50+00:00","og_image":[{"width":600,"height":600,"url":"https:\/\/auna.com.br\/auna\/wp-content\/uploads\/2023\/12\/EE-420R-Front-600x600-1.png","type":"image\/png"}],"twitter_card":"summary_large_image","twitter_misc":{"Est. tempo de leitura":"3 minutos"},"schema":{"@context":"https:\/\/schema.org","@graph":[{"@type":"WebPage","@id":"https:\/\/auna.com.br\/auna\/produto\/ee-420r\/","url":"https:\/\/auna.com.br\/auna\/produto\/ee-420r\/","name":"EE-420R - AUNA Metrologia e Instrumenta\u00e7\u00e3o - Instrumentos de Medi\u00e7\u00e3o, Sensores para Monitoramento e Software para Calibra\u00e7\u00e3o, Ensaio e Inspe\u00e7\u00e3o","isPartOf":{"@id":"https:\/\/auna.com.br\/auna\/#website"},"primaryImageOfPage":{"@id":"https:\/\/auna.com.br\/auna\/produto\/ee-420r\/#primaryimage"},"image":{"@id":"https:\/\/auna.com.br\/auna\/produto\/ee-420r\/#primaryimage"},"thumbnailUrl":"https:\/\/auna.com.br\/auna\/wp-content\/uploads\/2023\/12\/EE-420R-Front-600x600-1.png","datePublished":"2023-12-27T02:02:01+00:00","dateModified":"2023-12-27T17:51:50+00:00","breadcrumb":{"@id":"https:\/\/auna.com.br\/auna\/produto\/ee-420r\/#breadcrumb"},"inLanguage":"pt-BR","potentialAction":[{"@type":"ReadAction","target":["https:\/\/auna.com.br\/auna\/produto\/ee-420r\/"]}]},{"@type":"ImageObject","inLanguage":"pt-BR","@id":"https:\/\/auna.com.br\/auna\/produto\/ee-420r\/#primaryimage","url":"https:\/\/auna.com.br\/auna\/wp-content\/uploads\/2023\/12\/EE-420R-Front-600x600-1.png","contentUrl":"https:\/\/auna.com.br\/auna\/wp-content\/uploads\/2023\/12\/EE-420R-Front-600x600-1.png","width":600,"height":600},{"@type":"BreadcrumbList","@id":"https:\/\/auna.com.br\/auna\/produto\/ee-420r\/#breadcrumb","itemListElement":[{"@type":"ListItem","position":1,"name":"In\u00edcio","item":"https:\/\/auna.com.br\/auna\/"},{"@type":"ListItem","position":2,"name":"Instrumentos","item":"https:\/\/auna.com.br\/auna\/loja\/"},{"@type":"ListItem","position":3,"name":"EE-420R"}]},{"@type":"WebSite","@id":"https:\/\/auna.com.br\/auna\/#website","url":"https:\/\/auna.com.br\/auna\/","name":"AUNA Metrologia e Instrumenta\u00e7\u00e3o - Instrumentos de Medi\u00e7\u00e3o, Sensores para Monitoramento e Software para Calibra\u00e7\u00e3o, Ensaio e Inspe\u00e7\u00e3o","description":"comercial@auna.com.br || +55 15 9 8129-4041","publisher":{"@id":"https:\/\/auna.com.br\/auna\/#organization"},"potentialAction":[{"@type":"SearchAction","target":{"@type":"EntryPoint","urlTemplate":"https:\/\/auna.com.br\/auna\/?s={search_term_string}"},"query-input":{"@type":"PropertyValueSpecification","valueRequired":true,"valueName":"search_term_string"}}],"inLanguage":"pt-BR"},{"@type":"Organization","@id":"https:\/\/auna.com.br\/auna\/#organization","name":"AUNA Metrologia e Instrumenta\u00e7\u00e3o - Instrumentos de Medi\u00e7\u00e3o, Sensores para Monitoramento e Software para Calibra\u00e7\u00e3o, Ensaio e Inspe\u00e7\u00e3o","url":"https:\/\/auna.com.br\/auna\/","logo":{"@type":"ImageObject","inLanguage":"pt-BR","@id":"https:\/\/auna.com.br\/auna\/#\/schema\/logo\/image\/","url":"https:\/\/auna.com.br\/auna\/wp-content\/uploads\/2023\/03\/cropped-AUNA_Logo_Transparente.png","contentUrl":"https:\/\/auna.com.br\/auna\/wp-content\/uploads\/2023\/03\/cropped-AUNA_Logo_Transparente.png","width":960,"height":430,"caption":"AUNA Metrologia e Instrumenta\u00e7\u00e3o - Instrumentos de Medi\u00e7\u00e3o, Sensores para Monitoramento e Software para Calibra\u00e7\u00e3o, Ensaio e Inspe\u00e7\u00e3o"},"image":{"@id":"https:\/\/auna.com.br\/auna\/#\/schema\/logo\/image\/"}}]}},"_links":{"self":[{"href":"https:\/\/auna.com.br\/auna\/wp-json\/wp\/v2\/product\/12389","targetHints":{"allow":["GET"]}}],"collection":[{"href":"https:\/\/auna.com.br\/auna\/wp-json\/wp\/v2\/product"}],"about":[{"href":"https:\/\/auna.com.br\/auna\/wp-json\/wp\/v2\/types\/product"}],"replies":[{"embeddable":true,"href":"https:\/\/auna.com.br\/auna\/wp-json\/wp\/v2\/comments?post=12389"}],"wp:featuredmedia":[{"embeddable":true,"href":"https:\/\/auna.com.br\/auna\/wp-json\/wp\/v2\/media\/12390"}],"wp:attachment":[{"href":"https:\/\/auna.com.br\/auna\/wp-json\/wp\/v2\/media?parent=12389"}],"wp:term":[{"taxonomy":"product_brand","embeddable":true,"href":"https:\/\/auna.com.br\/auna\/wp-json\/wp\/v2\/product_brand?post=12389"},{"taxonomy":"product_cat","embeddable":true,"href":"https:\/\/auna.com.br\/auna\/wp-json\/wp\/v2\/product_cat?post=12389"},{"taxonomy":"product_tag","embeddable":true,"href":"https:\/\/auna.com.br\/auna\/wp-json\/wp\/v2\/product_tag?post=12389"},{"taxonomy":"wpstream_actors","embeddable":true,"href":"https:\/\/auna.com.br\/auna\/wp-json\/wp\/v2\/wpstream_actors?post=12389"},{"taxonomy":"wpstream_category","embeddable":true,"href":"https:\/\/auna.com.br\/auna\/wp-json\/wp\/v2\/wpstream_category?post=12389"},{"taxonomy":"wpstream_movie_rating","embeddable":true,"href":"https:\/\/auna.com.br\/auna\/wp-json\/wp\/v2\/wpstream_movie_rating?post=12389"}],"curies":[{"name":"wp","href":"https:\/\/api.w.org\/{rel}","templated":true}]}}