{"id":12397,"date":"2023-12-26T23:10:34","date_gmt":"2023-12-27T02:10:34","guid":{"rendered":"https:\/\/auna.com.br\/auna\/?post_type=product&#038;p=12397"},"modified":"2023-12-27T14:51:49","modified_gmt":"2023-12-27T17:51:49","slug":"pe-152nfc","status":"publish","type":"product","link":"https:\/\/auna.com.br\/auna\/produto\/pe-152nfc\/","title":{"rendered":"PE-152NFC"},"content":{"rendered":"<p>O que diversifica o PE-152 da nossa solu\u00e7\u00e3o ESL tradicional \u00e9 o valor agregado do NFC ativo, indicadores LED e feedback sonoro.\u00a0Isso permite que voc\u00ea use cart\u00f5es de fidelidade do cliente, pagamento e at\u00e9 solu\u00e7\u00f5es de sele\u00e7\u00e3o para exibi\u00e7\u00e3o.\u00a0O LED pode ser utilizado como indicador para uma determinada a\u00e7\u00e3o, para chamar a aten\u00e7\u00e3o ou para encontrar um produto em um dep\u00f3sito.\u00a0Ao desenvolver um aplicativo personalizado, voc\u00ea pode adicionar ainda mais funcionalidades \u00e0 linha Opticon PE que d\u00e1 ao seu cliente o controle de sua experi\u00eancia de compra, ou voc\u00ea pode usar o aplicativo para seus pr\u00f3prios fins, como atualizar o conte\u00fado do e-paper .<\/p>\n<p>A Opticon aprimorou ainda mais a ergonomia e a est\u00e9tica, eliminando a necessidade de baterias nesta solu\u00e7\u00e3o para criar um ajuste mais fino para fazer com que a prateleira tenha uma apar\u00eancia elegante e a loja cause impacto no consumidor.\u00a0O barramento de alimenta\u00e7\u00e3o dedicado fornece energia cont\u00ednua, o que torna a linha PE uma solu\u00e7\u00e3o despreocupada, pois n\u00e3o \u00e9 necess\u00e1rio trocar as baterias no devido tempo.\u00a0Este design inteligente atende \u00e0 sociedade moderna e aos desejos do cliente.\u00a0A gama PE cria a \u201cexperi\u00eancia incr\u00edvel\u201d que todos procuramos.<\/p>\n<p>Outra mais-valia \u00e9 a facilidade de parcelamento.\u00a0Dentro de um dia, dependendo do tamanho da loja, voc\u00ea estar\u00e1 pronto para partir.\u00a0Voc\u00ea simplesmente precisa do barramento de alimenta\u00e7\u00e3o dedicado e dos conectores que o acompanham, dependendo do seu sistema de prateleira.\u00a0Opticon facilita diversas op\u00e7\u00f5es de montagem, sem comprometer o espa\u00e7o nas prateleiras.\u00a0Para obter mais informa\u00e7\u00f5es sobre a instala\u00e7\u00e3o e todos os acess\u00f3rios, recomendamos a brochura sobre\u00a0Acess\u00f3rios da gama PE\u00a0.<\/p>\n<h3>Como descrevemos o PE-152 NFC<\/h3>\n<p>O PE-152 consiste em um ESL baseado em papel eletr\u00f4nico de 1,5 polegadas totalmente gr\u00e1fico e de alta resolu\u00e7\u00e3o com NFC ativo e LED.\u00a0Com suas cores preto e branco, chama a aten\u00e7\u00e3o e adiciona uma vis\u00e3o clara e clara do seu neg\u00f3cio.\u00a0\u00c9 perfeito para intera\u00e7\u00e3o din\u00e2mica com o cliente em lojas, fins de pagamento e armaz\u00e9ns.\u00a0A linha PE tem um visual moderno e tamb\u00e9m vem em tamanhos de 2\u201d e 2,9\u201d e reproduz um som se necess\u00e1rio.\u00a0O barramento de energia e os acess\u00f3rios dedicados garantem uma instala\u00e7\u00e3o r\u00e1pida.<\/p>\n<h3>Comunica\u00e7\u00e3o<\/h3>\n<p>Ao usar o software Opticon ESL Server dedicado, a atualiza\u00e7\u00e3o ou altera\u00e7\u00e3o do conte\u00fado no PE-152 \u00e9 facilitada.\u00a0Voc\u00ea pode usar um dispositivo de leitura Opticon e escanear o c\u00f3digo de barras na etiqueta ESL, atualizar as informa\u00e7\u00f5es no dispositivo de leitura.\u00a0Agora voc\u00ea est\u00e1 pronto para enviar a atualiza\u00e7\u00e3o ao servidor usando a tecnologia de comunica\u00e7\u00e3o sem fio do dispositivo de digitaliza\u00e7\u00e3o.<\/p>\n<h3>Caracter\u00edsticas<\/h3>\n<p>\u00c9 por isso que o PE-152 deve estar no seu neg\u00f3cio:<\/p>\n<ul>\n<li>Tela compacta de alta resolu\u00e7\u00e3o<\/li>\n<li>Consumo de energia extremamente baixo<\/li>\n<li>Leitor NFC ativo<\/li>\n<li>LED RGB<\/li>\n<li>Feedback sonoro<\/li>\n<li>Alimentado externamente atrav\u00e9s de um sistema ferrovi\u00e1rio<\/li>\n<\/ul>\n","protected":false},"excerpt":{"rendered":"<p>O que diversifica o PE-152 da nossa solu\u00e7\u00e3o ESL tradicional \u00e9 o valor agregado do NFC ativo, indicadores LED e feedback sonoro.\u00a0Isso permite que voc\u00ea use cart\u00f5es de fidelidade do cliente, pagamento e at\u00e9 solu\u00e7\u00f5es de sele\u00e7\u00e3o para exibi\u00e7\u00e3o.\u00a0O LED pode ser utilizado como indicador para uma determinada a\u00e7\u00e3o, para chamar a aten\u00e7\u00e3o ou para [&hellip;]<\/p>\n","protected":false},"featured_media":12398,"comment_status":"closed","ping_status":"closed","template":"","meta":[],"product_brand":[],"product_cat":[280],"product_tag":[],"wpstream_actors":[],"wpstream_category":[],"wpstream_movie_rating":[],"class_list":{"0":"post-12397","1":"product","2":"type-product","3":"status-publish","4":"has-post-thumbnail","6":"product_cat-produtos-para-exibicao","8":"first","9":"onbackorder","10":"taxable","11":"shipping-taxable","12":"product-type-simple","13":"czr-hentry"},"yoast_head":"<!-- This site is optimized with the Yoast SEO plugin v27.5 - https:\/\/yoast.com\/product\/yoast-seo-wordpress\/ -->\n<title>PE-152NFC - AUNA Metrologia e Instrumenta\u00e7\u00e3o - Instrumentos de Medi\u00e7\u00e3o, Sensores para Monitoramento e Software para Calibra\u00e7\u00e3o, Ensaio e Inspe\u00e7\u00e3o<\/title>\n<meta name=\"robots\" content=\"index, follow, max-snippet:-1, max-image-preview:large, max-video-preview:-1\" \/>\n<link rel=\"canonical\" href=\"https:\/\/auna.com.br\/auna\/produto\/pe-152nfc\/\" \/>\n<meta property=\"og:locale\" content=\"pt_BR\" \/>\n<meta property=\"og:type\" content=\"article\" \/>\n<meta property=\"og:title\" content=\"PE-152NFC - AUNA Metrologia e Instrumenta\u00e7\u00e3o - Instrumentos de Medi\u00e7\u00e3o, Sensores para Monitoramento e Software para Calibra\u00e7\u00e3o, Ensaio e Inspe\u00e7\u00e3o\" \/>\n<meta property=\"og:description\" content=\"O que diversifica o PE-152 da nossa solu\u00e7\u00e3o ESL tradicional \u00e9 o valor agregado do NFC ativo, indicadores LED e feedback sonoro.\u00a0Isso permite que voc\u00ea use cart\u00f5es de fidelidade do cliente, pagamento e at\u00e9 solu\u00e7\u00f5es de sele\u00e7\u00e3o para exibi\u00e7\u00e3o.\u00a0O LED pode ser utilizado como indicador para uma determinada a\u00e7\u00e3o, para chamar a aten\u00e7\u00e3o ou para [&hellip;]\" \/>\n<meta property=\"og:url\" content=\"https:\/\/auna.com.br\/auna\/produto\/pe-152nfc\/\" \/>\n<meta property=\"og:site_name\" content=\"AUNA Metrologia e Instrumenta\u00e7\u00e3o - Instrumentos de Medi\u00e7\u00e3o, Sensores para Monitoramento e Software para Calibra\u00e7\u00e3o, Ensaio e Inspe\u00e7\u00e3o\" \/>\n<meta property=\"article:modified_time\" content=\"2023-12-27T17:51:49+00:00\" \/>\n<meta property=\"og:image\" content=\"https:\/\/auna.com.br\/auna\/wp-content\/uploads\/2023\/12\/PE-152-Front-600x600-1.png\" \/>\n\t<meta property=\"og:image:width\" content=\"600\" \/>\n\t<meta property=\"og:image:height\" content=\"600\" \/>\n\t<meta property=\"og:image:type\" content=\"image\/png\" \/>\n<meta name=\"twitter:card\" content=\"summary_large_image\" \/>\n<meta name=\"twitter:label1\" content=\"Est. tempo de leitura\" \/>\n\t<meta name=\"twitter:data1\" content=\"3 minutos\" \/>\n<script type=\"application\/ld+json\" class=\"yoast-schema-graph\">{\"@context\":\"https:\\\/\\\/schema.org\",\"@graph\":[{\"@type\":\"WebPage\",\"@id\":\"https:\\\/\\\/auna.com.br\\\/auna\\\/produto\\\/pe-152nfc\\\/\",\"url\":\"https:\\\/\\\/auna.com.br\\\/auna\\\/produto\\\/pe-152nfc\\\/\",\"name\":\"PE-152NFC - AUNA Metrologia e Instrumenta\u00e7\u00e3o - Instrumentos de Medi\u00e7\u00e3o, Sensores para Monitoramento e Software para Calibra\u00e7\u00e3o, Ensaio e Inspe\u00e7\u00e3o\",\"isPartOf\":{\"@id\":\"https:\\\/\\\/auna.com.br\\\/auna\\\/#website\"},\"primaryImageOfPage\":{\"@id\":\"https:\\\/\\\/auna.com.br\\\/auna\\\/produto\\\/pe-152nfc\\\/#primaryimage\"},\"image\":{\"@id\":\"https:\\\/\\\/auna.com.br\\\/auna\\\/produto\\\/pe-152nfc\\\/#primaryimage\"},\"thumbnailUrl\":\"https:\\\/\\\/auna.com.br\\\/auna\\\/wp-content\\\/uploads\\\/2023\\\/12\\\/PE-152-Front-600x600-1.png\",\"datePublished\":\"2023-12-27T02:10:34+00:00\",\"dateModified\":\"2023-12-27T17:51:49+00:00\",\"breadcrumb\":{\"@id\":\"https:\\\/\\\/auna.com.br\\\/auna\\\/produto\\\/pe-152nfc\\\/#breadcrumb\"},\"inLanguage\":\"pt-BR\",\"potentialAction\":[{\"@type\":\"ReadAction\",\"target\":[\"https:\\\/\\\/auna.com.br\\\/auna\\\/produto\\\/pe-152nfc\\\/\"]}]},{\"@type\":\"ImageObject\",\"inLanguage\":\"pt-BR\",\"@id\":\"https:\\\/\\\/auna.com.br\\\/auna\\\/produto\\\/pe-152nfc\\\/#primaryimage\",\"url\":\"https:\\\/\\\/auna.com.br\\\/auna\\\/wp-content\\\/uploads\\\/2023\\\/12\\\/PE-152-Front-600x600-1.png\",\"contentUrl\":\"https:\\\/\\\/auna.com.br\\\/auna\\\/wp-content\\\/uploads\\\/2023\\\/12\\\/PE-152-Front-600x600-1.png\",\"width\":600,\"height\":600},{\"@type\":\"BreadcrumbList\",\"@id\":\"https:\\\/\\\/auna.com.br\\\/auna\\\/produto\\\/pe-152nfc\\\/#breadcrumb\",\"itemListElement\":[{\"@type\":\"ListItem\",\"position\":1,\"name\":\"In\u00edcio\",\"item\":\"https:\\\/\\\/auna.com.br\\\/auna\\\/\"},{\"@type\":\"ListItem\",\"position\":2,\"name\":\"Instrumentos\",\"item\":\"https:\\\/\\\/auna.com.br\\\/auna\\\/loja\\\/\"},{\"@type\":\"ListItem\",\"position\":3,\"name\":\"PE-152NFC\"}]},{\"@type\":\"WebSite\",\"@id\":\"https:\\\/\\\/auna.com.br\\\/auna\\\/#website\",\"url\":\"https:\\\/\\\/auna.com.br\\\/auna\\\/\",\"name\":\"AUNA Metrologia e Instrumenta\u00e7\u00e3o - Instrumentos de Medi\u00e7\u00e3o, Sensores para Monitoramento e Software para Calibra\u00e7\u00e3o, Ensaio e Inspe\u00e7\u00e3o\",\"description\":\"comercial@auna.com.br || +55 15 9 8129-4041\",\"publisher\":{\"@id\":\"https:\\\/\\\/auna.com.br\\\/auna\\\/#organization\"},\"potentialAction\":[{\"@type\":\"SearchAction\",\"target\":{\"@type\":\"EntryPoint\",\"urlTemplate\":\"https:\\\/\\\/auna.com.br\\\/auna\\\/?s={search_term_string}\"},\"query-input\":{\"@type\":\"PropertyValueSpecification\",\"valueRequired\":true,\"valueName\":\"search_term_string\"}}],\"inLanguage\":\"pt-BR\"},{\"@type\":\"Organization\",\"@id\":\"https:\\\/\\\/auna.com.br\\\/auna\\\/#organization\",\"name\":\"AUNA Metrologia e Instrumenta\u00e7\u00e3o - Instrumentos de Medi\u00e7\u00e3o, Sensores para Monitoramento e Software para Calibra\u00e7\u00e3o, Ensaio e Inspe\u00e7\u00e3o\",\"url\":\"https:\\\/\\\/auna.com.br\\\/auna\\\/\",\"logo\":{\"@type\":\"ImageObject\",\"inLanguage\":\"pt-BR\",\"@id\":\"https:\\\/\\\/auna.com.br\\\/auna\\\/#\\\/schema\\\/logo\\\/image\\\/\",\"url\":\"https:\\\/\\\/auna.com.br\\\/auna\\\/wp-content\\\/uploads\\\/2023\\\/03\\\/cropped-AUNA_Logo_Transparente.png\",\"contentUrl\":\"https:\\\/\\\/auna.com.br\\\/auna\\\/wp-content\\\/uploads\\\/2023\\\/03\\\/cropped-AUNA_Logo_Transparente.png\",\"width\":960,\"height\":430,\"caption\":\"AUNA Metrologia e Instrumenta\u00e7\u00e3o - Instrumentos de Medi\u00e7\u00e3o, Sensores para Monitoramento e Software para Calibra\u00e7\u00e3o, Ensaio e Inspe\u00e7\u00e3o\"},\"image\":{\"@id\":\"https:\\\/\\\/auna.com.br\\\/auna\\\/#\\\/schema\\\/logo\\\/image\\\/\"}}]}<\/script>\n<!-- \/ Yoast SEO plugin. -->","yoast_head_json":{"title":"PE-152NFC - AUNA Metrologia e Instrumenta\u00e7\u00e3o - Instrumentos de Medi\u00e7\u00e3o, Sensores para Monitoramento e Software para Calibra\u00e7\u00e3o, Ensaio e Inspe\u00e7\u00e3o","robots":{"index":"index","follow":"follow","max-snippet":"max-snippet:-1","max-image-preview":"max-image-preview:large","max-video-preview":"max-video-preview:-1"},"canonical":"https:\/\/auna.com.br\/auna\/produto\/pe-152nfc\/","og_locale":"pt_BR","og_type":"article","og_title":"PE-152NFC - AUNA Metrologia e Instrumenta\u00e7\u00e3o - Instrumentos de Medi\u00e7\u00e3o, Sensores para Monitoramento e Software para Calibra\u00e7\u00e3o, Ensaio e Inspe\u00e7\u00e3o","og_description":"O que diversifica o PE-152 da nossa solu\u00e7\u00e3o ESL tradicional \u00e9 o valor agregado do NFC ativo, indicadores LED e feedback sonoro.\u00a0Isso permite que voc\u00ea use cart\u00f5es de fidelidade do cliente, pagamento e at\u00e9 solu\u00e7\u00f5es de sele\u00e7\u00e3o para exibi\u00e7\u00e3o.\u00a0O LED pode ser utilizado como indicador para uma determinada a\u00e7\u00e3o, para chamar a aten\u00e7\u00e3o ou para [&hellip;]","og_url":"https:\/\/auna.com.br\/auna\/produto\/pe-152nfc\/","og_site_name":"AUNA Metrologia e Instrumenta\u00e7\u00e3o - Instrumentos de Medi\u00e7\u00e3o, Sensores para Monitoramento e Software para Calibra\u00e7\u00e3o, Ensaio e Inspe\u00e7\u00e3o","article_modified_time":"2023-12-27T17:51:49+00:00","og_image":[{"width":600,"height":600,"url":"https:\/\/auna.com.br\/auna\/wp-content\/uploads\/2023\/12\/PE-152-Front-600x600-1.png","type":"image\/png"}],"twitter_card":"summary_large_image","twitter_misc":{"Est. tempo de leitura":"3 minutos"},"schema":{"@context":"https:\/\/schema.org","@graph":[{"@type":"WebPage","@id":"https:\/\/auna.com.br\/auna\/produto\/pe-152nfc\/","url":"https:\/\/auna.com.br\/auna\/produto\/pe-152nfc\/","name":"PE-152NFC - AUNA Metrologia e Instrumenta\u00e7\u00e3o - Instrumentos de Medi\u00e7\u00e3o, Sensores para Monitoramento e Software para Calibra\u00e7\u00e3o, Ensaio e Inspe\u00e7\u00e3o","isPartOf":{"@id":"https:\/\/auna.com.br\/auna\/#website"},"primaryImageOfPage":{"@id":"https:\/\/auna.com.br\/auna\/produto\/pe-152nfc\/#primaryimage"},"image":{"@id":"https:\/\/auna.com.br\/auna\/produto\/pe-152nfc\/#primaryimage"},"thumbnailUrl":"https:\/\/auna.com.br\/auna\/wp-content\/uploads\/2023\/12\/PE-152-Front-600x600-1.png","datePublished":"2023-12-27T02:10:34+00:00","dateModified":"2023-12-27T17:51:49+00:00","breadcrumb":{"@id":"https:\/\/auna.com.br\/auna\/produto\/pe-152nfc\/#breadcrumb"},"inLanguage":"pt-BR","potentialAction":[{"@type":"ReadAction","target":["https:\/\/auna.com.br\/auna\/produto\/pe-152nfc\/"]}]},{"@type":"ImageObject","inLanguage":"pt-BR","@id":"https:\/\/auna.com.br\/auna\/produto\/pe-152nfc\/#primaryimage","url":"https:\/\/auna.com.br\/auna\/wp-content\/uploads\/2023\/12\/PE-152-Front-600x600-1.png","contentUrl":"https:\/\/auna.com.br\/auna\/wp-content\/uploads\/2023\/12\/PE-152-Front-600x600-1.png","width":600,"height":600},{"@type":"BreadcrumbList","@id":"https:\/\/auna.com.br\/auna\/produto\/pe-152nfc\/#breadcrumb","itemListElement":[{"@type":"ListItem","position":1,"name":"In\u00edcio","item":"https:\/\/auna.com.br\/auna\/"},{"@type":"ListItem","position":2,"name":"Instrumentos","item":"https:\/\/auna.com.br\/auna\/loja\/"},{"@type":"ListItem","position":3,"name":"PE-152NFC"}]},{"@type":"WebSite","@id":"https:\/\/auna.com.br\/auna\/#website","url":"https:\/\/auna.com.br\/auna\/","name":"AUNA Metrologia e Instrumenta\u00e7\u00e3o - Instrumentos de Medi\u00e7\u00e3o, Sensores para Monitoramento e Software para Calibra\u00e7\u00e3o, Ensaio e Inspe\u00e7\u00e3o","description":"comercial@auna.com.br || +55 15 9 8129-4041","publisher":{"@id":"https:\/\/auna.com.br\/auna\/#organization"},"potentialAction":[{"@type":"SearchAction","target":{"@type":"EntryPoint","urlTemplate":"https:\/\/auna.com.br\/auna\/?s={search_term_string}"},"query-input":{"@type":"PropertyValueSpecification","valueRequired":true,"valueName":"search_term_string"}}],"inLanguage":"pt-BR"},{"@type":"Organization","@id":"https:\/\/auna.com.br\/auna\/#organization","name":"AUNA Metrologia e Instrumenta\u00e7\u00e3o - Instrumentos de Medi\u00e7\u00e3o, Sensores para Monitoramento e Software para Calibra\u00e7\u00e3o, Ensaio e Inspe\u00e7\u00e3o","url":"https:\/\/auna.com.br\/auna\/","logo":{"@type":"ImageObject","inLanguage":"pt-BR","@id":"https:\/\/auna.com.br\/auna\/#\/schema\/logo\/image\/","url":"https:\/\/auna.com.br\/auna\/wp-content\/uploads\/2023\/03\/cropped-AUNA_Logo_Transparente.png","contentUrl":"https:\/\/auna.com.br\/auna\/wp-content\/uploads\/2023\/03\/cropped-AUNA_Logo_Transparente.png","width":960,"height":430,"caption":"AUNA Metrologia e Instrumenta\u00e7\u00e3o - Instrumentos de Medi\u00e7\u00e3o, Sensores para Monitoramento e Software para Calibra\u00e7\u00e3o, Ensaio e Inspe\u00e7\u00e3o"},"image":{"@id":"https:\/\/auna.com.br\/auna\/#\/schema\/logo\/image\/"}}]}},"_links":{"self":[{"href":"https:\/\/auna.com.br\/auna\/wp-json\/wp\/v2\/product\/12397","targetHints":{"allow":["GET"]}}],"collection":[{"href":"https:\/\/auna.com.br\/auna\/wp-json\/wp\/v2\/product"}],"about":[{"href":"https:\/\/auna.com.br\/auna\/wp-json\/wp\/v2\/types\/product"}],"replies":[{"embeddable":true,"href":"https:\/\/auna.com.br\/auna\/wp-json\/wp\/v2\/comments?post=12397"}],"wp:featuredmedia":[{"embeddable":true,"href":"https:\/\/auna.com.br\/auna\/wp-json\/wp\/v2\/media\/12398"}],"wp:attachment":[{"href":"https:\/\/auna.com.br\/auna\/wp-json\/wp\/v2\/media?parent=12397"}],"wp:term":[{"taxonomy":"product_brand","embeddable":true,"href":"https:\/\/auna.com.br\/auna\/wp-json\/wp\/v2\/product_brand?post=12397"},{"taxonomy":"product_cat","embeddable":true,"href":"https:\/\/auna.com.br\/auna\/wp-json\/wp\/v2\/product_cat?post=12397"},{"taxonomy":"product_tag","embeddable":true,"href":"https:\/\/auna.com.br\/auna\/wp-json\/wp\/v2\/product_tag?post=12397"},{"taxonomy":"wpstream_actors","embeddable":true,"href":"https:\/\/auna.com.br\/auna\/wp-json\/wp\/v2\/wpstream_actors?post=12397"},{"taxonomy":"wpstream_category","embeddable":true,"href":"https:\/\/auna.com.br\/auna\/wp-json\/wp\/v2\/wpstream_category?post=12397"},{"taxonomy":"wpstream_movie_rating","embeddable":true,"href":"https:\/\/auna.com.br\/auna\/wp-json\/wp\/v2\/wpstream_movie_rating?post=12397"}],"curies":[{"name":"wp","href":"https:\/\/api.w.org\/{rel}","templated":true}]}}