{"id":12708,"date":"2024-01-24T06:21:56","date_gmt":"2024-01-24T09:21:56","guid":{"rendered":"https:\/\/auna.com.br\/auna\/?post_type=product&#038;p=12708"},"modified":"2025-12-20T09:48:34","modified_gmt":"2025-12-20T12:48:34","slug":"adt227-hart","status":"publish","type":"product","link":"https:\/\/auna.com.br\/auna\/produto\/adt227-hart\/","title":{"rendered":"ADT227-HART"},"content":{"rendered":"<p><strong>Additel 227-HART \u2013 Calibrador de Processo Multifun\u00e7\u00e3o com Documenta\u00e7\u00e3o e Comunicador HART Full<\/strong><\/p>\n<ul>\n<li>Gera\u00e7\u00e3o, Simula\u00e7\u00e3o e Medi\u00e7\u00e3o de Press\u00e3o, Temperatura e Sinais El\u00e9trico<\/li>\n<li>Documenta\u00e7\u00e3o da calibra\u00e7\u00e3o e Datalogger incorporado<\/li>\n<li>Comunicador HART Full com extensa biblioteca<\/li>\n<li>Bar\u00f4metro incorporado<\/li>\n<li>Vers\u00e3o Intrinsicamente Segura dispon\u00edvel (Ex)<\/li>\n<li>Grande tela intuitiva acionada ao toque<\/li>\n<li>Interfaces USB Tipo-C<\/li>\n<li>Classifica\u00e7\u00e3o IP67<\/li>\n<li>Capacidade de medi\u00e7\u00e3o de Alta Tens\u00e3o (300V AC)<\/li>\n<li>Volt\u00edmetro com medi\u00e7\u00e3o True RMS<\/li>\n<li>2 portas para m\u00f3dulos de press\u00e3o externos<\/li>\n<li>Medi\u00e7\u00e3o de Press\u00e3o Diferencial com alta Est\u00e1tica 0,002% FE<\/li>\n<li>Certificado de Calibra\u00e7\u00e3o Acreditado ISO 17025 com dados<\/li>\n<\/ul>\n<div>\n<div><strong>Medi\u00e7\u00e3o de Sinais<\/strong><\/div>\n<div>\u2022 Tens\u00e3o dc: -10 a 75mV ; \u00b1300 mV ; \u00b13 V ; \u00b130 V ; \u00b1300 V<\/div>\n<div>\u2022 Tens\u00e3o ac: \u00b13 V ; \u00b130 V ; \u00b1300 V\u00a0 TRUE RMS<br \/>\n\u2022 Corrente dc: \u00b130 mA<\/div>\n<div>\u2022 Resist\u00eancia: 0 a 400\u2126 ; 0 a a 4000\u2126<\/div>\n<div>\u2022 Termopares: S, R, B, K, N, E, J, T, C, D, G, L e U<\/div>\n<div>\u2022 Termoresist\u00eancias: Pt10(385), Pt25(385), Pt50(3916), Pt100(385\/391\/3916\/3926), Pt200(385), Pt400(385), Pt500(385), Pt1000(385), Cu10(427), Cu50(428), Cu100(428), Ni100(617\/618), Ni120(672), Ni1000<\/div>\n<div>\u2022 Frequ\u00eancia: 0,01 a 50000 Hz<\/div>\n<div>\u2022 Pulso: 0 a 9999999<\/div>\n<div>\u2022 Chave limite: +3V a +30V<\/div>\n<div><\/div>\n<div>\n<div><strong>Medi\u00e7\u00e3o de Press\u00e3o<\/strong><\/div>\n<div>O calibrador ADT227 pode efetuar medi\u00e7\u00f5es de press\u00e3o utilizando at\u00e9 2 m\u00f3dulos Externos de press\u00e3o ADT161 simultaneamente (m\u00f3dulos opcionais).<\/div>\n<div>Estes m\u00f3dulos s\u00e3o inteligentes e intercambi\u00e1veis entre os calibradores que s\u00e3o compat\u00edveis com o mesmo.<\/div>\n<div>Est\u00e3o dispon\u00edveis para faixas de press\u00e3o desde v\u00e1cuo at\u00e9 40000 psi com exatid\u00f5es b\u00e1sica de 0,02% FE.<\/div>\n<div>Possuem compensa\u00e7\u00e3o t\u00e9rmica total para opera\u00e7\u00e3o com temperatura do ambiente entre -10\u00b0C a 50\u00b0C.<\/div>\n<div><\/div>\n<\/div>\n<div>\n<div><strong>Gera\u00e7\u00e3o de Sinais<\/strong><\/div>\n<div>\u2022 Tens\u00e3o dc: -10 a 75mV (TC) ; 0 a 15 V<\/div>\n<\/div>\n<\/div>\n<div>\u2022 Corrente dc: 0 a 25 mA<\/div>\n<div>\u2022 Resist\u00eancia: 0 a 400\u2126 e 0 a 4000\u2126<\/div>\n<div>\u2022 Termopares: S, R, B, K, N, E, J, T, C, D, G, L e U<\/div>\n<div>\u2022 Termoresist\u00eancias: Pt10(385), Pt25(385), Pt50(3916), Pt100(385\/391\/3916\/3926), Pt200(385), Pt400(385), Pt500(385), Pt1000(385), Cu10(427), Cu50(428), Cu100(428), Ni100(617\/618), Ni120(672), Ni1000<\/div>\n<div>\u2022 Frequ\u00eancia: 0,01 a 50000 Hz<\/div>\n<div>\u2022 Pulso: 0 a 9999999<\/div>\n<div>\u2022 Fonte fixa: 24 Vdc<\/div>\n<div><\/div>\n<div>\n<div><strong>Especifica\u00e7\u00f5es Gerais<\/strong><strong>\u00a0<\/strong><\/div>\n<\/div>\n<div>\u2022 Display TFT 5\u2033 tela capacitiva<\/div>\n<div>\u2022 Recursos para economia de tempo, menu com \u00edcones<\/div>\n<div>\u2022 Documenta\u00e7\u00e3o da calibra\u00e7\u00e3o, podem ser geradas at\u00e9 10000 diferentes tarefas com resultados de calibra\u00e7\u00e3o<\/div>\n<div>\u2022 Datalogger com armazenamento de at\u00e9 500 resultados, 7 canais e 1000000 leituras para cada canal.<\/div>\n<div>\u2022 Compensa\u00e7\u00e3o de junta-fria aprimorada com melhor tempo de estabiliza\u00e7\u00e3o<\/div>\n<div>\u2022 Interfaces USB<\/div>\n<div>\u2022 Dimens\u00f5es e peso: 177x105x52 mm \u2013 0,7 Kg<\/div>\n<div>\u2022 Alimenta\u00e7\u00e3o por bateria recarreg\u00e1vel de L\u00edtio-\u00edon durabilidade de 16 horas \u2013 inclui recarregador externo 110\/220Vac<\/div>\n","protected":false},"excerpt":{"rendered":"<p>Additel 227-HART \u2013 Calibrador de Processo Multifun\u00e7\u00e3o com Documenta\u00e7\u00e3o e Comunicador HART Full Gera\u00e7\u00e3o, Simula\u00e7\u00e3o e Medi\u00e7\u00e3o de Press\u00e3o, Temperatura e Sinais El\u00e9trico Documenta\u00e7\u00e3o da calibra\u00e7\u00e3o e Datalogger incorporado Comunicador HART Full com extensa biblioteca Bar\u00f4metro incorporado Vers\u00e3o Intrinsicamente Segura dispon\u00edvel (Ex) Grande tela intuitiva acionada ao toque Interfaces USB Tipo-C Classifica\u00e7\u00e3o IP67 Capacidade de [&hellip;]<\/p>\n","protected":false},"featured_media":12709,"comment_status":"closed","ping_status":"closed","template":"","meta":[],"product_brand":[],"product_cat":[65],"product_tag":[],"wpstream_actors":[],"wpstream_category":[],"wpstream_movie_rating":[],"class_list":{"0":"post-12708","1":"product","2":"type-product","3":"status-publish","4":"has-post-thumbnail","6":"product_cat-calibrador-de-processo","8":"first","9":"onbackorder","10":"taxable","11":"shipping-taxable","12":"product-type-simple","13":"czr-hentry"},"yoast_head":"<!-- This site is optimized with the Yoast SEO plugin v27.5 - https:\/\/yoast.com\/product\/yoast-seo-wordpress\/ -->\n<title>ADT227-HART - AUNA Metrologia e Instrumenta\u00e7\u00e3o - Instrumentos de Medi\u00e7\u00e3o, Sensores para Monitoramento e Software para Calibra\u00e7\u00e3o, Ensaio e Inspe\u00e7\u00e3o<\/title>\n<meta name=\"robots\" content=\"index, follow, max-snippet:-1, max-image-preview:large, max-video-preview:-1\" \/>\n<link rel=\"canonical\" href=\"https:\/\/auna.com.br\/auna\/produto\/adt227-hart\/\" \/>\n<meta property=\"og:locale\" content=\"pt_BR\" \/>\n<meta property=\"og:type\" content=\"article\" \/>\n<meta property=\"og:title\" content=\"ADT227-HART - AUNA Metrologia e Instrumenta\u00e7\u00e3o - Instrumentos de Medi\u00e7\u00e3o, Sensores para Monitoramento e Software para Calibra\u00e7\u00e3o, Ensaio e Inspe\u00e7\u00e3o\" \/>\n<meta property=\"og:description\" content=\"Additel 227-HART \u2013 Calibrador de Processo Multifun\u00e7\u00e3o com Documenta\u00e7\u00e3o e Comunicador HART Full Gera\u00e7\u00e3o, Simula\u00e7\u00e3o e Medi\u00e7\u00e3o de Press\u00e3o, Temperatura e Sinais El\u00e9trico Documenta\u00e7\u00e3o da calibra\u00e7\u00e3o e Datalogger incorporado Comunicador HART Full com extensa biblioteca Bar\u00f4metro incorporado Vers\u00e3o Intrinsicamente Segura dispon\u00edvel (Ex) Grande tela intuitiva acionada ao toque Interfaces USB Tipo-C Classifica\u00e7\u00e3o IP67 Capacidade de [&hellip;]\" \/>\n<meta property=\"og:url\" content=\"https:\/\/auna.com.br\/auna\/produto\/adt227-hart\/\" \/>\n<meta property=\"og:site_name\" content=\"AUNA Metrologia e Instrumenta\u00e7\u00e3o - Instrumentos de Medi\u00e7\u00e3o, Sensores para Monitoramento e Software para Calibra\u00e7\u00e3o, Ensaio e Inspe\u00e7\u00e3o\" \/>\n<meta property=\"article:modified_time\" content=\"2025-12-20T12:48:34+00:00\" \/>\n<meta property=\"og:image\" content=\"https:\/\/auna.com.br\/auna\/wp-content\/uploads\/2024\/01\/ADT227-2.webp\" \/>\n\t<meta property=\"og:image:width\" content=\"1000\" \/>\n\t<meta property=\"og:image:height\" content=\"1000\" \/>\n\t<meta property=\"og:image:type\" content=\"image\/webp\" \/>\n<meta name=\"twitter:card\" content=\"summary_large_image\" \/>\n<meta name=\"twitter:label1\" content=\"Est. tempo de leitura\" \/>\n\t<meta name=\"twitter:data1\" content=\"3 minutos\" \/>\n<script type=\"application\/ld+json\" class=\"yoast-schema-graph\">{\"@context\":\"https:\\\/\\\/schema.org\",\"@graph\":[{\"@type\":\"WebPage\",\"@id\":\"https:\\\/\\\/auna.com.br\\\/auna\\\/produto\\\/adt227-hart\\\/\",\"url\":\"https:\\\/\\\/auna.com.br\\\/auna\\\/produto\\\/adt227-hart\\\/\",\"name\":\"ADT227-HART - AUNA Metrologia e Instrumenta\u00e7\u00e3o - Instrumentos de Medi\u00e7\u00e3o, Sensores para Monitoramento e Software para Calibra\u00e7\u00e3o, Ensaio e Inspe\u00e7\u00e3o\",\"isPartOf\":{\"@id\":\"https:\\\/\\\/auna.com.br\\\/auna\\\/#website\"},\"primaryImageOfPage\":{\"@id\":\"https:\\\/\\\/auna.com.br\\\/auna\\\/produto\\\/adt227-hart\\\/#primaryimage\"},\"image\":{\"@id\":\"https:\\\/\\\/auna.com.br\\\/auna\\\/produto\\\/adt227-hart\\\/#primaryimage\"},\"thumbnailUrl\":\"https:\\\/\\\/auna.com.br\\\/auna\\\/wp-content\\\/uploads\\\/2024\\\/01\\\/ADT227-2.webp\",\"datePublished\":\"2024-01-24T09:21:56+00:00\",\"dateModified\":\"2025-12-20T12:48:34+00:00\",\"breadcrumb\":{\"@id\":\"https:\\\/\\\/auna.com.br\\\/auna\\\/produto\\\/adt227-hart\\\/#breadcrumb\"},\"inLanguage\":\"pt-BR\",\"potentialAction\":[{\"@type\":\"ReadAction\",\"target\":[\"https:\\\/\\\/auna.com.br\\\/auna\\\/produto\\\/adt227-hart\\\/\"]}]},{\"@type\":\"ImageObject\",\"inLanguage\":\"pt-BR\",\"@id\":\"https:\\\/\\\/auna.com.br\\\/auna\\\/produto\\\/adt227-hart\\\/#primaryimage\",\"url\":\"https:\\\/\\\/auna.com.br\\\/auna\\\/wp-content\\\/uploads\\\/2024\\\/01\\\/ADT227-2.webp\",\"contentUrl\":\"https:\\\/\\\/auna.com.br\\\/auna\\\/wp-content\\\/uploads\\\/2024\\\/01\\\/ADT227-2.webp\",\"width\":1000,\"height\":1000},{\"@type\":\"BreadcrumbList\",\"@id\":\"https:\\\/\\\/auna.com.br\\\/auna\\\/produto\\\/adt227-hart\\\/#breadcrumb\",\"itemListElement\":[{\"@type\":\"ListItem\",\"position\":1,\"name\":\"In\u00edcio\",\"item\":\"https:\\\/\\\/auna.com.br\\\/auna\\\/\"},{\"@type\":\"ListItem\",\"position\":2,\"name\":\"Instrumentos\",\"item\":\"https:\\\/\\\/auna.com.br\\\/auna\\\/loja\\\/\"},{\"@type\":\"ListItem\",\"position\":3,\"name\":\"ADT227-HART\"}]},{\"@type\":\"WebSite\",\"@id\":\"https:\\\/\\\/auna.com.br\\\/auna\\\/#website\",\"url\":\"https:\\\/\\\/auna.com.br\\\/auna\\\/\",\"name\":\"AUNA Metrologia e Instrumenta\u00e7\u00e3o - Instrumentos de Medi\u00e7\u00e3o, Sensores para Monitoramento e Software para Calibra\u00e7\u00e3o, Ensaio e Inspe\u00e7\u00e3o\",\"description\":\"comercial@auna.com.br || +55 15 9 8129-4041\",\"publisher\":{\"@id\":\"https:\\\/\\\/auna.com.br\\\/auna\\\/#organization\"},\"potentialAction\":[{\"@type\":\"SearchAction\",\"target\":{\"@type\":\"EntryPoint\",\"urlTemplate\":\"https:\\\/\\\/auna.com.br\\\/auna\\\/?s={search_term_string}\"},\"query-input\":{\"@type\":\"PropertyValueSpecification\",\"valueRequired\":true,\"valueName\":\"search_term_string\"}}],\"inLanguage\":\"pt-BR\"},{\"@type\":\"Organization\",\"@id\":\"https:\\\/\\\/auna.com.br\\\/auna\\\/#organization\",\"name\":\"AUNA Metrologia e Instrumenta\u00e7\u00e3o - Instrumentos de Medi\u00e7\u00e3o, Sensores para Monitoramento e Software para Calibra\u00e7\u00e3o, Ensaio e Inspe\u00e7\u00e3o\",\"url\":\"https:\\\/\\\/auna.com.br\\\/auna\\\/\",\"logo\":{\"@type\":\"ImageObject\",\"inLanguage\":\"pt-BR\",\"@id\":\"https:\\\/\\\/auna.com.br\\\/auna\\\/#\\\/schema\\\/logo\\\/image\\\/\",\"url\":\"https:\\\/\\\/auna.com.br\\\/auna\\\/wp-content\\\/uploads\\\/2023\\\/03\\\/cropped-AUNA_Logo_Transparente.png\",\"contentUrl\":\"https:\\\/\\\/auna.com.br\\\/auna\\\/wp-content\\\/uploads\\\/2023\\\/03\\\/cropped-AUNA_Logo_Transparente.png\",\"width\":960,\"height\":430,\"caption\":\"AUNA Metrologia e Instrumenta\u00e7\u00e3o - Instrumentos de Medi\u00e7\u00e3o, Sensores para Monitoramento e Software para Calibra\u00e7\u00e3o, Ensaio e Inspe\u00e7\u00e3o\"},\"image\":{\"@id\":\"https:\\\/\\\/auna.com.br\\\/auna\\\/#\\\/schema\\\/logo\\\/image\\\/\"}}]}<\/script>\n<!-- \/ Yoast SEO plugin. -->","yoast_head_json":{"title":"ADT227-HART - AUNA Metrologia e Instrumenta\u00e7\u00e3o - Instrumentos de Medi\u00e7\u00e3o, Sensores para Monitoramento e Software para Calibra\u00e7\u00e3o, Ensaio e Inspe\u00e7\u00e3o","robots":{"index":"index","follow":"follow","max-snippet":"max-snippet:-1","max-image-preview":"max-image-preview:large","max-video-preview":"max-video-preview:-1"},"canonical":"https:\/\/auna.com.br\/auna\/produto\/adt227-hart\/","og_locale":"pt_BR","og_type":"article","og_title":"ADT227-HART - AUNA Metrologia e Instrumenta\u00e7\u00e3o - Instrumentos de Medi\u00e7\u00e3o, Sensores para Monitoramento e Software para Calibra\u00e7\u00e3o, Ensaio e Inspe\u00e7\u00e3o","og_description":"Additel 227-HART \u2013 Calibrador de Processo Multifun\u00e7\u00e3o com Documenta\u00e7\u00e3o e Comunicador HART Full Gera\u00e7\u00e3o, Simula\u00e7\u00e3o e Medi\u00e7\u00e3o de Press\u00e3o, Temperatura e Sinais El\u00e9trico Documenta\u00e7\u00e3o da calibra\u00e7\u00e3o e Datalogger incorporado Comunicador HART Full com extensa biblioteca Bar\u00f4metro incorporado Vers\u00e3o Intrinsicamente Segura dispon\u00edvel (Ex) Grande tela intuitiva acionada ao toque Interfaces USB Tipo-C Classifica\u00e7\u00e3o IP67 Capacidade de [&hellip;]","og_url":"https:\/\/auna.com.br\/auna\/produto\/adt227-hart\/","og_site_name":"AUNA Metrologia e Instrumenta\u00e7\u00e3o - Instrumentos de Medi\u00e7\u00e3o, Sensores para Monitoramento e Software para Calibra\u00e7\u00e3o, Ensaio e Inspe\u00e7\u00e3o","article_modified_time":"2025-12-20T12:48:34+00:00","og_image":[{"width":1000,"height":1000,"url":"https:\/\/auna.com.br\/auna\/wp-content\/uploads\/2024\/01\/ADT227-2.webp","type":"image\/webp"}],"twitter_card":"summary_large_image","twitter_misc":{"Est. tempo de leitura":"3 minutos"},"schema":{"@context":"https:\/\/schema.org","@graph":[{"@type":"WebPage","@id":"https:\/\/auna.com.br\/auna\/produto\/adt227-hart\/","url":"https:\/\/auna.com.br\/auna\/produto\/adt227-hart\/","name":"ADT227-HART - AUNA Metrologia e Instrumenta\u00e7\u00e3o - Instrumentos de Medi\u00e7\u00e3o, Sensores para Monitoramento e Software para Calibra\u00e7\u00e3o, Ensaio e Inspe\u00e7\u00e3o","isPartOf":{"@id":"https:\/\/auna.com.br\/auna\/#website"},"primaryImageOfPage":{"@id":"https:\/\/auna.com.br\/auna\/produto\/adt227-hart\/#primaryimage"},"image":{"@id":"https:\/\/auna.com.br\/auna\/produto\/adt227-hart\/#primaryimage"},"thumbnailUrl":"https:\/\/auna.com.br\/auna\/wp-content\/uploads\/2024\/01\/ADT227-2.webp","datePublished":"2024-01-24T09:21:56+00:00","dateModified":"2025-12-20T12:48:34+00:00","breadcrumb":{"@id":"https:\/\/auna.com.br\/auna\/produto\/adt227-hart\/#breadcrumb"},"inLanguage":"pt-BR","potentialAction":[{"@type":"ReadAction","target":["https:\/\/auna.com.br\/auna\/produto\/adt227-hart\/"]}]},{"@type":"ImageObject","inLanguage":"pt-BR","@id":"https:\/\/auna.com.br\/auna\/produto\/adt227-hart\/#primaryimage","url":"https:\/\/auna.com.br\/auna\/wp-content\/uploads\/2024\/01\/ADT227-2.webp","contentUrl":"https:\/\/auna.com.br\/auna\/wp-content\/uploads\/2024\/01\/ADT227-2.webp","width":1000,"height":1000},{"@type":"BreadcrumbList","@id":"https:\/\/auna.com.br\/auna\/produto\/adt227-hart\/#breadcrumb","itemListElement":[{"@type":"ListItem","position":1,"name":"In\u00edcio","item":"https:\/\/auna.com.br\/auna\/"},{"@type":"ListItem","position":2,"name":"Instrumentos","item":"https:\/\/auna.com.br\/auna\/loja\/"},{"@type":"ListItem","position":3,"name":"ADT227-HART"}]},{"@type":"WebSite","@id":"https:\/\/auna.com.br\/auna\/#website","url":"https:\/\/auna.com.br\/auna\/","name":"AUNA Metrologia e Instrumenta\u00e7\u00e3o - Instrumentos de Medi\u00e7\u00e3o, Sensores para Monitoramento e Software para Calibra\u00e7\u00e3o, Ensaio e Inspe\u00e7\u00e3o","description":"comercial@auna.com.br || +55 15 9 8129-4041","publisher":{"@id":"https:\/\/auna.com.br\/auna\/#organization"},"potentialAction":[{"@type":"SearchAction","target":{"@type":"EntryPoint","urlTemplate":"https:\/\/auna.com.br\/auna\/?s={search_term_string}"},"query-input":{"@type":"PropertyValueSpecification","valueRequired":true,"valueName":"search_term_string"}}],"inLanguage":"pt-BR"},{"@type":"Organization","@id":"https:\/\/auna.com.br\/auna\/#organization","name":"AUNA Metrologia e Instrumenta\u00e7\u00e3o - Instrumentos de Medi\u00e7\u00e3o, Sensores para Monitoramento e Software para Calibra\u00e7\u00e3o, Ensaio e Inspe\u00e7\u00e3o","url":"https:\/\/auna.com.br\/auna\/","logo":{"@type":"ImageObject","inLanguage":"pt-BR","@id":"https:\/\/auna.com.br\/auna\/#\/schema\/logo\/image\/","url":"https:\/\/auna.com.br\/auna\/wp-content\/uploads\/2023\/03\/cropped-AUNA_Logo_Transparente.png","contentUrl":"https:\/\/auna.com.br\/auna\/wp-content\/uploads\/2023\/03\/cropped-AUNA_Logo_Transparente.png","width":960,"height":430,"caption":"AUNA Metrologia e Instrumenta\u00e7\u00e3o - Instrumentos de Medi\u00e7\u00e3o, Sensores para Monitoramento e Software para Calibra\u00e7\u00e3o, Ensaio e Inspe\u00e7\u00e3o"},"image":{"@id":"https:\/\/auna.com.br\/auna\/#\/schema\/logo\/image\/"}}]}},"_links":{"self":[{"href":"https:\/\/auna.com.br\/auna\/wp-json\/wp\/v2\/product\/12708","targetHints":{"allow":["GET"]}}],"collection":[{"href":"https:\/\/auna.com.br\/auna\/wp-json\/wp\/v2\/product"}],"about":[{"href":"https:\/\/auna.com.br\/auna\/wp-json\/wp\/v2\/types\/product"}],"replies":[{"embeddable":true,"href":"https:\/\/auna.com.br\/auna\/wp-json\/wp\/v2\/comments?post=12708"}],"wp:featuredmedia":[{"embeddable":true,"href":"https:\/\/auna.com.br\/auna\/wp-json\/wp\/v2\/media\/12709"}],"wp:attachment":[{"href":"https:\/\/auna.com.br\/auna\/wp-json\/wp\/v2\/media?parent=12708"}],"wp:term":[{"taxonomy":"product_brand","embeddable":true,"href":"https:\/\/auna.com.br\/auna\/wp-json\/wp\/v2\/product_brand?post=12708"},{"taxonomy":"product_cat","embeddable":true,"href":"https:\/\/auna.com.br\/auna\/wp-json\/wp\/v2\/product_cat?post=12708"},{"taxonomy":"product_tag","embeddable":true,"href":"https:\/\/auna.com.br\/auna\/wp-json\/wp\/v2\/product_tag?post=12708"},{"taxonomy":"wpstream_actors","embeddable":true,"href":"https:\/\/auna.com.br\/auna\/wp-json\/wp\/v2\/wpstream_actors?post=12708"},{"taxonomy":"wpstream_category","embeddable":true,"href":"https:\/\/auna.com.br\/auna\/wp-json\/wp\/v2\/wpstream_category?post=12708"},{"taxonomy":"wpstream_movie_rating","embeddable":true,"href":"https:\/\/auna.com.br\/auna\/wp-json\/wp\/v2\/wpstream_movie_rating?post=12708"}],"curies":[{"name":"wp","href":"https:\/\/api.w.org\/{rel}","templated":true}]}}