{"id":12861,"date":"2024-02-20T09:51:55","date_gmt":"2024-02-20T12:51:55","guid":{"rendered":"https:\/\/auna.com.br\/auna\/?post_type=product&#038;p=12861"},"modified":"2024-02-20T09:54:47","modified_gmt":"2024-02-20T12:54:47","slug":"fonte-de-alimentacao-cc-serie-e-36150","status":"publish","type":"product","link":"https:\/\/auna.com.br\/auna\/produto\/fonte-de-alimentacao-cc-serie-e-36150\/","title":{"rendered":"Fonte de Alimenta\u00e7\u00e3o CC S\u00e9rie E 36150"},"content":{"rendered":"<p><span class=\"fontstyle0\">Uma Unidade de Controle Eletr\u00f4nico (ECU) automotiva \u00e9 um sistema embarcado que controla os componentes el\u00e9tricos e eletr\u00f4nicos do ve\u00edculo, como inje\u00e7\u00e3o de combust\u00edvel, controle de igni\u00e7\u00e3o por fa\u00edsca, frenagem, suspens\u00e3o, controle de dire\u00e7\u00e3o hidr\u00e1ulica, alternador e muito mais. Os ve\u00edculos modernos, em geral, podem conter mais de 100 ECUs para gerir um sistema autom\u00f3vel cada vez mais sofisticado. \u00c0 medida que os ve\u00edculos modernos se tornam cada vez mais dependentes da ECU, \u00e9 vital que essas ECUs sejam completamente validadas <\/span><span class=\"fontstyle0\">e capazes de operar em condi\u00e7\u00f5es ambientais adversas ou dentro de um sistema com elevada perturba\u00e7\u00e3o el\u00e9ctrica para garantir fiabilidade e seguran\u00e7a ao seu utilizador.<\/span><\/p>\n<p><span class=\"fontstyle0\">As especifica\u00e7\u00f5es de testes el\u00e9tricos automotivos ISO16750 e ISO7637 foram desenvolvidas apenas para esse fim, para orientar sistematicamente os fabricantes na realiza\u00e7\u00e3o do teste de imunidade a perturba\u00e7\u00f5es el\u00e9tricas e testes vigorosos previstos no ambiente real em que o ve\u00edculo ser\u00e1 exposto uma vez implantado.<\/span><\/p>\n<p><span class=\"fontstyle0\">A fonte de alimenta\u00e7\u00e3o CC de bancada com ajuste autom\u00e1tico S\u00e9rie E36150 da Keysight suporta o novo recurso que permite importar ou gerar transientes de tens\u00e3o complexos derivados dos padr\u00f5es ISO automotivos, o que \u00e9 adequado para testes el\u00e9tricos automotivos.<\/span><\/p>\n<p>&nbsp;<\/p>\n","protected":false},"excerpt":{"rendered":"<p>Uma Unidade de Controle Eletr\u00f4nico (ECU) automotiva \u00e9 um sistema embarcado que controla os componentes el\u00e9tricos e eletr\u00f4nicos do ve\u00edculo, como inje\u00e7\u00e3o de combust\u00edvel, controle de igni\u00e7\u00e3o por fa\u00edsca, frenagem, suspens\u00e3o, controle de dire\u00e7\u00e3o hidr\u00e1ulica, alternador e muito mais. Os ve\u00edculos modernos, em geral, podem conter mais de 100 ECUs para gerir um sistema autom\u00f3vel [&hellip;]<\/p>\n","protected":false},"featured_media":12862,"comment_status":"closed","ping_status":"closed","template":"","meta":[],"product_brand":[],"product_cat":[284],"product_tag":[],"wpstream_actors":[],"wpstream_category":[],"wpstream_movie_rating":[],"class_list":{"0":"post-12861","1":"product","2":"type-product","3":"status-publish","4":"has-post-thumbnail","6":"product_cat-fonte-de-alimentacao-multimetro-osciloscopio-frequencimetro","8":"first","9":"onbackorder","10":"taxable","11":"shipping-taxable","12":"product-type-simple","13":"czr-hentry"},"yoast_head":"<!-- This site is optimized with the Yoast SEO plugin v27.5 - https:\/\/yoast.com\/product\/yoast-seo-wordpress\/ -->\n<title>Fonte de Alimenta\u00e7\u00e3o CC S\u00e9rie E 36150 - AUNA Metrologia e Instrumenta\u00e7\u00e3o - Instrumentos de Medi\u00e7\u00e3o, Sensores para Monitoramento e Software para Calibra\u00e7\u00e3o, Ensaio e Inspe\u00e7\u00e3o<\/title>\n<meta name=\"robots\" content=\"index, follow, max-snippet:-1, max-image-preview:large, max-video-preview:-1\" \/>\n<link rel=\"canonical\" href=\"https:\/\/auna.com.br\/auna\/produto\/fonte-de-alimentacao-cc-serie-e-36150\/\" \/>\n<meta property=\"og:locale\" content=\"pt_BR\" \/>\n<meta property=\"og:type\" content=\"article\" \/>\n<meta property=\"og:title\" content=\"Fonte de Alimenta\u00e7\u00e3o CC S\u00e9rie E 36150 - AUNA Metrologia e Instrumenta\u00e7\u00e3o - Instrumentos de Medi\u00e7\u00e3o, Sensores para Monitoramento e Software para Calibra\u00e7\u00e3o, Ensaio e Inspe\u00e7\u00e3o\" \/>\n<meta property=\"og:description\" content=\"Uma Unidade de Controle Eletr\u00f4nico (ECU) automotiva \u00e9 um sistema embarcado que controla os componentes el\u00e9tricos e eletr\u00f4nicos do ve\u00edculo, como inje\u00e7\u00e3o de combust\u00edvel, controle de igni\u00e7\u00e3o por fa\u00edsca, frenagem, suspens\u00e3o, controle de dire\u00e7\u00e3o hidr\u00e1ulica, alternador e muito mais. Os ve\u00edculos modernos, em geral, podem conter mais de 100 ECUs para gerir um sistema autom\u00f3vel [&hellip;]\" \/>\n<meta property=\"og:url\" content=\"https:\/\/auna.com.br\/auna\/produto\/fonte-de-alimentacao-cc-serie-e-36150\/\" \/>\n<meta property=\"og:site_name\" content=\"AUNA Metrologia e Instrumenta\u00e7\u00e3o - Instrumentos de Medi\u00e7\u00e3o, Sensores para Monitoramento e Software para Calibra\u00e7\u00e3o, Ensaio e Inspe\u00e7\u00e3o\" \/>\n<meta property=\"article:modified_time\" content=\"2024-02-20T12:54:47+00:00\" \/>\n<meta property=\"og:image\" content=\"https:\/\/auna.com.br\/auna\/wp-content\/uploads\/2024\/02\/E36150.jpg\" \/>\n\t<meta property=\"og:image:width\" content=\"586\" \/>\n\t<meta property=\"og:image:height\" content=\"212\" \/>\n\t<meta property=\"og:image:type\" content=\"image\/jpeg\" \/>\n<meta name=\"twitter:card\" content=\"summary_large_image\" \/>\n<meta name=\"twitter:label1\" content=\"Est. tempo de leitura\" \/>\n\t<meta name=\"twitter:data1\" content=\"2 minutos\" \/>\n<script type=\"application\/ld+json\" class=\"yoast-schema-graph\">{\"@context\":\"https:\\\/\\\/schema.org\",\"@graph\":[{\"@type\":\"WebPage\",\"@id\":\"https:\\\/\\\/auna.com.br\\\/auna\\\/produto\\\/fonte-de-alimentacao-cc-serie-e-36150\\\/\",\"url\":\"https:\\\/\\\/auna.com.br\\\/auna\\\/produto\\\/fonte-de-alimentacao-cc-serie-e-36150\\\/\",\"name\":\"Fonte de Alimenta\u00e7\u00e3o CC S\u00e9rie E 36150 - AUNA Metrologia e Instrumenta\u00e7\u00e3o - Instrumentos de Medi\u00e7\u00e3o, Sensores para Monitoramento e Software para Calibra\u00e7\u00e3o, Ensaio e Inspe\u00e7\u00e3o\",\"isPartOf\":{\"@id\":\"https:\\\/\\\/auna.com.br\\\/auna\\\/#website\"},\"primaryImageOfPage\":{\"@id\":\"https:\\\/\\\/auna.com.br\\\/auna\\\/produto\\\/fonte-de-alimentacao-cc-serie-e-36150\\\/#primaryimage\"},\"image\":{\"@id\":\"https:\\\/\\\/auna.com.br\\\/auna\\\/produto\\\/fonte-de-alimentacao-cc-serie-e-36150\\\/#primaryimage\"},\"thumbnailUrl\":\"https:\\\/\\\/auna.com.br\\\/auna\\\/wp-content\\\/uploads\\\/2024\\\/02\\\/E36150.jpg\",\"datePublished\":\"2024-02-20T12:51:55+00:00\",\"dateModified\":\"2024-02-20T12:54:47+00:00\",\"breadcrumb\":{\"@id\":\"https:\\\/\\\/auna.com.br\\\/auna\\\/produto\\\/fonte-de-alimentacao-cc-serie-e-36150\\\/#breadcrumb\"},\"inLanguage\":\"pt-BR\",\"potentialAction\":[{\"@type\":\"ReadAction\",\"target\":[\"https:\\\/\\\/auna.com.br\\\/auna\\\/produto\\\/fonte-de-alimentacao-cc-serie-e-36150\\\/\"]}]},{\"@type\":\"ImageObject\",\"inLanguage\":\"pt-BR\",\"@id\":\"https:\\\/\\\/auna.com.br\\\/auna\\\/produto\\\/fonte-de-alimentacao-cc-serie-e-36150\\\/#primaryimage\",\"url\":\"https:\\\/\\\/auna.com.br\\\/auna\\\/wp-content\\\/uploads\\\/2024\\\/02\\\/E36150.jpg\",\"contentUrl\":\"https:\\\/\\\/auna.com.br\\\/auna\\\/wp-content\\\/uploads\\\/2024\\\/02\\\/E36150.jpg\",\"width\":586,\"height\":212},{\"@type\":\"BreadcrumbList\",\"@id\":\"https:\\\/\\\/auna.com.br\\\/auna\\\/produto\\\/fonte-de-alimentacao-cc-serie-e-36150\\\/#breadcrumb\",\"itemListElement\":[{\"@type\":\"ListItem\",\"position\":1,\"name\":\"In\u00edcio\",\"item\":\"https:\\\/\\\/auna.com.br\\\/auna\\\/\"},{\"@type\":\"ListItem\",\"position\":2,\"name\":\"Instrumentos\",\"item\":\"https:\\\/\\\/auna.com.br\\\/auna\\\/loja\\\/\"},{\"@type\":\"ListItem\",\"position\":3,\"name\":\"Fonte de Alimenta\u00e7\u00e3o CC S\u00e9rie E 36150\"}]},{\"@type\":\"WebSite\",\"@id\":\"https:\\\/\\\/auna.com.br\\\/auna\\\/#website\",\"url\":\"https:\\\/\\\/auna.com.br\\\/auna\\\/\",\"name\":\"AUNA Metrologia e Instrumenta\u00e7\u00e3o - Instrumentos de Medi\u00e7\u00e3o, Sensores para Monitoramento e Software para Calibra\u00e7\u00e3o, Ensaio e Inspe\u00e7\u00e3o\",\"description\":\"comercial@auna.com.br || +55 15 9 8129-4041\",\"publisher\":{\"@id\":\"https:\\\/\\\/auna.com.br\\\/auna\\\/#organization\"},\"potentialAction\":[{\"@type\":\"SearchAction\",\"target\":{\"@type\":\"EntryPoint\",\"urlTemplate\":\"https:\\\/\\\/auna.com.br\\\/auna\\\/?s={search_term_string}\"},\"query-input\":{\"@type\":\"PropertyValueSpecification\",\"valueRequired\":true,\"valueName\":\"search_term_string\"}}],\"inLanguage\":\"pt-BR\"},{\"@type\":\"Organization\",\"@id\":\"https:\\\/\\\/auna.com.br\\\/auna\\\/#organization\",\"name\":\"AUNA Metrologia e Instrumenta\u00e7\u00e3o - Instrumentos de Medi\u00e7\u00e3o, Sensores para Monitoramento e Software para Calibra\u00e7\u00e3o, Ensaio e Inspe\u00e7\u00e3o\",\"url\":\"https:\\\/\\\/auna.com.br\\\/auna\\\/\",\"logo\":{\"@type\":\"ImageObject\",\"inLanguage\":\"pt-BR\",\"@id\":\"https:\\\/\\\/auna.com.br\\\/auna\\\/#\\\/schema\\\/logo\\\/image\\\/\",\"url\":\"https:\\\/\\\/auna.com.br\\\/auna\\\/wp-content\\\/uploads\\\/2023\\\/03\\\/cropped-AUNA_Logo_Transparente.png\",\"contentUrl\":\"https:\\\/\\\/auna.com.br\\\/auna\\\/wp-content\\\/uploads\\\/2023\\\/03\\\/cropped-AUNA_Logo_Transparente.png\",\"width\":960,\"height\":430,\"caption\":\"AUNA Metrologia e Instrumenta\u00e7\u00e3o - Instrumentos de Medi\u00e7\u00e3o, Sensores para Monitoramento e Software para Calibra\u00e7\u00e3o, Ensaio e Inspe\u00e7\u00e3o\"},\"image\":{\"@id\":\"https:\\\/\\\/auna.com.br\\\/auna\\\/#\\\/schema\\\/logo\\\/image\\\/\"}}]}<\/script>\n<!-- \/ Yoast SEO plugin. -->","yoast_head_json":{"title":"Fonte de Alimenta\u00e7\u00e3o CC S\u00e9rie E 36150 - AUNA Metrologia e Instrumenta\u00e7\u00e3o - Instrumentos de Medi\u00e7\u00e3o, Sensores para Monitoramento e Software para Calibra\u00e7\u00e3o, Ensaio e Inspe\u00e7\u00e3o","robots":{"index":"index","follow":"follow","max-snippet":"max-snippet:-1","max-image-preview":"max-image-preview:large","max-video-preview":"max-video-preview:-1"},"canonical":"https:\/\/auna.com.br\/auna\/produto\/fonte-de-alimentacao-cc-serie-e-36150\/","og_locale":"pt_BR","og_type":"article","og_title":"Fonte de Alimenta\u00e7\u00e3o CC S\u00e9rie E 36150 - AUNA Metrologia e Instrumenta\u00e7\u00e3o - Instrumentos de Medi\u00e7\u00e3o, Sensores para Monitoramento e Software para Calibra\u00e7\u00e3o, Ensaio e Inspe\u00e7\u00e3o","og_description":"Uma Unidade de Controle Eletr\u00f4nico (ECU) automotiva \u00e9 um sistema embarcado que controla os componentes el\u00e9tricos e eletr\u00f4nicos do ve\u00edculo, como inje\u00e7\u00e3o de combust\u00edvel, controle de igni\u00e7\u00e3o por fa\u00edsca, frenagem, suspens\u00e3o, controle de dire\u00e7\u00e3o hidr\u00e1ulica, alternador e muito mais. Os ve\u00edculos modernos, em geral, podem conter mais de 100 ECUs para gerir um sistema autom\u00f3vel [&hellip;]","og_url":"https:\/\/auna.com.br\/auna\/produto\/fonte-de-alimentacao-cc-serie-e-36150\/","og_site_name":"AUNA Metrologia e Instrumenta\u00e7\u00e3o - Instrumentos de Medi\u00e7\u00e3o, Sensores para Monitoramento e Software para Calibra\u00e7\u00e3o, Ensaio e Inspe\u00e7\u00e3o","article_modified_time":"2024-02-20T12:54:47+00:00","og_image":[{"width":586,"height":212,"url":"https:\/\/auna.com.br\/auna\/wp-content\/uploads\/2024\/02\/E36150.jpg","type":"image\/jpeg"}],"twitter_card":"summary_large_image","twitter_misc":{"Est. tempo de leitura":"2 minutos"},"schema":{"@context":"https:\/\/schema.org","@graph":[{"@type":"WebPage","@id":"https:\/\/auna.com.br\/auna\/produto\/fonte-de-alimentacao-cc-serie-e-36150\/","url":"https:\/\/auna.com.br\/auna\/produto\/fonte-de-alimentacao-cc-serie-e-36150\/","name":"Fonte de Alimenta\u00e7\u00e3o CC S\u00e9rie E 36150 - AUNA Metrologia e Instrumenta\u00e7\u00e3o - Instrumentos de Medi\u00e7\u00e3o, Sensores para Monitoramento e Software para Calibra\u00e7\u00e3o, Ensaio e Inspe\u00e7\u00e3o","isPartOf":{"@id":"https:\/\/auna.com.br\/auna\/#website"},"primaryImageOfPage":{"@id":"https:\/\/auna.com.br\/auna\/produto\/fonte-de-alimentacao-cc-serie-e-36150\/#primaryimage"},"image":{"@id":"https:\/\/auna.com.br\/auna\/produto\/fonte-de-alimentacao-cc-serie-e-36150\/#primaryimage"},"thumbnailUrl":"https:\/\/auna.com.br\/auna\/wp-content\/uploads\/2024\/02\/E36150.jpg","datePublished":"2024-02-20T12:51:55+00:00","dateModified":"2024-02-20T12:54:47+00:00","breadcrumb":{"@id":"https:\/\/auna.com.br\/auna\/produto\/fonte-de-alimentacao-cc-serie-e-36150\/#breadcrumb"},"inLanguage":"pt-BR","potentialAction":[{"@type":"ReadAction","target":["https:\/\/auna.com.br\/auna\/produto\/fonte-de-alimentacao-cc-serie-e-36150\/"]}]},{"@type":"ImageObject","inLanguage":"pt-BR","@id":"https:\/\/auna.com.br\/auna\/produto\/fonte-de-alimentacao-cc-serie-e-36150\/#primaryimage","url":"https:\/\/auna.com.br\/auna\/wp-content\/uploads\/2024\/02\/E36150.jpg","contentUrl":"https:\/\/auna.com.br\/auna\/wp-content\/uploads\/2024\/02\/E36150.jpg","width":586,"height":212},{"@type":"BreadcrumbList","@id":"https:\/\/auna.com.br\/auna\/produto\/fonte-de-alimentacao-cc-serie-e-36150\/#breadcrumb","itemListElement":[{"@type":"ListItem","position":1,"name":"In\u00edcio","item":"https:\/\/auna.com.br\/auna\/"},{"@type":"ListItem","position":2,"name":"Instrumentos","item":"https:\/\/auna.com.br\/auna\/loja\/"},{"@type":"ListItem","position":3,"name":"Fonte de Alimenta\u00e7\u00e3o CC S\u00e9rie E 36150"}]},{"@type":"WebSite","@id":"https:\/\/auna.com.br\/auna\/#website","url":"https:\/\/auna.com.br\/auna\/","name":"AUNA Metrologia e Instrumenta\u00e7\u00e3o - Instrumentos de Medi\u00e7\u00e3o, Sensores para Monitoramento e Software para Calibra\u00e7\u00e3o, Ensaio e Inspe\u00e7\u00e3o","description":"comercial@auna.com.br || +55 15 9 8129-4041","publisher":{"@id":"https:\/\/auna.com.br\/auna\/#organization"},"potentialAction":[{"@type":"SearchAction","target":{"@type":"EntryPoint","urlTemplate":"https:\/\/auna.com.br\/auna\/?s={search_term_string}"},"query-input":{"@type":"PropertyValueSpecification","valueRequired":true,"valueName":"search_term_string"}}],"inLanguage":"pt-BR"},{"@type":"Organization","@id":"https:\/\/auna.com.br\/auna\/#organization","name":"AUNA Metrologia e Instrumenta\u00e7\u00e3o - Instrumentos de Medi\u00e7\u00e3o, Sensores para Monitoramento e Software para Calibra\u00e7\u00e3o, Ensaio e Inspe\u00e7\u00e3o","url":"https:\/\/auna.com.br\/auna\/","logo":{"@type":"ImageObject","inLanguage":"pt-BR","@id":"https:\/\/auna.com.br\/auna\/#\/schema\/logo\/image\/","url":"https:\/\/auna.com.br\/auna\/wp-content\/uploads\/2023\/03\/cropped-AUNA_Logo_Transparente.png","contentUrl":"https:\/\/auna.com.br\/auna\/wp-content\/uploads\/2023\/03\/cropped-AUNA_Logo_Transparente.png","width":960,"height":430,"caption":"AUNA Metrologia e Instrumenta\u00e7\u00e3o - Instrumentos de Medi\u00e7\u00e3o, Sensores para Monitoramento e Software para Calibra\u00e7\u00e3o, Ensaio e Inspe\u00e7\u00e3o"},"image":{"@id":"https:\/\/auna.com.br\/auna\/#\/schema\/logo\/image\/"}}]}},"_links":{"self":[{"href":"https:\/\/auna.com.br\/auna\/wp-json\/wp\/v2\/product\/12861","targetHints":{"allow":["GET"]}}],"collection":[{"href":"https:\/\/auna.com.br\/auna\/wp-json\/wp\/v2\/product"}],"about":[{"href":"https:\/\/auna.com.br\/auna\/wp-json\/wp\/v2\/types\/product"}],"replies":[{"embeddable":true,"href":"https:\/\/auna.com.br\/auna\/wp-json\/wp\/v2\/comments?post=12861"}],"wp:featuredmedia":[{"embeddable":true,"href":"https:\/\/auna.com.br\/auna\/wp-json\/wp\/v2\/media\/12862"}],"wp:attachment":[{"href":"https:\/\/auna.com.br\/auna\/wp-json\/wp\/v2\/media?parent=12861"}],"wp:term":[{"taxonomy":"product_brand","embeddable":true,"href":"https:\/\/auna.com.br\/auna\/wp-json\/wp\/v2\/product_brand?post=12861"},{"taxonomy":"product_cat","embeddable":true,"href":"https:\/\/auna.com.br\/auna\/wp-json\/wp\/v2\/product_cat?post=12861"},{"taxonomy":"product_tag","embeddable":true,"href":"https:\/\/auna.com.br\/auna\/wp-json\/wp\/v2\/product_tag?post=12861"},{"taxonomy":"wpstream_actors","embeddable":true,"href":"https:\/\/auna.com.br\/auna\/wp-json\/wp\/v2\/wpstream_actors?post=12861"},{"taxonomy":"wpstream_category","embeddable":true,"href":"https:\/\/auna.com.br\/auna\/wp-json\/wp\/v2\/wpstream_category?post=12861"},{"taxonomy":"wpstream_movie_rating","embeddable":true,"href":"https:\/\/auna.com.br\/auna\/wp-json\/wp\/v2\/wpstream_movie_rating?post=12861"}],"curies":[{"name":"wp","href":"https:\/\/api.w.org\/{rel}","templated":true}]}}