{"id":15716,"date":"2024-08-09T15:01:49","date_gmt":"2024-08-09T18:01:49","guid":{"rendered":"https:\/\/auna.com.br\/auna\/?post_type=product&#038;p=15716"},"modified":"2024-12-17T21:57:39","modified_gmt":"2024-12-18T00:57:39","slug":"vacuometro-analogicos","status":"publish","type":"product","link":"https:\/\/auna.com.br\/auna\/produto\/vacuometro-analogicos\/","title":{"rendered":"Vacu\u00f4metro anal\u00f3gicos"},"content":{"rendered":"<p data-sourcepos=\"3:1-3:328\">O <strong>vacu\u00f4metro anal\u00f3gico<\/strong> \u00e9 um instrumento de medi\u00e7\u00e3o essencial em diversas \u00e1reas industriais, especialmente aquelas que envolvem processos que requerem a cria\u00e7\u00e3o de v\u00e1cuo. Ele funciona de forma similar ao man\u00f4metro anal\u00f3gico, mas \u00e9 especificamente projetado para medir press\u00f5es abaixo da press\u00e3o atmosf\u00e9rica, ou seja, o v\u00e1cuo.<\/p>\n<h3 class=\"\" data-sourcepos=\"14:1-14:26\">Aplica\u00e7\u00f5es Industriais<\/h3>\n<p data-sourcepos=\"16:1-16:55\">Os vacu\u00f4metros anal\u00f3gicos encontram diversas aplica\u00e7\u00f5es na ind\u00fastria, como:<\/p>\n<ul data-sourcepos=\"18:1-23:0\">\n<li data-sourcepos=\"18:1-18:97\"><strong>Ind\u00fastria Qu\u00edmica:<\/strong> Em processos de destila\u00e7\u00e3o a v\u00e1cuo, filtra\u00e7\u00e3o a v\u00e1cuo e secagem a v\u00e1cuo.<\/li>\n<li data-sourcepos=\"19:1-19:101\"><strong>Ind\u00fastria Aliment\u00edcia:<\/strong> Em embalagens a v\u00e1cuo, secagem de alimentos e processos de desidrata\u00e7\u00e3o.<\/li>\n<li data-sourcepos=\"20:1-20:83\"><strong>Ind\u00fastria Farmac\u00eautica:<\/strong> Em processos de esteriliza\u00e7\u00e3o a v\u00e1cuo e liofiliza\u00e7\u00e3o.<\/li>\n<li data-sourcepos=\"21:1-21:80\"><strong>Metalurgia:<\/strong> Em processos de fundi\u00e7\u00e3o a v\u00e1cuo e tratamento t\u00e9rmico a v\u00e1cuo.<\/li>\n<li data-sourcepos=\"22:1-23:0\"><strong>Eletr\u00f4nica:<\/strong> Em processos de fabrica\u00e7\u00e3o de componentes eletr\u00f4nicos que envolvem v\u00e1cuo.<\/li>\n<\/ul>\n<p>&nbsp;<\/p>\n","protected":false},"excerpt":{"rendered":"<p>O vacu\u00f4metro anal\u00f3gico \u00e9 um instrumento de medi\u00e7\u00e3o essencial em diversas \u00e1reas industriais, especialmente aquelas que envolvem processos que requerem a cria\u00e7\u00e3o de v\u00e1cuo. Ele funciona de forma similar ao man\u00f4metro anal\u00f3gico, mas \u00e9 especificamente projetado para medir press\u00f5es abaixo da press\u00e3o atmosf\u00e9rica, ou seja, o v\u00e1cuo. Aplica\u00e7\u00f5es Industriais Os vacu\u00f4metros anal\u00f3gicos encontram diversas aplica\u00e7\u00f5es [&hellip;]<\/p>\n","protected":false},"featured_media":15717,"comment_status":"closed","ping_status":"closed","template":"","meta":[],"product_brand":[],"product_cat":[249],"product_tag":[],"wpstream_actors":[],"wpstream_category":[],"wpstream_movie_rating":[],"class_list":{"0":"post-15716","1":"product","2":"type-product","3":"status-publish","4":"has-post-thumbnail","6":"product_cat-manometro-vacuometro-analogico","8":"first","9":"onbackorder","10":"taxable","11":"shipping-taxable","12":"product-type-simple","13":"czr-hentry"},"yoast_head":"<!-- This site is optimized with the Yoast SEO plugin v27.5 - https:\/\/yoast.com\/product\/yoast-seo-wordpress\/ -->\n<title>Vacu\u00f4metro anal\u00f3gicos - AUNA Metrologia e Instrumenta\u00e7\u00e3o - Instrumentos de Medi\u00e7\u00e3o, Sensores para Monitoramento e Software para Calibra\u00e7\u00e3o, Ensaio e Inspe\u00e7\u00e3o<\/title>\n<meta name=\"robots\" content=\"index, follow, max-snippet:-1, max-image-preview:large, max-video-preview:-1\" \/>\n<link rel=\"canonical\" href=\"https:\/\/auna.com.br\/auna\/produto\/vacuometro-analogicos\/\" \/>\n<meta property=\"og:locale\" content=\"pt_BR\" \/>\n<meta property=\"og:type\" content=\"article\" \/>\n<meta property=\"og:title\" content=\"Vacu\u00f4metro anal\u00f3gicos - AUNA Metrologia e Instrumenta\u00e7\u00e3o - Instrumentos de Medi\u00e7\u00e3o, Sensores para Monitoramento e Software para Calibra\u00e7\u00e3o, Ensaio e Inspe\u00e7\u00e3o\" \/>\n<meta property=\"og:description\" content=\"O vacu\u00f4metro anal\u00f3gico \u00e9 um instrumento de medi\u00e7\u00e3o essencial em diversas \u00e1reas industriais, especialmente aquelas que envolvem processos que requerem a cria\u00e7\u00e3o de v\u00e1cuo. Ele funciona de forma similar ao man\u00f4metro anal\u00f3gico, mas \u00e9 especificamente projetado para medir press\u00f5es abaixo da press\u00e3o atmosf\u00e9rica, ou seja, o v\u00e1cuo. Aplica\u00e7\u00f5es Industriais Os vacu\u00f4metros anal\u00f3gicos encontram diversas aplica\u00e7\u00f5es [&hellip;]\" \/>\n<meta property=\"og:url\" content=\"https:\/\/auna.com.br\/auna\/produto\/vacuometro-analogicos\/\" \/>\n<meta property=\"og:site_name\" content=\"AUNA Metrologia e Instrumenta\u00e7\u00e3o - Instrumentos de Medi\u00e7\u00e3o, Sensores para Monitoramento e Software para Calibra\u00e7\u00e3o, Ensaio e Inspe\u00e7\u00e3o\" \/>\n<meta property=\"article:modified_time\" content=\"2024-12-18T00:57:39+00:00\" \/>\n<meta property=\"og:image\" content=\"https:\/\/auna.com.br\/auna\/wp-content\/uploads\/2024\/08\/Techmeter_A02.jpg\" \/>\n\t<meta property=\"og:image:width\" content=\"500\" \/>\n\t<meta property=\"og:image:height\" content=\"500\" \/>\n\t<meta property=\"og:image:type\" content=\"image\/jpeg\" \/>\n<meta name=\"twitter:card\" content=\"summary_large_image\" \/>\n<meta name=\"twitter:label1\" content=\"Est. tempo de leitura\" \/>\n\t<meta name=\"twitter:data1\" content=\"1 minuto\" \/>\n<script type=\"application\/ld+json\" class=\"yoast-schema-graph\">{\"@context\":\"https:\\\/\\\/schema.org\",\"@graph\":[{\"@type\":\"WebPage\",\"@id\":\"https:\\\/\\\/auna.com.br\\\/auna\\\/produto\\\/vacuometro-analogicos\\\/\",\"url\":\"https:\\\/\\\/auna.com.br\\\/auna\\\/produto\\\/vacuometro-analogicos\\\/\",\"name\":\"Vacu\u00f4metro anal\u00f3gicos - AUNA Metrologia e Instrumenta\u00e7\u00e3o - Instrumentos de Medi\u00e7\u00e3o, Sensores para Monitoramento e Software para Calibra\u00e7\u00e3o, Ensaio e Inspe\u00e7\u00e3o\",\"isPartOf\":{\"@id\":\"https:\\\/\\\/auna.com.br\\\/auna\\\/#website\"},\"primaryImageOfPage\":{\"@id\":\"https:\\\/\\\/auna.com.br\\\/auna\\\/produto\\\/vacuometro-analogicos\\\/#primaryimage\"},\"image\":{\"@id\":\"https:\\\/\\\/auna.com.br\\\/auna\\\/produto\\\/vacuometro-analogicos\\\/#primaryimage\"},\"thumbnailUrl\":\"https:\\\/\\\/auna.com.br\\\/auna\\\/wp-content\\\/uploads\\\/2024\\\/08\\\/Techmeter_A02.jpg\",\"datePublished\":\"2024-08-09T18:01:49+00:00\",\"dateModified\":\"2024-12-18T00:57:39+00:00\",\"breadcrumb\":{\"@id\":\"https:\\\/\\\/auna.com.br\\\/auna\\\/produto\\\/vacuometro-analogicos\\\/#breadcrumb\"},\"inLanguage\":\"pt-BR\",\"potentialAction\":[{\"@type\":\"ReadAction\",\"target\":[\"https:\\\/\\\/auna.com.br\\\/auna\\\/produto\\\/vacuometro-analogicos\\\/\"]}]},{\"@type\":\"ImageObject\",\"inLanguage\":\"pt-BR\",\"@id\":\"https:\\\/\\\/auna.com.br\\\/auna\\\/produto\\\/vacuometro-analogicos\\\/#primaryimage\",\"url\":\"https:\\\/\\\/auna.com.br\\\/auna\\\/wp-content\\\/uploads\\\/2024\\\/08\\\/Techmeter_A02.jpg\",\"contentUrl\":\"https:\\\/\\\/auna.com.br\\\/auna\\\/wp-content\\\/uploads\\\/2024\\\/08\\\/Techmeter_A02.jpg\",\"width\":500,\"height\":500},{\"@type\":\"BreadcrumbList\",\"@id\":\"https:\\\/\\\/auna.com.br\\\/auna\\\/produto\\\/vacuometro-analogicos\\\/#breadcrumb\",\"itemListElement\":[{\"@type\":\"ListItem\",\"position\":1,\"name\":\"In\u00edcio\",\"item\":\"https:\\\/\\\/auna.com.br\\\/auna\\\/\"},{\"@type\":\"ListItem\",\"position\":2,\"name\":\"Instrumentos\",\"item\":\"https:\\\/\\\/auna.com.br\\\/auna\\\/loja\\\/\"},{\"@type\":\"ListItem\",\"position\":3,\"name\":\"Vacu\u00f4metro anal\u00f3gicos\"}]},{\"@type\":\"WebSite\",\"@id\":\"https:\\\/\\\/auna.com.br\\\/auna\\\/#website\",\"url\":\"https:\\\/\\\/auna.com.br\\\/auna\\\/\",\"name\":\"AUNA Metrologia e Instrumenta\u00e7\u00e3o - Instrumentos de Medi\u00e7\u00e3o, Sensores para Monitoramento e Software para Calibra\u00e7\u00e3o, Ensaio e Inspe\u00e7\u00e3o\",\"description\":\"comercial@auna.com.br || +55 15 9 8129-4041\",\"publisher\":{\"@id\":\"https:\\\/\\\/auna.com.br\\\/auna\\\/#organization\"},\"potentialAction\":[{\"@type\":\"SearchAction\",\"target\":{\"@type\":\"EntryPoint\",\"urlTemplate\":\"https:\\\/\\\/auna.com.br\\\/auna\\\/?s={search_term_string}\"},\"query-input\":{\"@type\":\"PropertyValueSpecification\",\"valueRequired\":true,\"valueName\":\"search_term_string\"}}],\"inLanguage\":\"pt-BR\"},{\"@type\":\"Organization\",\"@id\":\"https:\\\/\\\/auna.com.br\\\/auna\\\/#organization\",\"name\":\"AUNA Metrologia e Instrumenta\u00e7\u00e3o - Instrumentos de Medi\u00e7\u00e3o, Sensores para Monitoramento e Software para Calibra\u00e7\u00e3o, Ensaio e Inspe\u00e7\u00e3o\",\"url\":\"https:\\\/\\\/auna.com.br\\\/auna\\\/\",\"logo\":{\"@type\":\"ImageObject\",\"inLanguage\":\"pt-BR\",\"@id\":\"https:\\\/\\\/auna.com.br\\\/auna\\\/#\\\/schema\\\/logo\\\/image\\\/\",\"url\":\"https:\\\/\\\/auna.com.br\\\/auna\\\/wp-content\\\/uploads\\\/2023\\\/03\\\/cropped-AUNA_Logo_Transparente.png\",\"contentUrl\":\"https:\\\/\\\/auna.com.br\\\/auna\\\/wp-content\\\/uploads\\\/2023\\\/03\\\/cropped-AUNA_Logo_Transparente.png\",\"width\":960,\"height\":430,\"caption\":\"AUNA Metrologia e Instrumenta\u00e7\u00e3o - Instrumentos de Medi\u00e7\u00e3o, Sensores para Monitoramento e Software para Calibra\u00e7\u00e3o, Ensaio e Inspe\u00e7\u00e3o\"},\"image\":{\"@id\":\"https:\\\/\\\/auna.com.br\\\/auna\\\/#\\\/schema\\\/logo\\\/image\\\/\"}}]}<\/script>\n<!-- \/ Yoast SEO plugin. -->","yoast_head_json":{"title":"Vacu\u00f4metro anal\u00f3gicos - AUNA Metrologia e Instrumenta\u00e7\u00e3o - Instrumentos de Medi\u00e7\u00e3o, Sensores para Monitoramento e Software para Calibra\u00e7\u00e3o, Ensaio e Inspe\u00e7\u00e3o","robots":{"index":"index","follow":"follow","max-snippet":"max-snippet:-1","max-image-preview":"max-image-preview:large","max-video-preview":"max-video-preview:-1"},"canonical":"https:\/\/auna.com.br\/auna\/produto\/vacuometro-analogicos\/","og_locale":"pt_BR","og_type":"article","og_title":"Vacu\u00f4metro anal\u00f3gicos - AUNA Metrologia e Instrumenta\u00e7\u00e3o - Instrumentos de Medi\u00e7\u00e3o, Sensores para Monitoramento e Software para Calibra\u00e7\u00e3o, Ensaio e Inspe\u00e7\u00e3o","og_description":"O vacu\u00f4metro anal\u00f3gico \u00e9 um instrumento de medi\u00e7\u00e3o essencial em diversas \u00e1reas industriais, especialmente aquelas que envolvem processos que requerem a cria\u00e7\u00e3o de v\u00e1cuo. Ele funciona de forma similar ao man\u00f4metro anal\u00f3gico, mas \u00e9 especificamente projetado para medir press\u00f5es abaixo da press\u00e3o atmosf\u00e9rica, ou seja, o v\u00e1cuo. Aplica\u00e7\u00f5es Industriais Os vacu\u00f4metros anal\u00f3gicos encontram diversas aplica\u00e7\u00f5es [&hellip;]","og_url":"https:\/\/auna.com.br\/auna\/produto\/vacuometro-analogicos\/","og_site_name":"AUNA Metrologia e Instrumenta\u00e7\u00e3o - Instrumentos de Medi\u00e7\u00e3o, Sensores para Monitoramento e Software para Calibra\u00e7\u00e3o, Ensaio e Inspe\u00e7\u00e3o","article_modified_time":"2024-12-18T00:57:39+00:00","og_image":[{"width":500,"height":500,"url":"https:\/\/auna.com.br\/auna\/wp-content\/uploads\/2024\/08\/Techmeter_A02.jpg","type":"image\/jpeg"}],"twitter_card":"summary_large_image","twitter_misc":{"Est. tempo de leitura":"1 minuto"},"schema":{"@context":"https:\/\/schema.org","@graph":[{"@type":"WebPage","@id":"https:\/\/auna.com.br\/auna\/produto\/vacuometro-analogicos\/","url":"https:\/\/auna.com.br\/auna\/produto\/vacuometro-analogicos\/","name":"Vacu\u00f4metro anal\u00f3gicos - AUNA Metrologia e Instrumenta\u00e7\u00e3o - Instrumentos de Medi\u00e7\u00e3o, Sensores para Monitoramento e Software para Calibra\u00e7\u00e3o, Ensaio e Inspe\u00e7\u00e3o","isPartOf":{"@id":"https:\/\/auna.com.br\/auna\/#website"},"primaryImageOfPage":{"@id":"https:\/\/auna.com.br\/auna\/produto\/vacuometro-analogicos\/#primaryimage"},"image":{"@id":"https:\/\/auna.com.br\/auna\/produto\/vacuometro-analogicos\/#primaryimage"},"thumbnailUrl":"https:\/\/auna.com.br\/auna\/wp-content\/uploads\/2024\/08\/Techmeter_A02.jpg","datePublished":"2024-08-09T18:01:49+00:00","dateModified":"2024-12-18T00:57:39+00:00","breadcrumb":{"@id":"https:\/\/auna.com.br\/auna\/produto\/vacuometro-analogicos\/#breadcrumb"},"inLanguage":"pt-BR","potentialAction":[{"@type":"ReadAction","target":["https:\/\/auna.com.br\/auna\/produto\/vacuometro-analogicos\/"]}]},{"@type":"ImageObject","inLanguage":"pt-BR","@id":"https:\/\/auna.com.br\/auna\/produto\/vacuometro-analogicos\/#primaryimage","url":"https:\/\/auna.com.br\/auna\/wp-content\/uploads\/2024\/08\/Techmeter_A02.jpg","contentUrl":"https:\/\/auna.com.br\/auna\/wp-content\/uploads\/2024\/08\/Techmeter_A02.jpg","width":500,"height":500},{"@type":"BreadcrumbList","@id":"https:\/\/auna.com.br\/auna\/produto\/vacuometro-analogicos\/#breadcrumb","itemListElement":[{"@type":"ListItem","position":1,"name":"In\u00edcio","item":"https:\/\/auna.com.br\/auna\/"},{"@type":"ListItem","position":2,"name":"Instrumentos","item":"https:\/\/auna.com.br\/auna\/loja\/"},{"@type":"ListItem","position":3,"name":"Vacu\u00f4metro anal\u00f3gicos"}]},{"@type":"WebSite","@id":"https:\/\/auna.com.br\/auna\/#website","url":"https:\/\/auna.com.br\/auna\/","name":"AUNA Metrologia e Instrumenta\u00e7\u00e3o - Instrumentos de Medi\u00e7\u00e3o, Sensores para Monitoramento e Software para Calibra\u00e7\u00e3o, Ensaio e Inspe\u00e7\u00e3o","description":"comercial@auna.com.br || +55 15 9 8129-4041","publisher":{"@id":"https:\/\/auna.com.br\/auna\/#organization"},"potentialAction":[{"@type":"SearchAction","target":{"@type":"EntryPoint","urlTemplate":"https:\/\/auna.com.br\/auna\/?s={search_term_string}"},"query-input":{"@type":"PropertyValueSpecification","valueRequired":true,"valueName":"search_term_string"}}],"inLanguage":"pt-BR"},{"@type":"Organization","@id":"https:\/\/auna.com.br\/auna\/#organization","name":"AUNA Metrologia e Instrumenta\u00e7\u00e3o - Instrumentos de Medi\u00e7\u00e3o, Sensores para Monitoramento e Software para Calibra\u00e7\u00e3o, Ensaio e Inspe\u00e7\u00e3o","url":"https:\/\/auna.com.br\/auna\/","logo":{"@type":"ImageObject","inLanguage":"pt-BR","@id":"https:\/\/auna.com.br\/auna\/#\/schema\/logo\/image\/","url":"https:\/\/auna.com.br\/auna\/wp-content\/uploads\/2023\/03\/cropped-AUNA_Logo_Transparente.png","contentUrl":"https:\/\/auna.com.br\/auna\/wp-content\/uploads\/2023\/03\/cropped-AUNA_Logo_Transparente.png","width":960,"height":430,"caption":"AUNA Metrologia e Instrumenta\u00e7\u00e3o - Instrumentos de Medi\u00e7\u00e3o, Sensores para Monitoramento e Software para Calibra\u00e7\u00e3o, Ensaio e Inspe\u00e7\u00e3o"},"image":{"@id":"https:\/\/auna.com.br\/auna\/#\/schema\/logo\/image\/"}}]}},"_links":{"self":[{"href":"https:\/\/auna.com.br\/auna\/wp-json\/wp\/v2\/product\/15716","targetHints":{"allow":["GET"]}}],"collection":[{"href":"https:\/\/auna.com.br\/auna\/wp-json\/wp\/v2\/product"}],"about":[{"href":"https:\/\/auna.com.br\/auna\/wp-json\/wp\/v2\/types\/product"}],"replies":[{"embeddable":true,"href":"https:\/\/auna.com.br\/auna\/wp-json\/wp\/v2\/comments?post=15716"}],"wp:featuredmedia":[{"embeddable":true,"href":"https:\/\/auna.com.br\/auna\/wp-json\/wp\/v2\/media\/15717"}],"wp:attachment":[{"href":"https:\/\/auna.com.br\/auna\/wp-json\/wp\/v2\/media?parent=15716"}],"wp:term":[{"taxonomy":"product_brand","embeddable":true,"href":"https:\/\/auna.com.br\/auna\/wp-json\/wp\/v2\/product_brand?post=15716"},{"taxonomy":"product_cat","embeddable":true,"href":"https:\/\/auna.com.br\/auna\/wp-json\/wp\/v2\/product_cat?post=15716"},{"taxonomy":"product_tag","embeddable":true,"href":"https:\/\/auna.com.br\/auna\/wp-json\/wp\/v2\/product_tag?post=15716"},{"taxonomy":"wpstream_actors","embeddable":true,"href":"https:\/\/auna.com.br\/auna\/wp-json\/wp\/v2\/wpstream_actors?post=15716"},{"taxonomy":"wpstream_category","embeddable":true,"href":"https:\/\/auna.com.br\/auna\/wp-json\/wp\/v2\/wpstream_category?post=15716"},{"taxonomy":"wpstream_movie_rating","embeddable":true,"href":"https:\/\/auna.com.br\/auna\/wp-json\/wp\/v2\/wpstream_movie_rating?post=15716"}],"curies":[{"name":"wp","href":"https:\/\/api.w.org\/{rel}","templated":true}]}}