{"id":23778,"date":"2025-06-13T04:08:25","date_gmt":"2025-06-13T07:08:25","guid":{"rendered":"https:\/\/auna.com.br\/auna\/?post_type=product&#038;p=23778"},"modified":"2025-06-13T04:24:40","modified_gmt":"2025-06-13T07:24:40","slug":"adt715-indicador-digital-de-precisao","status":"publish","type":"product","link":"https:\/\/auna.com.br\/auna\/produto\/adt715-indicador-digital-de-precisao\/","title":{"rendered":"ADT 715 &#8211; Indicador Digital de Precis\u00e3o"},"content":{"rendered":"<p>O Additel 715 \u00e9 um indicador de press\u00e3o de bancada de alto desempenho, projetado para precis\u00e3o excepcional e estabilidade a longo prazo.<\/p>\n<p>Constru\u00eddo com sensor de precis\u00e3o interno, oferece uma ampla sele\u00e7\u00e3o de m\u00f3dulos de press\u00e3o integrados, proporcionando m\u00e1xima flexibilidade em termos de faixa e precis\u00e3o.<\/p>\n<p>Para maior capacidade, o ADT715 suporta m\u00f3dulos internos de alta precis\u00e3o e at\u00e9 dois m\u00f3dulos de press\u00e3o digitais externos, permitindo at\u00e9 cinco entradas de press\u00e3o simult\u00e2neas. Com a adi\u00e7\u00e3o do m\u00f3dulo barom\u00e9trico integrado, o ADT715 \u00e9 a solu\u00e7\u00e3o ideal para laborat\u00f3rios de calibra\u00e7\u00e3o, ambientes de fabrica\u00e7\u00e3o e qualquer aplica\u00e7\u00e3o que exija medi\u00e7\u00e3o de press\u00e3o altamente precisa.<\/p>\n<p>O amplo visor com acionamento por toque de f\u00e1cil leitura e os aplicativos de press\u00e3o integrados otimizam a opera\u00e7\u00e3o e aumentam a produtividade.<\/p>\n<p>Com suporte para montagem em rack e uma bateria opcional de \u00edons de l\u00edtio de alta capacidade, o ADT715 \u00e9 igualmente funcional no laborat\u00f3rio ou em campo.<\/p>\n<div>\u2022 Faixas de Press\u00e3o desde 2 a 15000 psi (160 mBar a 1000 bar)<\/div>\n<div>\u2022 At\u00e9 5 canais de medi\u00e7\u00e3o simult\u00e2neos<\/div>\n<div>\u2022 Exatid\u00f5es dispon\u00edveis 0,02%FS, 0,01%FS e 0,01% da leitura<\/div>\n<div>\u2022 Vers\u00e3o Bar\u00f4metro com exatid\u00e3o \u00b110 Pa<\/div>\n<div>\u2022 Display acionado por toque de 10 polegadas<\/div>\n","protected":false},"excerpt":{"rendered":"<p>Indicador de press\u00e3o de bancada de alto desempenho, projetado para precis\u00e3o excepcional e estabilidade a longo prazo.<\/p>\n<p>Constru\u00eddo com sensor de precis\u00e3o interno, oferece uma ampla sele\u00e7\u00e3o de m\u00f3dulos de press\u00e3o integrados, proporcionando m\u00e1xima flexibilidade em termos de faixa e precis\u00e3o.<\/p>\n","protected":false},"featured_media":23782,"comment_status":"open","ping_status":"closed","template":"","meta":[],"product_brand":[],"product_cat":[316],"product_tag":[],"wpstream_actors":[],"wpstream_category":[],"wpstream_movie_rating":[],"class_list":{"0":"post-23778","1":"product","2":"type-product","3":"status-publish","4":"has-post-thumbnail","6":"product_cat-indicador-de-pressao","8":"first","9":"instock","10":"taxable","11":"shipping-taxable","12":"product-type-simple","13":"czr-hentry"},"yoast_head":"<!-- This site is optimized with the Yoast SEO plugin v27.5 - https:\/\/yoast.com\/product\/yoast-seo-wordpress\/ -->\n<title>ADT 715 - Indicador Digital de Precis\u00e3o - AUNA Metrologia e Instrumenta\u00e7\u00e3o - Instrumentos de Medi\u00e7\u00e3o, Sensores para Monitoramento e Software para Calibra\u00e7\u00e3o, Ensaio e Inspe\u00e7\u00e3o<\/title>\n<meta name=\"robots\" content=\"index, follow, max-snippet:-1, max-image-preview:large, max-video-preview:-1\" \/>\n<link rel=\"canonical\" href=\"https:\/\/auna.com.br\/auna\/produto\/adt715-indicador-digital-de-precisao\/\" \/>\n<meta property=\"og:locale\" content=\"pt_BR\" \/>\n<meta property=\"og:type\" content=\"article\" \/>\n<meta property=\"og:title\" content=\"ADT 715 - Indicador Digital de Precis\u00e3o - AUNA Metrologia e Instrumenta\u00e7\u00e3o - Instrumentos de Medi\u00e7\u00e3o, Sensores para Monitoramento e Software para Calibra\u00e7\u00e3o, Ensaio e Inspe\u00e7\u00e3o\" \/>\n<meta property=\"og:description\" content=\"Indicador de press\u00e3o de bancada de alto desempenho, projetado para precis\u00e3o excepcional e estabilidade a longo prazo.  Constru\u00eddo com sensor de precis\u00e3o interno, oferece uma ampla sele\u00e7\u00e3o de m\u00f3dulos de press\u00e3o integrados, proporcionando m\u00e1xima flexibilidade em termos de faixa e precis\u00e3o.\" \/>\n<meta property=\"og:url\" content=\"https:\/\/auna.com.br\/auna\/produto\/adt715-indicador-digital-de-precisao\/\" \/>\n<meta property=\"og:site_name\" content=\"AUNA Metrologia e Instrumenta\u00e7\u00e3o - Instrumentos de Medi\u00e7\u00e3o, Sensores para Monitoramento e Software para Calibra\u00e7\u00e3o, Ensaio e Inspe\u00e7\u00e3o\" \/>\n<meta property=\"article:modified_time\" content=\"2025-06-13T07:24:40+00:00\" \/>\n<meta property=\"og:image\" content=\"https:\/\/auna.com.br\/auna\/wp-content\/uploads\/2025\/06\/ADT715-13.webp\" \/>\n\t<meta property=\"og:image:width\" content=\"1000\" \/>\n\t<meta property=\"og:image:height\" content=\"1000\" \/>\n\t<meta property=\"og:image:type\" content=\"image\/webp\" \/>\n<meta name=\"twitter:card\" content=\"summary_large_image\" \/>\n<meta name=\"twitter:label1\" content=\"Est. tempo de leitura\" \/>\n\t<meta name=\"twitter:data1\" content=\"2 minutos\" \/>\n<script type=\"application\/ld+json\" class=\"yoast-schema-graph\">{\"@context\":\"https:\\\/\\\/schema.org\",\"@graph\":[{\"@type\":\"WebPage\",\"@id\":\"https:\\\/\\\/auna.com.br\\\/auna\\\/produto\\\/adt715-indicador-digital-de-precisao\\\/\",\"url\":\"https:\\\/\\\/auna.com.br\\\/auna\\\/produto\\\/adt715-indicador-digital-de-precisao\\\/\",\"name\":\"ADT 715 - Indicador Digital de Precis\u00e3o - AUNA Metrologia e Instrumenta\u00e7\u00e3o - Instrumentos de Medi\u00e7\u00e3o, Sensores para Monitoramento e Software para Calibra\u00e7\u00e3o, Ensaio e Inspe\u00e7\u00e3o\",\"isPartOf\":{\"@id\":\"https:\\\/\\\/auna.com.br\\\/auna\\\/#website\"},\"primaryImageOfPage\":{\"@id\":\"https:\\\/\\\/auna.com.br\\\/auna\\\/produto\\\/adt715-indicador-digital-de-precisao\\\/#primaryimage\"},\"image\":{\"@id\":\"https:\\\/\\\/auna.com.br\\\/auna\\\/produto\\\/adt715-indicador-digital-de-precisao\\\/#primaryimage\"},\"thumbnailUrl\":\"https:\\\/\\\/auna.com.br\\\/auna\\\/wp-content\\\/uploads\\\/2025\\\/06\\\/ADT715-13.webp\",\"datePublished\":\"2025-06-13T07:08:25+00:00\",\"dateModified\":\"2025-06-13T07:24:40+00:00\",\"breadcrumb\":{\"@id\":\"https:\\\/\\\/auna.com.br\\\/auna\\\/produto\\\/adt715-indicador-digital-de-precisao\\\/#breadcrumb\"},\"inLanguage\":\"pt-BR\",\"potentialAction\":[{\"@type\":\"ReadAction\",\"target\":[\"https:\\\/\\\/auna.com.br\\\/auna\\\/produto\\\/adt715-indicador-digital-de-precisao\\\/\"]}]},{\"@type\":\"ImageObject\",\"inLanguage\":\"pt-BR\",\"@id\":\"https:\\\/\\\/auna.com.br\\\/auna\\\/produto\\\/adt715-indicador-digital-de-precisao\\\/#primaryimage\",\"url\":\"https:\\\/\\\/auna.com.br\\\/auna\\\/wp-content\\\/uploads\\\/2025\\\/06\\\/ADT715-13.webp\",\"contentUrl\":\"https:\\\/\\\/auna.com.br\\\/auna\\\/wp-content\\\/uploads\\\/2025\\\/06\\\/ADT715-13.webp\",\"width\":1000,\"height\":1000},{\"@type\":\"BreadcrumbList\",\"@id\":\"https:\\\/\\\/auna.com.br\\\/auna\\\/produto\\\/adt715-indicador-digital-de-precisao\\\/#breadcrumb\",\"itemListElement\":[{\"@type\":\"ListItem\",\"position\":1,\"name\":\"In\u00edcio\",\"item\":\"https:\\\/\\\/auna.com.br\\\/auna\\\/\"},{\"@type\":\"ListItem\",\"position\":2,\"name\":\"Instrumentos\",\"item\":\"https:\\\/\\\/auna.com.br\\\/auna\\\/loja\\\/\"},{\"@type\":\"ListItem\",\"position\":3,\"name\":\"ADT 715 &#8211; Indicador Digital de Precis\u00e3o\"}]},{\"@type\":\"WebSite\",\"@id\":\"https:\\\/\\\/auna.com.br\\\/auna\\\/#website\",\"url\":\"https:\\\/\\\/auna.com.br\\\/auna\\\/\",\"name\":\"AUNA Metrologia e Instrumenta\u00e7\u00e3o - Instrumentos de Medi\u00e7\u00e3o, Sensores para Monitoramento e Software para Calibra\u00e7\u00e3o, Ensaio e Inspe\u00e7\u00e3o\",\"description\":\"comercial@auna.com.br || +55 15 9 8129-4041\",\"publisher\":{\"@id\":\"https:\\\/\\\/auna.com.br\\\/auna\\\/#organization\"},\"potentialAction\":[{\"@type\":\"SearchAction\",\"target\":{\"@type\":\"EntryPoint\",\"urlTemplate\":\"https:\\\/\\\/auna.com.br\\\/auna\\\/?s={search_term_string}\"},\"query-input\":{\"@type\":\"PropertyValueSpecification\",\"valueRequired\":true,\"valueName\":\"search_term_string\"}}],\"inLanguage\":\"pt-BR\"},{\"@type\":\"Organization\",\"@id\":\"https:\\\/\\\/auna.com.br\\\/auna\\\/#organization\",\"name\":\"AUNA Metrologia e Instrumenta\u00e7\u00e3o - Instrumentos de Medi\u00e7\u00e3o, Sensores para Monitoramento e Software para Calibra\u00e7\u00e3o, Ensaio e Inspe\u00e7\u00e3o\",\"url\":\"https:\\\/\\\/auna.com.br\\\/auna\\\/\",\"logo\":{\"@type\":\"ImageObject\",\"inLanguage\":\"pt-BR\",\"@id\":\"https:\\\/\\\/auna.com.br\\\/auna\\\/#\\\/schema\\\/logo\\\/image\\\/\",\"url\":\"https:\\\/\\\/auna.com.br\\\/auna\\\/wp-content\\\/uploads\\\/2023\\\/03\\\/cropped-AUNA_Logo_Transparente.png\",\"contentUrl\":\"https:\\\/\\\/auna.com.br\\\/auna\\\/wp-content\\\/uploads\\\/2023\\\/03\\\/cropped-AUNA_Logo_Transparente.png\",\"width\":960,\"height\":430,\"caption\":\"AUNA Metrologia e Instrumenta\u00e7\u00e3o - Instrumentos de Medi\u00e7\u00e3o, Sensores para Monitoramento e Software para Calibra\u00e7\u00e3o, Ensaio e Inspe\u00e7\u00e3o\"},\"image\":{\"@id\":\"https:\\\/\\\/auna.com.br\\\/auna\\\/#\\\/schema\\\/logo\\\/image\\\/\"}}]}<\/script>\n<!-- \/ Yoast SEO plugin. -->","yoast_head_json":{"title":"ADT 715 - Indicador Digital de Precis\u00e3o - AUNA Metrologia e Instrumenta\u00e7\u00e3o - Instrumentos de Medi\u00e7\u00e3o, Sensores para Monitoramento e Software para Calibra\u00e7\u00e3o, Ensaio e Inspe\u00e7\u00e3o","robots":{"index":"index","follow":"follow","max-snippet":"max-snippet:-1","max-image-preview":"max-image-preview:large","max-video-preview":"max-video-preview:-1"},"canonical":"https:\/\/auna.com.br\/auna\/produto\/adt715-indicador-digital-de-precisao\/","og_locale":"pt_BR","og_type":"article","og_title":"ADT 715 - Indicador Digital de Precis\u00e3o - AUNA Metrologia e Instrumenta\u00e7\u00e3o - Instrumentos de Medi\u00e7\u00e3o, Sensores para Monitoramento e Software para Calibra\u00e7\u00e3o, Ensaio e Inspe\u00e7\u00e3o","og_description":"Indicador de press\u00e3o de bancada de alto desempenho, projetado para precis\u00e3o excepcional e estabilidade a longo prazo.  Constru\u00eddo com sensor de precis\u00e3o interno, oferece uma ampla sele\u00e7\u00e3o de m\u00f3dulos de press\u00e3o integrados, proporcionando m\u00e1xima flexibilidade em termos de faixa e precis\u00e3o.","og_url":"https:\/\/auna.com.br\/auna\/produto\/adt715-indicador-digital-de-precisao\/","og_site_name":"AUNA Metrologia e Instrumenta\u00e7\u00e3o - Instrumentos de Medi\u00e7\u00e3o, Sensores para Monitoramento e Software para Calibra\u00e7\u00e3o, Ensaio e Inspe\u00e7\u00e3o","article_modified_time":"2025-06-13T07:24:40+00:00","og_image":[{"width":1000,"height":1000,"url":"https:\/\/auna.com.br\/auna\/wp-content\/uploads\/2025\/06\/ADT715-13.webp","type":"image\/webp"}],"twitter_card":"summary_large_image","twitter_misc":{"Est. tempo de leitura":"2 minutos"},"schema":{"@context":"https:\/\/schema.org","@graph":[{"@type":"WebPage","@id":"https:\/\/auna.com.br\/auna\/produto\/adt715-indicador-digital-de-precisao\/","url":"https:\/\/auna.com.br\/auna\/produto\/adt715-indicador-digital-de-precisao\/","name":"ADT 715 - Indicador Digital de Precis\u00e3o - AUNA Metrologia e Instrumenta\u00e7\u00e3o - Instrumentos de Medi\u00e7\u00e3o, Sensores para Monitoramento e Software para Calibra\u00e7\u00e3o, Ensaio e Inspe\u00e7\u00e3o","isPartOf":{"@id":"https:\/\/auna.com.br\/auna\/#website"},"primaryImageOfPage":{"@id":"https:\/\/auna.com.br\/auna\/produto\/adt715-indicador-digital-de-precisao\/#primaryimage"},"image":{"@id":"https:\/\/auna.com.br\/auna\/produto\/adt715-indicador-digital-de-precisao\/#primaryimage"},"thumbnailUrl":"https:\/\/auna.com.br\/auna\/wp-content\/uploads\/2025\/06\/ADT715-13.webp","datePublished":"2025-06-13T07:08:25+00:00","dateModified":"2025-06-13T07:24:40+00:00","breadcrumb":{"@id":"https:\/\/auna.com.br\/auna\/produto\/adt715-indicador-digital-de-precisao\/#breadcrumb"},"inLanguage":"pt-BR","potentialAction":[{"@type":"ReadAction","target":["https:\/\/auna.com.br\/auna\/produto\/adt715-indicador-digital-de-precisao\/"]}]},{"@type":"ImageObject","inLanguage":"pt-BR","@id":"https:\/\/auna.com.br\/auna\/produto\/adt715-indicador-digital-de-precisao\/#primaryimage","url":"https:\/\/auna.com.br\/auna\/wp-content\/uploads\/2025\/06\/ADT715-13.webp","contentUrl":"https:\/\/auna.com.br\/auna\/wp-content\/uploads\/2025\/06\/ADT715-13.webp","width":1000,"height":1000},{"@type":"BreadcrumbList","@id":"https:\/\/auna.com.br\/auna\/produto\/adt715-indicador-digital-de-precisao\/#breadcrumb","itemListElement":[{"@type":"ListItem","position":1,"name":"In\u00edcio","item":"https:\/\/auna.com.br\/auna\/"},{"@type":"ListItem","position":2,"name":"Instrumentos","item":"https:\/\/auna.com.br\/auna\/loja\/"},{"@type":"ListItem","position":3,"name":"ADT 715 &#8211; Indicador Digital de Precis\u00e3o"}]},{"@type":"WebSite","@id":"https:\/\/auna.com.br\/auna\/#website","url":"https:\/\/auna.com.br\/auna\/","name":"AUNA Metrologia e Instrumenta\u00e7\u00e3o - Instrumentos de Medi\u00e7\u00e3o, Sensores para Monitoramento e Software para Calibra\u00e7\u00e3o, Ensaio e Inspe\u00e7\u00e3o","description":"comercial@auna.com.br || +55 15 9 8129-4041","publisher":{"@id":"https:\/\/auna.com.br\/auna\/#organization"},"potentialAction":[{"@type":"SearchAction","target":{"@type":"EntryPoint","urlTemplate":"https:\/\/auna.com.br\/auna\/?s={search_term_string}"},"query-input":{"@type":"PropertyValueSpecification","valueRequired":true,"valueName":"search_term_string"}}],"inLanguage":"pt-BR"},{"@type":"Organization","@id":"https:\/\/auna.com.br\/auna\/#organization","name":"AUNA Metrologia e Instrumenta\u00e7\u00e3o - Instrumentos de Medi\u00e7\u00e3o, Sensores para Monitoramento e Software para Calibra\u00e7\u00e3o, Ensaio e Inspe\u00e7\u00e3o","url":"https:\/\/auna.com.br\/auna\/","logo":{"@type":"ImageObject","inLanguage":"pt-BR","@id":"https:\/\/auna.com.br\/auna\/#\/schema\/logo\/image\/","url":"https:\/\/auna.com.br\/auna\/wp-content\/uploads\/2023\/03\/cropped-AUNA_Logo_Transparente.png","contentUrl":"https:\/\/auna.com.br\/auna\/wp-content\/uploads\/2023\/03\/cropped-AUNA_Logo_Transparente.png","width":960,"height":430,"caption":"AUNA Metrologia e Instrumenta\u00e7\u00e3o - Instrumentos de Medi\u00e7\u00e3o, Sensores para Monitoramento e Software para Calibra\u00e7\u00e3o, Ensaio e Inspe\u00e7\u00e3o"},"image":{"@id":"https:\/\/auna.com.br\/auna\/#\/schema\/logo\/image\/"}}]}},"_links":{"self":[{"href":"https:\/\/auna.com.br\/auna\/wp-json\/wp\/v2\/product\/23778","targetHints":{"allow":["GET"]}}],"collection":[{"href":"https:\/\/auna.com.br\/auna\/wp-json\/wp\/v2\/product"}],"about":[{"href":"https:\/\/auna.com.br\/auna\/wp-json\/wp\/v2\/types\/product"}],"replies":[{"embeddable":true,"href":"https:\/\/auna.com.br\/auna\/wp-json\/wp\/v2\/comments?post=23778"}],"wp:featuredmedia":[{"embeddable":true,"href":"https:\/\/auna.com.br\/auna\/wp-json\/wp\/v2\/media\/23782"}],"wp:attachment":[{"href":"https:\/\/auna.com.br\/auna\/wp-json\/wp\/v2\/media?parent=23778"}],"wp:term":[{"taxonomy":"product_brand","embeddable":true,"href":"https:\/\/auna.com.br\/auna\/wp-json\/wp\/v2\/product_brand?post=23778"},{"taxonomy":"product_cat","embeddable":true,"href":"https:\/\/auna.com.br\/auna\/wp-json\/wp\/v2\/product_cat?post=23778"},{"taxonomy":"product_tag","embeddable":true,"href":"https:\/\/auna.com.br\/auna\/wp-json\/wp\/v2\/product_tag?post=23778"},{"taxonomy":"wpstream_actors","embeddable":true,"href":"https:\/\/auna.com.br\/auna\/wp-json\/wp\/v2\/wpstream_actors?post=23778"},{"taxonomy":"wpstream_category","embeddable":true,"href":"https:\/\/auna.com.br\/auna\/wp-json\/wp\/v2\/wpstream_category?post=23778"},{"taxonomy":"wpstream_movie_rating","embeddable":true,"href":"https:\/\/auna.com.br\/auna\/wp-json\/wp\/v2\/wpstream_movie_rating?post=23778"}],"curies":[{"name":"wp","href":"https:\/\/api.w.org\/{rel}","templated":true}]}}