{"id":2532,"date":"2019-08-05T14:56:37","date_gmt":"2019-08-05T14:56:37","guid":{"rendered":"https:\/\/www.aunarepresentacoes.com.br\/?post_type=product&#038;p=2532"},"modified":"2022-04-22T03:39:24","modified_gmt":"2022-04-22T06:39:24","slug":"aquisicao-registro-de-dados","status":"publish","type":"product","link":"https:\/\/auna.com.br\/auna\/produto\/aquisicao-registro-de-dados\/","title":{"rendered":"DAQ 970A &#8211; Sistema de Aquisi\u00e7\u00e3o, comuta\u00e7\u00e3o e registro de dados"},"content":{"rendered":"<p><strong>DAQ970A Sistema de Aquisi\u00e7\u00e3o, comuta\u00e7\u00e3o e registro de dados<\/strong><\/p>\n<p>Obtenha o sistema de aquisi\u00e7\u00e3o de dados (DAQ) de \u00faltima gera\u00e7\u00e3o com um mainframe de 3 slots e 8 m\u00f3dulos plug-in \u00e0 sua escolha. Interface com o DAQ usando o software BenchVue DAQ da Keysight, um navegador da web ou o painel frontal intuitivo com menus orientados por tarefas e autogui\u00e1veis.<\/p>\n<p>DMM interno avan\u00e7ado com 6 \u00bd d\u00edgitos de precis\u00e3o melhorada e velocidade de medi\u00e7\u00e3o mais r\u00e1pida<br \/>\nCapacidade de medi\u00e7\u00e3o de baixa corrente (1 \u03bcA CA e 100 \u03bcA CC) e alta escala de resist\u00eancia (1 000 Mohm)<br \/>\nNova autocalibra\u00e7\u00e3o que compensa desvios internos causados por mudan\u00e7as de tempo e temperatura<br \/>\nCompat\u00edvel com programa e configura\u00e7\u00e3o do 3497XA (34970A e 34972A)<br \/>\nTodos os m\u00f3dulos foram atualizados para terem melhores velocidades de comuta\u00e7\u00e3o e precis\u00f5es<br \/>\nNOVO DAQM900A multiplexador de estado s\u00f3lido com velocidade da taxa de varredura de at\u00e9 450 canais por segundo<\/p>\n<p><strong>Principais recursos e especifica\u00e7\u00f5es<\/strong><\/p>\n<p>Mainframe de 3 slots com USB e LAN<br \/>\nDMM interno com 6 1\/2 d\u00edgitos (22 bits), digitalizando at\u00e9 450 canais por segundo com novo m\u00f3dulo multiplexador de estado s\u00f3lido<br \/>\n8 diferentes m\u00f3dulos plug-in de comuta\u00e7\u00e3o e controle<br \/>\nCondicionamento integrado de sinais que mede termopares, termorresist\u00eancias (RTDs) e termistores, tens\u00e3o e corrente CC\/CA, resist\u00eancia, frequ\u00eancia e per\u00edodo, teste de diodo e capacit\u00e2ncia<br \/>\n100k leituras na mem\u00f3ria n\u00e3o vol\u00e1til, mant\u00eam os dados quando a energia \u00e9 removida<br \/>\nLimites de alarme Hi\/LO em cada canal, al\u00e9m de 4 sa\u00eddas de alarme TTL<br \/>\nCompat\u00edvel com o software BenchVue: o aplicativo BenchVue DAQ Control and Analysis permite que voc\u00ea crie testes arrastando e soltando blocos<\/p>\n<p><strong>Compara\u00e7\u00e3o dos m\u00f3dulos plug-in<\/strong><\/p>\n<p>O aplicativo\u00a0<strong>BenchVue DAQ Control and Analysis<\/strong>\u00a0da Keysight est\u00e1 dispon\u00edvel para uso com o DAQ970A. O BenchVue oferece uma interface intuitiva para configura\u00e7\u00e3o de teste e exibi\u00e7\u00e3o e an\u00e1lise de dados em tempo real. Configure e fa\u00e7a medi\u00e7\u00f5es rapidamente, exporte dados ou registre e visualize medidas em tempo real com uma variedade de tipos de exibi\u00e7\u00e3o para interpretar seus dados mais rapidamente. O Software BenchVue tamb\u00e9m suporta muitos outros instrumentos da Keysight, oferecendo uma interface \u00fanica para os instrumentos mais populares da Keysight.<\/p>\n","protected":false},"excerpt":{"rendered":"<p>DAQ970A Sistema de Aquisi\u00e7\u00e3o, comuta\u00e7\u00e3o e registro de dados Obtenha o sistema de aquisi\u00e7\u00e3o de dados (DAQ) de \u00faltima gera\u00e7\u00e3o com um mainframe de 3 slots e 8 m\u00f3dulos plug-in \u00e0 sua escolha. Interface com o DAQ usando o software BenchVue DAQ da Keysight, um navegador da web ou o painel frontal intuitivo com menus [&hellip;]<\/p>\n","protected":false},"featured_media":7059,"comment_status":"closed","ping_status":"closed","template":"","meta":[],"product_brand":[],"product_cat":[90],"product_tag":[],"wpstream_actors":[],"wpstream_category":[],"wpstream_movie_rating":[],"class_list":{"0":"post-2532","1":"product","2":"type-product","3":"status-publish","4":"has-post-thumbnail","6":"product_cat-aquisitor-de-dados","8":"first","9":"onbackorder","10":"taxable","11":"shipping-taxable","12":"product-type-simple","13":"czr-hentry"},"yoast_head":"<!-- This site is optimized with the Yoast SEO plugin v27.5 - https:\/\/yoast.com\/product\/yoast-seo-wordpress\/ -->\n<title>DAQ 970A - Sistema de Aquisi\u00e7\u00e3o, comuta\u00e7\u00e3o e registro de dados - AUNA Metrologia e Instrumenta\u00e7\u00e3o - Instrumentos de Medi\u00e7\u00e3o, Sensores para Monitoramento e Software para Calibra\u00e7\u00e3o, Ensaio e Inspe\u00e7\u00e3o<\/title>\n<meta name=\"description\" content=\"Mainframe de 3 slots e 8 m\u00f3dulos plug-in \u00e0 sua escolha. Interface DAQ usando o software BenchVue DAQ da Keysight. Navegador da web intuitivo.\" \/>\n<meta name=\"robots\" content=\"index, follow, max-snippet:-1, max-image-preview:large, max-video-preview:-1\" \/>\n<link rel=\"canonical\" href=\"https:\/\/auna.com.br\/auna\/produto\/aquisicao-registro-de-dados\/\" \/>\n<meta property=\"og:locale\" content=\"pt_BR\" \/>\n<meta property=\"og:type\" content=\"article\" \/>\n<meta property=\"og:title\" content=\"DAQ 970A - Sistema de Aquisi\u00e7\u00e3o, comuta\u00e7\u00e3o e registro de dados - AUNA Metrologia e Instrumenta\u00e7\u00e3o - Instrumentos de Medi\u00e7\u00e3o, Sensores para Monitoramento e Software para Calibra\u00e7\u00e3o, Ensaio e Inspe\u00e7\u00e3o\" \/>\n<meta property=\"og:description\" content=\"Mainframe de 3 slots e 8 m\u00f3dulos plug-in \u00e0 sua escolha. Interface DAQ usando o software BenchVue DAQ da Keysight. Navegador da web intuitivo.\" \/>\n<meta property=\"og:url\" content=\"https:\/\/auna.com.br\/auna\/produto\/aquisicao-registro-de-dados\/\" \/>\n<meta property=\"og:site_name\" content=\"AUNA Metrologia e Instrumenta\u00e7\u00e3o - Instrumentos de Medi\u00e7\u00e3o, Sensores para Monitoramento e Software para Calibra\u00e7\u00e3o, Ensaio e Inspe\u00e7\u00e3o\" \/>\n<meta property=\"article:modified_time\" content=\"2022-04-22T06:39:24+00:00\" \/>\n<meta property=\"og:image\" content=\"https:\/\/auna.com.br\/auna\/wp-content\/uploads\/2021\/12\/NEP1200.jpg\" \/>\n\t<meta property=\"og:image:width\" content=\"500\" \/>\n\t<meta property=\"og:image:height\" content=\"500\" \/>\n\t<meta property=\"og:image:type\" content=\"image\/jpeg\" \/>\n<meta name=\"twitter:card\" content=\"summary_large_image\" \/>\n<meta name=\"twitter:label1\" content=\"Est. tempo de leitura\" \/>\n\t<meta name=\"twitter:data1\" content=\"2 minutos\" \/>\n<script type=\"application\/ld+json\" class=\"yoast-schema-graph\">{\"@context\":\"https:\\\/\\\/schema.org\",\"@graph\":[{\"@type\":\"WebPage\",\"@id\":\"https:\\\/\\\/auna.com.br\\\/auna\\\/produto\\\/aquisicao-registro-de-dados\\\/\",\"url\":\"https:\\\/\\\/auna.com.br\\\/auna\\\/produto\\\/aquisicao-registro-de-dados\\\/\",\"name\":\"DAQ 970A - Sistema de Aquisi\u00e7\u00e3o, comuta\u00e7\u00e3o e registro de dados - AUNA Metrologia e Instrumenta\u00e7\u00e3o - Instrumentos de Medi\u00e7\u00e3o, Sensores para Monitoramento e Software para Calibra\u00e7\u00e3o, Ensaio e Inspe\u00e7\u00e3o\",\"isPartOf\":{\"@id\":\"https:\\\/\\\/auna.com.br\\\/auna\\\/#website\"},\"primaryImageOfPage\":{\"@id\":\"https:\\\/\\\/auna.com.br\\\/auna\\\/produto\\\/aquisicao-registro-de-dados\\\/#primaryimage\"},\"image\":{\"@id\":\"https:\\\/\\\/auna.com.br\\\/auna\\\/produto\\\/aquisicao-registro-de-dados\\\/#primaryimage\"},\"thumbnailUrl\":\"https:\\\/\\\/auna.com.br\\\/auna\\\/wp-content\\\/uploads\\\/2021\\\/12\\\/NEP1200.jpg\",\"datePublished\":\"2019-08-05T14:56:37+00:00\",\"dateModified\":\"2022-04-22T06:39:24+00:00\",\"description\":\"Mainframe de 3 slots e 8 m\u00f3dulos plug-in \u00e0 sua escolha. Interface DAQ usando o software BenchVue DAQ da Keysight. Navegador da web intuitivo.\",\"breadcrumb\":{\"@id\":\"https:\\\/\\\/auna.com.br\\\/auna\\\/produto\\\/aquisicao-registro-de-dados\\\/#breadcrumb\"},\"inLanguage\":\"pt-BR\",\"potentialAction\":[{\"@type\":\"ReadAction\",\"target\":[\"https:\\\/\\\/auna.com.br\\\/auna\\\/produto\\\/aquisicao-registro-de-dados\\\/\"]}]},{\"@type\":\"ImageObject\",\"inLanguage\":\"pt-BR\",\"@id\":\"https:\\\/\\\/auna.com.br\\\/auna\\\/produto\\\/aquisicao-registro-de-dados\\\/#primaryimage\",\"url\":\"https:\\\/\\\/auna.com.br\\\/auna\\\/wp-content\\\/uploads\\\/2021\\\/12\\\/NEP1200.jpg\",\"contentUrl\":\"https:\\\/\\\/auna.com.br\\\/auna\\\/wp-content\\\/uploads\\\/2021\\\/12\\\/NEP1200.jpg\",\"width\":500,\"height\":500},{\"@type\":\"BreadcrumbList\",\"@id\":\"https:\\\/\\\/auna.com.br\\\/auna\\\/produto\\\/aquisicao-registro-de-dados\\\/#breadcrumb\",\"itemListElement\":[{\"@type\":\"ListItem\",\"position\":1,\"name\":\"In\u00edcio\",\"item\":\"https:\\\/\\\/auna.com.br\\\/auna\\\/\"},{\"@type\":\"ListItem\",\"position\":2,\"name\":\"Instrumentos\",\"item\":\"https:\\\/\\\/auna.com.br\\\/auna\\\/loja\\\/\"},{\"@type\":\"ListItem\",\"position\":3,\"name\":\"DAQ 970A &#8211; Sistema de Aquisi\u00e7\u00e3o, comuta\u00e7\u00e3o e registro de dados\"}]},{\"@type\":\"WebSite\",\"@id\":\"https:\\\/\\\/auna.com.br\\\/auna\\\/#website\",\"url\":\"https:\\\/\\\/auna.com.br\\\/auna\\\/\",\"name\":\"AUNA Metrologia e Instrumenta\u00e7\u00e3o - Instrumentos de Medi\u00e7\u00e3o, Sensores para Monitoramento e Software para Calibra\u00e7\u00e3o, Ensaio e Inspe\u00e7\u00e3o\",\"description\":\"comercial@auna.com.br || +55 15 9 8129-4041\",\"publisher\":{\"@id\":\"https:\\\/\\\/auna.com.br\\\/auna\\\/#organization\"},\"potentialAction\":[{\"@type\":\"SearchAction\",\"target\":{\"@type\":\"EntryPoint\",\"urlTemplate\":\"https:\\\/\\\/auna.com.br\\\/auna\\\/?s={search_term_string}\"},\"query-input\":{\"@type\":\"PropertyValueSpecification\",\"valueRequired\":true,\"valueName\":\"search_term_string\"}}],\"inLanguage\":\"pt-BR\"},{\"@type\":\"Organization\",\"@id\":\"https:\\\/\\\/auna.com.br\\\/auna\\\/#organization\",\"name\":\"AUNA Metrologia e Instrumenta\u00e7\u00e3o - Instrumentos de Medi\u00e7\u00e3o, Sensores para Monitoramento e Software para Calibra\u00e7\u00e3o, Ensaio e Inspe\u00e7\u00e3o\",\"url\":\"https:\\\/\\\/auna.com.br\\\/auna\\\/\",\"logo\":{\"@type\":\"ImageObject\",\"inLanguage\":\"pt-BR\",\"@id\":\"https:\\\/\\\/auna.com.br\\\/auna\\\/#\\\/schema\\\/logo\\\/image\\\/\",\"url\":\"https:\\\/\\\/auna.com.br\\\/auna\\\/wp-content\\\/uploads\\\/2023\\\/03\\\/cropped-AUNA_Logo_Transparente.png\",\"contentUrl\":\"https:\\\/\\\/auna.com.br\\\/auna\\\/wp-content\\\/uploads\\\/2023\\\/03\\\/cropped-AUNA_Logo_Transparente.png\",\"width\":960,\"height\":430,\"caption\":\"AUNA Metrologia e Instrumenta\u00e7\u00e3o - Instrumentos de Medi\u00e7\u00e3o, Sensores para Monitoramento e Software para Calibra\u00e7\u00e3o, Ensaio e Inspe\u00e7\u00e3o\"},\"image\":{\"@id\":\"https:\\\/\\\/auna.com.br\\\/auna\\\/#\\\/schema\\\/logo\\\/image\\\/\"}}]}<\/script>\n<!-- \/ Yoast SEO plugin. -->","yoast_head_json":{"title":"DAQ 970A - Sistema de Aquisi\u00e7\u00e3o, comuta\u00e7\u00e3o e registro de dados - AUNA Metrologia e Instrumenta\u00e7\u00e3o - Instrumentos de Medi\u00e7\u00e3o, Sensores para Monitoramento e Software para Calibra\u00e7\u00e3o, Ensaio e Inspe\u00e7\u00e3o","description":"Mainframe de 3 slots e 8 m\u00f3dulos plug-in \u00e0 sua escolha. Interface DAQ usando o software BenchVue DAQ da Keysight. Navegador da web intuitivo.","robots":{"index":"index","follow":"follow","max-snippet":"max-snippet:-1","max-image-preview":"max-image-preview:large","max-video-preview":"max-video-preview:-1"},"canonical":"https:\/\/auna.com.br\/auna\/produto\/aquisicao-registro-de-dados\/","og_locale":"pt_BR","og_type":"article","og_title":"DAQ 970A - Sistema de Aquisi\u00e7\u00e3o, comuta\u00e7\u00e3o e registro de dados - AUNA Metrologia e Instrumenta\u00e7\u00e3o - Instrumentos de Medi\u00e7\u00e3o, Sensores para Monitoramento e Software para Calibra\u00e7\u00e3o, Ensaio e Inspe\u00e7\u00e3o","og_description":"Mainframe de 3 slots e 8 m\u00f3dulos plug-in \u00e0 sua escolha. Interface DAQ usando o software BenchVue DAQ da Keysight. Navegador da web intuitivo.","og_url":"https:\/\/auna.com.br\/auna\/produto\/aquisicao-registro-de-dados\/","og_site_name":"AUNA Metrologia e Instrumenta\u00e7\u00e3o - Instrumentos de Medi\u00e7\u00e3o, Sensores para Monitoramento e Software para Calibra\u00e7\u00e3o, Ensaio e Inspe\u00e7\u00e3o","article_modified_time":"2022-04-22T06:39:24+00:00","og_image":[{"width":500,"height":500,"url":"https:\/\/auna.com.br\/auna\/wp-content\/uploads\/2021\/12\/NEP1200.jpg","type":"image\/jpeg"}],"twitter_card":"summary_large_image","twitter_misc":{"Est. tempo de leitura":"2 minutos"},"schema":{"@context":"https:\/\/schema.org","@graph":[{"@type":"WebPage","@id":"https:\/\/auna.com.br\/auna\/produto\/aquisicao-registro-de-dados\/","url":"https:\/\/auna.com.br\/auna\/produto\/aquisicao-registro-de-dados\/","name":"DAQ 970A - Sistema de Aquisi\u00e7\u00e3o, comuta\u00e7\u00e3o e registro de dados - AUNA Metrologia e Instrumenta\u00e7\u00e3o - Instrumentos de Medi\u00e7\u00e3o, Sensores para Monitoramento e Software para Calibra\u00e7\u00e3o, Ensaio e Inspe\u00e7\u00e3o","isPartOf":{"@id":"https:\/\/auna.com.br\/auna\/#website"},"primaryImageOfPage":{"@id":"https:\/\/auna.com.br\/auna\/produto\/aquisicao-registro-de-dados\/#primaryimage"},"image":{"@id":"https:\/\/auna.com.br\/auna\/produto\/aquisicao-registro-de-dados\/#primaryimage"},"thumbnailUrl":"https:\/\/auna.com.br\/auna\/wp-content\/uploads\/2021\/12\/NEP1200.jpg","datePublished":"2019-08-05T14:56:37+00:00","dateModified":"2022-04-22T06:39:24+00:00","description":"Mainframe de 3 slots e 8 m\u00f3dulos plug-in \u00e0 sua escolha. Interface DAQ usando o software BenchVue DAQ da Keysight. Navegador da web intuitivo.","breadcrumb":{"@id":"https:\/\/auna.com.br\/auna\/produto\/aquisicao-registro-de-dados\/#breadcrumb"},"inLanguage":"pt-BR","potentialAction":[{"@type":"ReadAction","target":["https:\/\/auna.com.br\/auna\/produto\/aquisicao-registro-de-dados\/"]}]},{"@type":"ImageObject","inLanguage":"pt-BR","@id":"https:\/\/auna.com.br\/auna\/produto\/aquisicao-registro-de-dados\/#primaryimage","url":"https:\/\/auna.com.br\/auna\/wp-content\/uploads\/2021\/12\/NEP1200.jpg","contentUrl":"https:\/\/auna.com.br\/auna\/wp-content\/uploads\/2021\/12\/NEP1200.jpg","width":500,"height":500},{"@type":"BreadcrumbList","@id":"https:\/\/auna.com.br\/auna\/produto\/aquisicao-registro-de-dados\/#breadcrumb","itemListElement":[{"@type":"ListItem","position":1,"name":"In\u00edcio","item":"https:\/\/auna.com.br\/auna\/"},{"@type":"ListItem","position":2,"name":"Instrumentos","item":"https:\/\/auna.com.br\/auna\/loja\/"},{"@type":"ListItem","position":3,"name":"DAQ 970A &#8211; Sistema de Aquisi\u00e7\u00e3o, comuta\u00e7\u00e3o e registro de dados"}]},{"@type":"WebSite","@id":"https:\/\/auna.com.br\/auna\/#website","url":"https:\/\/auna.com.br\/auna\/","name":"AUNA Metrologia e Instrumenta\u00e7\u00e3o - Instrumentos de Medi\u00e7\u00e3o, Sensores para Monitoramento e Software para Calibra\u00e7\u00e3o, Ensaio e Inspe\u00e7\u00e3o","description":"comercial@auna.com.br || +55 15 9 8129-4041","publisher":{"@id":"https:\/\/auna.com.br\/auna\/#organization"},"potentialAction":[{"@type":"SearchAction","target":{"@type":"EntryPoint","urlTemplate":"https:\/\/auna.com.br\/auna\/?s={search_term_string}"},"query-input":{"@type":"PropertyValueSpecification","valueRequired":true,"valueName":"search_term_string"}}],"inLanguage":"pt-BR"},{"@type":"Organization","@id":"https:\/\/auna.com.br\/auna\/#organization","name":"AUNA Metrologia e Instrumenta\u00e7\u00e3o - Instrumentos de Medi\u00e7\u00e3o, Sensores para Monitoramento e Software para Calibra\u00e7\u00e3o, Ensaio e Inspe\u00e7\u00e3o","url":"https:\/\/auna.com.br\/auna\/","logo":{"@type":"ImageObject","inLanguage":"pt-BR","@id":"https:\/\/auna.com.br\/auna\/#\/schema\/logo\/image\/","url":"https:\/\/auna.com.br\/auna\/wp-content\/uploads\/2023\/03\/cropped-AUNA_Logo_Transparente.png","contentUrl":"https:\/\/auna.com.br\/auna\/wp-content\/uploads\/2023\/03\/cropped-AUNA_Logo_Transparente.png","width":960,"height":430,"caption":"AUNA Metrologia e Instrumenta\u00e7\u00e3o - Instrumentos de Medi\u00e7\u00e3o, Sensores para Monitoramento e Software para Calibra\u00e7\u00e3o, Ensaio e Inspe\u00e7\u00e3o"},"image":{"@id":"https:\/\/auna.com.br\/auna\/#\/schema\/logo\/image\/"}}]}},"_links":{"self":[{"href":"https:\/\/auna.com.br\/auna\/wp-json\/wp\/v2\/product\/2532","targetHints":{"allow":["GET"]}}],"collection":[{"href":"https:\/\/auna.com.br\/auna\/wp-json\/wp\/v2\/product"}],"about":[{"href":"https:\/\/auna.com.br\/auna\/wp-json\/wp\/v2\/types\/product"}],"replies":[{"embeddable":true,"href":"https:\/\/auna.com.br\/auna\/wp-json\/wp\/v2\/comments?post=2532"}],"wp:featuredmedia":[{"embeddable":true,"href":"https:\/\/auna.com.br\/auna\/wp-json\/wp\/v2\/media\/7059"}],"wp:attachment":[{"href":"https:\/\/auna.com.br\/auna\/wp-json\/wp\/v2\/media?parent=2532"}],"wp:term":[{"taxonomy":"product_brand","embeddable":true,"href":"https:\/\/auna.com.br\/auna\/wp-json\/wp\/v2\/product_brand?post=2532"},{"taxonomy":"product_cat","embeddable":true,"href":"https:\/\/auna.com.br\/auna\/wp-json\/wp\/v2\/product_cat?post=2532"},{"taxonomy":"product_tag","embeddable":true,"href":"https:\/\/auna.com.br\/auna\/wp-json\/wp\/v2\/product_tag?post=2532"},{"taxonomy":"wpstream_actors","embeddable":true,"href":"https:\/\/auna.com.br\/auna\/wp-json\/wp\/v2\/wpstream_actors?post=2532"},{"taxonomy":"wpstream_category","embeddable":true,"href":"https:\/\/auna.com.br\/auna\/wp-json\/wp\/v2\/wpstream_category?post=2532"},{"taxonomy":"wpstream_movie_rating","embeddable":true,"href":"https:\/\/auna.com.br\/auna\/wp-json\/wp\/v2\/wpstream_movie_rating?post=2532"}],"curies":[{"name":"wp","href":"https:\/\/api.w.org\/{rel}","templated":true}]}}