{"id":2555,"date":"2019-08-06T09:28:23","date_gmt":"2019-08-06T09:28:23","guid":{"rendered":"https:\/\/www.aunarepresentacoes.com.br\/?post_type=product&#038;p=2555"},"modified":"2022-04-22T03:38:08","modified_gmt":"2022-04-22T06:38:08","slug":"daqm-907a-modulo-multifuncao-para-o-daq-970a","status":"publish","type":"product","link":"https:\/\/auna.com.br\/auna\/produto\/daqm-907a-modulo-multifuncao-para-o-daq-970a\/","title":{"rendered":"DAQM 907A &#8211; M\u00f3dulo Multifun\u00e7\u00e3o para o DAQ 970A"},"content":{"rendered":"<h3 class=\"first\">PRINCIPAIS RECURSOS E ESPECIFICA\u00c7\u00d5ES<\/h3>\n<ul>\n<li id=\"keyspecs\">Entrada e Sa\u00edda digital de 16 bits;<\/li>\n<li>Entrata totalizador 100 KHz;<\/li>\n<li>Duas sa\u00eddas anal\u00f3gicas de \u00b112V mais 2 canais de detec\u00e7\u00e3o de tens\u00e3o\/corrente.<\/li>\n<\/ul>\n<h3>DESCRI\u00c7\u00c3O<\/h3>\n<p>O m\u00f3dulo Keysight DAQM907A para o Sistema de Aquisi\u00e7\u00e3o de Dados DAQ970A permite grande flexibilidade para uma variedade de aplica\u00e7\u00f5es de detec\u00e7\u00e3o e controle. Ele combina duas portas de 8 bits de entrada e sa\u00edda digital, um totalizador controlado de 100 kHz e duas sa\u00eddas anal\u00f3gicas de \u00b1 12V &#8211; todas em um \u00fanico m\u00f3dulo referenciado por terra. As sa\u00eddas anal\u00f3gicas possuem dois canais adicionais de detec\u00e7\u00e3o de tens\u00e3o \/ corrente. As entradas digitais e a entrada do totalizador podem ser inclu\u00eddas em uma varredura. Os limites de alarme para as entradas do contador digital e de evento s\u00e3o avaliados continuamente, capturando e registrando as condi\u00e7\u00f5es de alarme, mesmo entre as varreduras.<\/p>\n<h3>ENTRADA\/SA\u00cdDA DIGITAL<\/h3>\n<p>Use as sa\u00eddas digitais com uma fonte de alimenta\u00e7\u00e3o externa para controlar interruptores e atenuadores de microondas, solen\u00f3ides, rel\u00e9s de pot\u00eancia, indicadores e muito mais. Use as entradas digitais para detectar o interruptor de limite e o status do barramento digital. N\u00e3o h\u00e1 modos complexos de handshake; leituras e grava\u00e7\u00f5es s\u00e3o iniciadas a partir do painel frontal ou do barramento.<\/p>\n<h3>ENTRADA TOTALIZADORA<\/h3>\n<p>Conte eventos de dispositivos como interruptores de fotos, interruptores de limite e sensores de efeito Hall. Ele mant\u00e9m um total atualizado que pode ser lido no painel frontal ou programaticamente a qualquer momento. Com 26 bits de resolu\u00e7\u00e3o, ele pode contar eventos em velocidade m\u00e1xima por quase 45 minutos sem um estouro.<\/p>\n<h3>SA\u00cdDA ANAL\u00d3GICA<\/h3>\n<p>Use as duas sa\u00eddas anal\u00f3gicas calibradas eletronicamente para fornecer voltagens de polariza\u00e7\u00e3o ao seu dispositivo em teste, para controlar suas fontes de alimenta\u00e7\u00e3o program\u00e1veis \u200b\u200banal\u00f3gicas ou use as sa\u00eddas como pontos de ajuste para seus sistemas de controle. As sa\u00eddas s\u00e3o programadas diretamente em volts, tanto do painel frontal quanto do barramento.<\/p>\n<p><strong>Produto padr\u00e3o inclui:<\/strong><\/p>\n<ul>\n<li>1 m\u00f3dulo multifun\u00e7\u00e3o DAQM907A;<\/li>\n<li>1 Certificado de calibra\u00e7\u00e3o.<\/li>\n<\/ul>\n","protected":false},"excerpt":{"rendered":"<p>PRINCIPAIS RECURSOS E ESPECIFICA\u00c7\u00d5ES Entrada e Sa\u00edda digital de 16 bits; Entrata totalizador 100 KHz; Duas sa\u00eddas anal\u00f3gicas de \u00b112V mais 2 canais de detec\u00e7\u00e3o de tens\u00e3o\/corrente. DESCRI\u00c7\u00c3O O m\u00f3dulo Keysight DAQM907A para o Sistema de Aquisi\u00e7\u00e3o de Dados DAQ970A permite grande flexibilidade para uma variedade de aplica\u00e7\u00f5es de detec\u00e7\u00e3o e controle. Ele combina duas [&hellip;]<\/p>\n","protected":false},"featured_media":2556,"comment_status":"closed","ping_status":"closed","template":"","meta":[],"product_brand":[],"product_cat":[90],"product_tag":[],"wpstream_actors":[],"wpstream_category":[],"wpstream_movie_rating":[],"class_list":{"0":"post-2555","1":"product","2":"type-product","3":"status-publish","4":"has-post-thumbnail","6":"product_cat-aquisitor-de-dados","8":"first","9":"onbackorder","10":"taxable","11":"shipping-taxable","12":"product-type-simple","13":"czr-hentry"},"yoast_head":"<!-- This site is optimized with the Yoast SEO plugin v27.5 - https:\/\/yoast.com\/product\/yoast-seo-wordpress\/ -->\n<title>DAQM 907A - M\u00f3dulo Multifun\u00e7\u00e3o para o DAQ 970A - AUNA Metrologia e Instrumenta\u00e7\u00e3o - Instrumentos de Medi\u00e7\u00e3o, Sensores para Monitoramento e Software para Calibra\u00e7\u00e3o, Ensaio e Inspe\u00e7\u00e3o<\/title>\n<meta name=\"robots\" content=\"index, follow, max-snippet:-1, max-image-preview:large, max-video-preview:-1\" \/>\n<link rel=\"canonical\" href=\"https:\/\/auna.com.br\/auna\/produto\/daqm-907a-modulo-multifuncao-para-o-daq-970a\/\" \/>\n<meta property=\"og:locale\" content=\"pt_BR\" \/>\n<meta property=\"og:type\" content=\"article\" \/>\n<meta property=\"og:title\" content=\"DAQM 907A - M\u00f3dulo Multifun\u00e7\u00e3o para o DAQ 970A - AUNA Metrologia e Instrumenta\u00e7\u00e3o - Instrumentos de Medi\u00e7\u00e3o, Sensores para Monitoramento e Software para Calibra\u00e7\u00e3o, Ensaio e Inspe\u00e7\u00e3o\" \/>\n<meta property=\"og:description\" content=\"PRINCIPAIS RECURSOS E ESPECIFICA\u00c7\u00d5ES Entrada e Sa\u00edda digital de 16 bits; Entrata totalizador 100 KHz; Duas sa\u00eddas anal\u00f3gicas de \u00b112V mais 2 canais de detec\u00e7\u00e3o de tens\u00e3o\/corrente. DESCRI\u00c7\u00c3O O m\u00f3dulo Keysight DAQM907A para o Sistema de Aquisi\u00e7\u00e3o de Dados DAQ970A permite grande flexibilidade para uma variedade de aplica\u00e7\u00f5es de detec\u00e7\u00e3o e controle. Ele combina duas [&hellip;]\" \/>\n<meta property=\"og:url\" content=\"https:\/\/auna.com.br\/auna\/produto\/daqm-907a-modulo-multifuncao-para-o-daq-970a\/\" \/>\n<meta property=\"og:site_name\" content=\"AUNA Metrologia e Instrumenta\u00e7\u00e3o - Instrumentos de Medi\u00e7\u00e3o, Sensores para Monitoramento e Software para Calibra\u00e7\u00e3o, Ensaio e Inspe\u00e7\u00e3o\" \/>\n<meta property=\"article:modified_time\" content=\"2022-04-22T06:38:08+00:00\" \/>\n<meta property=\"og:image\" content=\"https:\/\/auna.com.br\/auna\/wp-content\/uploads\/2019\/08\/MOD_DAQM907A.jpg\" \/>\n\t<meta property=\"og:image:width\" content=\"497\" \/>\n\t<meta property=\"og:image:height\" content=\"228\" \/>\n\t<meta property=\"og:image:type\" content=\"image\/jpeg\" \/>\n<meta name=\"twitter:card\" content=\"summary_large_image\" \/>\n<meta name=\"twitter:label1\" content=\"Est. tempo de leitura\" \/>\n\t<meta name=\"twitter:data1\" content=\"2 minutos\" \/>\n<script type=\"application\/ld+json\" class=\"yoast-schema-graph\">{\"@context\":\"https:\\\/\\\/schema.org\",\"@graph\":[{\"@type\":\"WebPage\",\"@id\":\"https:\\\/\\\/auna.com.br\\\/auna\\\/produto\\\/daqm-907a-modulo-multifuncao-para-o-daq-970a\\\/\",\"url\":\"https:\\\/\\\/auna.com.br\\\/auna\\\/produto\\\/daqm-907a-modulo-multifuncao-para-o-daq-970a\\\/\",\"name\":\"DAQM 907A - M\u00f3dulo Multifun\u00e7\u00e3o para o DAQ 970A - AUNA Metrologia e Instrumenta\u00e7\u00e3o - Instrumentos de Medi\u00e7\u00e3o, Sensores para Monitoramento e Software para Calibra\u00e7\u00e3o, Ensaio e Inspe\u00e7\u00e3o\",\"isPartOf\":{\"@id\":\"https:\\\/\\\/auna.com.br\\\/auna\\\/#website\"},\"primaryImageOfPage\":{\"@id\":\"https:\\\/\\\/auna.com.br\\\/auna\\\/produto\\\/daqm-907a-modulo-multifuncao-para-o-daq-970a\\\/#primaryimage\"},\"image\":{\"@id\":\"https:\\\/\\\/auna.com.br\\\/auna\\\/produto\\\/daqm-907a-modulo-multifuncao-para-o-daq-970a\\\/#primaryimage\"},\"thumbnailUrl\":\"https:\\\/\\\/auna.com.br\\\/auna\\\/wp-content\\\/uploads\\\/2019\\\/08\\\/MOD_DAQM907A.jpg\",\"datePublished\":\"2019-08-06T09:28:23+00:00\",\"dateModified\":\"2022-04-22T06:38:08+00:00\",\"breadcrumb\":{\"@id\":\"https:\\\/\\\/auna.com.br\\\/auna\\\/produto\\\/daqm-907a-modulo-multifuncao-para-o-daq-970a\\\/#breadcrumb\"},\"inLanguage\":\"pt-BR\",\"potentialAction\":[{\"@type\":\"ReadAction\",\"target\":[\"https:\\\/\\\/auna.com.br\\\/auna\\\/produto\\\/daqm-907a-modulo-multifuncao-para-o-daq-970a\\\/\"]}]},{\"@type\":\"ImageObject\",\"inLanguage\":\"pt-BR\",\"@id\":\"https:\\\/\\\/auna.com.br\\\/auna\\\/produto\\\/daqm-907a-modulo-multifuncao-para-o-daq-970a\\\/#primaryimage\",\"url\":\"https:\\\/\\\/auna.com.br\\\/auna\\\/wp-content\\\/uploads\\\/2019\\\/08\\\/MOD_DAQM907A.jpg\",\"contentUrl\":\"https:\\\/\\\/auna.com.br\\\/auna\\\/wp-content\\\/uploads\\\/2019\\\/08\\\/MOD_DAQM907A.jpg\",\"width\":497,\"height\":228},{\"@type\":\"BreadcrumbList\",\"@id\":\"https:\\\/\\\/auna.com.br\\\/auna\\\/produto\\\/daqm-907a-modulo-multifuncao-para-o-daq-970a\\\/#breadcrumb\",\"itemListElement\":[{\"@type\":\"ListItem\",\"position\":1,\"name\":\"In\u00edcio\",\"item\":\"https:\\\/\\\/auna.com.br\\\/auna\\\/\"},{\"@type\":\"ListItem\",\"position\":2,\"name\":\"Instrumentos\",\"item\":\"https:\\\/\\\/auna.com.br\\\/auna\\\/loja\\\/\"},{\"@type\":\"ListItem\",\"position\":3,\"name\":\"DAQM 907A &#8211; M\u00f3dulo Multifun\u00e7\u00e3o para o DAQ 970A\"}]},{\"@type\":\"WebSite\",\"@id\":\"https:\\\/\\\/auna.com.br\\\/auna\\\/#website\",\"url\":\"https:\\\/\\\/auna.com.br\\\/auna\\\/\",\"name\":\"AUNA Metrologia e Instrumenta\u00e7\u00e3o - Instrumentos de Medi\u00e7\u00e3o, Sensores para Monitoramento e Software para Calibra\u00e7\u00e3o, Ensaio e Inspe\u00e7\u00e3o\",\"description\":\"comercial@auna.com.br || +55 15 9 8129-4041\",\"publisher\":{\"@id\":\"https:\\\/\\\/auna.com.br\\\/auna\\\/#organization\"},\"potentialAction\":[{\"@type\":\"SearchAction\",\"target\":{\"@type\":\"EntryPoint\",\"urlTemplate\":\"https:\\\/\\\/auna.com.br\\\/auna\\\/?s={search_term_string}\"},\"query-input\":{\"@type\":\"PropertyValueSpecification\",\"valueRequired\":true,\"valueName\":\"search_term_string\"}}],\"inLanguage\":\"pt-BR\"},{\"@type\":\"Organization\",\"@id\":\"https:\\\/\\\/auna.com.br\\\/auna\\\/#organization\",\"name\":\"AUNA Metrologia e Instrumenta\u00e7\u00e3o - Instrumentos de Medi\u00e7\u00e3o, Sensores para Monitoramento e Software para Calibra\u00e7\u00e3o, Ensaio e Inspe\u00e7\u00e3o\",\"url\":\"https:\\\/\\\/auna.com.br\\\/auna\\\/\",\"logo\":{\"@type\":\"ImageObject\",\"inLanguage\":\"pt-BR\",\"@id\":\"https:\\\/\\\/auna.com.br\\\/auna\\\/#\\\/schema\\\/logo\\\/image\\\/\",\"url\":\"https:\\\/\\\/auna.com.br\\\/auna\\\/wp-content\\\/uploads\\\/2023\\\/03\\\/cropped-AUNA_Logo_Transparente.png\",\"contentUrl\":\"https:\\\/\\\/auna.com.br\\\/auna\\\/wp-content\\\/uploads\\\/2023\\\/03\\\/cropped-AUNA_Logo_Transparente.png\",\"width\":960,\"height\":430,\"caption\":\"AUNA Metrologia e Instrumenta\u00e7\u00e3o - Instrumentos de Medi\u00e7\u00e3o, Sensores para Monitoramento e Software para Calibra\u00e7\u00e3o, Ensaio e Inspe\u00e7\u00e3o\"},\"image\":{\"@id\":\"https:\\\/\\\/auna.com.br\\\/auna\\\/#\\\/schema\\\/logo\\\/image\\\/\"}}]}<\/script>\n<!-- \/ Yoast SEO plugin. -->","yoast_head_json":{"title":"DAQM 907A - M\u00f3dulo Multifun\u00e7\u00e3o para o DAQ 970A - AUNA Metrologia e Instrumenta\u00e7\u00e3o - Instrumentos de Medi\u00e7\u00e3o, Sensores para Monitoramento e Software para Calibra\u00e7\u00e3o, Ensaio e Inspe\u00e7\u00e3o","robots":{"index":"index","follow":"follow","max-snippet":"max-snippet:-1","max-image-preview":"max-image-preview:large","max-video-preview":"max-video-preview:-1"},"canonical":"https:\/\/auna.com.br\/auna\/produto\/daqm-907a-modulo-multifuncao-para-o-daq-970a\/","og_locale":"pt_BR","og_type":"article","og_title":"DAQM 907A - M\u00f3dulo Multifun\u00e7\u00e3o para o DAQ 970A - AUNA Metrologia e Instrumenta\u00e7\u00e3o - Instrumentos de Medi\u00e7\u00e3o, Sensores para Monitoramento e Software para Calibra\u00e7\u00e3o, Ensaio e Inspe\u00e7\u00e3o","og_description":"PRINCIPAIS RECURSOS E ESPECIFICA\u00c7\u00d5ES Entrada e Sa\u00edda digital de 16 bits; Entrata totalizador 100 KHz; Duas sa\u00eddas anal\u00f3gicas de \u00b112V mais 2 canais de detec\u00e7\u00e3o de tens\u00e3o\/corrente. DESCRI\u00c7\u00c3O O m\u00f3dulo Keysight DAQM907A para o Sistema de Aquisi\u00e7\u00e3o de Dados DAQ970A permite grande flexibilidade para uma variedade de aplica\u00e7\u00f5es de detec\u00e7\u00e3o e controle. Ele combina duas [&hellip;]","og_url":"https:\/\/auna.com.br\/auna\/produto\/daqm-907a-modulo-multifuncao-para-o-daq-970a\/","og_site_name":"AUNA Metrologia e Instrumenta\u00e7\u00e3o - Instrumentos de Medi\u00e7\u00e3o, Sensores para Monitoramento e Software para Calibra\u00e7\u00e3o, Ensaio e Inspe\u00e7\u00e3o","article_modified_time":"2022-04-22T06:38:08+00:00","og_image":[{"width":497,"height":228,"url":"https:\/\/auna.com.br\/auna\/wp-content\/uploads\/2019\/08\/MOD_DAQM907A.jpg","type":"image\/jpeg"}],"twitter_card":"summary_large_image","twitter_misc":{"Est. tempo de leitura":"2 minutos"},"schema":{"@context":"https:\/\/schema.org","@graph":[{"@type":"WebPage","@id":"https:\/\/auna.com.br\/auna\/produto\/daqm-907a-modulo-multifuncao-para-o-daq-970a\/","url":"https:\/\/auna.com.br\/auna\/produto\/daqm-907a-modulo-multifuncao-para-o-daq-970a\/","name":"DAQM 907A - M\u00f3dulo Multifun\u00e7\u00e3o para o DAQ 970A - AUNA Metrologia e Instrumenta\u00e7\u00e3o - Instrumentos de Medi\u00e7\u00e3o, Sensores para Monitoramento e Software para Calibra\u00e7\u00e3o, Ensaio e Inspe\u00e7\u00e3o","isPartOf":{"@id":"https:\/\/auna.com.br\/auna\/#website"},"primaryImageOfPage":{"@id":"https:\/\/auna.com.br\/auna\/produto\/daqm-907a-modulo-multifuncao-para-o-daq-970a\/#primaryimage"},"image":{"@id":"https:\/\/auna.com.br\/auna\/produto\/daqm-907a-modulo-multifuncao-para-o-daq-970a\/#primaryimage"},"thumbnailUrl":"https:\/\/auna.com.br\/auna\/wp-content\/uploads\/2019\/08\/MOD_DAQM907A.jpg","datePublished":"2019-08-06T09:28:23+00:00","dateModified":"2022-04-22T06:38:08+00:00","breadcrumb":{"@id":"https:\/\/auna.com.br\/auna\/produto\/daqm-907a-modulo-multifuncao-para-o-daq-970a\/#breadcrumb"},"inLanguage":"pt-BR","potentialAction":[{"@type":"ReadAction","target":["https:\/\/auna.com.br\/auna\/produto\/daqm-907a-modulo-multifuncao-para-o-daq-970a\/"]}]},{"@type":"ImageObject","inLanguage":"pt-BR","@id":"https:\/\/auna.com.br\/auna\/produto\/daqm-907a-modulo-multifuncao-para-o-daq-970a\/#primaryimage","url":"https:\/\/auna.com.br\/auna\/wp-content\/uploads\/2019\/08\/MOD_DAQM907A.jpg","contentUrl":"https:\/\/auna.com.br\/auna\/wp-content\/uploads\/2019\/08\/MOD_DAQM907A.jpg","width":497,"height":228},{"@type":"BreadcrumbList","@id":"https:\/\/auna.com.br\/auna\/produto\/daqm-907a-modulo-multifuncao-para-o-daq-970a\/#breadcrumb","itemListElement":[{"@type":"ListItem","position":1,"name":"In\u00edcio","item":"https:\/\/auna.com.br\/auna\/"},{"@type":"ListItem","position":2,"name":"Instrumentos","item":"https:\/\/auna.com.br\/auna\/loja\/"},{"@type":"ListItem","position":3,"name":"DAQM 907A &#8211; M\u00f3dulo Multifun\u00e7\u00e3o para o DAQ 970A"}]},{"@type":"WebSite","@id":"https:\/\/auna.com.br\/auna\/#website","url":"https:\/\/auna.com.br\/auna\/","name":"AUNA Metrologia e Instrumenta\u00e7\u00e3o - Instrumentos de Medi\u00e7\u00e3o, Sensores para Monitoramento e Software para Calibra\u00e7\u00e3o, Ensaio e Inspe\u00e7\u00e3o","description":"comercial@auna.com.br || +55 15 9 8129-4041","publisher":{"@id":"https:\/\/auna.com.br\/auna\/#organization"},"potentialAction":[{"@type":"SearchAction","target":{"@type":"EntryPoint","urlTemplate":"https:\/\/auna.com.br\/auna\/?s={search_term_string}"},"query-input":{"@type":"PropertyValueSpecification","valueRequired":true,"valueName":"search_term_string"}}],"inLanguage":"pt-BR"},{"@type":"Organization","@id":"https:\/\/auna.com.br\/auna\/#organization","name":"AUNA Metrologia e Instrumenta\u00e7\u00e3o - Instrumentos de Medi\u00e7\u00e3o, Sensores para Monitoramento e Software para Calibra\u00e7\u00e3o, Ensaio e Inspe\u00e7\u00e3o","url":"https:\/\/auna.com.br\/auna\/","logo":{"@type":"ImageObject","inLanguage":"pt-BR","@id":"https:\/\/auna.com.br\/auna\/#\/schema\/logo\/image\/","url":"https:\/\/auna.com.br\/auna\/wp-content\/uploads\/2023\/03\/cropped-AUNA_Logo_Transparente.png","contentUrl":"https:\/\/auna.com.br\/auna\/wp-content\/uploads\/2023\/03\/cropped-AUNA_Logo_Transparente.png","width":960,"height":430,"caption":"AUNA Metrologia e Instrumenta\u00e7\u00e3o - Instrumentos de Medi\u00e7\u00e3o, Sensores para Monitoramento e Software para Calibra\u00e7\u00e3o, Ensaio e Inspe\u00e7\u00e3o"},"image":{"@id":"https:\/\/auna.com.br\/auna\/#\/schema\/logo\/image\/"}}]}},"_links":{"self":[{"href":"https:\/\/auna.com.br\/auna\/wp-json\/wp\/v2\/product\/2555","targetHints":{"allow":["GET"]}}],"collection":[{"href":"https:\/\/auna.com.br\/auna\/wp-json\/wp\/v2\/product"}],"about":[{"href":"https:\/\/auna.com.br\/auna\/wp-json\/wp\/v2\/types\/product"}],"replies":[{"embeddable":true,"href":"https:\/\/auna.com.br\/auna\/wp-json\/wp\/v2\/comments?post=2555"}],"wp:featuredmedia":[{"embeddable":true,"href":"https:\/\/auna.com.br\/auna\/wp-json\/wp\/v2\/media\/2556"}],"wp:attachment":[{"href":"https:\/\/auna.com.br\/auna\/wp-json\/wp\/v2\/media?parent=2555"}],"wp:term":[{"taxonomy":"product_brand","embeddable":true,"href":"https:\/\/auna.com.br\/auna\/wp-json\/wp\/v2\/product_brand?post=2555"},{"taxonomy":"product_cat","embeddable":true,"href":"https:\/\/auna.com.br\/auna\/wp-json\/wp\/v2\/product_cat?post=2555"},{"taxonomy":"product_tag","embeddable":true,"href":"https:\/\/auna.com.br\/auna\/wp-json\/wp\/v2\/product_tag?post=2555"},{"taxonomy":"wpstream_actors","embeddable":true,"href":"https:\/\/auna.com.br\/auna\/wp-json\/wp\/v2\/wpstream_actors?post=2555"},{"taxonomy":"wpstream_category","embeddable":true,"href":"https:\/\/auna.com.br\/auna\/wp-json\/wp\/v2\/wpstream_category?post=2555"},{"taxonomy":"wpstream_movie_rating","embeddable":true,"href":"https:\/\/auna.com.br\/auna\/wp-json\/wp\/v2\/wpstream_movie_rating?post=2555"}],"curies":[{"name":"wp","href":"https:\/\/api.w.org\/{rel}","templated":true}]}}