{"id":296,"date":"2019-05-29T09:29:23","date_gmt":"2019-05-29T09:29:23","guid":{"rendered":"http:\/\/www.auna.com.br\/produtos\/?post_type=product&#038;p=296"},"modified":"2022-04-23T04:23:45","modified_gmt":"2022-04-23T07:23:45","slug":"desempenos-de-granito-preto","status":"publish","type":"product","link":"https:\/\/auna.com.br\/auna\/produto\/desempenos-de-granito-preto\/","title":{"rendered":"Desempenos de Granito Preto"},"content":{"rendered":"<p><strong>Caracter\u00edsticas<\/strong><\/p>\n<ul>\n<li>Fabricados de acordo com DIN 876\/0.<\/li>\n<li>Exatid\u00e3o: (4+L\/250)\u03bcm (L = comprimento)<\/li>\n<\/ul>\n<table border=\"0\" rules=\"rows\" cellspacing=\"1\" cellpadding=\"3\">\n<tbody>\n<tr>\n<td align=\"left\" bgcolor=\"#f1f1f1\" width=\"1\" height=\"29\"><\/td>\n<td align=\"left\" bgcolor=\"#f1f1f1\" width=\"99\"><strong>Dimens\u00f5es<\/strong><\/td>\n<td align=\"center\" bgcolor=\"#f1f1f1\" width=\"103\"><strong>Exatid\u00e3o<\/strong><\/td>\n<td align=\"center\" bgcolor=\"#f1f1f1\" width=\"104\"><strong>N\u00ba Cat\u00e1logo<\/strong><\/td>\n<\/tr>\n<tr>\n<td align=\"left\" bgcolor=\"#ffffff\"><\/td>\n<td align=\"left\">400 x 250 x 100mm<\/td>\n<td rowspan=\"2\" align=\"center\">5,6\u00b5m<\/td>\n<td align=\"center\">3040-25.0<\/td>\n<\/tr>\n<tr>\n<td align=\"left\" bgcolor=\"#ffffff\"><\/td>\n<td align=\"left\">400 x 400 x 100mm<\/td>\n<td align=\"center\">3040-40.0<\/td>\n<\/tr>\n<tr>\n<td align=\"left\" bgcolor=\"#ffffff\"><\/td>\n<td align=\"left\">630 x 400 x 120mm<\/td>\n<td rowspan=\"2\" align=\"center\">6,5\u00b5m<\/td>\n<td align=\"center\">3063-40.0<\/td>\n<\/tr>\n<tr>\n<td align=\"left\" bgcolor=\"#ffffff\"><\/td>\n<td align=\"left\">630 x 630 x 120mm<\/td>\n<td align=\"center\">3063-63.0<\/td>\n<\/tr>\n<tr>\n<td align=\"left\" bgcolor=\"#ffffff\"><\/td>\n<td align=\"left\">1000 x 630 x 160mm<\/td>\n<td rowspan=\"2\" align=\"center\">8\u00b5m<\/td>\n<td align=\"center\">3100-63.0<\/td>\n<\/tr>\n<tr>\n<td align=\"left\" bgcolor=\"#ffffff\"><\/td>\n<td align=\"left\">1000 x 1000 x 160mm<\/td>\n<td align=\"center\">3100-100.0<\/td>\n<\/tr>\n<tr>\n<td align=\"left\" bgcolor=\"#ffffff\"><\/td>\n<td align=\"left\">1600 x 1000 x 200mm<\/td>\n<td align=\"center\">10,4\u00b5m<\/td>\n<td align=\"center\">3160-100.0<\/td>\n<\/tr>\n<tr>\n<td align=\"left\" bgcolor=\"#ffffff\"><\/td>\n<td align=\"left\">2000 x 1000 x 240mm<\/td>\n<td align=\"center\">12\u00b5m<\/td>\n<td align=\"center\">3200-100.0<\/td>\n<\/tr>\n<\/tbody>\n<\/table>\n","protected":false},"excerpt":{"rendered":"<p>Caracter\u00edsticas Fabricados de acordo com DIN 876\/0. Exatid\u00e3o: (4+L\/250)\u03bcm (L = comprimento) Dimens\u00f5es Exatid\u00e3o N\u00ba Cat\u00e1logo 400 x 250 x 100mm 5,6\u00b5m 3040-25.0 400 x 400 x 100mm 3040-40.0 630 x 400 x 120mm 6,5\u00b5m 3063-40.0 630 x 630 x 120mm 3063-63.0 1000 x 630 x 160mm 8\u00b5m 3100-63.0 1000 x 1000 x 160mm 3100-100.0 [&hellip;]<\/p>\n","protected":false},"featured_media":297,"comment_status":"closed","ping_status":"closed","template":"","meta":[],"product_brand":[],"product_cat":[40],"product_tag":[],"wpstream_actors":[],"wpstream_category":[],"wpstream_movie_rating":[],"class_list":{"0":"post-296","1":"product","2":"type-product","3":"status-publish","4":"has-post-thumbnail","6":"product_cat-superficie-de-referencia","8":"first","9":"onbackorder","10":"taxable","11":"shipping-taxable","12":"product-type-simple","13":"czr-hentry"},"yoast_head":"<!-- This site is optimized with the Yoast SEO plugin v27.5 - https:\/\/yoast.com\/product\/yoast-seo-wordpress\/ -->\n<title>Desempenos de Granito Preto - AUNA Metrologia e Instrumenta\u00e7\u00e3o - Instrumentos de Medi\u00e7\u00e3o, Sensores para Monitoramento e Software para Calibra\u00e7\u00e3o, Ensaio e Inspe\u00e7\u00e3o<\/title>\n<meta name=\"robots\" content=\"index, follow, max-snippet:-1, max-image-preview:large, max-video-preview:-1\" \/>\n<link rel=\"canonical\" href=\"https:\/\/auna.com.br\/auna\/produto\/desempenos-de-granito-preto\/\" \/>\n<meta property=\"og:locale\" content=\"pt_BR\" \/>\n<meta property=\"og:type\" content=\"article\" \/>\n<meta property=\"og:title\" content=\"Desempenos de Granito Preto - AUNA Metrologia e Instrumenta\u00e7\u00e3o - Instrumentos de Medi\u00e7\u00e3o, Sensores para Monitoramento e Software para Calibra\u00e7\u00e3o, Ensaio e Inspe\u00e7\u00e3o\" \/>\n<meta property=\"og:description\" content=\"Caracter\u00edsticas Fabricados de acordo com DIN 876\/0. Exatid\u00e3o: (4+L\/250)\u03bcm (L = comprimento) Dimens\u00f5es Exatid\u00e3o N\u00ba Cat\u00e1logo 400 x 250 x 100mm 5,6\u00b5m 3040-25.0 400 x 400 x 100mm 3040-40.0 630 x 400 x 120mm 6,5\u00b5m 3063-40.0 630 x 630 x 120mm 3063-63.0 1000 x 630 x 160mm 8\u00b5m 3100-63.0 1000 x 1000 x 160mm 3100-100.0 [&hellip;]\" \/>\n<meta property=\"og:url\" content=\"https:\/\/auna.com.br\/auna\/produto\/desempenos-de-granito-preto\/\" \/>\n<meta property=\"og:site_name\" content=\"AUNA Metrologia e Instrumenta\u00e7\u00e3o - Instrumentos de Medi\u00e7\u00e3o, Sensores para Monitoramento e Software para Calibra\u00e7\u00e3o, Ensaio e Inspe\u00e7\u00e3o\" \/>\n<meta property=\"article:modified_time\" content=\"2022-04-23T07:23:45+00:00\" \/>\n<meta property=\"og:image\" content=\"https:\/\/auna.com.br\/auna\/wp-content\/uploads\/2019\/05\/Desempenos-de-Granito-Preto_ImgProd607.jpg\" \/>\n\t<meta property=\"og:image:width\" content=\"320\" \/>\n\t<meta property=\"og:image:height\" content=\"179\" \/>\n\t<meta property=\"og:image:type\" content=\"image\/jpeg\" \/>\n<meta name=\"twitter:card\" content=\"summary_large_image\" \/>\n<script type=\"application\/ld+json\" class=\"yoast-schema-graph\">{\"@context\":\"https:\\\/\\\/schema.org\",\"@graph\":[{\"@type\":\"WebPage\",\"@id\":\"https:\\\/\\\/auna.com.br\\\/auna\\\/produto\\\/desempenos-de-granito-preto\\\/\",\"url\":\"https:\\\/\\\/auna.com.br\\\/auna\\\/produto\\\/desempenos-de-granito-preto\\\/\",\"name\":\"Desempenos de Granito Preto - AUNA Metrologia e Instrumenta\u00e7\u00e3o - Instrumentos de Medi\u00e7\u00e3o, Sensores para Monitoramento e Software para Calibra\u00e7\u00e3o, Ensaio e Inspe\u00e7\u00e3o\",\"isPartOf\":{\"@id\":\"https:\\\/\\\/auna.com.br\\\/auna\\\/#website\"},\"primaryImageOfPage\":{\"@id\":\"https:\\\/\\\/auna.com.br\\\/auna\\\/produto\\\/desempenos-de-granito-preto\\\/#primaryimage\"},\"image\":{\"@id\":\"https:\\\/\\\/auna.com.br\\\/auna\\\/produto\\\/desempenos-de-granito-preto\\\/#primaryimage\"},\"thumbnailUrl\":\"https:\\\/\\\/auna.com.br\\\/auna\\\/wp-content\\\/uploads\\\/2019\\\/05\\\/Desempenos-de-Granito-Preto_ImgProd607.jpg\",\"datePublished\":\"2019-05-29T09:29:23+00:00\",\"dateModified\":\"2022-04-23T07:23:45+00:00\",\"breadcrumb\":{\"@id\":\"https:\\\/\\\/auna.com.br\\\/auna\\\/produto\\\/desempenos-de-granito-preto\\\/#breadcrumb\"},\"inLanguage\":\"pt-BR\",\"potentialAction\":[{\"@type\":\"ReadAction\",\"target\":[\"https:\\\/\\\/auna.com.br\\\/auna\\\/produto\\\/desempenos-de-granito-preto\\\/\"]}]},{\"@type\":\"ImageObject\",\"inLanguage\":\"pt-BR\",\"@id\":\"https:\\\/\\\/auna.com.br\\\/auna\\\/produto\\\/desempenos-de-granito-preto\\\/#primaryimage\",\"url\":\"https:\\\/\\\/auna.com.br\\\/auna\\\/wp-content\\\/uploads\\\/2019\\\/05\\\/Desempenos-de-Granito-Preto_ImgProd607.jpg\",\"contentUrl\":\"https:\\\/\\\/auna.com.br\\\/auna\\\/wp-content\\\/uploads\\\/2019\\\/05\\\/Desempenos-de-Granito-Preto_ImgProd607.jpg\",\"width\":320,\"height\":179},{\"@type\":\"BreadcrumbList\",\"@id\":\"https:\\\/\\\/auna.com.br\\\/auna\\\/produto\\\/desempenos-de-granito-preto\\\/#breadcrumb\",\"itemListElement\":[{\"@type\":\"ListItem\",\"position\":1,\"name\":\"In\u00edcio\",\"item\":\"https:\\\/\\\/auna.com.br\\\/auna\\\/\"},{\"@type\":\"ListItem\",\"position\":2,\"name\":\"Instrumentos\",\"item\":\"https:\\\/\\\/auna.com.br\\\/auna\\\/loja\\\/\"},{\"@type\":\"ListItem\",\"position\":3,\"name\":\"Desempenos de Granito Preto\"}]},{\"@type\":\"WebSite\",\"@id\":\"https:\\\/\\\/auna.com.br\\\/auna\\\/#website\",\"url\":\"https:\\\/\\\/auna.com.br\\\/auna\\\/\",\"name\":\"AUNA Metrologia e Instrumenta\u00e7\u00e3o - Instrumentos de Medi\u00e7\u00e3o, Sensores para Monitoramento e Software para Calibra\u00e7\u00e3o, Ensaio e Inspe\u00e7\u00e3o\",\"description\":\"comercial@auna.com.br || +55 15 9 8129-4041\",\"publisher\":{\"@id\":\"https:\\\/\\\/auna.com.br\\\/auna\\\/#organization\"},\"potentialAction\":[{\"@type\":\"SearchAction\",\"target\":{\"@type\":\"EntryPoint\",\"urlTemplate\":\"https:\\\/\\\/auna.com.br\\\/auna\\\/?s={search_term_string}\"},\"query-input\":{\"@type\":\"PropertyValueSpecification\",\"valueRequired\":true,\"valueName\":\"search_term_string\"}}],\"inLanguage\":\"pt-BR\"},{\"@type\":\"Organization\",\"@id\":\"https:\\\/\\\/auna.com.br\\\/auna\\\/#organization\",\"name\":\"AUNA Metrologia e Instrumenta\u00e7\u00e3o - Instrumentos de Medi\u00e7\u00e3o, Sensores para Monitoramento e Software para Calibra\u00e7\u00e3o, Ensaio e Inspe\u00e7\u00e3o\",\"url\":\"https:\\\/\\\/auna.com.br\\\/auna\\\/\",\"logo\":{\"@type\":\"ImageObject\",\"inLanguage\":\"pt-BR\",\"@id\":\"https:\\\/\\\/auna.com.br\\\/auna\\\/#\\\/schema\\\/logo\\\/image\\\/\",\"url\":\"https:\\\/\\\/auna.com.br\\\/auna\\\/wp-content\\\/uploads\\\/2023\\\/03\\\/cropped-AUNA_Logo_Transparente.png\",\"contentUrl\":\"https:\\\/\\\/auna.com.br\\\/auna\\\/wp-content\\\/uploads\\\/2023\\\/03\\\/cropped-AUNA_Logo_Transparente.png\",\"width\":960,\"height\":430,\"caption\":\"AUNA Metrologia e Instrumenta\u00e7\u00e3o - Instrumentos de Medi\u00e7\u00e3o, Sensores para Monitoramento e Software para Calibra\u00e7\u00e3o, Ensaio e Inspe\u00e7\u00e3o\"},\"image\":{\"@id\":\"https:\\\/\\\/auna.com.br\\\/auna\\\/#\\\/schema\\\/logo\\\/image\\\/\"}}]}<\/script>\n<!-- \/ Yoast SEO plugin. -->","yoast_head_json":{"title":"Desempenos de Granito Preto - AUNA Metrologia e Instrumenta\u00e7\u00e3o - Instrumentos de Medi\u00e7\u00e3o, Sensores para Monitoramento e Software para Calibra\u00e7\u00e3o, Ensaio e Inspe\u00e7\u00e3o","robots":{"index":"index","follow":"follow","max-snippet":"max-snippet:-1","max-image-preview":"max-image-preview:large","max-video-preview":"max-video-preview:-1"},"canonical":"https:\/\/auna.com.br\/auna\/produto\/desempenos-de-granito-preto\/","og_locale":"pt_BR","og_type":"article","og_title":"Desempenos de Granito Preto - AUNA Metrologia e Instrumenta\u00e7\u00e3o - Instrumentos de Medi\u00e7\u00e3o, Sensores para Monitoramento e Software para Calibra\u00e7\u00e3o, Ensaio e Inspe\u00e7\u00e3o","og_description":"Caracter\u00edsticas Fabricados de acordo com DIN 876\/0. Exatid\u00e3o: (4+L\/250)\u03bcm (L = comprimento) Dimens\u00f5es Exatid\u00e3o N\u00ba Cat\u00e1logo 400 x 250 x 100mm 5,6\u00b5m 3040-25.0 400 x 400 x 100mm 3040-40.0 630 x 400 x 120mm 6,5\u00b5m 3063-40.0 630 x 630 x 120mm 3063-63.0 1000 x 630 x 160mm 8\u00b5m 3100-63.0 1000 x 1000 x 160mm 3100-100.0 [&hellip;]","og_url":"https:\/\/auna.com.br\/auna\/produto\/desempenos-de-granito-preto\/","og_site_name":"AUNA Metrologia e Instrumenta\u00e7\u00e3o - Instrumentos de Medi\u00e7\u00e3o, Sensores para Monitoramento e Software para Calibra\u00e7\u00e3o, Ensaio e Inspe\u00e7\u00e3o","article_modified_time":"2022-04-23T07:23:45+00:00","og_image":[{"width":320,"height":179,"url":"https:\/\/auna.com.br\/auna\/wp-content\/uploads\/2019\/05\/Desempenos-de-Granito-Preto_ImgProd607.jpg","type":"image\/jpeg"}],"twitter_card":"summary_large_image","schema":{"@context":"https:\/\/schema.org","@graph":[{"@type":"WebPage","@id":"https:\/\/auna.com.br\/auna\/produto\/desempenos-de-granito-preto\/","url":"https:\/\/auna.com.br\/auna\/produto\/desempenos-de-granito-preto\/","name":"Desempenos de Granito Preto - AUNA Metrologia e Instrumenta\u00e7\u00e3o - Instrumentos de Medi\u00e7\u00e3o, Sensores para Monitoramento e Software para Calibra\u00e7\u00e3o, Ensaio e Inspe\u00e7\u00e3o","isPartOf":{"@id":"https:\/\/auna.com.br\/auna\/#website"},"primaryImageOfPage":{"@id":"https:\/\/auna.com.br\/auna\/produto\/desempenos-de-granito-preto\/#primaryimage"},"image":{"@id":"https:\/\/auna.com.br\/auna\/produto\/desempenos-de-granito-preto\/#primaryimage"},"thumbnailUrl":"https:\/\/auna.com.br\/auna\/wp-content\/uploads\/2019\/05\/Desempenos-de-Granito-Preto_ImgProd607.jpg","datePublished":"2019-05-29T09:29:23+00:00","dateModified":"2022-04-23T07:23:45+00:00","breadcrumb":{"@id":"https:\/\/auna.com.br\/auna\/produto\/desempenos-de-granito-preto\/#breadcrumb"},"inLanguage":"pt-BR","potentialAction":[{"@type":"ReadAction","target":["https:\/\/auna.com.br\/auna\/produto\/desempenos-de-granito-preto\/"]}]},{"@type":"ImageObject","inLanguage":"pt-BR","@id":"https:\/\/auna.com.br\/auna\/produto\/desempenos-de-granito-preto\/#primaryimage","url":"https:\/\/auna.com.br\/auna\/wp-content\/uploads\/2019\/05\/Desempenos-de-Granito-Preto_ImgProd607.jpg","contentUrl":"https:\/\/auna.com.br\/auna\/wp-content\/uploads\/2019\/05\/Desempenos-de-Granito-Preto_ImgProd607.jpg","width":320,"height":179},{"@type":"BreadcrumbList","@id":"https:\/\/auna.com.br\/auna\/produto\/desempenos-de-granito-preto\/#breadcrumb","itemListElement":[{"@type":"ListItem","position":1,"name":"In\u00edcio","item":"https:\/\/auna.com.br\/auna\/"},{"@type":"ListItem","position":2,"name":"Instrumentos","item":"https:\/\/auna.com.br\/auna\/loja\/"},{"@type":"ListItem","position":3,"name":"Desempenos de Granito Preto"}]},{"@type":"WebSite","@id":"https:\/\/auna.com.br\/auna\/#website","url":"https:\/\/auna.com.br\/auna\/","name":"AUNA Metrologia e Instrumenta\u00e7\u00e3o - Instrumentos de Medi\u00e7\u00e3o, Sensores para Monitoramento e Software para Calibra\u00e7\u00e3o, Ensaio e Inspe\u00e7\u00e3o","description":"comercial@auna.com.br || +55 15 9 8129-4041","publisher":{"@id":"https:\/\/auna.com.br\/auna\/#organization"},"potentialAction":[{"@type":"SearchAction","target":{"@type":"EntryPoint","urlTemplate":"https:\/\/auna.com.br\/auna\/?s={search_term_string}"},"query-input":{"@type":"PropertyValueSpecification","valueRequired":true,"valueName":"search_term_string"}}],"inLanguage":"pt-BR"},{"@type":"Organization","@id":"https:\/\/auna.com.br\/auna\/#organization","name":"AUNA Metrologia e Instrumenta\u00e7\u00e3o - Instrumentos de Medi\u00e7\u00e3o, Sensores para Monitoramento e Software para Calibra\u00e7\u00e3o, Ensaio e Inspe\u00e7\u00e3o","url":"https:\/\/auna.com.br\/auna\/","logo":{"@type":"ImageObject","inLanguage":"pt-BR","@id":"https:\/\/auna.com.br\/auna\/#\/schema\/logo\/image\/","url":"https:\/\/auna.com.br\/auna\/wp-content\/uploads\/2023\/03\/cropped-AUNA_Logo_Transparente.png","contentUrl":"https:\/\/auna.com.br\/auna\/wp-content\/uploads\/2023\/03\/cropped-AUNA_Logo_Transparente.png","width":960,"height":430,"caption":"AUNA Metrologia e Instrumenta\u00e7\u00e3o - Instrumentos de Medi\u00e7\u00e3o, Sensores para Monitoramento e Software para Calibra\u00e7\u00e3o, Ensaio e Inspe\u00e7\u00e3o"},"image":{"@id":"https:\/\/auna.com.br\/auna\/#\/schema\/logo\/image\/"}}]}},"_links":{"self":[{"href":"https:\/\/auna.com.br\/auna\/wp-json\/wp\/v2\/product\/296","targetHints":{"allow":["GET"]}}],"collection":[{"href":"https:\/\/auna.com.br\/auna\/wp-json\/wp\/v2\/product"}],"about":[{"href":"https:\/\/auna.com.br\/auna\/wp-json\/wp\/v2\/types\/product"}],"replies":[{"embeddable":true,"href":"https:\/\/auna.com.br\/auna\/wp-json\/wp\/v2\/comments?post=296"}],"wp:featuredmedia":[{"embeddable":true,"href":"https:\/\/auna.com.br\/auna\/wp-json\/wp\/v2\/media\/297"}],"wp:attachment":[{"href":"https:\/\/auna.com.br\/auna\/wp-json\/wp\/v2\/media?parent=296"}],"wp:term":[{"taxonomy":"product_brand","embeddable":true,"href":"https:\/\/auna.com.br\/auna\/wp-json\/wp\/v2\/product_brand?post=296"},{"taxonomy":"product_cat","embeddable":true,"href":"https:\/\/auna.com.br\/auna\/wp-json\/wp\/v2\/product_cat?post=296"},{"taxonomy":"product_tag","embeddable":true,"href":"https:\/\/auna.com.br\/auna\/wp-json\/wp\/v2\/product_tag?post=296"},{"taxonomy":"wpstream_actors","embeddable":true,"href":"https:\/\/auna.com.br\/auna\/wp-json\/wp\/v2\/wpstream_actors?post=296"},{"taxonomy":"wpstream_category","embeddable":true,"href":"https:\/\/auna.com.br\/auna\/wp-json\/wp\/v2\/wpstream_category?post=296"},{"taxonomy":"wpstream_movie_rating","embeddable":true,"href":"https:\/\/auna.com.br\/auna\/wp-json\/wp\/v2\/wpstream_movie_rating?post=296"}],"curies":[{"name":"wp","href":"https:\/\/api.w.org\/{rel}","templated":true}]}}