{"id":3135,"date":"2019-09-03T11:55:22","date_gmt":"2019-09-03T11:55:22","guid":{"rendered":"https:\/\/www.aunarepresentacoes.com.br\/?post_type=product&#038;p=3135"},"modified":"2025-12-20T10:08:52","modified_gmt":"2025-12-20T13:08:52","slug":"additel-761a","status":"publish","type":"product","link":"https:\/\/auna.com.br\/auna\/produto\/additel-761a\/","title":{"rendered":"Additel 761A"},"content":{"rendered":"<p style=\"font-weight: 400;\">Com o novo ADT761A, continuamos a ampliar os limites dos recursos de calibra\u00e7\u00e3o e atingimos outro ponto de partida com nosso mais novo calibrador de press\u00e3o autom\u00e1tico port\u00e1til. \u00c9 fornecido com mais recursos e fun\u00e7\u00f5es incr\u00edveis que voc\u00ea e seus clientes v\u00e3o adorar!<\/p>\n<p style=\"font-weight: 400;\">O ADT761A tem muitas melhorias em compara\u00e7\u00e3o com o ADT761 original: maior faixa de press\u00e3o, m\u00f3dulos de press\u00e3o internos\u00a0<strong>remov\u00edveis<\/strong>, m\u00f3dulos com precis\u00e3o opcional para 0,01% FS, maior velocidade para gera\u00e7\u00e3o da press\u00e3o, capacidade de ler dois m\u00f3dulos de press\u00e3o externos simultaneamente al\u00e9m dos dois internos, touch screen (tela sens\u00edvel ao toque), Interfaces USB e Ethernet, tempo de uso de bateria foi duplicado e muito mais! Assim como a primeira gera\u00e7\u00e3o, este calibrador\/controlador\/gerador \u00e9 totalmente aut\u00f4nomo e automatizado atrav\u00e9s de uma bomba integrada para gera\u00e7\u00e3o de press\u00e3o e v\u00e1cuo com tecnologia de controle de precis\u00e3o. Simplesmente defina a press\u00e3o desejada e observe o calibrador fazer o trabalho.<\/p>\n<p style=\"font-weight: 400;\">Caracter\u00edsticas t\u00e9cnicas.<\/p>\n<ul>\n<li style=\"font-weight: 400;\">Gera\u00e7\u00e3o de press\u00e3o automatizada e independente e controle. <strong>AGORA AT\u00c9 1000 psi (70 bar);<\/strong><\/li>\n<li style=\"font-weight: 400;\">Exatid\u00e3o standard de 0,02% FE;<\/li>\n<li style=\"font-weight: 400;\">M\u00f3dulos de press\u00e3o opcionais com exatid\u00e3o de 0,01% FS;<\/li>\n<li style=\"font-weight: 400;\">Dois m\u00f3dulos de press\u00e3o internos remov\u00edveis para sele\u00e7\u00e3o de m\u00faltiplos intervalos;<\/li>\n<li style=\"font-weight: 400;\">Controle a estabilidade de 0,003% FE;<\/li>\n<li style=\"font-weight: 400;\">Port\u00e1til, projetado para uso no campo e no laborat\u00f3rio;<\/li>\n<li style=\"font-weight: 400;\">Capacidade de medir dois m\u00f3dulos de press\u00e3o externos;<\/li>\n<li style=\"font-weight: 400;\">Comunica\u00e7\u00e3o USB e Ethernet;<\/li>\n<li style=\"font-weight: 400;\">Comunica\u00e7\u00e3o HART e profibus;<\/li>\n<li style=\"font-weight: 400;\">Registro de dados e gerenciamento de tarefas;<\/li>\n<li style=\"font-weight: 400;\">Tecnologia de bomba el\u00e9trica patenteada com maior velocidade.<\/li>\n<\/ul>\n","protected":false},"excerpt":{"rendered":"<p>Calibrador multifun\u00e7\u00e3o para calibra\u00e7\u00e3o, man\u00f4metro, vacu\u00f4metro, manovacu\u00f4metro e transmissores de press\u00e3o que possibilita aumentar sua produtividade entre 50% e 80%.<\/p>\n","protected":false},"featured_media":3137,"comment_status":"closed","ping_status":"closed","template":"","meta":[],"product_brand":[],"product_cat":[64],"product_tag":[],"wpstream_actors":[],"wpstream_category":[],"wpstream_movie_rating":[],"class_list":{"0":"post-3135","1":"product","2":"type-product","3":"status-publish","4":"has-post-thumbnail","6":"product_cat-calibrador-de-pressao-automatico","8":"first","9":"onbackorder","10":"taxable","11":"shipping-taxable","12":"product-type-simple","13":"czr-hentry"},"yoast_head":"<!-- This site is optimized with the Yoast SEO plugin v27.5 - https:\/\/yoast.com\/product\/yoast-seo-wordpress\/ -->\n<title>Additel 761A - AUNA Metrologia e Instrumenta\u00e7\u00e3o - Instrumentos de Medi\u00e7\u00e3o, Sensores para Monitoramento e Software para Calibra\u00e7\u00e3o, Ensaio e Inspe\u00e7\u00e3o<\/title>\n<meta name=\"description\" content=\"Calibrador multifun\u00e7\u00e3o para calibra\u00e7\u00e3o, man\u00f4metro, vacu\u00f4metro, manovacu\u00f4metro e transmissores de press\u00e3o. Aumente sua produtividade.\" \/>\n<meta name=\"robots\" content=\"index, follow, max-snippet:-1, max-image-preview:large, max-video-preview:-1\" \/>\n<link rel=\"canonical\" href=\"https:\/\/auna.com.br\/auna\/produto\/additel-761a\/\" \/>\n<meta property=\"og:locale\" content=\"pt_BR\" \/>\n<meta property=\"og:type\" content=\"article\" \/>\n<meta property=\"og:title\" content=\"Additel 761A - AUNA Metrologia e Instrumenta\u00e7\u00e3o - Instrumentos de Medi\u00e7\u00e3o, Sensores para Monitoramento e Software para Calibra\u00e7\u00e3o, Ensaio e Inspe\u00e7\u00e3o\" \/>\n<meta property=\"og:description\" content=\"Calibrador multifun\u00e7\u00e3o para calibra\u00e7\u00e3o, man\u00f4metro, vacu\u00f4metro, manovacu\u00f4metro e transmissores de press\u00e3o. Aumente sua produtividade.\" \/>\n<meta property=\"og:url\" content=\"https:\/\/auna.com.br\/auna\/produto\/additel-761a\/\" \/>\n<meta property=\"og:site_name\" content=\"AUNA Metrologia e Instrumenta\u00e7\u00e3o - Instrumentos de Medi\u00e7\u00e3o, Sensores para Monitoramento e Software para Calibra\u00e7\u00e3o, Ensaio e Inspe\u00e7\u00e3o\" \/>\n<meta property=\"article:modified_time\" content=\"2025-12-20T13:08:52+00:00\" \/>\n<meta property=\"og:image\" content=\"https:\/\/auna.com.br\/auna\/wp-content\/uploads\/2019\/09\/Additel761A.jpg\" \/>\n\t<meta property=\"og:image:width\" content=\"416\" \/>\n\t<meta property=\"og:image:height\" content=\"364\" \/>\n\t<meta property=\"og:image:type\" content=\"image\/jpeg\" \/>\n<meta name=\"twitter:card\" content=\"summary_large_image\" \/>\n<meta name=\"twitter:label1\" content=\"Est. tempo de leitura\" \/>\n\t<meta name=\"twitter:data1\" content=\"2 minutos\" \/>\n<script type=\"application\/ld+json\" class=\"yoast-schema-graph\">{\"@context\":\"https:\\\/\\\/schema.org\",\"@graph\":[{\"@type\":\"WebPage\",\"@id\":\"https:\\\/\\\/auna.com.br\\\/auna\\\/produto\\\/additel-761a\\\/\",\"url\":\"https:\\\/\\\/auna.com.br\\\/auna\\\/produto\\\/additel-761a\\\/\",\"name\":\"Additel 761A - AUNA Metrologia e Instrumenta\u00e7\u00e3o - Instrumentos de Medi\u00e7\u00e3o, Sensores para Monitoramento e Software para Calibra\u00e7\u00e3o, Ensaio e Inspe\u00e7\u00e3o\",\"isPartOf\":{\"@id\":\"https:\\\/\\\/auna.com.br\\\/auna\\\/#website\"},\"primaryImageOfPage\":{\"@id\":\"https:\\\/\\\/auna.com.br\\\/auna\\\/produto\\\/additel-761a\\\/#primaryimage\"},\"image\":{\"@id\":\"https:\\\/\\\/auna.com.br\\\/auna\\\/produto\\\/additel-761a\\\/#primaryimage\"},\"thumbnailUrl\":\"https:\\\/\\\/auna.com.br\\\/auna\\\/wp-content\\\/uploads\\\/2019\\\/09\\\/Additel761A.jpg\",\"datePublished\":\"2019-09-03T11:55:22+00:00\",\"dateModified\":\"2025-12-20T13:08:52+00:00\",\"description\":\"Calibrador multifun\u00e7\u00e3o para calibra\u00e7\u00e3o, man\u00f4metro, vacu\u00f4metro, manovacu\u00f4metro e transmissores de press\u00e3o. Aumente sua produtividade.\",\"breadcrumb\":{\"@id\":\"https:\\\/\\\/auna.com.br\\\/auna\\\/produto\\\/additel-761a\\\/#breadcrumb\"},\"inLanguage\":\"pt-BR\",\"potentialAction\":[{\"@type\":\"ReadAction\",\"target\":[\"https:\\\/\\\/auna.com.br\\\/auna\\\/produto\\\/additel-761a\\\/\"]}]},{\"@type\":\"ImageObject\",\"inLanguage\":\"pt-BR\",\"@id\":\"https:\\\/\\\/auna.com.br\\\/auna\\\/produto\\\/additel-761a\\\/#primaryimage\",\"url\":\"https:\\\/\\\/auna.com.br\\\/auna\\\/wp-content\\\/uploads\\\/2019\\\/09\\\/Additel761A.jpg\",\"contentUrl\":\"https:\\\/\\\/auna.com.br\\\/auna\\\/wp-content\\\/uploads\\\/2019\\\/09\\\/Additel761A.jpg\",\"width\":416,\"height\":364},{\"@type\":\"BreadcrumbList\",\"@id\":\"https:\\\/\\\/auna.com.br\\\/auna\\\/produto\\\/additel-761a\\\/#breadcrumb\",\"itemListElement\":[{\"@type\":\"ListItem\",\"position\":1,\"name\":\"In\u00edcio\",\"item\":\"https:\\\/\\\/auna.com.br\\\/auna\\\/\"},{\"@type\":\"ListItem\",\"position\":2,\"name\":\"Instrumentos\",\"item\":\"https:\\\/\\\/auna.com.br\\\/auna\\\/loja\\\/\"},{\"@type\":\"ListItem\",\"position\":3,\"name\":\"Additel 761A\"}]},{\"@type\":\"WebSite\",\"@id\":\"https:\\\/\\\/auna.com.br\\\/auna\\\/#website\",\"url\":\"https:\\\/\\\/auna.com.br\\\/auna\\\/\",\"name\":\"AUNA Metrologia e Instrumenta\u00e7\u00e3o - Instrumentos de Medi\u00e7\u00e3o, Sensores para Monitoramento e Software para Calibra\u00e7\u00e3o, Ensaio e Inspe\u00e7\u00e3o\",\"description\":\"comercial@auna.com.br || +55 15 9 8129-4041\",\"publisher\":{\"@id\":\"https:\\\/\\\/auna.com.br\\\/auna\\\/#organization\"},\"potentialAction\":[{\"@type\":\"SearchAction\",\"target\":{\"@type\":\"EntryPoint\",\"urlTemplate\":\"https:\\\/\\\/auna.com.br\\\/auna\\\/?s={search_term_string}\"},\"query-input\":{\"@type\":\"PropertyValueSpecification\",\"valueRequired\":true,\"valueName\":\"search_term_string\"}}],\"inLanguage\":\"pt-BR\"},{\"@type\":\"Organization\",\"@id\":\"https:\\\/\\\/auna.com.br\\\/auna\\\/#organization\",\"name\":\"AUNA Metrologia e Instrumenta\u00e7\u00e3o - Instrumentos de Medi\u00e7\u00e3o, Sensores para Monitoramento e Software para Calibra\u00e7\u00e3o, Ensaio e Inspe\u00e7\u00e3o\",\"url\":\"https:\\\/\\\/auna.com.br\\\/auna\\\/\",\"logo\":{\"@type\":\"ImageObject\",\"inLanguage\":\"pt-BR\",\"@id\":\"https:\\\/\\\/auna.com.br\\\/auna\\\/#\\\/schema\\\/logo\\\/image\\\/\",\"url\":\"https:\\\/\\\/auna.com.br\\\/auna\\\/wp-content\\\/uploads\\\/2023\\\/03\\\/cropped-AUNA_Logo_Transparente.png\",\"contentUrl\":\"https:\\\/\\\/auna.com.br\\\/auna\\\/wp-content\\\/uploads\\\/2023\\\/03\\\/cropped-AUNA_Logo_Transparente.png\",\"width\":960,\"height\":430,\"caption\":\"AUNA Metrologia e Instrumenta\u00e7\u00e3o - Instrumentos de Medi\u00e7\u00e3o, Sensores para Monitoramento e Software para Calibra\u00e7\u00e3o, Ensaio e Inspe\u00e7\u00e3o\"},\"image\":{\"@id\":\"https:\\\/\\\/auna.com.br\\\/auna\\\/#\\\/schema\\\/logo\\\/image\\\/\"}}]}<\/script>\n<!-- \/ Yoast SEO plugin. -->","yoast_head_json":{"title":"Additel 761A - AUNA Metrologia e Instrumenta\u00e7\u00e3o - Instrumentos de Medi\u00e7\u00e3o, Sensores para Monitoramento e Software para Calibra\u00e7\u00e3o, Ensaio e Inspe\u00e7\u00e3o","description":"Calibrador multifun\u00e7\u00e3o para calibra\u00e7\u00e3o, man\u00f4metro, vacu\u00f4metro, manovacu\u00f4metro e transmissores de press\u00e3o. Aumente sua produtividade.","robots":{"index":"index","follow":"follow","max-snippet":"max-snippet:-1","max-image-preview":"max-image-preview:large","max-video-preview":"max-video-preview:-1"},"canonical":"https:\/\/auna.com.br\/auna\/produto\/additel-761a\/","og_locale":"pt_BR","og_type":"article","og_title":"Additel 761A - AUNA Metrologia e Instrumenta\u00e7\u00e3o - Instrumentos de Medi\u00e7\u00e3o, Sensores para Monitoramento e Software para Calibra\u00e7\u00e3o, Ensaio e Inspe\u00e7\u00e3o","og_description":"Calibrador multifun\u00e7\u00e3o para calibra\u00e7\u00e3o, man\u00f4metro, vacu\u00f4metro, manovacu\u00f4metro e transmissores de press\u00e3o. Aumente sua produtividade.","og_url":"https:\/\/auna.com.br\/auna\/produto\/additel-761a\/","og_site_name":"AUNA Metrologia e Instrumenta\u00e7\u00e3o - Instrumentos de Medi\u00e7\u00e3o, Sensores para Monitoramento e Software para Calibra\u00e7\u00e3o, Ensaio e Inspe\u00e7\u00e3o","article_modified_time":"2025-12-20T13:08:52+00:00","og_image":[{"width":416,"height":364,"url":"https:\/\/auna.com.br\/auna\/wp-content\/uploads\/2019\/09\/Additel761A.jpg","type":"image\/jpeg"}],"twitter_card":"summary_large_image","twitter_misc":{"Est. tempo de leitura":"2 minutos"},"schema":{"@context":"https:\/\/schema.org","@graph":[{"@type":"WebPage","@id":"https:\/\/auna.com.br\/auna\/produto\/additel-761a\/","url":"https:\/\/auna.com.br\/auna\/produto\/additel-761a\/","name":"Additel 761A - AUNA Metrologia e Instrumenta\u00e7\u00e3o - Instrumentos de Medi\u00e7\u00e3o, Sensores para Monitoramento e Software para Calibra\u00e7\u00e3o, Ensaio e Inspe\u00e7\u00e3o","isPartOf":{"@id":"https:\/\/auna.com.br\/auna\/#website"},"primaryImageOfPage":{"@id":"https:\/\/auna.com.br\/auna\/produto\/additel-761a\/#primaryimage"},"image":{"@id":"https:\/\/auna.com.br\/auna\/produto\/additel-761a\/#primaryimage"},"thumbnailUrl":"https:\/\/auna.com.br\/auna\/wp-content\/uploads\/2019\/09\/Additel761A.jpg","datePublished":"2019-09-03T11:55:22+00:00","dateModified":"2025-12-20T13:08:52+00:00","description":"Calibrador multifun\u00e7\u00e3o para calibra\u00e7\u00e3o, man\u00f4metro, vacu\u00f4metro, manovacu\u00f4metro e transmissores de press\u00e3o. Aumente sua produtividade.","breadcrumb":{"@id":"https:\/\/auna.com.br\/auna\/produto\/additel-761a\/#breadcrumb"},"inLanguage":"pt-BR","potentialAction":[{"@type":"ReadAction","target":["https:\/\/auna.com.br\/auna\/produto\/additel-761a\/"]}]},{"@type":"ImageObject","inLanguage":"pt-BR","@id":"https:\/\/auna.com.br\/auna\/produto\/additel-761a\/#primaryimage","url":"https:\/\/auna.com.br\/auna\/wp-content\/uploads\/2019\/09\/Additel761A.jpg","contentUrl":"https:\/\/auna.com.br\/auna\/wp-content\/uploads\/2019\/09\/Additel761A.jpg","width":416,"height":364},{"@type":"BreadcrumbList","@id":"https:\/\/auna.com.br\/auna\/produto\/additel-761a\/#breadcrumb","itemListElement":[{"@type":"ListItem","position":1,"name":"In\u00edcio","item":"https:\/\/auna.com.br\/auna\/"},{"@type":"ListItem","position":2,"name":"Instrumentos","item":"https:\/\/auna.com.br\/auna\/loja\/"},{"@type":"ListItem","position":3,"name":"Additel 761A"}]},{"@type":"WebSite","@id":"https:\/\/auna.com.br\/auna\/#website","url":"https:\/\/auna.com.br\/auna\/","name":"AUNA Metrologia e Instrumenta\u00e7\u00e3o - Instrumentos de Medi\u00e7\u00e3o, Sensores para Monitoramento e Software para Calibra\u00e7\u00e3o, Ensaio e Inspe\u00e7\u00e3o","description":"comercial@auna.com.br || +55 15 9 8129-4041","publisher":{"@id":"https:\/\/auna.com.br\/auna\/#organization"},"potentialAction":[{"@type":"SearchAction","target":{"@type":"EntryPoint","urlTemplate":"https:\/\/auna.com.br\/auna\/?s={search_term_string}"},"query-input":{"@type":"PropertyValueSpecification","valueRequired":true,"valueName":"search_term_string"}}],"inLanguage":"pt-BR"},{"@type":"Organization","@id":"https:\/\/auna.com.br\/auna\/#organization","name":"AUNA Metrologia e Instrumenta\u00e7\u00e3o - Instrumentos de Medi\u00e7\u00e3o, Sensores para Monitoramento e Software para Calibra\u00e7\u00e3o, Ensaio e Inspe\u00e7\u00e3o","url":"https:\/\/auna.com.br\/auna\/","logo":{"@type":"ImageObject","inLanguage":"pt-BR","@id":"https:\/\/auna.com.br\/auna\/#\/schema\/logo\/image\/","url":"https:\/\/auna.com.br\/auna\/wp-content\/uploads\/2023\/03\/cropped-AUNA_Logo_Transparente.png","contentUrl":"https:\/\/auna.com.br\/auna\/wp-content\/uploads\/2023\/03\/cropped-AUNA_Logo_Transparente.png","width":960,"height":430,"caption":"AUNA Metrologia e Instrumenta\u00e7\u00e3o - Instrumentos de Medi\u00e7\u00e3o, Sensores para Monitoramento e Software para Calibra\u00e7\u00e3o, Ensaio e Inspe\u00e7\u00e3o"},"image":{"@id":"https:\/\/auna.com.br\/auna\/#\/schema\/logo\/image\/"}}]}},"_links":{"self":[{"href":"https:\/\/auna.com.br\/auna\/wp-json\/wp\/v2\/product\/3135","targetHints":{"allow":["GET"]}}],"collection":[{"href":"https:\/\/auna.com.br\/auna\/wp-json\/wp\/v2\/product"}],"about":[{"href":"https:\/\/auna.com.br\/auna\/wp-json\/wp\/v2\/types\/product"}],"replies":[{"embeddable":true,"href":"https:\/\/auna.com.br\/auna\/wp-json\/wp\/v2\/comments?post=3135"}],"wp:featuredmedia":[{"embeddable":true,"href":"https:\/\/auna.com.br\/auna\/wp-json\/wp\/v2\/media\/3137"}],"wp:attachment":[{"href":"https:\/\/auna.com.br\/auna\/wp-json\/wp\/v2\/media?parent=3135"}],"wp:term":[{"taxonomy":"product_brand","embeddable":true,"href":"https:\/\/auna.com.br\/auna\/wp-json\/wp\/v2\/product_brand?post=3135"},{"taxonomy":"product_cat","embeddable":true,"href":"https:\/\/auna.com.br\/auna\/wp-json\/wp\/v2\/product_cat?post=3135"},{"taxonomy":"product_tag","embeddable":true,"href":"https:\/\/auna.com.br\/auna\/wp-json\/wp\/v2\/product_tag?post=3135"},{"taxonomy":"wpstream_actors","embeddable":true,"href":"https:\/\/auna.com.br\/auna\/wp-json\/wp\/v2\/wpstream_actors?post=3135"},{"taxonomy":"wpstream_category","embeddable":true,"href":"https:\/\/auna.com.br\/auna\/wp-json\/wp\/v2\/wpstream_category?post=3135"},{"taxonomy":"wpstream_movie_rating","embeddable":true,"href":"https:\/\/auna.com.br\/auna\/wp-json\/wp\/v2\/wpstream_movie_rating?post=3135"}],"curies":[{"name":"wp","href":"https:\/\/api.w.org\/{rel}","templated":true}]}}