{"id":4024,"date":"2019-10-29T23:08:37","date_gmt":"2019-10-29T23:08:37","guid":{"rendered":"https:\/\/www.aunarepresentacoes.com.br\/?post_type=product&#038;p=4024"},"modified":"2022-04-20T14:33:32","modified_gmt":"2022-04-20T17:33:32","slug":"fonte-de-tensao-eletrica-ftl-para-fixacao-em-painel","status":"publish","type":"product","link":"https:\/\/auna.com.br\/auna\/produto\/fonte-de-tensao-eletrica-ftl-para-fixacao-em-painel\/","title":{"rendered":"Fonte de Tens\u00e3o El\u00e9trica FTL &#8211; Para fixa\u00e7\u00e3o em painel"},"content":{"rendered":"<p><span style=\"color: #525252;\">Fonte linear de tens\u00e3o, com duas sa\u00eddas independentes de 24 Vdc cada, n\u00e3o-reguladas, isoladas eletricamente e destinada \u00e0 alimenta\u00e7\u00e3o de equipamentos el\u00e9tricos industriais.<\/span><\/p>\n<p><span style=\"color: #525252;\">Pr\u00f3pria para ser instalada em pain\u00e9is ou quadros el\u00e9tricos. No local deve-se evitar vibra\u00e7\u00f5es, umidade e temperatura excessivas e interfer\u00eancias eletromagn\u00e9ticas.<\/span><\/p>\n<ul>\n<li><span style=\"color: #686868;\">Tens\u00e3o de entrada (INPUT):\u00a0\u00a0127 e 220\u00a0\u00a0Vac \/ 50~60 Hz;<\/span><\/li>\n<li><span style=\"color: #686868;\">Tens\u00e3o nominal de sa\u00edda (Vout1=Vout2):\u00a0\u00a02 x 24\u00a0\u00a0Vdc n\u00e3o regulada. A tens\u00e3o de sa\u00edda pode variar entre 21 e 27 Vdc de acordo com as condi\u00e7\u00f5es de carga e tens\u00e3o de entrada;<\/span><\/li>\n<li><span style=\"color: #686868;\">Corrente m\u00e1xima em cada sa\u00edda:\u00a0\u00a050 mA;<\/span><\/li>\n<li><span style=\"color: #686868;\">Pot\u00eancia total m\u00e1xima:\u00a0\u00a03 W;<\/span><\/li>\n<li><span style=\"color: #686868;\">Tens\u00e3o de Isolamento entre Entrada\/Sa\u00edda:\u00a0\u00a0600 V;<\/span><\/li>\n<li><span style=\"color: #686868;\">Grau de Prote\u00e7\u00e3o:\u00a0\u00a0IP40;<\/span><\/li>\n<li><span style=\"color: #686868;\">Temperatura de Opera\u00e7\u00e3o:\u00a0\u00a05 \u00b0C a 50 \u00b0C;<\/span><\/li>\n<li><span style=\"color: #686868;\">Umidade Ambiente:\u00a0\u00a030% a 80% UR;<\/span><\/li>\n<li><span style=\"color: #686868;\">\u00a0Modo de Fixa\u00e7\u00e3o:\u00a0\u00a0Trilhos TS32 e Ts35;<\/span><\/li>\n<li><span style=\"color: #686868;\">Torque recomendado no terminais:\u00a0\u00a00,8 Nm;<\/span><\/li>\n<li><span style=\"color: #686868;\">Terminais pr\u00f3prios para fios de 0,14 mm\u00b2 a 1,5 mm\u00b2;<\/span><\/li>\n<li><span style=\"color: #686868;\">Inv\u00falocro dos Terminais em poliamida;<\/span><\/li>\n<li><span style=\"color: #686868;\">Fixa\u00e7\u00e3o por parafusos.<\/span><\/li>\n<\/ul>\n","protected":false},"excerpt":{"rendered":"<p>Fonte linear de tens\u00e3o, com duas sa\u00eddas independentes de 24 Vdc cada, n\u00e3o-reguladas, isoladas eletricamente e destinada \u00e0 alimenta\u00e7\u00e3o de equipamentos el\u00e9tricos industriais. Pr\u00f3pria para ser instalada em pain\u00e9is ou quadros el\u00e9tricos. No local deve-se evitar vibra\u00e7\u00f5es, umidade e temperatura excessivas e interfer\u00eancias eletromagn\u00e9ticas. Tens\u00e3o de entrada (INPUT):\u00a0\u00a0127 e 220\u00a0\u00a0Vac \/ 50~60 Hz; Tens\u00e3o nominal [&hellip;]<\/p>\n","protected":false},"featured_media":4025,"comment_status":"closed","ping_status":"closed","template":"","meta":[],"product_brand":[],"product_cat":[99],"product_tag":[],"wpstream_actors":[],"wpstream_category":[],"wpstream_movie_rating":[],"class_list":{"0":"post-4024","1":"product","2":"type-product","3":"status-publish","4":"has-post-thumbnail","6":"product_cat-acessorios-2","8":"first","9":"onbackorder","10":"taxable","11":"shipping-taxable","12":"product-type-simple","13":"czr-hentry"},"yoast_head":"<!-- This site is optimized with the Yoast SEO plugin v27.5 - https:\/\/yoast.com\/product\/yoast-seo-wordpress\/ -->\n<title>Fonte de Tens\u00e3o El\u00e9trica FTL - Para fixa\u00e7\u00e3o em painel - AUNA Metrologia e Instrumenta\u00e7\u00e3o - Instrumentos de Medi\u00e7\u00e3o, Sensores para Monitoramento e Software para Calibra\u00e7\u00e3o, Ensaio e Inspe\u00e7\u00e3o<\/title>\n<meta name=\"description\" content=\"Fonte linear de tens\u00e3o, com duas sa\u00eddas independentes de 24 Vdc cada, n\u00e3o-reguladas, isoladas eletricamente e destinada \u00e0 alimenta\u00e7\u00e3o de equipamentos.\" \/>\n<meta name=\"robots\" content=\"index, follow, max-snippet:-1, max-image-preview:large, max-video-preview:-1\" \/>\n<link rel=\"canonical\" href=\"https:\/\/auna.com.br\/auna\/produto\/fonte-de-tensao-eletrica-ftl-para-fixacao-em-painel\/\" \/>\n<meta property=\"og:locale\" content=\"pt_BR\" \/>\n<meta property=\"og:type\" content=\"article\" \/>\n<meta property=\"og:title\" content=\"Fonte de Tens\u00e3o El\u00e9trica FTL - Para fixa\u00e7\u00e3o em painel - AUNA Metrologia e Instrumenta\u00e7\u00e3o - Instrumentos de Medi\u00e7\u00e3o, Sensores para Monitoramento e Software para Calibra\u00e7\u00e3o, Ensaio e Inspe\u00e7\u00e3o\" \/>\n<meta property=\"og:description\" content=\"Fonte linear de tens\u00e3o, com duas sa\u00eddas independentes de 24 Vdc cada, n\u00e3o-reguladas, isoladas eletricamente e destinada \u00e0 alimenta\u00e7\u00e3o de equipamentos.\" \/>\n<meta property=\"og:url\" content=\"https:\/\/auna.com.br\/auna\/produto\/fonte-de-tensao-eletrica-ftl-para-fixacao-em-painel\/\" \/>\n<meta property=\"og:site_name\" content=\"AUNA Metrologia e Instrumenta\u00e7\u00e3o - Instrumentos de Medi\u00e7\u00e3o, Sensores para Monitoramento e Software para Calibra\u00e7\u00e3o, Ensaio e Inspe\u00e7\u00e3o\" \/>\n<meta property=\"article:modified_time\" content=\"2022-04-20T17:33:32+00:00\" \/>\n<meta property=\"og:image\" content=\"https:\/\/auna.com.br\/auna\/wp-content\/uploads\/2019\/10\/t2-ftl60.jpg\" \/>\n\t<meta property=\"og:image:width\" content=\"400\" \/>\n\t<meta property=\"og:image:height\" content=\"400\" \/>\n\t<meta property=\"og:image:type\" content=\"image\/jpeg\" \/>\n<meta name=\"twitter:card\" content=\"summary_large_image\" \/>\n<meta name=\"twitter:label1\" content=\"Est. tempo de leitura\" \/>\n\t<meta name=\"twitter:data1\" content=\"1 minuto\" \/>\n<script type=\"application\/ld+json\" class=\"yoast-schema-graph\">{\"@context\":\"https:\\\/\\\/schema.org\",\"@graph\":[{\"@type\":\"WebPage\",\"@id\":\"https:\\\/\\\/auna.com.br\\\/auna\\\/produto\\\/fonte-de-tensao-eletrica-ftl-para-fixacao-em-painel\\\/\",\"url\":\"https:\\\/\\\/auna.com.br\\\/auna\\\/produto\\\/fonte-de-tensao-eletrica-ftl-para-fixacao-em-painel\\\/\",\"name\":\"Fonte de Tens\u00e3o El\u00e9trica FTL - Para fixa\u00e7\u00e3o em painel - AUNA Metrologia e Instrumenta\u00e7\u00e3o - Instrumentos de Medi\u00e7\u00e3o, Sensores para Monitoramento e Software para Calibra\u00e7\u00e3o, Ensaio e Inspe\u00e7\u00e3o\",\"isPartOf\":{\"@id\":\"https:\\\/\\\/auna.com.br\\\/auna\\\/#website\"},\"primaryImageOfPage\":{\"@id\":\"https:\\\/\\\/auna.com.br\\\/auna\\\/produto\\\/fonte-de-tensao-eletrica-ftl-para-fixacao-em-painel\\\/#primaryimage\"},\"image\":{\"@id\":\"https:\\\/\\\/auna.com.br\\\/auna\\\/produto\\\/fonte-de-tensao-eletrica-ftl-para-fixacao-em-painel\\\/#primaryimage\"},\"thumbnailUrl\":\"https:\\\/\\\/auna.com.br\\\/auna\\\/wp-content\\\/uploads\\\/2019\\\/10\\\/t2-ftl60.jpg\",\"datePublished\":\"2019-10-29T23:08:37+00:00\",\"dateModified\":\"2022-04-20T17:33:32+00:00\",\"description\":\"Fonte linear de tens\u00e3o, com duas sa\u00eddas independentes de 24 Vdc cada, n\u00e3o-reguladas, isoladas eletricamente e destinada \u00e0 alimenta\u00e7\u00e3o de equipamentos.\",\"breadcrumb\":{\"@id\":\"https:\\\/\\\/auna.com.br\\\/auna\\\/produto\\\/fonte-de-tensao-eletrica-ftl-para-fixacao-em-painel\\\/#breadcrumb\"},\"inLanguage\":\"pt-BR\",\"potentialAction\":[{\"@type\":\"ReadAction\",\"target\":[\"https:\\\/\\\/auna.com.br\\\/auna\\\/produto\\\/fonte-de-tensao-eletrica-ftl-para-fixacao-em-painel\\\/\"]}]},{\"@type\":\"ImageObject\",\"inLanguage\":\"pt-BR\",\"@id\":\"https:\\\/\\\/auna.com.br\\\/auna\\\/produto\\\/fonte-de-tensao-eletrica-ftl-para-fixacao-em-painel\\\/#primaryimage\",\"url\":\"https:\\\/\\\/auna.com.br\\\/auna\\\/wp-content\\\/uploads\\\/2019\\\/10\\\/t2-ftl60.jpg\",\"contentUrl\":\"https:\\\/\\\/auna.com.br\\\/auna\\\/wp-content\\\/uploads\\\/2019\\\/10\\\/t2-ftl60.jpg\",\"width\":400,\"height\":400},{\"@type\":\"BreadcrumbList\",\"@id\":\"https:\\\/\\\/auna.com.br\\\/auna\\\/produto\\\/fonte-de-tensao-eletrica-ftl-para-fixacao-em-painel\\\/#breadcrumb\",\"itemListElement\":[{\"@type\":\"ListItem\",\"position\":1,\"name\":\"In\u00edcio\",\"item\":\"https:\\\/\\\/auna.com.br\\\/auna\\\/\"},{\"@type\":\"ListItem\",\"position\":2,\"name\":\"Instrumentos\",\"item\":\"https:\\\/\\\/auna.com.br\\\/auna\\\/loja\\\/\"},{\"@type\":\"ListItem\",\"position\":3,\"name\":\"Fonte de Tens\u00e3o El\u00e9trica FTL &#8211; Para fixa\u00e7\u00e3o em painel\"}]},{\"@type\":\"WebSite\",\"@id\":\"https:\\\/\\\/auna.com.br\\\/auna\\\/#website\",\"url\":\"https:\\\/\\\/auna.com.br\\\/auna\\\/\",\"name\":\"AUNA Metrologia e Instrumenta\u00e7\u00e3o - Instrumentos de Medi\u00e7\u00e3o, Sensores para Monitoramento e Software para Calibra\u00e7\u00e3o, Ensaio e Inspe\u00e7\u00e3o\",\"description\":\"comercial@auna.com.br || +55 15 9 8129-4041\",\"publisher\":{\"@id\":\"https:\\\/\\\/auna.com.br\\\/auna\\\/#organization\"},\"potentialAction\":[{\"@type\":\"SearchAction\",\"target\":{\"@type\":\"EntryPoint\",\"urlTemplate\":\"https:\\\/\\\/auna.com.br\\\/auna\\\/?s={search_term_string}\"},\"query-input\":{\"@type\":\"PropertyValueSpecification\",\"valueRequired\":true,\"valueName\":\"search_term_string\"}}],\"inLanguage\":\"pt-BR\"},{\"@type\":\"Organization\",\"@id\":\"https:\\\/\\\/auna.com.br\\\/auna\\\/#organization\",\"name\":\"AUNA Metrologia e Instrumenta\u00e7\u00e3o - Instrumentos de Medi\u00e7\u00e3o, Sensores para Monitoramento e Software para Calibra\u00e7\u00e3o, Ensaio e Inspe\u00e7\u00e3o\",\"url\":\"https:\\\/\\\/auna.com.br\\\/auna\\\/\",\"logo\":{\"@type\":\"ImageObject\",\"inLanguage\":\"pt-BR\",\"@id\":\"https:\\\/\\\/auna.com.br\\\/auna\\\/#\\\/schema\\\/logo\\\/image\\\/\",\"url\":\"https:\\\/\\\/auna.com.br\\\/auna\\\/wp-content\\\/uploads\\\/2023\\\/03\\\/cropped-AUNA_Logo_Transparente.png\",\"contentUrl\":\"https:\\\/\\\/auna.com.br\\\/auna\\\/wp-content\\\/uploads\\\/2023\\\/03\\\/cropped-AUNA_Logo_Transparente.png\",\"width\":960,\"height\":430,\"caption\":\"AUNA Metrologia e Instrumenta\u00e7\u00e3o - Instrumentos de Medi\u00e7\u00e3o, Sensores para Monitoramento e Software para Calibra\u00e7\u00e3o, Ensaio e Inspe\u00e7\u00e3o\"},\"image\":{\"@id\":\"https:\\\/\\\/auna.com.br\\\/auna\\\/#\\\/schema\\\/logo\\\/image\\\/\"}}]}<\/script>\n<!-- \/ Yoast SEO plugin. -->","yoast_head_json":{"title":"Fonte de Tens\u00e3o El\u00e9trica FTL - Para fixa\u00e7\u00e3o em painel - AUNA Metrologia e Instrumenta\u00e7\u00e3o - Instrumentos de Medi\u00e7\u00e3o, Sensores para Monitoramento e Software para Calibra\u00e7\u00e3o, Ensaio e Inspe\u00e7\u00e3o","description":"Fonte linear de tens\u00e3o, com duas sa\u00eddas independentes de 24 Vdc cada, n\u00e3o-reguladas, isoladas eletricamente e destinada \u00e0 alimenta\u00e7\u00e3o de equipamentos.","robots":{"index":"index","follow":"follow","max-snippet":"max-snippet:-1","max-image-preview":"max-image-preview:large","max-video-preview":"max-video-preview:-1"},"canonical":"https:\/\/auna.com.br\/auna\/produto\/fonte-de-tensao-eletrica-ftl-para-fixacao-em-painel\/","og_locale":"pt_BR","og_type":"article","og_title":"Fonte de Tens\u00e3o El\u00e9trica FTL - Para fixa\u00e7\u00e3o em painel - AUNA Metrologia e Instrumenta\u00e7\u00e3o - Instrumentos de Medi\u00e7\u00e3o, Sensores para Monitoramento e Software para Calibra\u00e7\u00e3o, Ensaio e Inspe\u00e7\u00e3o","og_description":"Fonte linear de tens\u00e3o, com duas sa\u00eddas independentes de 24 Vdc cada, n\u00e3o-reguladas, isoladas eletricamente e destinada \u00e0 alimenta\u00e7\u00e3o de equipamentos.","og_url":"https:\/\/auna.com.br\/auna\/produto\/fonte-de-tensao-eletrica-ftl-para-fixacao-em-painel\/","og_site_name":"AUNA Metrologia e Instrumenta\u00e7\u00e3o - Instrumentos de Medi\u00e7\u00e3o, Sensores para Monitoramento e Software para Calibra\u00e7\u00e3o, Ensaio e Inspe\u00e7\u00e3o","article_modified_time":"2022-04-20T17:33:32+00:00","og_image":[{"width":400,"height":400,"url":"https:\/\/auna.com.br\/auna\/wp-content\/uploads\/2019\/10\/t2-ftl60.jpg","type":"image\/jpeg"}],"twitter_card":"summary_large_image","twitter_misc":{"Est. tempo de leitura":"1 minuto"},"schema":{"@context":"https:\/\/schema.org","@graph":[{"@type":"WebPage","@id":"https:\/\/auna.com.br\/auna\/produto\/fonte-de-tensao-eletrica-ftl-para-fixacao-em-painel\/","url":"https:\/\/auna.com.br\/auna\/produto\/fonte-de-tensao-eletrica-ftl-para-fixacao-em-painel\/","name":"Fonte de Tens\u00e3o El\u00e9trica FTL - Para fixa\u00e7\u00e3o em painel - AUNA Metrologia e Instrumenta\u00e7\u00e3o - Instrumentos de Medi\u00e7\u00e3o, Sensores para Monitoramento e Software para Calibra\u00e7\u00e3o, Ensaio e Inspe\u00e7\u00e3o","isPartOf":{"@id":"https:\/\/auna.com.br\/auna\/#website"},"primaryImageOfPage":{"@id":"https:\/\/auna.com.br\/auna\/produto\/fonte-de-tensao-eletrica-ftl-para-fixacao-em-painel\/#primaryimage"},"image":{"@id":"https:\/\/auna.com.br\/auna\/produto\/fonte-de-tensao-eletrica-ftl-para-fixacao-em-painel\/#primaryimage"},"thumbnailUrl":"https:\/\/auna.com.br\/auna\/wp-content\/uploads\/2019\/10\/t2-ftl60.jpg","datePublished":"2019-10-29T23:08:37+00:00","dateModified":"2022-04-20T17:33:32+00:00","description":"Fonte linear de tens\u00e3o, com duas sa\u00eddas independentes de 24 Vdc cada, n\u00e3o-reguladas, isoladas eletricamente e destinada \u00e0 alimenta\u00e7\u00e3o de equipamentos.","breadcrumb":{"@id":"https:\/\/auna.com.br\/auna\/produto\/fonte-de-tensao-eletrica-ftl-para-fixacao-em-painel\/#breadcrumb"},"inLanguage":"pt-BR","potentialAction":[{"@type":"ReadAction","target":["https:\/\/auna.com.br\/auna\/produto\/fonte-de-tensao-eletrica-ftl-para-fixacao-em-painel\/"]}]},{"@type":"ImageObject","inLanguage":"pt-BR","@id":"https:\/\/auna.com.br\/auna\/produto\/fonte-de-tensao-eletrica-ftl-para-fixacao-em-painel\/#primaryimage","url":"https:\/\/auna.com.br\/auna\/wp-content\/uploads\/2019\/10\/t2-ftl60.jpg","contentUrl":"https:\/\/auna.com.br\/auna\/wp-content\/uploads\/2019\/10\/t2-ftl60.jpg","width":400,"height":400},{"@type":"BreadcrumbList","@id":"https:\/\/auna.com.br\/auna\/produto\/fonte-de-tensao-eletrica-ftl-para-fixacao-em-painel\/#breadcrumb","itemListElement":[{"@type":"ListItem","position":1,"name":"In\u00edcio","item":"https:\/\/auna.com.br\/auna\/"},{"@type":"ListItem","position":2,"name":"Instrumentos","item":"https:\/\/auna.com.br\/auna\/loja\/"},{"@type":"ListItem","position":3,"name":"Fonte de Tens\u00e3o El\u00e9trica FTL &#8211; Para fixa\u00e7\u00e3o em painel"}]},{"@type":"WebSite","@id":"https:\/\/auna.com.br\/auna\/#website","url":"https:\/\/auna.com.br\/auna\/","name":"AUNA Metrologia e Instrumenta\u00e7\u00e3o - Instrumentos de Medi\u00e7\u00e3o, Sensores para Monitoramento e Software para Calibra\u00e7\u00e3o, Ensaio e Inspe\u00e7\u00e3o","description":"comercial@auna.com.br || +55 15 9 8129-4041","publisher":{"@id":"https:\/\/auna.com.br\/auna\/#organization"},"potentialAction":[{"@type":"SearchAction","target":{"@type":"EntryPoint","urlTemplate":"https:\/\/auna.com.br\/auna\/?s={search_term_string}"},"query-input":{"@type":"PropertyValueSpecification","valueRequired":true,"valueName":"search_term_string"}}],"inLanguage":"pt-BR"},{"@type":"Organization","@id":"https:\/\/auna.com.br\/auna\/#organization","name":"AUNA Metrologia e Instrumenta\u00e7\u00e3o - Instrumentos de Medi\u00e7\u00e3o, Sensores para Monitoramento e Software para Calibra\u00e7\u00e3o, Ensaio e Inspe\u00e7\u00e3o","url":"https:\/\/auna.com.br\/auna\/","logo":{"@type":"ImageObject","inLanguage":"pt-BR","@id":"https:\/\/auna.com.br\/auna\/#\/schema\/logo\/image\/","url":"https:\/\/auna.com.br\/auna\/wp-content\/uploads\/2023\/03\/cropped-AUNA_Logo_Transparente.png","contentUrl":"https:\/\/auna.com.br\/auna\/wp-content\/uploads\/2023\/03\/cropped-AUNA_Logo_Transparente.png","width":960,"height":430,"caption":"AUNA Metrologia e Instrumenta\u00e7\u00e3o - Instrumentos de Medi\u00e7\u00e3o, Sensores para Monitoramento e Software para Calibra\u00e7\u00e3o, Ensaio e Inspe\u00e7\u00e3o"},"image":{"@id":"https:\/\/auna.com.br\/auna\/#\/schema\/logo\/image\/"}}]}},"_links":{"self":[{"href":"https:\/\/auna.com.br\/auna\/wp-json\/wp\/v2\/product\/4024","targetHints":{"allow":["GET"]}}],"collection":[{"href":"https:\/\/auna.com.br\/auna\/wp-json\/wp\/v2\/product"}],"about":[{"href":"https:\/\/auna.com.br\/auna\/wp-json\/wp\/v2\/types\/product"}],"replies":[{"embeddable":true,"href":"https:\/\/auna.com.br\/auna\/wp-json\/wp\/v2\/comments?post=4024"}],"wp:featuredmedia":[{"embeddable":true,"href":"https:\/\/auna.com.br\/auna\/wp-json\/wp\/v2\/media\/4025"}],"wp:attachment":[{"href":"https:\/\/auna.com.br\/auna\/wp-json\/wp\/v2\/media?parent=4024"}],"wp:term":[{"taxonomy":"product_brand","embeddable":true,"href":"https:\/\/auna.com.br\/auna\/wp-json\/wp\/v2\/product_brand?post=4024"},{"taxonomy":"product_cat","embeddable":true,"href":"https:\/\/auna.com.br\/auna\/wp-json\/wp\/v2\/product_cat?post=4024"},{"taxonomy":"product_tag","embeddable":true,"href":"https:\/\/auna.com.br\/auna\/wp-json\/wp\/v2\/product_tag?post=4024"},{"taxonomy":"wpstream_actors","embeddable":true,"href":"https:\/\/auna.com.br\/auna\/wp-json\/wp\/v2\/wpstream_actors?post=4024"},{"taxonomy":"wpstream_category","embeddable":true,"href":"https:\/\/auna.com.br\/auna\/wp-json\/wp\/v2\/wpstream_category?post=4024"},{"taxonomy":"wpstream_movie_rating","embeddable":true,"href":"https:\/\/auna.com.br\/auna\/wp-json\/wp\/v2\/wpstream_movie_rating?post=4024"}],"curies":[{"name":"wp","href":"https:\/\/api.w.org\/{rel}","templated":true}]}}