{"id":4028,"date":"2019-10-29T23:11:39","date_gmt":"2019-10-29T23:11:39","guid":{"rendered":"https:\/\/www.aunarepresentacoes.com.br\/?post_type=product&#038;p=4028"},"modified":"2022-04-20T14:31:39","modified_gmt":"2022-04-20T17:31:39","slug":"rele-de-interface","status":"publish","type":"product","link":"https:\/\/auna.com.br\/auna\/produto\/rele-de-interface\/","title":{"rendered":"NIO &#8211; Rel\u00e9 de Interface"},"content":{"rendered":"<p><span style=\"color: #525252;\">Os Rel\u00e9s de Interface da s\u00e9rie NIO s\u00e3o dispositivos para aplica\u00e7\u00f5es de comando e manobra com larga aplica\u00e7\u00e3o na industria. Constru\u00eddos com componentes de qualidade reconhecida, s\u00e3o robustos, confi\u00e1veis e de formato adequados \u00e0s exig\u00eancias atuais do mercado de automa\u00e7\u00e3o.<\/span><\/p>\n<p><span style=\"color: #525252;\">Os rel\u00e9s de chaveamento utilizados s\u00e3o substitu\u00eddos tamb\u00e9m com facilidade e seguran\u00e7a.<\/span><\/p>\n<ul>\n<li>Vida mec\u00e2nica de 10.000.000 ciclos;<\/li>\n<li>Vida el\u00e9trica com carga resistiva de 60.000 ciclos;<\/li>\n<li>Tempo de atua\u00e7\u00e3o: 5 ms;<\/li>\n<li>Isolamento el\u00e9trico entre entrada\/sa\u00edda: 1000 Vca;<\/li>\n<li>Temperatura ambiente de opera\u00e7\u00e3o: -40 \u00b0C a 70 \u00b0C;<\/li>\n<li>Grau de Prote\u00e7\u00e3o: IP20;<\/li>\n<li>Se\u00e7\u00e3o transversal do fio: 0,2 mm\u00b2 ~ 1,5 mm\u00b2;<\/li>\n<li>Entrada:\n<ul>\n<li>Tens\u00e3o nominal de acionamento (UN): 12\/24\/220 Vca\/cc<\/li>\n<li>Consumo: 0,2\/0,3\/0,9 VA (W)<\/li>\n<li>Tens\u00e3o limite de opera\u00e7\u00e3o: 0,8 &#8230; 1,1 UN<\/li>\n<li>Tens\u00e3o m\u00ednima de retens\u00e3o: 0,6 UN<\/li>\n<\/ul>\n<\/li>\n<li>\u00a0Sa\u00edda:\n<ul>\n<li>Tipo de sa\u00edda: rel\u00e9 SPDT;<\/li>\n<li>Corrente nominal: 6 A.<\/li>\n<\/ul>\n<\/li>\n<li>M\u00e1xima corrente instant\u00e2nea: 10 A;<\/li>\n<li>Tens\u00e3o de trabalho: 250 Vca\/cc;<\/li>\n<li>M\u00e1xima tens\u00e3o de trabalho: 400 Vca\/cc;<\/li>\n<li><span style=\"color: #000000;\">Capacidade de carga resistiva: 1500 VA<\/span><\/li>\n<li>Capacidade de carga indutiva: 300 VA;<\/li>\n<li>Capacidade com motor monof\u00e1sico (220 Vca): 185 VA (1\/4 HP);<\/li>\n<li>M\u00e1xima corrente resistiva CC (30 V \/ 220 V): 6 A \/ 0,15 A;<\/li>\n<li>Material do contato: AgNi;<\/li>\n<li>Opcionais:\n<ul>\n<li>Acess\u00f3rios para identifica\u00e7\u00e3o e interconex\u00f5es.<\/li>\n<\/ul>\n<\/li>\n<\/ul>\n","protected":false},"excerpt":{"rendered":"<p>Os Rel\u00e9s de Interface da s\u00e9rie NIO s\u00e3o dispositivos para aplica\u00e7\u00f5es de comando e manobra com larga aplica\u00e7\u00e3o na industria. Constru\u00eddos com componentes de qualidade reconhecida, s\u00e3o robustos, confi\u00e1veis e de formato adequados \u00e0s exig\u00eancias atuais do mercado de automa\u00e7\u00e3o. Os rel\u00e9s de chaveamento utilizados s\u00e3o substitu\u00eddos tamb\u00e9m com facilidade e seguran\u00e7a. Vida mec\u00e2nica de [&hellip;]<\/p>\n","protected":false},"featured_media":4029,"comment_status":"closed","ping_status":"closed","template":"","meta":[],"product_brand":[],"product_cat":[99],"product_tag":[],"wpstream_actors":[],"wpstream_category":[],"wpstream_movie_rating":[],"class_list":{"0":"post-4028","1":"product","2":"type-product","3":"status-publish","4":"has-post-thumbnail","6":"product_cat-acessorios-2","8":"first","9":"onbackorder","10":"taxable","11":"shipping-taxable","12":"product-type-simple","13":"czr-hentry"},"yoast_head":"<!-- This site is optimized with the Yoast SEO plugin v27.5 - https:\/\/yoast.com\/product\/yoast-seo-wordpress\/ -->\n<title>NIO - Rel\u00e9 de Interface - AUNA Metrologia e Instrumenta\u00e7\u00e3o - Instrumentos de Medi\u00e7\u00e3o, Sensores para Monitoramento e Software para Calibra\u00e7\u00e3o, Ensaio e Inspe\u00e7\u00e3o<\/title>\n<meta name=\"description\" content=\"Rel\u00e9s de Interface da s\u00e9rie NIO. Dispositivos para aplica\u00e7\u00f5es de comando e manobra com larga aplica\u00e7\u00e3o industrial. Orientado ao mercado de automa\u00e7\u00e3o\" \/>\n<meta name=\"robots\" content=\"index, follow, max-snippet:-1, max-image-preview:large, max-video-preview:-1\" \/>\n<link rel=\"canonical\" href=\"https:\/\/auna.com.br\/auna\/produto\/rele-de-interface\/\" \/>\n<meta property=\"og:locale\" content=\"pt_BR\" \/>\n<meta property=\"og:type\" content=\"article\" \/>\n<meta property=\"og:title\" content=\"NIO - Rel\u00e9 de Interface - AUNA Metrologia e Instrumenta\u00e7\u00e3o - Instrumentos de Medi\u00e7\u00e3o, Sensores para Monitoramento e Software para Calibra\u00e7\u00e3o, Ensaio e Inspe\u00e7\u00e3o\" \/>\n<meta property=\"og:description\" content=\"Rel\u00e9s de Interface da s\u00e9rie NIO. Dispositivos para aplica\u00e7\u00f5es de comando e manobra com larga aplica\u00e7\u00e3o industrial. Orientado ao mercado de automa\u00e7\u00e3o\" \/>\n<meta property=\"og:url\" content=\"https:\/\/auna.com.br\/auna\/produto\/rele-de-interface\/\" \/>\n<meta property=\"og:site_name\" content=\"AUNA Metrologia e Instrumenta\u00e7\u00e3o - Instrumentos de Medi\u00e7\u00e3o, Sensores para Monitoramento e Software para Calibra\u00e7\u00e3o, Ensaio e Inspe\u00e7\u00e3o\" \/>\n<meta property=\"article:modified_time\" content=\"2022-04-20T17:31:39+00:00\" \/>\n<meta property=\"og:image\" content=\"https:\/\/auna.com.br\/auna\/wp-content\/uploads\/2019\/10\/t2-nio_2_web.jpg\" \/>\n\t<meta property=\"og:image:width\" content=\"500\" \/>\n\t<meta property=\"og:image:height\" content=\"500\" \/>\n\t<meta property=\"og:image:type\" content=\"image\/jpeg\" \/>\n<meta name=\"twitter:card\" content=\"summary_large_image\" \/>\n<meta name=\"twitter:label1\" content=\"Est. tempo de leitura\" \/>\n\t<meta name=\"twitter:data1\" content=\"2 minutos\" \/>\n<script type=\"application\/ld+json\" class=\"yoast-schema-graph\">{\"@context\":\"https:\\\/\\\/schema.org\",\"@graph\":[{\"@type\":\"WebPage\",\"@id\":\"https:\\\/\\\/auna.com.br\\\/auna\\\/produto\\\/rele-de-interface\\\/\",\"url\":\"https:\\\/\\\/auna.com.br\\\/auna\\\/produto\\\/rele-de-interface\\\/\",\"name\":\"NIO - Rel\u00e9 de Interface - AUNA Metrologia e Instrumenta\u00e7\u00e3o - Instrumentos de Medi\u00e7\u00e3o, Sensores para Monitoramento e Software para Calibra\u00e7\u00e3o, Ensaio e Inspe\u00e7\u00e3o\",\"isPartOf\":{\"@id\":\"https:\\\/\\\/auna.com.br\\\/auna\\\/#website\"},\"primaryImageOfPage\":{\"@id\":\"https:\\\/\\\/auna.com.br\\\/auna\\\/produto\\\/rele-de-interface\\\/#primaryimage\"},\"image\":{\"@id\":\"https:\\\/\\\/auna.com.br\\\/auna\\\/produto\\\/rele-de-interface\\\/#primaryimage\"},\"thumbnailUrl\":\"https:\\\/\\\/auna.com.br\\\/auna\\\/wp-content\\\/uploads\\\/2019\\\/10\\\/t2-nio_2_web.jpg\",\"datePublished\":\"2019-10-29T23:11:39+00:00\",\"dateModified\":\"2022-04-20T17:31:39+00:00\",\"description\":\"Rel\u00e9s de Interface da s\u00e9rie NIO. Dispositivos para aplica\u00e7\u00f5es de comando e manobra com larga aplica\u00e7\u00e3o industrial. Orientado ao mercado de automa\u00e7\u00e3o\",\"breadcrumb\":{\"@id\":\"https:\\\/\\\/auna.com.br\\\/auna\\\/produto\\\/rele-de-interface\\\/#breadcrumb\"},\"inLanguage\":\"pt-BR\",\"potentialAction\":[{\"@type\":\"ReadAction\",\"target\":[\"https:\\\/\\\/auna.com.br\\\/auna\\\/produto\\\/rele-de-interface\\\/\"]}]},{\"@type\":\"ImageObject\",\"inLanguage\":\"pt-BR\",\"@id\":\"https:\\\/\\\/auna.com.br\\\/auna\\\/produto\\\/rele-de-interface\\\/#primaryimage\",\"url\":\"https:\\\/\\\/auna.com.br\\\/auna\\\/wp-content\\\/uploads\\\/2019\\\/10\\\/t2-nio_2_web.jpg\",\"contentUrl\":\"https:\\\/\\\/auna.com.br\\\/auna\\\/wp-content\\\/uploads\\\/2019\\\/10\\\/t2-nio_2_web.jpg\",\"width\":500,\"height\":500},{\"@type\":\"BreadcrumbList\",\"@id\":\"https:\\\/\\\/auna.com.br\\\/auna\\\/produto\\\/rele-de-interface\\\/#breadcrumb\",\"itemListElement\":[{\"@type\":\"ListItem\",\"position\":1,\"name\":\"In\u00edcio\",\"item\":\"https:\\\/\\\/auna.com.br\\\/auna\\\/\"},{\"@type\":\"ListItem\",\"position\":2,\"name\":\"Instrumentos\",\"item\":\"https:\\\/\\\/auna.com.br\\\/auna\\\/loja\\\/\"},{\"@type\":\"ListItem\",\"position\":3,\"name\":\"NIO &#8211; Rel\u00e9 de Interface\"}]},{\"@type\":\"WebSite\",\"@id\":\"https:\\\/\\\/auna.com.br\\\/auna\\\/#website\",\"url\":\"https:\\\/\\\/auna.com.br\\\/auna\\\/\",\"name\":\"AUNA Metrologia e Instrumenta\u00e7\u00e3o - Instrumentos de Medi\u00e7\u00e3o, Sensores para Monitoramento e Software para Calibra\u00e7\u00e3o, Ensaio e Inspe\u00e7\u00e3o\",\"description\":\"comercial@auna.com.br || +55 15 9 8129-4041\",\"publisher\":{\"@id\":\"https:\\\/\\\/auna.com.br\\\/auna\\\/#organization\"},\"potentialAction\":[{\"@type\":\"SearchAction\",\"target\":{\"@type\":\"EntryPoint\",\"urlTemplate\":\"https:\\\/\\\/auna.com.br\\\/auna\\\/?s={search_term_string}\"},\"query-input\":{\"@type\":\"PropertyValueSpecification\",\"valueRequired\":true,\"valueName\":\"search_term_string\"}}],\"inLanguage\":\"pt-BR\"},{\"@type\":\"Organization\",\"@id\":\"https:\\\/\\\/auna.com.br\\\/auna\\\/#organization\",\"name\":\"AUNA Metrologia e Instrumenta\u00e7\u00e3o - Instrumentos de Medi\u00e7\u00e3o, Sensores para Monitoramento e Software para Calibra\u00e7\u00e3o, Ensaio e Inspe\u00e7\u00e3o\",\"url\":\"https:\\\/\\\/auna.com.br\\\/auna\\\/\",\"logo\":{\"@type\":\"ImageObject\",\"inLanguage\":\"pt-BR\",\"@id\":\"https:\\\/\\\/auna.com.br\\\/auna\\\/#\\\/schema\\\/logo\\\/image\\\/\",\"url\":\"https:\\\/\\\/auna.com.br\\\/auna\\\/wp-content\\\/uploads\\\/2023\\\/03\\\/cropped-AUNA_Logo_Transparente.png\",\"contentUrl\":\"https:\\\/\\\/auna.com.br\\\/auna\\\/wp-content\\\/uploads\\\/2023\\\/03\\\/cropped-AUNA_Logo_Transparente.png\",\"width\":960,\"height\":430,\"caption\":\"AUNA Metrologia e Instrumenta\u00e7\u00e3o - Instrumentos de Medi\u00e7\u00e3o, Sensores para Monitoramento e Software para Calibra\u00e7\u00e3o, Ensaio e Inspe\u00e7\u00e3o\"},\"image\":{\"@id\":\"https:\\\/\\\/auna.com.br\\\/auna\\\/#\\\/schema\\\/logo\\\/image\\\/\"}}]}<\/script>\n<!-- \/ Yoast SEO plugin. -->","yoast_head_json":{"title":"NIO - Rel\u00e9 de Interface - AUNA Metrologia e Instrumenta\u00e7\u00e3o - Instrumentos de Medi\u00e7\u00e3o, Sensores para Monitoramento e Software para Calibra\u00e7\u00e3o, Ensaio e Inspe\u00e7\u00e3o","description":"Rel\u00e9s de Interface da s\u00e9rie NIO. Dispositivos para aplica\u00e7\u00f5es de comando e manobra com larga aplica\u00e7\u00e3o industrial. Orientado ao mercado de automa\u00e7\u00e3o","robots":{"index":"index","follow":"follow","max-snippet":"max-snippet:-1","max-image-preview":"max-image-preview:large","max-video-preview":"max-video-preview:-1"},"canonical":"https:\/\/auna.com.br\/auna\/produto\/rele-de-interface\/","og_locale":"pt_BR","og_type":"article","og_title":"NIO - Rel\u00e9 de Interface - AUNA Metrologia e Instrumenta\u00e7\u00e3o - Instrumentos de Medi\u00e7\u00e3o, Sensores para Monitoramento e Software para Calibra\u00e7\u00e3o, Ensaio e Inspe\u00e7\u00e3o","og_description":"Rel\u00e9s de Interface da s\u00e9rie NIO. Dispositivos para aplica\u00e7\u00f5es de comando e manobra com larga aplica\u00e7\u00e3o industrial. Orientado ao mercado de automa\u00e7\u00e3o","og_url":"https:\/\/auna.com.br\/auna\/produto\/rele-de-interface\/","og_site_name":"AUNA Metrologia e Instrumenta\u00e7\u00e3o - Instrumentos de Medi\u00e7\u00e3o, Sensores para Monitoramento e Software para Calibra\u00e7\u00e3o, Ensaio e Inspe\u00e7\u00e3o","article_modified_time":"2022-04-20T17:31:39+00:00","og_image":[{"width":500,"height":500,"url":"https:\/\/auna.com.br\/auna\/wp-content\/uploads\/2019\/10\/t2-nio_2_web.jpg","type":"image\/jpeg"}],"twitter_card":"summary_large_image","twitter_misc":{"Est. tempo de leitura":"2 minutos"},"schema":{"@context":"https:\/\/schema.org","@graph":[{"@type":"WebPage","@id":"https:\/\/auna.com.br\/auna\/produto\/rele-de-interface\/","url":"https:\/\/auna.com.br\/auna\/produto\/rele-de-interface\/","name":"NIO - Rel\u00e9 de Interface - AUNA Metrologia e Instrumenta\u00e7\u00e3o - Instrumentos de Medi\u00e7\u00e3o, Sensores para Monitoramento e Software para Calibra\u00e7\u00e3o, Ensaio e Inspe\u00e7\u00e3o","isPartOf":{"@id":"https:\/\/auna.com.br\/auna\/#website"},"primaryImageOfPage":{"@id":"https:\/\/auna.com.br\/auna\/produto\/rele-de-interface\/#primaryimage"},"image":{"@id":"https:\/\/auna.com.br\/auna\/produto\/rele-de-interface\/#primaryimage"},"thumbnailUrl":"https:\/\/auna.com.br\/auna\/wp-content\/uploads\/2019\/10\/t2-nio_2_web.jpg","datePublished":"2019-10-29T23:11:39+00:00","dateModified":"2022-04-20T17:31:39+00:00","description":"Rel\u00e9s de Interface da s\u00e9rie NIO. Dispositivos para aplica\u00e7\u00f5es de comando e manobra com larga aplica\u00e7\u00e3o industrial. Orientado ao mercado de automa\u00e7\u00e3o","breadcrumb":{"@id":"https:\/\/auna.com.br\/auna\/produto\/rele-de-interface\/#breadcrumb"},"inLanguage":"pt-BR","potentialAction":[{"@type":"ReadAction","target":["https:\/\/auna.com.br\/auna\/produto\/rele-de-interface\/"]}]},{"@type":"ImageObject","inLanguage":"pt-BR","@id":"https:\/\/auna.com.br\/auna\/produto\/rele-de-interface\/#primaryimage","url":"https:\/\/auna.com.br\/auna\/wp-content\/uploads\/2019\/10\/t2-nio_2_web.jpg","contentUrl":"https:\/\/auna.com.br\/auna\/wp-content\/uploads\/2019\/10\/t2-nio_2_web.jpg","width":500,"height":500},{"@type":"BreadcrumbList","@id":"https:\/\/auna.com.br\/auna\/produto\/rele-de-interface\/#breadcrumb","itemListElement":[{"@type":"ListItem","position":1,"name":"In\u00edcio","item":"https:\/\/auna.com.br\/auna\/"},{"@type":"ListItem","position":2,"name":"Instrumentos","item":"https:\/\/auna.com.br\/auna\/loja\/"},{"@type":"ListItem","position":3,"name":"NIO &#8211; Rel\u00e9 de Interface"}]},{"@type":"WebSite","@id":"https:\/\/auna.com.br\/auna\/#website","url":"https:\/\/auna.com.br\/auna\/","name":"AUNA Metrologia e Instrumenta\u00e7\u00e3o - Instrumentos de Medi\u00e7\u00e3o, Sensores para Monitoramento e Software para Calibra\u00e7\u00e3o, Ensaio e Inspe\u00e7\u00e3o","description":"comercial@auna.com.br || +55 15 9 8129-4041","publisher":{"@id":"https:\/\/auna.com.br\/auna\/#organization"},"potentialAction":[{"@type":"SearchAction","target":{"@type":"EntryPoint","urlTemplate":"https:\/\/auna.com.br\/auna\/?s={search_term_string}"},"query-input":{"@type":"PropertyValueSpecification","valueRequired":true,"valueName":"search_term_string"}}],"inLanguage":"pt-BR"},{"@type":"Organization","@id":"https:\/\/auna.com.br\/auna\/#organization","name":"AUNA Metrologia e Instrumenta\u00e7\u00e3o - Instrumentos de Medi\u00e7\u00e3o, Sensores para Monitoramento e Software para Calibra\u00e7\u00e3o, Ensaio e Inspe\u00e7\u00e3o","url":"https:\/\/auna.com.br\/auna\/","logo":{"@type":"ImageObject","inLanguage":"pt-BR","@id":"https:\/\/auna.com.br\/auna\/#\/schema\/logo\/image\/","url":"https:\/\/auna.com.br\/auna\/wp-content\/uploads\/2023\/03\/cropped-AUNA_Logo_Transparente.png","contentUrl":"https:\/\/auna.com.br\/auna\/wp-content\/uploads\/2023\/03\/cropped-AUNA_Logo_Transparente.png","width":960,"height":430,"caption":"AUNA Metrologia e Instrumenta\u00e7\u00e3o - Instrumentos de Medi\u00e7\u00e3o, Sensores para Monitoramento e Software para Calibra\u00e7\u00e3o, Ensaio e Inspe\u00e7\u00e3o"},"image":{"@id":"https:\/\/auna.com.br\/auna\/#\/schema\/logo\/image\/"}}]}},"_links":{"self":[{"href":"https:\/\/auna.com.br\/auna\/wp-json\/wp\/v2\/product\/4028","targetHints":{"allow":["GET"]}}],"collection":[{"href":"https:\/\/auna.com.br\/auna\/wp-json\/wp\/v2\/product"}],"about":[{"href":"https:\/\/auna.com.br\/auna\/wp-json\/wp\/v2\/types\/product"}],"replies":[{"embeddable":true,"href":"https:\/\/auna.com.br\/auna\/wp-json\/wp\/v2\/comments?post=4028"}],"wp:featuredmedia":[{"embeddable":true,"href":"https:\/\/auna.com.br\/auna\/wp-json\/wp\/v2\/media\/4029"}],"wp:attachment":[{"href":"https:\/\/auna.com.br\/auna\/wp-json\/wp\/v2\/media?parent=4028"}],"wp:term":[{"taxonomy":"product_brand","embeddable":true,"href":"https:\/\/auna.com.br\/auna\/wp-json\/wp\/v2\/product_brand?post=4028"},{"taxonomy":"product_cat","embeddable":true,"href":"https:\/\/auna.com.br\/auna\/wp-json\/wp\/v2\/product_cat?post=4028"},{"taxonomy":"product_tag","embeddable":true,"href":"https:\/\/auna.com.br\/auna\/wp-json\/wp\/v2\/product_tag?post=4028"},{"taxonomy":"wpstream_actors","embeddable":true,"href":"https:\/\/auna.com.br\/auna\/wp-json\/wp\/v2\/wpstream_actors?post=4028"},{"taxonomy":"wpstream_category","embeddable":true,"href":"https:\/\/auna.com.br\/auna\/wp-json\/wp\/v2\/wpstream_category?post=4028"},{"taxonomy":"wpstream_movie_rating","embeddable":true,"href":"https:\/\/auna.com.br\/auna\/wp-json\/wp\/v2\/wpstream_movie_rating?post=4028"}],"curies":[{"name":"wp","href":"https:\/\/api.w.org\/{rel}","templated":true}]}}