{"id":610,"date":"2019-06-02T17:01:36","date_gmt":"2019-06-02T20:01:36","guid":{"rendered":"https:\/\/www.aunarepresentacoes.com.br\/?post_type=product&#038;p=610"},"modified":"2022-04-23T03:38:19","modified_gmt":"2022-04-23T06:38:19","slug":"manometro-crystal-m1","status":"publish","type":"product","link":"https:\/\/auna.com.br\/auna\/produto\/manometro-crystal-m1\/","title":{"rendered":"Man\u00f4metro Digital Crystal M1"},"content":{"rendered":"<p>O man\u00f4metro digital M1 possui exatid\u00e3o de \u00b10,2% da leitura operando de -10\u00b0 a 50\u00b0C. A exatid\u00e3o n\u00e3o \u00e9 afetada pela quedas, por sobre-press\u00f5es, vibra\u00e7\u00f5es, temperatura ou mudan\u00e7a r\u00e1pida e picos de press\u00e3o. Dispon\u00edvel a partir da faixa de opera\u00e7\u00e3o de 30 psi. Um \u00fanico M1 com ampla faixa de medi\u00e7\u00e3o \u00e9 capaz de substituir diversos man\u00f4metros anal\u00f3gicos de 0,25% pelo fato de possuir exatid\u00e3o de 0,2% da leitura. &#8211; exatid\u00e3o de \u00b10,2% da leitura &#8211; a exatid\u00e3o \u00e9 mantida em toda faixa de opera\u00e7\u00e3o de -10\u00b0 a 50\u00b0C &#8211; faixas de opera\u00e7\u00e3o de 30 psi a 10000 psi &#8211; extremamente est\u00e1vel: intervalo de calibra\u00e7\u00e3o recomendado de 2 anos &#8211; vida \u00fatil da bateria at\u00e9 3 anos de uso cont\u00ednuo &#8211; display retroiluminado brilhante &#8211; n\u00fameros extra grandes tornam f\u00e1cil de ler &#8211; sele\u00e7\u00e3o de unidades de press\u00e3o &#8211; capa emborrachada para prote\u00e7\u00e3o &#8211; conex\u00e3o CPF com adaptador proporciona facilidade na conex\u00e3o e sem desgaste &#8211; fornecido com certificado de calibra\u00e7\u00e3o Acreditado A2LA (ILAC)<\/p>\n","protected":false},"excerpt":{"rendered":"<p><span style=\"color: #5a5a5a; font-family: 'Helvetica Neue', Helvetica, Arial, sans-serif; background-color: #fafafa;\">O man\u00f4metro digital M1 possui exatid\u00e3o de \u00b10,2% da leitura operando de -10\u00b0 a 50\u00b0C. A exatid\u00e3o n\u00e3o \u00e9 afetada pela quedas, por sobre-press\u00f5es, vibra\u00e7\u00f5es, temperatura ou mudan\u00e7a r\u00e1pida e picos de press\u00e3o. Dispon\u00edvel a partir da faixa de opera\u00e7\u00e3o de 30 psi. Um \u00fanico M1 com ampla faixa de medi\u00e7\u00e3o \u00e9 capaz de substituir diversos man\u00f4metros anal\u00f3gicos de 0,25% pelo fato de possuir exatid\u00e3o de 0,2% da leitura. \u2013 exatid\u00e3o de \u00b10,2% da leitura \u2013 a exatid\u00e3o \u00e9 mantida em toda faixa de opera\u00e7\u00e3o de -10\u00b0 a 50\u00b0C \u2013 faixas de opera\u00e7\u00e3o de 30 psi a 10000 psi \u2013 extremamente est\u00e1vel: intervalo de calibra\u00e7\u00e3o recomendado de 2 anos \u2013 vida \u00fatil da bateria at\u00e9 3 anos de uso cont\u00ednuo \u2013 display retroiluminado brilhante \u2013 n\u00fameros extra grandes tornam f\u00e1cil de ler \u2013 sele\u00e7\u00e3o de unidades de press\u00e3o \u2013 capa emborrachada para prote\u00e7\u00e3o \u2013 conex\u00e3o CPF com adaptador proporciona facilidade na conex\u00e3o e sem desgaste \u2013 fornecido com certificado de calibra\u00e7\u00e3o Acreditado A2LA (ILAC)<\/span><\/p>\n","protected":false},"featured_media":7221,"comment_status":"closed","ping_status":"closed","template":"","meta":[],"product_brand":[],"product_cat":[56,55],"product_tag":[],"wpstream_actors":[],"wpstream_category":[],"wpstream_movie_rating":[],"class_list":{"0":"post-610","1":"product","2":"type-product","3":"status-publish","4":"has-post-thumbnail","6":"product_cat-manometro-digital","7":"product_cat-manometro-vacuometro-manovacuometro-bombas-pressao-peso-morto-calibradores-pressao","9":"first","10":"outofstock","11":"taxable","12":"shipping-taxable","13":"purchasable","14":"product-type-simple","15":"czr-hentry"},"yoast_head":"<!-- This site is optimized with the Yoast SEO plugin v27.5 - https:\/\/yoast.com\/product\/yoast-seo-wordpress\/ -->\n<title>Man\u00f4metro Digital Crystal M1 - AUNA Metrologia e Instrumenta\u00e7\u00e3o - Instrumentos de Medi\u00e7\u00e3o, Sensores para Monitoramento e Software para Calibra\u00e7\u00e3o, Ensaio e Inspe\u00e7\u00e3o<\/title>\n<meta name=\"robots\" content=\"index, follow, max-snippet:-1, max-image-preview:large, max-video-preview:-1\" \/>\n<link rel=\"canonical\" href=\"https:\/\/auna.com.br\/auna\/produto\/manometro-crystal-m1\/\" \/>\n<meta property=\"og:locale\" content=\"pt_BR\" \/>\n<meta property=\"og:type\" content=\"article\" \/>\n<meta property=\"og:title\" content=\"Man\u00f4metro Digital Crystal M1 - AUNA Metrologia e Instrumenta\u00e7\u00e3o - Instrumentos de Medi\u00e7\u00e3o, Sensores para Monitoramento e Software para Calibra\u00e7\u00e3o, Ensaio e Inspe\u00e7\u00e3o\" \/>\n<meta property=\"og:description\" content=\"O man\u00f4metro digital M1 possui exatid\u00e3o de \u00b10,2% da leitura operando de -10\u00b0 a 50\u00b0C. A exatid\u00e3o n\u00e3o \u00e9 afetada pela quedas, por sobre-press\u00f5es, vibra\u00e7\u00f5es, temperatura ou mudan\u00e7a r\u00e1pida e picos de press\u00e3o. Dispon\u00edvel a partir da faixa de opera\u00e7\u00e3o de 30 psi. Um \u00fanico M1 com ampla faixa de medi\u00e7\u00e3o \u00e9 capaz de substituir diversos man\u00f4metros anal\u00f3gicos de 0,25% pelo fato de possuir exatid\u00e3o de 0,2% da leitura. \u2013 exatid\u00e3o de \u00b10,2% da leitura \u2013 a exatid\u00e3o \u00e9 mantida em toda faixa de opera\u00e7\u00e3o de -10\u00b0 a 50\u00b0C \u2013 faixas de opera\u00e7\u00e3o de 30 psi a 10000 psi \u2013 extremamente est\u00e1vel: intervalo de calibra\u00e7\u00e3o recomendado de 2 anos \u2013 vida \u00fatil da bateria at\u00e9 3 anos de uso cont\u00ednuo \u2013 display retroiluminado brilhante \u2013 n\u00fameros extra grandes tornam f\u00e1cil de ler \u2013 sele\u00e7\u00e3o de unidades de press\u00e3o \u2013 capa emborrachada para prote\u00e7\u00e3o \u2013 conex\u00e3o CPF com adaptador proporciona facilidade na conex\u00e3o e sem desgaste \u2013 fornecido com certificado de calibra\u00e7\u00e3o Acreditado A2LA (ILAC)\" \/>\n<meta property=\"og:url\" content=\"https:\/\/auna.com.br\/auna\/produto\/manometro-crystal-m1\/\" \/>\n<meta property=\"og:site_name\" content=\"AUNA Metrologia e Instrumenta\u00e7\u00e3o - Instrumentos de Medi\u00e7\u00e3o, Sensores para Monitoramento e Software para Calibra\u00e7\u00e3o, Ensaio e Inspe\u00e7\u00e3o\" \/>\n<meta property=\"article:modified_time\" content=\"2022-04-23T06:38:19+00:00\" \/>\n<meta property=\"og:image\" content=\"https:\/\/auna.com.br\/auna\/wp-content\/uploads\/2022\/04\/ADT686.png\" \/>\n\t<meta property=\"og:image:width\" content=\"1020\" \/>\n\t<meta property=\"og:image:height\" content=\"1020\" \/>\n\t<meta property=\"og:image:type\" content=\"image\/png\" \/>\n<meta name=\"twitter:card\" content=\"summary_large_image\" \/>\n<meta name=\"twitter:label1\" content=\"Est. tempo de leitura\" \/>\n\t<meta name=\"twitter:data1\" content=\"1 minuto\" \/>\n<script type=\"application\/ld+json\" class=\"yoast-schema-graph\">{\"@context\":\"https:\\\/\\\/schema.org\",\"@graph\":[{\"@type\":\"WebPage\",\"@id\":\"https:\\\/\\\/auna.com.br\\\/auna\\\/produto\\\/manometro-crystal-m1\\\/\",\"url\":\"https:\\\/\\\/auna.com.br\\\/auna\\\/produto\\\/manometro-crystal-m1\\\/\",\"name\":\"Man\u00f4metro Digital Crystal M1 - AUNA Metrologia e Instrumenta\u00e7\u00e3o - Instrumentos de Medi\u00e7\u00e3o, Sensores para Monitoramento e Software para Calibra\u00e7\u00e3o, Ensaio e Inspe\u00e7\u00e3o\",\"isPartOf\":{\"@id\":\"https:\\\/\\\/auna.com.br\\\/auna\\\/#website\"},\"primaryImageOfPage\":{\"@id\":\"https:\\\/\\\/auna.com.br\\\/auna\\\/produto\\\/manometro-crystal-m1\\\/#primaryimage\"},\"image\":{\"@id\":\"https:\\\/\\\/auna.com.br\\\/auna\\\/produto\\\/manometro-crystal-m1\\\/#primaryimage\"},\"thumbnailUrl\":\"https:\\\/\\\/auna.com.br\\\/auna\\\/wp-content\\\/uploads\\\/2022\\\/04\\\/ADT686.png\",\"datePublished\":\"2019-06-02T20:01:36+00:00\",\"dateModified\":\"2022-04-23T06:38:19+00:00\",\"breadcrumb\":{\"@id\":\"https:\\\/\\\/auna.com.br\\\/auna\\\/produto\\\/manometro-crystal-m1\\\/#breadcrumb\"},\"inLanguage\":\"pt-BR\",\"potentialAction\":[{\"@type\":\"ReadAction\",\"target\":[\"https:\\\/\\\/auna.com.br\\\/auna\\\/produto\\\/manometro-crystal-m1\\\/\"]}]},{\"@type\":\"ImageObject\",\"inLanguage\":\"pt-BR\",\"@id\":\"https:\\\/\\\/auna.com.br\\\/auna\\\/produto\\\/manometro-crystal-m1\\\/#primaryimage\",\"url\":\"https:\\\/\\\/auna.com.br\\\/auna\\\/wp-content\\\/uploads\\\/2022\\\/04\\\/ADT686.png\",\"contentUrl\":\"https:\\\/\\\/auna.com.br\\\/auna\\\/wp-content\\\/uploads\\\/2022\\\/04\\\/ADT686.png\",\"width\":1020,\"height\":1020},{\"@type\":\"BreadcrumbList\",\"@id\":\"https:\\\/\\\/auna.com.br\\\/auna\\\/produto\\\/manometro-crystal-m1\\\/#breadcrumb\",\"itemListElement\":[{\"@type\":\"ListItem\",\"position\":1,\"name\":\"In\u00edcio\",\"item\":\"https:\\\/\\\/auna.com.br\\\/auna\\\/\"},{\"@type\":\"ListItem\",\"position\":2,\"name\":\"Instrumentos\",\"item\":\"https:\\\/\\\/auna.com.br\\\/auna\\\/loja\\\/\"},{\"@type\":\"ListItem\",\"position\":3,\"name\":\"Man\u00f4metro Digital Crystal M1\"}]},{\"@type\":\"WebSite\",\"@id\":\"https:\\\/\\\/auna.com.br\\\/auna\\\/#website\",\"url\":\"https:\\\/\\\/auna.com.br\\\/auna\\\/\",\"name\":\"AUNA Metrologia e Instrumenta\u00e7\u00e3o - Instrumentos de Medi\u00e7\u00e3o, Sensores para Monitoramento e Software para Calibra\u00e7\u00e3o, Ensaio e Inspe\u00e7\u00e3o\",\"description\":\"comercial@auna.com.br || +55 15 9 8129-4041\",\"publisher\":{\"@id\":\"https:\\\/\\\/auna.com.br\\\/auna\\\/#organization\"},\"potentialAction\":[{\"@type\":\"SearchAction\",\"target\":{\"@type\":\"EntryPoint\",\"urlTemplate\":\"https:\\\/\\\/auna.com.br\\\/auna\\\/?s={search_term_string}\"},\"query-input\":{\"@type\":\"PropertyValueSpecification\",\"valueRequired\":true,\"valueName\":\"search_term_string\"}}],\"inLanguage\":\"pt-BR\"},{\"@type\":\"Organization\",\"@id\":\"https:\\\/\\\/auna.com.br\\\/auna\\\/#organization\",\"name\":\"AUNA Metrologia e Instrumenta\u00e7\u00e3o - Instrumentos de Medi\u00e7\u00e3o, Sensores para Monitoramento e Software para Calibra\u00e7\u00e3o, Ensaio e Inspe\u00e7\u00e3o\",\"url\":\"https:\\\/\\\/auna.com.br\\\/auna\\\/\",\"logo\":{\"@type\":\"ImageObject\",\"inLanguage\":\"pt-BR\",\"@id\":\"https:\\\/\\\/auna.com.br\\\/auna\\\/#\\\/schema\\\/logo\\\/image\\\/\",\"url\":\"https:\\\/\\\/auna.com.br\\\/auna\\\/wp-content\\\/uploads\\\/2023\\\/03\\\/cropped-AUNA_Logo_Transparente.png\",\"contentUrl\":\"https:\\\/\\\/auna.com.br\\\/auna\\\/wp-content\\\/uploads\\\/2023\\\/03\\\/cropped-AUNA_Logo_Transparente.png\",\"width\":960,\"height\":430,\"caption\":\"AUNA Metrologia e Instrumenta\u00e7\u00e3o - Instrumentos de Medi\u00e7\u00e3o, Sensores para Monitoramento e Software para Calibra\u00e7\u00e3o, Ensaio e Inspe\u00e7\u00e3o\"},\"image\":{\"@id\":\"https:\\\/\\\/auna.com.br\\\/auna\\\/#\\\/schema\\\/logo\\\/image\\\/\"}}]}<\/script>\n<!-- \/ Yoast SEO plugin. -->","yoast_head_json":{"title":"Man\u00f4metro Digital Crystal M1 - AUNA Metrologia e Instrumenta\u00e7\u00e3o - Instrumentos de Medi\u00e7\u00e3o, Sensores para Monitoramento e Software para Calibra\u00e7\u00e3o, Ensaio e Inspe\u00e7\u00e3o","robots":{"index":"index","follow":"follow","max-snippet":"max-snippet:-1","max-image-preview":"max-image-preview:large","max-video-preview":"max-video-preview:-1"},"canonical":"https:\/\/auna.com.br\/auna\/produto\/manometro-crystal-m1\/","og_locale":"pt_BR","og_type":"article","og_title":"Man\u00f4metro Digital Crystal M1 - AUNA Metrologia e Instrumenta\u00e7\u00e3o - Instrumentos de Medi\u00e7\u00e3o, Sensores para Monitoramento e Software para Calibra\u00e7\u00e3o, Ensaio e Inspe\u00e7\u00e3o","og_description":"O man\u00f4metro digital M1 possui exatid\u00e3o de \u00b10,2% da leitura operando de -10\u00b0 a 50\u00b0C. A exatid\u00e3o n\u00e3o \u00e9 afetada pela quedas, por sobre-press\u00f5es, vibra\u00e7\u00f5es, temperatura ou mudan\u00e7a r\u00e1pida e picos de press\u00e3o. Dispon\u00edvel a partir da faixa de opera\u00e7\u00e3o de 30 psi. Um \u00fanico M1 com ampla faixa de medi\u00e7\u00e3o \u00e9 capaz de substituir diversos man\u00f4metros anal\u00f3gicos de 0,25% pelo fato de possuir exatid\u00e3o de 0,2% da leitura. \u2013 exatid\u00e3o de \u00b10,2% da leitura \u2013 a exatid\u00e3o \u00e9 mantida em toda faixa de opera\u00e7\u00e3o de -10\u00b0 a 50\u00b0C \u2013 faixas de opera\u00e7\u00e3o de 30 psi a 10000 psi \u2013 extremamente est\u00e1vel: intervalo de calibra\u00e7\u00e3o recomendado de 2 anos \u2013 vida \u00fatil da bateria at\u00e9 3 anos de uso cont\u00ednuo \u2013 display retroiluminado brilhante \u2013 n\u00fameros extra grandes tornam f\u00e1cil de ler \u2013 sele\u00e7\u00e3o de unidades de press\u00e3o \u2013 capa emborrachada para prote\u00e7\u00e3o \u2013 conex\u00e3o CPF com adaptador proporciona facilidade na conex\u00e3o e sem desgaste \u2013 fornecido com certificado de calibra\u00e7\u00e3o Acreditado A2LA (ILAC)","og_url":"https:\/\/auna.com.br\/auna\/produto\/manometro-crystal-m1\/","og_site_name":"AUNA Metrologia e Instrumenta\u00e7\u00e3o - Instrumentos de Medi\u00e7\u00e3o, Sensores para Monitoramento e Software para Calibra\u00e7\u00e3o, Ensaio e Inspe\u00e7\u00e3o","article_modified_time":"2022-04-23T06:38:19+00:00","og_image":[{"width":1020,"height":1020,"url":"https:\/\/auna.com.br\/auna\/wp-content\/uploads\/2022\/04\/ADT686.png","type":"image\/png"}],"twitter_card":"summary_large_image","twitter_misc":{"Est. tempo de leitura":"1 minuto"},"schema":{"@context":"https:\/\/schema.org","@graph":[{"@type":"WebPage","@id":"https:\/\/auna.com.br\/auna\/produto\/manometro-crystal-m1\/","url":"https:\/\/auna.com.br\/auna\/produto\/manometro-crystal-m1\/","name":"Man\u00f4metro Digital Crystal M1 - AUNA Metrologia e Instrumenta\u00e7\u00e3o - Instrumentos de Medi\u00e7\u00e3o, Sensores para Monitoramento e Software para Calibra\u00e7\u00e3o, Ensaio e Inspe\u00e7\u00e3o","isPartOf":{"@id":"https:\/\/auna.com.br\/auna\/#website"},"primaryImageOfPage":{"@id":"https:\/\/auna.com.br\/auna\/produto\/manometro-crystal-m1\/#primaryimage"},"image":{"@id":"https:\/\/auna.com.br\/auna\/produto\/manometro-crystal-m1\/#primaryimage"},"thumbnailUrl":"https:\/\/auna.com.br\/auna\/wp-content\/uploads\/2022\/04\/ADT686.png","datePublished":"2019-06-02T20:01:36+00:00","dateModified":"2022-04-23T06:38:19+00:00","breadcrumb":{"@id":"https:\/\/auna.com.br\/auna\/produto\/manometro-crystal-m1\/#breadcrumb"},"inLanguage":"pt-BR","potentialAction":[{"@type":"ReadAction","target":["https:\/\/auna.com.br\/auna\/produto\/manometro-crystal-m1\/"]}]},{"@type":"ImageObject","inLanguage":"pt-BR","@id":"https:\/\/auna.com.br\/auna\/produto\/manometro-crystal-m1\/#primaryimage","url":"https:\/\/auna.com.br\/auna\/wp-content\/uploads\/2022\/04\/ADT686.png","contentUrl":"https:\/\/auna.com.br\/auna\/wp-content\/uploads\/2022\/04\/ADT686.png","width":1020,"height":1020},{"@type":"BreadcrumbList","@id":"https:\/\/auna.com.br\/auna\/produto\/manometro-crystal-m1\/#breadcrumb","itemListElement":[{"@type":"ListItem","position":1,"name":"In\u00edcio","item":"https:\/\/auna.com.br\/auna\/"},{"@type":"ListItem","position":2,"name":"Instrumentos","item":"https:\/\/auna.com.br\/auna\/loja\/"},{"@type":"ListItem","position":3,"name":"Man\u00f4metro Digital Crystal M1"}]},{"@type":"WebSite","@id":"https:\/\/auna.com.br\/auna\/#website","url":"https:\/\/auna.com.br\/auna\/","name":"AUNA Metrologia e Instrumenta\u00e7\u00e3o - Instrumentos de Medi\u00e7\u00e3o, Sensores para Monitoramento e Software para Calibra\u00e7\u00e3o, Ensaio e Inspe\u00e7\u00e3o","description":"comercial@auna.com.br || +55 15 9 8129-4041","publisher":{"@id":"https:\/\/auna.com.br\/auna\/#organization"},"potentialAction":[{"@type":"SearchAction","target":{"@type":"EntryPoint","urlTemplate":"https:\/\/auna.com.br\/auna\/?s={search_term_string}"},"query-input":{"@type":"PropertyValueSpecification","valueRequired":true,"valueName":"search_term_string"}}],"inLanguage":"pt-BR"},{"@type":"Organization","@id":"https:\/\/auna.com.br\/auna\/#organization","name":"AUNA Metrologia e Instrumenta\u00e7\u00e3o - Instrumentos de Medi\u00e7\u00e3o, Sensores para Monitoramento e Software para Calibra\u00e7\u00e3o, Ensaio e Inspe\u00e7\u00e3o","url":"https:\/\/auna.com.br\/auna\/","logo":{"@type":"ImageObject","inLanguage":"pt-BR","@id":"https:\/\/auna.com.br\/auna\/#\/schema\/logo\/image\/","url":"https:\/\/auna.com.br\/auna\/wp-content\/uploads\/2023\/03\/cropped-AUNA_Logo_Transparente.png","contentUrl":"https:\/\/auna.com.br\/auna\/wp-content\/uploads\/2023\/03\/cropped-AUNA_Logo_Transparente.png","width":960,"height":430,"caption":"AUNA Metrologia e Instrumenta\u00e7\u00e3o - Instrumentos de Medi\u00e7\u00e3o, Sensores para Monitoramento e Software para Calibra\u00e7\u00e3o, Ensaio e Inspe\u00e7\u00e3o"},"image":{"@id":"https:\/\/auna.com.br\/auna\/#\/schema\/logo\/image\/"}}]}},"_links":{"self":[{"href":"https:\/\/auna.com.br\/auna\/wp-json\/wp\/v2\/product\/610","targetHints":{"allow":["GET"]}}],"collection":[{"href":"https:\/\/auna.com.br\/auna\/wp-json\/wp\/v2\/product"}],"about":[{"href":"https:\/\/auna.com.br\/auna\/wp-json\/wp\/v2\/types\/product"}],"replies":[{"embeddable":true,"href":"https:\/\/auna.com.br\/auna\/wp-json\/wp\/v2\/comments?post=610"}],"wp:featuredmedia":[{"embeddable":true,"href":"https:\/\/auna.com.br\/auna\/wp-json\/wp\/v2\/media\/7221"}],"wp:attachment":[{"href":"https:\/\/auna.com.br\/auna\/wp-json\/wp\/v2\/media?parent=610"}],"wp:term":[{"taxonomy":"product_brand","embeddable":true,"href":"https:\/\/auna.com.br\/auna\/wp-json\/wp\/v2\/product_brand?post=610"},{"taxonomy":"product_cat","embeddable":true,"href":"https:\/\/auna.com.br\/auna\/wp-json\/wp\/v2\/product_cat?post=610"},{"taxonomy":"product_tag","embeddable":true,"href":"https:\/\/auna.com.br\/auna\/wp-json\/wp\/v2\/product_tag?post=610"},{"taxonomy":"wpstream_actors","embeddable":true,"href":"https:\/\/auna.com.br\/auna\/wp-json\/wp\/v2\/wpstream_actors?post=610"},{"taxonomy":"wpstream_category","embeddable":true,"href":"https:\/\/auna.com.br\/auna\/wp-json\/wp\/v2\/wpstream_category?post=610"},{"taxonomy":"wpstream_movie_rating","embeddable":true,"href":"https:\/\/auna.com.br\/auna\/wp-json\/wp\/v2\/wpstream_movie_rating?post=610"}],"curies":[{"name":"wp","href":"https:\/\/api.w.org\/{rel}","templated":true}]}}