{"id":612,"date":"2019-06-02T20:02:44","date_gmt":"2019-06-02T20:02:44","guid":{"rendered":"https:\/\/www.aunarepresentacoes.com.br\/?post_type=product&#038;p=612"},"modified":"2022-04-23T03:32:07","modified_gmt":"2022-04-23T06:32:07","slug":"manometro-crystal-xp2i","status":"publish","type":"product","link":"https:\/\/auna.com.br\/auna\/produto\/manometro-crystal-xp2i\/","title":{"rendered":"Man\u00f4metro Digital Crystal XP2i"},"content":{"rendered":"<p><strong>XP2i-IM O Man\u00f4metro de Teste mais Popular do Mundo<\/strong><\/p>\n<p>Certificado INMETRO Ex ia &#8211; Man\u00f4metro Digital, ultra resistente e intrinsecamente seguro<\/p>\n<p>Agora com 3 classes de exatid\u00e3o para sua melhor escolha:<br \/>\nXP2i Standard\u00a0\u00b10,1% da leitura<br \/>\nXP2i-S2 com\u00a0\u00b10,02% FE &#8211;\u00a0solu\u00e7\u00e3o ideal para utiliza\u00e7\u00e3o em laborat\u00f3rio de calibra\u00e7\u00e3o.<br \/>\nXP2i-S5 com\u00a0\u00b10,05% FE &#8211;\u00a0perfeita para quem pretende utilizar este instrumento para testes hidrost\u00e1ticos atendendo DNV<\/p>\n<p>&#8211; a exatid\u00e3o \u00e9 mantida em toda faixa de opera\u00e7\u00e3o de -10\u00b0 a 50\u00b0C<br \/>\n&#8211; dispon\u00edvel com faixas de 15 at\u00e9 15000 psi<br \/>\n&#8211; inv\u00f3lucro IP67, resiste a corros\u00e3o<br \/>\n&#8211; substitui 5 ou mais man\u00f4metros digitais de teste<br \/>\n&#8211; modo de teste de v\u00e1lvula de seguran\u00e7a e al\u00edvio (PSV)<br \/>\n&#8211; sele\u00e7\u00e3o de unidades de press\u00e3o e configura\u00e7\u00e3o de unidade de engenharia especial<br \/>\n&#8211; conex\u00e3o CPF com adaptador proporciona facilidade na conex\u00e3o e sem desgaste<br \/>\n&#8211; extremamente f\u00e1cil de operar mesmo sem manual<br \/>\n&#8211; adicione o upgrade DataLoggerXP opcional e transforme o XP2i em datalogger com 32000 pontos de registro de dados<br \/>\n&#8211; modo ULP para otimiza\u00e7\u00e3o do uso prolongado da bateria<br \/>\n&#8211; capacidade de armazenamento para um ano inteiro<br \/>\n&#8211; opcional -DD com display duplo<br \/>\n&#8211; fornecido com certificado de calibra\u00e7\u00e3o Acreditado A2LA (ILAC).<\/p>\n<p>Acesse este link\u00a0<a href=\"https:\/\/www.youtube.com\/watch?v=vSX0BrMW5U4\">XP2i-IM<\/a>\u00a0e veja o v\u00eddeo que demonstra as caracter\u00edsticas diferenciadores deste equipamento na vers\u00e3o datalogger<\/p>\n","protected":false},"excerpt":{"rendered":"<p>XP2i-IM O Man\u00f4metro de Teste mais Popular do Mundo Certificado INMETRO Ex ia &#8211; Man\u00f4metro Digital, ultra resistente e intrinsecamente seguro Agora com 3 classes de exatid\u00e3o para sua melhor escolha: XP2i Standard\u00a0\u00b10,1% da leitura XP2i-S2 com\u00a0\u00b10,02% FE &#8211;\u00a0solu\u00e7\u00e3o ideal para utiliza\u00e7\u00e3o em laborat\u00f3rio de calibra\u00e7\u00e3o. XP2i-S5 com\u00a0\u00b10,05% FE &#8211;\u00a0perfeita para quem pretende utilizar este [&hellip;]<\/p>\n","protected":false},"featured_media":613,"comment_status":"closed","ping_status":"closed","template":"","meta":[],"product_brand":[],"product_cat":[56,55],"product_tag":[],"wpstream_actors":[],"wpstream_category":[],"wpstream_movie_rating":[],"class_list":{"0":"post-612","1":"product","2":"type-product","3":"status-publish","4":"has-post-thumbnail","6":"product_cat-manometro-digital","7":"product_cat-manometro-vacuometro-manovacuometro-bombas-pressao-peso-morto-calibradores-pressao","9":"first","10":"onbackorder","11":"taxable","12":"shipping-taxable","13":"product-type-simple","14":"czr-hentry"},"yoast_head":"<!-- This site is optimized with the Yoast SEO plugin v27.5 - https:\/\/yoast.com\/product\/yoast-seo-wordpress\/ -->\n<title>Man\u00f4metro Digital Crystal XP2i - AUNA Metrologia e Instrumenta\u00e7\u00e3o - Instrumentos de Medi\u00e7\u00e3o, Sensores para Monitoramento e Software para Calibra\u00e7\u00e3o, Ensaio e Inspe\u00e7\u00e3o<\/title>\n<meta name=\"robots\" content=\"index, follow, max-snippet:-1, max-image-preview:large, max-video-preview:-1\" \/>\n<link rel=\"canonical\" href=\"https:\/\/auna.com.br\/auna\/produto\/manometro-crystal-xp2i\/\" \/>\n<meta property=\"og:locale\" content=\"pt_BR\" \/>\n<meta property=\"og:type\" content=\"article\" \/>\n<meta property=\"og:title\" content=\"Man\u00f4metro Digital Crystal XP2i - AUNA Metrologia e Instrumenta\u00e7\u00e3o - Instrumentos de Medi\u00e7\u00e3o, Sensores para Monitoramento e Software para Calibra\u00e7\u00e3o, Ensaio e Inspe\u00e7\u00e3o\" \/>\n<meta property=\"og:description\" content=\"XP2i-IM O Man\u00f4metro de Teste mais Popular do Mundo Certificado INMETRO Ex ia &#8211; Man\u00f4metro Digital, ultra resistente e intrinsecamente seguro Agora com 3 classes de exatid\u00e3o para sua melhor escolha: XP2i Standard\u00a0\u00b10,1% da leitura XP2i-S2 com\u00a0\u00b10,02% FE &#8211;\u00a0solu\u00e7\u00e3o ideal para utiliza\u00e7\u00e3o em laborat\u00f3rio de calibra\u00e7\u00e3o. XP2i-S5 com\u00a0\u00b10,05% FE &#8211;\u00a0perfeita para quem pretende utilizar este [&hellip;]\" \/>\n<meta property=\"og:url\" content=\"https:\/\/auna.com.br\/auna\/produto\/manometro-crystal-xp2i\/\" \/>\n<meta property=\"og:site_name\" content=\"AUNA Metrologia e Instrumenta\u00e7\u00e3o - Instrumentos de Medi\u00e7\u00e3o, Sensores para Monitoramento e Software para Calibra\u00e7\u00e3o, Ensaio e Inspe\u00e7\u00e3o\" \/>\n<meta property=\"article:modified_time\" content=\"2022-04-23T06:32:07+00:00\" \/>\n<meta property=\"og:image\" content=\"https:\/\/auna.com.br\/auna\/wp-content\/uploads\/2019\/06\/xp2i.jpg\" \/>\n\t<meta property=\"og:image:width\" content=\"400\" \/>\n\t<meta property=\"og:image:height\" content=\"400\" \/>\n\t<meta property=\"og:image:type\" content=\"image\/jpeg\" \/>\n<meta name=\"twitter:card\" content=\"summary_large_image\" \/>\n<meta name=\"twitter:label1\" content=\"Est. tempo de leitura\" \/>\n\t<meta name=\"twitter:data1\" content=\"1 minuto\" \/>\n<script type=\"application\/ld+json\" class=\"yoast-schema-graph\">{\"@context\":\"https:\\\/\\\/schema.org\",\"@graph\":[{\"@type\":\"WebPage\",\"@id\":\"https:\\\/\\\/auna.com.br\\\/auna\\\/produto\\\/manometro-crystal-xp2i\\\/\",\"url\":\"https:\\\/\\\/auna.com.br\\\/auna\\\/produto\\\/manometro-crystal-xp2i\\\/\",\"name\":\"Man\u00f4metro Digital Crystal XP2i - AUNA Metrologia e Instrumenta\u00e7\u00e3o - Instrumentos de Medi\u00e7\u00e3o, Sensores para Monitoramento e Software para Calibra\u00e7\u00e3o, Ensaio e Inspe\u00e7\u00e3o\",\"isPartOf\":{\"@id\":\"https:\\\/\\\/auna.com.br\\\/auna\\\/#website\"},\"primaryImageOfPage\":{\"@id\":\"https:\\\/\\\/auna.com.br\\\/auna\\\/produto\\\/manometro-crystal-xp2i\\\/#primaryimage\"},\"image\":{\"@id\":\"https:\\\/\\\/auna.com.br\\\/auna\\\/produto\\\/manometro-crystal-xp2i\\\/#primaryimage\"},\"thumbnailUrl\":\"https:\\\/\\\/auna.com.br\\\/auna\\\/wp-content\\\/uploads\\\/2019\\\/06\\\/xp2i.jpg\",\"datePublished\":\"2019-06-02T20:02:44+00:00\",\"dateModified\":\"2022-04-23T06:32:07+00:00\",\"breadcrumb\":{\"@id\":\"https:\\\/\\\/auna.com.br\\\/auna\\\/produto\\\/manometro-crystal-xp2i\\\/#breadcrumb\"},\"inLanguage\":\"pt-BR\",\"potentialAction\":[{\"@type\":\"ReadAction\",\"target\":[\"https:\\\/\\\/auna.com.br\\\/auna\\\/produto\\\/manometro-crystal-xp2i\\\/\"]}]},{\"@type\":\"ImageObject\",\"inLanguage\":\"pt-BR\",\"@id\":\"https:\\\/\\\/auna.com.br\\\/auna\\\/produto\\\/manometro-crystal-xp2i\\\/#primaryimage\",\"url\":\"https:\\\/\\\/auna.com.br\\\/auna\\\/wp-content\\\/uploads\\\/2019\\\/06\\\/xp2i.jpg\",\"contentUrl\":\"https:\\\/\\\/auna.com.br\\\/auna\\\/wp-content\\\/uploads\\\/2019\\\/06\\\/xp2i.jpg\",\"width\":400,\"height\":400},{\"@type\":\"BreadcrumbList\",\"@id\":\"https:\\\/\\\/auna.com.br\\\/auna\\\/produto\\\/manometro-crystal-xp2i\\\/#breadcrumb\",\"itemListElement\":[{\"@type\":\"ListItem\",\"position\":1,\"name\":\"In\u00edcio\",\"item\":\"https:\\\/\\\/auna.com.br\\\/auna\\\/\"},{\"@type\":\"ListItem\",\"position\":2,\"name\":\"Instrumentos\",\"item\":\"https:\\\/\\\/auna.com.br\\\/auna\\\/loja\\\/\"},{\"@type\":\"ListItem\",\"position\":3,\"name\":\"Man\u00f4metro Digital Crystal XP2i\"}]},{\"@type\":\"WebSite\",\"@id\":\"https:\\\/\\\/auna.com.br\\\/auna\\\/#website\",\"url\":\"https:\\\/\\\/auna.com.br\\\/auna\\\/\",\"name\":\"AUNA Metrologia e Instrumenta\u00e7\u00e3o - Instrumentos de Medi\u00e7\u00e3o, Sensores para Monitoramento e Software para Calibra\u00e7\u00e3o, Ensaio e Inspe\u00e7\u00e3o\",\"description\":\"comercial@auna.com.br || +55 15 9 8129-4041\",\"publisher\":{\"@id\":\"https:\\\/\\\/auna.com.br\\\/auna\\\/#organization\"},\"potentialAction\":[{\"@type\":\"SearchAction\",\"target\":{\"@type\":\"EntryPoint\",\"urlTemplate\":\"https:\\\/\\\/auna.com.br\\\/auna\\\/?s={search_term_string}\"},\"query-input\":{\"@type\":\"PropertyValueSpecification\",\"valueRequired\":true,\"valueName\":\"search_term_string\"}}],\"inLanguage\":\"pt-BR\"},{\"@type\":\"Organization\",\"@id\":\"https:\\\/\\\/auna.com.br\\\/auna\\\/#organization\",\"name\":\"AUNA Metrologia e Instrumenta\u00e7\u00e3o - Instrumentos de Medi\u00e7\u00e3o, Sensores para Monitoramento e Software para Calibra\u00e7\u00e3o, Ensaio e Inspe\u00e7\u00e3o\",\"url\":\"https:\\\/\\\/auna.com.br\\\/auna\\\/\",\"logo\":{\"@type\":\"ImageObject\",\"inLanguage\":\"pt-BR\",\"@id\":\"https:\\\/\\\/auna.com.br\\\/auna\\\/#\\\/schema\\\/logo\\\/image\\\/\",\"url\":\"https:\\\/\\\/auna.com.br\\\/auna\\\/wp-content\\\/uploads\\\/2023\\\/03\\\/cropped-AUNA_Logo_Transparente.png\",\"contentUrl\":\"https:\\\/\\\/auna.com.br\\\/auna\\\/wp-content\\\/uploads\\\/2023\\\/03\\\/cropped-AUNA_Logo_Transparente.png\",\"width\":960,\"height\":430,\"caption\":\"AUNA Metrologia e Instrumenta\u00e7\u00e3o - Instrumentos de Medi\u00e7\u00e3o, Sensores para Monitoramento e Software para Calibra\u00e7\u00e3o, Ensaio e Inspe\u00e7\u00e3o\"},\"image\":{\"@id\":\"https:\\\/\\\/auna.com.br\\\/auna\\\/#\\\/schema\\\/logo\\\/image\\\/\"}}]}<\/script>\n<!-- \/ Yoast SEO plugin. -->","yoast_head_json":{"title":"Man\u00f4metro Digital Crystal XP2i - AUNA Metrologia e Instrumenta\u00e7\u00e3o - Instrumentos de Medi\u00e7\u00e3o, Sensores para Monitoramento e Software para Calibra\u00e7\u00e3o, Ensaio e Inspe\u00e7\u00e3o","robots":{"index":"index","follow":"follow","max-snippet":"max-snippet:-1","max-image-preview":"max-image-preview:large","max-video-preview":"max-video-preview:-1"},"canonical":"https:\/\/auna.com.br\/auna\/produto\/manometro-crystal-xp2i\/","og_locale":"pt_BR","og_type":"article","og_title":"Man\u00f4metro Digital Crystal XP2i - AUNA Metrologia e Instrumenta\u00e7\u00e3o - Instrumentos de Medi\u00e7\u00e3o, Sensores para Monitoramento e Software para Calibra\u00e7\u00e3o, Ensaio e Inspe\u00e7\u00e3o","og_description":"XP2i-IM O Man\u00f4metro de Teste mais Popular do Mundo Certificado INMETRO Ex ia &#8211; Man\u00f4metro Digital, ultra resistente e intrinsecamente seguro Agora com 3 classes de exatid\u00e3o para sua melhor escolha: XP2i Standard\u00a0\u00b10,1% da leitura XP2i-S2 com\u00a0\u00b10,02% FE &#8211;\u00a0solu\u00e7\u00e3o ideal para utiliza\u00e7\u00e3o em laborat\u00f3rio de calibra\u00e7\u00e3o. XP2i-S5 com\u00a0\u00b10,05% FE &#8211;\u00a0perfeita para quem pretende utilizar este [&hellip;]","og_url":"https:\/\/auna.com.br\/auna\/produto\/manometro-crystal-xp2i\/","og_site_name":"AUNA Metrologia e Instrumenta\u00e7\u00e3o - Instrumentos de Medi\u00e7\u00e3o, Sensores para Monitoramento e Software para Calibra\u00e7\u00e3o, Ensaio e Inspe\u00e7\u00e3o","article_modified_time":"2022-04-23T06:32:07+00:00","og_image":[{"width":400,"height":400,"url":"https:\/\/auna.com.br\/auna\/wp-content\/uploads\/2019\/06\/xp2i.jpg","type":"image\/jpeg"}],"twitter_card":"summary_large_image","twitter_misc":{"Est. tempo de leitura":"1 minuto"},"schema":{"@context":"https:\/\/schema.org","@graph":[{"@type":"WebPage","@id":"https:\/\/auna.com.br\/auna\/produto\/manometro-crystal-xp2i\/","url":"https:\/\/auna.com.br\/auna\/produto\/manometro-crystal-xp2i\/","name":"Man\u00f4metro Digital Crystal XP2i - AUNA Metrologia e Instrumenta\u00e7\u00e3o - Instrumentos de Medi\u00e7\u00e3o, Sensores para Monitoramento e Software para Calibra\u00e7\u00e3o, Ensaio e Inspe\u00e7\u00e3o","isPartOf":{"@id":"https:\/\/auna.com.br\/auna\/#website"},"primaryImageOfPage":{"@id":"https:\/\/auna.com.br\/auna\/produto\/manometro-crystal-xp2i\/#primaryimage"},"image":{"@id":"https:\/\/auna.com.br\/auna\/produto\/manometro-crystal-xp2i\/#primaryimage"},"thumbnailUrl":"https:\/\/auna.com.br\/auna\/wp-content\/uploads\/2019\/06\/xp2i.jpg","datePublished":"2019-06-02T20:02:44+00:00","dateModified":"2022-04-23T06:32:07+00:00","breadcrumb":{"@id":"https:\/\/auna.com.br\/auna\/produto\/manometro-crystal-xp2i\/#breadcrumb"},"inLanguage":"pt-BR","potentialAction":[{"@type":"ReadAction","target":["https:\/\/auna.com.br\/auna\/produto\/manometro-crystal-xp2i\/"]}]},{"@type":"ImageObject","inLanguage":"pt-BR","@id":"https:\/\/auna.com.br\/auna\/produto\/manometro-crystal-xp2i\/#primaryimage","url":"https:\/\/auna.com.br\/auna\/wp-content\/uploads\/2019\/06\/xp2i.jpg","contentUrl":"https:\/\/auna.com.br\/auna\/wp-content\/uploads\/2019\/06\/xp2i.jpg","width":400,"height":400},{"@type":"BreadcrumbList","@id":"https:\/\/auna.com.br\/auna\/produto\/manometro-crystal-xp2i\/#breadcrumb","itemListElement":[{"@type":"ListItem","position":1,"name":"In\u00edcio","item":"https:\/\/auna.com.br\/auna\/"},{"@type":"ListItem","position":2,"name":"Instrumentos","item":"https:\/\/auna.com.br\/auna\/loja\/"},{"@type":"ListItem","position":3,"name":"Man\u00f4metro Digital Crystal XP2i"}]},{"@type":"WebSite","@id":"https:\/\/auna.com.br\/auna\/#website","url":"https:\/\/auna.com.br\/auna\/","name":"AUNA Metrologia e Instrumenta\u00e7\u00e3o - Instrumentos de Medi\u00e7\u00e3o, Sensores para Monitoramento e Software para Calibra\u00e7\u00e3o, Ensaio e Inspe\u00e7\u00e3o","description":"comercial@auna.com.br || +55 15 9 8129-4041","publisher":{"@id":"https:\/\/auna.com.br\/auna\/#organization"},"potentialAction":[{"@type":"SearchAction","target":{"@type":"EntryPoint","urlTemplate":"https:\/\/auna.com.br\/auna\/?s={search_term_string}"},"query-input":{"@type":"PropertyValueSpecification","valueRequired":true,"valueName":"search_term_string"}}],"inLanguage":"pt-BR"},{"@type":"Organization","@id":"https:\/\/auna.com.br\/auna\/#organization","name":"AUNA Metrologia e Instrumenta\u00e7\u00e3o - Instrumentos de Medi\u00e7\u00e3o, Sensores para Monitoramento e Software para Calibra\u00e7\u00e3o, Ensaio e Inspe\u00e7\u00e3o","url":"https:\/\/auna.com.br\/auna\/","logo":{"@type":"ImageObject","inLanguage":"pt-BR","@id":"https:\/\/auna.com.br\/auna\/#\/schema\/logo\/image\/","url":"https:\/\/auna.com.br\/auna\/wp-content\/uploads\/2023\/03\/cropped-AUNA_Logo_Transparente.png","contentUrl":"https:\/\/auna.com.br\/auna\/wp-content\/uploads\/2023\/03\/cropped-AUNA_Logo_Transparente.png","width":960,"height":430,"caption":"AUNA Metrologia e Instrumenta\u00e7\u00e3o - Instrumentos de Medi\u00e7\u00e3o, Sensores para Monitoramento e Software para Calibra\u00e7\u00e3o, Ensaio e Inspe\u00e7\u00e3o"},"image":{"@id":"https:\/\/auna.com.br\/auna\/#\/schema\/logo\/image\/"}}]}},"_links":{"self":[{"href":"https:\/\/auna.com.br\/auna\/wp-json\/wp\/v2\/product\/612","targetHints":{"allow":["GET"]}}],"collection":[{"href":"https:\/\/auna.com.br\/auna\/wp-json\/wp\/v2\/product"}],"about":[{"href":"https:\/\/auna.com.br\/auna\/wp-json\/wp\/v2\/types\/product"}],"replies":[{"embeddable":true,"href":"https:\/\/auna.com.br\/auna\/wp-json\/wp\/v2\/comments?post=612"}],"wp:featuredmedia":[{"embeddable":true,"href":"https:\/\/auna.com.br\/auna\/wp-json\/wp\/v2\/media\/613"}],"wp:attachment":[{"href":"https:\/\/auna.com.br\/auna\/wp-json\/wp\/v2\/media?parent=612"}],"wp:term":[{"taxonomy":"product_brand","embeddable":true,"href":"https:\/\/auna.com.br\/auna\/wp-json\/wp\/v2\/product_brand?post=612"},{"taxonomy":"product_cat","embeddable":true,"href":"https:\/\/auna.com.br\/auna\/wp-json\/wp\/v2\/product_cat?post=612"},{"taxonomy":"product_tag","embeddable":true,"href":"https:\/\/auna.com.br\/auna\/wp-json\/wp\/v2\/product_tag?post=612"},{"taxonomy":"wpstream_actors","embeddable":true,"href":"https:\/\/auna.com.br\/auna\/wp-json\/wp\/v2\/wpstream_actors?post=612"},{"taxonomy":"wpstream_category","embeddable":true,"href":"https:\/\/auna.com.br\/auna\/wp-json\/wp\/v2\/wpstream_category?post=612"},{"taxonomy":"wpstream_movie_rating","embeddable":true,"href":"https:\/\/auna.com.br\/auna\/wp-json\/wp\/v2\/wpstream_movie_rating?post=612"}],"curies":[{"name":"wp","href":"https:\/\/api.w.org\/{rel}","templated":true}]}}