{"id":625,"date":"2019-06-02T20:19:22","date_gmt":"2019-06-02T23:19:22","guid":{"rendered":"https:\/\/www.aunarepresentacoes.com.br\/?post_type=product&#038;p=625"},"modified":"2023-02-23T08:40:07","modified_gmt":"2023-02-23T11:40:07","slug":"manifold-de-pressao-pneumatico-additel-128","status":"publish","type":"product","link":"https:\/\/auna.com.br\/auna\/produto\/manifold-de-pressao-pneumatico-additel-128\/","title":{"rendered":"Manifold de Press\u00e3o Pneum\u00e1tico Additel 128"},"content":{"rendered":"<p><strong>Additel 128 &#8211; Manifold de Press\u00e3o Pneum\u00e1tico com 1 conex\u00e3o<\/strong><\/p>\n<p>Manifold para utiliza\u00e7\u00e3o em testes de press\u00e3o, conex\u00f5es com aperto r\u00e1pido dispensando o uso de chaves e fita de veda\u00e7\u00e3o pois a conex\u00e3o dos instrumentos \u00e9 feita com as m\u00e3os. Press\u00e3o de opera\u00e7\u00e3o desde v\u00e1cuo at\u00e9 3000 PSI.<\/p>\n<div><strong>Dispon\u00edvel nas vers\u00f5es<\/strong><\/div>\n<div>\n<div>\n<div>\u2022 ADT128-N conex\u00f5es 1\/4&#8243;NPT f\u00eamea<\/div>\n<div>\u2022 ADT128-N2 conex\u00f5es 1\/2&#8243;NPT f\u00eamea<\/div>\n<div>\u2022 ADT128-M conex\u00f5es M20X1.5 f\u00eamea<\/div>\n<div>\u2022 ADT128-B conex\u00f5es 1\/4&#8243;BSP f\u00eamea<\/div>\n<\/div>\n<div>\u2022 ADT128-B2 conex\u00f5es 1\/2&#8243;BSP f\u00eamea<\/div>\n<div><\/div>\n<div><strong>V\u00eddeos Demonstrativos<\/strong><\/div>\n<div>\n<div>\n<div>\n<div>\n<div>Veja os v\u00eddeos abaixo para conhecer mais sobre as bombas:<\/div>\n<\/div>\n<\/div>\n<\/div>\n<div>\n<div><a title=\"Additel Acess\u00f3rios\" href=\"https:\/\/www.youtube.com\/watch?v=67lAt_-v2QA\" target=\"_blank\" rel=\"noopener noreferrer\"><strong>Acess\u00f3rios<\/strong><\/a><\/div>\n<\/div>\n<\/div>\n<\/div>\n","protected":false},"excerpt":{"rendered":"<p>Additel 128 &#8211; Manifold de Press\u00e3o Pneum\u00e1tico com 1 conex\u00e3o Manifold para utiliza\u00e7\u00e3o em testes de press\u00e3o, conex\u00f5es com aperto r\u00e1pido dispensando o uso de chaves e fita de veda\u00e7\u00e3o pois a conex\u00e3o dos instrumentos \u00e9 feita com as m\u00e3os. Press\u00e3o de opera\u00e7\u00e3o desde v\u00e1cuo at\u00e9 3000 PSI. Dispon\u00edvel nas vers\u00f5es \u2022 ADT128-N conex\u00f5es 1\/4&#8243;NPT [&hellip;]<\/p>\n","protected":false},"featured_media":626,"comment_status":"closed","ping_status":"closed","template":"","meta":[],"product_brand":[],"product_cat":[57,260,55],"product_tag":[],"wpstream_actors":[],"wpstream_category":[],"wpstream_movie_rating":[],"class_list":{"0":"post-625","1":"product","2":"type-product","3":"status-publish","4":"has-post-thumbnail","6":"product_cat-acessorios","7":"product_cat-manifold","8":"product_cat-manometro-vacuometro-manovacuometro-bombas-pressao-peso-morto-calibradores-pressao","10":"first","11":"onbackorder","12":"taxable","13":"shipping-taxable","14":"product-type-simple","15":"czr-hentry"},"yoast_head":"<!-- This site is optimized with the Yoast SEO plugin v27.5 - https:\/\/yoast.com\/product\/yoast-seo-wordpress\/ -->\n<title>Manifold de Press\u00e3o Pneum\u00e1tico Additel 128 - AUNA Metrologia e Instrumenta\u00e7\u00e3o - Instrumentos de Medi\u00e7\u00e3o, Sensores para Monitoramento e Software para Calibra\u00e7\u00e3o, Ensaio e Inspe\u00e7\u00e3o<\/title>\n<meta name=\"robots\" content=\"index, follow, max-snippet:-1, max-image-preview:large, max-video-preview:-1\" \/>\n<link rel=\"canonical\" href=\"https:\/\/auna.com.br\/auna\/produto\/manifold-de-pressao-pneumatico-additel-128\/\" \/>\n<meta property=\"og:locale\" content=\"pt_BR\" \/>\n<meta property=\"og:type\" content=\"article\" \/>\n<meta property=\"og:title\" content=\"Manifold de Press\u00e3o Pneum\u00e1tico Additel 128 - AUNA Metrologia e Instrumenta\u00e7\u00e3o - Instrumentos de Medi\u00e7\u00e3o, Sensores para Monitoramento e Software para Calibra\u00e7\u00e3o, Ensaio e Inspe\u00e7\u00e3o\" \/>\n<meta property=\"og:description\" content=\"Additel 128 &#8211; Manifold de Press\u00e3o Pneum\u00e1tico com 1 conex\u00e3o Manifold para utiliza\u00e7\u00e3o em testes de press\u00e3o, conex\u00f5es com aperto r\u00e1pido dispensando o uso de chaves e fita de veda\u00e7\u00e3o pois a conex\u00e3o dos instrumentos \u00e9 feita com as m\u00e3os. Press\u00e3o de opera\u00e7\u00e3o desde v\u00e1cuo at\u00e9 3000 PSI. Dispon\u00edvel nas vers\u00f5es \u2022 ADT128-N conex\u00f5es 1\/4&#8243;NPT [&hellip;]\" \/>\n<meta property=\"og:url\" content=\"https:\/\/auna.com.br\/auna\/produto\/manifold-de-pressao-pneumatico-additel-128\/\" \/>\n<meta property=\"og:site_name\" content=\"AUNA Metrologia e Instrumenta\u00e7\u00e3o - Instrumentos de Medi\u00e7\u00e3o, Sensores para Monitoramento e Software para Calibra\u00e7\u00e3o, Ensaio e Inspe\u00e7\u00e3o\" \/>\n<meta property=\"article:modified_time\" content=\"2023-02-23T11:40:07+00:00\" \/>\n<meta property=\"og:image\" content=\"https:\/\/auna.com.br\/auna\/wp-content\/uploads\/2019\/06\/additel_128.jpg\" \/>\n\t<meta property=\"og:image:width\" content=\"400\" \/>\n\t<meta property=\"og:image:height\" content=\"400\" \/>\n\t<meta property=\"og:image:type\" content=\"image\/jpeg\" \/>\n<meta name=\"twitter:card\" content=\"summary_large_image\" \/>\n<meta name=\"twitter:label1\" content=\"Est. tempo de leitura\" \/>\n\t<meta name=\"twitter:data1\" content=\"1 minuto\" \/>\n<script type=\"application\/ld+json\" class=\"yoast-schema-graph\">{\"@context\":\"https:\\\/\\\/schema.org\",\"@graph\":[{\"@type\":\"WebPage\",\"@id\":\"https:\\\/\\\/auna.com.br\\\/auna\\\/produto\\\/manifold-de-pressao-pneumatico-additel-128\\\/\",\"url\":\"https:\\\/\\\/auna.com.br\\\/auna\\\/produto\\\/manifold-de-pressao-pneumatico-additel-128\\\/\",\"name\":\"Manifold de Press\u00e3o Pneum\u00e1tico Additel 128 - AUNA Metrologia e Instrumenta\u00e7\u00e3o - Instrumentos de Medi\u00e7\u00e3o, Sensores para Monitoramento e Software para Calibra\u00e7\u00e3o, Ensaio e Inspe\u00e7\u00e3o\",\"isPartOf\":{\"@id\":\"https:\\\/\\\/auna.com.br\\\/auna\\\/#website\"},\"primaryImageOfPage\":{\"@id\":\"https:\\\/\\\/auna.com.br\\\/auna\\\/produto\\\/manifold-de-pressao-pneumatico-additel-128\\\/#primaryimage\"},\"image\":{\"@id\":\"https:\\\/\\\/auna.com.br\\\/auna\\\/produto\\\/manifold-de-pressao-pneumatico-additel-128\\\/#primaryimage\"},\"thumbnailUrl\":\"https:\\\/\\\/auna.com.br\\\/auna\\\/wp-content\\\/uploads\\\/2019\\\/06\\\/additel_128.jpg\",\"datePublished\":\"2019-06-02T23:19:22+00:00\",\"dateModified\":\"2023-02-23T11:40:07+00:00\",\"breadcrumb\":{\"@id\":\"https:\\\/\\\/auna.com.br\\\/auna\\\/produto\\\/manifold-de-pressao-pneumatico-additel-128\\\/#breadcrumb\"},\"inLanguage\":\"pt-BR\",\"potentialAction\":[{\"@type\":\"ReadAction\",\"target\":[\"https:\\\/\\\/auna.com.br\\\/auna\\\/produto\\\/manifold-de-pressao-pneumatico-additel-128\\\/\"]}]},{\"@type\":\"ImageObject\",\"inLanguage\":\"pt-BR\",\"@id\":\"https:\\\/\\\/auna.com.br\\\/auna\\\/produto\\\/manifold-de-pressao-pneumatico-additel-128\\\/#primaryimage\",\"url\":\"https:\\\/\\\/auna.com.br\\\/auna\\\/wp-content\\\/uploads\\\/2019\\\/06\\\/additel_128.jpg\",\"contentUrl\":\"https:\\\/\\\/auna.com.br\\\/auna\\\/wp-content\\\/uploads\\\/2019\\\/06\\\/additel_128.jpg\",\"width\":400,\"height\":400},{\"@type\":\"BreadcrumbList\",\"@id\":\"https:\\\/\\\/auna.com.br\\\/auna\\\/produto\\\/manifold-de-pressao-pneumatico-additel-128\\\/#breadcrumb\",\"itemListElement\":[{\"@type\":\"ListItem\",\"position\":1,\"name\":\"In\u00edcio\",\"item\":\"https:\\\/\\\/auna.com.br\\\/auna\\\/\"},{\"@type\":\"ListItem\",\"position\":2,\"name\":\"Instrumentos\",\"item\":\"https:\\\/\\\/auna.com.br\\\/auna\\\/loja\\\/\"},{\"@type\":\"ListItem\",\"position\":3,\"name\":\"Manifold de Press\u00e3o Pneum\u00e1tico Additel 128\"}]},{\"@type\":\"WebSite\",\"@id\":\"https:\\\/\\\/auna.com.br\\\/auna\\\/#website\",\"url\":\"https:\\\/\\\/auna.com.br\\\/auna\\\/\",\"name\":\"AUNA Metrologia e Instrumenta\u00e7\u00e3o - Instrumentos de Medi\u00e7\u00e3o, Sensores para Monitoramento e Software para Calibra\u00e7\u00e3o, Ensaio e Inspe\u00e7\u00e3o\",\"description\":\"comercial@auna.com.br || +55 15 9 8129-4041\",\"publisher\":{\"@id\":\"https:\\\/\\\/auna.com.br\\\/auna\\\/#organization\"},\"potentialAction\":[{\"@type\":\"SearchAction\",\"target\":{\"@type\":\"EntryPoint\",\"urlTemplate\":\"https:\\\/\\\/auna.com.br\\\/auna\\\/?s={search_term_string}\"},\"query-input\":{\"@type\":\"PropertyValueSpecification\",\"valueRequired\":true,\"valueName\":\"search_term_string\"}}],\"inLanguage\":\"pt-BR\"},{\"@type\":\"Organization\",\"@id\":\"https:\\\/\\\/auna.com.br\\\/auna\\\/#organization\",\"name\":\"AUNA Metrologia e Instrumenta\u00e7\u00e3o - Instrumentos de Medi\u00e7\u00e3o, Sensores para Monitoramento e Software para Calibra\u00e7\u00e3o, Ensaio e Inspe\u00e7\u00e3o\",\"url\":\"https:\\\/\\\/auna.com.br\\\/auna\\\/\",\"logo\":{\"@type\":\"ImageObject\",\"inLanguage\":\"pt-BR\",\"@id\":\"https:\\\/\\\/auna.com.br\\\/auna\\\/#\\\/schema\\\/logo\\\/image\\\/\",\"url\":\"https:\\\/\\\/auna.com.br\\\/auna\\\/wp-content\\\/uploads\\\/2023\\\/03\\\/cropped-AUNA_Logo_Transparente.png\",\"contentUrl\":\"https:\\\/\\\/auna.com.br\\\/auna\\\/wp-content\\\/uploads\\\/2023\\\/03\\\/cropped-AUNA_Logo_Transparente.png\",\"width\":960,\"height\":430,\"caption\":\"AUNA Metrologia e Instrumenta\u00e7\u00e3o - Instrumentos de Medi\u00e7\u00e3o, Sensores para Monitoramento e Software para Calibra\u00e7\u00e3o, Ensaio e Inspe\u00e7\u00e3o\"},\"image\":{\"@id\":\"https:\\\/\\\/auna.com.br\\\/auna\\\/#\\\/schema\\\/logo\\\/image\\\/\"}}]}<\/script>\n<!-- \/ Yoast SEO plugin. -->","yoast_head_json":{"title":"Manifold de Press\u00e3o Pneum\u00e1tico Additel 128 - AUNA Metrologia e Instrumenta\u00e7\u00e3o - Instrumentos de Medi\u00e7\u00e3o, Sensores para Monitoramento e Software para Calibra\u00e7\u00e3o, Ensaio e Inspe\u00e7\u00e3o","robots":{"index":"index","follow":"follow","max-snippet":"max-snippet:-1","max-image-preview":"max-image-preview:large","max-video-preview":"max-video-preview:-1"},"canonical":"https:\/\/auna.com.br\/auna\/produto\/manifold-de-pressao-pneumatico-additel-128\/","og_locale":"pt_BR","og_type":"article","og_title":"Manifold de Press\u00e3o Pneum\u00e1tico Additel 128 - AUNA Metrologia e Instrumenta\u00e7\u00e3o - Instrumentos de Medi\u00e7\u00e3o, Sensores para Monitoramento e Software para Calibra\u00e7\u00e3o, Ensaio e Inspe\u00e7\u00e3o","og_description":"Additel 128 &#8211; Manifold de Press\u00e3o Pneum\u00e1tico com 1 conex\u00e3o Manifold para utiliza\u00e7\u00e3o em testes de press\u00e3o, conex\u00f5es com aperto r\u00e1pido dispensando o uso de chaves e fita de veda\u00e7\u00e3o pois a conex\u00e3o dos instrumentos \u00e9 feita com as m\u00e3os. Press\u00e3o de opera\u00e7\u00e3o desde v\u00e1cuo at\u00e9 3000 PSI. Dispon\u00edvel nas vers\u00f5es \u2022 ADT128-N conex\u00f5es 1\/4&#8243;NPT [&hellip;]","og_url":"https:\/\/auna.com.br\/auna\/produto\/manifold-de-pressao-pneumatico-additel-128\/","og_site_name":"AUNA Metrologia e Instrumenta\u00e7\u00e3o - Instrumentos de Medi\u00e7\u00e3o, Sensores para Monitoramento e Software para Calibra\u00e7\u00e3o, Ensaio e Inspe\u00e7\u00e3o","article_modified_time":"2023-02-23T11:40:07+00:00","og_image":[{"width":400,"height":400,"url":"https:\/\/auna.com.br\/auna\/wp-content\/uploads\/2019\/06\/additel_128.jpg","type":"image\/jpeg"}],"twitter_card":"summary_large_image","twitter_misc":{"Est. tempo de leitura":"1 minuto"},"schema":{"@context":"https:\/\/schema.org","@graph":[{"@type":"WebPage","@id":"https:\/\/auna.com.br\/auna\/produto\/manifold-de-pressao-pneumatico-additel-128\/","url":"https:\/\/auna.com.br\/auna\/produto\/manifold-de-pressao-pneumatico-additel-128\/","name":"Manifold de Press\u00e3o Pneum\u00e1tico Additel 128 - AUNA Metrologia e Instrumenta\u00e7\u00e3o - Instrumentos de Medi\u00e7\u00e3o, Sensores para Monitoramento e Software para Calibra\u00e7\u00e3o, Ensaio e Inspe\u00e7\u00e3o","isPartOf":{"@id":"https:\/\/auna.com.br\/auna\/#website"},"primaryImageOfPage":{"@id":"https:\/\/auna.com.br\/auna\/produto\/manifold-de-pressao-pneumatico-additel-128\/#primaryimage"},"image":{"@id":"https:\/\/auna.com.br\/auna\/produto\/manifold-de-pressao-pneumatico-additel-128\/#primaryimage"},"thumbnailUrl":"https:\/\/auna.com.br\/auna\/wp-content\/uploads\/2019\/06\/additel_128.jpg","datePublished":"2019-06-02T23:19:22+00:00","dateModified":"2023-02-23T11:40:07+00:00","breadcrumb":{"@id":"https:\/\/auna.com.br\/auna\/produto\/manifold-de-pressao-pneumatico-additel-128\/#breadcrumb"},"inLanguage":"pt-BR","potentialAction":[{"@type":"ReadAction","target":["https:\/\/auna.com.br\/auna\/produto\/manifold-de-pressao-pneumatico-additel-128\/"]}]},{"@type":"ImageObject","inLanguage":"pt-BR","@id":"https:\/\/auna.com.br\/auna\/produto\/manifold-de-pressao-pneumatico-additel-128\/#primaryimage","url":"https:\/\/auna.com.br\/auna\/wp-content\/uploads\/2019\/06\/additel_128.jpg","contentUrl":"https:\/\/auna.com.br\/auna\/wp-content\/uploads\/2019\/06\/additel_128.jpg","width":400,"height":400},{"@type":"BreadcrumbList","@id":"https:\/\/auna.com.br\/auna\/produto\/manifold-de-pressao-pneumatico-additel-128\/#breadcrumb","itemListElement":[{"@type":"ListItem","position":1,"name":"In\u00edcio","item":"https:\/\/auna.com.br\/auna\/"},{"@type":"ListItem","position":2,"name":"Instrumentos","item":"https:\/\/auna.com.br\/auna\/loja\/"},{"@type":"ListItem","position":3,"name":"Manifold de Press\u00e3o Pneum\u00e1tico Additel 128"}]},{"@type":"WebSite","@id":"https:\/\/auna.com.br\/auna\/#website","url":"https:\/\/auna.com.br\/auna\/","name":"AUNA Metrologia e Instrumenta\u00e7\u00e3o - Instrumentos de Medi\u00e7\u00e3o, Sensores para Monitoramento e Software para Calibra\u00e7\u00e3o, Ensaio e Inspe\u00e7\u00e3o","description":"comercial@auna.com.br || +55 15 9 8129-4041","publisher":{"@id":"https:\/\/auna.com.br\/auna\/#organization"},"potentialAction":[{"@type":"SearchAction","target":{"@type":"EntryPoint","urlTemplate":"https:\/\/auna.com.br\/auna\/?s={search_term_string}"},"query-input":{"@type":"PropertyValueSpecification","valueRequired":true,"valueName":"search_term_string"}}],"inLanguage":"pt-BR"},{"@type":"Organization","@id":"https:\/\/auna.com.br\/auna\/#organization","name":"AUNA Metrologia e Instrumenta\u00e7\u00e3o - Instrumentos de Medi\u00e7\u00e3o, Sensores para Monitoramento e Software para Calibra\u00e7\u00e3o, Ensaio e Inspe\u00e7\u00e3o","url":"https:\/\/auna.com.br\/auna\/","logo":{"@type":"ImageObject","inLanguage":"pt-BR","@id":"https:\/\/auna.com.br\/auna\/#\/schema\/logo\/image\/","url":"https:\/\/auna.com.br\/auna\/wp-content\/uploads\/2023\/03\/cropped-AUNA_Logo_Transparente.png","contentUrl":"https:\/\/auna.com.br\/auna\/wp-content\/uploads\/2023\/03\/cropped-AUNA_Logo_Transparente.png","width":960,"height":430,"caption":"AUNA Metrologia e Instrumenta\u00e7\u00e3o - Instrumentos de Medi\u00e7\u00e3o, Sensores para Monitoramento e Software para Calibra\u00e7\u00e3o, Ensaio e Inspe\u00e7\u00e3o"},"image":{"@id":"https:\/\/auna.com.br\/auna\/#\/schema\/logo\/image\/"}}]}},"_links":{"self":[{"href":"https:\/\/auna.com.br\/auna\/wp-json\/wp\/v2\/product\/625","targetHints":{"allow":["GET"]}}],"collection":[{"href":"https:\/\/auna.com.br\/auna\/wp-json\/wp\/v2\/product"}],"about":[{"href":"https:\/\/auna.com.br\/auna\/wp-json\/wp\/v2\/types\/product"}],"replies":[{"embeddable":true,"href":"https:\/\/auna.com.br\/auna\/wp-json\/wp\/v2\/comments?post=625"}],"wp:featuredmedia":[{"embeddable":true,"href":"https:\/\/auna.com.br\/auna\/wp-json\/wp\/v2\/media\/626"}],"wp:attachment":[{"href":"https:\/\/auna.com.br\/auna\/wp-json\/wp\/v2\/media?parent=625"}],"wp:term":[{"taxonomy":"product_brand","embeddable":true,"href":"https:\/\/auna.com.br\/auna\/wp-json\/wp\/v2\/product_brand?post=625"},{"taxonomy":"product_cat","embeddable":true,"href":"https:\/\/auna.com.br\/auna\/wp-json\/wp\/v2\/product_cat?post=625"},{"taxonomy":"product_tag","embeddable":true,"href":"https:\/\/auna.com.br\/auna\/wp-json\/wp\/v2\/product_tag?post=625"},{"taxonomy":"wpstream_actors","embeddable":true,"href":"https:\/\/auna.com.br\/auna\/wp-json\/wp\/v2\/wpstream_actors?post=625"},{"taxonomy":"wpstream_category","embeddable":true,"href":"https:\/\/auna.com.br\/auna\/wp-json\/wp\/v2\/wpstream_category?post=625"},{"taxonomy":"wpstream_movie_rating","embeddable":true,"href":"https:\/\/auna.com.br\/auna\/wp-json\/wp\/v2\/wpstream_movie_rating?post=625"}],"curies":[{"name":"wp","href":"https:\/\/api.w.org\/{rel}","templated":true}]}}