{"id":640,"date":"2019-06-02T20:32:58","date_gmt":"2019-06-02T20:32:58","guid":{"rendered":"https:\/\/www.aunarepresentacoes.com.br\/?post_type=product&#038;p=640"},"modified":"2022-04-23T03:25:54","modified_gmt":"2022-04-23T06:25:54","slug":"kit-com-adaptadores-conexoes-e-mangueiras-additel-103-m20","status":"publish","type":"product","link":"https:\/\/auna.com.br\/auna\/produto\/kit-com-adaptadores-conexoes-e-mangueiras-additel-103-m20\/","title":{"rendered":"Kit com Adaptadores, conex\u00f5es e Mangueiras Additel 103-M20"},"content":{"rendered":"<p><strong>Additel 103-M20 &#8211; Kit com Adaptadores, conex\u00f5es e Mangueiras<\/strong><\/p>\n<p>Conjunto de Adaptadores, conex\u00f5es e mangueira para utiliza\u00e7\u00e3o com as bombas de compara\u00e7\u00e3o Additel (exceto ADT949).<\/p>\n<div><strong>Conte\u00fado do Kit<\/strong><\/div>\n<div>\n<div>\n<div>\u2022\u00a0Adaptadores M20x1.5 macho para 1\/8&#8243;, 1\/4&#8243; e 1\/2&#8243; NPT f\u00eamea aperto r\u00e1pido (15000 psi)<\/div>\n<div>\u2022\u00a0Adaptadores M20x1.5 macho\u00a0para\u00a01\/8&#8243;, 1\/4&#8243;, 3\/8&#8243; e 1\/2&#8243; BSP f\u00eamea aperto r\u00e1pido (15000 psi)<\/div>\n<div>\u2022\u00a0Adaptadores M20x1.5 macho\u00a0para M10\u00d71.0, M14\u00d71.5, M20\u00d71.5 f\u00eamea aperto r\u00e1pido (15000 psi)<\/div>\n<div><\/div>\n<div>10 pe\u00e7as fornecidas no interior de um case para transporte e prote\u00e7\u00e3o.<\/div>\n<div><\/div>\n<\/div>\n<div><strong>V\u00eddeo Demonstrativo<\/strong><\/div>\n<div>\n<div>\n<div>\n<div>\n<div>Veja o v\u00eddeo abaixo para conhecer mais sobre estes acess\u00f3riosas:<\/div>\n<\/div>\n<\/div>\n<\/div>\n<div>\n<div><a title=\"Additel Acess\u00f3rios\" href=\"https:\/\/www.youtube.com\/watch?v=67lAt_-v2QA\" target=\"_blank\" rel=\"noopener noreferrer\"><strong>Acess\u00f3rios<\/strong><\/a><\/div>\n<\/div>\n<\/div>\n<\/div>\n","protected":false},"excerpt":{"rendered":"<p>Additel 103-M20 &#8211; Kit com Adaptadores, conex\u00f5es e Mangueiras Conjunto de Adaptadores, conex\u00f5es e mangueira para utiliza\u00e7\u00e3o com as bombas de compara\u00e7\u00e3o Additel (exceto ADT949). Conte\u00fado do Kit \u2022\u00a0Adaptadores M20x1.5 macho para 1\/8&#8243;, 1\/4&#8243; e 1\/2&#8243; NPT f\u00eamea aperto r\u00e1pido (15000 psi) \u2022\u00a0Adaptadores M20x1.5 macho\u00a0para\u00a01\/8&#8243;, 1\/4&#8243;, 3\/8&#8243; e 1\/2&#8243; BSP f\u00eamea aperto r\u00e1pido (15000 psi) [&hellip;]<\/p>\n","protected":false},"featured_media":638,"comment_status":"closed","ping_status":"closed","template":"","meta":[],"product_brand":[],"product_cat":[57,55],"product_tag":[],"wpstream_actors":[],"wpstream_category":[],"wpstream_movie_rating":[],"class_list":{"0":"post-640","1":"product","2":"type-product","3":"status-publish","4":"has-post-thumbnail","6":"product_cat-acessorios","7":"product_cat-manometro-vacuometro-manovacuometro-bombas-pressao-peso-morto-calibradores-pressao","9":"first","10":"onbackorder","11":"taxable","12":"shipping-taxable","13":"product-type-simple","14":"czr-hentry"},"yoast_head":"<!-- This site is optimized with the Yoast SEO plugin v27.5 - https:\/\/yoast.com\/product\/yoast-seo-wordpress\/ -->\n<title>Kit com Adaptadores, conex\u00f5es e Mangueiras Additel 103-M20 - AUNA Metrologia e Instrumenta\u00e7\u00e3o - Instrumentos de Medi\u00e7\u00e3o, Sensores para Monitoramento e Software para Calibra\u00e7\u00e3o, Ensaio e Inspe\u00e7\u00e3o<\/title>\n<meta name=\"robots\" content=\"index, follow, max-snippet:-1, max-image-preview:large, max-video-preview:-1\" \/>\n<link rel=\"canonical\" href=\"https:\/\/auna.com.br\/auna\/produto\/kit-com-adaptadores-conexoes-e-mangueiras-additel-103-m20\/\" \/>\n<meta property=\"og:locale\" content=\"pt_BR\" \/>\n<meta property=\"og:type\" content=\"article\" \/>\n<meta property=\"og:title\" content=\"Kit com Adaptadores, conex\u00f5es e Mangueiras Additel 103-M20 - AUNA Metrologia e Instrumenta\u00e7\u00e3o - Instrumentos de Medi\u00e7\u00e3o, Sensores para Monitoramento e Software para Calibra\u00e7\u00e3o, Ensaio e Inspe\u00e7\u00e3o\" \/>\n<meta property=\"og:description\" content=\"Additel 103-M20 &#8211; Kit com Adaptadores, conex\u00f5es e Mangueiras Conjunto de Adaptadores, conex\u00f5es e mangueira para utiliza\u00e7\u00e3o com as bombas de compara\u00e7\u00e3o Additel (exceto ADT949). Conte\u00fado do Kit \u2022\u00a0Adaptadores M20x1.5 macho para 1\/8&#8243;, 1\/4&#8243; e 1\/2&#8243; NPT f\u00eamea aperto r\u00e1pido (15000 psi) \u2022\u00a0Adaptadores M20x1.5 macho\u00a0para\u00a01\/8&#8243;, 1\/4&#8243;, 3\/8&#8243; e 1\/2&#8243; BSP f\u00eamea aperto r\u00e1pido (15000 psi) [&hellip;]\" \/>\n<meta property=\"og:url\" content=\"https:\/\/auna.com.br\/auna\/produto\/kit-com-adaptadores-conexoes-e-mangueiras-additel-103-m20\/\" \/>\n<meta property=\"og:site_name\" content=\"AUNA Metrologia e Instrumenta\u00e7\u00e3o - Instrumentos de Medi\u00e7\u00e3o, Sensores para Monitoramento e Software para Calibra\u00e7\u00e3o, Ensaio e Inspe\u00e7\u00e3o\" \/>\n<meta property=\"article:modified_time\" content=\"2022-04-23T06:25:54+00:00\" \/>\n<meta property=\"og:image\" content=\"https:\/\/auna.com.br\/auna\/wp-content\/uploads\/2019\/06\/additel_103.jpg\" \/>\n\t<meta property=\"og:image:width\" content=\"400\" \/>\n\t<meta property=\"og:image:height\" content=\"400\" \/>\n\t<meta property=\"og:image:type\" content=\"image\/jpeg\" \/>\n<meta name=\"twitter:card\" content=\"summary_large_image\" \/>\n<meta name=\"twitter:label1\" content=\"Est. tempo de leitura\" \/>\n\t<meta name=\"twitter:data1\" content=\"1 minuto\" \/>\n<script type=\"application\/ld+json\" class=\"yoast-schema-graph\">{\"@context\":\"https:\\\/\\\/schema.org\",\"@graph\":[{\"@type\":\"WebPage\",\"@id\":\"https:\\\/\\\/auna.com.br\\\/auna\\\/produto\\\/kit-com-adaptadores-conexoes-e-mangueiras-additel-103-m20\\\/\",\"url\":\"https:\\\/\\\/auna.com.br\\\/auna\\\/produto\\\/kit-com-adaptadores-conexoes-e-mangueiras-additel-103-m20\\\/\",\"name\":\"Kit com Adaptadores, conex\u00f5es e Mangueiras Additel 103-M20 - AUNA Metrologia e Instrumenta\u00e7\u00e3o - Instrumentos de Medi\u00e7\u00e3o, Sensores para Monitoramento e Software para Calibra\u00e7\u00e3o, Ensaio e Inspe\u00e7\u00e3o\",\"isPartOf\":{\"@id\":\"https:\\\/\\\/auna.com.br\\\/auna\\\/#website\"},\"primaryImageOfPage\":{\"@id\":\"https:\\\/\\\/auna.com.br\\\/auna\\\/produto\\\/kit-com-adaptadores-conexoes-e-mangueiras-additel-103-m20\\\/#primaryimage\"},\"image\":{\"@id\":\"https:\\\/\\\/auna.com.br\\\/auna\\\/produto\\\/kit-com-adaptadores-conexoes-e-mangueiras-additel-103-m20\\\/#primaryimage\"},\"thumbnailUrl\":\"https:\\\/\\\/auna.com.br\\\/auna\\\/wp-content\\\/uploads\\\/2019\\\/06\\\/additel_103.jpg\",\"datePublished\":\"2019-06-02T20:32:58+00:00\",\"dateModified\":\"2022-04-23T06:25:54+00:00\",\"breadcrumb\":{\"@id\":\"https:\\\/\\\/auna.com.br\\\/auna\\\/produto\\\/kit-com-adaptadores-conexoes-e-mangueiras-additel-103-m20\\\/#breadcrumb\"},\"inLanguage\":\"pt-BR\",\"potentialAction\":[{\"@type\":\"ReadAction\",\"target\":[\"https:\\\/\\\/auna.com.br\\\/auna\\\/produto\\\/kit-com-adaptadores-conexoes-e-mangueiras-additel-103-m20\\\/\"]}]},{\"@type\":\"ImageObject\",\"inLanguage\":\"pt-BR\",\"@id\":\"https:\\\/\\\/auna.com.br\\\/auna\\\/produto\\\/kit-com-adaptadores-conexoes-e-mangueiras-additel-103-m20\\\/#primaryimage\",\"url\":\"https:\\\/\\\/auna.com.br\\\/auna\\\/wp-content\\\/uploads\\\/2019\\\/06\\\/additel_103.jpg\",\"contentUrl\":\"https:\\\/\\\/auna.com.br\\\/auna\\\/wp-content\\\/uploads\\\/2019\\\/06\\\/additel_103.jpg\",\"width\":400,\"height\":400},{\"@type\":\"BreadcrumbList\",\"@id\":\"https:\\\/\\\/auna.com.br\\\/auna\\\/produto\\\/kit-com-adaptadores-conexoes-e-mangueiras-additel-103-m20\\\/#breadcrumb\",\"itemListElement\":[{\"@type\":\"ListItem\",\"position\":1,\"name\":\"In\u00edcio\",\"item\":\"https:\\\/\\\/auna.com.br\\\/auna\\\/\"},{\"@type\":\"ListItem\",\"position\":2,\"name\":\"Instrumentos\",\"item\":\"https:\\\/\\\/auna.com.br\\\/auna\\\/loja\\\/\"},{\"@type\":\"ListItem\",\"position\":3,\"name\":\"Kit com Adaptadores, conex\u00f5es e Mangueiras Additel 103-M20\"}]},{\"@type\":\"WebSite\",\"@id\":\"https:\\\/\\\/auna.com.br\\\/auna\\\/#website\",\"url\":\"https:\\\/\\\/auna.com.br\\\/auna\\\/\",\"name\":\"AUNA Metrologia e Instrumenta\u00e7\u00e3o - Instrumentos de Medi\u00e7\u00e3o, Sensores para Monitoramento e Software para Calibra\u00e7\u00e3o, Ensaio e Inspe\u00e7\u00e3o\",\"description\":\"comercial@auna.com.br || +55 15 9 8129-4041\",\"publisher\":{\"@id\":\"https:\\\/\\\/auna.com.br\\\/auna\\\/#organization\"},\"potentialAction\":[{\"@type\":\"SearchAction\",\"target\":{\"@type\":\"EntryPoint\",\"urlTemplate\":\"https:\\\/\\\/auna.com.br\\\/auna\\\/?s={search_term_string}\"},\"query-input\":{\"@type\":\"PropertyValueSpecification\",\"valueRequired\":true,\"valueName\":\"search_term_string\"}}],\"inLanguage\":\"pt-BR\"},{\"@type\":\"Organization\",\"@id\":\"https:\\\/\\\/auna.com.br\\\/auna\\\/#organization\",\"name\":\"AUNA Metrologia e Instrumenta\u00e7\u00e3o - Instrumentos de Medi\u00e7\u00e3o, Sensores para Monitoramento e Software para Calibra\u00e7\u00e3o, Ensaio e Inspe\u00e7\u00e3o\",\"url\":\"https:\\\/\\\/auna.com.br\\\/auna\\\/\",\"logo\":{\"@type\":\"ImageObject\",\"inLanguage\":\"pt-BR\",\"@id\":\"https:\\\/\\\/auna.com.br\\\/auna\\\/#\\\/schema\\\/logo\\\/image\\\/\",\"url\":\"https:\\\/\\\/auna.com.br\\\/auna\\\/wp-content\\\/uploads\\\/2023\\\/03\\\/cropped-AUNA_Logo_Transparente.png\",\"contentUrl\":\"https:\\\/\\\/auna.com.br\\\/auna\\\/wp-content\\\/uploads\\\/2023\\\/03\\\/cropped-AUNA_Logo_Transparente.png\",\"width\":960,\"height\":430,\"caption\":\"AUNA Metrologia e Instrumenta\u00e7\u00e3o - Instrumentos de Medi\u00e7\u00e3o, Sensores para Monitoramento e Software para Calibra\u00e7\u00e3o, Ensaio e Inspe\u00e7\u00e3o\"},\"image\":{\"@id\":\"https:\\\/\\\/auna.com.br\\\/auna\\\/#\\\/schema\\\/logo\\\/image\\\/\"}}]}<\/script>\n<!-- \/ Yoast SEO plugin. -->","yoast_head_json":{"title":"Kit com Adaptadores, conex\u00f5es e Mangueiras Additel 103-M20 - AUNA Metrologia e Instrumenta\u00e7\u00e3o - Instrumentos de Medi\u00e7\u00e3o, Sensores para Monitoramento e Software para Calibra\u00e7\u00e3o, Ensaio e Inspe\u00e7\u00e3o","robots":{"index":"index","follow":"follow","max-snippet":"max-snippet:-1","max-image-preview":"max-image-preview:large","max-video-preview":"max-video-preview:-1"},"canonical":"https:\/\/auna.com.br\/auna\/produto\/kit-com-adaptadores-conexoes-e-mangueiras-additel-103-m20\/","og_locale":"pt_BR","og_type":"article","og_title":"Kit com Adaptadores, conex\u00f5es e Mangueiras Additel 103-M20 - AUNA Metrologia e Instrumenta\u00e7\u00e3o - Instrumentos de Medi\u00e7\u00e3o, Sensores para Monitoramento e Software para Calibra\u00e7\u00e3o, Ensaio e Inspe\u00e7\u00e3o","og_description":"Additel 103-M20 &#8211; Kit com Adaptadores, conex\u00f5es e Mangueiras Conjunto de Adaptadores, conex\u00f5es e mangueira para utiliza\u00e7\u00e3o com as bombas de compara\u00e7\u00e3o Additel (exceto ADT949). Conte\u00fado do Kit \u2022\u00a0Adaptadores M20x1.5 macho para 1\/8&#8243;, 1\/4&#8243; e 1\/2&#8243; NPT f\u00eamea aperto r\u00e1pido (15000 psi) \u2022\u00a0Adaptadores M20x1.5 macho\u00a0para\u00a01\/8&#8243;, 1\/4&#8243;, 3\/8&#8243; e 1\/2&#8243; BSP f\u00eamea aperto r\u00e1pido (15000 psi) [&hellip;]","og_url":"https:\/\/auna.com.br\/auna\/produto\/kit-com-adaptadores-conexoes-e-mangueiras-additel-103-m20\/","og_site_name":"AUNA Metrologia e Instrumenta\u00e7\u00e3o - Instrumentos de Medi\u00e7\u00e3o, Sensores para Monitoramento e Software para Calibra\u00e7\u00e3o, Ensaio e Inspe\u00e7\u00e3o","article_modified_time":"2022-04-23T06:25:54+00:00","og_image":[{"width":400,"height":400,"url":"https:\/\/auna.com.br\/auna\/wp-content\/uploads\/2019\/06\/additel_103.jpg","type":"image\/jpeg"}],"twitter_card":"summary_large_image","twitter_misc":{"Est. tempo de leitura":"1 minuto"},"schema":{"@context":"https:\/\/schema.org","@graph":[{"@type":"WebPage","@id":"https:\/\/auna.com.br\/auna\/produto\/kit-com-adaptadores-conexoes-e-mangueiras-additel-103-m20\/","url":"https:\/\/auna.com.br\/auna\/produto\/kit-com-adaptadores-conexoes-e-mangueiras-additel-103-m20\/","name":"Kit com Adaptadores, conex\u00f5es e Mangueiras Additel 103-M20 - AUNA Metrologia e Instrumenta\u00e7\u00e3o - Instrumentos de Medi\u00e7\u00e3o, Sensores para Monitoramento e Software para Calibra\u00e7\u00e3o, Ensaio e Inspe\u00e7\u00e3o","isPartOf":{"@id":"https:\/\/auna.com.br\/auna\/#website"},"primaryImageOfPage":{"@id":"https:\/\/auna.com.br\/auna\/produto\/kit-com-adaptadores-conexoes-e-mangueiras-additel-103-m20\/#primaryimage"},"image":{"@id":"https:\/\/auna.com.br\/auna\/produto\/kit-com-adaptadores-conexoes-e-mangueiras-additel-103-m20\/#primaryimage"},"thumbnailUrl":"https:\/\/auna.com.br\/auna\/wp-content\/uploads\/2019\/06\/additel_103.jpg","datePublished":"2019-06-02T20:32:58+00:00","dateModified":"2022-04-23T06:25:54+00:00","breadcrumb":{"@id":"https:\/\/auna.com.br\/auna\/produto\/kit-com-adaptadores-conexoes-e-mangueiras-additel-103-m20\/#breadcrumb"},"inLanguage":"pt-BR","potentialAction":[{"@type":"ReadAction","target":["https:\/\/auna.com.br\/auna\/produto\/kit-com-adaptadores-conexoes-e-mangueiras-additel-103-m20\/"]}]},{"@type":"ImageObject","inLanguage":"pt-BR","@id":"https:\/\/auna.com.br\/auna\/produto\/kit-com-adaptadores-conexoes-e-mangueiras-additel-103-m20\/#primaryimage","url":"https:\/\/auna.com.br\/auna\/wp-content\/uploads\/2019\/06\/additel_103.jpg","contentUrl":"https:\/\/auna.com.br\/auna\/wp-content\/uploads\/2019\/06\/additel_103.jpg","width":400,"height":400},{"@type":"BreadcrumbList","@id":"https:\/\/auna.com.br\/auna\/produto\/kit-com-adaptadores-conexoes-e-mangueiras-additel-103-m20\/#breadcrumb","itemListElement":[{"@type":"ListItem","position":1,"name":"In\u00edcio","item":"https:\/\/auna.com.br\/auna\/"},{"@type":"ListItem","position":2,"name":"Instrumentos","item":"https:\/\/auna.com.br\/auna\/loja\/"},{"@type":"ListItem","position":3,"name":"Kit com Adaptadores, conex\u00f5es e Mangueiras Additel 103-M20"}]},{"@type":"WebSite","@id":"https:\/\/auna.com.br\/auna\/#website","url":"https:\/\/auna.com.br\/auna\/","name":"AUNA Metrologia e Instrumenta\u00e7\u00e3o - Instrumentos de Medi\u00e7\u00e3o, Sensores para Monitoramento e Software para Calibra\u00e7\u00e3o, Ensaio e Inspe\u00e7\u00e3o","description":"comercial@auna.com.br || +55 15 9 8129-4041","publisher":{"@id":"https:\/\/auna.com.br\/auna\/#organization"},"potentialAction":[{"@type":"SearchAction","target":{"@type":"EntryPoint","urlTemplate":"https:\/\/auna.com.br\/auna\/?s={search_term_string}"},"query-input":{"@type":"PropertyValueSpecification","valueRequired":true,"valueName":"search_term_string"}}],"inLanguage":"pt-BR"},{"@type":"Organization","@id":"https:\/\/auna.com.br\/auna\/#organization","name":"AUNA Metrologia e Instrumenta\u00e7\u00e3o - Instrumentos de Medi\u00e7\u00e3o, Sensores para Monitoramento e Software para Calibra\u00e7\u00e3o, Ensaio e Inspe\u00e7\u00e3o","url":"https:\/\/auna.com.br\/auna\/","logo":{"@type":"ImageObject","inLanguage":"pt-BR","@id":"https:\/\/auna.com.br\/auna\/#\/schema\/logo\/image\/","url":"https:\/\/auna.com.br\/auna\/wp-content\/uploads\/2023\/03\/cropped-AUNA_Logo_Transparente.png","contentUrl":"https:\/\/auna.com.br\/auna\/wp-content\/uploads\/2023\/03\/cropped-AUNA_Logo_Transparente.png","width":960,"height":430,"caption":"AUNA Metrologia e Instrumenta\u00e7\u00e3o - Instrumentos de Medi\u00e7\u00e3o, Sensores para Monitoramento e Software para Calibra\u00e7\u00e3o, Ensaio e Inspe\u00e7\u00e3o"},"image":{"@id":"https:\/\/auna.com.br\/auna\/#\/schema\/logo\/image\/"}}]}},"_links":{"self":[{"href":"https:\/\/auna.com.br\/auna\/wp-json\/wp\/v2\/product\/640","targetHints":{"allow":["GET"]}}],"collection":[{"href":"https:\/\/auna.com.br\/auna\/wp-json\/wp\/v2\/product"}],"about":[{"href":"https:\/\/auna.com.br\/auna\/wp-json\/wp\/v2\/types\/product"}],"replies":[{"embeddable":true,"href":"https:\/\/auna.com.br\/auna\/wp-json\/wp\/v2\/comments?post=640"}],"wp:featuredmedia":[{"embeddable":true,"href":"https:\/\/auna.com.br\/auna\/wp-json\/wp\/v2\/media\/638"}],"wp:attachment":[{"href":"https:\/\/auna.com.br\/auna\/wp-json\/wp\/v2\/media?parent=640"}],"wp:term":[{"taxonomy":"product_brand","embeddable":true,"href":"https:\/\/auna.com.br\/auna\/wp-json\/wp\/v2\/product_brand?post=640"},{"taxonomy":"product_cat","embeddable":true,"href":"https:\/\/auna.com.br\/auna\/wp-json\/wp\/v2\/product_cat?post=640"},{"taxonomy":"product_tag","embeddable":true,"href":"https:\/\/auna.com.br\/auna\/wp-json\/wp\/v2\/product_tag?post=640"},{"taxonomy":"wpstream_actors","embeddable":true,"href":"https:\/\/auna.com.br\/auna\/wp-json\/wp\/v2\/wpstream_actors?post=640"},{"taxonomy":"wpstream_category","embeddable":true,"href":"https:\/\/auna.com.br\/auna\/wp-json\/wp\/v2\/wpstream_category?post=640"},{"taxonomy":"wpstream_movie_rating","embeddable":true,"href":"https:\/\/auna.com.br\/auna\/wp-json\/wp\/v2\/wpstream_movie_rating?post=640"}],"curies":[{"name":"wp","href":"https:\/\/api.w.org\/{rel}","templated":true}]}}