{"id":6424,"date":"2020-06-07T05:50:41","date_gmt":"2020-06-07T05:50:41","guid":{"rendered":"https:\/\/www.aunarepresentacoes.com.br\/?post_type=product&#038;p=6424"},"modified":"2022-04-19T06:06:11","modified_gmt":"2022-04-19T09:06:11","slug":"hidrometro-multijato","status":"publish","type":"product","link":"https:\/\/auna.com.br\/auna\/produto\/hidrometro-multijato\/","title":{"rendered":"Hidr\u00f4metros Multijato para \u00c1gua Fria"},"content":{"rendered":"<p><span style=\"font-family: Arial, Verdana;\">Hidr\u00f5metros tipo Multijato de alta performance para \u00e1gua limpa e fria, cuja acuracidade e durabilidade permitem um adequado gerenciamento de medi\u00e7\u00e3o de vaz\u00e3o e totaliza\u00e7\u00e3o do consumo de \u00e1gua.\u00a0 No Brasil, estes medidores superam com vantagens os atributos determinados pelas <\/span><span style=\"font-family: Arial, Verdana;\">no<\/span>rmas NBR 8009\/8193\/8194\/8195 da ABNT, NM 212:99, bem como a portaria 246 de 17\/10\/2000 do INMETRO, atestando a qualidade final dos hidr\u00f4metros.<\/p>\n<p style=\"text-align: left;\" align=\"center\"><span style=\"font-family: Arial, Verdana;\"><b>Caracter\u00edsticas Especiais:<\/b><\/span><\/p>\n<ul>\n<li style=\"text-align: left;\">Escala de medi\u00e7\u00e3o excedendo a classe B;<\/li>\n<li style=\"text-align: left;\">Elemento de medi\u00e7\u00e3o intercambi\u00e1vel e aprovado;<\/li>\n<li style=\"text-align: left;\">Relojoaria orient\u00e1vel 360\u00b0 com stop;<\/li>\n<li style=\"text-align: left;\">Imune a campos magn\u00e9ticos externos;<\/li>\n<li style=\"text-align: left;\">Sem engrenagens em contato com a \u00e1gua;<\/li>\n<li style=\"text-align: left;\">Transmiss\u00e3o magn\u00e9tica;<\/li>\n<li style=\"text-align: left;\">Classe metrol\u00f3gica B na posi\u00e7\u00e3o horizontal;<\/li>\n<li style=\"text-align: left;\">Im\u00e3 permanente de 4 p\u00f3los com alta resolu\u00e7\u00e3o;<\/li>\n<li style=\"text-align: left;\">Blindagem magn\u00e9tica contra interven\u00e7\u00e3o externa;<\/li>\n<li style=\"text-align: left;\">Relojoarias cobre-vidro\u00a0 ou policarbonato, IP-68<\/li>\n<li style=\"text-align: left;\">Total confiabilidade;<\/li>\n<li style=\"text-align: left;\">Relojoaria com giro de 360\u00b0.<\/li>\n<\/ul>\n<p style=\"text-align: left;\" align=\"center\"><span style=\"font-family: Arial, Verdana;\"><b>Aplica\u00e7\u00f5es.<\/b><\/span><\/p>\n<ul>\n<li style=\"text-align: left;\"><span style=\"font-family: Arial, Verdana;\">Faturamento Comercial;<\/span><\/li>\n<li style=\"text-align: left;\">Instala\u00e7\u00f5es com bombas e\/ou po\u00e7os artesianos;<\/li>\n<li style=\"text-align: left;\">Instala\u00e7\u00f5es sem comprimento reto de tubula\u00e7\u00f5es antes do medidor;<\/li>\n<li style=\"text-align: left;\">Integra\u00e7\u00e3o com o TeleLogger (com relojoaria M-Bus ).<\/li>\n<\/ul>\n","protected":false},"excerpt":{"rendered":"<ul>\n<li style=\"text-align: left;\">Escala de medi\u00e7\u00e3o excedendo a classe B;<\/li>\n<li style=\"text-align: left;\">Elemento de medi\u00e7\u00e3o intercambi\u00e1vel e aprovado;<\/li>\n<li style=\"text-align: left;\">Relojoaria orient\u00e1vel 360\u00b0 com stop;<\/li>\n<li style=\"text-align: left;\">Imune a campos magn\u00e9ticos externos;<\/li>\n<li style=\"text-align: left;\">Sem engrenagens em contato com a \u00e1gua;<\/li>\n<li style=\"text-align: left;\">Transmiss\u00e3o magn\u00e9tica;<\/li>\n<li style=\"text-align: left;\">Classe metrol\u00f3gica B na posi\u00e7\u00e3o horizontal;<\/li>\n<li style=\"text-align: left;\">Im\u00e3 permanente de 4 p\u00f3los com alta resolu\u00e7\u00e3o;<\/li>\n<li style=\"text-align: left;\">Blindagem magn\u00e9tica contra interven\u00e7\u00e3o externa;<\/li>\n<li style=\"text-align: left;\">Relojoarias cobre-vidro\u00a0 ou policarbonato, IP-68<\/li>\n<li style=\"text-align: left;\">Total confiabilidade;<\/li>\n<li style=\"text-align: left;\">Relojoaria com giro de 360\u00b0.<\/li>\n<\/ul>\n","protected":false},"featured_media":6426,"comment_status":"closed","ping_status":"closed","template":"","meta":[],"product_brand":[],"product_cat":[124,123],"product_tag":[],"wpstream_actors":[],"wpstream_category":[],"wpstream_movie_rating":[],"class_list":{"0":"post-6424","1":"product","2":"type-product","3":"status-publish","4":"has-post-thumbnail","6":"product_cat-hidrometros","7":"product_cat-vazao","9":"first","10":"onbackorder","11":"taxable","12":"shipping-taxable","13":"product-type-simple","14":"czr-hentry"},"yoast_head":"<!-- This site is optimized with the Yoast SEO plugin v27.5 - https:\/\/yoast.com\/product\/yoast-seo-wordpress\/ -->\n<title>Hidr\u00f4metros Multijato para \u00c1gua Fria - AUNA Metrologia e Instrumenta\u00e7\u00e3o - Instrumentos de Medi\u00e7\u00e3o, Sensores para Monitoramento e Software para Calibra\u00e7\u00e3o, Ensaio e Inspe\u00e7\u00e3o<\/title>\n<meta name=\"description\" content=\"Hidr\u00f4metros multijato de alta performance para \u00e1gua limpa e fria, cuja exatid\u00e3o e durabilidade permitem o gerenciamento da medi\u00e7\u00e3o de vaz\u00e3o e totaliza\u00e7\u00e3o.\" \/>\n<meta name=\"robots\" content=\"index, follow, max-snippet:-1, max-image-preview:large, max-video-preview:-1\" \/>\n<link rel=\"canonical\" href=\"https:\/\/auna.com.br\/auna\/produto\/hidrometro-multijato\/\" \/>\n<meta property=\"og:locale\" content=\"pt_BR\" \/>\n<meta property=\"og:type\" content=\"article\" \/>\n<meta property=\"og:title\" content=\"Hidr\u00f4metros Multijato para \u00c1gua Fria - AUNA Metrologia e Instrumenta\u00e7\u00e3o - Instrumentos de Medi\u00e7\u00e3o, Sensores para Monitoramento e Software para Calibra\u00e7\u00e3o, Ensaio e Inspe\u00e7\u00e3o\" \/>\n<meta property=\"og:description\" content=\"Hidr\u00f4metros multijato de alta performance para \u00e1gua limpa e fria, cuja exatid\u00e3o e durabilidade permitem o gerenciamento da medi\u00e7\u00e3o de vaz\u00e3o e totaliza\u00e7\u00e3o.\" \/>\n<meta property=\"og:url\" content=\"https:\/\/auna.com.br\/auna\/produto\/hidrometro-multijato\/\" \/>\n<meta property=\"og:site_name\" content=\"AUNA Metrologia e Instrumenta\u00e7\u00e3o - Instrumentos de Medi\u00e7\u00e3o, Sensores para Monitoramento e Software para Calibra\u00e7\u00e3o, Ensaio e Inspe\u00e7\u00e3o\" \/>\n<meta property=\"article:modified_time\" content=\"2022-04-19T09:06:11+00:00\" \/>\n<meta property=\"og:image\" content=\"https:\/\/auna.com.br\/auna\/wp-content\/uploads\/2020\/06\/HidrometroMultijato.jpg\" \/>\n\t<meta property=\"og:image:width\" content=\"145\" \/>\n\t<meta property=\"og:image:height\" content=\"150\" \/>\n\t<meta property=\"og:image:type\" content=\"image\/jpeg\" \/>\n<meta name=\"twitter:card\" content=\"summary_large_image\" \/>\n<meta name=\"twitter:label1\" content=\"Est. tempo de leitura\" \/>\n\t<meta name=\"twitter:data1\" content=\"1 minuto\" \/>\n<script type=\"application\/ld+json\" class=\"yoast-schema-graph\">{\"@context\":\"https:\\\/\\\/schema.org\",\"@graph\":[{\"@type\":\"WebPage\",\"@id\":\"https:\\\/\\\/auna.com.br\\\/auna\\\/produto\\\/hidrometro-multijato\\\/\",\"url\":\"https:\\\/\\\/auna.com.br\\\/auna\\\/produto\\\/hidrometro-multijato\\\/\",\"name\":\"Hidr\u00f4metros Multijato para \u00c1gua Fria - AUNA Metrologia e Instrumenta\u00e7\u00e3o - Instrumentos de Medi\u00e7\u00e3o, Sensores para Monitoramento e Software para Calibra\u00e7\u00e3o, Ensaio e Inspe\u00e7\u00e3o\",\"isPartOf\":{\"@id\":\"https:\\\/\\\/auna.com.br\\\/auna\\\/#website\"},\"primaryImageOfPage\":{\"@id\":\"https:\\\/\\\/auna.com.br\\\/auna\\\/produto\\\/hidrometro-multijato\\\/#primaryimage\"},\"image\":{\"@id\":\"https:\\\/\\\/auna.com.br\\\/auna\\\/produto\\\/hidrometro-multijato\\\/#primaryimage\"},\"thumbnailUrl\":\"https:\\\/\\\/auna.com.br\\\/auna\\\/wp-content\\\/uploads\\\/2020\\\/06\\\/HidrometroMultijato.jpg\",\"datePublished\":\"2020-06-07T05:50:41+00:00\",\"dateModified\":\"2022-04-19T09:06:11+00:00\",\"description\":\"Hidr\u00f4metros multijato de alta performance para \u00e1gua limpa e fria, cuja exatid\u00e3o e durabilidade permitem o gerenciamento da medi\u00e7\u00e3o de vaz\u00e3o e totaliza\u00e7\u00e3o.\",\"breadcrumb\":{\"@id\":\"https:\\\/\\\/auna.com.br\\\/auna\\\/produto\\\/hidrometro-multijato\\\/#breadcrumb\"},\"inLanguage\":\"pt-BR\",\"potentialAction\":[{\"@type\":\"ReadAction\",\"target\":[\"https:\\\/\\\/auna.com.br\\\/auna\\\/produto\\\/hidrometro-multijato\\\/\"]}]},{\"@type\":\"ImageObject\",\"inLanguage\":\"pt-BR\",\"@id\":\"https:\\\/\\\/auna.com.br\\\/auna\\\/produto\\\/hidrometro-multijato\\\/#primaryimage\",\"url\":\"https:\\\/\\\/auna.com.br\\\/auna\\\/wp-content\\\/uploads\\\/2020\\\/06\\\/HidrometroMultijato.jpg\",\"contentUrl\":\"https:\\\/\\\/auna.com.br\\\/auna\\\/wp-content\\\/uploads\\\/2020\\\/06\\\/HidrometroMultijato.jpg\",\"width\":145,\"height\":150},{\"@type\":\"BreadcrumbList\",\"@id\":\"https:\\\/\\\/auna.com.br\\\/auna\\\/produto\\\/hidrometro-multijato\\\/#breadcrumb\",\"itemListElement\":[{\"@type\":\"ListItem\",\"position\":1,\"name\":\"In\u00edcio\",\"item\":\"https:\\\/\\\/auna.com.br\\\/auna\\\/\"},{\"@type\":\"ListItem\",\"position\":2,\"name\":\"Instrumentos\",\"item\":\"https:\\\/\\\/auna.com.br\\\/auna\\\/loja\\\/\"},{\"@type\":\"ListItem\",\"position\":3,\"name\":\"Hidr\u00f4metros Multijato para \u00c1gua Fria\"}]},{\"@type\":\"WebSite\",\"@id\":\"https:\\\/\\\/auna.com.br\\\/auna\\\/#website\",\"url\":\"https:\\\/\\\/auna.com.br\\\/auna\\\/\",\"name\":\"AUNA Metrologia e Instrumenta\u00e7\u00e3o - Instrumentos de Medi\u00e7\u00e3o, Sensores para Monitoramento e Software para Calibra\u00e7\u00e3o, Ensaio e Inspe\u00e7\u00e3o\",\"description\":\"comercial@auna.com.br || +55 15 9 8129-4041\",\"publisher\":{\"@id\":\"https:\\\/\\\/auna.com.br\\\/auna\\\/#organization\"},\"potentialAction\":[{\"@type\":\"SearchAction\",\"target\":{\"@type\":\"EntryPoint\",\"urlTemplate\":\"https:\\\/\\\/auna.com.br\\\/auna\\\/?s={search_term_string}\"},\"query-input\":{\"@type\":\"PropertyValueSpecification\",\"valueRequired\":true,\"valueName\":\"search_term_string\"}}],\"inLanguage\":\"pt-BR\"},{\"@type\":\"Organization\",\"@id\":\"https:\\\/\\\/auna.com.br\\\/auna\\\/#organization\",\"name\":\"AUNA Metrologia e Instrumenta\u00e7\u00e3o - Instrumentos de Medi\u00e7\u00e3o, Sensores para Monitoramento e Software para Calibra\u00e7\u00e3o, Ensaio e Inspe\u00e7\u00e3o\",\"url\":\"https:\\\/\\\/auna.com.br\\\/auna\\\/\",\"logo\":{\"@type\":\"ImageObject\",\"inLanguage\":\"pt-BR\",\"@id\":\"https:\\\/\\\/auna.com.br\\\/auna\\\/#\\\/schema\\\/logo\\\/image\\\/\",\"url\":\"https:\\\/\\\/auna.com.br\\\/auna\\\/wp-content\\\/uploads\\\/2023\\\/03\\\/cropped-AUNA_Logo_Transparente.png\",\"contentUrl\":\"https:\\\/\\\/auna.com.br\\\/auna\\\/wp-content\\\/uploads\\\/2023\\\/03\\\/cropped-AUNA_Logo_Transparente.png\",\"width\":960,\"height\":430,\"caption\":\"AUNA Metrologia e Instrumenta\u00e7\u00e3o - Instrumentos de Medi\u00e7\u00e3o, Sensores para Monitoramento e Software para Calibra\u00e7\u00e3o, Ensaio e Inspe\u00e7\u00e3o\"},\"image\":{\"@id\":\"https:\\\/\\\/auna.com.br\\\/auna\\\/#\\\/schema\\\/logo\\\/image\\\/\"}}]}<\/script>\n<!-- \/ Yoast SEO plugin. -->","yoast_head_json":{"title":"Hidr\u00f4metros Multijato para \u00c1gua Fria - AUNA Metrologia e Instrumenta\u00e7\u00e3o - Instrumentos de Medi\u00e7\u00e3o, Sensores para Monitoramento e Software para Calibra\u00e7\u00e3o, Ensaio e Inspe\u00e7\u00e3o","description":"Hidr\u00f4metros multijato de alta performance para \u00e1gua limpa e fria, cuja exatid\u00e3o e durabilidade permitem o gerenciamento da medi\u00e7\u00e3o de vaz\u00e3o e totaliza\u00e7\u00e3o.","robots":{"index":"index","follow":"follow","max-snippet":"max-snippet:-1","max-image-preview":"max-image-preview:large","max-video-preview":"max-video-preview:-1"},"canonical":"https:\/\/auna.com.br\/auna\/produto\/hidrometro-multijato\/","og_locale":"pt_BR","og_type":"article","og_title":"Hidr\u00f4metros Multijato para \u00c1gua Fria - AUNA Metrologia e Instrumenta\u00e7\u00e3o - Instrumentos de Medi\u00e7\u00e3o, Sensores para Monitoramento e Software para Calibra\u00e7\u00e3o, Ensaio e Inspe\u00e7\u00e3o","og_description":"Hidr\u00f4metros multijato de alta performance para \u00e1gua limpa e fria, cuja exatid\u00e3o e durabilidade permitem o gerenciamento da medi\u00e7\u00e3o de vaz\u00e3o e totaliza\u00e7\u00e3o.","og_url":"https:\/\/auna.com.br\/auna\/produto\/hidrometro-multijato\/","og_site_name":"AUNA Metrologia e Instrumenta\u00e7\u00e3o - Instrumentos de Medi\u00e7\u00e3o, Sensores para Monitoramento e Software para Calibra\u00e7\u00e3o, Ensaio e Inspe\u00e7\u00e3o","article_modified_time":"2022-04-19T09:06:11+00:00","og_image":[{"width":145,"height":150,"url":"https:\/\/auna.com.br\/auna\/wp-content\/uploads\/2020\/06\/HidrometroMultijato.jpg","type":"image\/jpeg"}],"twitter_card":"summary_large_image","twitter_misc":{"Est. tempo de leitura":"1 minuto"},"schema":{"@context":"https:\/\/schema.org","@graph":[{"@type":"WebPage","@id":"https:\/\/auna.com.br\/auna\/produto\/hidrometro-multijato\/","url":"https:\/\/auna.com.br\/auna\/produto\/hidrometro-multijato\/","name":"Hidr\u00f4metros Multijato para \u00c1gua Fria - AUNA Metrologia e Instrumenta\u00e7\u00e3o - Instrumentos de Medi\u00e7\u00e3o, Sensores para Monitoramento e Software para Calibra\u00e7\u00e3o, Ensaio e Inspe\u00e7\u00e3o","isPartOf":{"@id":"https:\/\/auna.com.br\/auna\/#website"},"primaryImageOfPage":{"@id":"https:\/\/auna.com.br\/auna\/produto\/hidrometro-multijato\/#primaryimage"},"image":{"@id":"https:\/\/auna.com.br\/auna\/produto\/hidrometro-multijato\/#primaryimage"},"thumbnailUrl":"https:\/\/auna.com.br\/auna\/wp-content\/uploads\/2020\/06\/HidrometroMultijato.jpg","datePublished":"2020-06-07T05:50:41+00:00","dateModified":"2022-04-19T09:06:11+00:00","description":"Hidr\u00f4metros multijato de alta performance para \u00e1gua limpa e fria, cuja exatid\u00e3o e durabilidade permitem o gerenciamento da medi\u00e7\u00e3o de vaz\u00e3o e totaliza\u00e7\u00e3o.","breadcrumb":{"@id":"https:\/\/auna.com.br\/auna\/produto\/hidrometro-multijato\/#breadcrumb"},"inLanguage":"pt-BR","potentialAction":[{"@type":"ReadAction","target":["https:\/\/auna.com.br\/auna\/produto\/hidrometro-multijato\/"]}]},{"@type":"ImageObject","inLanguage":"pt-BR","@id":"https:\/\/auna.com.br\/auna\/produto\/hidrometro-multijato\/#primaryimage","url":"https:\/\/auna.com.br\/auna\/wp-content\/uploads\/2020\/06\/HidrometroMultijato.jpg","contentUrl":"https:\/\/auna.com.br\/auna\/wp-content\/uploads\/2020\/06\/HidrometroMultijato.jpg","width":145,"height":150},{"@type":"BreadcrumbList","@id":"https:\/\/auna.com.br\/auna\/produto\/hidrometro-multijato\/#breadcrumb","itemListElement":[{"@type":"ListItem","position":1,"name":"In\u00edcio","item":"https:\/\/auna.com.br\/auna\/"},{"@type":"ListItem","position":2,"name":"Instrumentos","item":"https:\/\/auna.com.br\/auna\/loja\/"},{"@type":"ListItem","position":3,"name":"Hidr\u00f4metros Multijato para \u00c1gua Fria"}]},{"@type":"WebSite","@id":"https:\/\/auna.com.br\/auna\/#website","url":"https:\/\/auna.com.br\/auna\/","name":"AUNA Metrologia e Instrumenta\u00e7\u00e3o - Instrumentos de Medi\u00e7\u00e3o, Sensores para Monitoramento e Software para Calibra\u00e7\u00e3o, Ensaio e Inspe\u00e7\u00e3o","description":"comercial@auna.com.br || +55 15 9 8129-4041","publisher":{"@id":"https:\/\/auna.com.br\/auna\/#organization"},"potentialAction":[{"@type":"SearchAction","target":{"@type":"EntryPoint","urlTemplate":"https:\/\/auna.com.br\/auna\/?s={search_term_string}"},"query-input":{"@type":"PropertyValueSpecification","valueRequired":true,"valueName":"search_term_string"}}],"inLanguage":"pt-BR"},{"@type":"Organization","@id":"https:\/\/auna.com.br\/auna\/#organization","name":"AUNA Metrologia e Instrumenta\u00e7\u00e3o - Instrumentos de Medi\u00e7\u00e3o, Sensores para Monitoramento e Software para Calibra\u00e7\u00e3o, Ensaio e Inspe\u00e7\u00e3o","url":"https:\/\/auna.com.br\/auna\/","logo":{"@type":"ImageObject","inLanguage":"pt-BR","@id":"https:\/\/auna.com.br\/auna\/#\/schema\/logo\/image\/","url":"https:\/\/auna.com.br\/auna\/wp-content\/uploads\/2023\/03\/cropped-AUNA_Logo_Transparente.png","contentUrl":"https:\/\/auna.com.br\/auna\/wp-content\/uploads\/2023\/03\/cropped-AUNA_Logo_Transparente.png","width":960,"height":430,"caption":"AUNA Metrologia e Instrumenta\u00e7\u00e3o - Instrumentos de Medi\u00e7\u00e3o, Sensores para Monitoramento e Software para Calibra\u00e7\u00e3o, Ensaio e Inspe\u00e7\u00e3o"},"image":{"@id":"https:\/\/auna.com.br\/auna\/#\/schema\/logo\/image\/"}}]}},"_links":{"self":[{"href":"https:\/\/auna.com.br\/auna\/wp-json\/wp\/v2\/product\/6424","targetHints":{"allow":["GET"]}}],"collection":[{"href":"https:\/\/auna.com.br\/auna\/wp-json\/wp\/v2\/product"}],"about":[{"href":"https:\/\/auna.com.br\/auna\/wp-json\/wp\/v2\/types\/product"}],"replies":[{"embeddable":true,"href":"https:\/\/auna.com.br\/auna\/wp-json\/wp\/v2\/comments?post=6424"}],"wp:featuredmedia":[{"embeddable":true,"href":"https:\/\/auna.com.br\/auna\/wp-json\/wp\/v2\/media\/6426"}],"wp:attachment":[{"href":"https:\/\/auna.com.br\/auna\/wp-json\/wp\/v2\/media?parent=6424"}],"wp:term":[{"taxonomy":"product_brand","embeddable":true,"href":"https:\/\/auna.com.br\/auna\/wp-json\/wp\/v2\/product_brand?post=6424"},{"taxonomy":"product_cat","embeddable":true,"href":"https:\/\/auna.com.br\/auna\/wp-json\/wp\/v2\/product_cat?post=6424"},{"taxonomy":"product_tag","embeddable":true,"href":"https:\/\/auna.com.br\/auna\/wp-json\/wp\/v2\/product_tag?post=6424"},{"taxonomy":"wpstream_actors","embeddable":true,"href":"https:\/\/auna.com.br\/auna\/wp-json\/wp\/v2\/wpstream_actors?post=6424"},{"taxonomy":"wpstream_category","embeddable":true,"href":"https:\/\/auna.com.br\/auna\/wp-json\/wp\/v2\/wpstream_category?post=6424"},{"taxonomy":"wpstream_movie_rating","embeddable":true,"href":"https:\/\/auna.com.br\/auna\/wp-json\/wp\/v2\/wpstream_movie_rating?post=6424"}],"curies":[{"name":"wp","href":"https:\/\/api.w.org\/{rel}","templated":true}]}}