{"id":6447,"date":"2020-06-07T06:46:24","date_gmt":"2020-06-07T06:46:24","guid":{"rendered":"https:\/\/www.aunarepresentacoes.com.br\/?post_type=product&#038;p=6447"},"modified":"2022-04-19T05:58:18","modified_gmt":"2022-04-19T08:58:18","slug":"medidor-de-vazao-eletromagnetico-por-insercao","status":"publish","type":"product","link":"https:\/\/auna.com.br\/auna\/produto\/medidor-de-vazao-eletromagnetico-por-insercao\/","title":{"rendered":"Medidor de Vaz\u00e3o Eletromagn\u00e9tico por Inser\u00e7\u00e3o"},"content":{"rendered":"<p><strong>Medidor de vaz\u00e3o eletromagn\u00e9tico por inser\u00e7\u00e3o, tem como principais caracter\u00edsticas:<\/strong><\/p>\n<ul>\n<li>\n<p class=\"p1\">Di\u00e2metros Dispon\u00edveis: DN100 a 3000mm;<\/p>\n<\/li>\n<li>\n<p class=\"p1\">Fluidos previstos: \u2265 5\u03bcS\/cm;<\/p>\n<\/li>\n<li>\n<p class=\"p1\">Faixa de medi\u00e7\u00e3o: 0,1 a 10 m\/s;<\/p>\n<\/li>\n<li>\n<p class=\"p1\">F\u00e1cil instala\u00e7\u00e3o;<\/p>\n<\/li>\n<li>\n<p class=\"p1\">Estruturas simples, s\u00f3lidas, sem partes m\u00f3veis e longa vida \u00fatil;<\/p>\n<\/li>\n<li>\n<p class=\"p1\">Sem in\u00e9rcia mec\u00e2nica, com resposta r\u00e1pida e boa estabilidade e para uso em sistemas automatizados de medi\u00e7\u00e3o, ajuste e controle;<\/p>\n<\/li>\n<li>\n<p class=\"p1\">A precis\u00e3o das medi\u00e7\u00f5es n\u00e3o \u00e9 influenciada por par\u00e2metros f\u00edsicos tais como o modelo, a temperatura, a viscosidade, a densidade e a press\u00e3o;<\/p>\n<\/li>\n<li>\n<p class=\"p1\">Para a sua adequa\u00e7\u00e3o a diferentes flu\u00eddos utiliza-se de corpo em A\u00e7o Inox e um revestimento de PVDF com diferentes combina\u00e7\u00f5es de materiais para os eletrodos como hastelloy, a\u00e7o inoxid\u00e1vel e tit\u00e2nio;<\/p>\n<\/li>\n<li>\n<p class=\"p1\">Incorpora uma mem\u00f3ria EEPROM para a medi\u00e7\u00e3o dos dados operacionais com prote\u00e7\u00e3o segura e confi\u00e1vel;<\/p>\n<\/li>\n<li>\n<p class=\"p1\">Indicador de vaz\u00e3o dos tipos integrado e remoto;<\/p>\n<\/li>\n<li>\n<p class=\"p1\">Mostrador com display em LCD com fundo iluminado para maior visibilidade;<\/p>\n<\/li>\n<li>\n<p class=\"p1\">Op\u00e7\u00e3o com alimenta\u00e7\u00e3o a bateria de l\u00edtio.<\/p>\n<\/li>\n<\/ul>\n","protected":false},"excerpt":{"rendered":"<ul>\n<li>\n<p class=\"p1\">Di\u00e2metros Dispon\u00edveis: DN100 a 3000mm;<\/p>\n<\/li>\n<li>\n<p class=\"p1\">Fluidos previstos: \u2265 5\u03bcS\/cm;<\/p>\n<\/li>\n<li>\n<p class=\"p1\">Faixa de medi\u00e7\u00e3o: 0,1 a 10 m\/s;<\/p>\n<\/li>\n<li>Sem in\u00e9rcia mec\u00e2nica, com resposta r\u00e1pida e boa estabilidade e para uso em sistemas automatizados de medi\u00e7\u00e3o, ajuste e controle.<\/li>\n<\/ul>\n","protected":false},"featured_media":6450,"comment_status":"closed","ping_status":"closed","template":"","meta":[],"product_brand":[],"product_cat":[127,123],"product_tag":[],"wpstream_actors":[],"wpstream_category":[],"wpstream_movie_rating":[],"class_list":{"0":"post-6447","1":"product","2":"type-product","3":"status-publish","4":"has-post-thumbnail","6":"product_cat-medidor-de-vazao-eletromagneticos","7":"product_cat-vazao","9":"first","10":"onbackorder","11":"taxable","12":"shipping-taxable","13":"product-type-simple","14":"czr-hentry"},"yoast_head":"<!-- This site is optimized with the Yoast SEO plugin v27.5 - https:\/\/yoast.com\/product\/yoast-seo-wordpress\/ -->\n<title>Medidor de Vaz\u00e3o Eletromagn\u00e9tico por Inser\u00e7\u00e3o - AUNA Metrologia e Instrumenta\u00e7\u00e3o - Instrumentos de Medi\u00e7\u00e3o, Sensores para Monitoramento e Software para Calibra\u00e7\u00e3o, Ensaio e Inspe\u00e7\u00e3o<\/title>\n<meta name=\"description\" content=\"Medidor de vaz\u00e3o eletromagn\u00e9tico Ampla faixa de vaz\u00f5es a partir de valores baixos. Sa\u00edda pulsada de alta freq\u00fc\u00eancia de 1 kHz m\u00e1xima.\" \/>\n<meta name=\"robots\" content=\"index, follow, max-snippet:-1, max-image-preview:large, max-video-preview:-1\" \/>\n<link rel=\"canonical\" href=\"https:\/\/auna.com.br\/auna\/produto\/medidor-de-vazao-eletromagnetico-por-insercao\/\" \/>\n<meta property=\"og:locale\" content=\"pt_BR\" \/>\n<meta property=\"og:type\" content=\"article\" \/>\n<meta property=\"og:title\" content=\"Medidor de Vaz\u00e3o Eletromagn\u00e9tico por Inser\u00e7\u00e3o - AUNA Metrologia e Instrumenta\u00e7\u00e3o - Instrumentos de Medi\u00e7\u00e3o, Sensores para Monitoramento e Software para Calibra\u00e7\u00e3o, Ensaio e Inspe\u00e7\u00e3o\" \/>\n<meta property=\"og:description\" content=\"Medidor de vaz\u00e3o eletromagn\u00e9tico Ampla faixa de vaz\u00f5es a partir de valores baixos. Sa\u00edda pulsada de alta freq\u00fc\u00eancia de 1 kHz m\u00e1xima.\" \/>\n<meta property=\"og:url\" content=\"https:\/\/auna.com.br\/auna\/produto\/medidor-de-vazao-eletromagnetico-por-insercao\/\" \/>\n<meta property=\"og:site_name\" content=\"AUNA Metrologia e Instrumenta\u00e7\u00e3o - Instrumentos de Medi\u00e7\u00e3o, Sensores para Monitoramento e Software para Calibra\u00e7\u00e3o, Ensaio e Inspe\u00e7\u00e3o\" \/>\n<meta property=\"article:modified_time\" content=\"2022-04-19T08:58:18+00:00\" \/>\n<meta property=\"og:image\" content=\"https:\/\/auna.com.br\/auna\/wp-content\/uploads\/2020\/06\/MedVazaoEletromagneticoInsercao.jpg\" \/>\n\t<meta property=\"og:image:width\" content=\"350\" \/>\n\t<meta property=\"og:image:height\" content=\"361\" \/>\n\t<meta property=\"og:image:type\" content=\"image\/jpeg\" \/>\n<meta name=\"twitter:card\" content=\"summary_large_image\" \/>\n<meta name=\"twitter:label1\" content=\"Est. tempo de leitura\" \/>\n\t<meta name=\"twitter:data1\" content=\"1 minuto\" \/>\n<script type=\"application\/ld+json\" class=\"yoast-schema-graph\">{\"@context\":\"https:\\\/\\\/schema.org\",\"@graph\":[{\"@type\":\"WebPage\",\"@id\":\"https:\\\/\\\/auna.com.br\\\/auna\\\/produto\\\/medidor-de-vazao-eletromagnetico-por-insercao\\\/\",\"url\":\"https:\\\/\\\/auna.com.br\\\/auna\\\/produto\\\/medidor-de-vazao-eletromagnetico-por-insercao\\\/\",\"name\":\"Medidor de Vaz\u00e3o Eletromagn\u00e9tico por Inser\u00e7\u00e3o - AUNA Metrologia e Instrumenta\u00e7\u00e3o - Instrumentos de Medi\u00e7\u00e3o, Sensores para Monitoramento e Software para Calibra\u00e7\u00e3o, Ensaio e Inspe\u00e7\u00e3o\",\"isPartOf\":{\"@id\":\"https:\\\/\\\/auna.com.br\\\/auna\\\/#website\"},\"primaryImageOfPage\":{\"@id\":\"https:\\\/\\\/auna.com.br\\\/auna\\\/produto\\\/medidor-de-vazao-eletromagnetico-por-insercao\\\/#primaryimage\"},\"image\":{\"@id\":\"https:\\\/\\\/auna.com.br\\\/auna\\\/produto\\\/medidor-de-vazao-eletromagnetico-por-insercao\\\/#primaryimage\"},\"thumbnailUrl\":\"https:\\\/\\\/auna.com.br\\\/auna\\\/wp-content\\\/uploads\\\/2020\\\/06\\\/MedVazaoEletromagneticoInsercao.jpg\",\"datePublished\":\"2020-06-07T06:46:24+00:00\",\"dateModified\":\"2022-04-19T08:58:18+00:00\",\"description\":\"Medidor de vaz\u00e3o eletromagn\u00e9tico Ampla faixa de vaz\u00f5es a partir de valores baixos. Sa\u00edda pulsada de alta freq\u00fc\u00eancia de 1 kHz m\u00e1xima.\",\"breadcrumb\":{\"@id\":\"https:\\\/\\\/auna.com.br\\\/auna\\\/produto\\\/medidor-de-vazao-eletromagnetico-por-insercao\\\/#breadcrumb\"},\"inLanguage\":\"pt-BR\",\"potentialAction\":[{\"@type\":\"ReadAction\",\"target\":[\"https:\\\/\\\/auna.com.br\\\/auna\\\/produto\\\/medidor-de-vazao-eletromagnetico-por-insercao\\\/\"]}]},{\"@type\":\"ImageObject\",\"inLanguage\":\"pt-BR\",\"@id\":\"https:\\\/\\\/auna.com.br\\\/auna\\\/produto\\\/medidor-de-vazao-eletromagnetico-por-insercao\\\/#primaryimage\",\"url\":\"https:\\\/\\\/auna.com.br\\\/auna\\\/wp-content\\\/uploads\\\/2020\\\/06\\\/MedVazaoEletromagneticoInsercao.jpg\",\"contentUrl\":\"https:\\\/\\\/auna.com.br\\\/auna\\\/wp-content\\\/uploads\\\/2020\\\/06\\\/MedVazaoEletromagneticoInsercao.jpg\",\"width\":350,\"height\":361},{\"@type\":\"BreadcrumbList\",\"@id\":\"https:\\\/\\\/auna.com.br\\\/auna\\\/produto\\\/medidor-de-vazao-eletromagnetico-por-insercao\\\/#breadcrumb\",\"itemListElement\":[{\"@type\":\"ListItem\",\"position\":1,\"name\":\"In\u00edcio\",\"item\":\"https:\\\/\\\/auna.com.br\\\/auna\\\/\"},{\"@type\":\"ListItem\",\"position\":2,\"name\":\"Instrumentos\",\"item\":\"https:\\\/\\\/auna.com.br\\\/auna\\\/loja\\\/\"},{\"@type\":\"ListItem\",\"position\":3,\"name\":\"Medidor de Vaz\u00e3o Eletromagn\u00e9tico por Inser\u00e7\u00e3o\"}]},{\"@type\":\"WebSite\",\"@id\":\"https:\\\/\\\/auna.com.br\\\/auna\\\/#website\",\"url\":\"https:\\\/\\\/auna.com.br\\\/auna\\\/\",\"name\":\"AUNA Metrologia e Instrumenta\u00e7\u00e3o - Instrumentos de Medi\u00e7\u00e3o, Sensores para Monitoramento e Software para Calibra\u00e7\u00e3o, Ensaio e Inspe\u00e7\u00e3o\",\"description\":\"comercial@auna.com.br || +55 15 9 8129-4041\",\"publisher\":{\"@id\":\"https:\\\/\\\/auna.com.br\\\/auna\\\/#organization\"},\"potentialAction\":[{\"@type\":\"SearchAction\",\"target\":{\"@type\":\"EntryPoint\",\"urlTemplate\":\"https:\\\/\\\/auna.com.br\\\/auna\\\/?s={search_term_string}\"},\"query-input\":{\"@type\":\"PropertyValueSpecification\",\"valueRequired\":true,\"valueName\":\"search_term_string\"}}],\"inLanguage\":\"pt-BR\"},{\"@type\":\"Organization\",\"@id\":\"https:\\\/\\\/auna.com.br\\\/auna\\\/#organization\",\"name\":\"AUNA Metrologia e Instrumenta\u00e7\u00e3o - Instrumentos de Medi\u00e7\u00e3o, Sensores para Monitoramento e Software para Calibra\u00e7\u00e3o, Ensaio e Inspe\u00e7\u00e3o\",\"url\":\"https:\\\/\\\/auna.com.br\\\/auna\\\/\",\"logo\":{\"@type\":\"ImageObject\",\"inLanguage\":\"pt-BR\",\"@id\":\"https:\\\/\\\/auna.com.br\\\/auna\\\/#\\\/schema\\\/logo\\\/image\\\/\",\"url\":\"https:\\\/\\\/auna.com.br\\\/auna\\\/wp-content\\\/uploads\\\/2023\\\/03\\\/cropped-AUNA_Logo_Transparente.png\",\"contentUrl\":\"https:\\\/\\\/auna.com.br\\\/auna\\\/wp-content\\\/uploads\\\/2023\\\/03\\\/cropped-AUNA_Logo_Transparente.png\",\"width\":960,\"height\":430,\"caption\":\"AUNA Metrologia e Instrumenta\u00e7\u00e3o - Instrumentos de Medi\u00e7\u00e3o, Sensores para Monitoramento e Software para Calibra\u00e7\u00e3o, Ensaio e Inspe\u00e7\u00e3o\"},\"image\":{\"@id\":\"https:\\\/\\\/auna.com.br\\\/auna\\\/#\\\/schema\\\/logo\\\/image\\\/\"}}]}<\/script>\n<!-- \/ Yoast SEO plugin. -->","yoast_head_json":{"title":"Medidor de Vaz\u00e3o Eletromagn\u00e9tico por Inser\u00e7\u00e3o - AUNA Metrologia e Instrumenta\u00e7\u00e3o - Instrumentos de Medi\u00e7\u00e3o, Sensores para Monitoramento e Software para Calibra\u00e7\u00e3o, Ensaio e Inspe\u00e7\u00e3o","description":"Medidor de vaz\u00e3o eletromagn\u00e9tico Ampla faixa de vaz\u00f5es a partir de valores baixos. Sa\u00edda pulsada de alta freq\u00fc\u00eancia de 1 kHz m\u00e1xima.","robots":{"index":"index","follow":"follow","max-snippet":"max-snippet:-1","max-image-preview":"max-image-preview:large","max-video-preview":"max-video-preview:-1"},"canonical":"https:\/\/auna.com.br\/auna\/produto\/medidor-de-vazao-eletromagnetico-por-insercao\/","og_locale":"pt_BR","og_type":"article","og_title":"Medidor de Vaz\u00e3o Eletromagn\u00e9tico por Inser\u00e7\u00e3o - AUNA Metrologia e Instrumenta\u00e7\u00e3o - Instrumentos de Medi\u00e7\u00e3o, Sensores para Monitoramento e Software para Calibra\u00e7\u00e3o, Ensaio e Inspe\u00e7\u00e3o","og_description":"Medidor de vaz\u00e3o eletromagn\u00e9tico Ampla faixa de vaz\u00f5es a partir de valores baixos. Sa\u00edda pulsada de alta freq\u00fc\u00eancia de 1 kHz m\u00e1xima.","og_url":"https:\/\/auna.com.br\/auna\/produto\/medidor-de-vazao-eletromagnetico-por-insercao\/","og_site_name":"AUNA Metrologia e Instrumenta\u00e7\u00e3o - Instrumentos de Medi\u00e7\u00e3o, Sensores para Monitoramento e Software para Calibra\u00e7\u00e3o, Ensaio e Inspe\u00e7\u00e3o","article_modified_time":"2022-04-19T08:58:18+00:00","og_image":[{"width":350,"height":361,"url":"https:\/\/auna.com.br\/auna\/wp-content\/uploads\/2020\/06\/MedVazaoEletromagneticoInsercao.jpg","type":"image\/jpeg"}],"twitter_card":"summary_large_image","twitter_misc":{"Est. tempo de leitura":"1 minuto"},"schema":{"@context":"https:\/\/schema.org","@graph":[{"@type":"WebPage","@id":"https:\/\/auna.com.br\/auna\/produto\/medidor-de-vazao-eletromagnetico-por-insercao\/","url":"https:\/\/auna.com.br\/auna\/produto\/medidor-de-vazao-eletromagnetico-por-insercao\/","name":"Medidor de Vaz\u00e3o Eletromagn\u00e9tico por Inser\u00e7\u00e3o - AUNA Metrologia e Instrumenta\u00e7\u00e3o - Instrumentos de Medi\u00e7\u00e3o, Sensores para Monitoramento e Software para Calibra\u00e7\u00e3o, Ensaio e Inspe\u00e7\u00e3o","isPartOf":{"@id":"https:\/\/auna.com.br\/auna\/#website"},"primaryImageOfPage":{"@id":"https:\/\/auna.com.br\/auna\/produto\/medidor-de-vazao-eletromagnetico-por-insercao\/#primaryimage"},"image":{"@id":"https:\/\/auna.com.br\/auna\/produto\/medidor-de-vazao-eletromagnetico-por-insercao\/#primaryimage"},"thumbnailUrl":"https:\/\/auna.com.br\/auna\/wp-content\/uploads\/2020\/06\/MedVazaoEletromagneticoInsercao.jpg","datePublished":"2020-06-07T06:46:24+00:00","dateModified":"2022-04-19T08:58:18+00:00","description":"Medidor de vaz\u00e3o eletromagn\u00e9tico Ampla faixa de vaz\u00f5es a partir de valores baixos. Sa\u00edda pulsada de alta freq\u00fc\u00eancia de 1 kHz m\u00e1xima.","breadcrumb":{"@id":"https:\/\/auna.com.br\/auna\/produto\/medidor-de-vazao-eletromagnetico-por-insercao\/#breadcrumb"},"inLanguage":"pt-BR","potentialAction":[{"@type":"ReadAction","target":["https:\/\/auna.com.br\/auna\/produto\/medidor-de-vazao-eletromagnetico-por-insercao\/"]}]},{"@type":"ImageObject","inLanguage":"pt-BR","@id":"https:\/\/auna.com.br\/auna\/produto\/medidor-de-vazao-eletromagnetico-por-insercao\/#primaryimage","url":"https:\/\/auna.com.br\/auna\/wp-content\/uploads\/2020\/06\/MedVazaoEletromagneticoInsercao.jpg","contentUrl":"https:\/\/auna.com.br\/auna\/wp-content\/uploads\/2020\/06\/MedVazaoEletromagneticoInsercao.jpg","width":350,"height":361},{"@type":"BreadcrumbList","@id":"https:\/\/auna.com.br\/auna\/produto\/medidor-de-vazao-eletromagnetico-por-insercao\/#breadcrumb","itemListElement":[{"@type":"ListItem","position":1,"name":"In\u00edcio","item":"https:\/\/auna.com.br\/auna\/"},{"@type":"ListItem","position":2,"name":"Instrumentos","item":"https:\/\/auna.com.br\/auna\/loja\/"},{"@type":"ListItem","position":3,"name":"Medidor de Vaz\u00e3o Eletromagn\u00e9tico por Inser\u00e7\u00e3o"}]},{"@type":"WebSite","@id":"https:\/\/auna.com.br\/auna\/#website","url":"https:\/\/auna.com.br\/auna\/","name":"AUNA Metrologia e Instrumenta\u00e7\u00e3o - Instrumentos de Medi\u00e7\u00e3o, Sensores para Monitoramento e Software para Calibra\u00e7\u00e3o, Ensaio e Inspe\u00e7\u00e3o","description":"comercial@auna.com.br || +55 15 9 8129-4041","publisher":{"@id":"https:\/\/auna.com.br\/auna\/#organization"},"potentialAction":[{"@type":"SearchAction","target":{"@type":"EntryPoint","urlTemplate":"https:\/\/auna.com.br\/auna\/?s={search_term_string}"},"query-input":{"@type":"PropertyValueSpecification","valueRequired":true,"valueName":"search_term_string"}}],"inLanguage":"pt-BR"},{"@type":"Organization","@id":"https:\/\/auna.com.br\/auna\/#organization","name":"AUNA Metrologia e Instrumenta\u00e7\u00e3o - Instrumentos de Medi\u00e7\u00e3o, Sensores para Monitoramento e Software para Calibra\u00e7\u00e3o, Ensaio e Inspe\u00e7\u00e3o","url":"https:\/\/auna.com.br\/auna\/","logo":{"@type":"ImageObject","inLanguage":"pt-BR","@id":"https:\/\/auna.com.br\/auna\/#\/schema\/logo\/image\/","url":"https:\/\/auna.com.br\/auna\/wp-content\/uploads\/2023\/03\/cropped-AUNA_Logo_Transparente.png","contentUrl":"https:\/\/auna.com.br\/auna\/wp-content\/uploads\/2023\/03\/cropped-AUNA_Logo_Transparente.png","width":960,"height":430,"caption":"AUNA Metrologia e Instrumenta\u00e7\u00e3o - Instrumentos de Medi\u00e7\u00e3o, Sensores para Monitoramento e Software para Calibra\u00e7\u00e3o, Ensaio e Inspe\u00e7\u00e3o"},"image":{"@id":"https:\/\/auna.com.br\/auna\/#\/schema\/logo\/image\/"}}]}},"_links":{"self":[{"href":"https:\/\/auna.com.br\/auna\/wp-json\/wp\/v2\/product\/6447","targetHints":{"allow":["GET"]}}],"collection":[{"href":"https:\/\/auna.com.br\/auna\/wp-json\/wp\/v2\/product"}],"about":[{"href":"https:\/\/auna.com.br\/auna\/wp-json\/wp\/v2\/types\/product"}],"replies":[{"embeddable":true,"href":"https:\/\/auna.com.br\/auna\/wp-json\/wp\/v2\/comments?post=6447"}],"wp:featuredmedia":[{"embeddable":true,"href":"https:\/\/auna.com.br\/auna\/wp-json\/wp\/v2\/media\/6450"}],"wp:attachment":[{"href":"https:\/\/auna.com.br\/auna\/wp-json\/wp\/v2\/media?parent=6447"}],"wp:term":[{"taxonomy":"product_brand","embeddable":true,"href":"https:\/\/auna.com.br\/auna\/wp-json\/wp\/v2\/product_brand?post=6447"},{"taxonomy":"product_cat","embeddable":true,"href":"https:\/\/auna.com.br\/auna\/wp-json\/wp\/v2\/product_cat?post=6447"},{"taxonomy":"product_tag","embeddable":true,"href":"https:\/\/auna.com.br\/auna\/wp-json\/wp\/v2\/product_tag?post=6447"},{"taxonomy":"wpstream_actors","embeddable":true,"href":"https:\/\/auna.com.br\/auna\/wp-json\/wp\/v2\/wpstream_actors?post=6447"},{"taxonomy":"wpstream_category","embeddable":true,"href":"https:\/\/auna.com.br\/auna\/wp-json\/wp\/v2\/wpstream_category?post=6447"},{"taxonomy":"wpstream_movie_rating","embeddable":true,"href":"https:\/\/auna.com.br\/auna\/wp-json\/wp\/v2\/wpstream_movie_rating?post=6447"}],"curies":[{"name":"wp","href":"https:\/\/api.w.org\/{rel}","templated":true}]}}