{"id":6544,"date":"2020-06-13T10:08:47","date_gmt":"2020-06-13T10:08:47","guid":{"rendered":"https:\/\/www.aunarepresentacoes.com.br\/?post_type=product&#038;p=6544"},"modified":"2022-04-19T03:02:07","modified_gmt":"2022-04-19T06:02:07","slug":"medidor-de-agua-eletromagnetico-por-radiofrequencia","status":"publish","type":"product","link":"https:\/\/auna.com.br\/auna\/produto\/medidor-de-agua-eletromagnetico-por-radiofrequencia\/","title":{"rendered":"Medidor de \u00e1gua eletromagn\u00e9tico por Radiofrequ\u00eancia"},"content":{"rendered":"<p>O Medidor de \u00c1gua Eletromagn\u00e9tico por Radiofreq\u00fc\u00eancia iPERL usa arquitetura de dados inteligente e responsiva que transforma o conceito da rede inteligente em realidade, oferecendo um alto desempenho e longa vida \u00fatil, precis\u00e3o de refer\u00eancia, potencial de redu\u00e7\u00e3o de custos e transpar\u00eancia operacional. Um elemento essencial n\u00e3o apenas no monitoramento do consumo, mas tamb\u00e9m na modelagem de estrat\u00e9gias e investimentos de neg\u00f3cios futuros.<\/p>\n<p>Um ponto final de dados que substitui o medidor tradicional, captura e comunica o estado da rede e os dados de consumo de forma remota e em tempo real, acompanhando continuamente a integridade do sistema e relat\u00f3rios com par\u00e2metros definidos.<\/p>\n<p><b>Benef\u00edcios.<\/b><\/p>\n<ul>\n<li>Melhora a efici\u00eancia operacional e o atendimento ao cliente;<\/li>\n<li>Reduz a \u00e1gua n\u00e3o faturada, medindo taxas de fluxo t\u00e3o baixas quanto 1 litro por hora;<\/li>\n<li>Ajuda a reduzir a manuten\u00e7\u00e3o e o custo;<\/li>\n<li>Instalada horizontalmente, verticalmente ou diagonalmente;<\/li>\n<li>Evita tentativas de remo\u00e7\u00e3o de \u00e1gua gratuita e adultera\u00e7\u00e3o;<\/li>\n<li>Detecta vazamentos do sistema;<\/li>\n<li>Permite acompanhamento remoto e diagn\u00f3stico;<\/li>\n<li>Coleta e registra dados de consumo;<\/li>\n<li>Ajuda a preservar a energia e a otimizar o poder;<\/li>\n<li>Fornece comunica\u00e7\u00f5es bi-direcionais cont\u00ednuas e escal\u00e1veis para migra\u00e7\u00e3o de tecnologia de leitura autom\u00e1tica de medidores (AMR) para infra-estrutura de medi\u00e7\u00e3o avan\u00e7ada (AMI).<\/li>\n<\/ul>\n<p>Com uma medi\u00e7\u00e3o de baixo fluxo de 1 litro por hora, o iPERL ajuda os servi\u00e7os p\u00fablicos na redu\u00e7\u00e3o de \u00e1gua n\u00e3o-faturada. Eles podem ser programados para fornecer dados altamente granulares em intervalos de 15 minutos, o que melhora a precis\u00e3o na identifica\u00e7\u00e3o de vazamentos do lado do cliente. A riqueza de dados tamb\u00e9m ajuda os servi\u00e7os de \u00e1gua a gerenciar redes de distribui\u00e7\u00e3o de forma mais eficiente, a conservar a \u00e1gua, a fornecer cobran\u00e7as precisas aos clientes e a inform\u00e1-las sobre vazamentos, fraude ou padr\u00f5es de uso incomuns.<\/p>\n","protected":false},"excerpt":{"rendered":"<ul>\n<li>Melhora a efici\u00eancia operacional e o atendimento ao cliente;<\/li>\n<li>Reduz a \u00e1gua n\u00e3o faturada, medindo taxas de fluxo t\u00e3o baixas quanto 1 litro por hora;<\/li>\n<li>Ajuda a reduzir a manuten\u00e7\u00e3o e o custo;<\/li>\n<li>Instalada horizontalmente, verticalmente ou diagonalmente;<\/li>\n<li>Evita tentativas de remo\u00e7\u00e3o de \u00e1gua gratuita e adultera\u00e7\u00e3o;<\/li>\n<li>Detecta vazamentos do sistema;<\/li>\n<li>Permite acompanhamento remoto e diagn\u00f3stico;<\/li>\n<li>Coleta e registra dados de consumo;<\/li>\n<li>Ajuda a preservar a energia e a otimizar o poder;<\/li>\n<li>Fornece comunica\u00e7\u00f5es bi-direcionais cont\u00ednuas e escal\u00e1veis para migra\u00e7\u00e3o de tecnologia de leitura autom\u00e1tica de medidores (AMR) para infra-estrutura de medi\u00e7\u00e3o avan\u00e7ada (AMI).<\/li>\n<\/ul>\n","protected":false},"featured_media":6547,"comment_status":"closed","ping_status":"closed","template":"","meta":[],"product_brand":[],"product_cat":[130,123],"product_tag":[],"wpstream_actors":[],"wpstream_category":[],"wpstream_movie_rating":[],"class_list":{"0":"post-6544","1":"product","2":"type-product","3":"status-publish","4":"has-post-thumbnail","6":"product_cat-vazao-de-liquidos","7":"product_cat-vazao","9":"first","10":"onbackorder","11":"taxable","12":"shipping-taxable","13":"product-type-simple","14":"czr-hentry"},"yoast_head":"<!-- This site is optimized with the Yoast SEO plugin v27.5 - https:\/\/yoast.com\/product\/yoast-seo-wordpress\/ -->\n<title>Medidor de \u00e1gua eletromagn\u00e9tico por Radiofrequ\u00eancia - AUNA Metrologia e Instrumenta\u00e7\u00e3o - Instrumentos de Medi\u00e7\u00e3o, Sensores para Monitoramento e Software para Calibra\u00e7\u00e3o, Ensaio e Inspe\u00e7\u00e3o<\/title>\n<meta name=\"description\" content=\"O Medidor de \u00c1gua Eletromagn\u00e9tico por Radiofreq\u00fc\u00eancia iPERL usa arquitetura de dados inteligente e responsiva que transforma o conceito da rede inteligente.\" \/>\n<meta name=\"robots\" content=\"index, follow, max-snippet:-1, max-image-preview:large, max-video-preview:-1\" \/>\n<link rel=\"canonical\" href=\"https:\/\/auna.com.br\/auna\/produto\/medidor-de-agua-eletromagnetico-por-radiofrequencia\/\" \/>\n<meta property=\"og:locale\" content=\"pt_BR\" \/>\n<meta property=\"og:type\" content=\"article\" \/>\n<meta property=\"og:title\" content=\"Medidor de \u00e1gua eletromagn\u00e9tico por Radiofrequ\u00eancia - AUNA Metrologia e Instrumenta\u00e7\u00e3o - Instrumentos de Medi\u00e7\u00e3o, Sensores para Monitoramento e Software para Calibra\u00e7\u00e3o, Ensaio e Inspe\u00e7\u00e3o\" \/>\n<meta property=\"og:description\" content=\"O Medidor de \u00c1gua Eletromagn\u00e9tico por Radiofreq\u00fc\u00eancia iPERL usa arquitetura de dados inteligente e responsiva que transforma o conceito da rede inteligente.\" \/>\n<meta property=\"og:url\" content=\"https:\/\/auna.com.br\/auna\/produto\/medidor-de-agua-eletromagnetico-por-radiofrequencia\/\" \/>\n<meta property=\"og:site_name\" content=\"AUNA Metrologia e Instrumenta\u00e7\u00e3o - Instrumentos de Medi\u00e7\u00e3o, Sensores para Monitoramento e Software para Calibra\u00e7\u00e3o, Ensaio e Inspe\u00e7\u00e3o\" \/>\n<meta property=\"article:modified_time\" content=\"2022-04-19T06:02:07+00:00\" \/>\n<meta property=\"og:image\" content=\"https:\/\/auna.com.br\/auna\/wp-content\/uploads\/2020\/06\/068767c2977aa4f1193fb4429e712fc1.jpg\" \/>\n\t<meta property=\"og:image:width\" content=\"350\" \/>\n\t<meta property=\"og:image:height\" content=\"362\" \/>\n\t<meta property=\"og:image:type\" content=\"image\/jpeg\" \/>\n<meta name=\"twitter:card\" content=\"summary_large_image\" \/>\n<meta name=\"twitter:label1\" content=\"Est. tempo de leitura\" \/>\n\t<meta name=\"twitter:data1\" content=\"2 minutos\" \/>\n<script type=\"application\/ld+json\" class=\"yoast-schema-graph\">{\"@context\":\"https:\\\/\\\/schema.org\",\"@graph\":[{\"@type\":\"WebPage\",\"@id\":\"https:\\\/\\\/auna.com.br\\\/auna\\\/produto\\\/medidor-de-agua-eletromagnetico-por-radiofrequencia\\\/\",\"url\":\"https:\\\/\\\/auna.com.br\\\/auna\\\/produto\\\/medidor-de-agua-eletromagnetico-por-radiofrequencia\\\/\",\"name\":\"Medidor de \u00e1gua eletromagn\u00e9tico por Radiofrequ\u00eancia - AUNA Metrologia e Instrumenta\u00e7\u00e3o - Instrumentos de Medi\u00e7\u00e3o, Sensores para Monitoramento e Software para Calibra\u00e7\u00e3o, Ensaio e Inspe\u00e7\u00e3o\",\"isPartOf\":{\"@id\":\"https:\\\/\\\/auna.com.br\\\/auna\\\/#website\"},\"primaryImageOfPage\":{\"@id\":\"https:\\\/\\\/auna.com.br\\\/auna\\\/produto\\\/medidor-de-agua-eletromagnetico-por-radiofrequencia\\\/#primaryimage\"},\"image\":{\"@id\":\"https:\\\/\\\/auna.com.br\\\/auna\\\/produto\\\/medidor-de-agua-eletromagnetico-por-radiofrequencia\\\/#primaryimage\"},\"thumbnailUrl\":\"https:\\\/\\\/auna.com.br\\\/auna\\\/wp-content\\\/uploads\\\/2020\\\/06\\\/068767c2977aa4f1193fb4429e712fc1.jpg\",\"datePublished\":\"2020-06-13T10:08:47+00:00\",\"dateModified\":\"2022-04-19T06:02:07+00:00\",\"description\":\"O Medidor de \u00c1gua Eletromagn\u00e9tico por Radiofreq\u00fc\u00eancia iPERL usa arquitetura de dados inteligente e responsiva que transforma o conceito da rede inteligente.\",\"breadcrumb\":{\"@id\":\"https:\\\/\\\/auna.com.br\\\/auna\\\/produto\\\/medidor-de-agua-eletromagnetico-por-radiofrequencia\\\/#breadcrumb\"},\"inLanguage\":\"pt-BR\",\"potentialAction\":[{\"@type\":\"ReadAction\",\"target\":[\"https:\\\/\\\/auna.com.br\\\/auna\\\/produto\\\/medidor-de-agua-eletromagnetico-por-radiofrequencia\\\/\"]}]},{\"@type\":\"ImageObject\",\"inLanguage\":\"pt-BR\",\"@id\":\"https:\\\/\\\/auna.com.br\\\/auna\\\/produto\\\/medidor-de-agua-eletromagnetico-por-radiofrequencia\\\/#primaryimage\",\"url\":\"https:\\\/\\\/auna.com.br\\\/auna\\\/wp-content\\\/uploads\\\/2020\\\/06\\\/068767c2977aa4f1193fb4429e712fc1.jpg\",\"contentUrl\":\"https:\\\/\\\/auna.com.br\\\/auna\\\/wp-content\\\/uploads\\\/2020\\\/06\\\/068767c2977aa4f1193fb4429e712fc1.jpg\",\"width\":350,\"height\":362},{\"@type\":\"BreadcrumbList\",\"@id\":\"https:\\\/\\\/auna.com.br\\\/auna\\\/produto\\\/medidor-de-agua-eletromagnetico-por-radiofrequencia\\\/#breadcrumb\",\"itemListElement\":[{\"@type\":\"ListItem\",\"position\":1,\"name\":\"In\u00edcio\",\"item\":\"https:\\\/\\\/auna.com.br\\\/auna\\\/\"},{\"@type\":\"ListItem\",\"position\":2,\"name\":\"Instrumentos\",\"item\":\"https:\\\/\\\/auna.com.br\\\/auna\\\/loja\\\/\"},{\"@type\":\"ListItem\",\"position\":3,\"name\":\"Medidor de \u00e1gua eletromagn\u00e9tico por Radiofrequ\u00eancia\"}]},{\"@type\":\"WebSite\",\"@id\":\"https:\\\/\\\/auna.com.br\\\/auna\\\/#website\",\"url\":\"https:\\\/\\\/auna.com.br\\\/auna\\\/\",\"name\":\"AUNA Metrologia e Instrumenta\u00e7\u00e3o - Instrumentos de Medi\u00e7\u00e3o, Sensores para Monitoramento e Software para Calibra\u00e7\u00e3o, Ensaio e Inspe\u00e7\u00e3o\",\"description\":\"comercial@auna.com.br || +55 15 9 8129-4041\",\"publisher\":{\"@id\":\"https:\\\/\\\/auna.com.br\\\/auna\\\/#organization\"},\"potentialAction\":[{\"@type\":\"SearchAction\",\"target\":{\"@type\":\"EntryPoint\",\"urlTemplate\":\"https:\\\/\\\/auna.com.br\\\/auna\\\/?s={search_term_string}\"},\"query-input\":{\"@type\":\"PropertyValueSpecification\",\"valueRequired\":true,\"valueName\":\"search_term_string\"}}],\"inLanguage\":\"pt-BR\"},{\"@type\":\"Organization\",\"@id\":\"https:\\\/\\\/auna.com.br\\\/auna\\\/#organization\",\"name\":\"AUNA Metrologia e Instrumenta\u00e7\u00e3o - Instrumentos de Medi\u00e7\u00e3o, Sensores para Monitoramento e Software para Calibra\u00e7\u00e3o, Ensaio e Inspe\u00e7\u00e3o\",\"url\":\"https:\\\/\\\/auna.com.br\\\/auna\\\/\",\"logo\":{\"@type\":\"ImageObject\",\"inLanguage\":\"pt-BR\",\"@id\":\"https:\\\/\\\/auna.com.br\\\/auna\\\/#\\\/schema\\\/logo\\\/image\\\/\",\"url\":\"https:\\\/\\\/auna.com.br\\\/auna\\\/wp-content\\\/uploads\\\/2023\\\/03\\\/cropped-AUNA_Logo_Transparente.png\",\"contentUrl\":\"https:\\\/\\\/auna.com.br\\\/auna\\\/wp-content\\\/uploads\\\/2023\\\/03\\\/cropped-AUNA_Logo_Transparente.png\",\"width\":960,\"height\":430,\"caption\":\"AUNA Metrologia e Instrumenta\u00e7\u00e3o - Instrumentos de Medi\u00e7\u00e3o, Sensores para Monitoramento e Software para Calibra\u00e7\u00e3o, Ensaio e Inspe\u00e7\u00e3o\"},\"image\":{\"@id\":\"https:\\\/\\\/auna.com.br\\\/auna\\\/#\\\/schema\\\/logo\\\/image\\\/\"}}]}<\/script>\n<!-- \/ Yoast SEO plugin. -->","yoast_head_json":{"title":"Medidor de \u00e1gua eletromagn\u00e9tico por Radiofrequ\u00eancia - AUNA Metrologia e Instrumenta\u00e7\u00e3o - Instrumentos de Medi\u00e7\u00e3o, Sensores para Monitoramento e Software para Calibra\u00e7\u00e3o, Ensaio e Inspe\u00e7\u00e3o","description":"O Medidor de \u00c1gua Eletromagn\u00e9tico por Radiofreq\u00fc\u00eancia iPERL usa arquitetura de dados inteligente e responsiva que transforma o conceito da rede inteligente.","robots":{"index":"index","follow":"follow","max-snippet":"max-snippet:-1","max-image-preview":"max-image-preview:large","max-video-preview":"max-video-preview:-1"},"canonical":"https:\/\/auna.com.br\/auna\/produto\/medidor-de-agua-eletromagnetico-por-radiofrequencia\/","og_locale":"pt_BR","og_type":"article","og_title":"Medidor de \u00e1gua eletromagn\u00e9tico por Radiofrequ\u00eancia - AUNA Metrologia e Instrumenta\u00e7\u00e3o - Instrumentos de Medi\u00e7\u00e3o, Sensores para Monitoramento e Software para Calibra\u00e7\u00e3o, Ensaio e Inspe\u00e7\u00e3o","og_description":"O Medidor de \u00c1gua Eletromagn\u00e9tico por Radiofreq\u00fc\u00eancia iPERL usa arquitetura de dados inteligente e responsiva que transforma o conceito da rede inteligente.","og_url":"https:\/\/auna.com.br\/auna\/produto\/medidor-de-agua-eletromagnetico-por-radiofrequencia\/","og_site_name":"AUNA Metrologia e Instrumenta\u00e7\u00e3o - Instrumentos de Medi\u00e7\u00e3o, Sensores para Monitoramento e Software para Calibra\u00e7\u00e3o, Ensaio e Inspe\u00e7\u00e3o","article_modified_time":"2022-04-19T06:02:07+00:00","og_image":[{"width":350,"height":362,"url":"https:\/\/auna.com.br\/auna\/wp-content\/uploads\/2020\/06\/068767c2977aa4f1193fb4429e712fc1.jpg","type":"image\/jpeg"}],"twitter_card":"summary_large_image","twitter_misc":{"Est. tempo de leitura":"2 minutos"},"schema":{"@context":"https:\/\/schema.org","@graph":[{"@type":"WebPage","@id":"https:\/\/auna.com.br\/auna\/produto\/medidor-de-agua-eletromagnetico-por-radiofrequencia\/","url":"https:\/\/auna.com.br\/auna\/produto\/medidor-de-agua-eletromagnetico-por-radiofrequencia\/","name":"Medidor de \u00e1gua eletromagn\u00e9tico por Radiofrequ\u00eancia - AUNA Metrologia e Instrumenta\u00e7\u00e3o - Instrumentos de Medi\u00e7\u00e3o, Sensores para Monitoramento e Software para Calibra\u00e7\u00e3o, Ensaio e Inspe\u00e7\u00e3o","isPartOf":{"@id":"https:\/\/auna.com.br\/auna\/#website"},"primaryImageOfPage":{"@id":"https:\/\/auna.com.br\/auna\/produto\/medidor-de-agua-eletromagnetico-por-radiofrequencia\/#primaryimage"},"image":{"@id":"https:\/\/auna.com.br\/auna\/produto\/medidor-de-agua-eletromagnetico-por-radiofrequencia\/#primaryimage"},"thumbnailUrl":"https:\/\/auna.com.br\/auna\/wp-content\/uploads\/2020\/06\/068767c2977aa4f1193fb4429e712fc1.jpg","datePublished":"2020-06-13T10:08:47+00:00","dateModified":"2022-04-19T06:02:07+00:00","description":"O Medidor de \u00c1gua Eletromagn\u00e9tico por Radiofreq\u00fc\u00eancia iPERL usa arquitetura de dados inteligente e responsiva que transforma o conceito da rede inteligente.","breadcrumb":{"@id":"https:\/\/auna.com.br\/auna\/produto\/medidor-de-agua-eletromagnetico-por-radiofrequencia\/#breadcrumb"},"inLanguage":"pt-BR","potentialAction":[{"@type":"ReadAction","target":["https:\/\/auna.com.br\/auna\/produto\/medidor-de-agua-eletromagnetico-por-radiofrequencia\/"]}]},{"@type":"ImageObject","inLanguage":"pt-BR","@id":"https:\/\/auna.com.br\/auna\/produto\/medidor-de-agua-eletromagnetico-por-radiofrequencia\/#primaryimage","url":"https:\/\/auna.com.br\/auna\/wp-content\/uploads\/2020\/06\/068767c2977aa4f1193fb4429e712fc1.jpg","contentUrl":"https:\/\/auna.com.br\/auna\/wp-content\/uploads\/2020\/06\/068767c2977aa4f1193fb4429e712fc1.jpg","width":350,"height":362},{"@type":"BreadcrumbList","@id":"https:\/\/auna.com.br\/auna\/produto\/medidor-de-agua-eletromagnetico-por-radiofrequencia\/#breadcrumb","itemListElement":[{"@type":"ListItem","position":1,"name":"In\u00edcio","item":"https:\/\/auna.com.br\/auna\/"},{"@type":"ListItem","position":2,"name":"Instrumentos","item":"https:\/\/auna.com.br\/auna\/loja\/"},{"@type":"ListItem","position":3,"name":"Medidor de \u00e1gua eletromagn\u00e9tico por Radiofrequ\u00eancia"}]},{"@type":"WebSite","@id":"https:\/\/auna.com.br\/auna\/#website","url":"https:\/\/auna.com.br\/auna\/","name":"AUNA Metrologia e Instrumenta\u00e7\u00e3o - Instrumentos de Medi\u00e7\u00e3o, Sensores para Monitoramento e Software para Calibra\u00e7\u00e3o, Ensaio e Inspe\u00e7\u00e3o","description":"comercial@auna.com.br || +55 15 9 8129-4041","publisher":{"@id":"https:\/\/auna.com.br\/auna\/#organization"},"potentialAction":[{"@type":"SearchAction","target":{"@type":"EntryPoint","urlTemplate":"https:\/\/auna.com.br\/auna\/?s={search_term_string}"},"query-input":{"@type":"PropertyValueSpecification","valueRequired":true,"valueName":"search_term_string"}}],"inLanguage":"pt-BR"},{"@type":"Organization","@id":"https:\/\/auna.com.br\/auna\/#organization","name":"AUNA Metrologia e Instrumenta\u00e7\u00e3o - Instrumentos de Medi\u00e7\u00e3o, Sensores para Monitoramento e Software para Calibra\u00e7\u00e3o, Ensaio e Inspe\u00e7\u00e3o","url":"https:\/\/auna.com.br\/auna\/","logo":{"@type":"ImageObject","inLanguage":"pt-BR","@id":"https:\/\/auna.com.br\/auna\/#\/schema\/logo\/image\/","url":"https:\/\/auna.com.br\/auna\/wp-content\/uploads\/2023\/03\/cropped-AUNA_Logo_Transparente.png","contentUrl":"https:\/\/auna.com.br\/auna\/wp-content\/uploads\/2023\/03\/cropped-AUNA_Logo_Transparente.png","width":960,"height":430,"caption":"AUNA Metrologia e Instrumenta\u00e7\u00e3o - Instrumentos de Medi\u00e7\u00e3o, Sensores para Monitoramento e Software para Calibra\u00e7\u00e3o, Ensaio e Inspe\u00e7\u00e3o"},"image":{"@id":"https:\/\/auna.com.br\/auna\/#\/schema\/logo\/image\/"}}]}},"_links":{"self":[{"href":"https:\/\/auna.com.br\/auna\/wp-json\/wp\/v2\/product\/6544","targetHints":{"allow":["GET"]}}],"collection":[{"href":"https:\/\/auna.com.br\/auna\/wp-json\/wp\/v2\/product"}],"about":[{"href":"https:\/\/auna.com.br\/auna\/wp-json\/wp\/v2\/types\/product"}],"replies":[{"embeddable":true,"href":"https:\/\/auna.com.br\/auna\/wp-json\/wp\/v2\/comments?post=6544"}],"wp:featuredmedia":[{"embeddable":true,"href":"https:\/\/auna.com.br\/auna\/wp-json\/wp\/v2\/media\/6547"}],"wp:attachment":[{"href":"https:\/\/auna.com.br\/auna\/wp-json\/wp\/v2\/media?parent=6544"}],"wp:term":[{"taxonomy":"product_brand","embeddable":true,"href":"https:\/\/auna.com.br\/auna\/wp-json\/wp\/v2\/product_brand?post=6544"},{"taxonomy":"product_cat","embeddable":true,"href":"https:\/\/auna.com.br\/auna\/wp-json\/wp\/v2\/product_cat?post=6544"},{"taxonomy":"product_tag","embeddable":true,"href":"https:\/\/auna.com.br\/auna\/wp-json\/wp\/v2\/product_tag?post=6544"},{"taxonomy":"wpstream_actors","embeddable":true,"href":"https:\/\/auna.com.br\/auna\/wp-json\/wp\/v2\/wpstream_actors?post=6544"},{"taxonomy":"wpstream_category","embeddable":true,"href":"https:\/\/auna.com.br\/auna\/wp-json\/wp\/v2\/wpstream_category?post=6544"},{"taxonomy":"wpstream_movie_rating","embeddable":true,"href":"https:\/\/auna.com.br\/auna\/wp-json\/wp\/v2\/wpstream_movie_rating?post=6544"}],"curies":[{"name":"wp","href":"https:\/\/api.w.org\/{rel}","templated":true}]}}