{"id":6895,"date":"2021-04-20T15:11:55","date_gmt":"2021-04-20T18:11:55","guid":{"rendered":"https:\/\/www.aunarepresentacoes.com.br\/?post_type=product&#038;p=6895"},"modified":"2025-12-20T10:03:37","modified_gmt":"2025-12-20T13:03:37","slug":"adt-685ex-manometro-digital-intrinsecamente-seguro","status":"publish","type":"product","link":"https:\/\/auna.com.br\/auna\/produto\/adt-685ex-manometro-digital-intrinsecamente-seguro\/","title":{"rendered":"ADT 685Ex &#8211; Man\u00f4metro Digital Intrinsecamente Seguro"},"content":{"rendered":"<p style=\"color: #666666;\">Inovador Man\u00f4metro Digital Intrinsecamente Seguro IP67 com tela com acionamento por toque. Dispon\u00edvel em vers\u00f5es manom\u00e9tricas, faixas compostas, absolutas e diferenciais.<\/p>\n<ul>\n<li style=\"color: #666666;\">Faixas de Press\u00e3o desde \u00b11 inH2O (\u00b12,5 mBar) at\u00e9 60000 psi (4200 bar);<\/li>\n<li style=\"color: #666666;\">Bar\u00f4metro incorporado permite a sele\u00e7\u00e3o de medi\u00e7\u00e3o de press\u00e3o manom\u00e9trica ou absoluta;<\/li>\n<li style=\"color: #666666;\">Exatid\u00f5es dispon\u00edveis 0,02%FE (ADT685-02) , 0,05%FE (ADT685-05) , 0,1%FE (ADT685-10) , 0,2%FE (ADT685-20) e 0,1% da leitura (ADT685-RD);<\/li>\n<li style=\"color: #666666;\">Display acionado por toque, protetor de tela tipo filtro de vidro temperado substitu\u00edvel;<\/li>\n<li style=\"color: #666666;\">Temperatura totalmente compensada entre -10 \u00b0C a 50 \u00b0C;<\/li>\n<li style=\"color: #666666;\">Datalogger com capacidade 10 Milh\u00f5es de registros, modo de registro autom\u00e1tico ou manual com intervalo selecion\u00e1vel desde 0,1 a 9999,9 segundos (opcional -DL);<\/li>\n<li style=\"color: #666666;\">Alimentado por 3 pilhas alcalinas;<\/li>\n<li style=\"color: #666666;\">Intrinsecamente Seguro ATEX II 1G EX ia IIC T4 Ga;<\/li>\n<li style=\"color: #666666;\">Caixa em A\u00e7o Inox 304 com prote\u00e7\u00e3o IP 67;<\/li>\n<li style=\"color: #666666;\">Partes molhadas em A\u00e7o Inox 316;<\/li>\n<li style=\"color: #666666;\">Interfaces USB e (RS-485, RS232 opcional);<\/li>\n<li style=\"color: #666666;\">Sa\u00edda 4-20mA (opcional).<\/li>\n<\/ul>\n<div class=\"container\">\n<div class=\"row pt-5\">\n<div class=\"col-lg-6 mt-3 descricao\"><\/div>\n<\/div>\n<\/div>\n","protected":false},"excerpt":{"rendered":"<p>Inovador Man\u00f4metro Digital Intrinsecamente Seguro IP67 com tela com acionamento por toque. Dispon\u00edvel em vers\u00f5es manom\u00e9tricas, faixas compostas, absolutas e diferenciais.<\/p>\n","protected":false},"featured_media":6897,"comment_status":"closed","ping_status":"closed","template":"","meta":[],"product_brand":[],"product_cat":[56],"product_tag":[],"wpstream_actors":[],"wpstream_category":[],"wpstream_movie_rating":[],"class_list":{"0":"post-6895","1":"product","2":"type-product","3":"status-publish","4":"has-post-thumbnail","6":"product_cat-manometro-digital","8":"first","9":"onbackorder","10":"taxable","11":"shipping-taxable","12":"product-type-simple","13":"czr-hentry"},"yoast_head":"<!-- This site is optimized with the Yoast SEO plugin v27.5 - https:\/\/yoast.com\/product\/yoast-seo-wordpress\/ -->\n<title>ADT 685Ex - Man\u00f4metro Digital Intrinsecamente Seguro - AUNA Metrologia e Instrumenta\u00e7\u00e3o - Instrumentos de Medi\u00e7\u00e3o, Sensores para Monitoramento e Software para Calibra\u00e7\u00e3o, Ensaio e Inspe\u00e7\u00e3o<\/title>\n<meta name=\"description\" content=\"Inovador Man\u00f4metro Digital Intrinsecamente Seguro IP67 com tela com acionamento por toque. Dispon\u00edvel em vers\u00f5es manom\u00e9tricas, faixas compostas, absolutas e diferenciais.\" \/>\n<meta name=\"robots\" content=\"index, follow, max-snippet:-1, max-image-preview:large, max-video-preview:-1\" \/>\n<link rel=\"canonical\" href=\"https:\/\/auna.com.br\/auna\/produto\/adt-685ex-manometro-digital-intrinsecamente-seguro\/\" \/>\n<meta property=\"og:locale\" content=\"pt_BR\" \/>\n<meta property=\"og:type\" content=\"article\" \/>\n<meta property=\"og:title\" content=\"ADT 685Ex - Man\u00f4metro Digital Intrinsecamente Seguro - AUNA Metrologia e Instrumenta\u00e7\u00e3o - Instrumentos de Medi\u00e7\u00e3o, Sensores para Monitoramento e Software para Calibra\u00e7\u00e3o, Ensaio e Inspe\u00e7\u00e3o\" \/>\n<meta property=\"og:description\" content=\"Inovador Man\u00f4metro Digital Intrinsecamente Seguro IP67 com tela com acionamento por toque. Dispon\u00edvel em vers\u00f5es manom\u00e9tricas, faixas compostas, absolutas e diferenciais.\" \/>\n<meta property=\"og:url\" content=\"https:\/\/auna.com.br\/auna\/produto\/adt-685ex-manometro-digital-intrinsecamente-seguro\/\" \/>\n<meta property=\"og:site_name\" content=\"AUNA Metrologia e Instrumenta\u00e7\u00e3o - Instrumentos de Medi\u00e7\u00e3o, Sensores para Monitoramento e Software para Calibra\u00e7\u00e3o, Ensaio e Inspe\u00e7\u00e3o\" \/>\n<meta property=\"article:modified_time\" content=\"2025-12-20T13:03:37+00:00\" \/>\n<meta property=\"og:image\" content=\"https:\/\/auna.com.br\/auna\/wp-content\/uploads\/2021\/04\/ADT685EX-1.png\" \/>\n\t<meta property=\"og:image:width\" content=\"750\" \/>\n\t<meta property=\"og:image:height\" content=\"750\" \/>\n\t<meta property=\"og:image:type\" content=\"image\/png\" \/>\n<meta name=\"twitter:card\" content=\"summary_large_image\" \/>\n<meta name=\"twitter:label1\" content=\"Est. tempo de leitura\" \/>\n\t<meta name=\"twitter:data1\" content=\"2 minutos\" \/>\n<script type=\"application\/ld+json\" class=\"yoast-schema-graph\">{\"@context\":\"https:\\\/\\\/schema.org\",\"@graph\":[{\"@type\":\"WebPage\",\"@id\":\"https:\\\/\\\/auna.com.br\\\/auna\\\/produto\\\/adt-685ex-manometro-digital-intrinsecamente-seguro\\\/\",\"url\":\"https:\\\/\\\/auna.com.br\\\/auna\\\/produto\\\/adt-685ex-manometro-digital-intrinsecamente-seguro\\\/\",\"name\":\"ADT 685Ex - Man\u00f4metro Digital Intrinsecamente Seguro - AUNA Metrologia e Instrumenta\u00e7\u00e3o - Instrumentos de Medi\u00e7\u00e3o, Sensores para Monitoramento e Software para Calibra\u00e7\u00e3o, Ensaio e Inspe\u00e7\u00e3o\",\"isPartOf\":{\"@id\":\"https:\\\/\\\/auna.com.br\\\/auna\\\/#website\"},\"primaryImageOfPage\":{\"@id\":\"https:\\\/\\\/auna.com.br\\\/auna\\\/produto\\\/adt-685ex-manometro-digital-intrinsecamente-seguro\\\/#primaryimage\"},\"image\":{\"@id\":\"https:\\\/\\\/auna.com.br\\\/auna\\\/produto\\\/adt-685ex-manometro-digital-intrinsecamente-seguro\\\/#primaryimage\"},\"thumbnailUrl\":\"https:\\\/\\\/auna.com.br\\\/auna\\\/wp-content\\\/uploads\\\/2021\\\/04\\\/ADT685EX-1.png\",\"datePublished\":\"2021-04-20T18:11:55+00:00\",\"dateModified\":\"2025-12-20T13:03:37+00:00\",\"description\":\"Inovador Man\u00f4metro Digital Intrinsecamente Seguro IP67 com tela com acionamento por toque. Dispon\u00edvel em vers\u00f5es manom\u00e9tricas, faixas compostas, absolutas e diferenciais.\",\"breadcrumb\":{\"@id\":\"https:\\\/\\\/auna.com.br\\\/auna\\\/produto\\\/adt-685ex-manometro-digital-intrinsecamente-seguro\\\/#breadcrumb\"},\"inLanguage\":\"pt-BR\",\"potentialAction\":[{\"@type\":\"ReadAction\",\"target\":[\"https:\\\/\\\/auna.com.br\\\/auna\\\/produto\\\/adt-685ex-manometro-digital-intrinsecamente-seguro\\\/\"]}]},{\"@type\":\"ImageObject\",\"inLanguage\":\"pt-BR\",\"@id\":\"https:\\\/\\\/auna.com.br\\\/auna\\\/produto\\\/adt-685ex-manometro-digital-intrinsecamente-seguro\\\/#primaryimage\",\"url\":\"https:\\\/\\\/auna.com.br\\\/auna\\\/wp-content\\\/uploads\\\/2021\\\/04\\\/ADT685EX-1.png\",\"contentUrl\":\"https:\\\/\\\/auna.com.br\\\/auna\\\/wp-content\\\/uploads\\\/2021\\\/04\\\/ADT685EX-1.png\",\"width\":750,\"height\":750},{\"@type\":\"BreadcrumbList\",\"@id\":\"https:\\\/\\\/auna.com.br\\\/auna\\\/produto\\\/adt-685ex-manometro-digital-intrinsecamente-seguro\\\/#breadcrumb\",\"itemListElement\":[{\"@type\":\"ListItem\",\"position\":1,\"name\":\"In\u00edcio\",\"item\":\"https:\\\/\\\/auna.com.br\\\/auna\\\/\"},{\"@type\":\"ListItem\",\"position\":2,\"name\":\"Instrumentos\",\"item\":\"https:\\\/\\\/auna.com.br\\\/auna\\\/loja\\\/\"},{\"@type\":\"ListItem\",\"position\":3,\"name\":\"ADT 685Ex &#8211; Man\u00f4metro Digital Intrinsecamente Seguro\"}]},{\"@type\":\"WebSite\",\"@id\":\"https:\\\/\\\/auna.com.br\\\/auna\\\/#website\",\"url\":\"https:\\\/\\\/auna.com.br\\\/auna\\\/\",\"name\":\"AUNA Metrologia e Instrumenta\u00e7\u00e3o - Instrumentos de Medi\u00e7\u00e3o, Sensores para Monitoramento e Software para Calibra\u00e7\u00e3o, Ensaio e Inspe\u00e7\u00e3o\",\"description\":\"comercial@auna.com.br || +55 15 9 8129-4041\",\"publisher\":{\"@id\":\"https:\\\/\\\/auna.com.br\\\/auna\\\/#organization\"},\"potentialAction\":[{\"@type\":\"SearchAction\",\"target\":{\"@type\":\"EntryPoint\",\"urlTemplate\":\"https:\\\/\\\/auna.com.br\\\/auna\\\/?s={search_term_string}\"},\"query-input\":{\"@type\":\"PropertyValueSpecification\",\"valueRequired\":true,\"valueName\":\"search_term_string\"}}],\"inLanguage\":\"pt-BR\"},{\"@type\":\"Organization\",\"@id\":\"https:\\\/\\\/auna.com.br\\\/auna\\\/#organization\",\"name\":\"AUNA Metrologia e Instrumenta\u00e7\u00e3o - Instrumentos de Medi\u00e7\u00e3o, Sensores para Monitoramento e Software para Calibra\u00e7\u00e3o, Ensaio e Inspe\u00e7\u00e3o\",\"url\":\"https:\\\/\\\/auna.com.br\\\/auna\\\/\",\"logo\":{\"@type\":\"ImageObject\",\"inLanguage\":\"pt-BR\",\"@id\":\"https:\\\/\\\/auna.com.br\\\/auna\\\/#\\\/schema\\\/logo\\\/image\\\/\",\"url\":\"https:\\\/\\\/auna.com.br\\\/auna\\\/wp-content\\\/uploads\\\/2023\\\/03\\\/cropped-AUNA_Logo_Transparente.png\",\"contentUrl\":\"https:\\\/\\\/auna.com.br\\\/auna\\\/wp-content\\\/uploads\\\/2023\\\/03\\\/cropped-AUNA_Logo_Transparente.png\",\"width\":960,\"height\":430,\"caption\":\"AUNA Metrologia e Instrumenta\u00e7\u00e3o - Instrumentos de Medi\u00e7\u00e3o, Sensores para Monitoramento e Software para Calibra\u00e7\u00e3o, Ensaio e Inspe\u00e7\u00e3o\"},\"image\":{\"@id\":\"https:\\\/\\\/auna.com.br\\\/auna\\\/#\\\/schema\\\/logo\\\/image\\\/\"}}]}<\/script>\n<!-- \/ Yoast SEO plugin. -->","yoast_head_json":{"title":"ADT 685Ex - Man\u00f4metro Digital Intrinsecamente Seguro - AUNA Metrologia e Instrumenta\u00e7\u00e3o - Instrumentos de Medi\u00e7\u00e3o, Sensores para Monitoramento e Software para Calibra\u00e7\u00e3o, Ensaio e Inspe\u00e7\u00e3o","description":"Inovador Man\u00f4metro Digital Intrinsecamente Seguro IP67 com tela com acionamento por toque. Dispon\u00edvel em vers\u00f5es manom\u00e9tricas, faixas compostas, absolutas e diferenciais.","robots":{"index":"index","follow":"follow","max-snippet":"max-snippet:-1","max-image-preview":"max-image-preview:large","max-video-preview":"max-video-preview:-1"},"canonical":"https:\/\/auna.com.br\/auna\/produto\/adt-685ex-manometro-digital-intrinsecamente-seguro\/","og_locale":"pt_BR","og_type":"article","og_title":"ADT 685Ex - Man\u00f4metro Digital Intrinsecamente Seguro - AUNA Metrologia e Instrumenta\u00e7\u00e3o - Instrumentos de Medi\u00e7\u00e3o, Sensores para Monitoramento e Software para Calibra\u00e7\u00e3o, Ensaio e Inspe\u00e7\u00e3o","og_description":"Inovador Man\u00f4metro Digital Intrinsecamente Seguro IP67 com tela com acionamento por toque. Dispon\u00edvel em vers\u00f5es manom\u00e9tricas, faixas compostas, absolutas e diferenciais.","og_url":"https:\/\/auna.com.br\/auna\/produto\/adt-685ex-manometro-digital-intrinsecamente-seguro\/","og_site_name":"AUNA Metrologia e Instrumenta\u00e7\u00e3o - Instrumentos de Medi\u00e7\u00e3o, Sensores para Monitoramento e Software para Calibra\u00e7\u00e3o, Ensaio e Inspe\u00e7\u00e3o","article_modified_time":"2025-12-20T13:03:37+00:00","og_image":[{"width":750,"height":750,"url":"https:\/\/auna.com.br\/auna\/wp-content\/uploads\/2021\/04\/ADT685EX-1.png","type":"image\/png"}],"twitter_card":"summary_large_image","twitter_misc":{"Est. tempo de leitura":"2 minutos"},"schema":{"@context":"https:\/\/schema.org","@graph":[{"@type":"WebPage","@id":"https:\/\/auna.com.br\/auna\/produto\/adt-685ex-manometro-digital-intrinsecamente-seguro\/","url":"https:\/\/auna.com.br\/auna\/produto\/adt-685ex-manometro-digital-intrinsecamente-seguro\/","name":"ADT 685Ex - Man\u00f4metro Digital Intrinsecamente Seguro - AUNA Metrologia e Instrumenta\u00e7\u00e3o - Instrumentos de Medi\u00e7\u00e3o, Sensores para Monitoramento e Software para Calibra\u00e7\u00e3o, Ensaio e Inspe\u00e7\u00e3o","isPartOf":{"@id":"https:\/\/auna.com.br\/auna\/#website"},"primaryImageOfPage":{"@id":"https:\/\/auna.com.br\/auna\/produto\/adt-685ex-manometro-digital-intrinsecamente-seguro\/#primaryimage"},"image":{"@id":"https:\/\/auna.com.br\/auna\/produto\/adt-685ex-manometro-digital-intrinsecamente-seguro\/#primaryimage"},"thumbnailUrl":"https:\/\/auna.com.br\/auna\/wp-content\/uploads\/2021\/04\/ADT685EX-1.png","datePublished":"2021-04-20T18:11:55+00:00","dateModified":"2025-12-20T13:03:37+00:00","description":"Inovador Man\u00f4metro Digital Intrinsecamente Seguro IP67 com tela com acionamento por toque. Dispon\u00edvel em vers\u00f5es manom\u00e9tricas, faixas compostas, absolutas e diferenciais.","breadcrumb":{"@id":"https:\/\/auna.com.br\/auna\/produto\/adt-685ex-manometro-digital-intrinsecamente-seguro\/#breadcrumb"},"inLanguage":"pt-BR","potentialAction":[{"@type":"ReadAction","target":["https:\/\/auna.com.br\/auna\/produto\/adt-685ex-manometro-digital-intrinsecamente-seguro\/"]}]},{"@type":"ImageObject","inLanguage":"pt-BR","@id":"https:\/\/auna.com.br\/auna\/produto\/adt-685ex-manometro-digital-intrinsecamente-seguro\/#primaryimage","url":"https:\/\/auna.com.br\/auna\/wp-content\/uploads\/2021\/04\/ADT685EX-1.png","contentUrl":"https:\/\/auna.com.br\/auna\/wp-content\/uploads\/2021\/04\/ADT685EX-1.png","width":750,"height":750},{"@type":"BreadcrumbList","@id":"https:\/\/auna.com.br\/auna\/produto\/adt-685ex-manometro-digital-intrinsecamente-seguro\/#breadcrumb","itemListElement":[{"@type":"ListItem","position":1,"name":"In\u00edcio","item":"https:\/\/auna.com.br\/auna\/"},{"@type":"ListItem","position":2,"name":"Instrumentos","item":"https:\/\/auna.com.br\/auna\/loja\/"},{"@type":"ListItem","position":3,"name":"ADT 685Ex &#8211; Man\u00f4metro Digital Intrinsecamente Seguro"}]},{"@type":"WebSite","@id":"https:\/\/auna.com.br\/auna\/#website","url":"https:\/\/auna.com.br\/auna\/","name":"AUNA Metrologia e Instrumenta\u00e7\u00e3o - Instrumentos de Medi\u00e7\u00e3o, Sensores para Monitoramento e Software para Calibra\u00e7\u00e3o, Ensaio e Inspe\u00e7\u00e3o","description":"comercial@auna.com.br || +55 15 9 8129-4041","publisher":{"@id":"https:\/\/auna.com.br\/auna\/#organization"},"potentialAction":[{"@type":"SearchAction","target":{"@type":"EntryPoint","urlTemplate":"https:\/\/auna.com.br\/auna\/?s={search_term_string}"},"query-input":{"@type":"PropertyValueSpecification","valueRequired":true,"valueName":"search_term_string"}}],"inLanguage":"pt-BR"},{"@type":"Organization","@id":"https:\/\/auna.com.br\/auna\/#organization","name":"AUNA Metrologia e Instrumenta\u00e7\u00e3o - Instrumentos de Medi\u00e7\u00e3o, Sensores para Monitoramento e Software para Calibra\u00e7\u00e3o, Ensaio e Inspe\u00e7\u00e3o","url":"https:\/\/auna.com.br\/auna\/","logo":{"@type":"ImageObject","inLanguage":"pt-BR","@id":"https:\/\/auna.com.br\/auna\/#\/schema\/logo\/image\/","url":"https:\/\/auna.com.br\/auna\/wp-content\/uploads\/2023\/03\/cropped-AUNA_Logo_Transparente.png","contentUrl":"https:\/\/auna.com.br\/auna\/wp-content\/uploads\/2023\/03\/cropped-AUNA_Logo_Transparente.png","width":960,"height":430,"caption":"AUNA Metrologia e Instrumenta\u00e7\u00e3o - Instrumentos de Medi\u00e7\u00e3o, Sensores para Monitoramento e Software para Calibra\u00e7\u00e3o, Ensaio e Inspe\u00e7\u00e3o"},"image":{"@id":"https:\/\/auna.com.br\/auna\/#\/schema\/logo\/image\/"}}]}},"_links":{"self":[{"href":"https:\/\/auna.com.br\/auna\/wp-json\/wp\/v2\/product\/6895","targetHints":{"allow":["GET"]}}],"collection":[{"href":"https:\/\/auna.com.br\/auna\/wp-json\/wp\/v2\/product"}],"about":[{"href":"https:\/\/auna.com.br\/auna\/wp-json\/wp\/v2\/types\/product"}],"replies":[{"embeddable":true,"href":"https:\/\/auna.com.br\/auna\/wp-json\/wp\/v2\/comments?post=6895"}],"wp:featuredmedia":[{"embeddable":true,"href":"https:\/\/auna.com.br\/auna\/wp-json\/wp\/v2\/media\/6897"}],"wp:attachment":[{"href":"https:\/\/auna.com.br\/auna\/wp-json\/wp\/v2\/media?parent=6895"}],"wp:term":[{"taxonomy":"product_brand","embeddable":true,"href":"https:\/\/auna.com.br\/auna\/wp-json\/wp\/v2\/product_brand?post=6895"},{"taxonomy":"product_cat","embeddable":true,"href":"https:\/\/auna.com.br\/auna\/wp-json\/wp\/v2\/product_cat?post=6895"},{"taxonomy":"product_tag","embeddable":true,"href":"https:\/\/auna.com.br\/auna\/wp-json\/wp\/v2\/product_tag?post=6895"},{"taxonomy":"wpstream_actors","embeddable":true,"href":"https:\/\/auna.com.br\/auna\/wp-json\/wp\/v2\/wpstream_actors?post=6895"},{"taxonomy":"wpstream_category","embeddable":true,"href":"https:\/\/auna.com.br\/auna\/wp-json\/wp\/v2\/wpstream_category?post=6895"},{"taxonomy":"wpstream_movie_rating","embeddable":true,"href":"https:\/\/auna.com.br\/auna\/wp-json\/wp\/v2\/wpstream_movie_rating?post=6895"}],"curies":[{"name":"wp","href":"https:\/\/api.w.org\/{rel}","templated":true}]}}