{"id":7453,"date":"2022-04-24T03:59:30","date_gmt":"2022-04-24T06:59:30","guid":{"rendered":"https:\/\/www.aunarepresentacoes.com.br\/?post_type=product&#038;p=7453"},"modified":"2022-04-24T03:59:30","modified_gmt":"2022-04-24T06:59:30","slug":"termopares-convencionais","status":"publish","type":"product","link":"https:\/\/auna.com.br\/auna\/produto\/termopares-convencionais\/","title":{"rendered":"Termopares Convencionais"},"content":{"rendered":"<p>Um dos itens mais vers\u00e1til da categoria. O cliente pode configurar seu sensor da forma que melhor atender as suas necessidades. Podendo especificar o tipo de fio, o comprimento, a liga para leitura, a prote\u00e7\u00e3o externa e tipo de liga\u00e7\u00e3o.<\/p>\n<ul>\n<li>Fabricado nas calibra\u00e7\u00f5es: J, K, N, T, E, R, S.<\/li>\n<li>Bainha dispon\u00edvel em A\u00e7o Inox 304, 316, 310 e Inconel.<\/li>\n<li>Diversos di\u00e2metros.<\/li>\n<li>Hastes com dimens\u00f5es conforme necessidade do cliente.<\/li>\n<li>Liga\u00e7\u00e3o diversas como: Cabe\u00e7ote alum\u00ednio, cabos de liga\u00e7\u00e3o e conectores compensados.<\/li>\n<li>Podem trabalhar em altas temperaturas.<\/li>\n<li>Leitura em cavidades estreitas.<\/li>\n<li>\u00d3tima durabilidade devido sua composi\u00e7\u00e3o ser mais robusta.<\/li>\n<\/ul>\n","protected":false},"excerpt":{"rendered":"<p>Um dos itens mais vers\u00e1til da categoria. O cliente pode configurar seu sensor da forma que melhor atender as suas necessidades. Podendo especificar o tipo de fio, o comprimento, a liga para leitura, a prote\u00e7\u00e3o externa e tipo de liga\u00e7\u00e3o. Fabricado nas calibra\u00e7\u00f5es: J, K, N, T, E, R, S. Bainha dispon\u00edvel em A\u00e7o Inox [&hellip;]<\/p>\n","protected":false},"featured_media":7454,"comment_status":"closed","ping_status":"closed","template":"","meta":[],"product_brand":[],"product_cat":[236],"product_tag":[],"wpstream_actors":[],"wpstream_category":[],"wpstream_movie_rating":[],"class_list":{"0":"post-7453","1":"product","2":"type-product","3":"status-publish","4":"has-post-thumbnail","6":"product_cat-termopar","8":"first","9":"onbackorder","10":"taxable","11":"shipping-taxable","12":"product-type-simple","13":"czr-hentry"},"yoast_head":"<!-- This site is optimized with the Yoast SEO plugin v27.5 - https:\/\/yoast.com\/product\/yoast-seo-wordpress\/ -->\n<title>Termopares Convencionais - AUNA Metrologia e Instrumenta\u00e7\u00e3o - Instrumentos de Medi\u00e7\u00e3o, Sensores para Monitoramento e Software para Calibra\u00e7\u00e3o, Ensaio e Inspe\u00e7\u00e3o<\/title>\n<meta name=\"description\" content=\"Calibra\u00e7\u00f5es: J, K, N, T, E, R, S. Bainha em A\u00e7o Inox e Inconel. Diversos di\u00e2metros. Hastes com dimens\u00f5es conforme necessidade do cliente.\" \/>\n<meta name=\"robots\" content=\"index, follow, max-snippet:-1, max-image-preview:large, max-video-preview:-1\" \/>\n<link rel=\"canonical\" href=\"https:\/\/auna.com.br\/auna\/produto\/termopares-convencionais\/\" \/>\n<meta property=\"og:locale\" content=\"pt_BR\" \/>\n<meta property=\"og:type\" content=\"article\" \/>\n<meta property=\"og:title\" content=\"Termopares Convencionais - AUNA Metrologia e Instrumenta\u00e7\u00e3o - Instrumentos de Medi\u00e7\u00e3o, Sensores para Monitoramento e Software para Calibra\u00e7\u00e3o, Ensaio e Inspe\u00e7\u00e3o\" \/>\n<meta property=\"og:description\" content=\"Calibra\u00e7\u00f5es: J, K, N, T, E, R, S. Bainha em A\u00e7o Inox e Inconel. Diversos di\u00e2metros. Hastes com dimens\u00f5es conforme necessidade do cliente.\" \/>\n<meta property=\"og:url\" content=\"https:\/\/auna.com.br\/auna\/produto\/termopares-convencionais\/\" \/>\n<meta property=\"og:site_name\" content=\"AUNA Metrologia e Instrumenta\u00e7\u00e3o - Instrumentos de Medi\u00e7\u00e3o, Sensores para Monitoramento e Software para Calibra\u00e7\u00e3o, Ensaio e Inspe\u00e7\u00e3o\" \/>\n<meta property=\"og:image\" content=\"https:\/\/auna.com.br\/auna\/wp-content\/uploads\/2022\/04\/TermoparConvencional.jpg\" \/>\n\t<meta property=\"og:image:width\" content=\"392\" \/>\n\t<meta property=\"og:image:height\" content=\"330\" \/>\n\t<meta property=\"og:image:type\" content=\"image\/jpeg\" \/>\n<meta name=\"twitter:card\" content=\"summary_large_image\" \/>\n<meta name=\"twitter:label1\" content=\"Est. tempo de leitura\" \/>\n\t<meta name=\"twitter:data1\" content=\"1 minuto\" \/>\n<script type=\"application\/ld+json\" class=\"yoast-schema-graph\">{\"@context\":\"https:\\\/\\\/schema.org\",\"@graph\":[{\"@type\":\"WebPage\",\"@id\":\"https:\\\/\\\/auna.com.br\\\/auna\\\/produto\\\/termopares-convencionais\\\/\",\"url\":\"https:\\\/\\\/auna.com.br\\\/auna\\\/produto\\\/termopares-convencionais\\\/\",\"name\":\"Termopares Convencionais - AUNA Metrologia e Instrumenta\u00e7\u00e3o - Instrumentos de Medi\u00e7\u00e3o, Sensores para Monitoramento e Software para Calibra\u00e7\u00e3o, Ensaio e Inspe\u00e7\u00e3o\",\"isPartOf\":{\"@id\":\"https:\\\/\\\/auna.com.br\\\/auna\\\/#website\"},\"primaryImageOfPage\":{\"@id\":\"https:\\\/\\\/auna.com.br\\\/auna\\\/produto\\\/termopares-convencionais\\\/#primaryimage\"},\"image\":{\"@id\":\"https:\\\/\\\/auna.com.br\\\/auna\\\/produto\\\/termopares-convencionais\\\/#primaryimage\"},\"thumbnailUrl\":\"https:\\\/\\\/auna.com.br\\\/auna\\\/wp-content\\\/uploads\\\/2022\\\/04\\\/TermoparConvencional.jpg\",\"datePublished\":\"2022-04-24T06:59:30+00:00\",\"description\":\"Calibra\u00e7\u00f5es: J, K, N, T, E, R, S. Bainha em A\u00e7o Inox e Inconel. Diversos di\u00e2metros. Hastes com dimens\u00f5es conforme necessidade do cliente.\",\"breadcrumb\":{\"@id\":\"https:\\\/\\\/auna.com.br\\\/auna\\\/produto\\\/termopares-convencionais\\\/#breadcrumb\"},\"inLanguage\":\"pt-BR\",\"potentialAction\":[{\"@type\":\"ReadAction\",\"target\":[\"https:\\\/\\\/auna.com.br\\\/auna\\\/produto\\\/termopares-convencionais\\\/\"]}]},{\"@type\":\"ImageObject\",\"inLanguage\":\"pt-BR\",\"@id\":\"https:\\\/\\\/auna.com.br\\\/auna\\\/produto\\\/termopares-convencionais\\\/#primaryimage\",\"url\":\"https:\\\/\\\/auna.com.br\\\/auna\\\/wp-content\\\/uploads\\\/2022\\\/04\\\/TermoparConvencional.jpg\",\"contentUrl\":\"https:\\\/\\\/auna.com.br\\\/auna\\\/wp-content\\\/uploads\\\/2022\\\/04\\\/TermoparConvencional.jpg\",\"width\":392,\"height\":330},{\"@type\":\"BreadcrumbList\",\"@id\":\"https:\\\/\\\/auna.com.br\\\/auna\\\/produto\\\/termopares-convencionais\\\/#breadcrumb\",\"itemListElement\":[{\"@type\":\"ListItem\",\"position\":1,\"name\":\"In\u00edcio\",\"item\":\"https:\\\/\\\/auna.com.br\\\/auna\\\/\"},{\"@type\":\"ListItem\",\"position\":2,\"name\":\"Instrumentos\",\"item\":\"https:\\\/\\\/auna.com.br\\\/auna\\\/loja\\\/\"},{\"@type\":\"ListItem\",\"position\":3,\"name\":\"Termopares Convencionais\"}]},{\"@type\":\"WebSite\",\"@id\":\"https:\\\/\\\/auna.com.br\\\/auna\\\/#website\",\"url\":\"https:\\\/\\\/auna.com.br\\\/auna\\\/\",\"name\":\"AUNA Metrologia e Instrumenta\u00e7\u00e3o - Instrumentos de Medi\u00e7\u00e3o, Sensores para Monitoramento e Software para Calibra\u00e7\u00e3o, Ensaio e Inspe\u00e7\u00e3o\",\"description\":\"comercial@auna.com.br || +55 15 9 8129-4041\",\"publisher\":{\"@id\":\"https:\\\/\\\/auna.com.br\\\/auna\\\/#organization\"},\"potentialAction\":[{\"@type\":\"SearchAction\",\"target\":{\"@type\":\"EntryPoint\",\"urlTemplate\":\"https:\\\/\\\/auna.com.br\\\/auna\\\/?s={search_term_string}\"},\"query-input\":{\"@type\":\"PropertyValueSpecification\",\"valueRequired\":true,\"valueName\":\"search_term_string\"}}],\"inLanguage\":\"pt-BR\"},{\"@type\":\"Organization\",\"@id\":\"https:\\\/\\\/auna.com.br\\\/auna\\\/#organization\",\"name\":\"AUNA Metrologia e Instrumenta\u00e7\u00e3o - Instrumentos de Medi\u00e7\u00e3o, Sensores para Monitoramento e Software para Calibra\u00e7\u00e3o, Ensaio e Inspe\u00e7\u00e3o\",\"url\":\"https:\\\/\\\/auna.com.br\\\/auna\\\/\",\"logo\":{\"@type\":\"ImageObject\",\"inLanguage\":\"pt-BR\",\"@id\":\"https:\\\/\\\/auna.com.br\\\/auna\\\/#\\\/schema\\\/logo\\\/image\\\/\",\"url\":\"https:\\\/\\\/auna.com.br\\\/auna\\\/wp-content\\\/uploads\\\/2023\\\/03\\\/cropped-AUNA_Logo_Transparente.png\",\"contentUrl\":\"https:\\\/\\\/auna.com.br\\\/auna\\\/wp-content\\\/uploads\\\/2023\\\/03\\\/cropped-AUNA_Logo_Transparente.png\",\"width\":960,\"height\":430,\"caption\":\"AUNA Metrologia e Instrumenta\u00e7\u00e3o - Instrumentos de Medi\u00e7\u00e3o, Sensores para Monitoramento e Software para Calibra\u00e7\u00e3o, Ensaio e Inspe\u00e7\u00e3o\"},\"image\":{\"@id\":\"https:\\\/\\\/auna.com.br\\\/auna\\\/#\\\/schema\\\/logo\\\/image\\\/\"}}]}<\/script>\n<!-- \/ Yoast SEO plugin. -->","yoast_head_json":{"title":"Termopares Convencionais - AUNA Metrologia e Instrumenta\u00e7\u00e3o - Instrumentos de Medi\u00e7\u00e3o, Sensores para Monitoramento e Software para Calibra\u00e7\u00e3o, Ensaio e Inspe\u00e7\u00e3o","description":"Calibra\u00e7\u00f5es: J, K, N, T, E, R, S. Bainha em A\u00e7o Inox e Inconel. Diversos di\u00e2metros. Hastes com dimens\u00f5es conforme necessidade do cliente.","robots":{"index":"index","follow":"follow","max-snippet":"max-snippet:-1","max-image-preview":"max-image-preview:large","max-video-preview":"max-video-preview:-1"},"canonical":"https:\/\/auna.com.br\/auna\/produto\/termopares-convencionais\/","og_locale":"pt_BR","og_type":"article","og_title":"Termopares Convencionais - AUNA Metrologia e Instrumenta\u00e7\u00e3o - Instrumentos de Medi\u00e7\u00e3o, Sensores para Monitoramento e Software para Calibra\u00e7\u00e3o, Ensaio e Inspe\u00e7\u00e3o","og_description":"Calibra\u00e7\u00f5es: J, K, N, T, E, R, S. Bainha em A\u00e7o Inox e Inconel. Diversos di\u00e2metros. Hastes com dimens\u00f5es conforme necessidade do cliente.","og_url":"https:\/\/auna.com.br\/auna\/produto\/termopares-convencionais\/","og_site_name":"AUNA Metrologia e Instrumenta\u00e7\u00e3o - Instrumentos de Medi\u00e7\u00e3o, Sensores para Monitoramento e Software para Calibra\u00e7\u00e3o, Ensaio e Inspe\u00e7\u00e3o","og_image":[{"width":392,"height":330,"url":"https:\/\/auna.com.br\/auna\/wp-content\/uploads\/2022\/04\/TermoparConvencional.jpg","type":"image\/jpeg"}],"twitter_card":"summary_large_image","twitter_misc":{"Est. tempo de leitura":"1 minuto"},"schema":{"@context":"https:\/\/schema.org","@graph":[{"@type":"WebPage","@id":"https:\/\/auna.com.br\/auna\/produto\/termopares-convencionais\/","url":"https:\/\/auna.com.br\/auna\/produto\/termopares-convencionais\/","name":"Termopares Convencionais - AUNA Metrologia e Instrumenta\u00e7\u00e3o - Instrumentos de Medi\u00e7\u00e3o, Sensores para Monitoramento e Software para Calibra\u00e7\u00e3o, Ensaio e Inspe\u00e7\u00e3o","isPartOf":{"@id":"https:\/\/auna.com.br\/auna\/#website"},"primaryImageOfPage":{"@id":"https:\/\/auna.com.br\/auna\/produto\/termopares-convencionais\/#primaryimage"},"image":{"@id":"https:\/\/auna.com.br\/auna\/produto\/termopares-convencionais\/#primaryimage"},"thumbnailUrl":"https:\/\/auna.com.br\/auna\/wp-content\/uploads\/2022\/04\/TermoparConvencional.jpg","datePublished":"2022-04-24T06:59:30+00:00","description":"Calibra\u00e7\u00f5es: J, K, N, T, E, R, S. Bainha em A\u00e7o Inox e Inconel. Diversos di\u00e2metros. Hastes com dimens\u00f5es conforme necessidade do cliente.","breadcrumb":{"@id":"https:\/\/auna.com.br\/auna\/produto\/termopares-convencionais\/#breadcrumb"},"inLanguage":"pt-BR","potentialAction":[{"@type":"ReadAction","target":["https:\/\/auna.com.br\/auna\/produto\/termopares-convencionais\/"]}]},{"@type":"ImageObject","inLanguage":"pt-BR","@id":"https:\/\/auna.com.br\/auna\/produto\/termopares-convencionais\/#primaryimage","url":"https:\/\/auna.com.br\/auna\/wp-content\/uploads\/2022\/04\/TermoparConvencional.jpg","contentUrl":"https:\/\/auna.com.br\/auna\/wp-content\/uploads\/2022\/04\/TermoparConvencional.jpg","width":392,"height":330},{"@type":"BreadcrumbList","@id":"https:\/\/auna.com.br\/auna\/produto\/termopares-convencionais\/#breadcrumb","itemListElement":[{"@type":"ListItem","position":1,"name":"In\u00edcio","item":"https:\/\/auna.com.br\/auna\/"},{"@type":"ListItem","position":2,"name":"Instrumentos","item":"https:\/\/auna.com.br\/auna\/loja\/"},{"@type":"ListItem","position":3,"name":"Termopares Convencionais"}]},{"@type":"WebSite","@id":"https:\/\/auna.com.br\/auna\/#website","url":"https:\/\/auna.com.br\/auna\/","name":"AUNA Metrologia e Instrumenta\u00e7\u00e3o - Instrumentos de Medi\u00e7\u00e3o, Sensores para Monitoramento e Software para Calibra\u00e7\u00e3o, Ensaio e Inspe\u00e7\u00e3o","description":"comercial@auna.com.br || +55 15 9 8129-4041","publisher":{"@id":"https:\/\/auna.com.br\/auna\/#organization"},"potentialAction":[{"@type":"SearchAction","target":{"@type":"EntryPoint","urlTemplate":"https:\/\/auna.com.br\/auna\/?s={search_term_string}"},"query-input":{"@type":"PropertyValueSpecification","valueRequired":true,"valueName":"search_term_string"}}],"inLanguage":"pt-BR"},{"@type":"Organization","@id":"https:\/\/auna.com.br\/auna\/#organization","name":"AUNA Metrologia e Instrumenta\u00e7\u00e3o - Instrumentos de Medi\u00e7\u00e3o, Sensores para Monitoramento e Software para Calibra\u00e7\u00e3o, Ensaio e Inspe\u00e7\u00e3o","url":"https:\/\/auna.com.br\/auna\/","logo":{"@type":"ImageObject","inLanguage":"pt-BR","@id":"https:\/\/auna.com.br\/auna\/#\/schema\/logo\/image\/","url":"https:\/\/auna.com.br\/auna\/wp-content\/uploads\/2023\/03\/cropped-AUNA_Logo_Transparente.png","contentUrl":"https:\/\/auna.com.br\/auna\/wp-content\/uploads\/2023\/03\/cropped-AUNA_Logo_Transparente.png","width":960,"height":430,"caption":"AUNA Metrologia e Instrumenta\u00e7\u00e3o - Instrumentos de Medi\u00e7\u00e3o, Sensores para Monitoramento e Software para Calibra\u00e7\u00e3o, Ensaio e Inspe\u00e7\u00e3o"},"image":{"@id":"https:\/\/auna.com.br\/auna\/#\/schema\/logo\/image\/"}}]}},"_links":{"self":[{"href":"https:\/\/auna.com.br\/auna\/wp-json\/wp\/v2\/product\/7453","targetHints":{"allow":["GET"]}}],"collection":[{"href":"https:\/\/auna.com.br\/auna\/wp-json\/wp\/v2\/product"}],"about":[{"href":"https:\/\/auna.com.br\/auna\/wp-json\/wp\/v2\/types\/product"}],"replies":[{"embeddable":true,"href":"https:\/\/auna.com.br\/auna\/wp-json\/wp\/v2\/comments?post=7453"}],"wp:featuredmedia":[{"embeddable":true,"href":"https:\/\/auna.com.br\/auna\/wp-json\/wp\/v2\/media\/7454"}],"wp:attachment":[{"href":"https:\/\/auna.com.br\/auna\/wp-json\/wp\/v2\/media?parent=7453"}],"wp:term":[{"taxonomy":"product_brand","embeddable":true,"href":"https:\/\/auna.com.br\/auna\/wp-json\/wp\/v2\/product_brand?post=7453"},{"taxonomy":"product_cat","embeddable":true,"href":"https:\/\/auna.com.br\/auna\/wp-json\/wp\/v2\/product_cat?post=7453"},{"taxonomy":"product_tag","embeddable":true,"href":"https:\/\/auna.com.br\/auna\/wp-json\/wp\/v2\/product_tag?post=7453"},{"taxonomy":"wpstream_actors","embeddable":true,"href":"https:\/\/auna.com.br\/auna\/wp-json\/wp\/v2\/wpstream_actors?post=7453"},{"taxonomy":"wpstream_category","embeddable":true,"href":"https:\/\/auna.com.br\/auna\/wp-json\/wp\/v2\/wpstream_category?post=7453"},{"taxonomy":"wpstream_movie_rating","embeddable":true,"href":"https:\/\/auna.com.br\/auna\/wp-json\/wp\/v2\/wpstream_movie_rating?post=7453"}],"curies":[{"name":"wp","href":"https:\/\/api.w.org\/{rel}","templated":true}]}}