{"id":7836,"date":"2022-06-15T08:41:47","date_gmt":"2022-06-15T11:41:47","guid":{"rendered":"https:\/\/www.aunarepresentacoes.com.br\/?post_type=product&#038;p=7836"},"modified":"2025-12-20T09:52:39","modified_gmt":"2025-12-20T12:52:39","slug":"adt260ex-calibrador-portatil-de-pressao-com-modulo-intercambiavel-copia","status":"publish","type":"product","link":"https:\/\/auna.com.br\/auna\/produto\/adt260ex-calibrador-portatil-de-pressao-com-modulo-intercambiavel-copia\/","title":{"rendered":"ADT260Ex &#8211; Registrador de Refer\u00eancia Port\u00e1til Multicanal"},"content":{"rendered":"<p><strong>Additel 260Ex \u2013 Registrador de Refer\u00eancia Port\u00e1til Multicanal<\/strong><\/p>\n<ul>\n<li>8 canais de medi\u00e7\u00e3o\n<ul>\n<li>2 canais para medi\u00e7\u00e3o de temperatura (RTD)<\/li>\n<li>1 canal para medi\u00e7\u00e3o de sinais el\u00e9tricos<\/li>\n<li>2 canais para medi\u00e7\u00e3o de press\u00e3o atrav\u00e9s de m\u00f3dulos externos ADT161Ex<\/li>\n<li>1 canal para medi\u00e7\u00e3o de press\u00e3o atrav\u00e9s do m\u00f3dulo instalado na base<\/li>\n<li>1 canal para medi\u00e7\u00e3o de press\u00e3o diferencial<\/li>\n<li>1 canal para medi\u00e7\u00e3o de bar\u00f4metro interno<\/li>\n<\/ul>\n<\/li>\n<li>Mem\u00f3ria para 10 milh\u00f5es de leituras, tempo entre amostras ajust\u00e1vel de 0,1 a 9999 segundos<\/li>\n<li>Precis\u00e3o do m\u00f3dulo de press\u00e3o da base dispon\u00edvel com 0,02%FS ou 0,05% FS<\/li>\n<li>Intrinsecamente Seguro<\/li>\n<li>M\u00f3dulo de Press\u00e3o instalado na base \u00e9 facilmente remov\u00edvel e intercambi\u00e1vel<\/li>\n<li>Grande tela intuitiva acionada ao toque<\/li>\n<li>Tarefas pr\u00e9-definidas de acesso r\u00e1pido e f\u00e1cil<\/li>\n<li>Bar\u00f4metro incorporado<\/li>\n<li>Interface baseada em \u00edcones similar a Smartphone<\/li>\n<li>Interfaces USB Tipo-C<\/li>\n<li>Medi\u00e7\u00e3o de Press\u00e3o Diferencial com alta Est\u00e1tica 0,002% FE atrav\u00e9s de m\u00f3dulos ADT161Ex<\/li>\n<li>Comunica\u00e7\u00e3o com App Additel Link Mobile<\/li>\n<li>Certificado de Calibra\u00e7\u00e3o Acreditado ISO 17025 com dados<\/li>\n<\/ul>\n<div>\n<div><strong>Medi\u00e7\u00e3o de Sinais<\/strong><\/div>\n<div>\u2022 Resist\u00eancia 0 a 400 Ohms<\/div>\n<div>\u2022 Tens\u00e3o dc: \u00b1300 mV ; \u00b130 V<\/div>\n<div>\u2022 Corrente dc: \u00b130 mA<\/div>\n<div>\u2022 Frequ\u00eancia: 0,01 a 50kHz<\/div>\n<div>\u2022 Contagem de Pulsos: 0 a 9999999 pulsos<\/div>\n<div>\u2022 Teste de Chaveamento<\/div>\n<div>\u2022 Fonte de loop: 20V @ 25mA<\/div>\n<div><\/div>\n<div>\n<div><strong>Medi\u00e7\u00e3o de Press\u00e3o Intercambi\u00e1vel atrav\u00e9s do M\u00f3dulo ADT158Ex instalado na base<\/strong><\/div>\n<div>O registrador multicanais ADT263Ex efetua medi\u00e7\u00f5es de press\u00e3o atrav\u00e9s do m\u00f3dulo de press\u00e3o ADT158Ex instalado na base.<\/div>\n<div>Est\u00e3o dispon\u00edveis para faixas de press\u00e3o desde v\u00e1cuo at\u00e9 60000 psi\u00a0 incluindo faixas compostas at\u00e9 1000 psi<\/div>\n<div>Possuem compensa\u00e7\u00e3o t\u00e9rmica total para opera\u00e7\u00e3o com temperatura do ambiente entre -10\u00b0C a 50\u00b0C.<\/div>\n<div>O m\u00f3dulo ADT185Ex \u00e9 intercambi\u00e1vel entre os modelos ADT260Ex e ADT273Ex.<\/div>\n<\/div>\n<div>\n<div><\/div>\n<div>\n<div><strong>Execute Testes Hidrost\u00e1ticos<\/strong><\/div>\n<div>\n<div>Voc\u00ea poder\u00e1 com facilidade executar testes hidrost\u00e1ticos registrando o resultado no datalogger interno efetuando medi\u00e7\u00f5es simult\u00e2neas:<\/div>\n<div>\u2022 Press\u00e3o do vaso<\/div>\n<div>\u2022 Temperatura do vaso<\/div>\n<div>\u2022 Temperatura ambiente<\/div>\n<div>\u2022 Press\u00e3o atmosf\u00e9rica<\/div>\n<\/div>\n<\/div>\n<\/div>\n<\/div>\n<div><\/div>\n<div><img loading=\"lazy\" decoding=\"async\" class=\"alignnone size-full wp-image-7837\" src=\"https:\/\/www.aunarepresentacoes.com.br\/wp-content\/uploads\/2022\/06\/ADT260Ex-App-Photo3-300x196.jpg.webp\" alt=\"\" width=\"300\" height=\"196\" \/><\/div>\n<div>\n<div><strong>Fa\u00e7a medi\u00e7\u00f5es de Press\u00e3o Diferencial com Alta Press\u00e3o Est\u00e1tica<\/strong><\/div>\n<div>Utilizando dois m\u00f3dulos de press\u00e3o digital ADT161Ex com faixa adequada \u00e0 Press\u00e3o Est\u00e1tica voc\u00ea pode medir baixas press\u00f5es diferenciais bom excelente precis\u00e3o, voc\u00ea pode utilizar o manifold ADT129 para esta aplica\u00e7\u00e3o ou diretamente na tubula\u00e7\u00e3o conforme figura abaixo.<\/div>\n<\/div>\n<div><img loading=\"lazy\" decoding=\"async\" class=\"alignnone size-medium wp-image-7838\" src=\"https:\/\/www.aunarepresentacoes.com.br\/wp-content\/uploads\/2022\/06\/ADT260Ex-App-Photo1-600x600.png-300x300.webp\" alt=\"\" width=\"300\" height=\"300\" srcset=\"https:\/\/auna.com.br\/auna\/wp-content\/uploads\/2022\/06\/ADT260Ex-App-Photo1-600x600.png-300x300.webp 300w, https:\/\/auna.com.br\/auna\/wp-content\/uploads\/2022\/06\/ADT260Ex-App-Photo1-600x600.png-150x150.webp 150w, https:\/\/auna.com.br\/auna\/wp-content\/uploads\/2022\/06\/ADT260Ex-App-Photo1-600x600.png-100x100.webp 100w, https:\/\/auna.com.br\/auna\/wp-content\/uploads\/2022\/06\/ADT260Ex-App-Photo1-600x600.png.webp 600w\" sizes=\"auto, (max-width: 300px) 100vw, 300px\" \/> <img loading=\"lazy\" decoding=\"async\" class=\"alignnone size-full wp-image-7839\" src=\"https:\/\/www.aunarepresentacoes.com.br\/wp-content\/uploads\/2022\/06\/ADT273Ex-Full-size-300x214.png.webp\" alt=\"\" width=\"300\" height=\"214\" \/> <img loading=\"lazy\" decoding=\"async\" class=\"alignnone size-full wp-image-7840\" src=\"https:\/\/www.aunarepresentacoes.com.br\/wp-content\/uploads\/2022\/06\/ADT273Ex-vazao-300x124.jpg.webp\" alt=\"\" width=\"300\" height=\"124\" \/><\/div>\n<div>\n<div>\n<div>\n<div><strong>Especifica\u00e7\u00f5es Gerais<\/strong><\/div>\n<\/div>\n<\/div>\n<div>\u2022 Display TFT 4,4\u2033 tela capacitiva, transflectivo, colorida acionada por toque e com retroilumina\u00e7\u00e3o atrav\u00e9s de LED;<\/div>\n<div>\u2022 Recursos para economia de tempo, menu com \u00edcones;<\/div>\n<div>\u2022 Dimens\u00f5es e peso: 177x105x52 mm \u2013 0,75 Kg;<\/div>\n<div>\u2022 Alimenta\u00e7\u00e3o por bateria recarreg\u00e1vel de L\u00edtio-\u00edon durabilidade de 100 horas \u2013 inclui carregador externo 110\/220Vac.<\/div>\n<\/div>\n","protected":false},"excerpt":{"rendered":"<p>Calibrador Port\u00e1til de Press\u00e3o com M\u00f3dulo Intercambi\u00e1vel. Ideal para calibra\u00e7\u00e3o de instrumentos de press\u00e3o em ambiente explosivo.<\/p>\n","protected":false},"featured_media":7096,"comment_status":"closed","ping_status":"closed","template":"","meta":[],"product_brand":[],"product_cat":[63,65,62],"product_tag":[],"wpstream_actors":[],"wpstream_category":[],"wpstream_movie_rating":[],"class_list":{"0":"post-7836","1":"product","2":"type-product","3":"status-publish","4":"has-post-thumbnail","6":"product_cat-calibrador-de-pressao","7":"product_cat-calibrador-de-processo","8":"product_cat-calibradores-pressao","10":"first","11":"onbackorder","12":"taxable","13":"shipping-taxable","14":"product-type-simple","15":"czr-hentry"},"yoast_head":"<!-- This site is optimized with the Yoast SEO plugin v27.5 - https:\/\/yoast.com\/product\/yoast-seo-wordpress\/ -->\n<title>ADT260Ex - Registrador de Refer\u00eancia Port\u00e1til Multicanal - AUNA Metrologia e Instrumenta\u00e7\u00e3o - Instrumentos de Medi\u00e7\u00e3o, Sensores para Monitoramento e Software para Calibra\u00e7\u00e3o, Ensaio e Inspe\u00e7\u00e3o<\/title>\n<meta name=\"description\" content=\"Calibrador Port\u00e1til de Press\u00e3o com M\u00f3dulo Intercambi\u00e1vel. Ideal para calibra\u00e7\u00e3o de instrumentos de press\u00e3o em ambiente explosivo. Conhe\u00e7a.\" \/>\n<meta name=\"robots\" content=\"index, follow, max-snippet:-1, max-image-preview:large, max-video-preview:-1\" \/>\n<link rel=\"canonical\" href=\"https:\/\/auna.com.br\/auna\/produto\/adt260ex-calibrador-portatil-de-pressao-com-modulo-intercambiavel-copia\/\" \/>\n<meta property=\"og:locale\" content=\"pt_BR\" \/>\n<meta property=\"og:type\" content=\"article\" \/>\n<meta property=\"og:title\" content=\"ADT260Ex - Registrador de Refer\u00eancia Port\u00e1til Multicanal - AUNA Metrologia e Instrumenta\u00e7\u00e3o - Instrumentos de Medi\u00e7\u00e3o, Sensores para Monitoramento e Software para Calibra\u00e7\u00e3o, Ensaio e Inspe\u00e7\u00e3o\" \/>\n<meta property=\"og:description\" content=\"Calibrador Port\u00e1til de Press\u00e3o com M\u00f3dulo Intercambi\u00e1vel. Ideal para calibra\u00e7\u00e3o de instrumentos de press\u00e3o em ambiente explosivo. Conhe\u00e7a.\" \/>\n<meta property=\"og:url\" content=\"https:\/\/auna.com.br\/auna\/produto\/adt260ex-calibrador-portatil-de-pressao-com-modulo-intercambiavel-copia\/\" \/>\n<meta property=\"og:site_name\" content=\"AUNA Metrologia e Instrumenta\u00e7\u00e3o - Instrumentos de Medi\u00e7\u00e3o, Sensores para Monitoramento e Software para Calibra\u00e7\u00e3o, Ensaio e Inspe\u00e7\u00e3o\" \/>\n<meta property=\"article:modified_time\" content=\"2025-12-20T12:52:39+00:00\" \/>\n<meta property=\"og:image\" content=\"https:\/\/auna.com.br\/auna\/wp-content\/uploads\/2022\/01\/ADT273Ex.jpg\" \/>\n\t<meta property=\"og:image:width\" content=\"300\" \/>\n\t<meta property=\"og:image:height\" content=\"300\" \/>\n\t<meta property=\"og:image:type\" content=\"image\/jpeg\" \/>\n<meta name=\"twitter:card\" content=\"summary_large_image\" \/>\n<meta name=\"twitter:label1\" content=\"Est. tempo de leitura\" \/>\n\t<meta name=\"twitter:data1\" content=\"4 minutos\" \/>\n<script type=\"application\/ld+json\" class=\"yoast-schema-graph\">{\"@context\":\"https:\\\/\\\/schema.org\",\"@graph\":[{\"@type\":\"WebPage\",\"@id\":\"https:\\\/\\\/auna.com.br\\\/auna\\\/produto\\\/adt260ex-calibrador-portatil-de-pressao-com-modulo-intercambiavel-copia\\\/\",\"url\":\"https:\\\/\\\/auna.com.br\\\/auna\\\/produto\\\/adt260ex-calibrador-portatil-de-pressao-com-modulo-intercambiavel-copia\\\/\",\"name\":\"ADT260Ex - Registrador de Refer\u00eancia Port\u00e1til Multicanal - AUNA Metrologia e Instrumenta\u00e7\u00e3o - Instrumentos de Medi\u00e7\u00e3o, Sensores para Monitoramento e Software para Calibra\u00e7\u00e3o, Ensaio e Inspe\u00e7\u00e3o\",\"isPartOf\":{\"@id\":\"https:\\\/\\\/auna.com.br\\\/auna\\\/#website\"},\"primaryImageOfPage\":{\"@id\":\"https:\\\/\\\/auna.com.br\\\/auna\\\/produto\\\/adt260ex-calibrador-portatil-de-pressao-com-modulo-intercambiavel-copia\\\/#primaryimage\"},\"image\":{\"@id\":\"https:\\\/\\\/auna.com.br\\\/auna\\\/produto\\\/adt260ex-calibrador-portatil-de-pressao-com-modulo-intercambiavel-copia\\\/#primaryimage\"},\"thumbnailUrl\":\"https:\\\/\\\/auna.com.br\\\/auna\\\/wp-content\\\/uploads\\\/2022\\\/01\\\/ADT273Ex.jpg\",\"datePublished\":\"2022-06-15T11:41:47+00:00\",\"dateModified\":\"2025-12-20T12:52:39+00:00\",\"description\":\"Calibrador Port\u00e1til de Press\u00e3o com M\u00f3dulo Intercambi\u00e1vel. Ideal para calibra\u00e7\u00e3o de instrumentos de press\u00e3o em ambiente explosivo. Conhe\u00e7a.\",\"breadcrumb\":{\"@id\":\"https:\\\/\\\/auna.com.br\\\/auna\\\/produto\\\/adt260ex-calibrador-portatil-de-pressao-com-modulo-intercambiavel-copia\\\/#breadcrumb\"},\"inLanguage\":\"pt-BR\",\"potentialAction\":[{\"@type\":\"ReadAction\",\"target\":[\"https:\\\/\\\/auna.com.br\\\/auna\\\/produto\\\/adt260ex-calibrador-portatil-de-pressao-com-modulo-intercambiavel-copia\\\/\"]}]},{\"@type\":\"ImageObject\",\"inLanguage\":\"pt-BR\",\"@id\":\"https:\\\/\\\/auna.com.br\\\/auna\\\/produto\\\/adt260ex-calibrador-portatil-de-pressao-com-modulo-intercambiavel-copia\\\/#primaryimage\",\"url\":\"https:\\\/\\\/auna.com.br\\\/auna\\\/wp-content\\\/uploads\\\/2022\\\/01\\\/ADT273Ex.jpg\",\"contentUrl\":\"https:\\\/\\\/auna.com.br\\\/auna\\\/wp-content\\\/uploads\\\/2022\\\/01\\\/ADT273Ex.jpg\",\"width\":300,\"height\":300},{\"@type\":\"BreadcrumbList\",\"@id\":\"https:\\\/\\\/auna.com.br\\\/auna\\\/produto\\\/adt260ex-calibrador-portatil-de-pressao-com-modulo-intercambiavel-copia\\\/#breadcrumb\",\"itemListElement\":[{\"@type\":\"ListItem\",\"position\":1,\"name\":\"In\u00edcio\",\"item\":\"https:\\\/\\\/auna.com.br\\\/auna\\\/\"},{\"@type\":\"ListItem\",\"position\":2,\"name\":\"Instrumentos\",\"item\":\"https:\\\/\\\/auna.com.br\\\/auna\\\/loja\\\/\"},{\"@type\":\"ListItem\",\"position\":3,\"name\":\"ADT260Ex &#8211; Registrador de Refer\u00eancia Port\u00e1til Multicanal\"}]},{\"@type\":\"WebSite\",\"@id\":\"https:\\\/\\\/auna.com.br\\\/auna\\\/#website\",\"url\":\"https:\\\/\\\/auna.com.br\\\/auna\\\/\",\"name\":\"AUNA Metrologia e Instrumenta\u00e7\u00e3o - Instrumentos de Medi\u00e7\u00e3o, Sensores para Monitoramento e Software para Calibra\u00e7\u00e3o, Ensaio e Inspe\u00e7\u00e3o\",\"description\":\"comercial@auna.com.br || +55 15 9 8129-4041\",\"publisher\":{\"@id\":\"https:\\\/\\\/auna.com.br\\\/auna\\\/#organization\"},\"potentialAction\":[{\"@type\":\"SearchAction\",\"target\":{\"@type\":\"EntryPoint\",\"urlTemplate\":\"https:\\\/\\\/auna.com.br\\\/auna\\\/?s={search_term_string}\"},\"query-input\":{\"@type\":\"PropertyValueSpecification\",\"valueRequired\":true,\"valueName\":\"search_term_string\"}}],\"inLanguage\":\"pt-BR\"},{\"@type\":\"Organization\",\"@id\":\"https:\\\/\\\/auna.com.br\\\/auna\\\/#organization\",\"name\":\"AUNA Metrologia e Instrumenta\u00e7\u00e3o - Instrumentos de Medi\u00e7\u00e3o, Sensores para Monitoramento e Software para Calibra\u00e7\u00e3o, Ensaio e Inspe\u00e7\u00e3o\",\"url\":\"https:\\\/\\\/auna.com.br\\\/auna\\\/\",\"logo\":{\"@type\":\"ImageObject\",\"inLanguage\":\"pt-BR\",\"@id\":\"https:\\\/\\\/auna.com.br\\\/auna\\\/#\\\/schema\\\/logo\\\/image\\\/\",\"url\":\"https:\\\/\\\/auna.com.br\\\/auna\\\/wp-content\\\/uploads\\\/2023\\\/03\\\/cropped-AUNA_Logo_Transparente.png\",\"contentUrl\":\"https:\\\/\\\/auna.com.br\\\/auna\\\/wp-content\\\/uploads\\\/2023\\\/03\\\/cropped-AUNA_Logo_Transparente.png\",\"width\":960,\"height\":430,\"caption\":\"AUNA Metrologia e Instrumenta\u00e7\u00e3o - Instrumentos de Medi\u00e7\u00e3o, Sensores para Monitoramento e Software para Calibra\u00e7\u00e3o, Ensaio e Inspe\u00e7\u00e3o\"},\"image\":{\"@id\":\"https:\\\/\\\/auna.com.br\\\/auna\\\/#\\\/schema\\\/logo\\\/image\\\/\"}}]}<\/script>\n<!-- \/ Yoast SEO plugin. -->","yoast_head_json":{"title":"ADT260Ex - Registrador de Refer\u00eancia Port\u00e1til Multicanal - AUNA Metrologia e Instrumenta\u00e7\u00e3o - Instrumentos de Medi\u00e7\u00e3o, Sensores para Monitoramento e Software para Calibra\u00e7\u00e3o, Ensaio e Inspe\u00e7\u00e3o","description":"Calibrador Port\u00e1til de Press\u00e3o com M\u00f3dulo Intercambi\u00e1vel. Ideal para calibra\u00e7\u00e3o de instrumentos de press\u00e3o em ambiente explosivo. Conhe\u00e7a.","robots":{"index":"index","follow":"follow","max-snippet":"max-snippet:-1","max-image-preview":"max-image-preview:large","max-video-preview":"max-video-preview:-1"},"canonical":"https:\/\/auna.com.br\/auna\/produto\/adt260ex-calibrador-portatil-de-pressao-com-modulo-intercambiavel-copia\/","og_locale":"pt_BR","og_type":"article","og_title":"ADT260Ex - Registrador de Refer\u00eancia Port\u00e1til Multicanal - AUNA Metrologia e Instrumenta\u00e7\u00e3o - Instrumentos de Medi\u00e7\u00e3o, Sensores para Monitoramento e Software para Calibra\u00e7\u00e3o, Ensaio e Inspe\u00e7\u00e3o","og_description":"Calibrador Port\u00e1til de Press\u00e3o com M\u00f3dulo Intercambi\u00e1vel. Ideal para calibra\u00e7\u00e3o de instrumentos de press\u00e3o em ambiente explosivo. Conhe\u00e7a.","og_url":"https:\/\/auna.com.br\/auna\/produto\/adt260ex-calibrador-portatil-de-pressao-com-modulo-intercambiavel-copia\/","og_site_name":"AUNA Metrologia e Instrumenta\u00e7\u00e3o - Instrumentos de Medi\u00e7\u00e3o, Sensores para Monitoramento e Software para Calibra\u00e7\u00e3o, Ensaio e Inspe\u00e7\u00e3o","article_modified_time":"2025-12-20T12:52:39+00:00","og_image":[{"width":300,"height":300,"url":"https:\/\/auna.com.br\/auna\/wp-content\/uploads\/2022\/01\/ADT273Ex.jpg","type":"image\/jpeg"}],"twitter_card":"summary_large_image","twitter_misc":{"Est. tempo de leitura":"4 minutos"},"schema":{"@context":"https:\/\/schema.org","@graph":[{"@type":"WebPage","@id":"https:\/\/auna.com.br\/auna\/produto\/adt260ex-calibrador-portatil-de-pressao-com-modulo-intercambiavel-copia\/","url":"https:\/\/auna.com.br\/auna\/produto\/adt260ex-calibrador-portatil-de-pressao-com-modulo-intercambiavel-copia\/","name":"ADT260Ex - Registrador de Refer\u00eancia Port\u00e1til Multicanal - AUNA Metrologia e Instrumenta\u00e7\u00e3o - Instrumentos de Medi\u00e7\u00e3o, Sensores para Monitoramento e Software para Calibra\u00e7\u00e3o, Ensaio e Inspe\u00e7\u00e3o","isPartOf":{"@id":"https:\/\/auna.com.br\/auna\/#website"},"primaryImageOfPage":{"@id":"https:\/\/auna.com.br\/auna\/produto\/adt260ex-calibrador-portatil-de-pressao-com-modulo-intercambiavel-copia\/#primaryimage"},"image":{"@id":"https:\/\/auna.com.br\/auna\/produto\/adt260ex-calibrador-portatil-de-pressao-com-modulo-intercambiavel-copia\/#primaryimage"},"thumbnailUrl":"https:\/\/auna.com.br\/auna\/wp-content\/uploads\/2022\/01\/ADT273Ex.jpg","datePublished":"2022-06-15T11:41:47+00:00","dateModified":"2025-12-20T12:52:39+00:00","description":"Calibrador Port\u00e1til de Press\u00e3o com M\u00f3dulo Intercambi\u00e1vel. Ideal para calibra\u00e7\u00e3o de instrumentos de press\u00e3o em ambiente explosivo. Conhe\u00e7a.","breadcrumb":{"@id":"https:\/\/auna.com.br\/auna\/produto\/adt260ex-calibrador-portatil-de-pressao-com-modulo-intercambiavel-copia\/#breadcrumb"},"inLanguage":"pt-BR","potentialAction":[{"@type":"ReadAction","target":["https:\/\/auna.com.br\/auna\/produto\/adt260ex-calibrador-portatil-de-pressao-com-modulo-intercambiavel-copia\/"]}]},{"@type":"ImageObject","inLanguage":"pt-BR","@id":"https:\/\/auna.com.br\/auna\/produto\/adt260ex-calibrador-portatil-de-pressao-com-modulo-intercambiavel-copia\/#primaryimage","url":"https:\/\/auna.com.br\/auna\/wp-content\/uploads\/2022\/01\/ADT273Ex.jpg","contentUrl":"https:\/\/auna.com.br\/auna\/wp-content\/uploads\/2022\/01\/ADT273Ex.jpg","width":300,"height":300},{"@type":"BreadcrumbList","@id":"https:\/\/auna.com.br\/auna\/produto\/adt260ex-calibrador-portatil-de-pressao-com-modulo-intercambiavel-copia\/#breadcrumb","itemListElement":[{"@type":"ListItem","position":1,"name":"In\u00edcio","item":"https:\/\/auna.com.br\/auna\/"},{"@type":"ListItem","position":2,"name":"Instrumentos","item":"https:\/\/auna.com.br\/auna\/loja\/"},{"@type":"ListItem","position":3,"name":"ADT260Ex &#8211; Registrador de Refer\u00eancia Port\u00e1til Multicanal"}]},{"@type":"WebSite","@id":"https:\/\/auna.com.br\/auna\/#website","url":"https:\/\/auna.com.br\/auna\/","name":"AUNA Metrologia e Instrumenta\u00e7\u00e3o - Instrumentos de Medi\u00e7\u00e3o, Sensores para Monitoramento e Software para Calibra\u00e7\u00e3o, Ensaio e Inspe\u00e7\u00e3o","description":"comercial@auna.com.br || +55 15 9 8129-4041","publisher":{"@id":"https:\/\/auna.com.br\/auna\/#organization"},"potentialAction":[{"@type":"SearchAction","target":{"@type":"EntryPoint","urlTemplate":"https:\/\/auna.com.br\/auna\/?s={search_term_string}"},"query-input":{"@type":"PropertyValueSpecification","valueRequired":true,"valueName":"search_term_string"}}],"inLanguage":"pt-BR"},{"@type":"Organization","@id":"https:\/\/auna.com.br\/auna\/#organization","name":"AUNA Metrologia e Instrumenta\u00e7\u00e3o - Instrumentos de Medi\u00e7\u00e3o, Sensores para Monitoramento e Software para Calibra\u00e7\u00e3o, Ensaio e Inspe\u00e7\u00e3o","url":"https:\/\/auna.com.br\/auna\/","logo":{"@type":"ImageObject","inLanguage":"pt-BR","@id":"https:\/\/auna.com.br\/auna\/#\/schema\/logo\/image\/","url":"https:\/\/auna.com.br\/auna\/wp-content\/uploads\/2023\/03\/cropped-AUNA_Logo_Transparente.png","contentUrl":"https:\/\/auna.com.br\/auna\/wp-content\/uploads\/2023\/03\/cropped-AUNA_Logo_Transparente.png","width":960,"height":430,"caption":"AUNA Metrologia e Instrumenta\u00e7\u00e3o - Instrumentos de Medi\u00e7\u00e3o, Sensores para Monitoramento e Software para Calibra\u00e7\u00e3o, Ensaio e Inspe\u00e7\u00e3o"},"image":{"@id":"https:\/\/auna.com.br\/auna\/#\/schema\/logo\/image\/"}}]}},"_links":{"self":[{"href":"https:\/\/auna.com.br\/auna\/wp-json\/wp\/v2\/product\/7836","targetHints":{"allow":["GET"]}}],"collection":[{"href":"https:\/\/auna.com.br\/auna\/wp-json\/wp\/v2\/product"}],"about":[{"href":"https:\/\/auna.com.br\/auna\/wp-json\/wp\/v2\/types\/product"}],"replies":[{"embeddable":true,"href":"https:\/\/auna.com.br\/auna\/wp-json\/wp\/v2\/comments?post=7836"}],"wp:featuredmedia":[{"embeddable":true,"href":"https:\/\/auna.com.br\/auna\/wp-json\/wp\/v2\/media\/7096"}],"wp:attachment":[{"href":"https:\/\/auna.com.br\/auna\/wp-json\/wp\/v2\/media?parent=7836"}],"wp:term":[{"taxonomy":"product_brand","embeddable":true,"href":"https:\/\/auna.com.br\/auna\/wp-json\/wp\/v2\/product_brand?post=7836"},{"taxonomy":"product_cat","embeddable":true,"href":"https:\/\/auna.com.br\/auna\/wp-json\/wp\/v2\/product_cat?post=7836"},{"taxonomy":"product_tag","embeddable":true,"href":"https:\/\/auna.com.br\/auna\/wp-json\/wp\/v2\/product_tag?post=7836"},{"taxonomy":"wpstream_actors","embeddable":true,"href":"https:\/\/auna.com.br\/auna\/wp-json\/wp\/v2\/wpstream_actors?post=7836"},{"taxonomy":"wpstream_category","embeddable":true,"href":"https:\/\/auna.com.br\/auna\/wp-json\/wp\/v2\/wpstream_category?post=7836"},{"taxonomy":"wpstream_movie_rating","embeddable":true,"href":"https:\/\/auna.com.br\/auna\/wp-json\/wp\/v2\/wpstream_movie_rating?post=7836"}],"curies":[{"name":"wp","href":"https:\/\/api.w.org\/{rel}","templated":true}]}}