{"id":7876,"date":"2022-10-03T07:15:55","date_gmt":"2022-10-03T10:15:55","guid":{"rendered":"https:\/\/www.aunarepresentacoes.com.br\/?post_type=product&#038;p=7876"},"modified":"2025-12-20T10:06:50","modified_gmt":"2025-12-20T13:06:50","slug":"additel-760-d-2","status":"publish","type":"product","link":"https:\/\/auna.com.br\/auna\/produto\/additel-760-d-2\/","title":{"rendered":"Additel 760-D"},"content":{"rendered":"<p><strong>Additel 760-D \u2013 Gerador e Controlador Autom\u00e1tico de Press\u00e3o<\/strong><\/p>\n<p>Calibrador port\u00e1til de press\u00e3o na palma de suas m\u00e3os! A s\u00e9rie Additel 760 \u00e9 um Calibrador que gera e controla automaticamente a press\u00e3o sem a necessidade de nenhuma alimenta\u00e7\u00e3o externa, proporcionando grande facilidade na calibra\u00e7\u00e3o de campo pois tem menos que 2 Kg. Seu projeto inovador inclui uma bomba pneum\u00e1tica interna, um preciso sensor de press\u00e3o e um controlador, tudo em um compacto instrumento com display colorido\u00a0touch-screen e menu no idioma Portugu\u00eas. Para gerar press\u00e3o, apenas digite o valor desejado na unidade de engenharia, tecle ENTER e o Additel 760 far\u00e1 o resto do trabalho para voc\u00ea. Cada instrumento possui 4 (quatro) canais: um canal para press\u00e3o interna para alimentar e medir press\u00f5es, dois canais externos para medi\u00e7\u00e3o de press\u00e3o e um canal para medi\u00e7\u00f5es de sinais el\u00e9tricos.<\/p>\n<div><b>ADT760-D<\/b><\/div>\n<div>Esta vers\u00e3o inclui um m\u00f3dulo de press\u00e3o de -12,5 psi a 35 psi (2,5 bar) com exatid\u00e3o de 0,02%FS e estabilidade de controle de 0,005%FS (consulte o cat\u00e1logo para conhecer como especificar o instrumento e seus opcionais). M\u00f3dulos de press\u00e3o internos adicionais (ADT155) est\u00e3o dispon\u00edveis e oferecem uma vasta faixa de opera\u00e7\u00e3o a partir de \u00b10,25 inH2O (\u00b10,62 mbar). Consegue gerar fundo de escala de 35 psi em apenas 10 segundos. Medi\u00e7\u00f5es podem ser feitas nos modos manom\u00e9trico ou diferencial e voc\u00ea pode utilizar instrumento para as calibra\u00e7\u00f5es de man\u00f4metros, transmissores e pressostatos.<\/div>\n<div>\n<div><b>Especifica\u00e7\u00f5es Sinais El\u00e9tricos\u00a0<\/b><\/div>\n<div>Medi\u00e7\u00f5es de\u00a0\u00b130 mA, \u00b130V<\/div>\n<div>Gera\u00e7\u00e3o de 0 a 24mA<\/div>\n<div>Alimenta\u00e7\u00e3o de Loop 24Vdc<\/div>\n<div><b>Outras Caracter\u00edsticas\u00a0<\/b><\/div>\n<div>Teste de Contato, passo autom\u00e1tico, teste de vazamento.<\/div>\n<div>Opera\u00e7\u00e3o com bateria recarreg\u00e1vel, dura\u00e7\u00e3o 10 horas, 4 horas para recarga.<\/div>\n<div><b>Interfaces\u00a0<\/b><\/div>\n<div>USB<\/div>\n<div><\/div>\n<\/div>\n<div>\n<div><b>Opcional -DL \u00a0<\/b><\/div>\n<div>Este opcional adiciona ao instrumento a capacidade de efetuar a documenta\u00e7\u00e3o da calibra\u00e7\u00e3o, data-logger e a comunica\u00e7\u00e3o com instrumentos HART.<\/div>\n<\/div>\n","protected":false},"excerpt":{"rendered":"<p>Additel 760-D \u2013 Gerador e Controlador Autom\u00e1tico de Press\u00e3o Calibrador port\u00e1til de press\u00e3o na palma de suas m\u00e3os! A s\u00e9rie Additel 760 \u00e9 um Calibrador que gera e controla automaticamente a press\u00e3o sem a necessidade de nenhuma alimenta\u00e7\u00e3o externa, proporcionando grande facilidade na calibra\u00e7\u00e3o de campo pois tem menos que 2 Kg. Seu projeto inovador [&hellip;]<\/p>\n","protected":false},"featured_media":845,"comment_status":"closed","ping_status":"closed","template":"","meta":[],"product_brand":[],"product_cat":[64],"product_tag":[],"wpstream_actors":[],"wpstream_category":[],"wpstream_movie_rating":[],"class_list":{"0":"post-7876","1":"product","2":"type-product","3":"status-publish","4":"has-post-thumbnail","6":"product_cat-calibrador-de-pressao-automatico","8":"first","9":"onbackorder","10":"taxable","11":"shipping-taxable","12":"product-type-simple","13":"czr-hentry"},"yoast_head":"<!-- This site is optimized with the Yoast SEO plugin v27.5 - https:\/\/yoast.com\/product\/yoast-seo-wordpress\/ -->\n<title>Additel 760-D - AUNA Metrologia e Instrumenta\u00e7\u00e3o - Instrumentos de Medi\u00e7\u00e3o, Sensores para Monitoramento e Software para Calibra\u00e7\u00e3o, Ensaio e Inspe\u00e7\u00e3o<\/title>\n<meta name=\"robots\" content=\"index, follow, max-snippet:-1, max-image-preview:large, max-video-preview:-1\" \/>\n<link rel=\"canonical\" href=\"https:\/\/auna.com.br\/auna\/produto\/additel-760-d-2\/\" \/>\n<meta property=\"og:locale\" content=\"pt_BR\" \/>\n<meta property=\"og:type\" content=\"article\" \/>\n<meta property=\"og:title\" content=\"Additel 760-D - AUNA Metrologia e Instrumenta\u00e7\u00e3o - Instrumentos de Medi\u00e7\u00e3o, Sensores para Monitoramento e Software para Calibra\u00e7\u00e3o, Ensaio e Inspe\u00e7\u00e3o\" \/>\n<meta property=\"og:description\" content=\"Additel 760-D \u2013 Gerador e Controlador Autom\u00e1tico de Press\u00e3o Calibrador port\u00e1til de press\u00e3o na palma de suas m\u00e3os! A s\u00e9rie Additel 760 \u00e9 um Calibrador que gera e controla automaticamente a press\u00e3o sem a necessidade de nenhuma alimenta\u00e7\u00e3o externa, proporcionando grande facilidade na calibra\u00e7\u00e3o de campo pois tem menos que 2 Kg. Seu projeto inovador [&hellip;]\" \/>\n<meta property=\"og:url\" content=\"https:\/\/auna.com.br\/auna\/produto\/additel-760-d-2\/\" \/>\n<meta property=\"og:site_name\" content=\"AUNA Metrologia e Instrumenta\u00e7\u00e3o - Instrumentos de Medi\u00e7\u00e3o, Sensores para Monitoramento e Software para Calibra\u00e7\u00e3o, Ensaio e Inspe\u00e7\u00e3o\" \/>\n<meta property=\"article:modified_time\" content=\"2025-12-20T13:06:50+00:00\" \/>\n<meta property=\"og:image\" content=\"https:\/\/auna.com.br\/auna\/wp-content\/uploads\/2019\/06\/additel_760_handheld.jpg\" \/>\n\t<meta property=\"og:image:width\" content=\"400\" \/>\n\t<meta property=\"og:image:height\" content=\"400\" \/>\n\t<meta property=\"og:image:type\" content=\"image\/jpeg\" \/>\n<meta name=\"twitter:card\" content=\"summary_large_image\" \/>\n<meta name=\"twitter:label1\" content=\"Est. tempo de leitura\" \/>\n\t<meta name=\"twitter:data1\" content=\"2 minutos\" \/>\n<script type=\"application\/ld+json\" class=\"yoast-schema-graph\">{\"@context\":\"https:\\\/\\\/schema.org\",\"@graph\":[{\"@type\":\"WebPage\",\"@id\":\"https:\\\/\\\/auna.com.br\\\/auna\\\/produto\\\/additel-760-d-2\\\/\",\"url\":\"https:\\\/\\\/auna.com.br\\\/auna\\\/produto\\\/additel-760-d-2\\\/\",\"name\":\"Additel 760-D - AUNA Metrologia e Instrumenta\u00e7\u00e3o - Instrumentos de Medi\u00e7\u00e3o, Sensores para Monitoramento e Software para Calibra\u00e7\u00e3o, Ensaio e Inspe\u00e7\u00e3o\",\"isPartOf\":{\"@id\":\"https:\\\/\\\/auna.com.br\\\/auna\\\/#website\"},\"primaryImageOfPage\":{\"@id\":\"https:\\\/\\\/auna.com.br\\\/auna\\\/produto\\\/additel-760-d-2\\\/#primaryimage\"},\"image\":{\"@id\":\"https:\\\/\\\/auna.com.br\\\/auna\\\/produto\\\/additel-760-d-2\\\/#primaryimage\"},\"thumbnailUrl\":\"https:\\\/\\\/auna.com.br\\\/auna\\\/wp-content\\\/uploads\\\/2019\\\/06\\\/additel_760_handheld.jpg\",\"datePublished\":\"2022-10-03T10:15:55+00:00\",\"dateModified\":\"2025-12-20T13:06:50+00:00\",\"breadcrumb\":{\"@id\":\"https:\\\/\\\/auna.com.br\\\/auna\\\/produto\\\/additel-760-d-2\\\/#breadcrumb\"},\"inLanguage\":\"pt-BR\",\"potentialAction\":[{\"@type\":\"ReadAction\",\"target\":[\"https:\\\/\\\/auna.com.br\\\/auna\\\/produto\\\/additel-760-d-2\\\/\"]}]},{\"@type\":\"ImageObject\",\"inLanguage\":\"pt-BR\",\"@id\":\"https:\\\/\\\/auna.com.br\\\/auna\\\/produto\\\/additel-760-d-2\\\/#primaryimage\",\"url\":\"https:\\\/\\\/auna.com.br\\\/auna\\\/wp-content\\\/uploads\\\/2019\\\/06\\\/additel_760_handheld.jpg\",\"contentUrl\":\"https:\\\/\\\/auna.com.br\\\/auna\\\/wp-content\\\/uploads\\\/2019\\\/06\\\/additel_760_handheld.jpg\",\"width\":400,\"height\":400},{\"@type\":\"BreadcrumbList\",\"@id\":\"https:\\\/\\\/auna.com.br\\\/auna\\\/produto\\\/additel-760-d-2\\\/#breadcrumb\",\"itemListElement\":[{\"@type\":\"ListItem\",\"position\":1,\"name\":\"In\u00edcio\",\"item\":\"https:\\\/\\\/auna.com.br\\\/auna\\\/\"},{\"@type\":\"ListItem\",\"position\":2,\"name\":\"Instrumentos\",\"item\":\"https:\\\/\\\/auna.com.br\\\/auna\\\/loja\\\/\"},{\"@type\":\"ListItem\",\"position\":3,\"name\":\"Additel 760-D\"}]},{\"@type\":\"WebSite\",\"@id\":\"https:\\\/\\\/auna.com.br\\\/auna\\\/#website\",\"url\":\"https:\\\/\\\/auna.com.br\\\/auna\\\/\",\"name\":\"AUNA Metrologia e Instrumenta\u00e7\u00e3o - Instrumentos de Medi\u00e7\u00e3o, Sensores para Monitoramento e Software para Calibra\u00e7\u00e3o, Ensaio e Inspe\u00e7\u00e3o\",\"description\":\"comercial@auna.com.br || +55 15 9 8129-4041\",\"publisher\":{\"@id\":\"https:\\\/\\\/auna.com.br\\\/auna\\\/#organization\"},\"potentialAction\":[{\"@type\":\"SearchAction\",\"target\":{\"@type\":\"EntryPoint\",\"urlTemplate\":\"https:\\\/\\\/auna.com.br\\\/auna\\\/?s={search_term_string}\"},\"query-input\":{\"@type\":\"PropertyValueSpecification\",\"valueRequired\":true,\"valueName\":\"search_term_string\"}}],\"inLanguage\":\"pt-BR\"},{\"@type\":\"Organization\",\"@id\":\"https:\\\/\\\/auna.com.br\\\/auna\\\/#organization\",\"name\":\"AUNA Metrologia e Instrumenta\u00e7\u00e3o - Instrumentos de Medi\u00e7\u00e3o, Sensores para Monitoramento e Software para Calibra\u00e7\u00e3o, Ensaio e Inspe\u00e7\u00e3o\",\"url\":\"https:\\\/\\\/auna.com.br\\\/auna\\\/\",\"logo\":{\"@type\":\"ImageObject\",\"inLanguage\":\"pt-BR\",\"@id\":\"https:\\\/\\\/auna.com.br\\\/auna\\\/#\\\/schema\\\/logo\\\/image\\\/\",\"url\":\"https:\\\/\\\/auna.com.br\\\/auna\\\/wp-content\\\/uploads\\\/2023\\\/03\\\/cropped-AUNA_Logo_Transparente.png\",\"contentUrl\":\"https:\\\/\\\/auna.com.br\\\/auna\\\/wp-content\\\/uploads\\\/2023\\\/03\\\/cropped-AUNA_Logo_Transparente.png\",\"width\":960,\"height\":430,\"caption\":\"AUNA Metrologia e Instrumenta\u00e7\u00e3o - Instrumentos de Medi\u00e7\u00e3o, Sensores para Monitoramento e Software para Calibra\u00e7\u00e3o, Ensaio e Inspe\u00e7\u00e3o\"},\"image\":{\"@id\":\"https:\\\/\\\/auna.com.br\\\/auna\\\/#\\\/schema\\\/logo\\\/image\\\/\"}}]}<\/script>\n<!-- \/ Yoast SEO plugin. -->","yoast_head_json":{"title":"Additel 760-D - AUNA Metrologia e Instrumenta\u00e7\u00e3o - Instrumentos de Medi\u00e7\u00e3o, Sensores para Monitoramento e Software para Calibra\u00e7\u00e3o, Ensaio e Inspe\u00e7\u00e3o","robots":{"index":"index","follow":"follow","max-snippet":"max-snippet:-1","max-image-preview":"max-image-preview:large","max-video-preview":"max-video-preview:-1"},"canonical":"https:\/\/auna.com.br\/auna\/produto\/additel-760-d-2\/","og_locale":"pt_BR","og_type":"article","og_title":"Additel 760-D - AUNA Metrologia e Instrumenta\u00e7\u00e3o - Instrumentos de Medi\u00e7\u00e3o, Sensores para Monitoramento e Software para Calibra\u00e7\u00e3o, Ensaio e Inspe\u00e7\u00e3o","og_description":"Additel 760-D \u2013 Gerador e Controlador Autom\u00e1tico de Press\u00e3o Calibrador port\u00e1til de press\u00e3o na palma de suas m\u00e3os! A s\u00e9rie Additel 760 \u00e9 um Calibrador que gera e controla automaticamente a press\u00e3o sem a necessidade de nenhuma alimenta\u00e7\u00e3o externa, proporcionando grande facilidade na calibra\u00e7\u00e3o de campo pois tem menos que 2 Kg. Seu projeto inovador [&hellip;]","og_url":"https:\/\/auna.com.br\/auna\/produto\/additel-760-d-2\/","og_site_name":"AUNA Metrologia e Instrumenta\u00e7\u00e3o - Instrumentos de Medi\u00e7\u00e3o, Sensores para Monitoramento e Software para Calibra\u00e7\u00e3o, Ensaio e Inspe\u00e7\u00e3o","article_modified_time":"2025-12-20T13:06:50+00:00","og_image":[{"width":400,"height":400,"url":"https:\/\/auna.com.br\/auna\/wp-content\/uploads\/2019\/06\/additel_760_handheld.jpg","type":"image\/jpeg"}],"twitter_card":"summary_large_image","twitter_misc":{"Est. tempo de leitura":"2 minutos"},"schema":{"@context":"https:\/\/schema.org","@graph":[{"@type":"WebPage","@id":"https:\/\/auna.com.br\/auna\/produto\/additel-760-d-2\/","url":"https:\/\/auna.com.br\/auna\/produto\/additel-760-d-2\/","name":"Additel 760-D - AUNA Metrologia e Instrumenta\u00e7\u00e3o - Instrumentos de Medi\u00e7\u00e3o, Sensores para Monitoramento e Software para Calibra\u00e7\u00e3o, Ensaio e Inspe\u00e7\u00e3o","isPartOf":{"@id":"https:\/\/auna.com.br\/auna\/#website"},"primaryImageOfPage":{"@id":"https:\/\/auna.com.br\/auna\/produto\/additel-760-d-2\/#primaryimage"},"image":{"@id":"https:\/\/auna.com.br\/auna\/produto\/additel-760-d-2\/#primaryimage"},"thumbnailUrl":"https:\/\/auna.com.br\/auna\/wp-content\/uploads\/2019\/06\/additel_760_handheld.jpg","datePublished":"2022-10-03T10:15:55+00:00","dateModified":"2025-12-20T13:06:50+00:00","breadcrumb":{"@id":"https:\/\/auna.com.br\/auna\/produto\/additel-760-d-2\/#breadcrumb"},"inLanguage":"pt-BR","potentialAction":[{"@type":"ReadAction","target":["https:\/\/auna.com.br\/auna\/produto\/additel-760-d-2\/"]}]},{"@type":"ImageObject","inLanguage":"pt-BR","@id":"https:\/\/auna.com.br\/auna\/produto\/additel-760-d-2\/#primaryimage","url":"https:\/\/auna.com.br\/auna\/wp-content\/uploads\/2019\/06\/additel_760_handheld.jpg","contentUrl":"https:\/\/auna.com.br\/auna\/wp-content\/uploads\/2019\/06\/additel_760_handheld.jpg","width":400,"height":400},{"@type":"BreadcrumbList","@id":"https:\/\/auna.com.br\/auna\/produto\/additel-760-d-2\/#breadcrumb","itemListElement":[{"@type":"ListItem","position":1,"name":"In\u00edcio","item":"https:\/\/auna.com.br\/auna\/"},{"@type":"ListItem","position":2,"name":"Instrumentos","item":"https:\/\/auna.com.br\/auna\/loja\/"},{"@type":"ListItem","position":3,"name":"Additel 760-D"}]},{"@type":"WebSite","@id":"https:\/\/auna.com.br\/auna\/#website","url":"https:\/\/auna.com.br\/auna\/","name":"AUNA Metrologia e Instrumenta\u00e7\u00e3o - Instrumentos de Medi\u00e7\u00e3o, Sensores para Monitoramento e Software para Calibra\u00e7\u00e3o, Ensaio e Inspe\u00e7\u00e3o","description":"comercial@auna.com.br || +55 15 9 8129-4041","publisher":{"@id":"https:\/\/auna.com.br\/auna\/#organization"},"potentialAction":[{"@type":"SearchAction","target":{"@type":"EntryPoint","urlTemplate":"https:\/\/auna.com.br\/auna\/?s={search_term_string}"},"query-input":{"@type":"PropertyValueSpecification","valueRequired":true,"valueName":"search_term_string"}}],"inLanguage":"pt-BR"},{"@type":"Organization","@id":"https:\/\/auna.com.br\/auna\/#organization","name":"AUNA Metrologia e Instrumenta\u00e7\u00e3o - Instrumentos de Medi\u00e7\u00e3o, Sensores para Monitoramento e Software para Calibra\u00e7\u00e3o, Ensaio e Inspe\u00e7\u00e3o","url":"https:\/\/auna.com.br\/auna\/","logo":{"@type":"ImageObject","inLanguage":"pt-BR","@id":"https:\/\/auna.com.br\/auna\/#\/schema\/logo\/image\/","url":"https:\/\/auna.com.br\/auna\/wp-content\/uploads\/2023\/03\/cropped-AUNA_Logo_Transparente.png","contentUrl":"https:\/\/auna.com.br\/auna\/wp-content\/uploads\/2023\/03\/cropped-AUNA_Logo_Transparente.png","width":960,"height":430,"caption":"AUNA Metrologia e Instrumenta\u00e7\u00e3o - Instrumentos de Medi\u00e7\u00e3o, Sensores para Monitoramento e Software para Calibra\u00e7\u00e3o, Ensaio e Inspe\u00e7\u00e3o"},"image":{"@id":"https:\/\/auna.com.br\/auna\/#\/schema\/logo\/image\/"}}]}},"_links":{"self":[{"href":"https:\/\/auna.com.br\/auna\/wp-json\/wp\/v2\/product\/7876","targetHints":{"allow":["GET"]}}],"collection":[{"href":"https:\/\/auna.com.br\/auna\/wp-json\/wp\/v2\/product"}],"about":[{"href":"https:\/\/auna.com.br\/auna\/wp-json\/wp\/v2\/types\/product"}],"replies":[{"embeddable":true,"href":"https:\/\/auna.com.br\/auna\/wp-json\/wp\/v2\/comments?post=7876"}],"wp:featuredmedia":[{"embeddable":true,"href":"https:\/\/auna.com.br\/auna\/wp-json\/wp\/v2\/media\/845"}],"wp:attachment":[{"href":"https:\/\/auna.com.br\/auna\/wp-json\/wp\/v2\/media?parent=7876"}],"wp:term":[{"taxonomy":"product_brand","embeddable":true,"href":"https:\/\/auna.com.br\/auna\/wp-json\/wp\/v2\/product_brand?post=7876"},{"taxonomy":"product_cat","embeddable":true,"href":"https:\/\/auna.com.br\/auna\/wp-json\/wp\/v2\/product_cat?post=7876"},{"taxonomy":"product_tag","embeddable":true,"href":"https:\/\/auna.com.br\/auna\/wp-json\/wp\/v2\/product_tag?post=7876"},{"taxonomy":"wpstream_actors","embeddable":true,"href":"https:\/\/auna.com.br\/auna\/wp-json\/wp\/v2\/wpstream_actors?post=7876"},{"taxonomy":"wpstream_category","embeddable":true,"href":"https:\/\/auna.com.br\/auna\/wp-json\/wp\/v2\/wpstream_category?post=7876"},{"taxonomy":"wpstream_movie_rating","embeddable":true,"href":"https:\/\/auna.com.br\/auna\/wp-json\/wp\/v2\/wpstream_movie_rating?post=7876"}],"curies":[{"name":"wp","href":"https:\/\/api.w.org\/{rel}","templated":true}]}}