{"id":7878,"date":"2022-10-03T07:46:19","date_gmt":"2022-10-03T10:46:19","guid":{"rendered":"https:\/\/www.aunarepresentacoes.com.br\/?post_type=product&#038;p=7878"},"modified":"2022-10-03T07:51:00","modified_gmt":"2022-10-03T10:51:00","slug":"adt260ex-registrador-de-referencia-portatil-multicanal-copia","status":"publish","type":"product","link":"https:\/\/auna.com.br\/auna\/produto\/adt260ex-registrador-de-referencia-portatil-multicanal-copia\/","title":{"rendered":"ADT161 &#8211; M\u00f3dulo de Press\u00e3o Digital Inteligente"},"content":{"rendered":"<p><strong>Additel 161 \u2013 M\u00f3dulo de Press\u00e3o Digital Inteligente<\/strong><\/p>\n<p>Com tecnologia de microprocessador e Estado-da-Arte dos sensores de press\u00e3o a sil\u00edcio, a S\u00e9rie Additel 161 de M\u00f3dulos de Press\u00e3o Digitais Inteligentes (IDPM) oferecem alta exatid\u00e3o, facilidade no uso e uma solu\u00e7\u00e3o econ\u00f4mica para uma vasta gama de aplica\u00e7\u00f5es. S\u00e3o compat\u00edveis permitindo a opera\u00e7\u00e3o com os Calibradores\u00a0<strong>ADT222A<\/strong>,\u00a0<strong>ADT223A<\/strong>,\u00a0<strong>ADT226<\/strong>,\u00a0<strong>ADT760<\/strong>,\u00a0 A<strong>DT227,\u00a0<\/strong><strong>ADT761, ADT761A, ADT770<\/strong>,<strong>\u00a0ADT780<\/strong>\u00a0e\u00a0<strong>ADT780S<\/strong>.<\/p>\n<div>\n<div>\u2022 Ampla faixa de medi\u00e7\u00e3o de press\u00e3o<\/div>\n<div>\u00a0 \u00a0 \u00a0Faixa de v\u00e1cuo<\/div>\n<div>\u00a0 \u00a0 \u00a0Faixas manom\u00e9tricas de 0 a 2 psi at\u00e9 0 a 60000 psi<\/div>\n<div>\u00a0 \u00a0 \u00a0Faixas compostas de -2 a 2 psi at\u00e9 -15 a 10000 psi<\/div>\n<div>\u00a0 \u00a0 \u00a0Faixas diferenciais de -1 a 1 inH2O at\u00e9 -300 a 300 inH2O<\/div>\n<div>\u00a0 \u00a0 \u00a0Faixas absolutas de 0 a 5 psi at\u00e9 0 a 40000 psi<\/div>\n<div>\u2022 Compensa\u00e7\u00e3o t\u00e9rmica total para opera\u00e7\u00e3o com temperatura do ambiente entre -10\u00b0C at\u00e9 50\u00b0C.<\/div>\n<div><\/div>\n<div>\n<div><strong>Exatid\u00f5es<\/strong><\/div>\n<div>\u2022 Faixas manom\u00e9tricas 0,02%FE ou 0,05%FE ou 0,1%FE<\/div>\n<div>\u2022 Faixas absolutas 0,1%FE ou 0,05%FE<\/div>\n<div>\u2022 Faixas Compostas 0,02%FE ou 0,05%FE<\/div>\n<div>\u2022 Faixas Diferenciais 0,02%FE ou 0,05%FE<\/div>\n<div>\u2022 Sensores de Precis\u00e3o 0,01% da leitura\/0,003%FE ou 0,01%FE ou 0,02%FE<\/div>\n<div>\n<div><\/div>\n<div><strong>OBSERVA\u00c7\u00d5ES: n\u00e3o compat\u00edvel para uso com os calibradores vers\u00e3o intrinsecamente seguros ADT226Ex e ADT227Ex, neste caso utilizar a vers\u00e3o ADT161Ex<\/strong><\/div>\n<\/div>\n<\/div>\n<\/div>\n","protected":false},"excerpt":{"rendered":"<p>Calibrador Port\u00e1til de Press\u00e3o com M\u00f3dulo Intercambi\u00e1vel. Ideal para calibra\u00e7\u00e3o de instrumentos de press\u00e3o em ambiente explosivo.<\/p>\n","protected":false},"featured_media":7879,"comment_status":"closed","ping_status":"closed","template":"","meta":[],"product_brand":[],"product_cat":[253],"product_tag":[],"wpstream_actors":[],"wpstream_category":[],"wpstream_movie_rating":[],"class_list":{"0":"post-7878","1":"product","2":"type-product","3":"status-publish","4":"has-post-thumbnail","6":"product_cat-modulo-de-pressao-digital-inteligente","8":"first","9":"onbackorder","10":"taxable","11":"shipping-taxable","12":"product-type-simple","13":"czr-hentry"},"yoast_head":"<!-- This site is optimized with the Yoast SEO plugin v27.5 - https:\/\/yoast.com\/product\/yoast-seo-wordpress\/ -->\n<title>ADT161 - M\u00f3dulo de Press\u00e3o Digital Inteligente - AUNA Metrologia e Instrumenta\u00e7\u00e3o - Instrumentos de Medi\u00e7\u00e3o, Sensores para Monitoramento e Software para Calibra\u00e7\u00e3o, Ensaio e Inspe\u00e7\u00e3o<\/title>\n<meta name=\"description\" content=\"Calibrador Port\u00e1til de Press\u00e3o com M\u00f3dulo Intercambi\u00e1vel. Ideal para calibra\u00e7\u00e3o de instrumentos de press\u00e3o em ambiente explosivo. Conhe\u00e7a.\" \/>\n<meta name=\"robots\" content=\"index, follow, max-snippet:-1, max-image-preview:large, max-video-preview:-1\" \/>\n<link rel=\"canonical\" href=\"https:\/\/auna.com.br\/auna\/produto\/adt260ex-registrador-de-referencia-portatil-multicanal-copia\/\" \/>\n<meta property=\"og:locale\" content=\"pt_BR\" \/>\n<meta property=\"og:type\" content=\"article\" \/>\n<meta property=\"og:title\" content=\"ADT161 - M\u00f3dulo de Press\u00e3o Digital Inteligente - AUNA Metrologia e Instrumenta\u00e7\u00e3o - Instrumentos de Medi\u00e7\u00e3o, Sensores para Monitoramento e Software para Calibra\u00e7\u00e3o, Ensaio e Inspe\u00e7\u00e3o\" \/>\n<meta property=\"og:description\" content=\"Calibrador Port\u00e1til de Press\u00e3o com M\u00f3dulo Intercambi\u00e1vel. Ideal para calibra\u00e7\u00e3o de instrumentos de press\u00e3o em ambiente explosivo. Conhe\u00e7a.\" \/>\n<meta property=\"og:url\" content=\"https:\/\/auna.com.br\/auna\/produto\/adt260ex-registrador-de-referencia-portatil-multicanal-copia\/\" \/>\n<meta property=\"og:site_name\" content=\"AUNA Metrologia e Instrumenta\u00e7\u00e3o - Instrumentos de Medi\u00e7\u00e3o, Sensores para Monitoramento e Software para Calibra\u00e7\u00e3o, Ensaio e Inspe\u00e7\u00e3o\" \/>\n<meta property=\"article:modified_time\" content=\"2022-10-03T10:51:00+00:00\" \/>\n<meta property=\"og:image\" content=\"https:\/\/auna.com.br\/auna\/wp-content\/uploads\/2022\/10\/ADT161.webp\" \/>\n\t<meta property=\"og:image:width\" content=\"1000\" \/>\n\t<meta property=\"og:image:height\" content=\"1000\" \/>\n\t<meta property=\"og:image:type\" content=\"image\/webp\" \/>\n<meta name=\"twitter:card\" content=\"summary_large_image\" \/>\n<meta name=\"twitter:label1\" content=\"Est. tempo de leitura\" \/>\n\t<meta name=\"twitter:data1\" content=\"2 minutos\" \/>\n<script type=\"application\/ld+json\" class=\"yoast-schema-graph\">{\"@context\":\"https:\\\/\\\/schema.org\",\"@graph\":[{\"@type\":\"WebPage\",\"@id\":\"https:\\\/\\\/auna.com.br\\\/auna\\\/produto\\\/adt260ex-registrador-de-referencia-portatil-multicanal-copia\\\/\",\"url\":\"https:\\\/\\\/auna.com.br\\\/auna\\\/produto\\\/adt260ex-registrador-de-referencia-portatil-multicanal-copia\\\/\",\"name\":\"ADT161 - M\u00f3dulo de Press\u00e3o Digital Inteligente - AUNA Metrologia e Instrumenta\u00e7\u00e3o - Instrumentos de Medi\u00e7\u00e3o, Sensores para Monitoramento e Software para Calibra\u00e7\u00e3o, Ensaio e Inspe\u00e7\u00e3o\",\"isPartOf\":{\"@id\":\"https:\\\/\\\/auna.com.br\\\/auna\\\/#website\"},\"primaryImageOfPage\":{\"@id\":\"https:\\\/\\\/auna.com.br\\\/auna\\\/produto\\\/adt260ex-registrador-de-referencia-portatil-multicanal-copia\\\/#primaryimage\"},\"image\":{\"@id\":\"https:\\\/\\\/auna.com.br\\\/auna\\\/produto\\\/adt260ex-registrador-de-referencia-portatil-multicanal-copia\\\/#primaryimage\"},\"thumbnailUrl\":\"https:\\\/\\\/auna.com.br\\\/auna\\\/wp-content\\\/uploads\\\/2022\\\/10\\\/ADT161.webp\",\"datePublished\":\"2022-10-03T10:46:19+00:00\",\"dateModified\":\"2022-10-03T10:51:00+00:00\",\"description\":\"Calibrador Port\u00e1til de Press\u00e3o com M\u00f3dulo Intercambi\u00e1vel. Ideal para calibra\u00e7\u00e3o de instrumentos de press\u00e3o em ambiente explosivo. Conhe\u00e7a.\",\"breadcrumb\":{\"@id\":\"https:\\\/\\\/auna.com.br\\\/auna\\\/produto\\\/adt260ex-registrador-de-referencia-portatil-multicanal-copia\\\/#breadcrumb\"},\"inLanguage\":\"pt-BR\",\"potentialAction\":[{\"@type\":\"ReadAction\",\"target\":[\"https:\\\/\\\/auna.com.br\\\/auna\\\/produto\\\/adt260ex-registrador-de-referencia-portatil-multicanal-copia\\\/\"]}]},{\"@type\":\"ImageObject\",\"inLanguage\":\"pt-BR\",\"@id\":\"https:\\\/\\\/auna.com.br\\\/auna\\\/produto\\\/adt260ex-registrador-de-referencia-portatil-multicanal-copia\\\/#primaryimage\",\"url\":\"https:\\\/\\\/auna.com.br\\\/auna\\\/wp-content\\\/uploads\\\/2022\\\/10\\\/ADT161.webp\",\"contentUrl\":\"https:\\\/\\\/auna.com.br\\\/auna\\\/wp-content\\\/uploads\\\/2022\\\/10\\\/ADT161.webp\",\"width\":1000,\"height\":1000},{\"@type\":\"BreadcrumbList\",\"@id\":\"https:\\\/\\\/auna.com.br\\\/auna\\\/produto\\\/adt260ex-registrador-de-referencia-portatil-multicanal-copia\\\/#breadcrumb\",\"itemListElement\":[{\"@type\":\"ListItem\",\"position\":1,\"name\":\"In\u00edcio\",\"item\":\"https:\\\/\\\/auna.com.br\\\/auna\\\/\"},{\"@type\":\"ListItem\",\"position\":2,\"name\":\"Instrumentos\",\"item\":\"https:\\\/\\\/auna.com.br\\\/auna\\\/loja\\\/\"},{\"@type\":\"ListItem\",\"position\":3,\"name\":\"ADT161 &#8211; M\u00f3dulo de Press\u00e3o Digital Inteligente\"}]},{\"@type\":\"WebSite\",\"@id\":\"https:\\\/\\\/auna.com.br\\\/auna\\\/#website\",\"url\":\"https:\\\/\\\/auna.com.br\\\/auna\\\/\",\"name\":\"AUNA Metrologia e Instrumenta\u00e7\u00e3o - Instrumentos de Medi\u00e7\u00e3o, Sensores para Monitoramento e Software para Calibra\u00e7\u00e3o, Ensaio e Inspe\u00e7\u00e3o\",\"description\":\"comercial@auna.com.br || +55 15 9 8129-4041\",\"publisher\":{\"@id\":\"https:\\\/\\\/auna.com.br\\\/auna\\\/#organization\"},\"potentialAction\":[{\"@type\":\"SearchAction\",\"target\":{\"@type\":\"EntryPoint\",\"urlTemplate\":\"https:\\\/\\\/auna.com.br\\\/auna\\\/?s={search_term_string}\"},\"query-input\":{\"@type\":\"PropertyValueSpecification\",\"valueRequired\":true,\"valueName\":\"search_term_string\"}}],\"inLanguage\":\"pt-BR\"},{\"@type\":\"Organization\",\"@id\":\"https:\\\/\\\/auna.com.br\\\/auna\\\/#organization\",\"name\":\"AUNA Metrologia e Instrumenta\u00e7\u00e3o - Instrumentos de Medi\u00e7\u00e3o, Sensores para Monitoramento e Software para Calibra\u00e7\u00e3o, Ensaio e Inspe\u00e7\u00e3o\",\"url\":\"https:\\\/\\\/auna.com.br\\\/auna\\\/\",\"logo\":{\"@type\":\"ImageObject\",\"inLanguage\":\"pt-BR\",\"@id\":\"https:\\\/\\\/auna.com.br\\\/auna\\\/#\\\/schema\\\/logo\\\/image\\\/\",\"url\":\"https:\\\/\\\/auna.com.br\\\/auna\\\/wp-content\\\/uploads\\\/2023\\\/03\\\/cropped-AUNA_Logo_Transparente.png\",\"contentUrl\":\"https:\\\/\\\/auna.com.br\\\/auna\\\/wp-content\\\/uploads\\\/2023\\\/03\\\/cropped-AUNA_Logo_Transparente.png\",\"width\":960,\"height\":430,\"caption\":\"AUNA Metrologia e Instrumenta\u00e7\u00e3o - Instrumentos de Medi\u00e7\u00e3o, Sensores para Monitoramento e Software para Calibra\u00e7\u00e3o, Ensaio e Inspe\u00e7\u00e3o\"},\"image\":{\"@id\":\"https:\\\/\\\/auna.com.br\\\/auna\\\/#\\\/schema\\\/logo\\\/image\\\/\"}}]}<\/script>\n<!-- \/ Yoast SEO plugin. -->","yoast_head_json":{"title":"ADT161 - M\u00f3dulo de Press\u00e3o Digital Inteligente - AUNA Metrologia e Instrumenta\u00e7\u00e3o - Instrumentos de Medi\u00e7\u00e3o, Sensores para Monitoramento e Software para Calibra\u00e7\u00e3o, Ensaio e Inspe\u00e7\u00e3o","description":"Calibrador Port\u00e1til de Press\u00e3o com M\u00f3dulo Intercambi\u00e1vel. Ideal para calibra\u00e7\u00e3o de instrumentos de press\u00e3o em ambiente explosivo. Conhe\u00e7a.","robots":{"index":"index","follow":"follow","max-snippet":"max-snippet:-1","max-image-preview":"max-image-preview:large","max-video-preview":"max-video-preview:-1"},"canonical":"https:\/\/auna.com.br\/auna\/produto\/adt260ex-registrador-de-referencia-portatil-multicanal-copia\/","og_locale":"pt_BR","og_type":"article","og_title":"ADT161 - M\u00f3dulo de Press\u00e3o Digital Inteligente - AUNA Metrologia e Instrumenta\u00e7\u00e3o - Instrumentos de Medi\u00e7\u00e3o, Sensores para Monitoramento e Software para Calibra\u00e7\u00e3o, Ensaio e Inspe\u00e7\u00e3o","og_description":"Calibrador Port\u00e1til de Press\u00e3o com M\u00f3dulo Intercambi\u00e1vel. Ideal para calibra\u00e7\u00e3o de instrumentos de press\u00e3o em ambiente explosivo. Conhe\u00e7a.","og_url":"https:\/\/auna.com.br\/auna\/produto\/adt260ex-registrador-de-referencia-portatil-multicanal-copia\/","og_site_name":"AUNA Metrologia e Instrumenta\u00e7\u00e3o - Instrumentos de Medi\u00e7\u00e3o, Sensores para Monitoramento e Software para Calibra\u00e7\u00e3o, Ensaio e Inspe\u00e7\u00e3o","article_modified_time":"2022-10-03T10:51:00+00:00","og_image":[{"width":1000,"height":1000,"url":"https:\/\/auna.com.br\/auna\/wp-content\/uploads\/2022\/10\/ADT161.webp","type":"image\/webp"}],"twitter_card":"summary_large_image","twitter_misc":{"Est. tempo de leitura":"2 minutos"},"schema":{"@context":"https:\/\/schema.org","@graph":[{"@type":"WebPage","@id":"https:\/\/auna.com.br\/auna\/produto\/adt260ex-registrador-de-referencia-portatil-multicanal-copia\/","url":"https:\/\/auna.com.br\/auna\/produto\/adt260ex-registrador-de-referencia-portatil-multicanal-copia\/","name":"ADT161 - M\u00f3dulo de Press\u00e3o Digital Inteligente - AUNA Metrologia e Instrumenta\u00e7\u00e3o - Instrumentos de Medi\u00e7\u00e3o, Sensores para Monitoramento e Software para Calibra\u00e7\u00e3o, Ensaio e Inspe\u00e7\u00e3o","isPartOf":{"@id":"https:\/\/auna.com.br\/auna\/#website"},"primaryImageOfPage":{"@id":"https:\/\/auna.com.br\/auna\/produto\/adt260ex-registrador-de-referencia-portatil-multicanal-copia\/#primaryimage"},"image":{"@id":"https:\/\/auna.com.br\/auna\/produto\/adt260ex-registrador-de-referencia-portatil-multicanal-copia\/#primaryimage"},"thumbnailUrl":"https:\/\/auna.com.br\/auna\/wp-content\/uploads\/2022\/10\/ADT161.webp","datePublished":"2022-10-03T10:46:19+00:00","dateModified":"2022-10-03T10:51:00+00:00","description":"Calibrador Port\u00e1til de Press\u00e3o com M\u00f3dulo Intercambi\u00e1vel. Ideal para calibra\u00e7\u00e3o de instrumentos de press\u00e3o em ambiente explosivo. Conhe\u00e7a.","breadcrumb":{"@id":"https:\/\/auna.com.br\/auna\/produto\/adt260ex-registrador-de-referencia-portatil-multicanal-copia\/#breadcrumb"},"inLanguage":"pt-BR","potentialAction":[{"@type":"ReadAction","target":["https:\/\/auna.com.br\/auna\/produto\/adt260ex-registrador-de-referencia-portatil-multicanal-copia\/"]}]},{"@type":"ImageObject","inLanguage":"pt-BR","@id":"https:\/\/auna.com.br\/auna\/produto\/adt260ex-registrador-de-referencia-portatil-multicanal-copia\/#primaryimage","url":"https:\/\/auna.com.br\/auna\/wp-content\/uploads\/2022\/10\/ADT161.webp","contentUrl":"https:\/\/auna.com.br\/auna\/wp-content\/uploads\/2022\/10\/ADT161.webp","width":1000,"height":1000},{"@type":"BreadcrumbList","@id":"https:\/\/auna.com.br\/auna\/produto\/adt260ex-registrador-de-referencia-portatil-multicanal-copia\/#breadcrumb","itemListElement":[{"@type":"ListItem","position":1,"name":"In\u00edcio","item":"https:\/\/auna.com.br\/auna\/"},{"@type":"ListItem","position":2,"name":"Instrumentos","item":"https:\/\/auna.com.br\/auna\/loja\/"},{"@type":"ListItem","position":3,"name":"ADT161 &#8211; M\u00f3dulo de Press\u00e3o Digital Inteligente"}]},{"@type":"WebSite","@id":"https:\/\/auna.com.br\/auna\/#website","url":"https:\/\/auna.com.br\/auna\/","name":"AUNA Metrologia e Instrumenta\u00e7\u00e3o - Instrumentos de Medi\u00e7\u00e3o, Sensores para Monitoramento e Software para Calibra\u00e7\u00e3o, Ensaio e Inspe\u00e7\u00e3o","description":"comercial@auna.com.br || +55 15 9 8129-4041","publisher":{"@id":"https:\/\/auna.com.br\/auna\/#organization"},"potentialAction":[{"@type":"SearchAction","target":{"@type":"EntryPoint","urlTemplate":"https:\/\/auna.com.br\/auna\/?s={search_term_string}"},"query-input":{"@type":"PropertyValueSpecification","valueRequired":true,"valueName":"search_term_string"}}],"inLanguage":"pt-BR"},{"@type":"Organization","@id":"https:\/\/auna.com.br\/auna\/#organization","name":"AUNA Metrologia e Instrumenta\u00e7\u00e3o - Instrumentos de Medi\u00e7\u00e3o, Sensores para Monitoramento e Software para Calibra\u00e7\u00e3o, Ensaio e Inspe\u00e7\u00e3o","url":"https:\/\/auna.com.br\/auna\/","logo":{"@type":"ImageObject","inLanguage":"pt-BR","@id":"https:\/\/auna.com.br\/auna\/#\/schema\/logo\/image\/","url":"https:\/\/auna.com.br\/auna\/wp-content\/uploads\/2023\/03\/cropped-AUNA_Logo_Transparente.png","contentUrl":"https:\/\/auna.com.br\/auna\/wp-content\/uploads\/2023\/03\/cropped-AUNA_Logo_Transparente.png","width":960,"height":430,"caption":"AUNA Metrologia e Instrumenta\u00e7\u00e3o - Instrumentos de Medi\u00e7\u00e3o, Sensores para Monitoramento e Software para Calibra\u00e7\u00e3o, Ensaio e Inspe\u00e7\u00e3o"},"image":{"@id":"https:\/\/auna.com.br\/auna\/#\/schema\/logo\/image\/"}}]}},"_links":{"self":[{"href":"https:\/\/auna.com.br\/auna\/wp-json\/wp\/v2\/product\/7878","targetHints":{"allow":["GET"]}}],"collection":[{"href":"https:\/\/auna.com.br\/auna\/wp-json\/wp\/v2\/product"}],"about":[{"href":"https:\/\/auna.com.br\/auna\/wp-json\/wp\/v2\/types\/product"}],"replies":[{"embeddable":true,"href":"https:\/\/auna.com.br\/auna\/wp-json\/wp\/v2\/comments?post=7878"}],"wp:featuredmedia":[{"embeddable":true,"href":"https:\/\/auna.com.br\/auna\/wp-json\/wp\/v2\/media\/7879"}],"wp:attachment":[{"href":"https:\/\/auna.com.br\/auna\/wp-json\/wp\/v2\/media?parent=7878"}],"wp:term":[{"taxonomy":"product_brand","embeddable":true,"href":"https:\/\/auna.com.br\/auna\/wp-json\/wp\/v2\/product_brand?post=7878"},{"taxonomy":"product_cat","embeddable":true,"href":"https:\/\/auna.com.br\/auna\/wp-json\/wp\/v2\/product_cat?post=7878"},{"taxonomy":"product_tag","embeddable":true,"href":"https:\/\/auna.com.br\/auna\/wp-json\/wp\/v2\/product_tag?post=7878"},{"taxonomy":"wpstream_actors","embeddable":true,"href":"https:\/\/auna.com.br\/auna\/wp-json\/wp\/v2\/wpstream_actors?post=7878"},{"taxonomy":"wpstream_category","embeddable":true,"href":"https:\/\/auna.com.br\/auna\/wp-json\/wp\/v2\/wpstream_category?post=7878"},{"taxonomy":"wpstream_movie_rating","embeddable":true,"href":"https:\/\/auna.com.br\/auna\/wp-json\/wp\/v2\/wpstream_movie_rating?post=7878"}],"curies":[{"name":"wp","href":"https:\/\/api.w.org\/{rel}","templated":true}]}}