{"id":7945,"date":"2022-11-25T21:49:25","date_gmt":"2022-11-26T00:49:25","guid":{"rendered":"https:\/\/www.aunarepresentacoes.com.br\/?post_type=product&#038;p=7945"},"modified":"2024-12-17T22:18:26","modified_gmt":"2024-12-18T01:18:26","slug":"transmissor-de-pressao-f500dma","status":"publish","type":"product","link":"https:\/\/auna.com.br\/auna\/produto\/transmissor-de-pressao-f500dma\/","title":{"rendered":"Transmissor de Press\u00e3o Manom\u00e9trico, Absoluto e Diferencial &#8211; F500-D\/M\/A"},"content":{"rendered":"<p>&nbsp;<\/p>\n<table class=\"ea-advanced-data-table ea-advanced-data-table-tablepress ea-advanced-data-table-9a4f936 ea-advanced-data-table-sortable\" style=\"color: #3a3a3a;\" data-id=\"9a4f936\">\n<tbody>\n<tr style=\"color: #444444;\">\n<td style=\"color: #666666;\">Exatid\u00e3o<\/td>\n<td style=\"color: #666666;\">\u00b1 0,075%<\/td>\n<\/tr>\n<tr>\n<td style=\"color: #666666;\">Sinal de Sa\u00edda<\/td>\n<td style=\"color: #666666;\">4 a 20 mA<\/td>\n<\/tr>\n<tr style=\"color: #444444;\">\n<td style=\"color: #666666;\">Protocolo de Comunica\u00e7\u00e3o<\/td>\n<td style=\"color: #666666;\">Hart<\/td>\n<\/tr>\n<tr>\n<td style=\"color: #666666;\">Alimenta\u00e7\u00e3o<\/td>\n<td style=\"color: #666666;\">9 a 32 Vcc, sem polaridade \u2013 12 mA<\/td>\n<\/tr>\n<tr style=\"color: #444444;\">\n<td style=\"color: #666666;\">Temperatura de Opera\u00e7\u00e3o<\/td>\n<td style=\"color: #666666;\">-20 \u00b0C a 100 \u00b0C<\/td>\n<\/tr>\n<tr>\n<td style=\"color: #666666;\">Temperatura de Estocagem<\/td>\n<td style=\"color: #666666;\">-20 \u00b0C a 100 \u00b0C<\/td>\n<\/tr>\n<tr style=\"color: #444444;\">\n<td style=\"color: #666666;\">Temperatura de Ambiente<\/td>\n<td style=\"color: #666666;\">-20 \u00b0C a 85 \u00b0C<\/td>\n<\/tr>\n<tr>\n<td style=\"color: #666666;\">Tipos de Sa\u00edda<\/td>\n<td style=\"color: #666666;\">Linear e ra\u00edz quadrada<\/td>\n<\/tr>\n<tr style=\"color: #444444;\">\n<td style=\"color: #666666;\">Grau de Prote\u00e7\u00e3o<\/td>\n<td style=\"color: #666666;\">IP6<\/td>\n<\/tr>\n<tr>\n<td style=\"color: #666666;\">Tempo de Resposta<\/td>\n<td style=\"color: #666666;\">50 ms<\/td>\n<\/tr>\n<tr style=\"color: #444444;\">\n<td style=\"color: #666666;\">Rangeabilidade<\/td>\n<td style=\"color: #666666;\">80:1<\/td>\n<\/tr>\n<tr>\n<td style=\"color: #666666;\">Estabilidade T\u00e9rmica<\/td>\n<td style=\"color: #666666;\">\u00b1 0,15% URL, 5 anos<\/td>\n<\/tr>\n<tr style=\"color: #444444;\">\n<td style=\"color: #666666;\">Display<\/td>\n<td style=\"color: #666666;\">Tipo backlight<\/td>\n<\/tr>\n<tr>\n<td style=\"color: #666666;\">Peso Aproximado (com suporte)<\/td>\n<td style=\"color: #666666;\">3,5 kg para vers\u00e3o diferencial e manom\u00e9trica<\/td>\n<\/tr>\n<\/tbody>\n<\/table>\n","protected":false},"excerpt":{"rendered":"<p>Transmissor de press\u00e3o orientado \u00e0:<\/p>\n<ul>\n<li>press\u00e3o manom\u00e9trica;<\/li>\n<li>press\u00e3o diferencial;<\/li>\n<li>press\u00e3o absoluta.<\/li>\n<\/ul>\n","protected":false},"featured_media":7951,"comment_status":"closed","ping_status":"closed","template":"","meta":[],"product_brand":[],"product_cat":[101,254],"product_tag":[],"wpstream_actors":[],"wpstream_category":[],"wpstream_movie_rating":[],"class_list":{"0":"post-7945","1":"product","2":"type-product","3":"status-publish","4":"has-post-thumbnail","6":"product_cat-transmissor-de-pressao","7":"product_cat-transmissor-de-pressao-configuravel","9":"first","10":"onbackorder","11":"taxable","12":"shipping-taxable","13":"product-type-simple","14":"czr-hentry"},"yoast_head":"<!-- This site is optimized with the Yoast SEO plugin v27.5 - https:\/\/yoast.com\/product\/yoast-seo-wordpress\/ -->\n<title>Transmissor de Press\u00e3o Manom\u00e9trico, Absoluto e Diferencial - F500-D\/M\/A - AUNA Metrologia e Instrumenta\u00e7\u00e3o - Instrumentos de Medi\u00e7\u00e3o, Sensores para Monitoramento e Software para Calibra\u00e7\u00e3o, Ensaio e Inspe\u00e7\u00e3o<\/title>\n<meta name=\"description\" content=\"Transmissor de press\u00e3o diferencial, manom\u00e9trico e absoluto. Configura\u00e7\u00e3o para calibra\u00e7\u00e3o, trim e loop de corrente, alarmes entre outros por software.\" \/>\n<meta name=\"robots\" content=\"index, follow, max-snippet:-1, max-image-preview:large, max-video-preview:-1\" \/>\n<link rel=\"canonical\" href=\"https:\/\/auna.com.br\/auna\/produto\/transmissor-de-pressao-f500dma\/\" \/>\n<meta property=\"og:locale\" content=\"pt_BR\" \/>\n<meta property=\"og:type\" content=\"article\" \/>\n<meta property=\"og:title\" content=\"Transmissor de Press\u00e3o Manom\u00e9trico, Absoluto e Diferencial - F500-D\/M\/A - AUNA Metrologia e Instrumenta\u00e7\u00e3o - Instrumentos de Medi\u00e7\u00e3o, Sensores para Monitoramento e Software para Calibra\u00e7\u00e3o, Ensaio e Inspe\u00e7\u00e3o\" \/>\n<meta property=\"og:description\" content=\"Transmissor de press\u00e3o diferencial, manom\u00e9trico e absoluto. Configura\u00e7\u00e3o para calibra\u00e7\u00e3o, trim e loop de corrente, alarmes entre outros por software.\" \/>\n<meta property=\"og:url\" content=\"https:\/\/auna.com.br\/auna\/produto\/transmissor-de-pressao-f500dma\/\" \/>\n<meta property=\"og:site_name\" content=\"AUNA Metrologia e Instrumenta\u00e7\u00e3o - Instrumentos de Medi\u00e7\u00e3o, Sensores para Monitoramento e Software para Calibra\u00e7\u00e3o, Ensaio e Inspe\u00e7\u00e3o\" \/>\n<meta property=\"article:modified_time\" content=\"2024-12-18T01:18:26+00:00\" \/>\n<meta property=\"og:image\" content=\"https:\/\/auna.com.br\/auna\/wp-content\/uploads\/2022\/11\/F500DMA00.png\" \/>\n\t<meta property=\"og:image:width\" content=\"200\" \/>\n\t<meta property=\"og:image:height\" content=\"200\" \/>\n\t<meta property=\"og:image:type\" content=\"image\/png\" \/>\n<meta name=\"twitter:card\" content=\"summary_large_image\" \/>\n<meta name=\"twitter:label1\" content=\"Est. tempo de leitura\" \/>\n\t<meta name=\"twitter:data1\" content=\"1 minuto\" \/>\n<script type=\"application\/ld+json\" class=\"yoast-schema-graph\">{\"@context\":\"https:\\\/\\\/schema.org\",\"@graph\":[{\"@type\":\"WebPage\",\"@id\":\"https:\\\/\\\/auna.com.br\\\/auna\\\/produto\\\/transmissor-de-pressao-f500dma\\\/\",\"url\":\"https:\\\/\\\/auna.com.br\\\/auna\\\/produto\\\/transmissor-de-pressao-f500dma\\\/\",\"name\":\"Transmissor de Press\u00e3o Manom\u00e9trico, Absoluto e Diferencial - F500-D\\\/M\\\/A - AUNA Metrologia e Instrumenta\u00e7\u00e3o - Instrumentos de Medi\u00e7\u00e3o, Sensores para Monitoramento e Software para Calibra\u00e7\u00e3o, Ensaio e Inspe\u00e7\u00e3o\",\"isPartOf\":{\"@id\":\"https:\\\/\\\/auna.com.br\\\/auna\\\/#website\"},\"primaryImageOfPage\":{\"@id\":\"https:\\\/\\\/auna.com.br\\\/auna\\\/produto\\\/transmissor-de-pressao-f500dma\\\/#primaryimage\"},\"image\":{\"@id\":\"https:\\\/\\\/auna.com.br\\\/auna\\\/produto\\\/transmissor-de-pressao-f500dma\\\/#primaryimage\"},\"thumbnailUrl\":\"https:\\\/\\\/auna.com.br\\\/auna\\\/wp-content\\\/uploads\\\/2022\\\/11\\\/F500DMA00.png\",\"datePublished\":\"2022-11-26T00:49:25+00:00\",\"dateModified\":\"2024-12-18T01:18:26+00:00\",\"description\":\"Transmissor de press\u00e3o diferencial, manom\u00e9trico e absoluto. Configura\u00e7\u00e3o para calibra\u00e7\u00e3o, trim e loop de corrente, alarmes entre outros por software.\",\"breadcrumb\":{\"@id\":\"https:\\\/\\\/auna.com.br\\\/auna\\\/produto\\\/transmissor-de-pressao-f500dma\\\/#breadcrumb\"},\"inLanguage\":\"pt-BR\",\"potentialAction\":[{\"@type\":\"ReadAction\",\"target\":[\"https:\\\/\\\/auna.com.br\\\/auna\\\/produto\\\/transmissor-de-pressao-f500dma\\\/\"]}]},{\"@type\":\"ImageObject\",\"inLanguage\":\"pt-BR\",\"@id\":\"https:\\\/\\\/auna.com.br\\\/auna\\\/produto\\\/transmissor-de-pressao-f500dma\\\/#primaryimage\",\"url\":\"https:\\\/\\\/auna.com.br\\\/auna\\\/wp-content\\\/uploads\\\/2022\\\/11\\\/F500DMA00.png\",\"contentUrl\":\"https:\\\/\\\/auna.com.br\\\/auna\\\/wp-content\\\/uploads\\\/2022\\\/11\\\/F500DMA00.png\",\"width\":200,\"height\":200},{\"@type\":\"BreadcrumbList\",\"@id\":\"https:\\\/\\\/auna.com.br\\\/auna\\\/produto\\\/transmissor-de-pressao-f500dma\\\/#breadcrumb\",\"itemListElement\":[{\"@type\":\"ListItem\",\"position\":1,\"name\":\"In\u00edcio\",\"item\":\"https:\\\/\\\/auna.com.br\\\/auna\\\/\"},{\"@type\":\"ListItem\",\"position\":2,\"name\":\"Instrumentos\",\"item\":\"https:\\\/\\\/auna.com.br\\\/auna\\\/loja\\\/\"},{\"@type\":\"ListItem\",\"position\":3,\"name\":\"Transmissor de Press\u00e3o Manom\u00e9trico, Absoluto e Diferencial &#8211; F500-D\\\/M\\\/A\"}]},{\"@type\":\"WebSite\",\"@id\":\"https:\\\/\\\/auna.com.br\\\/auna\\\/#website\",\"url\":\"https:\\\/\\\/auna.com.br\\\/auna\\\/\",\"name\":\"AUNA Metrologia e Instrumenta\u00e7\u00e3o - Instrumentos de Medi\u00e7\u00e3o, Sensores para Monitoramento e Software para Calibra\u00e7\u00e3o, Ensaio e Inspe\u00e7\u00e3o\",\"description\":\"comercial@auna.com.br || +55 15 9 8129-4041\",\"publisher\":{\"@id\":\"https:\\\/\\\/auna.com.br\\\/auna\\\/#organization\"},\"potentialAction\":[{\"@type\":\"SearchAction\",\"target\":{\"@type\":\"EntryPoint\",\"urlTemplate\":\"https:\\\/\\\/auna.com.br\\\/auna\\\/?s={search_term_string}\"},\"query-input\":{\"@type\":\"PropertyValueSpecification\",\"valueRequired\":true,\"valueName\":\"search_term_string\"}}],\"inLanguage\":\"pt-BR\"},{\"@type\":\"Organization\",\"@id\":\"https:\\\/\\\/auna.com.br\\\/auna\\\/#organization\",\"name\":\"AUNA Metrologia e Instrumenta\u00e7\u00e3o - Instrumentos de Medi\u00e7\u00e3o, Sensores para Monitoramento e Software para Calibra\u00e7\u00e3o, Ensaio e Inspe\u00e7\u00e3o\",\"url\":\"https:\\\/\\\/auna.com.br\\\/auna\\\/\",\"logo\":{\"@type\":\"ImageObject\",\"inLanguage\":\"pt-BR\",\"@id\":\"https:\\\/\\\/auna.com.br\\\/auna\\\/#\\\/schema\\\/logo\\\/image\\\/\",\"url\":\"https:\\\/\\\/auna.com.br\\\/auna\\\/wp-content\\\/uploads\\\/2023\\\/03\\\/cropped-AUNA_Logo_Transparente.png\",\"contentUrl\":\"https:\\\/\\\/auna.com.br\\\/auna\\\/wp-content\\\/uploads\\\/2023\\\/03\\\/cropped-AUNA_Logo_Transparente.png\",\"width\":960,\"height\":430,\"caption\":\"AUNA Metrologia e Instrumenta\u00e7\u00e3o - Instrumentos de Medi\u00e7\u00e3o, Sensores para Monitoramento e Software para Calibra\u00e7\u00e3o, Ensaio e Inspe\u00e7\u00e3o\"},\"image\":{\"@id\":\"https:\\\/\\\/auna.com.br\\\/auna\\\/#\\\/schema\\\/logo\\\/image\\\/\"}}]}<\/script>\n<!-- \/ Yoast SEO plugin. -->","yoast_head_json":{"title":"Transmissor de Press\u00e3o Manom\u00e9trico, Absoluto e Diferencial - F500-D\/M\/A - AUNA Metrologia e Instrumenta\u00e7\u00e3o - Instrumentos de Medi\u00e7\u00e3o, Sensores para Monitoramento e Software para Calibra\u00e7\u00e3o, Ensaio e Inspe\u00e7\u00e3o","description":"Transmissor de press\u00e3o diferencial, manom\u00e9trico e absoluto. Configura\u00e7\u00e3o para calibra\u00e7\u00e3o, trim e loop de corrente, alarmes entre outros por software.","robots":{"index":"index","follow":"follow","max-snippet":"max-snippet:-1","max-image-preview":"max-image-preview:large","max-video-preview":"max-video-preview:-1"},"canonical":"https:\/\/auna.com.br\/auna\/produto\/transmissor-de-pressao-f500dma\/","og_locale":"pt_BR","og_type":"article","og_title":"Transmissor de Press\u00e3o Manom\u00e9trico, Absoluto e Diferencial - F500-D\/M\/A - AUNA Metrologia e Instrumenta\u00e7\u00e3o - Instrumentos de Medi\u00e7\u00e3o, Sensores para Monitoramento e Software para Calibra\u00e7\u00e3o, Ensaio e Inspe\u00e7\u00e3o","og_description":"Transmissor de press\u00e3o diferencial, manom\u00e9trico e absoluto. Configura\u00e7\u00e3o para calibra\u00e7\u00e3o, trim e loop de corrente, alarmes entre outros por software.","og_url":"https:\/\/auna.com.br\/auna\/produto\/transmissor-de-pressao-f500dma\/","og_site_name":"AUNA Metrologia e Instrumenta\u00e7\u00e3o - Instrumentos de Medi\u00e7\u00e3o, Sensores para Monitoramento e Software para Calibra\u00e7\u00e3o, Ensaio e Inspe\u00e7\u00e3o","article_modified_time":"2024-12-18T01:18:26+00:00","og_image":[{"width":200,"height":200,"url":"https:\/\/auna.com.br\/auna\/wp-content\/uploads\/2022\/11\/F500DMA00.png","type":"image\/png"}],"twitter_card":"summary_large_image","twitter_misc":{"Est. tempo de leitura":"1 minuto"},"schema":{"@context":"https:\/\/schema.org","@graph":[{"@type":"WebPage","@id":"https:\/\/auna.com.br\/auna\/produto\/transmissor-de-pressao-f500dma\/","url":"https:\/\/auna.com.br\/auna\/produto\/transmissor-de-pressao-f500dma\/","name":"Transmissor de Press\u00e3o Manom\u00e9trico, Absoluto e Diferencial - F500-D\/M\/A - AUNA Metrologia e Instrumenta\u00e7\u00e3o - Instrumentos de Medi\u00e7\u00e3o, Sensores para Monitoramento e Software para Calibra\u00e7\u00e3o, Ensaio e Inspe\u00e7\u00e3o","isPartOf":{"@id":"https:\/\/auna.com.br\/auna\/#website"},"primaryImageOfPage":{"@id":"https:\/\/auna.com.br\/auna\/produto\/transmissor-de-pressao-f500dma\/#primaryimage"},"image":{"@id":"https:\/\/auna.com.br\/auna\/produto\/transmissor-de-pressao-f500dma\/#primaryimage"},"thumbnailUrl":"https:\/\/auna.com.br\/auna\/wp-content\/uploads\/2022\/11\/F500DMA00.png","datePublished":"2022-11-26T00:49:25+00:00","dateModified":"2024-12-18T01:18:26+00:00","description":"Transmissor de press\u00e3o diferencial, manom\u00e9trico e absoluto. Configura\u00e7\u00e3o para calibra\u00e7\u00e3o, trim e loop de corrente, alarmes entre outros por software.","breadcrumb":{"@id":"https:\/\/auna.com.br\/auna\/produto\/transmissor-de-pressao-f500dma\/#breadcrumb"},"inLanguage":"pt-BR","potentialAction":[{"@type":"ReadAction","target":["https:\/\/auna.com.br\/auna\/produto\/transmissor-de-pressao-f500dma\/"]}]},{"@type":"ImageObject","inLanguage":"pt-BR","@id":"https:\/\/auna.com.br\/auna\/produto\/transmissor-de-pressao-f500dma\/#primaryimage","url":"https:\/\/auna.com.br\/auna\/wp-content\/uploads\/2022\/11\/F500DMA00.png","contentUrl":"https:\/\/auna.com.br\/auna\/wp-content\/uploads\/2022\/11\/F500DMA00.png","width":200,"height":200},{"@type":"BreadcrumbList","@id":"https:\/\/auna.com.br\/auna\/produto\/transmissor-de-pressao-f500dma\/#breadcrumb","itemListElement":[{"@type":"ListItem","position":1,"name":"In\u00edcio","item":"https:\/\/auna.com.br\/auna\/"},{"@type":"ListItem","position":2,"name":"Instrumentos","item":"https:\/\/auna.com.br\/auna\/loja\/"},{"@type":"ListItem","position":3,"name":"Transmissor de Press\u00e3o Manom\u00e9trico, Absoluto e Diferencial &#8211; F500-D\/M\/A"}]},{"@type":"WebSite","@id":"https:\/\/auna.com.br\/auna\/#website","url":"https:\/\/auna.com.br\/auna\/","name":"AUNA Metrologia e Instrumenta\u00e7\u00e3o - Instrumentos de Medi\u00e7\u00e3o, Sensores para Monitoramento e Software para Calibra\u00e7\u00e3o, Ensaio e Inspe\u00e7\u00e3o","description":"comercial@auna.com.br || +55 15 9 8129-4041","publisher":{"@id":"https:\/\/auna.com.br\/auna\/#organization"},"potentialAction":[{"@type":"SearchAction","target":{"@type":"EntryPoint","urlTemplate":"https:\/\/auna.com.br\/auna\/?s={search_term_string}"},"query-input":{"@type":"PropertyValueSpecification","valueRequired":true,"valueName":"search_term_string"}}],"inLanguage":"pt-BR"},{"@type":"Organization","@id":"https:\/\/auna.com.br\/auna\/#organization","name":"AUNA Metrologia e Instrumenta\u00e7\u00e3o - Instrumentos de Medi\u00e7\u00e3o, Sensores para Monitoramento e Software para Calibra\u00e7\u00e3o, Ensaio e Inspe\u00e7\u00e3o","url":"https:\/\/auna.com.br\/auna\/","logo":{"@type":"ImageObject","inLanguage":"pt-BR","@id":"https:\/\/auna.com.br\/auna\/#\/schema\/logo\/image\/","url":"https:\/\/auna.com.br\/auna\/wp-content\/uploads\/2023\/03\/cropped-AUNA_Logo_Transparente.png","contentUrl":"https:\/\/auna.com.br\/auna\/wp-content\/uploads\/2023\/03\/cropped-AUNA_Logo_Transparente.png","width":960,"height":430,"caption":"AUNA Metrologia e Instrumenta\u00e7\u00e3o - Instrumentos de Medi\u00e7\u00e3o, Sensores para Monitoramento e Software para Calibra\u00e7\u00e3o, Ensaio e Inspe\u00e7\u00e3o"},"image":{"@id":"https:\/\/auna.com.br\/auna\/#\/schema\/logo\/image\/"}}]}},"_links":{"self":[{"href":"https:\/\/auna.com.br\/auna\/wp-json\/wp\/v2\/product\/7945","targetHints":{"allow":["GET"]}}],"collection":[{"href":"https:\/\/auna.com.br\/auna\/wp-json\/wp\/v2\/product"}],"about":[{"href":"https:\/\/auna.com.br\/auna\/wp-json\/wp\/v2\/types\/product"}],"replies":[{"embeddable":true,"href":"https:\/\/auna.com.br\/auna\/wp-json\/wp\/v2\/comments?post=7945"}],"wp:featuredmedia":[{"embeddable":true,"href":"https:\/\/auna.com.br\/auna\/wp-json\/wp\/v2\/media\/7951"}],"wp:attachment":[{"href":"https:\/\/auna.com.br\/auna\/wp-json\/wp\/v2\/media?parent=7945"}],"wp:term":[{"taxonomy":"product_brand","embeddable":true,"href":"https:\/\/auna.com.br\/auna\/wp-json\/wp\/v2\/product_brand?post=7945"},{"taxonomy":"product_cat","embeddable":true,"href":"https:\/\/auna.com.br\/auna\/wp-json\/wp\/v2\/product_cat?post=7945"},{"taxonomy":"product_tag","embeddable":true,"href":"https:\/\/auna.com.br\/auna\/wp-json\/wp\/v2\/product_tag?post=7945"},{"taxonomy":"wpstream_actors","embeddable":true,"href":"https:\/\/auna.com.br\/auna\/wp-json\/wp\/v2\/wpstream_actors?post=7945"},{"taxonomy":"wpstream_category","embeddable":true,"href":"https:\/\/auna.com.br\/auna\/wp-json\/wp\/v2\/wpstream_category?post=7945"},{"taxonomy":"wpstream_movie_rating","embeddable":true,"href":"https:\/\/auna.com.br\/auna\/wp-json\/wp\/v2\/wpstream_movie_rating?post=7945"}],"curies":[{"name":"wp","href":"https:\/\/api.w.org\/{rel}","templated":true}]}}