{"id":8104,"date":"2023-02-24T12:42:02","date_gmt":"2023-02-24T15:42:02","guid":{"rendered":"https:\/\/www.aunarepresentacoes.com.br\/?post_type=product&#038;p=8104"},"modified":"2023-07-22T06:10:58","modified_gmt":"2023-07-22T09:10:58","slug":"additel-129-manifold-para-calibracao-de-pressao-diferencial-com-alta-pressao-estatica","status":"publish","type":"product","link":"https:\/\/auna.com.br\/auna\/produto\/additel-129-manifold-para-calibracao-de-pressao-diferencial-com-alta-pressao-estatica\/","title":{"rendered":"Additel 129 \u2013 Manifold para Calibra\u00e7\u00e3o de Press\u00e3o Diferencial com Alta Press\u00e3o Est\u00e1tica"},"content":{"rendered":"<p>Utilize este manifold para calibra\u00e7\u00e3o de um transmissor de press\u00e3o diferencial com alta press\u00e3o est\u00e1tica. Utilize dois m\u00f3dulos de press\u00e3o externos ADT161 em conjunto com um dos calibradores (ADT226, ADT226Ex, ADT227, ADT227-HART, ADT260Ex, ADT273Ex) que possui a funcionalidade de medi\u00e7\u00e3o de press\u00e3o diferencial<\/p>\n","protected":false},"excerpt":{"rendered":"<p>Utilize este manifold para calibra\u00e7\u00e3o de um transmissor de press\u00e3o diferencial com alta press\u00e3o est\u00e1tica. Utilize dois m\u00f3dulos de press\u00e3o externos ADT161 em conjunto com um dos calibradores (ADT226, ADT226Ex, ADT227, ADT227-HART, ADT260Ex, ADT273Ex) que possui a funcionalidade de medi\u00e7\u00e3o de press\u00e3o diferencial<\/p>\n","protected":false},"featured_media":8105,"comment_status":"closed","ping_status":"closed","template":"","meta":[],"product_brand":[],"product_cat":[57,260,55],"product_tag":[],"wpstream_actors":[],"wpstream_category":[],"wpstream_movie_rating":[],"class_list":{"0":"post-8104","1":"product","2":"type-product","3":"status-publish","4":"has-post-thumbnail","6":"product_cat-acessorios","7":"product_cat-manifold","8":"product_cat-manometro-vacuometro-manovacuometro-bombas-pressao-peso-morto-calibradores-pressao","10":"first","11":"onbackorder","12":"taxable","13":"shipping-taxable","14":"product-type-simple","15":"czr-hentry"},"yoast_head":"<!-- This site is optimized with the Yoast SEO plugin v27.5 - https:\/\/yoast.com\/product\/yoast-seo-wordpress\/ -->\n<title>Additel 129 \u2013 Manifold para Calibra\u00e7\u00e3o de Press\u00e3o Diferencial com Alta Press\u00e3o Est\u00e1tica - AUNA Metrologia e Instrumenta\u00e7\u00e3o - Instrumentos de Medi\u00e7\u00e3o, Sensores para Monitoramento e Software para Calibra\u00e7\u00e3o, Ensaio e Inspe\u00e7\u00e3o<\/title>\n<meta name=\"robots\" content=\"index, follow, max-snippet:-1, max-image-preview:large, max-video-preview:-1\" \/>\n<link rel=\"canonical\" href=\"https:\/\/auna.com.br\/auna\/produto\/additel-129-manifold-para-calibracao-de-pressao-diferencial-com-alta-pressao-estatica\/\" \/>\n<meta property=\"og:locale\" content=\"pt_BR\" \/>\n<meta property=\"og:type\" content=\"article\" \/>\n<meta property=\"og:title\" content=\"Additel 129 \u2013 Manifold para Calibra\u00e7\u00e3o de Press\u00e3o Diferencial com Alta Press\u00e3o Est\u00e1tica - AUNA Metrologia e Instrumenta\u00e7\u00e3o - Instrumentos de Medi\u00e7\u00e3o, Sensores para Monitoramento e Software para Calibra\u00e7\u00e3o, Ensaio e Inspe\u00e7\u00e3o\" \/>\n<meta property=\"og:description\" content=\"Utilize este manifold para calibra\u00e7\u00e3o de um transmissor de press\u00e3o diferencial com alta press\u00e3o est\u00e1tica. Utilize dois m\u00f3dulos de press\u00e3o externos ADT161 em conjunto com um dos calibradores (ADT226, ADT226Ex, ADT227, ADT227-HART, ADT260Ex, ADT273Ex) que possui a funcionalidade de medi\u00e7\u00e3o de press\u00e3o diferencial\" \/>\n<meta property=\"og:url\" content=\"https:\/\/auna.com.br\/auna\/produto\/additel-129-manifold-para-calibracao-de-pressao-diferencial-com-alta-pressao-estatica\/\" \/>\n<meta property=\"og:site_name\" content=\"AUNA Metrologia e Instrumenta\u00e7\u00e3o - Instrumentos de Medi\u00e7\u00e3o, Sensores para Monitoramento e Software para Calibra\u00e7\u00e3o, Ensaio e Inspe\u00e7\u00e3o\" \/>\n<meta property=\"article:modified_time\" content=\"2023-07-22T09:10:58+00:00\" \/>\n<meta property=\"og:image\" content=\"https:\/\/auna.com.br\/auna\/wp-content\/uploads\/2023\/02\/ADT129-09-300x300.jpg.webp\" \/>\n\t<meta property=\"og:image:width\" content=\"300\" \/>\n\t<meta property=\"og:image:height\" content=\"300\" \/>\n\t<meta property=\"og:image:type\" content=\"image\/webp\" \/>\n<meta name=\"twitter:card\" content=\"summary_large_image\" \/>\n<meta name=\"twitter:label1\" content=\"Est. tempo de leitura\" \/>\n\t<meta name=\"twitter:data1\" content=\"1 minuto\" \/>\n<script type=\"application\/ld+json\" class=\"yoast-schema-graph\">{\"@context\":\"https:\\\/\\\/schema.org\",\"@graph\":[{\"@type\":\"WebPage\",\"@id\":\"https:\\\/\\\/auna.com.br\\\/auna\\\/produto\\\/additel-129-manifold-para-calibracao-de-pressao-diferencial-com-alta-pressao-estatica\\\/\",\"url\":\"https:\\\/\\\/auna.com.br\\\/auna\\\/produto\\\/additel-129-manifold-para-calibracao-de-pressao-diferencial-com-alta-pressao-estatica\\\/\",\"name\":\"Additel 129 \u2013 Manifold para Calibra\u00e7\u00e3o de Press\u00e3o Diferencial com Alta Press\u00e3o Est\u00e1tica - AUNA Metrologia e Instrumenta\u00e7\u00e3o - Instrumentos de Medi\u00e7\u00e3o, Sensores para Monitoramento e Software para Calibra\u00e7\u00e3o, Ensaio e Inspe\u00e7\u00e3o\",\"isPartOf\":{\"@id\":\"https:\\\/\\\/auna.com.br\\\/auna\\\/#website\"},\"primaryImageOfPage\":{\"@id\":\"https:\\\/\\\/auna.com.br\\\/auna\\\/produto\\\/additel-129-manifold-para-calibracao-de-pressao-diferencial-com-alta-pressao-estatica\\\/#primaryimage\"},\"image\":{\"@id\":\"https:\\\/\\\/auna.com.br\\\/auna\\\/produto\\\/additel-129-manifold-para-calibracao-de-pressao-diferencial-com-alta-pressao-estatica\\\/#primaryimage\"},\"thumbnailUrl\":\"https:\\\/\\\/auna.com.br\\\/auna\\\/wp-content\\\/uploads\\\/2023\\\/02\\\/ADT129-09-300x300.jpg.webp\",\"datePublished\":\"2023-02-24T15:42:02+00:00\",\"dateModified\":\"2023-07-22T09:10:58+00:00\",\"breadcrumb\":{\"@id\":\"https:\\\/\\\/auna.com.br\\\/auna\\\/produto\\\/additel-129-manifold-para-calibracao-de-pressao-diferencial-com-alta-pressao-estatica\\\/#breadcrumb\"},\"inLanguage\":\"pt-BR\",\"potentialAction\":[{\"@type\":\"ReadAction\",\"target\":[\"https:\\\/\\\/auna.com.br\\\/auna\\\/produto\\\/additel-129-manifold-para-calibracao-de-pressao-diferencial-com-alta-pressao-estatica\\\/\"]}]},{\"@type\":\"ImageObject\",\"inLanguage\":\"pt-BR\",\"@id\":\"https:\\\/\\\/auna.com.br\\\/auna\\\/produto\\\/additel-129-manifold-para-calibracao-de-pressao-diferencial-com-alta-pressao-estatica\\\/#primaryimage\",\"url\":\"https:\\\/\\\/auna.com.br\\\/auna\\\/wp-content\\\/uploads\\\/2023\\\/02\\\/ADT129-09-300x300.jpg.webp\",\"contentUrl\":\"https:\\\/\\\/auna.com.br\\\/auna\\\/wp-content\\\/uploads\\\/2023\\\/02\\\/ADT129-09-300x300.jpg.webp\",\"width\":300,\"height\":300},{\"@type\":\"BreadcrumbList\",\"@id\":\"https:\\\/\\\/auna.com.br\\\/auna\\\/produto\\\/additel-129-manifold-para-calibracao-de-pressao-diferencial-com-alta-pressao-estatica\\\/#breadcrumb\",\"itemListElement\":[{\"@type\":\"ListItem\",\"position\":1,\"name\":\"In\u00edcio\",\"item\":\"https:\\\/\\\/auna.com.br\\\/auna\\\/\"},{\"@type\":\"ListItem\",\"position\":2,\"name\":\"Instrumentos\",\"item\":\"https:\\\/\\\/auna.com.br\\\/auna\\\/loja\\\/\"},{\"@type\":\"ListItem\",\"position\":3,\"name\":\"Additel 129 \u2013 Manifold para Calibra\u00e7\u00e3o de Press\u00e3o Diferencial com Alta Press\u00e3o Est\u00e1tica\"}]},{\"@type\":\"WebSite\",\"@id\":\"https:\\\/\\\/auna.com.br\\\/auna\\\/#website\",\"url\":\"https:\\\/\\\/auna.com.br\\\/auna\\\/\",\"name\":\"AUNA Metrologia e Instrumenta\u00e7\u00e3o - Instrumentos de Medi\u00e7\u00e3o, Sensores para Monitoramento e Software para Calibra\u00e7\u00e3o, Ensaio e Inspe\u00e7\u00e3o\",\"description\":\"comercial@auna.com.br || +55 15 9 8129-4041\",\"publisher\":{\"@id\":\"https:\\\/\\\/auna.com.br\\\/auna\\\/#organization\"},\"potentialAction\":[{\"@type\":\"SearchAction\",\"target\":{\"@type\":\"EntryPoint\",\"urlTemplate\":\"https:\\\/\\\/auna.com.br\\\/auna\\\/?s={search_term_string}\"},\"query-input\":{\"@type\":\"PropertyValueSpecification\",\"valueRequired\":true,\"valueName\":\"search_term_string\"}}],\"inLanguage\":\"pt-BR\"},{\"@type\":\"Organization\",\"@id\":\"https:\\\/\\\/auna.com.br\\\/auna\\\/#organization\",\"name\":\"AUNA Metrologia e Instrumenta\u00e7\u00e3o - Instrumentos de Medi\u00e7\u00e3o, Sensores para Monitoramento e Software para Calibra\u00e7\u00e3o, Ensaio e Inspe\u00e7\u00e3o\",\"url\":\"https:\\\/\\\/auna.com.br\\\/auna\\\/\",\"logo\":{\"@type\":\"ImageObject\",\"inLanguage\":\"pt-BR\",\"@id\":\"https:\\\/\\\/auna.com.br\\\/auna\\\/#\\\/schema\\\/logo\\\/image\\\/\",\"url\":\"https:\\\/\\\/auna.com.br\\\/auna\\\/wp-content\\\/uploads\\\/2023\\\/03\\\/cropped-AUNA_Logo_Transparente.png\",\"contentUrl\":\"https:\\\/\\\/auna.com.br\\\/auna\\\/wp-content\\\/uploads\\\/2023\\\/03\\\/cropped-AUNA_Logo_Transparente.png\",\"width\":960,\"height\":430,\"caption\":\"AUNA Metrologia e Instrumenta\u00e7\u00e3o - Instrumentos de Medi\u00e7\u00e3o, Sensores para Monitoramento e Software para Calibra\u00e7\u00e3o, Ensaio e Inspe\u00e7\u00e3o\"},\"image\":{\"@id\":\"https:\\\/\\\/auna.com.br\\\/auna\\\/#\\\/schema\\\/logo\\\/image\\\/\"}}]}<\/script>\n<!-- \/ Yoast SEO plugin. -->","yoast_head_json":{"title":"Additel 129 \u2013 Manifold para Calibra\u00e7\u00e3o de Press\u00e3o Diferencial com Alta Press\u00e3o Est\u00e1tica - AUNA Metrologia e Instrumenta\u00e7\u00e3o - Instrumentos de Medi\u00e7\u00e3o, Sensores para Monitoramento e Software para Calibra\u00e7\u00e3o, Ensaio e Inspe\u00e7\u00e3o","robots":{"index":"index","follow":"follow","max-snippet":"max-snippet:-1","max-image-preview":"max-image-preview:large","max-video-preview":"max-video-preview:-1"},"canonical":"https:\/\/auna.com.br\/auna\/produto\/additel-129-manifold-para-calibracao-de-pressao-diferencial-com-alta-pressao-estatica\/","og_locale":"pt_BR","og_type":"article","og_title":"Additel 129 \u2013 Manifold para Calibra\u00e7\u00e3o de Press\u00e3o Diferencial com Alta Press\u00e3o Est\u00e1tica - AUNA Metrologia e Instrumenta\u00e7\u00e3o - Instrumentos de Medi\u00e7\u00e3o, Sensores para Monitoramento e Software para Calibra\u00e7\u00e3o, Ensaio e Inspe\u00e7\u00e3o","og_description":"Utilize este manifold para calibra\u00e7\u00e3o de um transmissor de press\u00e3o diferencial com alta press\u00e3o est\u00e1tica. Utilize dois m\u00f3dulos de press\u00e3o externos ADT161 em conjunto com um dos calibradores (ADT226, ADT226Ex, ADT227, ADT227-HART, ADT260Ex, ADT273Ex) que possui a funcionalidade de medi\u00e7\u00e3o de press\u00e3o diferencial","og_url":"https:\/\/auna.com.br\/auna\/produto\/additel-129-manifold-para-calibracao-de-pressao-diferencial-com-alta-pressao-estatica\/","og_site_name":"AUNA Metrologia e Instrumenta\u00e7\u00e3o - Instrumentos de Medi\u00e7\u00e3o, Sensores para Monitoramento e Software para Calibra\u00e7\u00e3o, Ensaio e Inspe\u00e7\u00e3o","article_modified_time":"2023-07-22T09:10:58+00:00","og_image":[{"width":300,"height":300,"url":"https:\/\/auna.com.br\/auna\/wp-content\/uploads\/2023\/02\/ADT129-09-300x300.jpg.webp","type":"image\/webp"}],"twitter_card":"summary_large_image","twitter_misc":{"Est. tempo de leitura":"1 minuto"},"schema":{"@context":"https:\/\/schema.org","@graph":[{"@type":"WebPage","@id":"https:\/\/auna.com.br\/auna\/produto\/additel-129-manifold-para-calibracao-de-pressao-diferencial-com-alta-pressao-estatica\/","url":"https:\/\/auna.com.br\/auna\/produto\/additel-129-manifold-para-calibracao-de-pressao-diferencial-com-alta-pressao-estatica\/","name":"Additel 129 \u2013 Manifold para Calibra\u00e7\u00e3o de Press\u00e3o Diferencial com Alta Press\u00e3o Est\u00e1tica - AUNA Metrologia e Instrumenta\u00e7\u00e3o - Instrumentos de Medi\u00e7\u00e3o, Sensores para Monitoramento e Software para Calibra\u00e7\u00e3o, Ensaio e Inspe\u00e7\u00e3o","isPartOf":{"@id":"https:\/\/auna.com.br\/auna\/#website"},"primaryImageOfPage":{"@id":"https:\/\/auna.com.br\/auna\/produto\/additel-129-manifold-para-calibracao-de-pressao-diferencial-com-alta-pressao-estatica\/#primaryimage"},"image":{"@id":"https:\/\/auna.com.br\/auna\/produto\/additel-129-manifold-para-calibracao-de-pressao-diferencial-com-alta-pressao-estatica\/#primaryimage"},"thumbnailUrl":"https:\/\/auna.com.br\/auna\/wp-content\/uploads\/2023\/02\/ADT129-09-300x300.jpg.webp","datePublished":"2023-02-24T15:42:02+00:00","dateModified":"2023-07-22T09:10:58+00:00","breadcrumb":{"@id":"https:\/\/auna.com.br\/auna\/produto\/additel-129-manifold-para-calibracao-de-pressao-diferencial-com-alta-pressao-estatica\/#breadcrumb"},"inLanguage":"pt-BR","potentialAction":[{"@type":"ReadAction","target":["https:\/\/auna.com.br\/auna\/produto\/additel-129-manifold-para-calibracao-de-pressao-diferencial-com-alta-pressao-estatica\/"]}]},{"@type":"ImageObject","inLanguage":"pt-BR","@id":"https:\/\/auna.com.br\/auna\/produto\/additel-129-manifold-para-calibracao-de-pressao-diferencial-com-alta-pressao-estatica\/#primaryimage","url":"https:\/\/auna.com.br\/auna\/wp-content\/uploads\/2023\/02\/ADT129-09-300x300.jpg.webp","contentUrl":"https:\/\/auna.com.br\/auna\/wp-content\/uploads\/2023\/02\/ADT129-09-300x300.jpg.webp","width":300,"height":300},{"@type":"BreadcrumbList","@id":"https:\/\/auna.com.br\/auna\/produto\/additel-129-manifold-para-calibracao-de-pressao-diferencial-com-alta-pressao-estatica\/#breadcrumb","itemListElement":[{"@type":"ListItem","position":1,"name":"In\u00edcio","item":"https:\/\/auna.com.br\/auna\/"},{"@type":"ListItem","position":2,"name":"Instrumentos","item":"https:\/\/auna.com.br\/auna\/loja\/"},{"@type":"ListItem","position":3,"name":"Additel 129 \u2013 Manifold para Calibra\u00e7\u00e3o de Press\u00e3o Diferencial com Alta Press\u00e3o Est\u00e1tica"}]},{"@type":"WebSite","@id":"https:\/\/auna.com.br\/auna\/#website","url":"https:\/\/auna.com.br\/auna\/","name":"AUNA Metrologia e Instrumenta\u00e7\u00e3o - Instrumentos de Medi\u00e7\u00e3o, Sensores para Monitoramento e Software para Calibra\u00e7\u00e3o, Ensaio e Inspe\u00e7\u00e3o","description":"comercial@auna.com.br || +55 15 9 8129-4041","publisher":{"@id":"https:\/\/auna.com.br\/auna\/#organization"},"potentialAction":[{"@type":"SearchAction","target":{"@type":"EntryPoint","urlTemplate":"https:\/\/auna.com.br\/auna\/?s={search_term_string}"},"query-input":{"@type":"PropertyValueSpecification","valueRequired":true,"valueName":"search_term_string"}}],"inLanguage":"pt-BR"},{"@type":"Organization","@id":"https:\/\/auna.com.br\/auna\/#organization","name":"AUNA Metrologia e Instrumenta\u00e7\u00e3o - Instrumentos de Medi\u00e7\u00e3o, Sensores para Monitoramento e Software para Calibra\u00e7\u00e3o, Ensaio e Inspe\u00e7\u00e3o","url":"https:\/\/auna.com.br\/auna\/","logo":{"@type":"ImageObject","inLanguage":"pt-BR","@id":"https:\/\/auna.com.br\/auna\/#\/schema\/logo\/image\/","url":"https:\/\/auna.com.br\/auna\/wp-content\/uploads\/2023\/03\/cropped-AUNA_Logo_Transparente.png","contentUrl":"https:\/\/auna.com.br\/auna\/wp-content\/uploads\/2023\/03\/cropped-AUNA_Logo_Transparente.png","width":960,"height":430,"caption":"AUNA Metrologia e Instrumenta\u00e7\u00e3o - Instrumentos de Medi\u00e7\u00e3o, Sensores para Monitoramento e Software para Calibra\u00e7\u00e3o, Ensaio e Inspe\u00e7\u00e3o"},"image":{"@id":"https:\/\/auna.com.br\/auna\/#\/schema\/logo\/image\/"}}]}},"_links":{"self":[{"href":"https:\/\/auna.com.br\/auna\/wp-json\/wp\/v2\/product\/8104","targetHints":{"allow":["GET"]}}],"collection":[{"href":"https:\/\/auna.com.br\/auna\/wp-json\/wp\/v2\/product"}],"about":[{"href":"https:\/\/auna.com.br\/auna\/wp-json\/wp\/v2\/types\/product"}],"replies":[{"embeddable":true,"href":"https:\/\/auna.com.br\/auna\/wp-json\/wp\/v2\/comments?post=8104"}],"wp:featuredmedia":[{"embeddable":true,"href":"https:\/\/auna.com.br\/auna\/wp-json\/wp\/v2\/media\/8105"}],"wp:attachment":[{"href":"https:\/\/auna.com.br\/auna\/wp-json\/wp\/v2\/media?parent=8104"}],"wp:term":[{"taxonomy":"product_brand","embeddable":true,"href":"https:\/\/auna.com.br\/auna\/wp-json\/wp\/v2\/product_brand?post=8104"},{"taxonomy":"product_cat","embeddable":true,"href":"https:\/\/auna.com.br\/auna\/wp-json\/wp\/v2\/product_cat?post=8104"},{"taxonomy":"product_tag","embeddable":true,"href":"https:\/\/auna.com.br\/auna\/wp-json\/wp\/v2\/product_tag?post=8104"},{"taxonomy":"wpstream_actors","embeddable":true,"href":"https:\/\/auna.com.br\/auna\/wp-json\/wp\/v2\/wpstream_actors?post=8104"},{"taxonomy":"wpstream_category","embeddable":true,"href":"https:\/\/auna.com.br\/auna\/wp-json\/wp\/v2\/wpstream_category?post=8104"},{"taxonomy":"wpstream_movie_rating","embeddable":true,"href":"https:\/\/auna.com.br\/auna\/wp-json\/wp\/v2\/wpstream_movie_rating?post=8104"}],"curies":[{"name":"wp","href":"https:\/\/api.w.org\/{rel}","templated":true}]}}