{"id":852,"date":"2019-06-10T17:30:51","date_gmt":"2019-06-10T17:30:51","guid":{"rendered":"https:\/\/www.aunarepresentacoes.com.br\/?post_type=product&#038;p=852"},"modified":"2022-04-22T16:01:59","modified_gmt":"2022-04-22T19:01:59","slug":"additel-761-l","status":"publish","type":"product","link":"https:\/\/auna.com.br\/auna\/produto\/additel-761-l\/","title":{"rendered":"Additel 761-L"},"content":{"rendered":"<p><strong>Additel 761-L &#8211; Gerador e Controlador Autom\u00e1tico de Press\u00e3o<\/strong><\/p>\n<p>A s\u00e9rie Additel 761 \u00e9 um Calibrador que gera e controla automaticamente a press\u00e3o sem a necessidade de nenhuma alimenta\u00e7\u00e3o externa, proporcionando grande facilidade na calibra\u00e7\u00e3o de instrumentos de press\u00e3o tanto em campo quanto em laborat\u00f3rio. Projeto inovador que inclui uma bomba pneum\u00e1tica interna permitindo a gera\u00e7\u00e3o de v\u00e1cuo at\u00e9 600 psi (40 bar), opera com dois precisos m\u00f3dulos de press\u00e3o e incorpora um controlador de press\u00e3o, tudo em um instrumento com display colorido\u00a0e menu no idioma Portugu\u00eas. Para gerar press\u00e3o, apenas digite o valor desejado na unidade de engenharia, tecle ENTER e o Additel 761 far\u00e1 o resto do trabalho para voc\u00ea.\u00a0M\u00f3dulos de press\u00e3o externos ADT160A s\u00e3o compat\u00edveis com o ADT761 permitindo medi\u00e7\u00e3o de press\u00e3o em uma ampla faixa de opera\u00e7\u00e3o at\u00e9 10000 PSI.<\/p>\n<div><b>ADT761-L<\/b><\/div>\n<div>Esta vers\u00e3o possui faixa de -13,5 a 100 psi que \u00e9 distribuida em dois m\u00f3dulos de press\u00e3o internos sendo o M\u00f3dulo 1 de -15 a 35 psi com exatid\u00e3o 0,02%FS e M\u00f3dulo 2 de 0 a 100 psi com exatid\u00e3o 0,02% e estabilidade de controle de 0,005%FS (consulte o cat\u00e1logo para conhecer como especificar o instrumento e seus opcionais). Medi\u00e7\u00f5es podem ser feitas no modo manom\u00e9trico e voc\u00ea pode utilizar instrumento para as calibra\u00e7\u00f5es de man\u00f4metros, transmissores e pressostatos.<\/div>\n<div>\n<div><b>Especifica\u00e7\u00f5es Sinais El\u00e9tricos\u00a0<\/b><\/div>\n<div>Medi\u00e7\u00f5es de\u00a0\u00b130 mA, \u00b130V<\/div>\n<div>Gera\u00e7\u00e3o de 0 a 22mA<\/div>\n<div>Alimenta\u00e7\u00e3o de Loop 24Vdc<\/div>\n<div><b>Outras Caracter\u00edsticas\u00a0<\/b><\/div>\n<div>Incorpora filtro e separador l\u00edquido com sistema ventilado que previne contra contamina\u00e7\u00f5es inclusive de s\u00f3lidos.<\/div>\n<div>Opera\u00e7\u00e3o com bateria recarreg\u00e1vel, dura\u00e7\u00e3o 8 horas, 3 horas para recarga.<\/div>\n<div>Mem\u00f3ria interna permite o armazenamento de procedimentos e resultados de calibra\u00e7\u00e3o.<\/div>\n<div>Tarefas pr\u00e9-definidas, passo autom\u00e1tico, teste de Contato, teste de vazamento.<\/div>\n<p>Comunica\u00e7\u00e3o com instrumentos HART.<\/p>\n<\/div>\n<div>Interface RS232.<\/div>\n<div><\/div>\n<div>\n<div><b>V\u00eddeo Demonstrativo\u00a0<\/b><\/div>\n<div>Veja os v\u00eddeos abaixo para conhecer mais sobre o equipamento:<\/div>\n<div><a title=\"ADT761-visao-geral\" href=\"https:\/\/www.youtube.com\/watch?v=dtCk9WUiczg\" target=\"_blank\" rel=\"noopener noreferrer\"><strong>Additel 761 Vis\u00e3o Geral<\/strong><\/a><\/div>\n<div><a title=\"ADT761-teste-estabilidade\" href=\"https:\/\/www.youtube.com\/watch?v=VCzSAtxRAWw\" target=\"_blank\" rel=\"noopener noreferrer\"><strong>Additel 761 Teste de Estabilidade<\/strong><\/a><\/div>\n<div><a title=\"ADT761-calibrando-dp-transmitter\" href=\"https:\/\/www.youtube.com\/watch?v=mPySJk9VL40\" target=\"_blank\" rel=\"noopener noreferrer\"><strong>Additel 761 DP Calibrando Transmissor de Press\u00e3o Diferencial<\/strong><\/a><\/div>\n<\/div>\n","protected":false},"excerpt":{"rendered":"<p>Additel 761-L &#8211; Gerador e Controlador Autom\u00e1tico de Press\u00e3o A s\u00e9rie Additel 761 \u00e9 um Calibrador que gera e controla automaticamente a press\u00e3o sem a necessidade de nenhuma alimenta\u00e7\u00e3o externa, proporcionando grande facilidade na calibra\u00e7\u00e3o de instrumentos de press\u00e3o tanto em campo quanto em laborat\u00f3rio. Projeto inovador que inclui uma bomba pneum\u00e1tica interna permitindo a [&hellip;]<\/p>\n","protected":false},"featured_media":842,"comment_status":"closed","ping_status":"closed","template":"","meta":[],"product_brand":[],"product_cat":[64],"product_tag":[],"wpstream_actors":[],"wpstream_category":[],"wpstream_movie_rating":[],"class_list":{"0":"post-852","1":"product","2":"type-product","3":"status-publish","4":"has-post-thumbnail","6":"product_cat-calibrador-de-pressao-automatico","8":"first","9":"onbackorder","10":"taxable","11":"shipping-taxable","12":"product-type-simple","13":"czr-hentry"},"yoast_head":"<!-- This site is optimized with the Yoast SEO plugin v27.5 - https:\/\/yoast.com\/product\/yoast-seo-wordpress\/ -->\n<title>Additel 761-L - AUNA Metrologia e Instrumenta\u00e7\u00e3o - Instrumentos de Medi\u00e7\u00e3o, Sensores para Monitoramento e Software para Calibra\u00e7\u00e3o, Ensaio e Inspe\u00e7\u00e3o<\/title>\n<meta name=\"robots\" content=\"index, follow, max-snippet:-1, max-image-preview:large, max-video-preview:-1\" \/>\n<link rel=\"canonical\" href=\"https:\/\/auna.com.br\/auna\/produto\/additel-761-l\/\" \/>\n<meta property=\"og:locale\" content=\"pt_BR\" \/>\n<meta property=\"og:type\" content=\"article\" \/>\n<meta property=\"og:title\" content=\"Additel 761-L - AUNA Metrologia e Instrumenta\u00e7\u00e3o - Instrumentos de Medi\u00e7\u00e3o, Sensores para Monitoramento e Software para Calibra\u00e7\u00e3o, Ensaio e Inspe\u00e7\u00e3o\" \/>\n<meta property=\"og:description\" content=\"Additel 761-L &#8211; Gerador e Controlador Autom\u00e1tico de Press\u00e3o A s\u00e9rie Additel 761 \u00e9 um Calibrador que gera e controla automaticamente a press\u00e3o sem a necessidade de nenhuma alimenta\u00e7\u00e3o externa, proporcionando grande facilidade na calibra\u00e7\u00e3o de instrumentos de press\u00e3o tanto em campo quanto em laborat\u00f3rio. Projeto inovador que inclui uma bomba pneum\u00e1tica interna permitindo a [&hellip;]\" \/>\n<meta property=\"og:url\" content=\"https:\/\/auna.com.br\/auna\/produto\/additel-761-l\/\" \/>\n<meta property=\"og:site_name\" content=\"AUNA Metrologia e Instrumenta\u00e7\u00e3o - Instrumentos de Medi\u00e7\u00e3o, Sensores para Monitoramento e Software para Calibra\u00e7\u00e3o, Ensaio e Inspe\u00e7\u00e3o\" \/>\n<meta property=\"article:modified_time\" content=\"2022-04-22T19:01:59+00:00\" \/>\n<meta property=\"og:image\" content=\"https:\/\/auna.com.br\/auna\/wp-content\/uploads\/2019\/06\/additel_761.jpg\" \/>\n\t<meta property=\"og:image:width\" content=\"400\" \/>\n\t<meta property=\"og:image:height\" content=\"400\" \/>\n\t<meta property=\"og:image:type\" content=\"image\/jpeg\" \/>\n<meta name=\"twitter:card\" content=\"summary_large_image\" \/>\n<meta name=\"twitter:label1\" content=\"Est. tempo de leitura\" \/>\n\t<meta name=\"twitter:data1\" content=\"2 minutos\" \/>\n<script type=\"application\/ld+json\" class=\"yoast-schema-graph\">{\"@context\":\"https:\\\/\\\/schema.org\",\"@graph\":[{\"@type\":\"WebPage\",\"@id\":\"https:\\\/\\\/auna.com.br\\\/auna\\\/produto\\\/additel-761-l\\\/\",\"url\":\"https:\\\/\\\/auna.com.br\\\/auna\\\/produto\\\/additel-761-l\\\/\",\"name\":\"Additel 761-L - AUNA Metrologia e Instrumenta\u00e7\u00e3o - Instrumentos de Medi\u00e7\u00e3o, Sensores para Monitoramento e Software para Calibra\u00e7\u00e3o, Ensaio e Inspe\u00e7\u00e3o\",\"isPartOf\":{\"@id\":\"https:\\\/\\\/auna.com.br\\\/auna\\\/#website\"},\"primaryImageOfPage\":{\"@id\":\"https:\\\/\\\/auna.com.br\\\/auna\\\/produto\\\/additel-761-l\\\/#primaryimage\"},\"image\":{\"@id\":\"https:\\\/\\\/auna.com.br\\\/auna\\\/produto\\\/additel-761-l\\\/#primaryimage\"},\"thumbnailUrl\":\"https:\\\/\\\/auna.com.br\\\/auna\\\/wp-content\\\/uploads\\\/2019\\\/06\\\/additel_761.jpg\",\"datePublished\":\"2019-06-10T17:30:51+00:00\",\"dateModified\":\"2022-04-22T19:01:59+00:00\",\"breadcrumb\":{\"@id\":\"https:\\\/\\\/auna.com.br\\\/auna\\\/produto\\\/additel-761-l\\\/#breadcrumb\"},\"inLanguage\":\"pt-BR\",\"potentialAction\":[{\"@type\":\"ReadAction\",\"target\":[\"https:\\\/\\\/auna.com.br\\\/auna\\\/produto\\\/additel-761-l\\\/\"]}]},{\"@type\":\"ImageObject\",\"inLanguage\":\"pt-BR\",\"@id\":\"https:\\\/\\\/auna.com.br\\\/auna\\\/produto\\\/additel-761-l\\\/#primaryimage\",\"url\":\"https:\\\/\\\/auna.com.br\\\/auna\\\/wp-content\\\/uploads\\\/2019\\\/06\\\/additel_761.jpg\",\"contentUrl\":\"https:\\\/\\\/auna.com.br\\\/auna\\\/wp-content\\\/uploads\\\/2019\\\/06\\\/additel_761.jpg\",\"width\":400,\"height\":400},{\"@type\":\"BreadcrumbList\",\"@id\":\"https:\\\/\\\/auna.com.br\\\/auna\\\/produto\\\/additel-761-l\\\/#breadcrumb\",\"itemListElement\":[{\"@type\":\"ListItem\",\"position\":1,\"name\":\"In\u00edcio\",\"item\":\"https:\\\/\\\/auna.com.br\\\/auna\\\/\"},{\"@type\":\"ListItem\",\"position\":2,\"name\":\"Instrumentos\",\"item\":\"https:\\\/\\\/auna.com.br\\\/auna\\\/loja\\\/\"},{\"@type\":\"ListItem\",\"position\":3,\"name\":\"Additel 761-L\"}]},{\"@type\":\"WebSite\",\"@id\":\"https:\\\/\\\/auna.com.br\\\/auna\\\/#website\",\"url\":\"https:\\\/\\\/auna.com.br\\\/auna\\\/\",\"name\":\"AUNA Metrologia e Instrumenta\u00e7\u00e3o - Instrumentos de Medi\u00e7\u00e3o, Sensores para Monitoramento e Software para Calibra\u00e7\u00e3o, Ensaio e Inspe\u00e7\u00e3o\",\"description\":\"comercial@auna.com.br || +55 15 9 8129-4041\",\"publisher\":{\"@id\":\"https:\\\/\\\/auna.com.br\\\/auna\\\/#organization\"},\"potentialAction\":[{\"@type\":\"SearchAction\",\"target\":{\"@type\":\"EntryPoint\",\"urlTemplate\":\"https:\\\/\\\/auna.com.br\\\/auna\\\/?s={search_term_string}\"},\"query-input\":{\"@type\":\"PropertyValueSpecification\",\"valueRequired\":true,\"valueName\":\"search_term_string\"}}],\"inLanguage\":\"pt-BR\"},{\"@type\":\"Organization\",\"@id\":\"https:\\\/\\\/auna.com.br\\\/auna\\\/#organization\",\"name\":\"AUNA Metrologia e Instrumenta\u00e7\u00e3o - Instrumentos de Medi\u00e7\u00e3o, Sensores para Monitoramento e Software para Calibra\u00e7\u00e3o, Ensaio e Inspe\u00e7\u00e3o\",\"url\":\"https:\\\/\\\/auna.com.br\\\/auna\\\/\",\"logo\":{\"@type\":\"ImageObject\",\"inLanguage\":\"pt-BR\",\"@id\":\"https:\\\/\\\/auna.com.br\\\/auna\\\/#\\\/schema\\\/logo\\\/image\\\/\",\"url\":\"https:\\\/\\\/auna.com.br\\\/auna\\\/wp-content\\\/uploads\\\/2023\\\/03\\\/cropped-AUNA_Logo_Transparente.png\",\"contentUrl\":\"https:\\\/\\\/auna.com.br\\\/auna\\\/wp-content\\\/uploads\\\/2023\\\/03\\\/cropped-AUNA_Logo_Transparente.png\",\"width\":960,\"height\":430,\"caption\":\"AUNA Metrologia e Instrumenta\u00e7\u00e3o - Instrumentos de Medi\u00e7\u00e3o, Sensores para Monitoramento e Software para Calibra\u00e7\u00e3o, Ensaio e Inspe\u00e7\u00e3o\"},\"image\":{\"@id\":\"https:\\\/\\\/auna.com.br\\\/auna\\\/#\\\/schema\\\/logo\\\/image\\\/\"}}]}<\/script>\n<!-- \/ Yoast SEO plugin. -->","yoast_head_json":{"title":"Additel 761-L - AUNA Metrologia e Instrumenta\u00e7\u00e3o - Instrumentos de Medi\u00e7\u00e3o, Sensores para Monitoramento e Software para Calibra\u00e7\u00e3o, Ensaio e Inspe\u00e7\u00e3o","robots":{"index":"index","follow":"follow","max-snippet":"max-snippet:-1","max-image-preview":"max-image-preview:large","max-video-preview":"max-video-preview:-1"},"canonical":"https:\/\/auna.com.br\/auna\/produto\/additel-761-l\/","og_locale":"pt_BR","og_type":"article","og_title":"Additel 761-L - AUNA Metrologia e Instrumenta\u00e7\u00e3o - Instrumentos de Medi\u00e7\u00e3o, Sensores para Monitoramento e Software para Calibra\u00e7\u00e3o, Ensaio e Inspe\u00e7\u00e3o","og_description":"Additel 761-L &#8211; Gerador e Controlador Autom\u00e1tico de Press\u00e3o A s\u00e9rie Additel 761 \u00e9 um Calibrador que gera e controla automaticamente a press\u00e3o sem a necessidade de nenhuma alimenta\u00e7\u00e3o externa, proporcionando grande facilidade na calibra\u00e7\u00e3o de instrumentos de press\u00e3o tanto em campo quanto em laborat\u00f3rio. Projeto inovador que inclui uma bomba pneum\u00e1tica interna permitindo a [&hellip;]","og_url":"https:\/\/auna.com.br\/auna\/produto\/additel-761-l\/","og_site_name":"AUNA Metrologia e Instrumenta\u00e7\u00e3o - Instrumentos de Medi\u00e7\u00e3o, Sensores para Monitoramento e Software para Calibra\u00e7\u00e3o, Ensaio e Inspe\u00e7\u00e3o","article_modified_time":"2022-04-22T19:01:59+00:00","og_image":[{"width":400,"height":400,"url":"https:\/\/auna.com.br\/auna\/wp-content\/uploads\/2019\/06\/additel_761.jpg","type":"image\/jpeg"}],"twitter_card":"summary_large_image","twitter_misc":{"Est. tempo de leitura":"2 minutos"},"schema":{"@context":"https:\/\/schema.org","@graph":[{"@type":"WebPage","@id":"https:\/\/auna.com.br\/auna\/produto\/additel-761-l\/","url":"https:\/\/auna.com.br\/auna\/produto\/additel-761-l\/","name":"Additel 761-L - AUNA Metrologia e Instrumenta\u00e7\u00e3o - Instrumentos de Medi\u00e7\u00e3o, Sensores para Monitoramento e Software para Calibra\u00e7\u00e3o, Ensaio e Inspe\u00e7\u00e3o","isPartOf":{"@id":"https:\/\/auna.com.br\/auna\/#website"},"primaryImageOfPage":{"@id":"https:\/\/auna.com.br\/auna\/produto\/additel-761-l\/#primaryimage"},"image":{"@id":"https:\/\/auna.com.br\/auna\/produto\/additel-761-l\/#primaryimage"},"thumbnailUrl":"https:\/\/auna.com.br\/auna\/wp-content\/uploads\/2019\/06\/additel_761.jpg","datePublished":"2019-06-10T17:30:51+00:00","dateModified":"2022-04-22T19:01:59+00:00","breadcrumb":{"@id":"https:\/\/auna.com.br\/auna\/produto\/additel-761-l\/#breadcrumb"},"inLanguage":"pt-BR","potentialAction":[{"@type":"ReadAction","target":["https:\/\/auna.com.br\/auna\/produto\/additel-761-l\/"]}]},{"@type":"ImageObject","inLanguage":"pt-BR","@id":"https:\/\/auna.com.br\/auna\/produto\/additel-761-l\/#primaryimage","url":"https:\/\/auna.com.br\/auna\/wp-content\/uploads\/2019\/06\/additel_761.jpg","contentUrl":"https:\/\/auna.com.br\/auna\/wp-content\/uploads\/2019\/06\/additel_761.jpg","width":400,"height":400},{"@type":"BreadcrumbList","@id":"https:\/\/auna.com.br\/auna\/produto\/additel-761-l\/#breadcrumb","itemListElement":[{"@type":"ListItem","position":1,"name":"In\u00edcio","item":"https:\/\/auna.com.br\/auna\/"},{"@type":"ListItem","position":2,"name":"Instrumentos","item":"https:\/\/auna.com.br\/auna\/loja\/"},{"@type":"ListItem","position":3,"name":"Additel 761-L"}]},{"@type":"WebSite","@id":"https:\/\/auna.com.br\/auna\/#website","url":"https:\/\/auna.com.br\/auna\/","name":"AUNA Metrologia e Instrumenta\u00e7\u00e3o - Instrumentos de Medi\u00e7\u00e3o, Sensores para Monitoramento e Software para Calibra\u00e7\u00e3o, Ensaio e Inspe\u00e7\u00e3o","description":"comercial@auna.com.br || +55 15 9 8129-4041","publisher":{"@id":"https:\/\/auna.com.br\/auna\/#organization"},"potentialAction":[{"@type":"SearchAction","target":{"@type":"EntryPoint","urlTemplate":"https:\/\/auna.com.br\/auna\/?s={search_term_string}"},"query-input":{"@type":"PropertyValueSpecification","valueRequired":true,"valueName":"search_term_string"}}],"inLanguage":"pt-BR"},{"@type":"Organization","@id":"https:\/\/auna.com.br\/auna\/#organization","name":"AUNA Metrologia e Instrumenta\u00e7\u00e3o - Instrumentos de Medi\u00e7\u00e3o, Sensores para Monitoramento e Software para Calibra\u00e7\u00e3o, Ensaio e Inspe\u00e7\u00e3o","url":"https:\/\/auna.com.br\/auna\/","logo":{"@type":"ImageObject","inLanguage":"pt-BR","@id":"https:\/\/auna.com.br\/auna\/#\/schema\/logo\/image\/","url":"https:\/\/auna.com.br\/auna\/wp-content\/uploads\/2023\/03\/cropped-AUNA_Logo_Transparente.png","contentUrl":"https:\/\/auna.com.br\/auna\/wp-content\/uploads\/2023\/03\/cropped-AUNA_Logo_Transparente.png","width":960,"height":430,"caption":"AUNA Metrologia e Instrumenta\u00e7\u00e3o - Instrumentos de Medi\u00e7\u00e3o, Sensores para Monitoramento e Software para Calibra\u00e7\u00e3o, Ensaio e Inspe\u00e7\u00e3o"},"image":{"@id":"https:\/\/auna.com.br\/auna\/#\/schema\/logo\/image\/"}}]}},"_links":{"self":[{"href":"https:\/\/auna.com.br\/auna\/wp-json\/wp\/v2\/product\/852","targetHints":{"allow":["GET"]}}],"collection":[{"href":"https:\/\/auna.com.br\/auna\/wp-json\/wp\/v2\/product"}],"about":[{"href":"https:\/\/auna.com.br\/auna\/wp-json\/wp\/v2\/types\/product"}],"replies":[{"embeddable":true,"href":"https:\/\/auna.com.br\/auna\/wp-json\/wp\/v2\/comments?post=852"}],"wp:featuredmedia":[{"embeddable":true,"href":"https:\/\/auna.com.br\/auna\/wp-json\/wp\/v2\/media\/842"}],"wp:attachment":[{"href":"https:\/\/auna.com.br\/auna\/wp-json\/wp\/v2\/media?parent=852"}],"wp:term":[{"taxonomy":"product_brand","embeddable":true,"href":"https:\/\/auna.com.br\/auna\/wp-json\/wp\/v2\/product_brand?post=852"},{"taxonomy":"product_cat","embeddable":true,"href":"https:\/\/auna.com.br\/auna\/wp-json\/wp\/v2\/product_cat?post=852"},{"taxonomy":"product_tag","embeddable":true,"href":"https:\/\/auna.com.br\/auna\/wp-json\/wp\/v2\/product_tag?post=852"},{"taxonomy":"wpstream_actors","embeddable":true,"href":"https:\/\/auna.com.br\/auna\/wp-json\/wp\/v2\/wpstream_actors?post=852"},{"taxonomy":"wpstream_category","embeddable":true,"href":"https:\/\/auna.com.br\/auna\/wp-json\/wp\/v2\/wpstream_category?post=852"},{"taxonomy":"wpstream_movie_rating","embeddable":true,"href":"https:\/\/auna.com.br\/auna\/wp-json\/wp\/v2\/wpstream_movie_rating?post=852"}],"curies":[{"name":"wp","href":"https:\/\/api.w.org\/{rel}","templated":true}]}}