{"id":924,"date":"2019-06-11T02:27:52","date_gmt":"2019-06-11T02:27:52","guid":{"rendered":"https:\/\/www.aunarepresentacoes.com.br\/?post_type=product&#038;p=924"},"modified":"2022-04-22T15:47:15","modified_gmt":"2022-04-22T18:47:15","slug":"33600a","status":"publish","type":"product","link":"https:\/\/auna.com.br\/auna\/produto\/33600a\/","title":{"rendered":"33600A"},"content":{"rendered":"<p><strong>S\u00e9rie 33600A Geradores de formas de onda TrueForm<\/strong><\/p>\n<p><span class=\"hps\">Gere formas de Onda arbitr\u00e1rias\u00a0<\/span><span class=\"hps\">Trueform<\/span>\u00a0<span class=\"hps\">com menos<\/span>\u00a0<span class=\"hps\">jitter<\/span>\u00a0<span class=\"hps\">e\u00a0<\/span><span class=\"hps\">maior<\/span>\u00a0<span class=\"hps\">resolu\u00e7\u00e3o &#8211; a<\/span><span class=\"hps\">van\u00e7os revolucion\u00e1rios<\/span>\u00a0sobre\u00a0<span class=\"hps\">a<\/span>\u00a0<span class=\"hps\">gera\u00e7\u00e3o anterior<\/span>\u00a0<span class=\"hps\">DDS.<\/span><br \/>\n<span class=\"hps\">A S\u00e9rie 33600A<\/span>\u00a0de\u00a0<span class=\"hps\">geradores<\/span>\u00a0<span class=\"hps\">de forma de onda<\/span>\u00a0<span class=\"hps\">com<\/span>\u00a0<span class=\"hps\">Trueform,<\/span>\u00a0possui 4 modelos de geradores de formas de onda de 80 e 120 MHz que podem ser atualizados. Eles tem a\u00a0<span class=\"hps\">exclusiva\u00a0<\/span><span class=\"hps\">tecnologia Trueform da Keysight para gera\u00e7\u00e3o de<\/span>\u00a0<span class=\"hps\">sinal,\u00a0<\/span><span class=\"hps\">oferecendo<\/span>\u00a0<span class=\"hps\">mais capacidade\u00a0<\/span><span class=\"hps\">e<\/span>\u00a0<span class=\"hps\">lexibilidade<\/span>\u00a0<span class=\"hps\">que a gera\u00e7\u00e3o anterior<\/span>\u00a0de geradores\u00a0<span class=\"hps\">Direct Digital<\/span>\u00a0<span class=\"hps\">Synthesis\u00a0<\/span><span class=\"hps\">(DDS)<\/span><span class=\"hps\">.<\/span><\/p>\n<p><span class=\"hps\">&#8211;<\/span>\u00a0<span class=\"hps\">Taxa de amostragem de<\/span>\u00a0<span class=\"hps\">1<\/span>\u00a0<span class=\"hps\">GSa<\/span>\u00a0<span class=\"hps\">\/ s<\/span>\u00a0<span class=\"hps\">de largura de banda<\/span>\u00a0<span class=\"hps\">e<\/span>\u00a0<span class=\"hps\">at\u00e9 120<\/span>\u00a0<span class=\"hps\">MHz<\/span><br \/>\n<span class=\"hps\">&#8211;<\/span>\u00a0<span class=\"hps\">ARBS<\/span>\u00a0<span class=\"hps\">com<\/span>\u00a0<span class=\"hps\">sequenciamento<\/span>\u00a0<span class=\"hps\">e at\u00e9 64<\/span>\u00a0<span class=\"hps\">de mem\u00f3ria<\/span>\u00a0<span class=\"hps\">MSa<\/span><br \/>\n<span class=\"hps\">&#8211;<\/span>\u00a0<span class=\"hps\">1<\/span>\u00a0<span class=\"hps\">jitter<\/span>\u00a0<span class=\"hps\">ps<\/span>,\u00a0<span class=\"hps\">200x<\/span>\u00a0<span class=\"hps\">melhor do que<\/span>\u00a0<span class=\"hps\">geradores<\/span>\u00a0<span class=\"hps\">DDS<\/span><br \/>\n<span class=\"hps\">&#8211;<\/span>\u00a0<span class=\"hps\">5x<\/span>\u00a0<span class=\"hps\">distor\u00e7\u00e3o harm\u00f4nica<\/span>\u00a0<span class=\"hps\">menor do<\/span>\u00a0<span class=\"hps\">DDS<\/span><br \/>\n<span class=\"hps\">&#8211; Compat\u00edvel com<\/span>\u00a0<span class=\"hps\">Keysight<\/span>\u00a0<span class=\"hps\">Technologies<\/span>,\u00a0<span class=\"hps\">Inc.<\/span>\u00a0<span class=\"hps\">software<\/span>\u00a0<span class=\"hps\">BenchVue<\/span><\/p>\n","protected":false},"excerpt":{"rendered":"<p>S\u00e9rie 33600A Geradores de formas de onda TrueForm Gere formas de Onda arbitr\u00e1rias\u00a0Trueform\u00a0com menos\u00a0jitter\u00a0e\u00a0maior\u00a0resolu\u00e7\u00e3o &#8211; avan\u00e7os revolucion\u00e1rios\u00a0sobre\u00a0a\u00a0gera\u00e7\u00e3o anterior\u00a0DDS. A S\u00e9rie 33600A\u00a0de\u00a0geradores\u00a0de forma de onda\u00a0com\u00a0Trueform,\u00a0possui 4 modelos de geradores de formas de onda de 80 e 120 MHz que podem ser atualizados. Eles tem a\u00a0exclusiva\u00a0tecnologia Trueform da Keysight para gera\u00e7\u00e3o de\u00a0sinal,\u00a0oferecendo\u00a0mais capacidade\u00a0e\u00a0lexibilidade\u00a0que a gera\u00e7\u00e3o anterior\u00a0de geradores\u00a0Direct [&hellip;]<\/p>\n","protected":false},"featured_media":925,"comment_status":"closed","ping_status":"closed","template":"","meta":[],"product_brand":[],"product_cat":[72],"product_tag":[],"wpstream_actors":[],"wpstream_category":[],"wpstream_movie_rating":[],"class_list":{"0":"post-924","1":"product","2":"type-product","3":"status-publish","4":"has-post-thumbnail","6":"product_cat-gerador-de-formas-de-onda","8":"first","9":"onbackorder","10":"taxable","11":"shipping-taxable","12":"product-type-simple","13":"czr-hentry"},"yoast_head":"<!-- This site is optimized with the Yoast SEO plugin v27.5 - https:\/\/yoast.com\/product\/yoast-seo-wordpress\/ -->\n<title>33600A - AUNA Metrologia e Instrumenta\u00e7\u00e3o - Instrumentos de Medi\u00e7\u00e3o, Sensores para Monitoramento e Software para Calibra\u00e7\u00e3o, Ensaio e Inspe\u00e7\u00e3o<\/title>\n<meta name=\"robots\" content=\"index, follow, max-snippet:-1, max-image-preview:large, max-video-preview:-1\" \/>\n<link rel=\"canonical\" href=\"https:\/\/auna.com.br\/auna\/produto\/33600a\/\" \/>\n<meta property=\"og:locale\" content=\"pt_BR\" \/>\n<meta property=\"og:type\" content=\"article\" \/>\n<meta property=\"og:title\" content=\"33600A - AUNA Metrologia e Instrumenta\u00e7\u00e3o - Instrumentos de Medi\u00e7\u00e3o, Sensores para Monitoramento e Software para Calibra\u00e7\u00e3o, Ensaio e Inspe\u00e7\u00e3o\" \/>\n<meta property=\"og:description\" content=\"S\u00e9rie 33600A Geradores de formas de onda TrueForm Gere formas de Onda arbitr\u00e1rias\u00a0Trueform\u00a0com menos\u00a0jitter\u00a0e\u00a0maior\u00a0resolu\u00e7\u00e3o &#8211; avan\u00e7os revolucion\u00e1rios\u00a0sobre\u00a0a\u00a0gera\u00e7\u00e3o anterior\u00a0DDS. A S\u00e9rie 33600A\u00a0de\u00a0geradores\u00a0de forma de onda\u00a0com\u00a0Trueform,\u00a0possui 4 modelos de geradores de formas de onda de 80 e 120 MHz que podem ser atualizados. Eles tem a\u00a0exclusiva\u00a0tecnologia Trueform da Keysight para gera\u00e7\u00e3o de\u00a0sinal,\u00a0oferecendo\u00a0mais capacidade\u00a0e\u00a0lexibilidade\u00a0que a gera\u00e7\u00e3o anterior\u00a0de geradores\u00a0Direct [&hellip;]\" \/>\n<meta property=\"og:url\" content=\"https:\/\/auna.com.br\/auna\/produto\/33600a\/\" \/>\n<meta property=\"og:site_name\" content=\"AUNA Metrologia e Instrumenta\u00e7\u00e3o - Instrumentos de Medi\u00e7\u00e3o, Sensores para Monitoramento e Software para Calibra\u00e7\u00e3o, Ensaio e Inspe\u00e7\u00e3o\" \/>\n<meta property=\"article:modified_time\" content=\"2022-04-22T18:47:15+00:00\" \/>\n<meta property=\"og:image\" content=\"https:\/\/auna.com.br\/auna\/wp-content\/uploads\/2019\/06\/33600a-beauty02.jpg\" \/>\n\t<meta property=\"og:image:width\" content=\"400\" \/>\n\t<meta property=\"og:image:height\" content=\"400\" \/>\n\t<meta property=\"og:image:type\" content=\"image\/jpeg\" \/>\n<meta name=\"twitter:card\" content=\"summary_large_image\" \/>\n<meta name=\"twitter:label1\" content=\"Est. tempo de leitura\" \/>\n\t<meta name=\"twitter:data1\" content=\"1 minuto\" \/>\n<script type=\"application\/ld+json\" class=\"yoast-schema-graph\">{\"@context\":\"https:\\\/\\\/schema.org\",\"@graph\":[{\"@type\":\"WebPage\",\"@id\":\"https:\\\/\\\/auna.com.br\\\/auna\\\/produto\\\/33600a\\\/\",\"url\":\"https:\\\/\\\/auna.com.br\\\/auna\\\/produto\\\/33600a\\\/\",\"name\":\"33600A - AUNA Metrologia e Instrumenta\u00e7\u00e3o - Instrumentos de Medi\u00e7\u00e3o, Sensores para Monitoramento e Software para Calibra\u00e7\u00e3o, Ensaio e Inspe\u00e7\u00e3o\",\"isPartOf\":{\"@id\":\"https:\\\/\\\/auna.com.br\\\/auna\\\/#website\"},\"primaryImageOfPage\":{\"@id\":\"https:\\\/\\\/auna.com.br\\\/auna\\\/produto\\\/33600a\\\/#primaryimage\"},\"image\":{\"@id\":\"https:\\\/\\\/auna.com.br\\\/auna\\\/produto\\\/33600a\\\/#primaryimage\"},\"thumbnailUrl\":\"https:\\\/\\\/auna.com.br\\\/auna\\\/wp-content\\\/uploads\\\/2019\\\/06\\\/33600a-beauty02.jpg\",\"datePublished\":\"2019-06-11T02:27:52+00:00\",\"dateModified\":\"2022-04-22T18:47:15+00:00\",\"breadcrumb\":{\"@id\":\"https:\\\/\\\/auna.com.br\\\/auna\\\/produto\\\/33600a\\\/#breadcrumb\"},\"inLanguage\":\"pt-BR\",\"potentialAction\":[{\"@type\":\"ReadAction\",\"target\":[\"https:\\\/\\\/auna.com.br\\\/auna\\\/produto\\\/33600a\\\/\"]}]},{\"@type\":\"ImageObject\",\"inLanguage\":\"pt-BR\",\"@id\":\"https:\\\/\\\/auna.com.br\\\/auna\\\/produto\\\/33600a\\\/#primaryimage\",\"url\":\"https:\\\/\\\/auna.com.br\\\/auna\\\/wp-content\\\/uploads\\\/2019\\\/06\\\/33600a-beauty02.jpg\",\"contentUrl\":\"https:\\\/\\\/auna.com.br\\\/auna\\\/wp-content\\\/uploads\\\/2019\\\/06\\\/33600a-beauty02.jpg\",\"width\":400,\"height\":400},{\"@type\":\"BreadcrumbList\",\"@id\":\"https:\\\/\\\/auna.com.br\\\/auna\\\/produto\\\/33600a\\\/#breadcrumb\",\"itemListElement\":[{\"@type\":\"ListItem\",\"position\":1,\"name\":\"In\u00edcio\",\"item\":\"https:\\\/\\\/auna.com.br\\\/auna\\\/\"},{\"@type\":\"ListItem\",\"position\":2,\"name\":\"Instrumentos\",\"item\":\"https:\\\/\\\/auna.com.br\\\/auna\\\/loja\\\/\"},{\"@type\":\"ListItem\",\"position\":3,\"name\":\"33600A\"}]},{\"@type\":\"WebSite\",\"@id\":\"https:\\\/\\\/auna.com.br\\\/auna\\\/#website\",\"url\":\"https:\\\/\\\/auna.com.br\\\/auna\\\/\",\"name\":\"AUNA Metrologia e Instrumenta\u00e7\u00e3o - Instrumentos de Medi\u00e7\u00e3o, Sensores para Monitoramento e Software para Calibra\u00e7\u00e3o, Ensaio e Inspe\u00e7\u00e3o\",\"description\":\"comercial@auna.com.br || +55 15 9 8129-4041\",\"publisher\":{\"@id\":\"https:\\\/\\\/auna.com.br\\\/auna\\\/#organization\"},\"potentialAction\":[{\"@type\":\"SearchAction\",\"target\":{\"@type\":\"EntryPoint\",\"urlTemplate\":\"https:\\\/\\\/auna.com.br\\\/auna\\\/?s={search_term_string}\"},\"query-input\":{\"@type\":\"PropertyValueSpecification\",\"valueRequired\":true,\"valueName\":\"search_term_string\"}}],\"inLanguage\":\"pt-BR\"},{\"@type\":\"Organization\",\"@id\":\"https:\\\/\\\/auna.com.br\\\/auna\\\/#organization\",\"name\":\"AUNA Metrologia e Instrumenta\u00e7\u00e3o - Instrumentos de Medi\u00e7\u00e3o, Sensores para Monitoramento e Software para Calibra\u00e7\u00e3o, Ensaio e Inspe\u00e7\u00e3o\",\"url\":\"https:\\\/\\\/auna.com.br\\\/auna\\\/\",\"logo\":{\"@type\":\"ImageObject\",\"inLanguage\":\"pt-BR\",\"@id\":\"https:\\\/\\\/auna.com.br\\\/auna\\\/#\\\/schema\\\/logo\\\/image\\\/\",\"url\":\"https:\\\/\\\/auna.com.br\\\/auna\\\/wp-content\\\/uploads\\\/2023\\\/03\\\/cropped-AUNA_Logo_Transparente.png\",\"contentUrl\":\"https:\\\/\\\/auna.com.br\\\/auna\\\/wp-content\\\/uploads\\\/2023\\\/03\\\/cropped-AUNA_Logo_Transparente.png\",\"width\":960,\"height\":430,\"caption\":\"AUNA Metrologia e Instrumenta\u00e7\u00e3o - Instrumentos de Medi\u00e7\u00e3o, Sensores para Monitoramento e Software para Calibra\u00e7\u00e3o, Ensaio e Inspe\u00e7\u00e3o\"},\"image\":{\"@id\":\"https:\\\/\\\/auna.com.br\\\/auna\\\/#\\\/schema\\\/logo\\\/image\\\/\"}}]}<\/script>\n<!-- \/ Yoast SEO plugin. -->","yoast_head_json":{"title":"33600A - AUNA Metrologia e Instrumenta\u00e7\u00e3o - Instrumentos de Medi\u00e7\u00e3o, Sensores para Monitoramento e Software para Calibra\u00e7\u00e3o, Ensaio e Inspe\u00e7\u00e3o","robots":{"index":"index","follow":"follow","max-snippet":"max-snippet:-1","max-image-preview":"max-image-preview:large","max-video-preview":"max-video-preview:-1"},"canonical":"https:\/\/auna.com.br\/auna\/produto\/33600a\/","og_locale":"pt_BR","og_type":"article","og_title":"33600A - AUNA Metrologia e Instrumenta\u00e7\u00e3o - Instrumentos de Medi\u00e7\u00e3o, Sensores para Monitoramento e Software para Calibra\u00e7\u00e3o, Ensaio e Inspe\u00e7\u00e3o","og_description":"S\u00e9rie 33600A Geradores de formas de onda TrueForm Gere formas de Onda arbitr\u00e1rias\u00a0Trueform\u00a0com menos\u00a0jitter\u00a0e\u00a0maior\u00a0resolu\u00e7\u00e3o &#8211; avan\u00e7os revolucion\u00e1rios\u00a0sobre\u00a0a\u00a0gera\u00e7\u00e3o anterior\u00a0DDS. A S\u00e9rie 33600A\u00a0de\u00a0geradores\u00a0de forma de onda\u00a0com\u00a0Trueform,\u00a0possui 4 modelos de geradores de formas de onda de 80 e 120 MHz que podem ser atualizados. Eles tem a\u00a0exclusiva\u00a0tecnologia Trueform da Keysight para gera\u00e7\u00e3o de\u00a0sinal,\u00a0oferecendo\u00a0mais capacidade\u00a0e\u00a0lexibilidade\u00a0que a gera\u00e7\u00e3o anterior\u00a0de geradores\u00a0Direct [&hellip;]","og_url":"https:\/\/auna.com.br\/auna\/produto\/33600a\/","og_site_name":"AUNA Metrologia e Instrumenta\u00e7\u00e3o - Instrumentos de Medi\u00e7\u00e3o, Sensores para Monitoramento e Software para Calibra\u00e7\u00e3o, Ensaio e Inspe\u00e7\u00e3o","article_modified_time":"2022-04-22T18:47:15+00:00","og_image":[{"width":400,"height":400,"url":"https:\/\/auna.com.br\/auna\/wp-content\/uploads\/2019\/06\/33600a-beauty02.jpg","type":"image\/jpeg"}],"twitter_card":"summary_large_image","twitter_misc":{"Est. tempo de leitura":"1 minuto"},"schema":{"@context":"https:\/\/schema.org","@graph":[{"@type":"WebPage","@id":"https:\/\/auna.com.br\/auna\/produto\/33600a\/","url":"https:\/\/auna.com.br\/auna\/produto\/33600a\/","name":"33600A - AUNA Metrologia e Instrumenta\u00e7\u00e3o - Instrumentos de Medi\u00e7\u00e3o, Sensores para Monitoramento e Software para Calibra\u00e7\u00e3o, Ensaio e Inspe\u00e7\u00e3o","isPartOf":{"@id":"https:\/\/auna.com.br\/auna\/#website"},"primaryImageOfPage":{"@id":"https:\/\/auna.com.br\/auna\/produto\/33600a\/#primaryimage"},"image":{"@id":"https:\/\/auna.com.br\/auna\/produto\/33600a\/#primaryimage"},"thumbnailUrl":"https:\/\/auna.com.br\/auna\/wp-content\/uploads\/2019\/06\/33600a-beauty02.jpg","datePublished":"2019-06-11T02:27:52+00:00","dateModified":"2022-04-22T18:47:15+00:00","breadcrumb":{"@id":"https:\/\/auna.com.br\/auna\/produto\/33600a\/#breadcrumb"},"inLanguage":"pt-BR","potentialAction":[{"@type":"ReadAction","target":["https:\/\/auna.com.br\/auna\/produto\/33600a\/"]}]},{"@type":"ImageObject","inLanguage":"pt-BR","@id":"https:\/\/auna.com.br\/auna\/produto\/33600a\/#primaryimage","url":"https:\/\/auna.com.br\/auna\/wp-content\/uploads\/2019\/06\/33600a-beauty02.jpg","contentUrl":"https:\/\/auna.com.br\/auna\/wp-content\/uploads\/2019\/06\/33600a-beauty02.jpg","width":400,"height":400},{"@type":"BreadcrumbList","@id":"https:\/\/auna.com.br\/auna\/produto\/33600a\/#breadcrumb","itemListElement":[{"@type":"ListItem","position":1,"name":"In\u00edcio","item":"https:\/\/auna.com.br\/auna\/"},{"@type":"ListItem","position":2,"name":"Instrumentos","item":"https:\/\/auna.com.br\/auna\/loja\/"},{"@type":"ListItem","position":3,"name":"33600A"}]},{"@type":"WebSite","@id":"https:\/\/auna.com.br\/auna\/#website","url":"https:\/\/auna.com.br\/auna\/","name":"AUNA Metrologia e Instrumenta\u00e7\u00e3o - Instrumentos de Medi\u00e7\u00e3o, Sensores para Monitoramento e Software para Calibra\u00e7\u00e3o, Ensaio e Inspe\u00e7\u00e3o","description":"comercial@auna.com.br || +55 15 9 8129-4041","publisher":{"@id":"https:\/\/auna.com.br\/auna\/#organization"},"potentialAction":[{"@type":"SearchAction","target":{"@type":"EntryPoint","urlTemplate":"https:\/\/auna.com.br\/auna\/?s={search_term_string}"},"query-input":{"@type":"PropertyValueSpecification","valueRequired":true,"valueName":"search_term_string"}}],"inLanguage":"pt-BR"},{"@type":"Organization","@id":"https:\/\/auna.com.br\/auna\/#organization","name":"AUNA Metrologia e Instrumenta\u00e7\u00e3o - Instrumentos de Medi\u00e7\u00e3o, Sensores para Monitoramento e Software para Calibra\u00e7\u00e3o, Ensaio e Inspe\u00e7\u00e3o","url":"https:\/\/auna.com.br\/auna\/","logo":{"@type":"ImageObject","inLanguage":"pt-BR","@id":"https:\/\/auna.com.br\/auna\/#\/schema\/logo\/image\/","url":"https:\/\/auna.com.br\/auna\/wp-content\/uploads\/2023\/03\/cropped-AUNA_Logo_Transparente.png","contentUrl":"https:\/\/auna.com.br\/auna\/wp-content\/uploads\/2023\/03\/cropped-AUNA_Logo_Transparente.png","width":960,"height":430,"caption":"AUNA Metrologia e Instrumenta\u00e7\u00e3o - Instrumentos de Medi\u00e7\u00e3o, Sensores para Monitoramento e Software para Calibra\u00e7\u00e3o, Ensaio e Inspe\u00e7\u00e3o"},"image":{"@id":"https:\/\/auna.com.br\/auna\/#\/schema\/logo\/image\/"}}]}},"_links":{"self":[{"href":"https:\/\/auna.com.br\/auna\/wp-json\/wp\/v2\/product\/924","targetHints":{"allow":["GET"]}}],"collection":[{"href":"https:\/\/auna.com.br\/auna\/wp-json\/wp\/v2\/product"}],"about":[{"href":"https:\/\/auna.com.br\/auna\/wp-json\/wp\/v2\/types\/product"}],"replies":[{"embeddable":true,"href":"https:\/\/auna.com.br\/auna\/wp-json\/wp\/v2\/comments?post=924"}],"wp:featuredmedia":[{"embeddable":true,"href":"https:\/\/auna.com.br\/auna\/wp-json\/wp\/v2\/media\/925"}],"wp:attachment":[{"href":"https:\/\/auna.com.br\/auna\/wp-json\/wp\/v2\/media?parent=924"}],"wp:term":[{"taxonomy":"product_brand","embeddable":true,"href":"https:\/\/auna.com.br\/auna\/wp-json\/wp\/v2\/product_brand?post=924"},{"taxonomy":"product_cat","embeddable":true,"href":"https:\/\/auna.com.br\/auna\/wp-json\/wp\/v2\/product_cat?post=924"},{"taxonomy":"product_tag","embeddable":true,"href":"https:\/\/auna.com.br\/auna\/wp-json\/wp\/v2\/product_tag?post=924"},{"taxonomy":"wpstream_actors","embeddable":true,"href":"https:\/\/auna.com.br\/auna\/wp-json\/wp\/v2\/wpstream_actors?post=924"},{"taxonomy":"wpstream_category","embeddable":true,"href":"https:\/\/auna.com.br\/auna\/wp-json\/wp\/v2\/wpstream_category?post=924"},{"taxonomy":"wpstream_movie_rating","embeddable":true,"href":"https:\/\/auna.com.br\/auna\/wp-json\/wp\/v2\/wpstream_movie_rating?post=924"}],"curies":[{"name":"wp","href":"https:\/\/api.w.org\/{rel}","templated":true}]}}