{"id":928,"date":"2019-06-11T02:29:50","date_gmt":"2019-06-11T02:29:50","guid":{"rendered":"https:\/\/www.aunarepresentacoes.com.br\/?post_type=product&#038;p=928"},"modified":"2022-04-22T15:46:55","modified_gmt":"2022-04-22T18:46:55","slug":"33612a","status":"publish","type":"product","link":"https:\/\/auna.com.br\/auna\/produto\/33612a\/","title":{"rendered":"33612A"},"content":{"rendered":"<p><strong>33612A Gerador de formas de onda TrueForm, 80 MHz, 2 canalis<\/strong><\/p>\n<p><span class=\"hps\">Gere formas de Onda arbitr\u00e1rias\u00a0Trueform<\/span><span class=\"apple-converted-space\">\u00a0<\/span><span class=\"hps\">com menos<\/span><span class=\"apple-converted-space\">\u00a0<\/span><span class=\"hps\">jitter<\/span>\u00a0<span class=\"hps\">e\u00a0maior<\/span><span class=\"apple-converted-space\">\u00a0<\/span><span class=\"hps\">resolu\u00e7\u00e3o &#8211; avan\u00e7os revolucion\u00e1rios<\/span>\u00a0sobre\u00a0<span class=\"hps\">a<\/span>\u00a0<span class=\"hps\">gera\u00e7\u00e3o anterior<\/span><span class=\"apple-converted-space\">\u00a0<\/span><span class=\"hps\">DDS.<\/span><\/p>\n<p><span class=\"hps\">&#8211;<\/span><span class=\"apple-converted-space\">\u00a0<\/span><span class=\"hps\">Taxa de amostragem de<\/span><span class=\"apple-converted-space\">\u00a0<\/span><span class=\"hps\">1<\/span><span class=\"apple-converted-space\">\u00a0<\/span><span class=\"hps\">GSa<\/span><span class=\"apple-converted-space\">\u00a0<\/span><span class=\"hps\">\/ s<\/span><span class=\"apple-converted-space\">\u00a0<\/span><span class=\"hps\">de largura de banda<\/span><br \/>\n<span class=\"hps\">&#8211;<\/span><span class=\"apple-converted-space\">\u00a0<\/span><span class=\"hps\">ARBS<\/span><span class=\"apple-converted-space\">\u00a0<\/span><span class=\"hps\">com<\/span><span class=\"apple-converted-space\">\u00a0<\/span><span class=\"hps\">sequenciamento<\/span><span class=\"apple-converted-space\">\u00a0<\/span><span class=\"hps\">e at\u00e9 64<\/span><span class=\"apple-converted-space\">\u00a0<\/span><span class=\"hps\">de mem\u00f3ria<\/span><span class=\"apple-converted-space\">\u00a0<\/span><span class=\"hps\">MSa<\/span><br \/>\n<span class=\"hps\">&#8211;<\/span><span class=\"apple-converted-space\">\u00a0<\/span><span class=\"hps\">1<\/span><span class=\"apple-converted-space\">\u00a0<\/span><span class=\"hps\">jitter<\/span><span class=\"apple-converted-space\">\u00a0<\/span><span class=\"hps\">ps<\/span>,<span class=\"apple-converted-space\">\u00a0<\/span><span class=\"hps\">200x<\/span><span class=\"apple-converted-space\">\u00a0<\/span><span class=\"hps\">melhor do que<\/span><span class=\"apple-converted-space\">\u00a0<\/span><span class=\"hps\">geradores<\/span><span class=\"apple-converted-space\">\u00a0<\/span><span class=\"hps\">DDS<\/span><br \/>\n<span class=\"hps\">&#8211;<\/span><span class=\"apple-converted-space\">\u00a0<\/span><span class=\"hps\">5x<\/span><span class=\"apple-converted-space\">\u00a0<\/span><span class=\"hps\">distor\u00e7\u00e3o harm\u00f4nica<\/span><span class=\"apple-converted-space\">\u00a0<\/span><span class=\"hps\">menor do<\/span><span class=\"apple-converted-space\">\u00a0<\/span><span class=\"hps\">DDS<\/span><br \/>\n<span class=\"hps\">&#8211; Compat\u00edvel com<\/span><span class=\"apple-converted-space\">\u00a0<\/span><span class=\"hps\">Keysight<\/span><span class=\"apple-converted-space\">\u00a0<\/span><span class=\"hps\">Technologies<\/span>,<span class=\"apple-converted-space\">\u00a0<\/span><span class=\"hps\">Inc.<\/span><span class=\"apple-converted-space\">\u00a0<\/span><span class=\"hps\">software<\/span><span class=\"apple-converted-space\">\u00a0<\/span><span class=\"hps\">BenchVue<\/span><\/p>\n","protected":false},"excerpt":{"rendered":"<p>33612A Gerador de formas de onda TrueForm, 80 MHz, 2 canalis Gere formas de Onda arbitr\u00e1rias\u00a0Trueform\u00a0com menos\u00a0jitter\u00a0e\u00a0maior\u00a0resolu\u00e7\u00e3o &#8211; avan\u00e7os revolucion\u00e1rios\u00a0sobre\u00a0a\u00a0gera\u00e7\u00e3o anterior\u00a0DDS. &#8211;\u00a0Taxa de amostragem de\u00a01\u00a0GSa\u00a0\/ s\u00a0de largura de banda &#8211;\u00a0ARBS\u00a0com\u00a0sequenciamento\u00a0e at\u00e9 64\u00a0de mem\u00f3ria\u00a0MSa &#8211;\u00a01\u00a0jitter\u00a0ps,\u00a0200x\u00a0melhor do que\u00a0geradores\u00a0DDS &#8211;\u00a05x\u00a0distor\u00e7\u00e3o harm\u00f4nica\u00a0menor do\u00a0DDS &#8211; Compat\u00edvel com\u00a0Keysight\u00a0Technologies,\u00a0Inc.\u00a0software\u00a0BenchVue<\/p>\n","protected":false},"featured_media":915,"comment_status":"closed","ping_status":"closed","template":"","meta":[],"product_brand":[],"product_cat":[72],"product_tag":[],"wpstream_actors":[],"wpstream_category":[],"wpstream_movie_rating":[],"class_list":{"0":"post-928","1":"product","2":"type-product","3":"status-publish","4":"has-post-thumbnail","6":"product_cat-gerador-de-formas-de-onda","8":"first","9":"onbackorder","10":"taxable","11":"shipping-taxable","12":"product-type-simple","13":"czr-hentry"},"yoast_head":"<!-- This site is optimized with the Yoast SEO plugin v27.5 - https:\/\/yoast.com\/product\/yoast-seo-wordpress\/ -->\n<title>33612A - AUNA Metrologia e Instrumenta\u00e7\u00e3o - Instrumentos de Medi\u00e7\u00e3o, Sensores para Monitoramento e Software para Calibra\u00e7\u00e3o, Ensaio e Inspe\u00e7\u00e3o<\/title>\n<meta name=\"robots\" content=\"index, follow, max-snippet:-1, max-image-preview:large, max-video-preview:-1\" \/>\n<link rel=\"canonical\" href=\"https:\/\/auna.com.br\/auna\/produto\/33612a\/\" \/>\n<meta property=\"og:locale\" content=\"pt_BR\" \/>\n<meta property=\"og:type\" content=\"article\" \/>\n<meta property=\"og:title\" content=\"33612A - AUNA Metrologia e Instrumenta\u00e7\u00e3o - Instrumentos de Medi\u00e7\u00e3o, Sensores para Monitoramento e Software para Calibra\u00e7\u00e3o, Ensaio e Inspe\u00e7\u00e3o\" \/>\n<meta property=\"og:description\" content=\"33612A Gerador de formas de onda TrueForm, 80 MHz, 2 canalis Gere formas de Onda arbitr\u00e1rias\u00a0Trueform\u00a0com menos\u00a0jitter\u00a0e\u00a0maior\u00a0resolu\u00e7\u00e3o &#8211; avan\u00e7os revolucion\u00e1rios\u00a0sobre\u00a0a\u00a0gera\u00e7\u00e3o anterior\u00a0DDS. &#8211;\u00a0Taxa de amostragem de\u00a01\u00a0GSa\u00a0\/ s\u00a0de largura de banda &#8211;\u00a0ARBS\u00a0com\u00a0sequenciamento\u00a0e at\u00e9 64\u00a0de mem\u00f3ria\u00a0MSa &#8211;\u00a01\u00a0jitter\u00a0ps,\u00a0200x\u00a0melhor do que\u00a0geradores\u00a0DDS &#8211;\u00a05x\u00a0distor\u00e7\u00e3o harm\u00f4nica\u00a0menor do\u00a0DDS &#8211; Compat\u00edvel com\u00a0Keysight\u00a0Technologies,\u00a0Inc.\u00a0software\u00a0BenchVue\" \/>\n<meta property=\"og:url\" content=\"https:\/\/auna.com.br\/auna\/produto\/33612a\/\" \/>\n<meta property=\"og:site_name\" content=\"AUNA Metrologia e Instrumenta\u00e7\u00e3o - Instrumentos de Medi\u00e7\u00e3o, Sensores para Monitoramento e Software para Calibra\u00e7\u00e3o, Ensaio e Inspe\u00e7\u00e3o\" \/>\n<meta property=\"article:modified_time\" content=\"2022-04-22T18:46:55+00:00\" \/>\n<meta property=\"og:image\" content=\"https:\/\/auna.com.br\/auna\/wp-content\/uploads\/2019\/06\/33500b_1ch.jpg\" \/>\n\t<meta property=\"og:image:width\" content=\"400\" \/>\n\t<meta property=\"og:image:height\" content=\"400\" \/>\n\t<meta property=\"og:image:type\" content=\"image\/jpeg\" \/>\n<meta name=\"twitter:card\" content=\"summary_large_image\" \/>\n<script type=\"application\/ld+json\" class=\"yoast-schema-graph\">{\"@context\":\"https:\\\/\\\/schema.org\",\"@graph\":[{\"@type\":\"WebPage\",\"@id\":\"https:\\\/\\\/auna.com.br\\\/auna\\\/produto\\\/33612a\\\/\",\"url\":\"https:\\\/\\\/auna.com.br\\\/auna\\\/produto\\\/33612a\\\/\",\"name\":\"33612A - AUNA Metrologia e Instrumenta\u00e7\u00e3o - Instrumentos de Medi\u00e7\u00e3o, Sensores para Monitoramento e Software para Calibra\u00e7\u00e3o, Ensaio e Inspe\u00e7\u00e3o\",\"isPartOf\":{\"@id\":\"https:\\\/\\\/auna.com.br\\\/auna\\\/#website\"},\"primaryImageOfPage\":{\"@id\":\"https:\\\/\\\/auna.com.br\\\/auna\\\/produto\\\/33612a\\\/#primaryimage\"},\"image\":{\"@id\":\"https:\\\/\\\/auna.com.br\\\/auna\\\/produto\\\/33612a\\\/#primaryimage\"},\"thumbnailUrl\":\"https:\\\/\\\/auna.com.br\\\/auna\\\/wp-content\\\/uploads\\\/2019\\\/06\\\/33500b_1ch.jpg\",\"datePublished\":\"2019-06-11T02:29:50+00:00\",\"dateModified\":\"2022-04-22T18:46:55+00:00\",\"breadcrumb\":{\"@id\":\"https:\\\/\\\/auna.com.br\\\/auna\\\/produto\\\/33612a\\\/#breadcrumb\"},\"inLanguage\":\"pt-BR\",\"potentialAction\":[{\"@type\":\"ReadAction\",\"target\":[\"https:\\\/\\\/auna.com.br\\\/auna\\\/produto\\\/33612a\\\/\"]}]},{\"@type\":\"ImageObject\",\"inLanguage\":\"pt-BR\",\"@id\":\"https:\\\/\\\/auna.com.br\\\/auna\\\/produto\\\/33612a\\\/#primaryimage\",\"url\":\"https:\\\/\\\/auna.com.br\\\/auna\\\/wp-content\\\/uploads\\\/2019\\\/06\\\/33500b_1ch.jpg\",\"contentUrl\":\"https:\\\/\\\/auna.com.br\\\/auna\\\/wp-content\\\/uploads\\\/2019\\\/06\\\/33500b_1ch.jpg\",\"width\":400,\"height\":400},{\"@type\":\"BreadcrumbList\",\"@id\":\"https:\\\/\\\/auna.com.br\\\/auna\\\/produto\\\/33612a\\\/#breadcrumb\",\"itemListElement\":[{\"@type\":\"ListItem\",\"position\":1,\"name\":\"In\u00edcio\",\"item\":\"https:\\\/\\\/auna.com.br\\\/auna\\\/\"},{\"@type\":\"ListItem\",\"position\":2,\"name\":\"Instrumentos\",\"item\":\"https:\\\/\\\/auna.com.br\\\/auna\\\/loja\\\/\"},{\"@type\":\"ListItem\",\"position\":3,\"name\":\"33612A\"}]},{\"@type\":\"WebSite\",\"@id\":\"https:\\\/\\\/auna.com.br\\\/auna\\\/#website\",\"url\":\"https:\\\/\\\/auna.com.br\\\/auna\\\/\",\"name\":\"AUNA Metrologia e Instrumenta\u00e7\u00e3o - Instrumentos de Medi\u00e7\u00e3o, Sensores para Monitoramento e Software para Calibra\u00e7\u00e3o, Ensaio e Inspe\u00e7\u00e3o\",\"description\":\"comercial@auna.com.br || +55 15 9 8129-4041\",\"publisher\":{\"@id\":\"https:\\\/\\\/auna.com.br\\\/auna\\\/#organization\"},\"potentialAction\":[{\"@type\":\"SearchAction\",\"target\":{\"@type\":\"EntryPoint\",\"urlTemplate\":\"https:\\\/\\\/auna.com.br\\\/auna\\\/?s={search_term_string}\"},\"query-input\":{\"@type\":\"PropertyValueSpecification\",\"valueRequired\":true,\"valueName\":\"search_term_string\"}}],\"inLanguage\":\"pt-BR\"},{\"@type\":\"Organization\",\"@id\":\"https:\\\/\\\/auna.com.br\\\/auna\\\/#organization\",\"name\":\"AUNA Metrologia e Instrumenta\u00e7\u00e3o - Instrumentos de Medi\u00e7\u00e3o, Sensores para Monitoramento e Software para Calibra\u00e7\u00e3o, Ensaio e Inspe\u00e7\u00e3o\",\"url\":\"https:\\\/\\\/auna.com.br\\\/auna\\\/\",\"logo\":{\"@type\":\"ImageObject\",\"inLanguage\":\"pt-BR\",\"@id\":\"https:\\\/\\\/auna.com.br\\\/auna\\\/#\\\/schema\\\/logo\\\/image\\\/\",\"url\":\"https:\\\/\\\/auna.com.br\\\/auna\\\/wp-content\\\/uploads\\\/2023\\\/03\\\/cropped-AUNA_Logo_Transparente.png\",\"contentUrl\":\"https:\\\/\\\/auna.com.br\\\/auna\\\/wp-content\\\/uploads\\\/2023\\\/03\\\/cropped-AUNA_Logo_Transparente.png\",\"width\":960,\"height\":430,\"caption\":\"AUNA Metrologia e Instrumenta\u00e7\u00e3o - Instrumentos de Medi\u00e7\u00e3o, Sensores para Monitoramento e Software para Calibra\u00e7\u00e3o, Ensaio e Inspe\u00e7\u00e3o\"},\"image\":{\"@id\":\"https:\\\/\\\/auna.com.br\\\/auna\\\/#\\\/schema\\\/logo\\\/image\\\/\"}}]}<\/script>\n<!-- \/ Yoast SEO plugin. -->","yoast_head_json":{"title":"33612A - AUNA Metrologia e Instrumenta\u00e7\u00e3o - Instrumentos de Medi\u00e7\u00e3o, Sensores para Monitoramento e Software para Calibra\u00e7\u00e3o, Ensaio e Inspe\u00e7\u00e3o","robots":{"index":"index","follow":"follow","max-snippet":"max-snippet:-1","max-image-preview":"max-image-preview:large","max-video-preview":"max-video-preview:-1"},"canonical":"https:\/\/auna.com.br\/auna\/produto\/33612a\/","og_locale":"pt_BR","og_type":"article","og_title":"33612A - AUNA Metrologia e Instrumenta\u00e7\u00e3o - Instrumentos de Medi\u00e7\u00e3o, Sensores para Monitoramento e Software para Calibra\u00e7\u00e3o, Ensaio e Inspe\u00e7\u00e3o","og_description":"33612A Gerador de formas de onda TrueForm, 80 MHz, 2 canalis Gere formas de Onda arbitr\u00e1rias\u00a0Trueform\u00a0com menos\u00a0jitter\u00a0e\u00a0maior\u00a0resolu\u00e7\u00e3o &#8211; avan\u00e7os revolucion\u00e1rios\u00a0sobre\u00a0a\u00a0gera\u00e7\u00e3o anterior\u00a0DDS. &#8211;\u00a0Taxa de amostragem de\u00a01\u00a0GSa\u00a0\/ s\u00a0de largura de banda &#8211;\u00a0ARBS\u00a0com\u00a0sequenciamento\u00a0e at\u00e9 64\u00a0de mem\u00f3ria\u00a0MSa &#8211;\u00a01\u00a0jitter\u00a0ps,\u00a0200x\u00a0melhor do que\u00a0geradores\u00a0DDS &#8211;\u00a05x\u00a0distor\u00e7\u00e3o harm\u00f4nica\u00a0menor do\u00a0DDS &#8211; Compat\u00edvel com\u00a0Keysight\u00a0Technologies,\u00a0Inc.\u00a0software\u00a0BenchVue","og_url":"https:\/\/auna.com.br\/auna\/produto\/33612a\/","og_site_name":"AUNA Metrologia e Instrumenta\u00e7\u00e3o - Instrumentos de Medi\u00e7\u00e3o, Sensores para Monitoramento e Software para Calibra\u00e7\u00e3o, Ensaio e Inspe\u00e7\u00e3o","article_modified_time":"2022-04-22T18:46:55+00:00","og_image":[{"width":400,"height":400,"url":"https:\/\/auna.com.br\/auna\/wp-content\/uploads\/2019\/06\/33500b_1ch.jpg","type":"image\/jpeg"}],"twitter_card":"summary_large_image","schema":{"@context":"https:\/\/schema.org","@graph":[{"@type":"WebPage","@id":"https:\/\/auna.com.br\/auna\/produto\/33612a\/","url":"https:\/\/auna.com.br\/auna\/produto\/33612a\/","name":"33612A - AUNA Metrologia e Instrumenta\u00e7\u00e3o - Instrumentos de Medi\u00e7\u00e3o, Sensores para Monitoramento e Software para Calibra\u00e7\u00e3o, Ensaio e Inspe\u00e7\u00e3o","isPartOf":{"@id":"https:\/\/auna.com.br\/auna\/#website"},"primaryImageOfPage":{"@id":"https:\/\/auna.com.br\/auna\/produto\/33612a\/#primaryimage"},"image":{"@id":"https:\/\/auna.com.br\/auna\/produto\/33612a\/#primaryimage"},"thumbnailUrl":"https:\/\/auna.com.br\/auna\/wp-content\/uploads\/2019\/06\/33500b_1ch.jpg","datePublished":"2019-06-11T02:29:50+00:00","dateModified":"2022-04-22T18:46:55+00:00","breadcrumb":{"@id":"https:\/\/auna.com.br\/auna\/produto\/33612a\/#breadcrumb"},"inLanguage":"pt-BR","potentialAction":[{"@type":"ReadAction","target":["https:\/\/auna.com.br\/auna\/produto\/33612a\/"]}]},{"@type":"ImageObject","inLanguage":"pt-BR","@id":"https:\/\/auna.com.br\/auna\/produto\/33612a\/#primaryimage","url":"https:\/\/auna.com.br\/auna\/wp-content\/uploads\/2019\/06\/33500b_1ch.jpg","contentUrl":"https:\/\/auna.com.br\/auna\/wp-content\/uploads\/2019\/06\/33500b_1ch.jpg","width":400,"height":400},{"@type":"BreadcrumbList","@id":"https:\/\/auna.com.br\/auna\/produto\/33612a\/#breadcrumb","itemListElement":[{"@type":"ListItem","position":1,"name":"In\u00edcio","item":"https:\/\/auna.com.br\/auna\/"},{"@type":"ListItem","position":2,"name":"Instrumentos","item":"https:\/\/auna.com.br\/auna\/loja\/"},{"@type":"ListItem","position":3,"name":"33612A"}]},{"@type":"WebSite","@id":"https:\/\/auna.com.br\/auna\/#website","url":"https:\/\/auna.com.br\/auna\/","name":"AUNA Metrologia e Instrumenta\u00e7\u00e3o - Instrumentos de Medi\u00e7\u00e3o, Sensores para Monitoramento e Software para Calibra\u00e7\u00e3o, Ensaio e Inspe\u00e7\u00e3o","description":"comercial@auna.com.br || +55 15 9 8129-4041","publisher":{"@id":"https:\/\/auna.com.br\/auna\/#organization"},"potentialAction":[{"@type":"SearchAction","target":{"@type":"EntryPoint","urlTemplate":"https:\/\/auna.com.br\/auna\/?s={search_term_string}"},"query-input":{"@type":"PropertyValueSpecification","valueRequired":true,"valueName":"search_term_string"}}],"inLanguage":"pt-BR"},{"@type":"Organization","@id":"https:\/\/auna.com.br\/auna\/#organization","name":"AUNA Metrologia e Instrumenta\u00e7\u00e3o - Instrumentos de Medi\u00e7\u00e3o, Sensores para Monitoramento e Software para Calibra\u00e7\u00e3o, Ensaio e Inspe\u00e7\u00e3o","url":"https:\/\/auna.com.br\/auna\/","logo":{"@type":"ImageObject","inLanguage":"pt-BR","@id":"https:\/\/auna.com.br\/auna\/#\/schema\/logo\/image\/","url":"https:\/\/auna.com.br\/auna\/wp-content\/uploads\/2023\/03\/cropped-AUNA_Logo_Transparente.png","contentUrl":"https:\/\/auna.com.br\/auna\/wp-content\/uploads\/2023\/03\/cropped-AUNA_Logo_Transparente.png","width":960,"height":430,"caption":"AUNA Metrologia e Instrumenta\u00e7\u00e3o - Instrumentos de Medi\u00e7\u00e3o, Sensores para Monitoramento e Software para Calibra\u00e7\u00e3o, Ensaio e Inspe\u00e7\u00e3o"},"image":{"@id":"https:\/\/auna.com.br\/auna\/#\/schema\/logo\/image\/"}}]}},"_links":{"self":[{"href":"https:\/\/auna.com.br\/auna\/wp-json\/wp\/v2\/product\/928","targetHints":{"allow":["GET"]}}],"collection":[{"href":"https:\/\/auna.com.br\/auna\/wp-json\/wp\/v2\/product"}],"about":[{"href":"https:\/\/auna.com.br\/auna\/wp-json\/wp\/v2\/types\/product"}],"replies":[{"embeddable":true,"href":"https:\/\/auna.com.br\/auna\/wp-json\/wp\/v2\/comments?post=928"}],"wp:featuredmedia":[{"embeddable":true,"href":"https:\/\/auna.com.br\/auna\/wp-json\/wp\/v2\/media\/915"}],"wp:attachment":[{"href":"https:\/\/auna.com.br\/auna\/wp-json\/wp\/v2\/media?parent=928"}],"wp:term":[{"taxonomy":"product_brand","embeddable":true,"href":"https:\/\/auna.com.br\/auna\/wp-json\/wp\/v2\/product_brand?post=928"},{"taxonomy":"product_cat","embeddable":true,"href":"https:\/\/auna.com.br\/auna\/wp-json\/wp\/v2\/product_cat?post=928"},{"taxonomy":"product_tag","embeddable":true,"href":"https:\/\/auna.com.br\/auna\/wp-json\/wp\/v2\/product_tag?post=928"},{"taxonomy":"wpstream_actors","embeddable":true,"href":"https:\/\/auna.com.br\/auna\/wp-json\/wp\/v2\/wpstream_actors?post=928"},{"taxonomy":"wpstream_category","embeddable":true,"href":"https:\/\/auna.com.br\/auna\/wp-json\/wp\/v2\/wpstream_category?post=928"},{"taxonomy":"wpstream_movie_rating","embeddable":true,"href":"https:\/\/auna.com.br\/auna\/wp-json\/wp\/v2\/wpstream_movie_rating?post=928"}],"curies":[{"name":"wp","href":"https:\/\/api.w.org\/{rel}","templated":true}]}}