{"id":949,"date":"2019-06-11T03:22:13","date_gmt":"2019-06-11T03:22:13","guid":{"rendered":"https:\/\/www.aunarepresentacoes.com.br\/?post_type=product&#038;p=949"},"modified":"2022-04-22T15:19:48","modified_gmt":"2022-04-22T18:19:48","slug":"u3606b","status":"publish","type":"product","link":"https:\/\/auna.com.br\/auna\/produto\/u3606b\/","title":{"rendered":"U3606B"},"content":{"rendered":"<p><strong>U3606B Mult\u00edmetro\/fonte de alimenta\u00e7\u00e3o DC<\/strong><\/p>\n<p>U3606B \u00e9 a combina\u00e7\u00e3o entre um mult\u00edmetro digital de 5 \u00bd d\u00edgitos e resolu\u00e7\u00e3o de 120000 contagens e uma fonte de alimenta\u00e7\u00e3o DC de 30 W, que podem trabalhar simult\u00e2nea e independentemente, \u00e9 a ferramenta ideal possibilitando testes eficientes e acess\u00edveis ao mesmo tempo em que economiza espa\u00e7o na bancada ou no rack.<\/p>\n<p>As medi\u00e7\u00f5es incluem tens\u00e3o e corrente DC e AC, resist\u00eancia de m\u03a9 a 2 e 4 fios, frequ\u00eancia, capacit\u00e2ncia, testes de diodo e de continuidade. Fun\u00e7\u00f5es matem\u00e1ticas incluem nulo, dBm, dB, hold, m\u00ednimo, m\u00e1ximo e m\u00e9dia.<\/p>\n<p>Os recursos de fonte de alimenta\u00e7\u00e3o incluem varredura e rampa autom\u00e1ticas, para testes de polariza\u00e7\u00e3o DC em v\u00e1rios n\u00edveis, e sa\u00edda de ondas quadradas de at\u00e9 4,8 kHz, para solu\u00e7\u00e3o de problemas em circuitos digitais.<\/p>\n<p>O U3606B se integra facilmente a sistemas existentes, com a conectividade padr\u00e3o USB-TMC 488.2 e GBIP, e a programa\u00e7\u00e3o SCPI.<\/p>\n<p>&#8211; resolu\u00e7\u00e3o de 5 \u00bd d\u00edgitos e 120000 contagens<br \/>\n&#8211; 10 medi\u00e7\u00f5es e 8 fun\u00e7\u00f5es matem\u00e1ticas<br \/>\n&#8211; medi\u00e7\u00e3o de resist\u00eancias baixas a 4 fios com resolu\u00e7\u00e3o de 0,001 m\u03a9<br \/>\n&#8211; precis\u00e3o de tens\u00e3o DC de 0,025%<br \/>\n&#8211; faixas de sa\u00edda 30 V\/1 A, 100 mA\/30 V, 8 V\/3 A e 1000 mV\/3 A<br \/>\n&#8211; regula\u00e7\u00e3o de carga de 0,01% e +3 mV<br \/>\n&#8211; prote\u00e7\u00e3o contra sobretens\u00e3o e sobrecorrente<br \/>\n&#8211; gerador de ondas quadradas de 4,8 kHz, capacidade para varredura e rampa autom\u00e1ticas<br \/>\n&#8211; interfaces GPIB (IEEE-488) e USB 2.0 de alta velocidade integradas<br \/>\n&#8211; compat\u00edvel com linguagem SCPI<br \/>\n&#8211; alimenta\u00e7\u00e3o universal 100-240VAC 45-66 Hz<br \/>\n&#8211; slot para trava Kensington, para evitar roubo<\/p>\n","protected":false},"excerpt":{"rendered":"<p>U3606B Mult\u00edmetro\/fonte de alimenta\u00e7\u00e3o DC U3606B \u00e9 a combina\u00e7\u00e3o entre um mult\u00edmetro digital de 5 \u00bd d\u00edgitos e resolu\u00e7\u00e3o de 120000 contagens e uma fonte de alimenta\u00e7\u00e3o DC de 30 W, que podem trabalhar simult\u00e2nea e independentemente, \u00e9 a ferramenta ideal possibilitando testes eficientes e acess\u00edveis ao mesmo tempo em que economiza espa\u00e7o na bancada [&hellip;]<\/p>\n","protected":false},"featured_media":948,"comment_status":"closed","ping_status":"closed","template":"","meta":[],"product_brand":[],"product_cat":[76],"product_tag":[],"wpstream_actors":[],"wpstream_category":[],"wpstream_movie_rating":[],"class_list":{"0":"post-949","1":"product","2":"type-product","3":"status-publish","4":"has-post-thumbnail","6":"product_cat-multimetro-com-fonte","8":"first","9":"onbackorder","10":"taxable","11":"shipping-taxable","12":"product-type-simple","13":"czr-hentry"},"yoast_head":"<!-- This site is optimized with the Yoast SEO plugin v27.5 - https:\/\/yoast.com\/product\/yoast-seo-wordpress\/ -->\n<title>U3606B - AUNA Metrologia e Instrumenta\u00e7\u00e3o - Instrumentos de Medi\u00e7\u00e3o, Sensores para Monitoramento e Software para Calibra\u00e7\u00e3o, Ensaio e Inspe\u00e7\u00e3o<\/title>\n<meta name=\"robots\" content=\"index, follow, max-snippet:-1, max-image-preview:large, max-video-preview:-1\" \/>\n<link rel=\"canonical\" href=\"https:\/\/auna.com.br\/auna\/produto\/u3606b\/\" \/>\n<meta property=\"og:locale\" content=\"pt_BR\" \/>\n<meta property=\"og:type\" content=\"article\" \/>\n<meta property=\"og:title\" content=\"U3606B - AUNA Metrologia e Instrumenta\u00e7\u00e3o - Instrumentos de Medi\u00e7\u00e3o, Sensores para Monitoramento e Software para Calibra\u00e7\u00e3o, Ensaio e Inspe\u00e7\u00e3o\" \/>\n<meta property=\"og:description\" content=\"U3606B Mult\u00edmetro\/fonte de alimenta\u00e7\u00e3o DC U3606B \u00e9 a combina\u00e7\u00e3o entre um mult\u00edmetro digital de 5 \u00bd d\u00edgitos e resolu\u00e7\u00e3o de 120000 contagens e uma fonte de alimenta\u00e7\u00e3o DC de 30 W, que podem trabalhar simult\u00e2nea e independentemente, \u00e9 a ferramenta ideal possibilitando testes eficientes e acess\u00edveis ao mesmo tempo em que economiza espa\u00e7o na bancada [&hellip;]\" \/>\n<meta property=\"og:url\" content=\"https:\/\/auna.com.br\/auna\/produto\/u3606b\/\" \/>\n<meta property=\"og:site_name\" content=\"AUNA Metrologia e Instrumenta\u00e7\u00e3o - Instrumentos de Medi\u00e7\u00e3o, Sensores para Monitoramento e Software para Calibra\u00e7\u00e3o, Ensaio e Inspe\u00e7\u00e3o\" \/>\n<meta property=\"article:modified_time\" content=\"2022-04-22T18:19:48+00:00\" \/>\n<meta property=\"og:image\" content=\"https:\/\/auna.com.br\/auna\/wp-content\/uploads\/2019\/06\/u3606b_2.jpg\" \/>\n\t<meta property=\"og:image:width\" content=\"400\" \/>\n\t<meta property=\"og:image:height\" content=\"400\" \/>\n\t<meta property=\"og:image:type\" content=\"image\/jpeg\" \/>\n<meta name=\"twitter:card\" content=\"summary_large_image\" \/>\n<meta name=\"twitter:label1\" content=\"Est. tempo de leitura\" \/>\n\t<meta name=\"twitter:data1\" content=\"1 minuto\" \/>\n<script type=\"application\/ld+json\" class=\"yoast-schema-graph\">{\"@context\":\"https:\\\/\\\/schema.org\",\"@graph\":[{\"@type\":\"WebPage\",\"@id\":\"https:\\\/\\\/auna.com.br\\\/auna\\\/produto\\\/u3606b\\\/\",\"url\":\"https:\\\/\\\/auna.com.br\\\/auna\\\/produto\\\/u3606b\\\/\",\"name\":\"U3606B - AUNA Metrologia e Instrumenta\u00e7\u00e3o - Instrumentos de Medi\u00e7\u00e3o, Sensores para Monitoramento e Software para Calibra\u00e7\u00e3o, Ensaio e Inspe\u00e7\u00e3o\",\"isPartOf\":{\"@id\":\"https:\\\/\\\/auna.com.br\\\/auna\\\/#website\"},\"primaryImageOfPage\":{\"@id\":\"https:\\\/\\\/auna.com.br\\\/auna\\\/produto\\\/u3606b\\\/#primaryimage\"},\"image\":{\"@id\":\"https:\\\/\\\/auna.com.br\\\/auna\\\/produto\\\/u3606b\\\/#primaryimage\"},\"thumbnailUrl\":\"https:\\\/\\\/auna.com.br\\\/auna\\\/wp-content\\\/uploads\\\/2019\\\/06\\\/u3606b_2.jpg\",\"datePublished\":\"2019-06-11T03:22:13+00:00\",\"dateModified\":\"2022-04-22T18:19:48+00:00\",\"breadcrumb\":{\"@id\":\"https:\\\/\\\/auna.com.br\\\/auna\\\/produto\\\/u3606b\\\/#breadcrumb\"},\"inLanguage\":\"pt-BR\",\"potentialAction\":[{\"@type\":\"ReadAction\",\"target\":[\"https:\\\/\\\/auna.com.br\\\/auna\\\/produto\\\/u3606b\\\/\"]}]},{\"@type\":\"ImageObject\",\"inLanguage\":\"pt-BR\",\"@id\":\"https:\\\/\\\/auna.com.br\\\/auna\\\/produto\\\/u3606b\\\/#primaryimage\",\"url\":\"https:\\\/\\\/auna.com.br\\\/auna\\\/wp-content\\\/uploads\\\/2019\\\/06\\\/u3606b_2.jpg\",\"contentUrl\":\"https:\\\/\\\/auna.com.br\\\/auna\\\/wp-content\\\/uploads\\\/2019\\\/06\\\/u3606b_2.jpg\",\"width\":400,\"height\":400},{\"@type\":\"BreadcrumbList\",\"@id\":\"https:\\\/\\\/auna.com.br\\\/auna\\\/produto\\\/u3606b\\\/#breadcrumb\",\"itemListElement\":[{\"@type\":\"ListItem\",\"position\":1,\"name\":\"In\u00edcio\",\"item\":\"https:\\\/\\\/auna.com.br\\\/auna\\\/\"},{\"@type\":\"ListItem\",\"position\":2,\"name\":\"Instrumentos\",\"item\":\"https:\\\/\\\/auna.com.br\\\/auna\\\/loja\\\/\"},{\"@type\":\"ListItem\",\"position\":3,\"name\":\"U3606B\"}]},{\"@type\":\"WebSite\",\"@id\":\"https:\\\/\\\/auna.com.br\\\/auna\\\/#website\",\"url\":\"https:\\\/\\\/auna.com.br\\\/auna\\\/\",\"name\":\"AUNA Metrologia e Instrumenta\u00e7\u00e3o - Instrumentos de Medi\u00e7\u00e3o, Sensores para Monitoramento e Software para Calibra\u00e7\u00e3o, Ensaio e Inspe\u00e7\u00e3o\",\"description\":\"comercial@auna.com.br || +55 15 9 8129-4041\",\"publisher\":{\"@id\":\"https:\\\/\\\/auna.com.br\\\/auna\\\/#organization\"},\"potentialAction\":[{\"@type\":\"SearchAction\",\"target\":{\"@type\":\"EntryPoint\",\"urlTemplate\":\"https:\\\/\\\/auna.com.br\\\/auna\\\/?s={search_term_string}\"},\"query-input\":{\"@type\":\"PropertyValueSpecification\",\"valueRequired\":true,\"valueName\":\"search_term_string\"}}],\"inLanguage\":\"pt-BR\"},{\"@type\":\"Organization\",\"@id\":\"https:\\\/\\\/auna.com.br\\\/auna\\\/#organization\",\"name\":\"AUNA Metrologia e Instrumenta\u00e7\u00e3o - Instrumentos de Medi\u00e7\u00e3o, Sensores para Monitoramento e Software para Calibra\u00e7\u00e3o, Ensaio e Inspe\u00e7\u00e3o\",\"url\":\"https:\\\/\\\/auna.com.br\\\/auna\\\/\",\"logo\":{\"@type\":\"ImageObject\",\"inLanguage\":\"pt-BR\",\"@id\":\"https:\\\/\\\/auna.com.br\\\/auna\\\/#\\\/schema\\\/logo\\\/image\\\/\",\"url\":\"https:\\\/\\\/auna.com.br\\\/auna\\\/wp-content\\\/uploads\\\/2023\\\/03\\\/cropped-AUNA_Logo_Transparente.png\",\"contentUrl\":\"https:\\\/\\\/auna.com.br\\\/auna\\\/wp-content\\\/uploads\\\/2023\\\/03\\\/cropped-AUNA_Logo_Transparente.png\",\"width\":960,\"height\":430,\"caption\":\"AUNA Metrologia e Instrumenta\u00e7\u00e3o - Instrumentos de Medi\u00e7\u00e3o, Sensores para Monitoramento e Software para Calibra\u00e7\u00e3o, Ensaio e Inspe\u00e7\u00e3o\"},\"image\":{\"@id\":\"https:\\\/\\\/auna.com.br\\\/auna\\\/#\\\/schema\\\/logo\\\/image\\\/\"}}]}<\/script>\n<!-- \/ Yoast SEO plugin. -->","yoast_head_json":{"title":"U3606B - AUNA Metrologia e Instrumenta\u00e7\u00e3o - Instrumentos de Medi\u00e7\u00e3o, Sensores para Monitoramento e Software para Calibra\u00e7\u00e3o, Ensaio e Inspe\u00e7\u00e3o","robots":{"index":"index","follow":"follow","max-snippet":"max-snippet:-1","max-image-preview":"max-image-preview:large","max-video-preview":"max-video-preview:-1"},"canonical":"https:\/\/auna.com.br\/auna\/produto\/u3606b\/","og_locale":"pt_BR","og_type":"article","og_title":"U3606B - AUNA Metrologia e Instrumenta\u00e7\u00e3o - Instrumentos de Medi\u00e7\u00e3o, Sensores para Monitoramento e Software para Calibra\u00e7\u00e3o, Ensaio e Inspe\u00e7\u00e3o","og_description":"U3606B Mult\u00edmetro\/fonte de alimenta\u00e7\u00e3o DC U3606B \u00e9 a combina\u00e7\u00e3o entre um mult\u00edmetro digital de 5 \u00bd d\u00edgitos e resolu\u00e7\u00e3o de 120000 contagens e uma fonte de alimenta\u00e7\u00e3o DC de 30 W, que podem trabalhar simult\u00e2nea e independentemente, \u00e9 a ferramenta ideal possibilitando testes eficientes e acess\u00edveis ao mesmo tempo em que economiza espa\u00e7o na bancada [&hellip;]","og_url":"https:\/\/auna.com.br\/auna\/produto\/u3606b\/","og_site_name":"AUNA Metrologia e Instrumenta\u00e7\u00e3o - Instrumentos de Medi\u00e7\u00e3o, Sensores para Monitoramento e Software para Calibra\u00e7\u00e3o, Ensaio e Inspe\u00e7\u00e3o","article_modified_time":"2022-04-22T18:19:48+00:00","og_image":[{"width":400,"height":400,"url":"https:\/\/auna.com.br\/auna\/wp-content\/uploads\/2019\/06\/u3606b_2.jpg","type":"image\/jpeg"}],"twitter_card":"summary_large_image","twitter_misc":{"Est. tempo de leitura":"1 minuto"},"schema":{"@context":"https:\/\/schema.org","@graph":[{"@type":"WebPage","@id":"https:\/\/auna.com.br\/auna\/produto\/u3606b\/","url":"https:\/\/auna.com.br\/auna\/produto\/u3606b\/","name":"U3606B - AUNA Metrologia e Instrumenta\u00e7\u00e3o - Instrumentos de Medi\u00e7\u00e3o, Sensores para Monitoramento e Software para Calibra\u00e7\u00e3o, Ensaio e Inspe\u00e7\u00e3o","isPartOf":{"@id":"https:\/\/auna.com.br\/auna\/#website"},"primaryImageOfPage":{"@id":"https:\/\/auna.com.br\/auna\/produto\/u3606b\/#primaryimage"},"image":{"@id":"https:\/\/auna.com.br\/auna\/produto\/u3606b\/#primaryimage"},"thumbnailUrl":"https:\/\/auna.com.br\/auna\/wp-content\/uploads\/2019\/06\/u3606b_2.jpg","datePublished":"2019-06-11T03:22:13+00:00","dateModified":"2022-04-22T18:19:48+00:00","breadcrumb":{"@id":"https:\/\/auna.com.br\/auna\/produto\/u3606b\/#breadcrumb"},"inLanguage":"pt-BR","potentialAction":[{"@type":"ReadAction","target":["https:\/\/auna.com.br\/auna\/produto\/u3606b\/"]}]},{"@type":"ImageObject","inLanguage":"pt-BR","@id":"https:\/\/auna.com.br\/auna\/produto\/u3606b\/#primaryimage","url":"https:\/\/auna.com.br\/auna\/wp-content\/uploads\/2019\/06\/u3606b_2.jpg","contentUrl":"https:\/\/auna.com.br\/auna\/wp-content\/uploads\/2019\/06\/u3606b_2.jpg","width":400,"height":400},{"@type":"BreadcrumbList","@id":"https:\/\/auna.com.br\/auna\/produto\/u3606b\/#breadcrumb","itemListElement":[{"@type":"ListItem","position":1,"name":"In\u00edcio","item":"https:\/\/auna.com.br\/auna\/"},{"@type":"ListItem","position":2,"name":"Instrumentos","item":"https:\/\/auna.com.br\/auna\/loja\/"},{"@type":"ListItem","position":3,"name":"U3606B"}]},{"@type":"WebSite","@id":"https:\/\/auna.com.br\/auna\/#website","url":"https:\/\/auna.com.br\/auna\/","name":"AUNA Metrologia e Instrumenta\u00e7\u00e3o - Instrumentos de Medi\u00e7\u00e3o, Sensores para Monitoramento e Software para Calibra\u00e7\u00e3o, Ensaio e Inspe\u00e7\u00e3o","description":"comercial@auna.com.br || +55 15 9 8129-4041","publisher":{"@id":"https:\/\/auna.com.br\/auna\/#organization"},"potentialAction":[{"@type":"SearchAction","target":{"@type":"EntryPoint","urlTemplate":"https:\/\/auna.com.br\/auna\/?s={search_term_string}"},"query-input":{"@type":"PropertyValueSpecification","valueRequired":true,"valueName":"search_term_string"}}],"inLanguage":"pt-BR"},{"@type":"Organization","@id":"https:\/\/auna.com.br\/auna\/#organization","name":"AUNA Metrologia e Instrumenta\u00e7\u00e3o - Instrumentos de Medi\u00e7\u00e3o, Sensores para Monitoramento e Software para Calibra\u00e7\u00e3o, Ensaio e Inspe\u00e7\u00e3o","url":"https:\/\/auna.com.br\/auna\/","logo":{"@type":"ImageObject","inLanguage":"pt-BR","@id":"https:\/\/auna.com.br\/auna\/#\/schema\/logo\/image\/","url":"https:\/\/auna.com.br\/auna\/wp-content\/uploads\/2023\/03\/cropped-AUNA_Logo_Transparente.png","contentUrl":"https:\/\/auna.com.br\/auna\/wp-content\/uploads\/2023\/03\/cropped-AUNA_Logo_Transparente.png","width":960,"height":430,"caption":"AUNA Metrologia e Instrumenta\u00e7\u00e3o - Instrumentos de Medi\u00e7\u00e3o, Sensores para Monitoramento e Software para Calibra\u00e7\u00e3o, Ensaio e Inspe\u00e7\u00e3o"},"image":{"@id":"https:\/\/auna.com.br\/auna\/#\/schema\/logo\/image\/"}}]}},"_links":{"self":[{"href":"https:\/\/auna.com.br\/auna\/wp-json\/wp\/v2\/product\/949","targetHints":{"allow":["GET"]}}],"collection":[{"href":"https:\/\/auna.com.br\/auna\/wp-json\/wp\/v2\/product"}],"about":[{"href":"https:\/\/auna.com.br\/auna\/wp-json\/wp\/v2\/types\/product"}],"replies":[{"embeddable":true,"href":"https:\/\/auna.com.br\/auna\/wp-json\/wp\/v2\/comments?post=949"}],"wp:featuredmedia":[{"embeddable":true,"href":"https:\/\/auna.com.br\/auna\/wp-json\/wp\/v2\/media\/948"}],"wp:attachment":[{"href":"https:\/\/auna.com.br\/auna\/wp-json\/wp\/v2\/media?parent=949"}],"wp:term":[{"taxonomy":"product_brand","embeddable":true,"href":"https:\/\/auna.com.br\/auna\/wp-json\/wp\/v2\/product_brand?post=949"},{"taxonomy":"product_cat","embeddable":true,"href":"https:\/\/auna.com.br\/auna\/wp-json\/wp\/v2\/product_cat?post=949"},{"taxonomy":"product_tag","embeddable":true,"href":"https:\/\/auna.com.br\/auna\/wp-json\/wp\/v2\/product_tag?post=949"},{"taxonomy":"wpstream_actors","embeddable":true,"href":"https:\/\/auna.com.br\/auna\/wp-json\/wp\/v2\/wpstream_actors?post=949"},{"taxonomy":"wpstream_category","embeddable":true,"href":"https:\/\/auna.com.br\/auna\/wp-json\/wp\/v2\/wpstream_category?post=949"},{"taxonomy":"wpstream_movie_rating","embeddable":true,"href":"https:\/\/auna.com.br\/auna\/wp-json\/wp\/v2\/wpstream_movie_rating?post=949"}],"curies":[{"name":"wp","href":"https:\/\/api.w.org\/{rel}","templated":true}]}}