{"id":959,"date":"2019-06-11T03:33:20","date_gmt":"2019-06-11T03:33:20","guid":{"rendered":"https:\/\/www.aunarepresentacoes.com.br\/?post_type=product&#038;p=959"},"modified":"2025-12-20T09:56:46","modified_gmt":"2025-12-20T12:56:46","slug":"additel-286-2","status":"publish","type":"product","link":"https:\/\/auna.com.br\/auna\/produto\/additel-286-2\/","title":{"rendered":"Additel 286"},"content":{"rendered":"<p><strong>Additel 286 &#8211; Term\u00f4metro Digital Multifun\u00e7\u00f5es<\/strong><\/p>\n<p>O Term\u00f4metro de Refer\u00eancia Multifun\u00e7\u00f5es ADT286 combina as capacidades de um term\u00f4metro de refer\u00eancia com um sistema de aquisi\u00e7\u00e3o de dados de alta capacidade e um mult\u00edmetro digital de 8.1\/2 d\u00edgitos. O ADT286 \u00e9 capaz de escanear at\u00e9 82 canais com raz\u00e3o de 10 canais por segundo. As configura\u00e7\u00f5es s\u00e3o facilmente efetuadas pelo usu\u00e1rio permitindo executar calibra\u00e7\u00f5es em campo, estudo de uniformidade bem como utiliza\u00e7\u00e3o em Laborat\u00f3rio como um Term\u00f4metro e Mult\u00edmetro de Precis\u00e3o.<\/p>\n<p>O ADT286 possui 2 (dois) canais no painel frontal para medi\u00e7\u00e3o de SPRT&#8217;s. Se voc\u00ea precisa calibrar RTD&#8217;s, PRT&#8217;s, termistores ou termopares, adicione o m\u00f3dulo de scanner ADT286-TS e me\u00e7a at\u00e9 10 RTD&#8217;s a 4 fios ou 20 sensores RTD\/TC a 2 fios; o sistema permite expans\u00e3o para at\u00e9 82 canais usando nossos m\u00f3dulos. Cada m\u00f3dulo scanner de temperatura possui a melhor conex\u00e3o de junta fria do mercado. Voc\u00ea pode utilizar este m\u00f3dulo instalado no pr\u00f3prio ADT286 ou conectado via cabo. O ADT286 possui biblioteca para 15 tipos de termopares, 18 tipos de resistores t\u00e9rmicos, permite caracteriza\u00e7\u00e3o CVD, ITS-90 e uma grande variedade de curvas padr\u00f5es de RTD&#8217;s e termistores. Voc\u00ea poder\u00e1 executar testes de calibra\u00e7\u00e3o de probes e SPRT&#8217;s, mapeamento e valida\u00e7\u00e3o de c\u00e2maras, frizzers e autoclaves.<\/p>\n<p>Combine o ADT286 com o m\u00f3dulo de processo ADT286-PS e fa\u00e7a medi\u00e7\u00f5es de instrumenta\u00e7\u00e3o de processo com sinal 4-20mA tais como transmissores, etc. Este m\u00f3dulo tem fonte interna para alimenta\u00e7\u00e3o do loop da instrumenta\u00e7\u00e3o de processo n\u00e3o requerendo fontes externas.<\/p>\n<div><strong>Calibra\u00e7\u00e3o de Probes e Controle Autom\u00e1tico de Temperatura<\/strong><\/div>\n<div>O Additel 286 possui drives pr\u00e9-instalados para permitir a comunica\u00e7\u00e3o com blocos secos e fonte de temperatura. Simplesmente conecte o equipamento atrav\u00e9s do cabo de comunica\u00e7\u00e3o, Ethernet ou via wireless e voc\u00ea ter\u00e1 um controle totalmente autom\u00e1tico de valores de temperaturas e estabilidades pr\u00e9-definidas. Se seu bloco seco n\u00e3o estiver na lista pr\u00e9-carregada pela Additel, n\u00e3o se preocupe, voc\u00ea mesmo pode facilmente adicionar o driver de comunica\u00e7\u00e3o e executar suas calibra\u00e7\u00f5es automatizadas com qualquer bloco seco ou fonte de gera\u00e7\u00e3o de temperatura. Voc\u00ea pode executar rotinas de calibra\u00e7\u00e3o e calibrar diversos termo-elementos simultaneamente sem nenhum software adicional. Voc\u00ea ir\u00e1 registrar os resultados e valores padr\u00f5es de temperatura e gerar seus relat\u00f3rios.<\/div>\n<div><\/div>\n<div>\n<div><strong>Resistores Padr\u00f5es ADT286-RS<\/strong><\/div>\n<div>Dispon\u00edveis com valores de 25 Ohms e 100 Ohms, voc\u00ea pode melhorar a performance de suas medi\u00e7\u00f5es conectando um destes resistores de refer\u00eancia no canal 2 de seu novo ADT286 tornando-o perfeito para calibra\u00e7\u00e3o de SPRT&#8217;s e PRT&#8217;s.<\/div>\n<\/div>\n<div><\/div>\n<div><strong>Principais Caracter\u00edsticas<\/strong><\/div>\n<div>\n<div>\u2022 Display de 10.1&#8243; com acionamento por toque (touch screen)<\/div>\n<div>\u2022 Medi\u00e7\u00e3o e calibra\u00e7\u00e3o de SPRT&#8217;s, RTD&#8217;s termistores e termopares<\/div>\n<div>\u2022 Exatid\u00e3o de 1 ppm na medi\u00e7\u00e3o de resist\u00eancia (canal 1)<\/div>\n<div>\u2022 Mult\u00edmetro digital de 8.1\/2 d\u00edgitos (DC)<\/div>\n<div>\u2022 Scanner com medi\u00e7\u00e3o at\u00e9 82 canais e 10 leituras por segundo<\/div>\n<div>\u2022 Comunica\u00e7\u00e3o HART<\/div>\n<div>\u2022 Interfaces USB e Ethernet (RJ-45)<\/div>\n<div>\u2022 Controle de Blocos Secos de qualquer marca e modelo<\/div>\n<div>\u2022 Integra controle de temperatura autom\u00e1tico, coleta de dados e gera\u00e7\u00e3o de coeficientes<\/div>\n<div>\u2022 Suporta cria\u00e7\u00e3o de controle customizado de fontes de aquecimento atrav\u00e9s da RS-232<\/div>\n<div>\u2022 Compensa\u00e7\u00e3o autom\u00e1tica de aquecimento (auto-power zero)<\/div>\n<div>\u2022 Permite calibra\u00e7\u00e3o de temperatura 100% automatizada com coleta dos dados e gera\u00e7\u00e3o de relat\u00f3rios sem software adicional<\/div>\n<div>\n<div>\n<div><strong>Produtos co-relacionados<\/strong><\/div>\n<\/div>\n<\/div>\n<div>\u2022 Utilize esta equipamento em conjunto com os blocos secos ADT875 da Additel e obtenha uma calibra\u00e7\u00e3o totalmente automatizada.<\/div>\n<\/div>\n","protected":false},"excerpt":{"rendered":"<p>Additel 286 &#8211; Term\u00f4metro Digital Multifun\u00e7\u00f5es O Term\u00f4metro de Refer\u00eancia Multifun\u00e7\u00f5es ADT286 combina as capacidades de um term\u00f4metro de refer\u00eancia com um sistema de aquisi\u00e7\u00e3o de dados de alta capacidade e um mult\u00edmetro digital de 8.1\/2 d\u00edgitos. O ADT286 \u00e9 capaz de escanear at\u00e9 82 canais com raz\u00e3o de 10 canais por segundo. As configura\u00e7\u00f5es [&hellip;]<\/p>\n","protected":false},"featured_media":960,"comment_status":"closed","ping_status":"closed","template":"","meta":[],"product_brand":[],"product_cat":[77],"product_tag":[],"wpstream_actors":[],"wpstream_category":[],"wpstream_movie_rating":[],"class_list":{"0":"post-959","1":"product","2":"type-product","3":"status-publish","4":"has-post-thumbnail","6":"product_cat-multimetro-de-bancada","8":"first","9":"onbackorder","10":"taxable","11":"shipping-taxable","12":"product-type-simple","13":"czr-hentry"},"yoast_head":"<!-- This site is optimized with the Yoast SEO plugin v27.5 - https:\/\/yoast.com\/product\/yoast-seo-wordpress\/ -->\n<title>Additel 286 - AUNA Metrologia e Instrumenta\u00e7\u00e3o - Instrumentos de Medi\u00e7\u00e3o, Sensores para Monitoramento e Software para Calibra\u00e7\u00e3o, Ensaio e Inspe\u00e7\u00e3o<\/title>\n<meta name=\"robots\" content=\"index, follow, max-snippet:-1, max-image-preview:large, max-video-preview:-1\" \/>\n<link rel=\"canonical\" href=\"https:\/\/auna.com.br\/auna\/produto\/additel-286-2\/\" \/>\n<meta property=\"og:locale\" content=\"pt_BR\" \/>\n<meta property=\"og:type\" content=\"article\" \/>\n<meta property=\"og:title\" content=\"Additel 286 - AUNA Metrologia e Instrumenta\u00e7\u00e3o - Instrumentos de Medi\u00e7\u00e3o, Sensores para Monitoramento e Software para Calibra\u00e7\u00e3o, Ensaio e Inspe\u00e7\u00e3o\" \/>\n<meta property=\"og:description\" content=\"Additel 286 &#8211; Term\u00f4metro Digital Multifun\u00e7\u00f5es O Term\u00f4metro de Refer\u00eancia Multifun\u00e7\u00f5es ADT286 combina as capacidades de um term\u00f4metro de refer\u00eancia com um sistema de aquisi\u00e7\u00e3o de dados de alta capacidade e um mult\u00edmetro digital de 8.1\/2 d\u00edgitos. O ADT286 \u00e9 capaz de escanear at\u00e9 82 canais com raz\u00e3o de 10 canais por segundo. As configura\u00e7\u00f5es [&hellip;]\" \/>\n<meta property=\"og:url\" content=\"https:\/\/auna.com.br\/auna\/produto\/additel-286-2\/\" \/>\n<meta property=\"og:site_name\" content=\"AUNA Metrologia e Instrumenta\u00e7\u00e3o - Instrumentos de Medi\u00e7\u00e3o, Sensores para Monitoramento e Software para Calibra\u00e7\u00e3o, Ensaio e Inspe\u00e7\u00e3o\" \/>\n<meta property=\"article:modified_time\" content=\"2025-12-20T12:56:46+00:00\" \/>\n<meta property=\"og:image\" content=\"https:\/\/auna.com.br\/auna\/wp-content\/uploads\/2019\/06\/aaa286-1.jpg\" \/>\n\t<meta property=\"og:image:width\" content=\"400\" \/>\n\t<meta property=\"og:image:height\" content=\"400\" \/>\n\t<meta property=\"og:image:type\" content=\"image\/jpeg\" \/>\n<meta name=\"twitter:card\" content=\"summary_large_image\" \/>\n<meta name=\"twitter:label1\" content=\"Est. tempo de leitura\" \/>\n\t<meta name=\"twitter:data1\" content=\"4 minutos\" \/>\n<script type=\"application\/ld+json\" class=\"yoast-schema-graph\">{\"@context\":\"https:\\\/\\\/schema.org\",\"@graph\":[{\"@type\":\"WebPage\",\"@id\":\"https:\\\/\\\/auna.com.br\\\/auna\\\/produto\\\/additel-286-2\\\/\",\"url\":\"https:\\\/\\\/auna.com.br\\\/auna\\\/produto\\\/additel-286-2\\\/\",\"name\":\"Additel 286 - AUNA Metrologia e Instrumenta\u00e7\u00e3o - Instrumentos de Medi\u00e7\u00e3o, Sensores para Monitoramento e Software para Calibra\u00e7\u00e3o, Ensaio e Inspe\u00e7\u00e3o\",\"isPartOf\":{\"@id\":\"https:\\\/\\\/auna.com.br\\\/auna\\\/#website\"},\"primaryImageOfPage\":{\"@id\":\"https:\\\/\\\/auna.com.br\\\/auna\\\/produto\\\/additel-286-2\\\/#primaryimage\"},\"image\":{\"@id\":\"https:\\\/\\\/auna.com.br\\\/auna\\\/produto\\\/additel-286-2\\\/#primaryimage\"},\"thumbnailUrl\":\"https:\\\/\\\/auna.com.br\\\/auna\\\/wp-content\\\/uploads\\\/2019\\\/06\\\/aaa286-1.jpg\",\"datePublished\":\"2019-06-11T03:33:20+00:00\",\"dateModified\":\"2025-12-20T12:56:46+00:00\",\"breadcrumb\":{\"@id\":\"https:\\\/\\\/auna.com.br\\\/auna\\\/produto\\\/additel-286-2\\\/#breadcrumb\"},\"inLanguage\":\"pt-BR\",\"potentialAction\":[{\"@type\":\"ReadAction\",\"target\":[\"https:\\\/\\\/auna.com.br\\\/auna\\\/produto\\\/additel-286-2\\\/\"]}]},{\"@type\":\"ImageObject\",\"inLanguage\":\"pt-BR\",\"@id\":\"https:\\\/\\\/auna.com.br\\\/auna\\\/produto\\\/additel-286-2\\\/#primaryimage\",\"url\":\"https:\\\/\\\/auna.com.br\\\/auna\\\/wp-content\\\/uploads\\\/2019\\\/06\\\/aaa286-1.jpg\",\"contentUrl\":\"https:\\\/\\\/auna.com.br\\\/auna\\\/wp-content\\\/uploads\\\/2019\\\/06\\\/aaa286-1.jpg\",\"width\":400,\"height\":400},{\"@type\":\"BreadcrumbList\",\"@id\":\"https:\\\/\\\/auna.com.br\\\/auna\\\/produto\\\/additel-286-2\\\/#breadcrumb\",\"itemListElement\":[{\"@type\":\"ListItem\",\"position\":1,\"name\":\"In\u00edcio\",\"item\":\"https:\\\/\\\/auna.com.br\\\/auna\\\/\"},{\"@type\":\"ListItem\",\"position\":2,\"name\":\"Instrumentos\",\"item\":\"https:\\\/\\\/auna.com.br\\\/auna\\\/loja\\\/\"},{\"@type\":\"ListItem\",\"position\":3,\"name\":\"Additel 286\"}]},{\"@type\":\"WebSite\",\"@id\":\"https:\\\/\\\/auna.com.br\\\/auna\\\/#website\",\"url\":\"https:\\\/\\\/auna.com.br\\\/auna\\\/\",\"name\":\"AUNA Metrologia e Instrumenta\u00e7\u00e3o - Instrumentos de Medi\u00e7\u00e3o, Sensores para Monitoramento e Software para Calibra\u00e7\u00e3o, Ensaio e Inspe\u00e7\u00e3o\",\"description\":\"comercial@auna.com.br || +55 15 9 8129-4041\",\"publisher\":{\"@id\":\"https:\\\/\\\/auna.com.br\\\/auna\\\/#organization\"},\"potentialAction\":[{\"@type\":\"SearchAction\",\"target\":{\"@type\":\"EntryPoint\",\"urlTemplate\":\"https:\\\/\\\/auna.com.br\\\/auna\\\/?s={search_term_string}\"},\"query-input\":{\"@type\":\"PropertyValueSpecification\",\"valueRequired\":true,\"valueName\":\"search_term_string\"}}],\"inLanguage\":\"pt-BR\"},{\"@type\":\"Organization\",\"@id\":\"https:\\\/\\\/auna.com.br\\\/auna\\\/#organization\",\"name\":\"AUNA Metrologia e Instrumenta\u00e7\u00e3o - Instrumentos de Medi\u00e7\u00e3o, Sensores para Monitoramento e Software para Calibra\u00e7\u00e3o, Ensaio e Inspe\u00e7\u00e3o\",\"url\":\"https:\\\/\\\/auna.com.br\\\/auna\\\/\",\"logo\":{\"@type\":\"ImageObject\",\"inLanguage\":\"pt-BR\",\"@id\":\"https:\\\/\\\/auna.com.br\\\/auna\\\/#\\\/schema\\\/logo\\\/image\\\/\",\"url\":\"https:\\\/\\\/auna.com.br\\\/auna\\\/wp-content\\\/uploads\\\/2023\\\/03\\\/cropped-AUNA_Logo_Transparente.png\",\"contentUrl\":\"https:\\\/\\\/auna.com.br\\\/auna\\\/wp-content\\\/uploads\\\/2023\\\/03\\\/cropped-AUNA_Logo_Transparente.png\",\"width\":960,\"height\":430,\"caption\":\"AUNA Metrologia e Instrumenta\u00e7\u00e3o - Instrumentos de Medi\u00e7\u00e3o, Sensores para Monitoramento e Software para Calibra\u00e7\u00e3o, Ensaio e Inspe\u00e7\u00e3o\"},\"image\":{\"@id\":\"https:\\\/\\\/auna.com.br\\\/auna\\\/#\\\/schema\\\/logo\\\/image\\\/\"}}]}<\/script>\n<!-- \/ Yoast SEO plugin. -->","yoast_head_json":{"title":"Additel 286 - AUNA Metrologia e Instrumenta\u00e7\u00e3o - Instrumentos de Medi\u00e7\u00e3o, Sensores para Monitoramento e Software para Calibra\u00e7\u00e3o, Ensaio e Inspe\u00e7\u00e3o","robots":{"index":"index","follow":"follow","max-snippet":"max-snippet:-1","max-image-preview":"max-image-preview:large","max-video-preview":"max-video-preview:-1"},"canonical":"https:\/\/auna.com.br\/auna\/produto\/additel-286-2\/","og_locale":"pt_BR","og_type":"article","og_title":"Additel 286 - AUNA Metrologia e Instrumenta\u00e7\u00e3o - Instrumentos de Medi\u00e7\u00e3o, Sensores para Monitoramento e Software para Calibra\u00e7\u00e3o, Ensaio e Inspe\u00e7\u00e3o","og_description":"Additel 286 &#8211; Term\u00f4metro Digital Multifun\u00e7\u00f5es O Term\u00f4metro de Refer\u00eancia Multifun\u00e7\u00f5es ADT286 combina as capacidades de um term\u00f4metro de refer\u00eancia com um sistema de aquisi\u00e7\u00e3o de dados de alta capacidade e um mult\u00edmetro digital de 8.1\/2 d\u00edgitos. O ADT286 \u00e9 capaz de escanear at\u00e9 82 canais com raz\u00e3o de 10 canais por segundo. As configura\u00e7\u00f5es [&hellip;]","og_url":"https:\/\/auna.com.br\/auna\/produto\/additel-286-2\/","og_site_name":"AUNA Metrologia e Instrumenta\u00e7\u00e3o - Instrumentos de Medi\u00e7\u00e3o, Sensores para Monitoramento e Software para Calibra\u00e7\u00e3o, Ensaio e Inspe\u00e7\u00e3o","article_modified_time":"2025-12-20T12:56:46+00:00","og_image":[{"width":400,"height":400,"url":"https:\/\/auna.com.br\/auna\/wp-content\/uploads\/2019\/06\/aaa286-1.jpg","type":"image\/jpeg"}],"twitter_card":"summary_large_image","twitter_misc":{"Est. tempo de leitura":"4 minutos"},"schema":{"@context":"https:\/\/schema.org","@graph":[{"@type":"WebPage","@id":"https:\/\/auna.com.br\/auna\/produto\/additel-286-2\/","url":"https:\/\/auna.com.br\/auna\/produto\/additel-286-2\/","name":"Additel 286 - AUNA Metrologia e Instrumenta\u00e7\u00e3o - Instrumentos de Medi\u00e7\u00e3o, Sensores para Monitoramento e Software para Calibra\u00e7\u00e3o, Ensaio e Inspe\u00e7\u00e3o","isPartOf":{"@id":"https:\/\/auna.com.br\/auna\/#website"},"primaryImageOfPage":{"@id":"https:\/\/auna.com.br\/auna\/produto\/additel-286-2\/#primaryimage"},"image":{"@id":"https:\/\/auna.com.br\/auna\/produto\/additel-286-2\/#primaryimage"},"thumbnailUrl":"https:\/\/auna.com.br\/auna\/wp-content\/uploads\/2019\/06\/aaa286-1.jpg","datePublished":"2019-06-11T03:33:20+00:00","dateModified":"2025-12-20T12:56:46+00:00","breadcrumb":{"@id":"https:\/\/auna.com.br\/auna\/produto\/additel-286-2\/#breadcrumb"},"inLanguage":"pt-BR","potentialAction":[{"@type":"ReadAction","target":["https:\/\/auna.com.br\/auna\/produto\/additel-286-2\/"]}]},{"@type":"ImageObject","inLanguage":"pt-BR","@id":"https:\/\/auna.com.br\/auna\/produto\/additel-286-2\/#primaryimage","url":"https:\/\/auna.com.br\/auna\/wp-content\/uploads\/2019\/06\/aaa286-1.jpg","contentUrl":"https:\/\/auna.com.br\/auna\/wp-content\/uploads\/2019\/06\/aaa286-1.jpg","width":400,"height":400},{"@type":"BreadcrumbList","@id":"https:\/\/auna.com.br\/auna\/produto\/additel-286-2\/#breadcrumb","itemListElement":[{"@type":"ListItem","position":1,"name":"In\u00edcio","item":"https:\/\/auna.com.br\/auna\/"},{"@type":"ListItem","position":2,"name":"Instrumentos","item":"https:\/\/auna.com.br\/auna\/loja\/"},{"@type":"ListItem","position":3,"name":"Additel 286"}]},{"@type":"WebSite","@id":"https:\/\/auna.com.br\/auna\/#website","url":"https:\/\/auna.com.br\/auna\/","name":"AUNA Metrologia e Instrumenta\u00e7\u00e3o - Instrumentos de Medi\u00e7\u00e3o, Sensores para Monitoramento e Software para Calibra\u00e7\u00e3o, Ensaio e Inspe\u00e7\u00e3o","description":"comercial@auna.com.br || +55 15 9 8129-4041","publisher":{"@id":"https:\/\/auna.com.br\/auna\/#organization"},"potentialAction":[{"@type":"SearchAction","target":{"@type":"EntryPoint","urlTemplate":"https:\/\/auna.com.br\/auna\/?s={search_term_string}"},"query-input":{"@type":"PropertyValueSpecification","valueRequired":true,"valueName":"search_term_string"}}],"inLanguage":"pt-BR"},{"@type":"Organization","@id":"https:\/\/auna.com.br\/auna\/#organization","name":"AUNA Metrologia e Instrumenta\u00e7\u00e3o - Instrumentos de Medi\u00e7\u00e3o, Sensores para Monitoramento e Software para Calibra\u00e7\u00e3o, Ensaio e Inspe\u00e7\u00e3o","url":"https:\/\/auna.com.br\/auna\/","logo":{"@type":"ImageObject","inLanguage":"pt-BR","@id":"https:\/\/auna.com.br\/auna\/#\/schema\/logo\/image\/","url":"https:\/\/auna.com.br\/auna\/wp-content\/uploads\/2023\/03\/cropped-AUNA_Logo_Transparente.png","contentUrl":"https:\/\/auna.com.br\/auna\/wp-content\/uploads\/2023\/03\/cropped-AUNA_Logo_Transparente.png","width":960,"height":430,"caption":"AUNA Metrologia e Instrumenta\u00e7\u00e3o - Instrumentos de Medi\u00e7\u00e3o, Sensores para Monitoramento e Software para Calibra\u00e7\u00e3o, Ensaio e Inspe\u00e7\u00e3o"},"image":{"@id":"https:\/\/auna.com.br\/auna\/#\/schema\/logo\/image\/"}}]}},"_links":{"self":[{"href":"https:\/\/auna.com.br\/auna\/wp-json\/wp\/v2\/product\/959","targetHints":{"allow":["GET"]}}],"collection":[{"href":"https:\/\/auna.com.br\/auna\/wp-json\/wp\/v2\/product"}],"about":[{"href":"https:\/\/auna.com.br\/auna\/wp-json\/wp\/v2\/types\/product"}],"replies":[{"embeddable":true,"href":"https:\/\/auna.com.br\/auna\/wp-json\/wp\/v2\/comments?post=959"}],"wp:featuredmedia":[{"embeddable":true,"href":"https:\/\/auna.com.br\/auna\/wp-json\/wp\/v2\/media\/960"}],"wp:attachment":[{"href":"https:\/\/auna.com.br\/auna\/wp-json\/wp\/v2\/media?parent=959"}],"wp:term":[{"taxonomy":"product_brand","embeddable":true,"href":"https:\/\/auna.com.br\/auna\/wp-json\/wp\/v2\/product_brand?post=959"},{"taxonomy":"product_cat","embeddable":true,"href":"https:\/\/auna.com.br\/auna\/wp-json\/wp\/v2\/product_cat?post=959"},{"taxonomy":"product_tag","embeddable":true,"href":"https:\/\/auna.com.br\/auna\/wp-json\/wp\/v2\/product_tag?post=959"},{"taxonomy":"wpstream_actors","embeddable":true,"href":"https:\/\/auna.com.br\/auna\/wp-json\/wp\/v2\/wpstream_actors?post=959"},{"taxonomy":"wpstream_category","embeddable":true,"href":"https:\/\/auna.com.br\/auna\/wp-json\/wp\/v2\/wpstream_category?post=959"},{"taxonomy":"wpstream_movie_rating","embeddable":true,"href":"https:\/\/auna.com.br\/auna\/wp-json\/wp\/v2\/wpstream_movie_rating?post=959"}],"curies":[{"name":"wp","href":"https:\/\/api.w.org\/{rel}","templated":true}]}}