{"id":984,"date":"2019-06-11T03:47:52","date_gmt":"2019-06-11T03:47:52","guid":{"rendered":"https:\/\/www.aunarepresentacoes.com.br\/?post_type=product&#038;p=984"},"modified":"2022-04-22T14:46:34","modified_gmt":"2022-04-22T17:46:34","slug":"u1242c","status":"publish","type":"product","link":"https:\/\/auna.com.br\/auna\/produto\/u1242c\/","title":{"rendered":"U1242C"},"content":{"rendered":"<p><strong>U1242C Mult\u00edmetro digital de m\u00e3o de 4 d\u00edgitos, IP67<\/strong><\/p>\n<p>A S\u00e9rie U1240C de mult\u00edmetros digitais de m\u00e3o s\u00e3o robustos para uso dos t\u00e9cnicos ou engenheiros de teste industriais que utilizam DMM&#8217;s para realizar seus trabalhos com seguran\u00e7a e efici\u00eancia. Projetado para usu\u00e1rios de port\u00e1teis que trabalham em v\u00e1rios ambientes, a s\u00e9rie U1240C \u00e9 certificada para IP 67 e capaz de resistir a quedas de at\u00e9 3 metros para atender tamb\u00e9m aos ambientes de trabalho agressivos. Os mult\u00edmetros da s\u00e9rie U1240C de m\u00e3o podem at\u00e9 trabalhar mais para voc\u00ea pois possuam at\u00e9 400 horas de vida \u00fatil da bateria. Uma lanterna LED embutida permite que voc\u00ea ilumine a \u00e1rea de teste sem necessitar de uma lanterna adicional.<\/p>\n<p>&#8211; display com 10000 contagens<br \/>\n&#8211; precis\u00e3o b\u00e1sica de tens\u00e3o DC de 0,09%<br \/>\n&#8211; bateria de longa durabilidade (at\u00e9 400 horas)<br \/>\n&#8211; certificado para categoria IP67 protegido contra poeira e jatos d&#8217;\u00e1gua<br \/>\n&#8211; categoria de Seguran\u00e7a CAT III 1000 V e CAT IV 600 V<br \/>\n&#8211; lanterna embutida<br \/>\n&#8211; fun\u00e7\u00e3o Vsense para detec\u00e7\u00e3o de tens\u00e3o sem contato<br \/>\n&#8211; medi\u00e7\u00e3o de temperatura diferencial entre T1 e T2<br \/>\n&#8211; medi\u00e7\u00e3o de rela\u00e7\u00e3o harm\u00f4nica para rapidamente identificar a presen\u00e7a de harm\u00f4nicas em sinais AC<br \/>\n&#8211; fun\u00e7\u00e3o ZLow modo de medi\u00e7\u00e3o de baixa imped\u00e2ncia para eliminar falsas leituras causadas por tens\u00f5es parasitas<br \/>\n&#8211; acess\u00f3rio n\u00e3o incluso cabo U1173B cabo para conex\u00e3o entre o IR e a porta USB do PC<br \/>\n&#8211; acess\u00f3rios n\u00e3o inclusos U1115A, U1117A e U1177A para conectividade Bluetooth\u00ae remoto sem fio<\/p>\n","protected":false},"excerpt":{"rendered":"<p>U1242C Mult\u00edmetro digital de m\u00e3o de 4 d\u00edgitos, IP67 A S\u00e9rie U1240C de mult\u00edmetros digitais de m\u00e3o s\u00e3o robustos para uso dos t\u00e9cnicos ou engenheiros de teste industriais que utilizam DMM&#8217;s para realizar seus trabalhos com seguran\u00e7a e efici\u00eancia. Projetado para usu\u00e1rios de port\u00e1teis que trabalham em v\u00e1rios ambientes, a s\u00e9rie U1240C \u00e9 certificada para [&hellip;]<\/p>\n","protected":false},"featured_media":983,"comment_status":"closed","ping_status":"closed","template":"","meta":[],"product_brand":[],"product_cat":[78],"product_tag":[],"wpstream_actors":[],"wpstream_category":[],"wpstream_movie_rating":[],"class_list":{"0":"post-984","1":"product","2":"type-product","3":"status-publish","4":"has-post-thumbnail","6":"product_cat-multimetro-de-mao","8":"first","9":"onbackorder","10":"taxable","11":"shipping-taxable","12":"product-type-simple","13":"czr-hentry"},"yoast_head":"<!-- This site is optimized with the Yoast SEO plugin v27.5 - https:\/\/yoast.com\/product\/yoast-seo-wordpress\/ -->\n<title>U1242C - AUNA Metrologia e Instrumenta\u00e7\u00e3o - Instrumentos de Medi\u00e7\u00e3o, Sensores para Monitoramento e Software para Calibra\u00e7\u00e3o, Ensaio e Inspe\u00e7\u00e3o<\/title>\n<meta name=\"robots\" content=\"index, follow, max-snippet:-1, max-image-preview:large, max-video-preview:-1\" \/>\n<link rel=\"canonical\" href=\"https:\/\/auna.com.br\/auna\/produto\/u1242c\/\" \/>\n<meta property=\"og:locale\" content=\"pt_BR\" \/>\n<meta property=\"og:type\" content=\"article\" \/>\n<meta property=\"og:title\" content=\"U1242C - AUNA Metrologia e Instrumenta\u00e7\u00e3o - Instrumentos de Medi\u00e7\u00e3o, Sensores para Monitoramento e Software para Calibra\u00e7\u00e3o, Ensaio e Inspe\u00e7\u00e3o\" \/>\n<meta property=\"og:description\" content=\"U1242C Mult\u00edmetro digital de m\u00e3o de 4 d\u00edgitos, IP67 A S\u00e9rie U1240C de mult\u00edmetros digitais de m\u00e3o s\u00e3o robustos para uso dos t\u00e9cnicos ou engenheiros de teste industriais que utilizam DMM&#8217;s para realizar seus trabalhos com seguran\u00e7a e efici\u00eancia. Projetado para usu\u00e1rios de port\u00e1teis que trabalham em v\u00e1rios ambientes, a s\u00e9rie U1240C \u00e9 certificada para [&hellip;]\" \/>\n<meta property=\"og:url\" content=\"https:\/\/auna.com.br\/auna\/produto\/u1242c\/\" \/>\n<meta property=\"og:site_name\" content=\"AUNA Metrologia e Instrumenta\u00e7\u00e3o - Instrumentos de Medi\u00e7\u00e3o, Sensores para Monitoramento e Software para Calibra\u00e7\u00e3o, Ensaio e Inspe\u00e7\u00e3o\" \/>\n<meta property=\"article:modified_time\" content=\"2022-04-22T17:46:34+00:00\" \/>\n<meta property=\"og:image\" content=\"https:\/\/auna.com.br\/auna\/wp-content\/uploads\/2019\/06\/u1241c.jpg\" \/>\n\t<meta property=\"og:image:width\" content=\"400\" \/>\n\t<meta property=\"og:image:height\" content=\"400\" \/>\n\t<meta property=\"og:image:type\" content=\"image\/jpeg\" \/>\n<meta name=\"twitter:card\" content=\"summary_large_image\" \/>\n<meta name=\"twitter:label1\" content=\"Est. tempo de leitura\" \/>\n\t<meta name=\"twitter:data1\" content=\"1 minuto\" \/>\n<script type=\"application\/ld+json\" class=\"yoast-schema-graph\">{\"@context\":\"https:\\\/\\\/schema.org\",\"@graph\":[{\"@type\":\"WebPage\",\"@id\":\"https:\\\/\\\/auna.com.br\\\/auna\\\/produto\\\/u1242c\\\/\",\"url\":\"https:\\\/\\\/auna.com.br\\\/auna\\\/produto\\\/u1242c\\\/\",\"name\":\"U1242C - AUNA Metrologia e Instrumenta\u00e7\u00e3o - Instrumentos de Medi\u00e7\u00e3o, Sensores para Monitoramento e Software para Calibra\u00e7\u00e3o, Ensaio e Inspe\u00e7\u00e3o\",\"isPartOf\":{\"@id\":\"https:\\\/\\\/auna.com.br\\\/auna\\\/#website\"},\"primaryImageOfPage\":{\"@id\":\"https:\\\/\\\/auna.com.br\\\/auna\\\/produto\\\/u1242c\\\/#primaryimage\"},\"image\":{\"@id\":\"https:\\\/\\\/auna.com.br\\\/auna\\\/produto\\\/u1242c\\\/#primaryimage\"},\"thumbnailUrl\":\"https:\\\/\\\/auna.com.br\\\/auna\\\/wp-content\\\/uploads\\\/2019\\\/06\\\/u1241c.jpg\",\"datePublished\":\"2019-06-11T03:47:52+00:00\",\"dateModified\":\"2022-04-22T17:46:34+00:00\",\"breadcrumb\":{\"@id\":\"https:\\\/\\\/auna.com.br\\\/auna\\\/produto\\\/u1242c\\\/#breadcrumb\"},\"inLanguage\":\"pt-BR\",\"potentialAction\":[{\"@type\":\"ReadAction\",\"target\":[\"https:\\\/\\\/auna.com.br\\\/auna\\\/produto\\\/u1242c\\\/\"]}]},{\"@type\":\"ImageObject\",\"inLanguage\":\"pt-BR\",\"@id\":\"https:\\\/\\\/auna.com.br\\\/auna\\\/produto\\\/u1242c\\\/#primaryimage\",\"url\":\"https:\\\/\\\/auna.com.br\\\/auna\\\/wp-content\\\/uploads\\\/2019\\\/06\\\/u1241c.jpg\",\"contentUrl\":\"https:\\\/\\\/auna.com.br\\\/auna\\\/wp-content\\\/uploads\\\/2019\\\/06\\\/u1241c.jpg\",\"width\":400,\"height\":400},{\"@type\":\"BreadcrumbList\",\"@id\":\"https:\\\/\\\/auna.com.br\\\/auna\\\/produto\\\/u1242c\\\/#breadcrumb\",\"itemListElement\":[{\"@type\":\"ListItem\",\"position\":1,\"name\":\"In\u00edcio\",\"item\":\"https:\\\/\\\/auna.com.br\\\/auna\\\/\"},{\"@type\":\"ListItem\",\"position\":2,\"name\":\"Instrumentos\",\"item\":\"https:\\\/\\\/auna.com.br\\\/auna\\\/loja\\\/\"},{\"@type\":\"ListItem\",\"position\":3,\"name\":\"U1242C\"}]},{\"@type\":\"WebSite\",\"@id\":\"https:\\\/\\\/auna.com.br\\\/auna\\\/#website\",\"url\":\"https:\\\/\\\/auna.com.br\\\/auna\\\/\",\"name\":\"AUNA Metrologia e Instrumenta\u00e7\u00e3o - Instrumentos de Medi\u00e7\u00e3o, Sensores para Monitoramento e Software para Calibra\u00e7\u00e3o, Ensaio e Inspe\u00e7\u00e3o\",\"description\":\"comercial@auna.com.br || +55 15 9 8129-4041\",\"publisher\":{\"@id\":\"https:\\\/\\\/auna.com.br\\\/auna\\\/#organization\"},\"potentialAction\":[{\"@type\":\"SearchAction\",\"target\":{\"@type\":\"EntryPoint\",\"urlTemplate\":\"https:\\\/\\\/auna.com.br\\\/auna\\\/?s={search_term_string}\"},\"query-input\":{\"@type\":\"PropertyValueSpecification\",\"valueRequired\":true,\"valueName\":\"search_term_string\"}}],\"inLanguage\":\"pt-BR\"},{\"@type\":\"Organization\",\"@id\":\"https:\\\/\\\/auna.com.br\\\/auna\\\/#organization\",\"name\":\"AUNA Metrologia e Instrumenta\u00e7\u00e3o - Instrumentos de Medi\u00e7\u00e3o, Sensores para Monitoramento e Software para Calibra\u00e7\u00e3o, Ensaio e Inspe\u00e7\u00e3o\",\"url\":\"https:\\\/\\\/auna.com.br\\\/auna\\\/\",\"logo\":{\"@type\":\"ImageObject\",\"inLanguage\":\"pt-BR\",\"@id\":\"https:\\\/\\\/auna.com.br\\\/auna\\\/#\\\/schema\\\/logo\\\/image\\\/\",\"url\":\"https:\\\/\\\/auna.com.br\\\/auna\\\/wp-content\\\/uploads\\\/2023\\\/03\\\/cropped-AUNA_Logo_Transparente.png\",\"contentUrl\":\"https:\\\/\\\/auna.com.br\\\/auna\\\/wp-content\\\/uploads\\\/2023\\\/03\\\/cropped-AUNA_Logo_Transparente.png\",\"width\":960,\"height\":430,\"caption\":\"AUNA Metrologia e Instrumenta\u00e7\u00e3o - Instrumentos de Medi\u00e7\u00e3o, Sensores para Monitoramento e Software para Calibra\u00e7\u00e3o, Ensaio e Inspe\u00e7\u00e3o\"},\"image\":{\"@id\":\"https:\\\/\\\/auna.com.br\\\/auna\\\/#\\\/schema\\\/logo\\\/image\\\/\"}}]}<\/script>\n<!-- \/ Yoast SEO plugin. -->","yoast_head_json":{"title":"U1242C - AUNA Metrologia e Instrumenta\u00e7\u00e3o - Instrumentos de Medi\u00e7\u00e3o, Sensores para Monitoramento e Software para Calibra\u00e7\u00e3o, Ensaio e Inspe\u00e7\u00e3o","robots":{"index":"index","follow":"follow","max-snippet":"max-snippet:-1","max-image-preview":"max-image-preview:large","max-video-preview":"max-video-preview:-1"},"canonical":"https:\/\/auna.com.br\/auna\/produto\/u1242c\/","og_locale":"pt_BR","og_type":"article","og_title":"U1242C - AUNA Metrologia e Instrumenta\u00e7\u00e3o - Instrumentos de Medi\u00e7\u00e3o, Sensores para Monitoramento e Software para Calibra\u00e7\u00e3o, Ensaio e Inspe\u00e7\u00e3o","og_description":"U1242C Mult\u00edmetro digital de m\u00e3o de 4 d\u00edgitos, IP67 A S\u00e9rie U1240C de mult\u00edmetros digitais de m\u00e3o s\u00e3o robustos para uso dos t\u00e9cnicos ou engenheiros de teste industriais que utilizam DMM&#8217;s para realizar seus trabalhos com seguran\u00e7a e efici\u00eancia. Projetado para usu\u00e1rios de port\u00e1teis que trabalham em v\u00e1rios ambientes, a s\u00e9rie U1240C \u00e9 certificada para [&hellip;]","og_url":"https:\/\/auna.com.br\/auna\/produto\/u1242c\/","og_site_name":"AUNA Metrologia e Instrumenta\u00e7\u00e3o - Instrumentos de Medi\u00e7\u00e3o, Sensores para Monitoramento e Software para Calibra\u00e7\u00e3o, Ensaio e Inspe\u00e7\u00e3o","article_modified_time":"2022-04-22T17:46:34+00:00","og_image":[{"width":400,"height":400,"url":"https:\/\/auna.com.br\/auna\/wp-content\/uploads\/2019\/06\/u1241c.jpg","type":"image\/jpeg"}],"twitter_card":"summary_large_image","twitter_misc":{"Est. tempo de leitura":"1 minuto"},"schema":{"@context":"https:\/\/schema.org","@graph":[{"@type":"WebPage","@id":"https:\/\/auna.com.br\/auna\/produto\/u1242c\/","url":"https:\/\/auna.com.br\/auna\/produto\/u1242c\/","name":"U1242C - AUNA Metrologia e Instrumenta\u00e7\u00e3o - Instrumentos de Medi\u00e7\u00e3o, Sensores para Monitoramento e Software para Calibra\u00e7\u00e3o, Ensaio e Inspe\u00e7\u00e3o","isPartOf":{"@id":"https:\/\/auna.com.br\/auna\/#website"},"primaryImageOfPage":{"@id":"https:\/\/auna.com.br\/auna\/produto\/u1242c\/#primaryimage"},"image":{"@id":"https:\/\/auna.com.br\/auna\/produto\/u1242c\/#primaryimage"},"thumbnailUrl":"https:\/\/auna.com.br\/auna\/wp-content\/uploads\/2019\/06\/u1241c.jpg","datePublished":"2019-06-11T03:47:52+00:00","dateModified":"2022-04-22T17:46:34+00:00","breadcrumb":{"@id":"https:\/\/auna.com.br\/auna\/produto\/u1242c\/#breadcrumb"},"inLanguage":"pt-BR","potentialAction":[{"@type":"ReadAction","target":["https:\/\/auna.com.br\/auna\/produto\/u1242c\/"]}]},{"@type":"ImageObject","inLanguage":"pt-BR","@id":"https:\/\/auna.com.br\/auna\/produto\/u1242c\/#primaryimage","url":"https:\/\/auna.com.br\/auna\/wp-content\/uploads\/2019\/06\/u1241c.jpg","contentUrl":"https:\/\/auna.com.br\/auna\/wp-content\/uploads\/2019\/06\/u1241c.jpg","width":400,"height":400},{"@type":"BreadcrumbList","@id":"https:\/\/auna.com.br\/auna\/produto\/u1242c\/#breadcrumb","itemListElement":[{"@type":"ListItem","position":1,"name":"In\u00edcio","item":"https:\/\/auna.com.br\/auna\/"},{"@type":"ListItem","position":2,"name":"Instrumentos","item":"https:\/\/auna.com.br\/auna\/loja\/"},{"@type":"ListItem","position":3,"name":"U1242C"}]},{"@type":"WebSite","@id":"https:\/\/auna.com.br\/auna\/#website","url":"https:\/\/auna.com.br\/auna\/","name":"AUNA Metrologia e Instrumenta\u00e7\u00e3o - Instrumentos de Medi\u00e7\u00e3o, Sensores para Monitoramento e Software para Calibra\u00e7\u00e3o, Ensaio e Inspe\u00e7\u00e3o","description":"comercial@auna.com.br || +55 15 9 8129-4041","publisher":{"@id":"https:\/\/auna.com.br\/auna\/#organization"},"potentialAction":[{"@type":"SearchAction","target":{"@type":"EntryPoint","urlTemplate":"https:\/\/auna.com.br\/auna\/?s={search_term_string}"},"query-input":{"@type":"PropertyValueSpecification","valueRequired":true,"valueName":"search_term_string"}}],"inLanguage":"pt-BR"},{"@type":"Organization","@id":"https:\/\/auna.com.br\/auna\/#organization","name":"AUNA Metrologia e Instrumenta\u00e7\u00e3o - Instrumentos de Medi\u00e7\u00e3o, Sensores para Monitoramento e Software para Calibra\u00e7\u00e3o, Ensaio e Inspe\u00e7\u00e3o","url":"https:\/\/auna.com.br\/auna\/","logo":{"@type":"ImageObject","inLanguage":"pt-BR","@id":"https:\/\/auna.com.br\/auna\/#\/schema\/logo\/image\/","url":"https:\/\/auna.com.br\/auna\/wp-content\/uploads\/2023\/03\/cropped-AUNA_Logo_Transparente.png","contentUrl":"https:\/\/auna.com.br\/auna\/wp-content\/uploads\/2023\/03\/cropped-AUNA_Logo_Transparente.png","width":960,"height":430,"caption":"AUNA Metrologia e Instrumenta\u00e7\u00e3o - Instrumentos de Medi\u00e7\u00e3o, Sensores para Monitoramento e Software para Calibra\u00e7\u00e3o, Ensaio e Inspe\u00e7\u00e3o"},"image":{"@id":"https:\/\/auna.com.br\/auna\/#\/schema\/logo\/image\/"}}]}},"_links":{"self":[{"href":"https:\/\/auna.com.br\/auna\/wp-json\/wp\/v2\/product\/984","targetHints":{"allow":["GET"]}}],"collection":[{"href":"https:\/\/auna.com.br\/auna\/wp-json\/wp\/v2\/product"}],"about":[{"href":"https:\/\/auna.com.br\/auna\/wp-json\/wp\/v2\/types\/product"}],"replies":[{"embeddable":true,"href":"https:\/\/auna.com.br\/auna\/wp-json\/wp\/v2\/comments?post=984"}],"wp:featuredmedia":[{"embeddable":true,"href":"https:\/\/auna.com.br\/auna\/wp-json\/wp\/v2\/media\/983"}],"wp:attachment":[{"href":"https:\/\/auna.com.br\/auna\/wp-json\/wp\/v2\/media?parent=984"}],"wp:term":[{"taxonomy":"product_brand","embeddable":true,"href":"https:\/\/auna.com.br\/auna\/wp-json\/wp\/v2\/product_brand?post=984"},{"taxonomy":"product_cat","embeddable":true,"href":"https:\/\/auna.com.br\/auna\/wp-json\/wp\/v2\/product_cat?post=984"},{"taxonomy":"product_tag","embeddable":true,"href":"https:\/\/auna.com.br\/auna\/wp-json\/wp\/v2\/product_tag?post=984"},{"taxonomy":"wpstream_actors","embeddable":true,"href":"https:\/\/auna.com.br\/auna\/wp-json\/wp\/v2\/wpstream_actors?post=984"},{"taxonomy":"wpstream_category","embeddable":true,"href":"https:\/\/auna.com.br\/auna\/wp-json\/wp\/v2\/wpstream_category?post=984"},{"taxonomy":"wpstream_movie_rating","embeddable":true,"href":"https:\/\/auna.com.br\/auna\/wp-json\/wp\/v2\/wpstream_movie_rating?post=984"}],"curies":[{"name":"wp","href":"https:\/\/api.w.org\/{rel}","templated":true}]}}